{"id":2772,"date":"2024-11-12T09:48:42","date_gmt":"2024-11-12T09:48:42","guid":{"rendered":"https:\/\/vapestornado.com\/?page_id=2772"},"modified":"2024-11-12T09:52:13","modified_gmt":"2024-11-12T09:52:13","slug":"vapestornado-shipping-policy","status":"publish","type":"page","link":"https:\/\/vapestornado.com\/nl\/vapestornado-shipping-policy\/","title":{"rendered":"vapestornado Verzendbeleid"},"content":{"rendered":"<ol class=\"wp-block-list\">\n<li><strong>Verwerking en verzendtijden:<\/strong><br>Bestellingen worden binnen 1-3 werkdagen verwerkt en verzonden. Levertijden vari\u00ebren doorgaans van 7-15 werkdagen. Houd er rekening mee dat we niet in het weekend verzenden.<\/li>\n\n\n\n<li><strong>Volginformatie:<\/strong><br>Zodra uw bestelling is verzonden, ontvangt u een e-mail met trackinginformatie. Volg uw zending met behulp van het verstrekte trackingnummer op <a href=\"https:\/\/www.17track.net\/en\" target=\"_blank\" rel=\"noopener\">https:\/\/www.17track.net\/en<\/a>. Sta 1-2 dagen na verzending toe voordat trackingupdates verschijnen.<\/li>\n\n\n\n<li><strong>Bestelling annuleren of adreswijzigingen:<\/strong><br>U kunt het verzendadres op elk moment annuleren of bijwerken voordat uw bestelling wordt verzonden. Zodra het echter is verzonden, kunnen we geen terugbetalingen of adreswijzigingen verwerken.<\/li>\n\n\n\n<li><strong>Delivery Duty Paid (DDP) Verzending:<\/strong><br>Voor bepaalde landen bieden we DDP-verzending aan, wat betekent dat u geen douane-inklaring hoeft af te handelen of invoerrechten hoeft te betalen.<ul><li><strong>Nederland<\/strong> \u2013 UPS Express<\/li><li><strong>UK<\/strong> \u2013 Lokale DPD Express<\/li><li><strong>Europa<\/strong> \u2013 UPS Express\/DPD Express\/DHL Express<\/li><\/ul><strong>Landen die in Europa in aanmerking komen voor DDP<\/strong> zijn: Duitsland, Belgi\u00eb, Luxemburg, Nederland, Tsjechi\u00eb, Polen, Kroati\u00eb, Slowakije, Sloveni\u00eb, Finland, Denemarken, Zweden, Oostenrijk, Frankrijk, Itali\u00eb, Hongarije, Bulgarije, Litouwen, Estland, Letland, Griekenland, Ierland, Portugal en Spanje.<\/li>\n\n\n\n<li><strong>Let op:<\/strong> Voor zendingen naar Finland, Zweden, Denemarken, Noorwegen, IJsland, Zwitserland en Servi\u00eb bestaat er een risico op secundaire douane-inklaring. Als goederen tijdens de inspectie door de lokale douane in beslag worden genomen, dekt de douane-inklaring verzekering het verlies niet.<\/li>\n<\/ol>\n\n\n\n<p>Bedankt dat u voor vapestornado hebt gekozen voor uw vaping behoeften!<\/p>\n\n\n\n<hr class=\"wp-block-separator has-alpha-channel-opacity\"\/>\n\n\n\n<p><strong>Puff verzendtijden voor specifieke landen<\/strong><\/p>\n\n\n\n<figure class=\"wp-block-table\"><table class=\"has-fixed-layout\"><thead><tr><th>Land<\/th><th>Verzendmethode<\/th><th>Verzendtijd<\/th><\/tr><\/thead><tbody><tr><td>Nederland<\/td><td>Lokale UPS Grond<\/td><td>10-15 dagen<\/td><\/tr><tr><td>UK<\/td><td>Lokale DPD Express<\/td><td>7-12 dagen<\/td><\/tr><tr><td>Duitsland<\/td><td>UPS\/DPD\/DHL<\/td><td>8-13 dagen<\/td><\/tr><tr><td>Frankrijk<\/td><td>UPS\/DPD\/DHL<\/td><td>8-13 dagen<\/td><\/tr><tr><td>Belgi\u00eb<\/td><td>UPS\/DPD\/DHL<\/td><td>8-13 dagen<\/td><\/tr><tr><td>Luxemburg<\/td><td>UPS\/DPD\/DHL<\/td><td>8-13 dagen<\/td><\/tr><tr><td>Nederland<\/td><td>UPS\/DPD\/DHL<\/td><td>8-13 dagen<\/td><\/tr><tr><td>Tsjechi\u00eb<\/td><td>UPS\/DPD\/DHL<\/td><td>8-13 dagen<\/td><\/tr><tr><td>Polen<\/td><td>UPS\/DPD\/DHL<\/td><td>8-13 dagen<\/td><\/tr><tr><td>Kroati\u00eb<\/td><td>UPS\/DPD\/DHL<\/td><td>8-13 dagen<\/td><\/tr><tr><td>Slowakije<\/td><td>UPS\/DPD\/DHL<\/td><td>8-13 dagen<\/td><\/tr><tr><td>Sloveni\u00eb<\/td><td>UPS\/DPD\/DHL<\/td><td>8-13 dagen<\/td><\/tr><tr><td>Finland<\/td><td>UPS\/DPD\/DHL<\/td><td>8-13 dagen<\/td><\/tr><tr><td>Denemarken<\/td><td>UPS\/DPD\/DHL<\/td><td>8-13 dagen<\/td><\/tr><tr><td>Zweden<\/td><td>UPS\/DPD\/DHL<\/td><td>8-13 dagen<\/td><\/tr><tr><td>Oostenrijk<\/td><td>UPS\/DPD\/DHL<\/td><td>8-13 dagen<\/td><\/tr><tr><td>Itali\u00eb<\/td><td>UPS\/DPD\/DHL<\/td><td>8-13 dagen<\/td><\/tr><tr><td>Hongarije<\/td><td>UPS\/DPD\/DHL<\/td><td>8-13 dagen<\/td><\/tr><tr><td>Litouwen<\/td><td>UPS\/DPD\/DHL<\/td><td>8-13 dagen<\/td><\/tr><tr><td>Estland<\/td><td>UPS\/DPD\/DHL<\/td><td>8-13 dagen<\/td><\/tr><tr><td>Letland<\/td><td>UPS\/DPD\/DHL<\/td><td>8-13 dagen<\/td><\/tr><tr><td>Griekenland<\/td><td>UPS\/DPD\/DHL<\/td><td>8-13 dagen<\/td><\/tr><tr><td>Ierland<\/td><td>UPS\/DPD\/DHL<\/td><td>8-13 dagen<\/td><\/tr><tr><td>Portugal<\/td><td>UPS\/DPD\/DHL<\/td><td>8-13 dagen<\/td><\/tr><tr><td>Spanje<\/td><td>UPS\/DPD\/DHL<\/td><td>8-13 dagen<\/td><\/tr><tr><td>VAE (Dubai)<\/td><td>Speciale lijn voor Dubai<\/td><td>12-18 dagen<\/td><\/tr><tr><td>Zuid-Afrika<\/td><td>Zuid-Afrika speciale lijn<\/td><td>15-25 dagen<\/td><\/tr><tr><td>Vietnam<\/td><td>Vietnam speciale lijn<\/td><td>3-5 dagen<\/td><\/tr><tr><td>West-Maleisi\u00eb<\/td><td>Maleisi\u00eb speciale lijn<\/td><td>4-8 dagen<\/td><\/tr><\/tbody><\/table><\/figure>\n\n\n\n<p><\/p>","protected":false},"excerpt":{"rendered":"<p>Bedankt dat u voor vapestornado hebt gekozen voor uw vaping behoeften! Puff verzendtijden voor specifieke landen Land Verzendmethode Verzendtijd Nederland Lokale UPS Grond 8-13 dagen Verenigd Koninkrijk Lokale DPD Express 7-12 dagen Duitsland UPS\/DPD\/DHL 8-13 dagen Frankrijk UPS\/DPD\/DHL 8-13 dagen Belgi\u00eb UPS\/DPD\/DHL 8-13 dagen Luxemburg UPS\/DPD\/DHL 8-13 dagen Nederland UPS\/DPD\/DHL 8-13 dagen Tsjechi\u00eb UPS\/DPD\/DHL [\u2026]<\/p>","protected":false},"author":1,"featured_media":0,"parent":0,"menu_order":0,"comment_status":"closed","ping_status":"closed","template":"","meta":{"_acf_changed":false,"_uag_custom_page_level_css":"","_lmt_disableupdate":"","_lmt_disable":"","_monsterinsights_skip_tracking":false,"_monsterinsights_sitenote_active":false,"_monsterinsights_sitenote_note":"","_monsterinsights_sitenote_category":0,"site-sidebar-layout":"default","site-content-layout":"","ast-site-content-layout":"default","site-content-style":"default","site-sidebar-style":"default","ast-global-header-display":"","ast-banner-title-visibility":"","ast-main-header-display":"","ast-hfb-above-header-display":"","ast-hfb-below-header-display":"","ast-hfb-mobile-header-display":"","site-post-title":"","ast-breadcrumbs-content":"","ast-featured-img":"","footer-sml-layout":"","ast-disable-related-posts":"","theme-transparent-header-meta":"","adv-header-id-meta":"","stick-header-meta":"","header-above-stick-meta":"","header-main-stick-meta":"","header-below-stick-meta":"","astra-migrate-meta-layouts":"set","ast-page-background-enabled":"default","ast-page-background-meta":{"desktop":{"background-color":"","background-image":"","background-repeat":"repeat","background-position":"center center","background-size":"auto","background-attachment":"scroll","background-type":"","background-media":"","overlay-type":"","overlay-color":"","overlay-opacity":"","overlay-gradient":""},"tablet":{"background-color":"","background-image":"","background-repeat":"repeat","background-position":"center center","background-size":"auto","background-attachment":"scroll","background-type":"","background-media":"","overlay-type":"","overlay-color":"","overlay-opacity":"","overlay-gradient":""},"mobile":{"background-color":"","background-image":"","background-repeat":"repeat","background-position":"center center","background-size":"auto","background-attachment":"scroll","background-type":"","background-media":"","overlay-type":"","overlay-color":"","overlay-opacity":"","overlay-gradient":""}},"ast-content-background-meta":{"desktop":{"background-color":"var(--ast-global-color-5)","background-image":"","background-repeat":"repeat","background-position":"center center","background-size":"auto","background-attachment":"scroll","background-type":"","background-media":"","overlay-type":"","overlay-color":"","overlay-opacity":"","overlay-gradient":""},"tablet":{"background-color":"var(--ast-global-color-5)","background-image":"","background-repeat":"repeat","background-position":"center center","background-size":"auto","background-attachment":"scroll","background-type":"","background-media":"","overlay-type":"","overlay-color":"","overlay-opacity":"","overlay-gradient":""},"mobile":{"background-color":"var(--ast-global-color-5)","background-image":"","background-repeat":"repeat","background-position":"center center","background-size":"auto","background-attachment":"scroll","background-type":"","background-media":"","overlay-type":"","overlay-color":"","overlay-opacity":"","overlay-gradient":""}},"_joinchat":[],"footnotes":""},"class_list":["post-2772","page","type-page","status-publish","hentry"],"acf":[],"uagb_featured_image_src":{"full":false,"thumbnail":false,"medium":false,"medium_large":false,"large":false,"1536x1536":false,"2048x2048":false,"trp-custom-language-flag":false,"woocommerce_thumbnail":false,"woocommerce_single":false,"woocommerce_gallery_thumbnail":false},"uagb_author_info":{"display_name":"yannazhan@gmail.com","author_link":"https:\/\/vapestornado.com\/nl\/author\/yannazhangmail-com\/"},"uagb_comment_info":0,"uagb_excerpt":"Thank you for choosing vapestornado for your vaping needs! Puff Shipping Times for Specific Countries Country Shipping Method Shipping Time USA Local UPS Ground 10-15 Days UK Local DPD Express 7-12 Days Germany UPS\/DPD\/DHL 8-13 Days France UPS\/DPD\/DHL 8-13 Days Belgium UPS\/DPD\/DHL 8-13 Days Luxembourg UPS\/DPD\/DHL 8-13 Days Netherlands UPS\/DPD\/DHL 8-13 Days Czech Republic UPS\/DPD\/DHL&hellip;","_links":{"self":[{"href":"https:\/\/vapestornado.com\/nl\/wp-json\/wp\/v2\/pages\/2772","targetHints":{"allow":["GET"]}}],"collection":[{"href":"https:\/\/vapestornado.com\/nl\/wp-json\/wp\/v2\/pages"}],"about":[{"href":"https:\/\/vapestornado.com\/nl\/wp-json\/wp\/v2\/types\/page"}],"author":[{"embeddable":true,"href":"https:\/\/vapestornado.com\/nl\/wp-json\/wp\/v2\/users\/1"}],"replies":[{"embeddable":true,"href":"https:\/\/vapestornado.com\/nl\/wp-json\/wp\/v2\/comments?post=2772"}],"version-history":[{"count":3,"href":"https:\/\/vapestornado.com\/nl\/wp-json\/wp\/v2\/pages\/2772\/revisions"}],"predecessor-version":[{"id":2775,"href":"https:\/\/vapestornado.com\/nl\/wp-json\/wp\/v2\/pages\/2772\/revisions\/2775"}],"wp:attachment":[{"href":"https:\/\/vapestornado.com\/nl\/wp-json\/wp\/v2\/media?parent=2772"}],"curies":[{"name":"wp","href":"https:\/\/api.w.org\/{rel}","templated":true}]}}