{"id":4858,"date":"2026-02-04T08:09:21","date_gmt":"2026-02-04T08:09:21","guid":{"rendered":"https:\/\/vapestornado.com\/?post_type=product&#038;p=4858"},"modified":"2026-02-04T08:17:33","modified_gmt":"2026-02-04T08:17:33","slug":"bang-box-160k-puff-160000-new-long-lasting-disposable-vaper-4-in-1-flavor","status":"publish","type":"product","link":"https:\/\/vapestornado.com\/lv\/product\/bang-box-160k-puff-160000-new-long-lasting-disposable-vaper-4-in-1-flavor\/","title":{"rendered":"BANG BOX 160k P\u016b\u0161\u013ci 160000 Jauns Ilgsto\u0161s Vienreiz\u0113js Vape ar Gar\u0161u 4 in 1"},"content":{"rendered":"<h1 data-start=\"0\" data-end=\"87\">BANG BOX 160k P\u016b\u0161\u013ci 160000 Jauns Ilgsto\u0161s Vienreiz\u0113js Vape ar Gar\u0161u 4 in 1<\/h1>\n<p data-start=\"246\" data-end=\"609\">T\u0101 <strong data-start=\"250\" data-end=\"267\">BANG BOX 160k<\/strong> ir izstr\u0101d\u0101ts pirc\u0113jiem, kuri v\u0113las m\u0113rogu, \u0101trumu un skaidru v\u0113rt\u012bbu. Ar re\u0101lu <strong data-start=\"340\" data-end=\"364\">BANG BOX 160000 p\u016b\u0161\u013cu<\/strong> izvadi, \u0161is <strong data-start=\"378\" data-end=\"392\">vaper 160k<\/strong> izmanto 4\u00d720ml e-\u0161\u0137idruma sist\u0113mu un stabilu re\u017e\u0123a spir\u0101li, lai saglab\u0101tu gar\u0161u konsekventu no pirm\u0101s l\u012bdz p\u0113d\u0113jai ieelpai. Tas ir <strong data-start=\"511\" data-end=\"543\">Ilgsto\u0161s Vienreiz\u0113js Vape<\/strong> izstr\u0101d\u0101ts augstas apgroz\u012bbas plauktiem jebkur\u0101 <strong data-start=\"586\" data-end=\"608\">e cigare\u0161u veikals<\/strong>.<\/p>\n<p data-start=\"611\" data-end=\"1063\">Digit\u0101lais displejs r\u0101da e\u013c\u013cas un akumulatora statusu re\u0101llaik\u0101, samazinot nepareizas lieto\u0161anas un p\u0113c-p\u0101rdo\u0161anas probl\u0113mas. \u0160is <strong data-start=\"720\" data-end=\"758\">650 mAh Type-C uzl\u0101d\u0113jams akumulators<\/strong> ir saska\u0146ots ar \u0161\u0137idruma tilpumu, t\u0101p\u0113c lietot\u0101ji beidz e\u013c\u013cu bez jaudas zuduma. \u0160is <strong data-start=\"840\" data-end=\"868\">4 in 1 regul\u0113jama gar\u0161as<\/strong> dizains \u013cauj klientiem p\u0101rsl\u0113gt profilu p\u0113c piepras\u012bjuma, padarot to par patiesu <strong data-start=\"937\" data-end=\"970\">gar\u0161u p\u0101rsl\u0113g\u0161anas vienreiz\u0113js Vape<\/strong> kas veicina atk\u0101rtotas pirk\u0161anas\u2014vienlaikus saglab\u0101jot <strong data-start=\"1016\" data-end=\"1036\">l\u0113t\u0101m vape cen\u0101m<\/strong> priek\u0161roc\u012bbu vairumtirgot\u0101jiem.<\/p>\n<p data-start=\"1065\" data-end=\"1271\">\u0160is modelis ir paredz\u0113ts ikdienas lietot\u0101jiem vecum\u0101 no 25 l\u012bdz 35 gadiem, kuri r\u016bp\u0113jas par veiktsp\u0113ju, skaidr\u012bbu un izv\u0113li. Ja j\u016bs mekl\u0113jat augstas kapacit\u0101tes vienreizlietojamu, kas p\u0101rdodas \u0101tri un atgrie\u017e maz\u0101k, <strong data-start=\"1240\" data-end=\"1257\">BANG BOX 160k<\/strong> atbilst darbam.<\/p>\n<p data-start=\"1273\" data-end=\"1375\">\u00a0<strong data-start=\"1299\" data-end=\"1375\">Sazinieties ar mums tagad par BANG BOX 160k vairumtirdzniec\u012bbas cen\u0101m.<\/strong><\/p>\n<p><strong><span style=\"color: #ff0000;\">Pievienojiet Eimijas whatsapp, lai sa\u0146emtu pareizu atbildi un iztvaic\u0113t\u0101ja kuponu!<\/span><\/strong><\/p>\n<p><img fetchpriority=\"high\" decoding=\"async\" class=\"size-full wp-image-2932\" src=\"https:\/\/vapestornado.com\/wp-content\/uploads\/2024\/12\/Vape-Wholesale.jpg\" alt=\"Veipu Vairumtirdzniec\u012bba\" width=\"229\" height=\"300\" \/><\/p>\n<h3><a href=\"https:\/\/wa.me\/8617776015835\" target=\"_blank\" rel=\"noopener\"><span style=\"color: #ff0000;\"><strong>WhatsApp: +86 17776015835<\/strong><\/span><\/a><\/h3>\n<h2><strong>BANG BOX 160k p\u016btienu galven\u0101s produkta \u012bpa\u0161\u012bbas<\/strong><\/h2>\n<ul>\n<li data-start=\"1429\" data-end=\"1531\">\n<p data-start=\"1431\" data-end=\"1531\"><strong data-start=\"1431\" data-end=\"1455\">160000 p\u016btienu izn\u0101kums:<\/strong> Augstas kapacit\u0101tes strukt\u016bra atbalsta ilg\u0101kus ciklus un sp\u0113c\u012bgu mazumtirdzniec\u012bbas notur\u012bbu.<\/p>\n<\/li>\n<li data-start=\"1532\" data-end=\"1626\">\n<p data-start=\"1534\" data-end=\"1626\"><strong data-start=\"1534\" data-end=\"1560\">4\u00d720ml E-\u0161\u0137idruma sist\u0113ma:<\/strong> Liels \u0161\u0137idruma daudzums saglab\u0101 gar\u0161as dzi\u013cumu ilg\u0101k\u0101 lieto\u0161an\u0101.<\/p>\n<\/li>\n<li data-start=\"1627\" data-end=\"1697\">\n<p data-start=\"1629\" data-end=\"1697\"><strong data-start=\"1629\" data-end=\"1643\">Sieta spole:<\/strong> Vienm\u0113r\u012bga uzsilde nodro\u0161ina t\u012bru tvaiku un stabilu gar\u0161u.<\/p>\n<\/li>\n<li data-start=\"1698\" data-end=\"1774\">\n<p data-start=\"1700\" data-end=\"1774\"><strong data-start=\"1700\" data-end=\"1720\">Digit\u0101lais displejs:<\/strong> Skaidri e\u013c\u013cas un akumulatora indikatoru r\u0101d\u012bt\u0101ji samazina lietot\u0101ja k\u013c\u016bdas.<\/p>\n<\/li>\n<li data-start=\"1775\" data-end=\"1870\">\n<p data-start=\"1777\" data-end=\"1870\"><strong data-start=\"1777\" data-end=\"1808\">650mAh Type-C uzl\u0101d\u0113jams:<\/strong> Jaudas sist\u0113ma ir izstr\u0101d\u0101ta, lai pabeigtu \u0161\u0137idrumu, nevis agr\u0101k saboj\u0101tos.<\/p>\n<\/li>\n<li data-start=\"1871\" data-end=\"1957\">\n<p data-start=\"1873\" data-end=\"1957\"><strong data-start=\"1873\" data-end=\"1902\">4-in-1 regul\u0113jama gar\u0161a:<\/strong> Vienk\u0101r\u0161a p\u0101rsl\u0113g\u0161ana palielina ikdienas lieto\u0161anu un plauktu pievilc\u012bbu.<\/p>\n<\/li>\n<\/ul>\n<h2 class=\"product-title\"><strong>BANG BOX 160k p\u016btienu gar\u0161u saraksts<\/strong><\/h2>\n<h2 data-start=\"1964\" data-end=\"2014\"><\/h2>\n<ol data-start=\"2016\" data-end=\"2780\">\n<li data-start=\"2016\" data-end=\"2093\">\n<p data-start=\"2019\" data-end=\"2093\">Citronu laima \/ Arb\u016bza ledus \/ Melnais ledus Drakona auglis Zeme\u0146u \/ M\u012blest\u012bba 66<\/p>\n<\/li>\n<li data-start=\"2094\" data-end=\"2171\">\n<p data-start=\"2097\" data-end=\"2171\">Vaniljes Kolas \/ Citrona Persiks \/ Zeme\u0146u \u0136ir\u0161u ledus \/ V\u012bnogu ledus<\/p>\n<\/li>\n<li data-start=\"2172\" data-end=\"2240\">\n<p data-start=\"2175\" data-end=\"2240\">V\u012bnogu ledus \/ L\u012b\u010diju ledus \/ Persiku ogas \/ Kiwijas Pasijas aug\u013ci Guava<\/p>\n<\/li>\n<li data-start=\"2241\" data-end=\"2310\">\n<p data-start=\"2244\" data-end=\"2310\">Arb\u016bza ledus \/ Zeme\u0146u Mango \/ Mellenes ledus \/ G\u0101z\u0113ts \u0137ir\u0161u<\/p>\n<\/li>\n<li data-start=\"2311\" data-end=\"2389\">\n<p data-start=\"2314\" data-end=\"2389\">Zeme\u0146u arb\u016bzs \/ Sarkan\u0101 bumba \/ Juic\u012bgs persika ledus \/ Greipfr\u016bta atsvaidzin\u0101t\u0101js<\/p>\n<\/li>\n<li data-start=\"2390\" data-end=\"2459\">\n<p data-start=\"2393\" data-end=\"2459\">Citronu Limonu \/ Zeme\u0146u Ledus \/ Raspberiju Arb\u016bzs \/ Mango Persiks<\/p>\n<\/li>\n<li data-start=\"2460\" data-end=\"2537\">\n<p data-start=\"2463\" data-end=\"2537\">Sk\u0101bens Mango Anan\u0101sis \/ Citronu Kolas Soda \/ Persiku ogu \/ Zeme\u0146u Ban\u0101ns<\/p>\n<\/li>\n<li data-start=\"2538\" data-end=\"2619\">\n<p data-start=\"2541\" data-end=\"2619\">Zeme\u0146u Mango \/ Zeme\u0146u Vanil\u012bna Kolas \/ Zilais Razz Ledus \/ Zeme\u0146u Kivi<\/p>\n<\/li>\n<li data-start=\"2620\" data-end=\"2699\">\n<p data-start=\"2623\" data-end=\"2699\">\u0136ir\u0161u Cranberry \/ Tr\u012bsk\u0101r\u0161as ogas \/ Zeme\u0146u Pitaja \/ Arb\u016bza Burbulis<\/p>\n<\/li>\n<li data-start=\"2700\" data-end=\"2780\">\n<p data-start=\"2704\" data-end=\"2780\">Zeme\u0146u Arb\u016bzs \/ Roz\u0101 Limond\u0101de \/ Tr\u012bsk\u0101r\u0161s Medusdeva \/ Melnais P\u016b\u0137a Ledus<\/p>\n<\/li>\n<\/ol>\n<figure id=\"attachment_4853\" aria-describedby=\"caption-attachment-4853\" style=\"width: 300px\" class=\"wp-caption alignnone\"><img decoding=\"async\" class=\"size-medium wp-image-4853\" src=\"https:\/\/vapestornado.com\/wp-content\/uploads\/2026\/02\/Bang-Box-160K-Puffs-4-Flavor-Disposable-Vape-Wholesale-300x300.png\" alt=\"Bang Box 160K P\u016b\u0161\u013cu Vienreiz\u0113j\u0101s lieto\u0161anas Vape Vairumtirdzniec\u012bba\" width=\"300\" height=\"300\" srcset=\"https:\/\/vapestornado.com\/wp-content\/uploads\/2026\/02\/Bang-Box-160K-Puffs-4-Flavor-Disposable-Vape-Wholesale-300x300.png 300w, https:\/\/vapestornado.com\/wp-content\/uploads\/2026\/02\/Bang-Box-160K-Puffs-4-Flavor-Disposable-Vape-Wholesale-150x150.png 150w, https:\/\/vapestornado.com\/wp-content\/uploads\/2026\/02\/Bang-Box-160K-Puffs-4-Flavor-Disposable-Vape-Wholesale-768x768.png 768w, https:\/\/vapestornado.com\/wp-content\/uploads\/2026\/02\/Bang-Box-160K-Puffs-4-Flavor-Disposable-Vape-Wholesale-12x12.png 12w, https:\/\/vapestornado.com\/wp-content\/uploads\/2026\/02\/Bang-Box-160K-Puffs-4-Flavor-Disposable-Vape-Wholesale-600x600.png 600w, https:\/\/vapestornado.com\/wp-content\/uploads\/2026\/02\/Bang-Box-160K-Puffs-4-Flavor-Disposable-Vape-Wholesale-100x100.png 100w, https:\/\/vapestornado.com\/wp-content\/uploads\/2026\/02\/Bang-Box-160K-Puffs-4-Flavor-Disposable-Vape-Wholesale.png 800w\" sizes=\"(max-width: 300px) 100vw, 300px\" \/><figcaption id=\"caption-attachment-4853\" class=\"wp-caption-text\">Bang Box 160K P\u016b\u0161\u013cu Vienreiz\u0113j\u0101s lieto\u0161anas Vape Vairumtirdzniec\u012bba<\/figcaption><\/figure>\n<figure id=\"attachment_4854\" aria-describedby=\"caption-attachment-4854\" style=\"width: 300px\" class=\"wp-caption alignnone\"><img decoding=\"async\" class=\"size-medium wp-image-4854\" src=\"https:\/\/vapestornado.com\/wp-content\/uploads\/2026\/02\/Bang-Box-160K-Puffs-4-in-1-Disposable-Vape-Packing-300x300.png\" alt=\"Bang Box 160K P\u016b\u0161\u013cu 4-in-1 Vienreiz\u0113j\u0101s lieto\u0161anas Vape iepakojums\" width=\"300\" height=\"300\" srcset=\"https:\/\/vapestornado.com\/wp-content\/uploads\/2026\/02\/Bang-Box-160K-Puffs-4-in-1-Disposable-Vape-Packing-300x300.png 300w, https:\/\/vapestornado.com\/wp-content\/uploads\/2026\/02\/Bang-Box-160K-Puffs-4-in-1-Disposable-Vape-Packing-150x150.png 150w, https:\/\/vapestornado.com\/wp-content\/uploads\/2026\/02\/Bang-Box-160K-Puffs-4-in-1-Disposable-Vape-Packing-768x768.png 768w, https:\/\/vapestornado.com\/wp-content\/uploads\/2026\/02\/Bang-Box-160K-Puffs-4-in-1-Disposable-Vape-Packing-12x12.png 12w, https:\/\/vapestornado.com\/wp-content\/uploads\/2026\/02\/Bang-Box-160K-Puffs-4-in-1-Disposable-Vape-Packing-600x600.png 600w, https:\/\/vapestornado.com\/wp-content\/uploads\/2026\/02\/Bang-Box-160K-Puffs-4-in-1-Disposable-Vape-Packing-100x100.png 100w, https:\/\/vapestornado.com\/wp-content\/uploads\/2026\/02\/Bang-Box-160K-Puffs-4-in-1-Disposable-Vape-Packing.png 800w\" sizes=\"(max-width: 300px) 100vw, 300px\" \/><figcaption id=\"caption-attachment-4854\" class=\"wp-caption-text\">Bang Box 160K P\u016b\u0161\u013cu 4-in-1 Vienreiz\u0113j\u0101s lieto\u0161anas Vape iepakojums<\/figcaption><\/figure>\n<h2 data-start=\"2787\" data-end=\"2826\">K\u0101p\u0113c Vairumtirgot\u0101ji Izv\u0113las BANG BOX 160k<\/h2>\n<ul data-start=\"2828\" data-end=\"3057\">\n<li data-start=\"2828\" data-end=\"2882\">\n<p data-start=\"2830\" data-end=\"2882\">Maz\u0101k nomai\u0146u pateicoties patiesai ilgm\u016b\u017e\u012bbas dizainam<\/p>\n<\/li>\n<li data-start=\"2883\" data-end=\"2940\">\n<p data-start=\"2885\" data-end=\"2940\">Augst\u0101ka konversija ar gar\u0161u mai\u0146u vien\u0101 ier\u012bc\u0113<\/p>\n<\/li>\n<li data-start=\"2941\" data-end=\"3002\">\n<p data-start=\"2943\" data-end=\"3002\">Zem\u0101ks p\u0113c-p\u0101rdo\u0161anas risks ar redzamiem e\u013c\u013cas un akumulatora l\u012bme\u0146iem<\/p>\n<\/li>\n<li data-start=\"3003\" data-end=\"3057\">\n<p data-start=\"3005\" data-end=\"3057\">Stipra pe\u013c\u0146as atbalsts ar konkur\u0113tsp\u0113j\u012bgu vien\u012bbas cenu<\/p>\n<\/li>\n<\/ul>\n<div class=\"flex-shrink-0 flex flex-col relative items-end\">\n<div class=\"pt-0\">\n<div class=\"gizmo-bot-avatar flex h-8 w-8 items-center justify-center overflow-hidden rounded-full\">\n<div class=\"relative p-1 rounded-sm flex items-center justify-center bg-token-main-surface-primary text-token-text-primary h-8 w-8\">\n<h2 data-start=\"1200\" data-end=\"1487\">Vapes Tornado \u2013 J\u016bsu vairumtirdzniec\u012bbas tie\u0161saistes e-izsmidzin\u0101\u0161anas veikals popul\u0101riem vadiem<\/h2>\n<p data-start=\"72\" data-end=\"396\"><strong data-start=\"72\" data-end=\"89\">Vapes Tornado<\/strong> ir Eiropai orient\u0113ts vairumtirdzniec\u012bbas tie\u0161saistes e-izsmidzin\u0101\u0161anas veikals, kas pied\u0101v\u0101 r\u016bp\u012bgi atlas\u012btu <strong data-start=\"178\" data-end=\"195\">popul\u0101ru vadi<\/strong> profesion\u0101liem pirc\u0113jiem. M\u0113s sadarbojamies ar mazumtirgot\u0101jiem, izplat\u012bt\u0101jiem un tie\u0161saistes veikaliem vis\u0101 Eiropas Savien\u012bb\u0101, kuriem nepiecie\u0161ama stabila pieg\u0101de, skaidra produktu inform\u0101cija un z\u012bmoli, kurus klienti jau atpaz\u012bst un uzticas.<\/p>\n<p data-start=\"398\" data-end=\"687\">M\u0113s sadarbojamies ar uzticamiem z\u012bmoliem, piem\u0113ram, <strong data-start=\"247\" data-end=\"352\"><a href=\"https:\/\/vapestornado.com\/lv\/product\/randm-12000-puffs-fumot-digital-disposable-vape-wholesale-price\/\">Fumot VAPE<\/a>, <a href=\"https:\/\/vapestornado.com\/lv\/product\/original-wga-ultra-35k-35000-puff-rechargeable-crystal-disposable-nicotine-vape-best-discount-price\/\">WGA VAPE<\/a>, <a href=\"https:\/\/vapestornado.com\/lv\/product\/vozol-gear-shisha-25k-25000-puffs-best-dtl-disposable-vape-hookah-cheap-price\/\">VOZOL BAR VAPE<\/a>, <\/strong><strong data-start=\"247\" data-end=\"352\">Elf Bar Vape, WASPE Vape, <a href=\"https:\/\/vapestornado.com\/lv\/product\/uzy-150k-puffs-6-in-1-flavor-switch-disposable-vape-pen-wholesale\/\">UZY Vape<\/a>, Bang Vape, Razz Bar Vape, un Stag Bar Vape<\/strong>, izv\u0113l\u0113ti p\u0113c konsekventas kvalit\u0101tes un sp\u0113c\u012bgas piepras\u012bjuma Eiropas tirg\u016b.<\/p>\n<h4 data-start=\"1080\" data-end=\"1120\">Izstr\u0101d\u0101ts Eiropas vaperu vairumtirdzniec\u012bbai<\/h4>\n<p data-start=\"1121\" data-end=\"1189\">Vapes Tornado ir struktur\u0113ts ap Eiropas vairumtirdzniec\u012bbas pirc\u0113ju patiesaj\u0101m vajadz\u012bb\u0101m:<\/p>\n<ul data-start=\"1190\" data-end=\"1400\">\n<li data-start=\"1190\" data-end=\"1239\">\n<p data-start=\"1192\" data-end=\"1239\">Konkur\u0113tsp\u0113j\u012bgas vairumtirdzniec\u012bbas cenas lielapjom\u0101<\/p>\n<\/li>\n<li data-start=\"1240\" data-end=\"1289\">\n<p data-start=\"1242\" data-end=\"1289\">Skait\u013ci un specifik\u0101cijas skaidri aprakst\u012bti<\/p>\n<\/li>\n<li data-start=\"1290\" data-end=\"1330\">\n<p data-start=\"1292\" data-end=\"1330\">\u0100tra, uzticama Eiropas orient\u0113ta lo\u0123istika<\/p>\n<\/li>\n<li data-start=\"1331\" data-end=\"1400\">\n<p data-start=\"1333\" data-end=\"1400\">Katalogs, kas koncentr\u0113jas uz <strong data-start=\"1356\" data-end=\"1373\">popul\u0101ru vadi<\/strong>, ne p\u0101rpild\u012btiem SKU<\/p>\n<\/li>\n<\/ul>\n<h2 data-start=\"2064\" data-end=\"2115\">BUJ par BANG BOX 160k Vienreiz\u0113jo Vape<\/h2>\n<p data-start=\"3105\" data-end=\"3252\"><strong data-start=\"3105\" data-end=\"3163\">1. Vai BANG BOX 160k ir piem\u0113rots vairumtirdzniec\u012bbas pas\u016bt\u012bjumiem?<\/strong><br data-start=\"3163\" data-end=\"3166\" \/>J\u0101, tas ir izstr\u0101d\u0101ts lielapjoma izplat\u012b\u0161anai ar stabilu veiktsp\u0113ju un zemu atgrie\u0161anas l\u012bmeni.<\/p>\n<p data-start=\"3254\" data-end=\"3377\"><strong data-start=\"3254\" data-end=\"3300\">2. K\u0101 darbojas 4-in-1 gar\u0161u sist\u0113ma?<\/strong><br data-start=\"3300\" data-end=\"3303\" \/>Lietot\u0101ji var p\u0101rsl\u0113gties starp \u010detr\u0101m iepriek\u0161 iestat\u012bt\u0101m gar\u0161\u0101m vien\u0101 ier\u012bc\u0113 bez sajauk\u0161anas.<\/p>\n<p data-start=\"3379\" data-end=\"3502\"><strong data-start=\"3379\" data-end=\"3441\">3. Vai BANG BOX 160000 p\u016b\u0161\u013cu modelis atbalsta uzl\u0101di?<\/strong><br data-start=\"3441\" data-end=\"3444\" \/>J\u0101, tas ietver <strong data-start=\"3463\" data-end=\"3501\">650 mAh Type-C uzl\u0101d\u0113jams akumulators<\/strong>.<\/p>\n<p data-start=\"3504\" data-end=\"3637\"><strong data-start=\"3504\" data-end=\"3558\">4. Kas padara \u0161o par ilgm\u016b\u017e\u012bgu vienreiz\u0113jo vape?<\/strong><br data-start=\"3558\" data-end=\"3561\" \/>Saska\u0146ot\u0101 akumulatora, liel\u0101 e-\u0161\u0137idruma daudzuma un re\u017e\u0123a spir\u0101les kombin\u0101cija pagarina lieto\u0161anas laiku.<\/p>\n<p data-start=\"3639\" data-end=\"3787\"><strong data-start=\"3639\" data-end=\"3707\">5. Vai \u0161is produkts ir piem\u0113rots e-cigaret\u0113m veikal\u0101 Eirop\u0101?<\/strong><br data-start=\"3707\" data-end=\"3710\" \/>J\u0101, t\u0101 skaidrais displejs, augsta jauda un gar\u0161u kl\u0101sts atbilst Eiropas mazumtirdzniec\u012bbas piepras\u012bjumam.<\/p>\n<\/div>\n<\/div>\n<\/div>\n<\/div>","protected":false},"excerpt":{"rendered":"<div class=\"flex max-w-full flex-col grow\">\n<div class=\"min-h-8 text-message relative flex w-full flex-col items-end gap-2 text-start break-words whitespace-normal [.text-message+&amp;]:mt-1\" dir=\"auto\" data-message-author-role=\"assistant\" data-message-id=\"2a9d6edf-5b3a-41c0-afc9-caef2e4c2c3b\" data-message-model-slug=\"gpt-5-2\">\n<div class=\"flex w-full flex-col gap-1 empty:hidden first:pt-[1px]\">\n<div class=\"markdown prose dark:prose-invert w-full break-words light markdown-new-styling\">\n<p data-start=\"4300\" data-end=\"4384\">BANG BOX 160K Vienreiz\u0113js Vape 160000 P\u016b\u0161\u013cu 4-in-1 Gar\u0161u P\u0101rsl\u0113g\u0161ana<br \/>\nBANG BOX 160000 P\u016b\u0161\u013cu Ilgsto\u0161s Vienreiz\u0113js Vape vairumtirdzniec\u012bbai<br \/>\nBANG BOX 160K Gar\u0161u P\u0101rsl\u0113g\u0161anas Vienreiz\u0113js Vape L\u0113ta Cena ES Pieg\u0101de<\/p>\n<\/div>\n<\/div>\n<\/div>\n<\/div>\n<p><strong>Pievienojiet Eimijas WhatsApp, lai sa\u0146emtu prec\u012bzu atbildi un atlaidi!<\/strong><\/p>\n<p><img fetchpriority=\"high\" decoding=\"async\" class=\"size-full wp-image-2932\" src=\"https:\/\/vapestornado.com\/wp-content\/uploads\/2024\/12\/Vape-Wholesale.jpg\" alt=\"Veipu Vairumtirdzniec\u012bba\" width=\"229\" height=\"300\" \/><\/p>\n<h3><a href=\"https:\/\/wa.me\/8617776015835\"><span style=\"color: #ff0000;\"><strong>WhatsApp: +86 17776015835<\/strong><\/span><\/a><\/h3>","protected":false},"featured_media":4857,"comment_status":"open","ping_status":"closed","template":"","meta":{"_acf_changed":false,"_uag_custom_page_level_css":"","_lmt_disableupdate":"no","_lmt_disable":"","_monsterinsights_skip_tracking":false,"_monsterinsights_sitenote_active":false,"_monsterinsights_sitenote_note":"","_monsterinsights_sitenote_category":0,"site-sidebar-layout":"default","site-content-layout":"","ast-site-content-layout":"default","site-content-style":"default","site-sidebar-style":"default","ast-global-header-display":"","ast-banner-title-visibility":"","ast-main-header-display":"","ast-hfb-above-header-display":"","ast-hfb-below-header-display":"","ast-hfb-mobile-header-display":"","site-post-title":"","ast-breadcrumbs-content":"","ast-featured-img":"","footer-sml-layout":"","ast-disable-related-posts":"","theme-transparent-header-meta":"default","adv-header-id-meta":"","stick-header-meta":"","header-above-stick-meta":"","header-main-stick-meta":"","header-below-stick-meta":"","astra-migrate-meta-layouts":"set","ast-page-background-enabled":"default","ast-page-background-meta":{"desktop":{"background-color":"","background-image":"","background-repeat":"repeat","background-position":"center center","background-size":"auto","background-attachment":"scroll","background-type":"","background-media":"","overlay-type":"","overlay-color":"","overlay-opacity":"","overlay-gradient":""},"tablet":{"background-color":"","background-image":"","background-repeat":"repeat","background-position":"center center","background-size":"auto","background-attachment":"scroll","background-type":"","background-media":"","overlay-type":"","overlay-color":"","overlay-opacity":"","overlay-gradient":""},"mobile":{"background-color":"","background-image":"","background-repeat":"repeat","background-position":"center center","background-size":"auto","background-attachment":"scroll","background-type":"","background-media":"","overlay-type":"","overlay-color":"","overlay-opacity":"","overlay-gradient":""}},"ast-content-background-meta":{"desktop":{"background-color":"var(--ast-global-color-5)","background-image":"","background-repeat":"repeat","background-position":"center center","background-size":"auto","background-attachment":"scroll","background-type":"","background-media":"","overlay-type":"","overlay-color":"","overlay-opacity":"","overlay-gradient":""},"tablet":{"background-color":"var(--ast-global-color-5)","background-image":"","background-repeat":"repeat","background-position":"center center","background-size":"auto","background-attachment":"scroll","background-type":"","background-media":"","overlay-type":"","overlay-color":"","overlay-opacity":"","overlay-gradient":""},"mobile":{"background-color":"var(--ast-global-color-5)","background-image":"","background-repeat":"repeat","background-position":"center center","background-size":"auto","background-attachment":"scroll","background-type":"","background-media":"","overlay-type":"","overlay-color":"","overlay-opacity":"","overlay-gradient":""}},"_joinchat":[]},"product_brand":[],"product_cat":[64,152,153,154,156,158,141,492,357,144,146],"product_tag":[576,575,578,426,579,549,580,577],"class_list":{"0":"post-4858","1":"product","2":"type-product","3":"status-publish","4":"has-post-thumbnail","6":"product_cat-bangbox-vape","7":"product_cat-buy-disposable-vapes-in-cermany","8":"product_cat-buy-disposable-vapes-in-italy","9":"product_cat-buy-disposable-vapes-in-netherlands","10":"product_cat-buy-disposable-vapes-in-poland","11":"product_cat-buy-disposable-vapes-in-spain","12":"product_cat-crystal-disposable-vapes","13":"product_cat-eu-warehouse","14":"product_cat-flavor-adjustable-vape","15":"product_cat-low-nicotine-disposable-vapes","16":"product_cat-rechargeable-disposable-vapes","17":"product_tag-bang-box-160000-puff","18":"product_tag-bang-box-160k","19":"product_tag-e-cigarettes-store","20":"product_tag-flavor-switch-disposable-vape","21":"product_tag-long-lasting-disposable-vape","22":"product_tag-vape-cheap-price","23":"product_tag-vape-wholesale-spain","24":"product_tag-vaper-160k","25":"desktop-align-left","26":"tablet-align-left","27":"mobile-align-left","29":"first","30":"instock","31":"sale","32":"shipping-taxable","33":"purchasable","34":"product-type-simple"},"acf":[],"uagb_featured_image_src":{"full":["https:\/\/vapestornado.com\/wp-content\/uploads\/2026\/02\/Bang-Box-160K-Puffs-4-in-1.webp",1000,1000,false],"thumbnail":["https:\/\/vapestornado.com\/wp-content\/uploads\/2026\/02\/Bang-Box-160K-Puffs-4-in-1-150x150.webp",150,150,true],"medium":["https:\/\/vapestornado.com\/wp-content\/uploads\/2026\/02\/Bang-Box-160K-Puffs-4-in-1-300x300.webp",300,300,true],"medium_large":["https:\/\/vapestornado.com\/wp-content\/uploads\/2026\/02\/Bang-Box-160K-Puffs-4-in-1-768x768.webp",768,768,true],"large":["https:\/\/vapestornado.com\/wp-content\/uploads\/2026\/02\/Bang-Box-160K-Puffs-4-in-1.webp",1000,1000,false],"1536x1536":["https:\/\/vapestornado.com\/wp-content\/uploads\/2026\/02\/Bang-Box-160K-Puffs-4-in-1.webp",1000,1000,false],"2048x2048":["https:\/\/vapestornado.com\/wp-content\/uploads\/2026\/02\/Bang-Box-160K-Puffs-4-in-1.webp",1000,1000,false],"trp-custom-language-flag":["https:\/\/vapestornado.com\/wp-content\/uploads\/2026\/02\/Bang-Box-160K-Puffs-4-in-1-12x12.webp",12,12,true],"woocommerce_thumbnail":["https:\/\/vapestornado.com\/wp-content\/uploads\/2026\/02\/Bang-Box-160K-Puffs-4-in-1-300x300.webp",300,300,true],"woocommerce_single":["https:\/\/vapestornado.com\/wp-content\/uploads\/2026\/02\/Bang-Box-160K-Puffs-4-in-1-600x600.webp",600,600,true],"woocommerce_gallery_thumbnail":["https:\/\/vapestornado.com\/wp-content\/uploads\/2026\/02\/Bang-Box-160K-Puffs-4-in-1-100x100.webp",100,100,true]},"uagb_author_info":{"display_name":"ESAMY","author_link":"https:\/\/vapestornado.com\/lv\/author\/"},"uagb_comment_info":0,"uagb_excerpt":"BANG BOX 160K Disposable Vape 160000 Puffs 4-in-1 Flavor Switch BANG BOX 160000 Puff Long Lasting Disposable Vaper for Wholesale BANG BOX 160K Flavor Switch Disposable Vape Cheap Price EU Supply Add Amy's whatsapp to get right reply and discount price! WhatsApp: +86 17776015835","_links":{"self":[{"href":"https:\/\/vapestornado.com\/lv\/wp-json\/wp\/v2\/product\/4858","targetHints":{"allow":["GET"]}}],"collection":[{"href":"https:\/\/vapestornado.com\/lv\/wp-json\/wp\/v2\/product"}],"about":[{"href":"https:\/\/vapestornado.com\/lv\/wp-json\/wp\/v2\/types\/product"}],"replies":[{"embeddable":true,"href":"https:\/\/vapestornado.com\/lv\/wp-json\/wp\/v2\/comments?post=4858"}],"wp:featuredmedia":[{"embeddable":true,"href":"https:\/\/vapestornado.com\/lv\/wp-json\/wp\/v2\/media\/4857"}],"wp:attachment":[{"href":"https:\/\/vapestornado.com\/lv\/wp-json\/wp\/v2\/media?parent=4858"}],"wp:term":[{"taxonomy":"product_brand","embeddable":true,"href":"https:\/\/vapestornado.com\/lv\/wp-json\/wp\/v2\/product_brand?post=4858"},{"taxonomy":"product_cat","embeddable":true,"href":"https:\/\/vapestornado.com\/lv\/wp-json\/wp\/v2\/product_cat?post=4858"},{"taxonomy":"product_tag","embeddable":true,"href":"https:\/\/vapestornado.com\/lv\/wp-json\/wp\/v2\/product_tag?post=4858"}],"curies":[{"name":"wp","href":"https:\/\/api.w.org\/{rel}","templated":true}]}}