{"id":4850,"date":"2026-02-03T03:49:42","date_gmt":"2026-02-03T03:49:42","guid":{"rendered":"https:\/\/vapestornado.com\/?post_type=product&#038;p=4850"},"modified":"2026-02-03T03:57:51","modified_gmt":"2026-02-03T03:57:51","slug":"razz-bar-60k-vapes-wholesaler-60000-puffs-disposable-crystal-vape-eu-fast-shipping","status":"publish","type":"product","link":"https:\/\/vapestornado.com\/lv\/product\/razz-bar-60k-vapes-wholesaler-60000-puffs-disposable-crystal-vape-eu-fast-shipping\/","title":{"rendered":"RAZZ BAR 60K Vape vairumtirgot\u0101js 60000 uzp\u016b\u0161u vienreiz\u0113j\u0101s lieto\u0161anas Crystal Vape ES \u0101tr\u0101 pieg\u0101de"},"content":{"rendered":"<h1 data-start=\"0\" data-end=\"87\">RAZZ BAR 60K Vape vairumtirgot\u0101js \u2013 60000 uzp\u016b\u0161u Crystal vienreiz\u0113j\u0101s lieto\u0161anas Vape ar ES \u0101tro pieg\u0101di<\/h1>\n<p data-start=\"283\" data-end=\"634\">T\u0101 <strong data-start=\"287\" data-end=\"303\">RAZZ BAR 60K<\/strong> ir liela ietilp\u012bba <strong data-start=\"323\" data-end=\"343\">vienreiz\u0113j\u0101s lieto\u0161anas tvaic\u0113t\u0101js<\/strong> izveidots vairumtirgot\u0101jiem un <strong data-start=\"370\" data-end=\"391\">E-cigare\u0161u veikalu<\/strong> pirc\u0113jiem, kuriem nepiecie\u0161ami \u0101tri p\u0101rdodami produkti par <strong data-start=\"434\" data-end=\"449\">l\u0113tu cenu<\/strong> ar stabilu pieg\u0101di. Ar \u012bstu <strong data-start=\"487\" data-end=\"509\">60 000 uzp\u016b\u0161u jaudu<\/strong>, krist\u0101ldzidru korpusu un divu tvert\u0146u sieta sist\u0113mu, \u0161is modelis ir izstr\u0101d\u0101ts, lai konsekventi darbotos vis\u0101 t\u0101 dz\u012bves cikl\u0101.<\/p>\n<p data-start=\"636\" data-end=\"951\">Caursp\u012bd\u012bgais <strong data-start=\"652\" data-end=\"668\">Krist\u0101la Vape<\/strong> korpuss \u013cauj lietot\u0101jiem vien\u0101 mirkl\u012b uzraudz\u012bt e-\u0161\u0137idruma l\u012bmeni, samazinot nepareizu lieto\u0161anu un atgrie\u0161anu mazumtirdzniec\u012bbas l\u012bmen\u012b. Iek\u0161pus\u0113 <strong data-start=\"784\" data-end=\"809\">dubult\u0101 tvertne + sieta spole<\/strong> strukt\u016bra nodro\u0161ina t\u012bru tvaiku un vienm\u0113r\u012bgu gar\u0161u pat ilgsto\u0161u sesiju laik\u0101, padarot <strong data-start=\"898\" data-end=\"916\">RAZZ BAR 60000<\/strong> piem\u0113rotu lietot\u0101jiem, kuri to lieto bie\u017ei.<\/p>\n<p data-start=\"953\" data-end=\"1256\">A <strong data-start=\"955\" data-end=\"986\">650mAh uzl\u0101d\u0113jams akumulators<\/strong> ar <strong data-start=\"992\" data-end=\"1011\">C tipa uzl\u0101de<\/strong> nodro\u0161ina, ka ier\u012bce ilgsto\u0161i kalpo, piln\u012bb\u0101 pat\u0113r\u0113jot e-\u0161\u0137idrumu, izvairoties no bie\u017e\u0101s jaudas samazin\u0101\u0161an\u0101s probl\u0113mas, kas nov\u0113rojama lielu p\u016b\u0161u vienreizlietojamajos. Pieejams <strong data-start=\"1162\" data-end=\"1184\">2% un 5% s\u0101ls nikot\u012bns<\/strong>, tas apmierina galveno ES piepras\u012bjumu, vienlaikus saglab\u0101jot konkur\u0113tsp\u0113j\u012bgas cenas.<\/p>\n<p data-start=\"1258\" data-end=\"1502\">Ar <strong data-start=\"1263\" data-end=\"1315\">Eiropas Savien\u012bbas \u0101tra pieg\u0101de no viet\u0113j\u0101 noliktavas (5\u20137 dienas)<\/strong>, RAZZ BAR 60K pal\u012bdz vairumtirgot\u0101jiem sa\u012bsin\u0101t pieg\u0101des ciklus un samazin\u0101t lo\u0123istikas risku. Tas ir praktisks izv\u0113le izplat\u012bt\u0101jiem, kuri v\u0113las palielin\u0101t apjomu, nezaud\u0113jot uzticam\u012bbu.<\/p>\n<p data-start=\"1504\" data-end=\"1586\"><strong data-start=\"1507\" data-end=\"1586\">Sazinieties ar mums tagad, lai ieg\u016btu RAZZ BAR 60K vairumtirdzniec\u012bbas cenas un pieejam\u012bbu Eiropas noliktav\u0101.<\/strong><\/p>\n<p><strong><span style=\"color: #ff0000;\">Pievienojiet Eimijas whatsapp, lai sa\u0146emtu pareizu atbildi un iztvaic\u0113t\u0101ja kuponu!<\/span><\/strong><\/p>\n<p><img fetchpriority=\"high\" decoding=\"async\" class=\"size-full wp-image-2932\" src=\"https:\/\/vapestornado.com\/wp-content\/uploads\/2024\/12\/Vape-Wholesale.jpg\" alt=\"Veipu Vairumtirdzniec\u012bba\" width=\"229\" height=\"300\" \/><\/p>\n<h3><a href=\"https:\/\/wa.me\/8617776015835\" target=\"_blank\" rel=\"noopener\"><span style=\"color: #ff0000;\"><strong>WhatsApp: +86 17776015835<\/strong><\/span><\/a><\/h3>\n<h2><strong>RAZZ BAR 60K P\u016b\u0161u galven\u0101s \u012bpa\u0161\u012bbas<\/strong><\/h2>\n<ul>\n<li data-start=\"1651\" data-end=\"1751\">\n<p data-start=\"1653\" data-end=\"1751\"><strong data-start=\"1653\" data-end=\"1679\">60 000 P\u016b\u0161u ietilp\u012bba:<\/strong> Izstr\u0101d\u0101ts ilgsto\u0161ai lieto\u0161anai ar stabilu tvaika izvadi no s\u0101kuma l\u012bdz beig\u0101m.<\/p>\n<\/li>\n<li data-start=\"1752\" data-end=\"1857\">\n<p data-start=\"1754\" data-end=\"1857\"><strong data-start=\"1754\" data-end=\"1785\">Krist\u0101la caursp\u012bd\u012bgs dizains:<\/strong> Skaidrs korpuss uzlabo plaukt\u0101 pievilc\u012bbu un \u013cauj viegli p\u0101rbaud\u012bt e-\u0161\u0137idruma l\u012bmeni.<\/p>\n<\/li>\n<li data-start=\"1858\" data-end=\"1955\">\n<p data-start=\"1860\" data-end=\"1955\"><strong data-start=\"1860\" data-end=\"1884\">Divu tvert\u0146u re\u017e\u0123a spole:<\/strong> Nodro\u0161ina gludu tvaiku un konsekventu arom\u0101ta pieg\u0101di ilgsto\u0161as lieto\u0161anas laik\u0101.<\/p>\n<\/li>\n<li data-start=\"1956\" data-end=\"2066\">\n<p data-start=\"1958\" data-end=\"2066\"><strong data-start=\"1958\" data-end=\"1990\">650mAh Uzl\u0101d\u0113jams akumulators:<\/strong> Saska\u0146ota jaudas sist\u0113ma atbalsta pilnu e-\u0161\u0137idruma pat\u0113ri\u0146u bez agr\u012bnas boj\u0101\u0161an\u0101s.<\/p>\n<\/li>\n<li data-start=\"2067\" data-end=\"2153\">\n<p data-start=\"2069\" data-end=\"2153\"><strong data-start=\"2069\" data-end=\"2090\">Eiropas Savien\u012bbas \u0101tra pieg\u0101de:<\/strong> Pieg\u0101de no Eiropas noliktavas 5\u20137 dienu laik\u0101, lai nodro\u0161in\u0101tu \u0101tr\u0101ku apgroz\u012bjumu.<\/p>\n<\/li>\n<\/ul>\n<h2 class=\"product-title\"><strong>RAZZ BAR 60K 60000 P\u016b\u0161u arom\u0101tu saraksts<\/strong><\/h2>\n<ol data-start=\"2189\" data-end=\"2540\">\n<li data-start=\"2189\" data-end=\"2211\">\n<p data-start=\"2192\" data-end=\"2211\">Zeme\u0146u ban\u0101ns<\/p>\n<\/li>\n<li data-start=\"2212\" data-end=\"2232\">\n<p data-start=\"2215\" data-end=\"2232\">Sul\u012bgs persiku ledus<\/p>\n<\/li>\n<li data-start=\"2233\" data-end=\"2247\">\n<p data-start=\"2236\" data-end=\"2247\">Coco Loco<\/p>\n<\/li>\n<li data-start=\"2248\" data-end=\"2272\">\n<p data-start=\"2251\" data-end=\"2272\">Sk\u0101ba Sk\u0101b\u0101 \u0136ir\u0161u<\/p>\n<\/li>\n<li data-start=\"2273\" data-end=\"2290\">\n<p data-start=\"2276\" data-end=\"2290\">Kokvilnas Saldumi<\/p>\n<\/li>\n<li data-start=\"2291\" data-end=\"2306\">\n<p data-start=\"2294\" data-end=\"2306\">L\u0101c\u012b\u0161a gumija<\/p>\n<\/li>\n<li data-start=\"2307\" data-end=\"2332\">\n<p data-start=\"2310\" data-end=\"2332\">Melle\u0146u arb\u016bzs<\/p>\n<\/li>\n<li data-start=\"2333\" data-end=\"2363\">\n<p data-start=\"2336\" data-end=\"2363\">Citronu Persiku Pasijas Aug\u013cu<\/p>\n<\/li>\n<li data-start=\"2364\" data-end=\"2402\">\n<p data-start=\"2367\" data-end=\"2402\">Melnais Ledus Draakona Aug\u013cu Zeme\u0146u<\/p>\n<\/li>\n<li data-start=\"2403\" data-end=\"2422\">\n<p data-start=\"2407\" data-end=\"2422\">Jauktas ogas<\/p>\n<\/li>\n<li data-start=\"2423\" data-end=\"2436\">\n<p data-start=\"2427\" data-end=\"2436\">M\u012blest\u012bba 66<\/p>\n<\/li>\n<li data-start=\"2437\" data-end=\"2458\">\n<p data-start=\"2441\" data-end=\"2458\">Zeme\u0146u kivi<\/p>\n<\/li>\n<li data-start=\"2459\" data-end=\"2479\">\n<p data-start=\"2463\" data-end=\"2479\">Tropu Aug\u013ci<\/p>\n<\/li>\n<li data-start=\"2480\" data-end=\"2509\">\n<p data-start=\"2484\" data-end=\"2509\">Zeme\u0146u Vanil\u012bna Kolas<\/p>\n<\/li>\n<li data-start=\"2510\" data-end=\"2521\">\n<p data-start=\"2514\" data-end=\"2521\">Mango<\/p>\n<\/li>\n<li data-start=\"2522\" data-end=\"2540\">\n<p data-start=\"2526\" data-end=\"2540\">Vasaras Sapnis<\/p>\n<\/li>\n<\/ol>\n<figure id=\"attachment_4848\" aria-describedby=\"caption-attachment-4848\" style=\"width: 228px\" class=\"wp-caption alignnone\"><img decoding=\"async\" class=\"size-medium wp-image-4848\" src=\"https:\/\/vapestornado.com\/wp-content\/uploads\/2026\/01\/RAZZ-BAR-60000-Puffs-Crystal-60K-Mesh-Coil-Disposable-Vape-228x300.webp\" alt=\"RAZZ BAR 60000 P\u016b\u0161\u013ci Krist\u0101la 60K T\u012bkli\u0146a Spole Vienreiz\u0113j\u0101s lieto\u0161anas Vape\" width=\"228\" height=\"300\" srcset=\"https:\/\/vapestornado.com\/wp-content\/uploads\/2026\/01\/RAZZ-BAR-60000-Puffs-Crystal-60K-Mesh-Coil-Disposable-Vape-228x300.webp 228w, https:\/\/vapestornado.com\/wp-content\/uploads\/2026\/01\/RAZZ-BAR-60000-Puffs-Crystal-60K-Mesh-Coil-Disposable-Vape-777x1024.webp 777w, https:\/\/vapestornado.com\/wp-content\/uploads\/2026\/01\/RAZZ-BAR-60000-Puffs-Crystal-60K-Mesh-Coil-Disposable-Vape-768x1013.webp 768w, https:\/\/vapestornado.com\/wp-content\/uploads\/2026\/01\/RAZZ-BAR-60000-Puffs-Crystal-60K-Mesh-Coil-Disposable-Vape-9x12.webp 9w, https:\/\/vapestornado.com\/wp-content\/uploads\/2026\/01\/RAZZ-BAR-60000-Puffs-Crystal-60K-Mesh-Coil-Disposable-Vape-600x791.webp 600w, https:\/\/vapestornado.com\/wp-content\/uploads\/2026\/01\/RAZZ-BAR-60000-Puffs-Crystal-60K-Mesh-Coil-Disposable-Vape.webp 910w\" sizes=\"(max-width: 228px) 100vw, 228px\" \/><figcaption id=\"caption-attachment-4848\" class=\"wp-caption-text\">RAZZ BAR 60000 P\u016b\u0161\u013ci Krist\u0101la 60K T\u012bkli\u0146a Spole Vienreiz\u0113j\u0101s lieto\u0161anas Vape<\/figcaption><\/figure>\n<h2 data-start=\"2547\" data-end=\"2587\">K\u0101p\u0113c vairumtirgot\u0101ji izv\u0113las RAZZBAR 60000<\/h2>\n<ul data-start=\"2589\" data-end=\"2800\">\n<li data-start=\"2589\" data-end=\"2637\">\n<p data-start=\"2591\" data-end=\"2637\">Augsts p\u016b\u0161\u013cu skaits palielina klientu notur\u012bbu<\/p>\n<\/li>\n<li data-start=\"2638\" data-end=\"2689\">\n<p data-start=\"2640\" data-end=\"2689\">Krist\u0101la dizains paaugstina uztveramo v\u0113rt\u012bbu mazumtirdzniec\u012bb\u0101<\/p>\n<\/li>\n<li data-start=\"2690\" data-end=\"2750\">\n<p data-start=\"2692\" data-end=\"2750\">ES noliktavas kr\u0101jumi samazina pieg\u0101des un muitas spiedienu<\/p>\n<\/li>\n<li data-start=\"2751\" data-end=\"2800\">\n<p data-start=\"2753\" data-end=\"2800\">Konkur\u0113tsp\u0113j\u012bgas izmaksas atbalsta lielapjoma pe\u013c\u0146as mar\u017eas<\/p>\n<\/li>\n<\/ul>\n<p>&nbsp;<\/p>\n<div class=\"flex-shrink-0 flex flex-col relative items-end\">\n<div class=\"pt-0\">\n<div class=\"gizmo-bot-avatar flex h-8 w-8 items-center justify-center overflow-hidden rounded-full\">\n<div class=\"relative p-1 rounded-sm flex items-center justify-center bg-token-main-surface-primary text-token-text-primary h-8 w-8\">\n<h2 data-start=\"1200\" data-end=\"1487\">Vapes Tornado \u2013 J\u016bsu vairumtirdzniec\u012bbas tie\u0161saistes e-izsmidzin\u0101\u0161anas veikals popul\u0101riem vadiem<\/h2>\n<p data-start=\"72\" data-end=\"396\"><strong data-start=\"72\" data-end=\"89\">Vapes Tornado<\/strong> ir Eiropai orient\u0113ts vairumtirdzniec\u012bbas tie\u0161saistes e-izsmidzin\u0101\u0161anas veikals, kas pied\u0101v\u0101 r\u016bp\u012bgi atlas\u012btu <strong data-start=\"178\" data-end=\"195\">popul\u0101ru vadi<\/strong> profesion\u0101liem pirc\u0113jiem. M\u0113s sadarbojamies ar mazumtirgot\u0101jiem, izplat\u012bt\u0101jiem un tie\u0161saistes veikaliem vis\u0101 Eiropas Savien\u012bb\u0101, kuriem nepiecie\u0161ama stabila pieg\u0101de, skaidra produktu inform\u0101cija un z\u012bmoli, kurus klienti jau atpaz\u012bst un uzticas.<\/p>\n<p data-start=\"398\" data-end=\"687\">M\u0113s sadarbojamies ar uzticamiem z\u012bmoliem, piem\u0113ram, <strong data-start=\"247\" data-end=\"352\"><a href=\"https:\/\/vapestornado.com\/lv\/product\/randm-12000-puffs-fumot-digital-disposable-vape-wholesale-price\/\">Fumot VAPE<\/a>, <a href=\"https:\/\/vapestornado.com\/lv\/product\/original-wga-ultra-35k-35000-puff-rechargeable-crystal-disposable-nicotine-vape-best-discount-price\/\">WGA VAPE<\/a>, <a href=\"https:\/\/vapestornado.com\/lv\/product\/vozol-gear-shisha-25k-25000-puffs-best-dtl-disposable-vape-hookah-cheap-price\/\">VOZOL BAR VAPE<\/a>, <\/strong><strong data-start=\"247\" data-end=\"352\">Elf Bar Vape, WASPE Vape, <a href=\"https:\/\/vapestornado.com\/lv\/product\/uzy-150k-puffs-6-in-1-flavor-switch-disposable-vape-pen-wholesale\/\">UZY Vape<\/a>, Bang Vape, Razz Bar Vape, un Stag Bar Vape<\/strong>, izv\u0113l\u0113ti p\u0113c konsekventas kvalit\u0101tes un sp\u0113c\u012bgas piepras\u012bjuma Eiropas tirg\u016b.<\/p>\n<h4 data-start=\"1080\" data-end=\"1120\">Izstr\u0101d\u0101ts Eiropas vaperu vairumtirdzniec\u012bbai<\/h4>\n<p data-start=\"1121\" data-end=\"1189\">Vapes Tornado ir struktur\u0113ts ap Eiropas vairumtirdzniec\u012bbas pirc\u0113ju patiesaj\u0101m vajadz\u012bb\u0101m:<\/p>\n<ul data-start=\"1190\" data-end=\"1400\">\n<li data-start=\"1190\" data-end=\"1239\">\n<p data-start=\"1192\" data-end=\"1239\">Konkur\u0113tsp\u0113j\u012bgas vairumtirdzniec\u012bbas cenas lielapjom\u0101<\/p>\n<\/li>\n<li data-start=\"1240\" data-end=\"1289\">\n<p data-start=\"1242\" data-end=\"1289\">Skait\u013ci un specifik\u0101cijas skaidri aprakst\u012bti<\/p>\n<\/li>\n<li data-start=\"1290\" data-end=\"1330\">\n<p data-start=\"1292\" data-end=\"1330\">\u0100tra, uzticama Eiropas orient\u0113ta lo\u0123istika<\/p>\n<\/li>\n<li data-start=\"1331\" data-end=\"1400\">\n<p data-start=\"1333\" data-end=\"1400\">Katalogs, kas koncentr\u0113jas uz <strong data-start=\"1356\" data-end=\"1373\">popul\u0101ru vadi<\/strong>, ne p\u0101rpild\u012btiem SKU<\/p>\n<\/li>\n<\/ul>\n<h2 data-start=\"2064\" data-end=\"2115\">BUJ par RAZZ BAR 60K 60000 P\u016b\u0161\u013ciem Vienreiz\u0113j\u0101s lieto\u0161anas Vape<\/h2>\n<p data-start=\"2847\" data-end=\"2992\"><strong data-start=\"2847\" data-end=\"2910\">1. Vai RAZZ BAR 60K ir piem\u0113rots vairumtirdzniec\u012bbas izplat\u012b\u0161anai?<\/strong><br data-start=\"2910\" data-end=\"2913\" \/>J\u0101, tas ir iepakots <strong data-start=\"2934\" data-end=\"2956\">200 gabali pa kasti<\/strong> un paredz\u0113ts lielapjoma p\u0101rdo\u0161anai.<\/p>\n<p data-start=\"2994\" data-end=\"3119\"><strong data-start=\"2994\" data-end=\"3044\">2. Vai RAZZ BAR 60000 atbalsta uzl\u0101di?<\/strong><br data-start=\"3044\" data-end=\"3047\" \/>J\u0101, tam ir <strong data-start=\"3066\" data-end=\"3097\">650mAh uzl\u0101d\u0113jams akumulators<\/strong> ar Type-C uzl\u0101di.<\/p>\n<p data-start=\"3121\" data-end=\"3218\"><strong data-start=\"3121\" data-end=\"3166\">3. K\u0101di nikot\u012bna stiprumi ir pieejami?<\/strong><br data-start=\"3166\" data-end=\"3169\" \/>Pieejams <strong data-start=\"3182\" data-end=\"3209\">2% un 5% s\u0101ls nikot\u012bns<\/strong> iesp\u0113jas.<\/p>\n<p data-start=\"3220\" data-end=\"3312\"><strong data-start=\"3220\" data-end=\"3251\">4. Cik \u0101tri ir pieg\u0101de uz ES?<\/strong><br data-start=\"3251\" data-end=\"3254\" \/>Pas\u016bt\u012bjumi tiek nos\u016bt\u012bti no ES noliktavas l\u012bdz <strong data-start=\"3291\" data-end=\"3311\">5\u20137 darba dienas<\/strong>.<\/p>\n<p data-start=\"3314\" data-end=\"3479\"><strong data-start=\"3314\" data-end=\"3369\">5. Vai \u0161is modelis ir piem\u0113rots E-cigare\u0161u veikalam?<\/strong><br data-start=\"3369\" data-end=\"3372\" \/>J\u0101, t\u0101 krist\u0101la dizains, ilgs kalpo\u0161anas laiks un gar\u0161u kl\u0101sts padara to ide\u0101lu mazumtirdzniec\u012bbas r\u0101d\u012b\u0161anai un atk\u0101rtotai p\u0101rdo\u0161anai.<\/p>\n<\/div>\n<\/div>\n<\/div>\n<\/div>","protected":false},"excerpt":{"rendered":"<div class=\"flex max-w-full flex-col grow\">\n<div class=\"min-h-8 text-message relative flex w-full flex-col items-end gap-2 text-start break-words whitespace-normal [.text-message+&amp;]:mt-1\" dir=\"auto\" data-message-author-role=\"assistant\" data-message-id=\"2a9d6edf-5b3a-41c0-afc9-caef2e4c2c3b\" data-message-model-slug=\"gpt-5-2\">\n<div class=\"flex w-full flex-col gap-1 empty:hidden first:pt-[1px]\">\n<div class=\"markdown prose dark:prose-invert w-full break-words light markdown-new-styling\">\n<p data-start=\"4300\" data-end=\"4384\">RAZZ BAR 60K Crystal vienreiz\u0113j\u0101s lieto\u0161anas Vape 60000 uzp\u016b\u0161u ES \u0101tr\u0101 pieg\u0101de<br \/>\nRAZZ BAR 60000 vienreiz\u0113j\u0101s lieto\u0161anas tvaic\u0113t\u0101js par zemu cenu vairumtirgot\u0101jiem<br \/>\nRAZZ BAR 60K e-cigare\u0161u vairumtirdzniec\u012bbas pieg\u0101de no ES noliktavas<\/p>\n<\/div>\n<\/div>\n<\/div>\n<\/div>\n<p><strong>Pievienojiet Eimijas WhatsApp, lai sa\u0146emtu prec\u012bzu atbildi un atlaidi!<\/strong><\/p>\n<p><img fetchpriority=\"high\" decoding=\"async\" class=\"size-full wp-image-2932\" src=\"https:\/\/vapestornado.com\/wp-content\/uploads\/2024\/12\/Vape-Wholesale.jpg\" alt=\"Veipu Vairumtirdzniec\u012bba\" width=\"229\" height=\"300\" \/><\/p>\n<h3><a href=\"https:\/\/wa.me\/8617776015835\"><span style=\"color: #ff0000;\"><strong>WhatsApp: +86 17776015835<\/strong><\/span><\/a><\/h3>","protected":false},"featured_media":4849,"comment_status":"open","ping_status":"closed","template":"","meta":{"_acf_changed":false,"_uag_custom_page_level_css":"","_lmt_disableupdate":"no","_lmt_disable":"","_monsterinsights_skip_tracking":false,"_monsterinsights_sitenote_active":false,"_monsterinsights_sitenote_note":"","_monsterinsights_sitenote_category":0,"site-sidebar-layout":"default","site-content-layout":"","ast-site-content-layout":"default","site-content-style":"default","site-sidebar-style":"default","ast-global-header-display":"","ast-banner-title-visibility":"","ast-main-header-display":"","ast-hfb-above-header-display":"","ast-hfb-below-header-display":"","ast-hfb-mobile-header-display":"","site-post-title":"","ast-breadcrumbs-content":"","ast-featured-img":"","footer-sml-layout":"","ast-disable-related-posts":"","theme-transparent-header-meta":"default","adv-header-id-meta":"","stick-header-meta":"","header-above-stick-meta":"","header-main-stick-meta":"","header-below-stick-meta":"","astra-migrate-meta-layouts":"set","ast-page-background-enabled":"default","ast-page-background-meta":{"desktop":{"background-color":"","background-image":"","background-repeat":"repeat","background-position":"center center","background-size":"auto","background-attachment":"scroll","background-type":"","background-media":"","overlay-type":"","overlay-color":"","overlay-opacity":"","overlay-gradient":""},"tablet":{"background-color":"","background-image":"","background-repeat":"repeat","background-position":"center center","background-size":"auto","background-attachment":"scroll","background-type":"","background-media":"","overlay-type":"","overlay-color":"","overlay-opacity":"","overlay-gradient":""},"mobile":{"background-color":"","background-image":"","background-repeat":"repeat","background-position":"center center","background-size":"auto","background-attachment":"scroll","background-type":"","background-media":"","overlay-type":"","overlay-color":"","overlay-opacity":"","overlay-gradient":""}},"ast-content-background-meta":{"desktop":{"background-color":"var(--ast-global-color-5)","background-image":"","background-repeat":"repeat","background-position":"center center","background-size":"auto","background-attachment":"scroll","background-type":"","background-media":"","overlay-type":"","overlay-color":"","overlay-opacity":"","overlay-gradient":""},"tablet":{"background-color":"var(--ast-global-color-5)","background-image":"","background-repeat":"repeat","background-position":"center center","background-size":"auto","background-attachment":"scroll","background-type":"","background-media":"","overlay-type":"","overlay-color":"","overlay-opacity":"","overlay-gradient":""},"mobile":{"background-color":"var(--ast-global-color-5)","background-image":"","background-repeat":"repeat","background-position":"center center","background-size":"auto","background-attachment":"scroll","background-type":"","background-media":"","overlay-type":"","overlay-color":"","overlay-opacity":"","overlay-gradient":""}},"_joinchat":[]},"product_brand":[],"product_cat":[343,149,152,153,154,156,141,492,144,146],"product_tag":[572,120,368,571,573,570,569,568,574],"class_list":{"0":"post-4850","1":"product","2":"type-product","3":"status-publish","4":"has-post-thumbnail","6":"product_cat-60000-puff","7":"product_cat-buy-disposable-vapes-in-austria","8":"product_cat-buy-disposable-vapes-in-cermany","9":"product_cat-buy-disposable-vapes-in-italy","10":"product_cat-buy-disposable-vapes-in-netherlands","11":"product_cat-buy-disposable-vapes-in-poland","12":"product_cat-crystal-disposable-vapes","13":"product_cat-eu-warehouse","14":"product_cat-low-nicotine-disposable-vapes","15":"product_cat-rechargeable-disposable-vapes","16":"product_tag-cheap-price","17":"product_tag-crystal-vape","18":"product_tag-disposable-vapor","19":"product_tag-e-cigarette","20":"product_tag-e-cigarette-store","21":"product_tag-eu-fast-shipping","22":"product_tag-razz-bar-60000","23":"product_tag-razz-bar-60k","24":"product_tag-vape-wholesale-germany","25":"desktop-align-left","26":"tablet-align-left","27":"mobile-align-left","29":"first","30":"instock","31":"sale","32":"shipping-taxable","33":"purchasable","34":"product-type-simple"},"acf":[],"uagb_featured_image_src":{"full":["https:\/\/vapestornado.com\/wp-content\/uploads\/2026\/01\/RAZZ-BAR-Crystal-60k-Disposable-Vape-Wholesale.webp",800,800,false],"thumbnail":["https:\/\/vapestornado.com\/wp-content\/uploads\/2026\/01\/RAZZ-BAR-Crystal-60k-Disposable-Vape-Wholesale-150x150.webp",150,150,true],"medium":["https:\/\/vapestornado.com\/wp-content\/uploads\/2026\/01\/RAZZ-BAR-Crystal-60k-Disposable-Vape-Wholesale-300x300.webp",300,300,true],"medium_large":["https:\/\/vapestornado.com\/wp-content\/uploads\/2026\/01\/RAZZ-BAR-Crystal-60k-Disposable-Vape-Wholesale-768x768.webp",768,768,true],"large":["https:\/\/vapestornado.com\/wp-content\/uploads\/2026\/01\/RAZZ-BAR-Crystal-60k-Disposable-Vape-Wholesale.webp",800,800,false],"1536x1536":["https:\/\/vapestornado.com\/wp-content\/uploads\/2026\/01\/RAZZ-BAR-Crystal-60k-Disposable-Vape-Wholesale.webp",800,800,false],"2048x2048":["https:\/\/vapestornado.com\/wp-content\/uploads\/2026\/01\/RAZZ-BAR-Crystal-60k-Disposable-Vape-Wholesale.webp",800,800,false],"trp-custom-language-flag":["https:\/\/vapestornado.com\/wp-content\/uploads\/2026\/01\/RAZZ-BAR-Crystal-60k-Disposable-Vape-Wholesale-12x12.webp",12,12,true],"woocommerce_thumbnail":["https:\/\/vapestornado.com\/wp-content\/uploads\/2026\/01\/RAZZ-BAR-Crystal-60k-Disposable-Vape-Wholesale-300x300.webp",300,300,true],"woocommerce_single":["https:\/\/vapestornado.com\/wp-content\/uploads\/2026\/01\/RAZZ-BAR-Crystal-60k-Disposable-Vape-Wholesale-600x600.webp",600,600,true],"woocommerce_gallery_thumbnail":["https:\/\/vapestornado.com\/wp-content\/uploads\/2026\/01\/RAZZ-BAR-Crystal-60k-Disposable-Vape-Wholesale-100x100.webp",100,100,true]},"uagb_author_info":{"display_name":"ESAMY","author_link":"https:\/\/vapestornado.com\/lv\/author\/"},"uagb_comment_info":0,"uagb_excerpt":"RAZZ BAR 60K Crystal Disposable Vape 60000 Puffs EU Fast Shipping RAZZ BAR 60000 Disposable Vapor Cheap Price for Wholesalers RAZZ BAR 60K E-cigarette Bulk Supply from EU Warehouse Add Amy's whatsapp to get right reply and discount price! WhatsApp: +86 17776015835","_links":{"self":[{"href":"https:\/\/vapestornado.com\/lv\/wp-json\/wp\/v2\/product\/4850","targetHints":{"allow":["GET"]}}],"collection":[{"href":"https:\/\/vapestornado.com\/lv\/wp-json\/wp\/v2\/product"}],"about":[{"href":"https:\/\/vapestornado.com\/lv\/wp-json\/wp\/v2\/types\/product"}],"replies":[{"embeddable":true,"href":"https:\/\/vapestornado.com\/lv\/wp-json\/wp\/v2\/comments?post=4850"}],"wp:featuredmedia":[{"embeddable":true,"href":"https:\/\/vapestornado.com\/lv\/wp-json\/wp\/v2\/media\/4849"}],"wp:attachment":[{"href":"https:\/\/vapestornado.com\/lv\/wp-json\/wp\/v2\/media?parent=4850"}],"wp:term":[{"taxonomy":"product_brand","embeddable":true,"href":"https:\/\/vapestornado.com\/lv\/wp-json\/wp\/v2\/product_brand?post=4850"},{"taxonomy":"product_cat","embeddable":true,"href":"https:\/\/vapestornado.com\/lv\/wp-json\/wp\/v2\/product_cat?post=4850"},{"taxonomy":"product_tag","embeddable":true,"href":"https:\/\/vapestornado.com\/lv\/wp-json\/wp\/v2\/product_tag?post=4850"}],"curies":[{"name":"wp","href":"https:\/\/api.w.org\/{rel}","templated":true}]}}