{"id":4842,"date":"2026-01-24T09:54:19","date_gmt":"2026-01-24T09:54:19","guid":{"rendered":"https:\/\/vapestornado.com\/?post_type=product&#038;p=4842"},"modified":"2026-01-24T10:03:36","modified_gmt":"2026-01-24T10:03:36","slug":"aivono-avn-mate-120k-puffs-double-flaovr-disposable-e-cigarette-adjust-flavor","status":"publish","type":"product","link":"https:\/\/vapestornado.com\/lv\/product\/aivono-avn-mate-120k-puffs-double-flaovr-disposable-e-cigarette-adjust-flavor\/","title":{"rendered":"AIVONO AVN MATE 120k Puffs Dubult\u0101 Gar\u0161a Vienreiz\u0113j\u0101s Elektronisk\u0101s Cigaret\u0113s Regul\u0113jama Gar\u0161a"},"content":{"rendered":"<h1 data-start=\"0\" data-end=\"87\">AIVONO AVN MATE 120k Puffs Dubult\u0101 Gar\u0161a Vienreiz\u0113j\u0101s Elektronisk\u0101s Cigaret\u0113s Regul\u0113jama Gar\u0161a<\/h1>\n<p data-start=\"276\" data-end=\"608\">T\u0101 <strong data-start=\"280\" data-end=\"304\">AIVONO AVN MATE 120k<\/strong> ir izstr\u0101d\u0101ts vairumtirdzniec\u012bbas uz\u0146\u0113mumiem, kuriem nepiecie\u0161ama liela jauda, augstas v\u0113rt\u012bbas vienreiz\u0113j\u0101s ier\u012bces, kas \u0101tri p\u0101rdodas konkur\u0113tsp\u0113j\u012bgos Eiropas tirgos. Ar \u012bstu <strong data-start=\"439\" data-end=\"464\">120 000 pufa m\u016b\u017eu<\/strong>, dubult\u0101s gar\u0161as p\u0101rsl\u0113g\u0161anas dizains un gudrs ekr\u0101ns, \u0161\u012b ier\u012bce ir paredz\u0113ta lietot\u0101jiem, kuri v\u0113las da\u017e\u0101d\u012bbu, iztur\u012bbu un redzamu sniegumu vien\u0101 vien\u012bb\u0101.<\/p>\n<p data-start=\"610\" data-end=\"976\">Izstr\u0101d\u0101ts k\u0101 <strong data-start=\"624\" data-end=\"662\">2-in-1 Dubult\u0101s Gar\u0161as Vienreiz\u0113j\u0101 Vape<\/strong>, AIVONO AVN MATE 120000 \u013cauj lietot\u0101jiem nekav\u0113joties p\u0101rsl\u0113gties starp div\u0101m gar\u0161\u0101m, nemainot ier\u012bci. \u0160\u012b regul\u0113jama gar\u0161as sist\u0113ma palielina lieto\u0161anas laiku un uzlabo klientu apmierin\u0101t\u012bbu, padarot to par sp\u0113c\u012bgu izv\u0113li <strong data-start=\"887\" data-end=\"911\">vape vairumtirdzniec\u012bba Latvij\u0101<\/strong> pirc\u0113jiem, kas mekl\u0113 diferenci\u0101ciju <strong data-start=\"952\" data-end=\"975\">zemu vairumtirdzniec\u012bbas cenu<\/strong>.<\/p>\n<p data-start=\"978\" data-end=\"1308\">liels <strong data-start=\"986\" data-end=\"1012\">36 ml e-\u0161\u0137idruma ietilp\u012bbu<\/strong>, kop\u0101 ar stabilu <strong data-start=\"1037\" data-end=\"1050\">1.0\u03a9 kodolu<\/strong>, nodro\u0161ina konsekventu tvaika un arom\u0101ta izdal\u012b\u0161anos visa p\u016b\u0161anas cikla laik\u0101. The <strong data-start=\"1127\" data-end=\"1179\">850mAh uzl\u0101d\u0113jama akumulators ar Type-C uzl\u0101di<\/strong> ir saska\u0146ots ar e\u013c\u013cas tilpumu, t\u0101d\u0113j\u0101di lietot\u0101ji var pabeigt \u0161\u0137idrumu bez jaudas zuduma\u2014samazinot s\u016bdz\u012bbas un atgrie\u0161anas mazumtirdzniec\u012bbas l\u012bmen\u012b.<\/p>\n<p data-start=\"1310\" data-end=\"1559\">Ieb\u016bv\u0113tais <strong data-start=\"1323\" data-end=\"1337\">LED ekr\u0101ns<\/strong> skaidri r\u0101da akumulatora un e-\u0161\u0137idruma statusu, padarot \u0161o modeli par premium <strong data-start=\"1420\" data-end=\"1440\">vape ar ekr\u0101nu<\/strong> vienlaikus saglab\u0101jot vienk\u0101r\u0161u darb\u012bbu. Kompaktais izm\u0113rs ar\u012b pal\u012bdz mazumtirgot\u0101jiem optimiz\u0113t plauktu telpu un masu pieg\u0101des efektivit\u0101ti.<\/p>\n<p data-start=\"1561\" data-end=\"1812\">Distributoriem, kas mekl\u0113 uzticamu <strong data-start=\"1597\" data-end=\"1612\">AIVONO vape<\/strong> ar sp\u0113c\u012bgu atk\u0101rtotas pas\u016bt\u012b\u0161anas potenci\u0101lu, AVN MATE 120k nodro\u0161ina veiktsp\u0113ju, arom\u0101tu daudzveid\u012bbu un pe\u013c\u0146u veicino\u0161u cenu.<br data-start=\"1733\" data-end=\"1736\" \/><strong data-start=\"1739\" data-end=\"1812\">Sazinieties ar mums tagad par Vape vairumtirdzniec\u012bbu par zemu cenu un masu pieg\u0101di Latvij\u0101.<\/strong><\/p>\n<p><strong><span style=\"color: #ff0000;\">Pievienojiet Eimijas whatsapp, lai sa\u0146emtu pareizu atbildi un iztvaic\u0113t\u0101ja kuponu!<\/span><\/strong><\/p>\n<p><img fetchpriority=\"high\" decoding=\"async\" class=\"size-full wp-image-2932\" src=\"https:\/\/vapestornado.com\/wp-content\/uploads\/2024\/12\/Vape-Wholesale.jpg\" alt=\"Veipu Vairumtirdzniec\u012bba\" width=\"229\" height=\"300\" \/><\/p>\n<h3><a href=\"https:\/\/wa.me\/8617776015835\" target=\"_blank\" rel=\"noopener\"><span style=\"color: #ff0000;\"><strong>WhatsApp: +86 17776015835<\/strong><\/span><\/a><\/h3>\n<h2><strong>AIVONO AVN MATE 120k \u00a0Puffs Produkta \u012bpa\u0161\u012bbas<\/strong><\/h2>\n<div>\n<ul>\n<li data-start=\"1887\" data-end=\"1985\">\n<p data-start=\"1889\" data-end=\"1985\"><strong data-start=\"1889\" data-end=\"1907\">120 000 P\u016b\u0161ieni:<\/strong> Patiesa augsta p\u016b\u0161anas strukt\u016bra, kas paredz\u0113ta ilgtermi\u0146a lieto\u0161anai un maz\u0101k\u0101m nomai\u0146\u0101m.<\/p>\n<\/li>\n<li data-start=\"1986\" data-end=\"2096\">\n<p data-start=\"1988\" data-end=\"2096\"><strong data-start=\"1988\" data-end=\"2018\">2 in 1 dubult\u0101 arom\u0101ta sist\u0113ma:<\/strong> Divi arom\u0101ti vien\u0101 ier\u012bc\u0113 ar t\u016bl\u012bt\u0113ju p\u0101rsl\u0113g\u0161anos, lai palielin\u0101tu lietot\u0101ju notur\u012bbu.<\/p>\n<\/li>\n<li data-start=\"2097\" data-end=\"2203\">\n<p data-start=\"2099\" data-end=\"2203\"><strong data-start=\"2099\" data-end=\"2126\">36ml e-\u0161\u0137idruma ietilp\u012bba:<\/strong> Liels e\u013c\u013cas tilpums nodro\u0161ina stabilu izdal\u012b\u0161anos visa p\u016b\u0161anas ilguma laik\u0101.<\/p>\n<\/li>\n<li data-start=\"2204\" data-end=\"2301\">\n<p data-start=\"2206\" data-end=\"2301\"><strong data-start=\"2206\" data-end=\"2227\">Gudrs LED ekr\u0101ns:<\/strong> Re\u0101llaika akumulatora un e-\u0161\u0137idruma displejs uzlabo lietojam\u012bbu un produkta uzticam\u012bbu.<\/p>\n<\/li>\n<li data-start=\"2302\" data-end=\"2419\">\n<p data-start=\"2304\" data-end=\"2419\"><strong data-start=\"2304\" data-end=\"2343\">850mAh Type-C uzl\u0101d\u0113jama akumulators:<\/strong> Saska\u0146ots jaudas sist\u0113ma nodro\u0161ina pilnu e-\u0161\u0137idruma pat\u0113ri\u0146u bez p\u0101rtraukumiem.<\/p>\n<\/li>\n<\/ul>\n<figure id=\"attachment_4838\" aria-describedby=\"caption-attachment-4838\" style=\"width: 162px\" class=\"wp-caption alignnone\"><img decoding=\"async\" class=\"size-medium wp-image-4838\" src=\"https:\/\/vapestornado.com\/wp-content\/uploads\/2026\/01\/AIVONO-AVN-MATE-120k-120000-Puffs-Disposable-Vape-Low-Price-162x300.webp\" alt=\"AIVONO AVN MATE 120k 120000 Puffs Vienreizlietojams Vape Zema Cena\" width=\"162\" height=\"300\" srcset=\"https:\/\/vapestornado.com\/wp-content\/uploads\/2026\/01\/AIVONO-AVN-MATE-120k-120000-Puffs-Disposable-Vape-Low-Price-162x300.webp 162w, https:\/\/vapestornado.com\/wp-content\/uploads\/2026\/01\/AIVONO-AVN-MATE-120k-120000-Puffs-Disposable-Vape-Low-Price-552x1024.webp 552w, https:\/\/vapestornado.com\/wp-content\/uploads\/2026\/01\/AIVONO-AVN-MATE-120k-120000-Puffs-Disposable-Vape-Low-Price-768x1425.webp 768w, https:\/\/vapestornado.com\/wp-content\/uploads\/2026\/01\/AIVONO-AVN-MATE-120k-120000-Puffs-Disposable-Vape-Low-Price-6x12.webp 6w, https:\/\/vapestornado.com\/wp-content\/uploads\/2026\/01\/AIVONO-AVN-MATE-120k-120000-Puffs-Disposable-Vape-Low-Price-600x1113.webp 600w, https:\/\/vapestornado.com\/wp-content\/uploads\/2026\/01\/AIVONO-AVN-MATE-120k-120000-Puffs-Disposable-Vape-Low-Price.webp 800w\" sizes=\"(max-width: 162px) 100vw, 162px\" \/><figcaption id=\"caption-attachment-4838\" class=\"wp-caption-text\">AIVONO AVN MATE 120k 120000 Puffs Vienreizlietojams Vape Zema Cena<\/figcaption><\/figure>\n<\/div>\n<h2 class=\"product-title\"><strong>AIVONO AVN MATE 120k P\u016b\u0161amo arom\u0101tu saraksts<\/strong><\/h2>\n<ol data-start=\"2475\" data-end=\"2828\">\n<li data-start=\"2475\" data-end=\"2508\">\n<p data-start=\"2478\" data-end=\"2508\">\u0136ir\u0161u kola + Arb\u016bza ledus<\/p>\n<\/li>\n<li data-start=\"2509\" data-end=\"2554\">\n<p data-start=\"2512\" data-end=\"2554\">Kiwis, Passijas aug\u013ci, Guava + Mellenes ledus<\/p>\n<\/li>\n<li data-start=\"2555\" data-end=\"2584\">\n<p data-start=\"2558\" data-end=\"2584\">Varav\u012bksnes konfekte + Mr. Blue<\/p>\n<\/li>\n<li data-start=\"2585\" data-end=\"2617\">\n<p data-start=\"2588\" data-end=\"2617\">Ener\u0123ijas dz\u0113riens + Tr\u012bsk\u0101r\u0161ais mango<\/p>\n<\/li>\n<li data-start=\"2618\" data-end=\"2653\">\n<p data-start=\"2621\" data-end=\"2653\">Zemenes ban\u0101ns + Roz\u0101 citrons<\/p>\n<\/li>\n<li data-start=\"2654\" data-end=\"2691\">\n<p data-start=\"2657\" data-end=\"2691\">Mellenes, Rabarbers + Citronu piparm\u0113tra<\/p>\n<\/li>\n<li data-start=\"2692\" data-end=\"2734\">\n<p data-start=\"2695\" data-end=\"2734\">Zemenes, Arb\u016bzs + Ananasa ledus<\/p>\n<\/li>\n<li data-start=\"2735\" data-end=\"2768\">\n<p data-start=\"2738\" data-end=\"2768\">Ananasa, Apels\u012bns, Laims + Piparm\u0113tra<\/p>\n<\/li>\n<li data-start=\"2769\" data-end=\"2796\">\n<p data-start=\"2772\" data-end=\"2796\">Citronu, Laims + V\u012bnogu ledus<\/p>\n<\/li>\n<li data-start=\"2797\" data-end=\"2828\">\n<p data-start=\"2801\" data-end=\"2828\">Gumijas l\u0101\u010di + Mix ogas<\/p>\n<h2 data-start=\"2835\" data-end=\"2886\">K\u0101p\u0113c vairumtirdzniec\u012bbas pirc\u0113ji izv\u0113las AIVONO AVN MATE 120k<\/h2>\n<ul data-start=\"2888\" data-end=\"3159\">\n<li data-start=\"2888\" data-end=\"2950\">\n<p data-start=\"2890\" data-end=\"2950\">Dubultgar\u0161u dizains palielina plauktu pievilc\u012bbu un atk\u0101rtotas p\u0101rdo\u0161anas iesp\u0113jas<\/p>\n<\/li>\n<li data-start=\"2951\" data-end=\"3020\">\n<p data-start=\"2953\" data-end=\"3020\">Augsts p\u016b\u0161u skaits samazina nomai\u0146as bie\u017eumu un p\u0113c-p\u0101rdo\u0161anas risku<\/p>\n<\/li>\n<li data-start=\"3021\" data-end=\"3091\">\n<p data-start=\"3023\" data-end=\"3091\">Inteli\u0123enta ekr\u0101na pievieno\u0161ana nodro\u0161ina augst\u0101ku v\u0113rt\u012bbu bez iev\u0113rojamas izmaksu palielin\u0101\u0161anas<\/p>\n<\/li>\n<li data-start=\"3092\" data-end=\"3159\">\n<p data-start=\"3094\" data-end=\"3159\">Ide\u0101li piem\u0113rots <strong data-start=\"3104\" data-end=\"3128\">vape vairumtirdzniec\u012bba Latvij\u0101<\/strong> un Eiropas Savien\u012bbas izplat\u012b\u0161anas kan\u0101li<\/p>\n<\/li>\n<\/ul>\n<\/li>\n<\/ol>\n<div class=\"flex-shrink-0 flex flex-col relative items-end\">\n<div class=\"pt-0\">\n<div class=\"gizmo-bot-avatar flex h-8 w-8 items-center justify-center overflow-hidden rounded-full\">\n<div class=\"relative p-1 rounded-sm flex items-center justify-center bg-token-main-surface-primary text-token-text-primary h-8 w-8\">\n<h2 data-start=\"1200\" data-end=\"1487\">Vapes Tornado \u2013 J\u016bsu vairumtirdzniec\u012bbas tie\u0161saistes e-izsmidzin\u0101\u0161anas veikals popul\u0101riem vadiem<\/h2>\n<p data-start=\"72\" data-end=\"396\"><strong data-start=\"72\" data-end=\"89\">Vapes Tornado<\/strong> ir Eiropai orient\u0113ts vairumtirdzniec\u012bbas tie\u0161saistes e-izsmidzin\u0101\u0161anas veikals, kas pied\u0101v\u0101 r\u016bp\u012bgi atlas\u012btu <strong data-start=\"178\" data-end=\"195\">popul\u0101ru vadi<\/strong> profesion\u0101liem pirc\u0113jiem. M\u0113s sadarbojamies ar mazumtirgot\u0101jiem, izplat\u012bt\u0101jiem un tie\u0161saistes veikaliem vis\u0101 Eiropas Savien\u012bb\u0101, kuriem nepiecie\u0161ama stabila pieg\u0101de, skaidra produktu inform\u0101cija un z\u012bmoli, kurus klienti jau atpaz\u012bst un uzticas.<\/p>\n<p data-start=\"398\" data-end=\"687\">M\u0113s sadarbojamies ar uzticamiem z\u012bmoliem, piem\u0113ram, <strong data-start=\"247\" data-end=\"352\"><a href=\"https:\/\/vapestornado.com\/lv\/product\/randm-12000-puffs-fumot-digital-disposable-vape-wholesale-price\/\">Fumot VAPE<\/a>, <a href=\"https:\/\/vapestornado.com\/lv\/product\/original-wga-ultra-35k-35000-puff-rechargeable-crystal-disposable-nicotine-vape-best-discount-price\/\">WGA VAPE<\/a>, <a href=\"https:\/\/vapestornado.com\/lv\/product\/vozol-gear-shisha-25k-25000-puffs-best-dtl-disposable-vape-hookah-cheap-price\/\">VOZOL BAR VAPE<\/a>, <\/strong><strong data-start=\"247\" data-end=\"352\">Elf Bar Vape, WASPE Vape, <a href=\"https:\/\/vapestornado.com\/lv\/product\/uzy-150k-puffs-6-in-1-flavor-switch-disposable-vape-pen-wholesale\/\">UZY Vape<\/a>, Bang Vape, Razz Bar Vape, un Stag Bar Vape<\/strong>, izv\u0113l\u0113ti p\u0113c konsekventas kvalit\u0101tes un sp\u0113c\u012bgas piepras\u012bjuma Eiropas tirg\u016b.<\/p>\n<h4 data-start=\"1080\" data-end=\"1120\">Izstr\u0101d\u0101ts Eiropas vaperu vairumtirdzniec\u012bbai<\/h4>\n<p data-start=\"1121\" data-end=\"1189\">Vapes Tornado ir struktur\u0113ts ap Eiropas vairumtirdzniec\u012bbas pirc\u0113ju patiesaj\u0101m vajadz\u012bb\u0101m:<\/p>\n<ul data-start=\"1190\" data-end=\"1400\">\n<li data-start=\"1190\" data-end=\"1239\">\n<p data-start=\"1192\" data-end=\"1239\">Konkur\u0113tsp\u0113j\u012bgas vairumtirdzniec\u012bbas cenas lielapjom\u0101<\/p>\n<\/li>\n<li data-start=\"1240\" data-end=\"1289\">\n<p data-start=\"1242\" data-end=\"1289\">Skait\u013ci un specifik\u0101cijas skaidri aprakst\u012bti<\/p>\n<\/li>\n<li data-start=\"1290\" data-end=\"1330\">\n<p data-start=\"1292\" data-end=\"1330\">\u0100tra, uzticama Eiropas orient\u0113ta lo\u0123istika<\/p>\n<\/li>\n<li data-start=\"1331\" data-end=\"1400\">\n<p data-start=\"1333\" data-end=\"1400\">Katalogs, kas koncentr\u0113jas uz <strong data-start=\"1356\" data-end=\"1373\">popul\u0101ru vadi<\/strong>, ne p\u0101rpild\u012btiem SKU<\/p>\n<\/li>\n<\/ul>\n<h2 data-start=\"2064\" data-end=\"2115\">BUJ par AIVONO AVN MATE 120k Puffs Vienreizlietojamu Vape<\/h2>\n<p data-start=\"3198\" data-end=\"3373\"><strong data-start=\"3198\" data-end=\"3260\">1. Vai AIVONO AVN MATE 120k ir patiesi 120 000 p\u016b\u0161u ier\u012bce?<\/strong><br data-start=\"3260\" data-end=\"3263\" \/>J\u0101, t\u0101 ir izstr\u0101d\u0101ta ar saska\u0146otu akumulatoru un e\u013c\u013cas sist\u0113mu, lai atbalst\u012btu pilnu p\u016b\u0161u diapazonu parast\u0101 lieto\u0161an\u0101.<\/p>\n<p data-start=\"3375\" data-end=\"3514\"><strong data-start=\"3375\" data-end=\"3419\">2. K\u0101 darbojas dubultgar\u0161u sist\u0113ma?<\/strong><br data-start=\"3419\" data-end=\"3422\" \/>Lietot\u0101ji var p\u0101rsl\u0113gties starp div\u0101m gar\u0161\u0101m, kas ir ieb\u016bv\u0113tas taj\u0101 pa\u0161\u0101 ier\u012bc\u0113, bez sajauk\u0161anas vai papildpildes.<\/p>\n<p data-start=\"3516\" data-end=\"3619\"><strong data-start=\"3516\" data-end=\"3562\">3. Vai tas ir uzl\u0101d\u0113jams vienreiz\u0113js vape?<\/strong><br data-start=\"3562\" data-end=\"3565\" \/>J\u0101, tas ir ar Type-C uzl\u0101d\u0113jamu 850mAh akumulatoru.<\/p>\n<p data-start=\"3621\" data-end=\"3727\"><strong data-start=\"3621\" data-end=\"3666\">4. K\u0101di nikot\u012bna stiprumi ir pieejami?<\/strong><br data-start=\"3666\" data-end=\"3669\" \/>Ier\u012bce ir pieejama <strong data-start=\"3696\" data-end=\"3726\">2% un 5% nikot\u012bna opcijas<\/strong>.<\/p>\n<p data-start=\"3729\" data-end=\"3888\"><strong data-start=\"3729\" data-end=\"3789\">5. Vai tas ir piem\u0113rots vairumtirdzniec\u012bbas izplat\u012b\u0161anai Latvij\u0101?<\/strong><br data-start=\"3789\" data-end=\"3792\" \/>J\u0101, dizains, cenas un gar\u0161u strukt\u016bra ir labi piem\u0113roti Latvijas vairumtirdzniec\u012bbas tirgum.<\/p>\n<\/div>\n<\/div>\n<\/div>\n<\/div>","protected":false},"excerpt":{"rendered":"<div class=\"flex max-w-full flex-col grow\">\n<div class=\"min-h-8 text-message relative flex w-full flex-col items-end gap-2 text-start break-words whitespace-normal [.text-message+&amp;]:mt-1\" dir=\"auto\" data-message-author-role=\"assistant\" data-message-id=\"2a9d6edf-5b3a-41c0-afc9-caef2e4c2c3b\" data-message-model-slug=\"gpt-5-2\">\n<div class=\"flex w-full flex-col gap-1 empty:hidden first:pt-[1px]\">\n<div class=\"markdown prose dark:prose-invert w-full break-words light markdown-new-styling\">\n<p data-start=\"4127\" data-end=\"4213\"><strong data-start=\"4127\" data-end=\"4211\">AIVONO AVN MATE 120k Dubult\u0101s Gar\u0161as Vienreiz\u0113j\u0101 Vape ar Ekr\u0101nu Latvij\u0101 Vairumtirdzniec\u012bbai<\/strong><\/p>\n<p data-start=\"4217\" data-end=\"4296\"><strong data-start=\"4217\" data-end=\"4294\">AIVONO AVN MATE 120000 Puffs 2-in-1 Vienreiz\u0113j\u0101 Vape Zema Cena Partijas Pieg\u0101de<\/strong><\/p>\n<p data-start=\"4300\" data-end=\"4384\"><strong data-start=\"4300\" data-end=\"4384\">AIVONO AVN MATE 120k Regul\u0113jama Gar\u0161a Vienreiz\u0113j\u0101 Elektronisk\u0101 Cigarete Vape Vairumtirdzniec\u012bbai<\/strong><\/p>\n<\/div>\n<\/div>\n<\/div>\n<\/div>\n<p><strong>Pievienojiet Eimijas WhatsApp, lai sa\u0146emtu prec\u012bzu atbildi un atlaidi!<\/strong><\/p>\n<p><img fetchpriority=\"high\" decoding=\"async\" class=\"size-full wp-image-2932\" src=\"https:\/\/vapestornado.com\/wp-content\/uploads\/2024\/12\/Vape-Wholesale.jpg\" alt=\"Veipu Vairumtirdzniec\u012bba\" width=\"229\" height=\"300\" \/><\/p>\n<h3><a href=\"https:\/\/wa.me\/8617776015835\"><span style=\"color: #ff0000;\"><strong>WhatsApp: +86 17776015835<\/strong><\/span><\/a><\/h3>","protected":false},"featured_media":4837,"comment_status":"open","ping_status":"closed","template":"","meta":{"_acf_changed":false,"_uag_custom_page_level_css":"","_lmt_disableupdate":"no","_lmt_disable":"","_monsterinsights_skip_tracking":false,"_monsterinsights_sitenote_active":false,"_monsterinsights_sitenote_note":"","_monsterinsights_sitenote_category":0,"site-sidebar-layout":"default","site-content-layout":"","ast-site-content-layout":"default","site-content-style":"default","site-sidebar-style":"default","ast-global-header-display":"","ast-banner-title-visibility":"","ast-main-header-display":"","ast-hfb-above-header-display":"","ast-hfb-below-header-display":"","ast-hfb-mobile-header-display":"","site-post-title":"","ast-breadcrumbs-content":"","ast-featured-img":"","footer-sml-layout":"","ast-disable-related-posts":"","theme-transparent-header-meta":"default","adv-header-id-meta":"","stick-header-meta":"","header-above-stick-meta":"","header-main-stick-meta":"","header-below-stick-meta":"","astra-migrate-meta-layouts":"set","ast-page-background-enabled":"default","ast-page-background-meta":{"desktop":{"background-color":"","background-image":"","background-repeat":"repeat","background-position":"center center","background-size":"auto","background-attachment":"scroll","background-type":"","background-media":"","overlay-type":"","overlay-color":"","overlay-opacity":"","overlay-gradient":""},"tablet":{"background-color":"","background-image":"","background-repeat":"repeat","background-position":"center center","background-size":"auto","background-attachment":"scroll","background-type":"","background-media":"","overlay-type":"","overlay-color":"","overlay-opacity":"","overlay-gradient":""},"mobile":{"background-color":"","background-image":"","background-repeat":"repeat","background-position":"center center","background-size":"auto","background-attachment":"scroll","background-type":"","background-media":"","overlay-type":"","overlay-color":"","overlay-opacity":"","overlay-gradient":""}},"ast-content-background-meta":{"desktop":{"background-color":"var(--ast-global-color-5)","background-image":"","background-repeat":"repeat","background-position":"center center","background-size":"auto","background-attachment":"scroll","background-type":"","background-media":"","overlay-type":"","overlay-color":"","overlay-opacity":"","overlay-gradient":""},"tablet":{"background-color":"var(--ast-global-color-5)","background-image":"","background-repeat":"repeat","background-position":"center center","background-size":"auto","background-attachment":"scroll","background-type":"","background-media":"","overlay-type":"","overlay-color":"","overlay-opacity":"","overlay-gradient":""},"mobile":{"background-color":"var(--ast-global-color-5)","background-image":"","background-repeat":"repeat","background-position":"center center","background-size":"auto","background-attachment":"scroll","background-type":"","background-media":"","overlay-type":"","overlay-color":"","overlay-opacity":"","overlay-gradient":""}},"_joinchat":[]},"product_brand":[],"product_cat":[347,176,150,152,153,158,141,142,492,144,146],"product_tag":[567,563,562,564,195,566,565,522,269],"class_list":{"0":"post-4842","1":"product","2":"type-product","3":"status-publish","4":"has-post-thumbnail","6":"product_cat-120000-puff","7":"product_cat-aivono-vape","8":"product_cat-buy-disposable-vapes-in-belgium","9":"product_cat-buy-disposable-vapes-in-cermany","10":"product_cat-buy-disposable-vapes-in-italy","11":"product_cat-buy-disposable-vapes-in-spain","12":"product_cat-crystal-disposable-vapes","13":"product_cat-digital-box-disposable-vapes","14":"product_cat-eu-warehouse","15":"product_cat-low-nicotine-disposable-vapes","16":"product_cat-rechargeable-disposable-vapes","17":"product_tag-2-in-1-flavor","18":"product_tag-aivono-avn-mate-120000","19":"product_tag-aivono-avn-mate-120k","20":"product_tag-aivono-vape","21":"product_tag-dual-flavor-disposable-vape","22":"product_tag-puff-120k","23":"product_tag-vape-wholesale-at-low-price","24":"product_tag-vape-wholesale-italy","25":"product_tag-vape-with-screen","26":"desktop-align-left","27":"tablet-align-left","28":"mobile-align-left","30":"first","31":"instock","32":"sale","33":"shipping-taxable","34":"purchasable","35":"product-type-simple"},"acf":[],"uagb_featured_image_src":{"full":["https:\/\/vapestornado.com\/wp-content\/uploads\/2026\/01\/AIVONO-AVN-MATE-120k-120000-Puffs-Disposable-Vape-Double-Flaovr.webp",800,800,false],"thumbnail":["https:\/\/vapestornado.com\/wp-content\/uploads\/2026\/01\/AIVONO-AVN-MATE-120k-120000-Puffs-Disposable-Vape-Double-Flaovr-150x150.webp",150,150,true],"medium":["https:\/\/vapestornado.com\/wp-content\/uploads\/2026\/01\/AIVONO-AVN-MATE-120k-120000-Puffs-Disposable-Vape-Double-Flaovr-300x300.webp",300,300,true],"medium_large":["https:\/\/vapestornado.com\/wp-content\/uploads\/2026\/01\/AIVONO-AVN-MATE-120k-120000-Puffs-Disposable-Vape-Double-Flaovr-768x768.webp",768,768,true],"large":["https:\/\/vapestornado.com\/wp-content\/uploads\/2026\/01\/AIVONO-AVN-MATE-120k-120000-Puffs-Disposable-Vape-Double-Flaovr.webp",800,800,false],"1536x1536":["https:\/\/vapestornado.com\/wp-content\/uploads\/2026\/01\/AIVONO-AVN-MATE-120k-120000-Puffs-Disposable-Vape-Double-Flaovr.webp",800,800,false],"2048x2048":["https:\/\/vapestornado.com\/wp-content\/uploads\/2026\/01\/AIVONO-AVN-MATE-120k-120000-Puffs-Disposable-Vape-Double-Flaovr.webp",800,800,false],"trp-custom-language-flag":["https:\/\/vapestornado.com\/wp-content\/uploads\/2026\/01\/AIVONO-AVN-MATE-120k-120000-Puffs-Disposable-Vape-Double-Flaovr-12x12.webp",12,12,true],"woocommerce_thumbnail":["https:\/\/vapestornado.com\/wp-content\/uploads\/2026\/01\/AIVONO-AVN-MATE-120k-120000-Puffs-Disposable-Vape-Double-Flaovr-300x300.webp",300,300,true],"woocommerce_single":["https:\/\/vapestornado.com\/wp-content\/uploads\/2026\/01\/AIVONO-AVN-MATE-120k-120000-Puffs-Disposable-Vape-Double-Flaovr-600x600.webp",600,600,true],"woocommerce_gallery_thumbnail":["https:\/\/vapestornado.com\/wp-content\/uploads\/2026\/01\/AIVONO-AVN-MATE-120k-120000-Puffs-Disposable-Vape-Double-Flaovr-100x100.webp",100,100,true]},"uagb_author_info":{"display_name":"ESAMY","author_link":"https:\/\/vapestornado.com\/lv\/author\/"},"uagb_comment_info":0,"uagb_excerpt":"AIVONO AVN MATE 120k Dual Flavor Disposable Vape with Screen for Italy Wholesale AIVONO AVN MATE 120000 Puffs 2 in 1 Disposable Vape Low Price Bulk Supply AIVONO AVN MATE 120k Adjustable Flavor Disposable E-Cigarette for Vape Wholesale Add Amy's whatsapp to get right reply and discount price! WhatsApp: +86 17776015835","_links":{"self":[{"href":"https:\/\/vapestornado.com\/lv\/wp-json\/wp\/v2\/product\/4842","targetHints":{"allow":["GET"]}}],"collection":[{"href":"https:\/\/vapestornado.com\/lv\/wp-json\/wp\/v2\/product"}],"about":[{"href":"https:\/\/vapestornado.com\/lv\/wp-json\/wp\/v2\/types\/product"}],"replies":[{"embeddable":true,"href":"https:\/\/vapestornado.com\/lv\/wp-json\/wp\/v2\/comments?post=4842"}],"wp:featuredmedia":[{"embeddable":true,"href":"https:\/\/vapestornado.com\/lv\/wp-json\/wp\/v2\/media\/4837"}],"wp:attachment":[{"href":"https:\/\/vapestornado.com\/lv\/wp-json\/wp\/v2\/media?parent=4842"}],"wp:term":[{"taxonomy":"product_brand","embeddable":true,"href":"https:\/\/vapestornado.com\/lv\/wp-json\/wp\/v2\/product_brand?post=4842"},{"taxonomy":"product_cat","embeddable":true,"href":"https:\/\/vapestornado.com\/lv\/wp-json\/wp\/v2\/product_cat?post=4842"},{"taxonomy":"product_tag","embeddable":true,"href":"https:\/\/vapestornado.com\/lv\/wp-json\/wp\/v2\/product_tag?post=4842"}],"curies":[{"name":"wp","href":"https:\/\/api.w.org\/{rel}","templated":true}]}}