{"id":4833,"date":"2026-01-23T08:34:14","date_gmt":"2026-01-23T08:34:14","guid":{"rendered":"https:\/\/vapestornado.com\/?post_type=product&#038;p=4833"},"modified":"2026-01-23T08:50:43","modified_gmt":"2026-01-23T08:50:43","slug":"waspe-crystal-180k-180000-puffs-disposable-vapes-pen-8-in-1-flavor-bulk-buy","status":"publish","type":"product","link":"https:\/\/vapestornado.com\/lv\/product\/waspe-crystal-180k-180000-puffs-disposable-vapes-pen-8-in-1-flavor-bulk-buy\/","title":{"rendered":"WASPE Crystal 180k 180000 P\u016b\u013cu Vienreiz\u0113j\u0101s lieto\u0161anas Vape Pen 8 no 1 Gar\u0161as Partijas Pirkums"},"content":{"rendered":"<h1 data-start=\"0\" data-end=\"87\">WASPE Crystal 180K P\u016b\u013cu Vienreiz\u0113j\u0101s lieto\u0161anas Vape Pen \u2013 8 no 1 Gar\u0161as Partijas Pirkums<\/h1>\n<p data-start=\"275\" data-end=\"612\">T\u0101 <strong data-start=\"279\" data-end=\"326\">WASPE Crystal 180K P\u016b\u013cu Vienreiz\u0113j\u0101s lieto\u0161anas Vape Pen<\/strong> ir izstr\u0101d\u0101ts vairumtirdzniec\u012bbas uz\u0146\u0113mumiem, kuri v\u0113las maksim\u0101lu plauktu ietekmi un ilgtermi\u0146a apgroz\u012bjumu. Pieg\u0101d\u0101 l\u012bdz <strong data-start=\"423\" data-end=\"440\">180 000 p\u016b\u013cu<\/strong>, \u0161is ier\u012bces ir \u013coti augstas kapacit\u0101tes kategorij\u0101, paredz\u0113ts smagiem lietot\u0101jiem un partijas pirc\u0113jiem, kuri nov\u0113rt\u0113 iztur\u012bbu, konsekvenci un skaidrus snieguma r\u0101d\u012bt\u0101jus.<\/p>\n<p data-start=\"614\" data-end=\"934\">Darbojas ar <strong data-start=\"627\" data-end=\"657\">kvadr\u0101tveida 1.0\u03a9 t\u012bkla spir\u0101les sist\u0113ma<\/strong>, WASPE Crystal 180k saglab\u0101 stabilu gar\u0161as izdal\u012bjumu visa t\u0101 darb\u012bbas laik\u0101. The <strong data-start=\"745\" data-end=\"771\">68ml e-\u0161\u0137idruma ietilp\u012bba<\/strong> apvienots ar <strong data-start=\"786\" data-end=\"824\">650 mAh Type-C uzl\u0101d\u0113jams akumulators<\/strong> nodro\u0161ina stabilu tvaika ra\u017eo\u0161anu bez agr\u012bnas krituma, samazinot klientu s\u016bdz\u012bbas un atk\u0101rtotas nomai\u0146as.<\/p>\n<p data-start=\"936\" data-end=\"1299\">Kas at\u0161\u0137ir <strong data-start=\"950\" data-end=\"974\">WASPE Crystal 180000<\/strong> ir t\u0101s <strong data-start=\"988\" data-end=\"1023\">8 no 1 regul\u0113jama gar\u0161as sist\u0113ma<\/strong>, \u013cauj lietot\u0101jiem p\u0101rsl\u0113gties starp gar\u0161\u0101m vien\u0101 ier\u012bc\u0113. Apvienojot ar <strong data-start=\"1089\" data-end=\"1109\">viedais LED ekr\u0101ns<\/strong> kas r\u0101da akumulatora un e\u013c\u013cas l\u012bme\u0146us, \u0161is vape ar ekr\u0101nu pied\u0101v\u0101 caursp\u012bd\u012bgumu, kontroli un augstas klases lietot\u0101ja pieredzi\u2014galvenie faktori atk\u0101rtotai p\u0101rdo\u0161anai Vienreizlietojamo Vape Bulk Pirkuma tirg\u016b.<\/p>\n<p data-start=\"1301\" data-end=\"1593\">Pieejams <strong data-start=\"1314\" data-end=\"1349\">0%, 2% un 5% nikot\u012bna opcij\u0101s<\/strong>, tad <strong data-start=\"1355\" data-end=\"1394\">WASPE 180k P\u016b\u010du Vienreizlietojams Vape Pildspalva<\/strong> piem\u0113rots vair\u0101k\u0101m ES tirg\u016b un klientu v\u0113lm\u0113m. T\u0101 stabil\u0101 konstrukcija, liels form\u0101ts un m\u016bsdien\u012bgs krist\u0101la stila dizains padara to par sp\u0113c\u012bgu sp\u0113l\u0113t\u0101ju vairumtirgot\u0101jiem, kas mekl\u0113 apjoma pas\u016bt\u012bjumus un \u0101tru rot\u0101ciju.<\/p>\n<p data-start=\"1595\" data-end=\"1722\"><strong data-start=\"1598\" data-end=\"1722\">Vairumtirdzniec\u012bbas pirc\u0113ji un vaperi: nodro\u0161iniet savu WASPE Crystal 180k kr\u0101jumu tagad un stipriniet savu augsta p\u016b\u010du vienreizlietojamo kategoriju ar p\u0101rliec\u012bbu.<\/strong><\/p>\n<p><strong><span style=\"color: #ff0000;\">Pievienojiet Eimijas whatsapp, lai sa\u0146emtu pareizu atbildi un iztvaic\u0113t\u0101ja kuponu!<\/span><\/strong><\/p>\n<p><img fetchpriority=\"high\" decoding=\"async\" class=\"size-full wp-image-2932\" src=\"https:\/\/vapestornado.com\/wp-content\/uploads\/2024\/12\/Vape-Wholesale.jpg\" alt=\"Veipu Vairumtirdzniec\u012bba\" width=\"229\" height=\"300\" \/><\/p>\n<h3><a href=\"https:\/\/wa.me\/8617776015835\" target=\"_blank\" rel=\"noopener\"><span style=\"color: #ff0000;\"><strong>WhatsApp: +86 17776015835<\/strong><\/span><\/a><\/h3>\n<p>&nbsp;<\/p>\n<h2><strong>WASPE Crystal 180k P\u016b\u010du Produkta \u012apa\u0161\u012bbas<\/strong><\/h2>\n<ul>\n<li data-start=\"1774\" data-end=\"1894\">\n<p data-start=\"1776\" data-end=\"1894\"><strong data-start=\"1776\" data-end=\"1801\">180 000 P\u016b\u010du Kapacit\u0101te<\/strong> \u2013 Izstr\u0101d\u0101ts ilgsto\u0161ai lieto\u0161anai, samazinot nomai\u0146as nepiecie\u0161am\u012bbu un palielinot klientu apmierin\u0101t\u012bbu.<\/p>\n<\/li>\n<li data-start=\"1895\" data-end=\"2012\">\n<p data-start=\"1897\" data-end=\"2012\"><strong data-start=\"1897\" data-end=\"1932\">8-in-1 Piel\u0101gojama Gar\u0161u Sist\u0113ma<\/strong> \u2013 Da\u017e\u0101das gar\u0161as izv\u0113les vien\u0101 ier\u012bc\u0113 palielina iesaisti un atk\u0101rtotu lieto\u0161anu.<\/p>\n<\/li>\n<li data-start=\"2013\" data-end=\"2111\">\n<p data-start=\"2015\" data-end=\"2111\"><strong data-start=\"2015\" data-end=\"2043\">\u010cetrk\u0101r\u0161s T\u012bklsil\u012bces Spole (1.0\u03a9 \u00d74)<\/strong> \u2013 Nodro\u0161ina vienm\u0113r\u012bgu siltuma sadali, bl\u012bvu tvaiku un konsekventu gar\u0161u.<\/p>\n<\/li>\n<li data-start=\"2112\" data-end=\"2212\">\n<p data-start=\"2114\" data-end=\"2212\"><strong data-start=\"2114\" data-end=\"2140\">68ml E-L\u012bdzek\u013ca Kapacit\u0101te<\/strong> \u2013 Atbalsta patiesu ilgtermi\u0146a veiktsp\u0113ju bez bie\u017e\u0101m p\u0101rtrauk\u0161anas.<\/p>\n<\/li>\n<li data-start=\"2213\" data-end=\"2305\">\n<p data-start=\"2215\" data-end=\"2305\"><strong data-start=\"2215\" data-end=\"2235\">Gudrs LED ekr\u0101ns<\/strong> \u2013 Skaidri r\u0101da akumulatora un e\u013c\u013cas l\u012bme\u0146us lab\u0101kai lieto\u0161anas kontrolei.<\/p>\n<\/li>\n<li data-start=\"2306\" data-end=\"2403\">\n<p data-start=\"2308\" data-end=\"2403\"><strong data-start=\"2308\" data-end=\"2346\">650 mAh Type-C uzl\u0101d\u0113jams akumulators<\/strong> \u2013 Uzticama jaudas pieg\u0101de ar \u0101tru, univers\u0101lu uzl\u0101di.<\/p>\n<\/li>\n<\/ul>\n<figure id=\"attachment_4827\" aria-describedby=\"caption-attachment-4827\" style=\"width: 300px\" class=\"wp-caption alignnone\"><img decoding=\"async\" class=\"size-medium wp-image-4827\" src=\"https:\/\/vapestornado.com\/wp-content\/uploads\/2026\/01\/WASPE-Crystal-180k-Puff-Disposable-Vape-Pen-300x300.webp\" alt=\"Waspe Crystal 180k P\u016b\u010du Vienreizlietojama Vape Pildspalva\" width=\"300\" height=\"300\" srcset=\"https:\/\/vapestornado.com\/wp-content\/uploads\/2026\/01\/WASPE-Crystal-180k-Puff-Disposable-Vape-Pen-300x300.webp 300w, https:\/\/vapestornado.com\/wp-content\/uploads\/2026\/01\/WASPE-Crystal-180k-Puff-Disposable-Vape-Pen-150x150.webp 150w, https:\/\/vapestornado.com\/wp-content\/uploads\/2026\/01\/WASPE-Crystal-180k-Puff-Disposable-Vape-Pen-768x768.webp 768w, https:\/\/vapestornado.com\/wp-content\/uploads\/2026\/01\/WASPE-Crystal-180k-Puff-Disposable-Vape-Pen-12x12.webp 12w, https:\/\/vapestornado.com\/wp-content\/uploads\/2026\/01\/WASPE-Crystal-180k-Puff-Disposable-Vape-Pen-600x600.webp 600w, https:\/\/vapestornado.com\/wp-content\/uploads\/2026\/01\/WASPE-Crystal-180k-Puff-Disposable-Vape-Pen-100x100.webp 100w, https:\/\/vapestornado.com\/wp-content\/uploads\/2026\/01\/WASPE-Crystal-180k-Puff-Disposable-Vape-Pen.webp 800w\" sizes=\"(max-width: 300px) 100vw, 300px\" \/><figcaption id=\"caption-attachment-4827\" class=\"wp-caption-text\">Waspe Crystal 180k P\u016b\u010du Vienreizlietojama Vape Pildspalva<\/figcaption><\/figure>\n<figure id=\"attachment_4830\" aria-describedby=\"caption-attachment-4830\" style=\"width: 300px\" class=\"wp-caption alignnone\"><img decoding=\"async\" class=\"size-medium wp-image-4830\" src=\"https:\/\/vapestornado.com\/wp-content\/uploads\/2026\/01\/WASPE-Crystal-180k-Puffs-Bulk-Buy-Price-300x300.webp\" alt=\"WASPE Crystal 180k P\u016b\u010du Vairumtirdzniec\u012bbas Cena\" width=\"300\" height=\"300\" srcset=\"https:\/\/vapestornado.com\/wp-content\/uploads\/2026\/01\/WASPE-Crystal-180k-Puffs-Bulk-Buy-Price-300x300.webp 300w, https:\/\/vapestornado.com\/wp-content\/uploads\/2026\/01\/WASPE-Crystal-180k-Puffs-Bulk-Buy-Price-150x150.webp 150w, https:\/\/vapestornado.com\/wp-content\/uploads\/2026\/01\/WASPE-Crystal-180k-Puffs-Bulk-Buy-Price-768x768.webp 768w, https:\/\/vapestornado.com\/wp-content\/uploads\/2026\/01\/WASPE-Crystal-180k-Puffs-Bulk-Buy-Price-12x12.webp 12w, https:\/\/vapestornado.com\/wp-content\/uploads\/2026\/01\/WASPE-Crystal-180k-Puffs-Bulk-Buy-Price-600x600.webp 600w, https:\/\/vapestornado.com\/wp-content\/uploads\/2026\/01\/WASPE-Crystal-180k-Puffs-Bulk-Buy-Price-100x100.webp 100w, https:\/\/vapestornado.com\/wp-content\/uploads\/2026\/01\/WASPE-Crystal-180k-Puffs-Bulk-Buy-Price.webp 800w\" sizes=\"(max-width: 300px) 100vw, 300px\" \/><figcaption id=\"caption-attachment-4830\" class=\"wp-caption-text\">WASPE Crystal 180k P\u016b\u010du Vairumtirdzniec\u012bbas Cena<\/figcaption><\/figure>\n<figure id=\"attachment_4826\" aria-describedby=\"caption-attachment-4826\" style=\"width: 300px\" class=\"wp-caption alignnone\"><img loading=\"lazy\" decoding=\"async\" class=\"size-medium wp-image-4826\" src=\"https:\/\/vapestornado.com\/wp-content\/uploads\/2026\/01\/Waspe-Crystal-180k-Puff-8-in-1-Flavor-Adjustable-Disposable-Vape-300x300.webp\" alt=\"Waspe Crystal 180k P\u016b\u010du 8-in-1 Gar\u0161u Piel\u0101gojama Vienreizlietojama Vape\" width=\"300\" height=\"300\" srcset=\"https:\/\/vapestornado.com\/wp-content\/uploads\/2026\/01\/Waspe-Crystal-180k-Puff-8-in-1-Flavor-Adjustable-Disposable-Vape-300x300.webp 300w, https:\/\/vapestornado.com\/wp-content\/uploads\/2026\/01\/Waspe-Crystal-180k-Puff-8-in-1-Flavor-Adjustable-Disposable-Vape-150x150.webp 150w, https:\/\/vapestornado.com\/wp-content\/uploads\/2026\/01\/Waspe-Crystal-180k-Puff-8-in-1-Flavor-Adjustable-Disposable-Vape-768x768.webp 768w, https:\/\/vapestornado.com\/wp-content\/uploads\/2026\/01\/Waspe-Crystal-180k-Puff-8-in-1-Flavor-Adjustable-Disposable-Vape-12x12.webp 12w, https:\/\/vapestornado.com\/wp-content\/uploads\/2026\/01\/Waspe-Crystal-180k-Puff-8-in-1-Flavor-Adjustable-Disposable-Vape-600x600.webp 600w, https:\/\/vapestornado.com\/wp-content\/uploads\/2026\/01\/Waspe-Crystal-180k-Puff-8-in-1-Flavor-Adjustable-Disposable-Vape-100x100.webp 100w, https:\/\/vapestornado.com\/wp-content\/uploads\/2026\/01\/Waspe-Crystal-180k-Puff-8-in-1-Flavor-Adjustable-Disposable-Vape.webp 843w\" sizes=\"(max-width: 300px) 100vw, 300px\" \/><figcaption id=\"caption-attachment-4826\" class=\"wp-caption-text\">Waspe Crystal 180k P\u016b\u010du 8-in-1 Gar\u0161u Piel\u0101gojama Vienreizlietojama Vape<\/figcaption><\/figure>\n<div><\/div>\n<h2 class=\"product-title\"><strong>WASPE Crystal 180k P\u016b\u010du Gar\u0161u Saraksts<\/strong><\/h2>\n<p>1. Arb\u016bza ledus &amp; Citronu laima &amp; Sk\u0101bais mango ledus &amp; Kivi melones ledus<br \/>\n2. Mellenes ledus &amp; \u0137ir\u0161u kola &amp; zeme\u0146u vani\u013ca &amp; citrona \u0137irsis<br \/>\n3. Red Bull ledus &amp; zeme\u0146u ledus &amp; sk\u0101bs Fcuking Fab &amp; kola ledus<br \/>\n4. V\u012bnogu ledus &amp; zeme\u0146u kivi &amp; arb\u016bza ledus &amp; Zilais ran\u010ders<br \/>\n5. Melones m\u012blest\u012bbas aug\u013ci &amp; sk\u0101bs mango anan\u0101s &amp; ban\u0101nu toffee konfekte &amp; zeme\u0146u ogas<br \/>\n6. Zeme\u0146u arb\u016bzs &amp; atsvaidzino\u0161a piparm\u0113tra &amp; Zilais Razz ledus &amp; melnk\u0101r\u0161u ledus<br \/>\n7. Melnk\u0101r\u0161u ledus &amp; dubult\u0101 \u0101bols &amp; melnais p\u016b\u0137is ledus &amp; zeme\u0146u kivi<br \/>\n8. Zeme\u0146u Red Bull &amp; \u0137ir\u0161u kola &amp; \u0137ir\u0161u citrons &amp; tropu aug\u013ci<br \/>\n9. Sajauktas ogas &amp; citronu laima &amp; zeme\u0146u ave\u0146u &amp; za\u013c\u0101 \u0101bols<br \/>\n10. Zeme\u0146u ave\u0146u \u0137irsis &amp; zeme\u0146u arb\u016bzs &amp; kivi arb\u016bzs &amp; citrona laima<br \/>\n11. Zeme\u0146u ban\u0101ns &amp; mango persiks &amp; triple ogas &amp; zeme\u0146u anan\u0101s<br \/>\n12. Zilais Razz limon\u0101de &amp; \u0137ir\u0161u citrons &amp; zeme\u0146u ledus &amp; arb\u016bza persiks<\/p>\n<div class=\"flex-shrink-0 flex flex-col relative items-end\">\n<div class=\"pt-0\">\n<div class=\"gizmo-bot-avatar flex h-8 w-8 items-center justify-center overflow-hidden rounded-full\">\n<div class=\"relative p-1 rounded-sm flex items-center justify-center bg-token-main-surface-primary text-token-text-primary h-8 w-8\">\n<h2 data-start=\"1200\" data-end=\"1487\">Vapes Tornado \u2013 J\u016bsu vairumtirdzniec\u012bbas tie\u0161saistes e-izsmidzin\u0101\u0161anas veikals popul\u0101riem vadiem<\/h2>\n<p data-start=\"72\" data-end=\"396\"><strong data-start=\"72\" data-end=\"89\">Vapes Tornado<\/strong> ir Eiropai orient\u0113ts vairumtirdzniec\u012bbas tie\u0161saistes e-izsmidzin\u0101\u0161anas veikals, kas pied\u0101v\u0101 r\u016bp\u012bgi atlas\u012btu <strong data-start=\"178\" data-end=\"195\">popul\u0101ru vadi<\/strong> profesion\u0101liem pirc\u0113jiem. M\u0113s sadarbojamies ar mazumtirgot\u0101jiem, izplat\u012bt\u0101jiem un tie\u0161saistes veikaliem vis\u0101 Eiropas Savien\u012bb\u0101, kuriem nepiecie\u0161ama stabila pieg\u0101de, skaidra produktu inform\u0101cija un z\u012bmoli, kurus klienti jau atpaz\u012bst un uzticas.<\/p>\n<p data-start=\"398\" data-end=\"687\">M\u0113s sadarbojamies ar uzticamiem z\u012bmoliem, piem\u0113ram, <strong data-start=\"247\" data-end=\"352\"><a href=\"https:\/\/vapestornado.com\/lv\/product\/randm-12000-puffs-fumot-digital-disposable-vape-wholesale-price\/\">Fumot VAPE<\/a>, <a href=\"https:\/\/vapestornado.com\/lv\/product\/original-wga-ultra-35k-35000-puff-rechargeable-crystal-disposable-nicotine-vape-best-discount-price\/\">WGA VAPE<\/a>, <a href=\"https:\/\/vapestornado.com\/lv\/product\/vozol-gear-shisha-25k-25000-puffs-best-dtl-disposable-vape-hookah-cheap-price\/\">VOZOL BAR VAPE<\/a>, <\/strong><strong data-start=\"247\" data-end=\"352\">Elf Bar Vape, WASPE Vape, <a href=\"https:\/\/vapestornado.com\/lv\/product\/uzy-150k-puffs-6-in-1-flavor-switch-disposable-vape-pen-wholesale\/\">UZY Vape<\/a>, Bang Vape, Razz Bar Vape, un Stag Bar Vape<\/strong>, izv\u0113l\u0113ti p\u0113c konsekventas kvalit\u0101tes un sp\u0113c\u012bgas piepras\u012bjuma Eiropas tirg\u016b.<\/p>\n<h4 data-start=\"1080\" data-end=\"1120\">Izstr\u0101d\u0101ts Eiropas vaperu vairumtirdzniec\u012bbai<\/h4>\n<p data-start=\"1121\" data-end=\"1189\">Vapes Tornado ir struktur\u0113ts ap Eiropas vairumtirdzniec\u012bbas pirc\u0113ju patiesaj\u0101m vajadz\u012bb\u0101m:<\/p>\n<ul data-start=\"1190\" data-end=\"1400\">\n<li data-start=\"1190\" data-end=\"1239\">\n<p data-start=\"1192\" data-end=\"1239\">Konkur\u0113tsp\u0113j\u012bgas vairumtirdzniec\u012bbas cenas lielapjom\u0101<\/p>\n<\/li>\n<li data-start=\"1240\" data-end=\"1289\">\n<p data-start=\"1242\" data-end=\"1289\">Skait\u013ci un specifik\u0101cijas skaidri aprakst\u012bti<\/p>\n<\/li>\n<li data-start=\"1290\" data-end=\"1330\">\n<p data-start=\"1292\" data-end=\"1330\">\u0100tra, uzticama Eiropas orient\u0113ta lo\u0123istika<\/p>\n<\/li>\n<li data-start=\"1331\" data-end=\"1400\">\n<p data-start=\"1333\" data-end=\"1400\">Katalogs, kas koncentr\u0113jas uz <strong data-start=\"1356\" data-end=\"1373\">popul\u0101ru vadi<\/strong>, ne p\u0101rpild\u012btiem SKU<\/p>\n<\/li>\n<\/ul>\n<h2 data-start=\"2064\" data-end=\"2115\">BUJ par WASPE Crystal 180k vienreiz\u0113j\u0101s lieto\u0161anas vape<\/h2>\n<p data-start=\"3376\" data-end=\"3516\"><strong data-start=\"3376\" data-end=\"3425\">1. Cik ilgi kalpo WASPE Crystal 180k?<\/strong><br data-start=\"3425\" data-end=\"3428\" \/>Izmanto\u0161ana ir atkar\u012bga no lieto\u0161anas paradumiem, bet tas ir izstr\u0101d\u0101ts ilgsto\u0161ai lieto\u0161anai ar l\u012bdz pat 180 000 pufiem.<\/p>\n<p data-start=\"3518\" data-end=\"3650\"><strong data-start=\"3518\" data-end=\"3557\">2. Vai lietot\u0101ji var viegli main\u012bt gar\u0161as?<\/strong><br data-start=\"3557\" data-end=\"3560\" \/>J\u0101, 8-in-1 regul\u0113jama gar\u0161as sist\u0113ma \u013cauj vienk\u0101r\u0161i main\u012bt gar\u0161u vien\u0101 ier\u012bc\u0113.<\/p>\n<p data-start=\"3652\" data-end=\"3763\"><strong data-start=\"3652\" data-end=\"3700\">3. Vai WASPE Crystal 180000 ir uzl\u0101d\u0113jams?<\/strong><br data-start=\"3700\" data-end=\"3703\" \/>J\u0101, tas ir apr\u012bkots ar 650mAh akumulatoru un Type-C \u0101tr\u0101s uzl\u0101des funkciju.<\/p>\n<p data-start=\"3765\" data-end=\"3898\"><strong data-start=\"3765\" data-end=\"3821\">4. Vai ier\u012bce r\u0101da akumulatora un e-\u0161\u0137idruma statusu?<\/strong><br data-start=\"3821\" data-end=\"3824\" \/>J\u0101, ieb\u016bv\u0113tais LED ekr\u0101ns skaidri par\u0101da gan e\u013c\u013cas, gan akumulatora l\u012bmeni.<\/p>\n<p data-start=\"3900\" data-end=\"4056\"><strong data-start=\"3900\" data-end=\"3954\">5. Vai tas ir piem\u0113rots vairumtirdzniec\u012bbai un lielapjoma pas\u016bt\u012bjumiem?<\/strong><br data-start=\"3954\" data-end=\"3957\" \/>Absol\u016bti, tas ir \u012bpa\u0161i izstr\u0101d\u0101ts Vienreizlietojamo Vape lielapjoma pirkumiem un augsta apjoma izplat\u012b\u0161anai.<\/p>\n<\/div>\n<\/div>\n<\/div>\n<\/div>","protected":false},"excerpt":{"rendered":"<div class=\"flex max-w-full flex-col grow\">\n<div class=\"min-h-8 text-message relative flex w-full flex-col items-end gap-2 text-start break-words whitespace-normal [.text-message+&amp;]:mt-1\" dir=\"auto\" data-message-author-role=\"assistant\" data-message-id=\"2a9d6edf-5b3a-41c0-afc9-caef2e4c2c3b\" data-message-model-slug=\"gpt-5-2\">\n<div class=\"flex w-full flex-col gap-1 empty:hidden first:pt-[1px]\">\n<div class=\"markdown prose dark:prose-invert w-full break-words light markdown-new-styling\">\n<ul>\n<li data-start=\"4315\" data-end=\"4401\">\n<p data-start=\"4318\" data-end=\"4401\"><strong data-start=\"4318\" data-end=\"4399\">WASPE Crystal 180K P\u016b\u013cu Vienreiz\u0113j\u0101s lieto\u0161anas Vape \u2013 8 no 1 Gar\u0161as Jauda Partijas Pirc\u0113jiem<\/strong><\/p>\n<\/li>\n<li data-start=\"4402\" data-end=\"4487\">\n<p data-start=\"4405\" data-end=\"4487\"><strong data-start=\"4405\" data-end=\"4485\">WASPE Crystal 180000 P\u016b\u013cu Vape ar Ekr\u0101nu | Augstas Kapacit\u0101tes Vairumtirdzniec\u012bbas Izv\u0113le<\/strong><\/p>\n<\/li>\n<li data-start=\"4488\" data-end=\"4567\">\n<p data-start=\"4491\" data-end=\"4567\"><strong data-start=\"4491\" data-end=\"4567\">WASPE 180k P\u016b\u013cu Vienreiz\u0113j\u0101s lieto\u0161anas Vape Pen \u2013 Izstr\u0101d\u0101ts lielam apjomam, paredz\u0113ts p\u0101rdo\u0161anai<\/strong><\/p>\n<\/li>\n<\/ul>\n<\/div>\n<\/div>\n<\/div>\n<\/div>\n<p><strong>Pievienojiet Eimijas WhatsApp, lai sa\u0146emtu prec\u012bzu atbildi un atlaidi!<\/strong><\/p>\n<p><img fetchpriority=\"high\" decoding=\"async\" class=\"size-full wp-image-2932\" src=\"https:\/\/vapestornado.com\/wp-content\/uploads\/2024\/12\/Vape-Wholesale.jpg\" alt=\"Veipu Vairumtirdzniec\u012bba\" width=\"229\" height=\"300\" \/><\/p>\n<h3><a href=\"https:\/\/wa.me\/8617776015835\"><span style=\"color: #ff0000;\"><strong>WhatsApp: +86 17776015835<\/strong><\/span><\/a><\/h3>","protected":false},"featured_media":4832,"comment_status":"open","ping_status":"closed","template":"","meta":{"_acf_changed":false,"_uag_custom_page_level_css":"","_lmt_disableupdate":"no","_lmt_disable":"","_monsterinsights_skip_tracking":false,"_monsterinsights_sitenote_active":false,"_monsterinsights_sitenote_note":"","_monsterinsights_sitenote_category":0,"site-sidebar-layout":"default","site-content-layout":"","ast-site-content-layout":"default","site-content-style":"default","site-sidebar-style":"default","ast-global-header-display":"","ast-banner-title-visibility":"","ast-main-header-display":"","ast-hfb-above-header-display":"","ast-hfb-below-header-display":"","ast-hfb-mobile-header-display":"","site-post-title":"","ast-breadcrumbs-content":"","ast-featured-img":"","footer-sml-layout":"","ast-disable-related-posts":"","theme-transparent-header-meta":"default","adv-header-id-meta":"","stick-header-meta":"","header-above-stick-meta":"","header-main-stick-meta":"","header-below-stick-meta":"","astra-migrate-meta-layouts":"set","ast-page-background-enabled":"default","ast-page-background-meta":{"desktop":{"background-color":"","background-image":"","background-repeat":"repeat","background-position":"center center","background-size":"auto","background-attachment":"scroll","background-type":"","background-media":"","overlay-type":"","overlay-color":"","overlay-opacity":"","overlay-gradient":""},"tablet":{"background-color":"","background-image":"","background-repeat":"repeat","background-position":"center center","background-size":"auto","background-attachment":"scroll","background-type":"","background-media":"","overlay-type":"","overlay-color":"","overlay-opacity":"","overlay-gradient":""},"mobile":{"background-color":"","background-image":"","background-repeat":"repeat","background-position":"center center","background-size":"auto","background-attachment":"scroll","background-type":"","background-media":"","overlay-type":"","overlay-color":"","overlay-opacity":"","overlay-gradient":""}},"ast-content-background-meta":{"desktop":{"background-color":"var(--ast-global-color-5)","background-image":"","background-repeat":"repeat","background-position":"center center","background-size":"auto","background-attachment":"scroll","background-type":"","background-media":"","overlay-type":"","overlay-color":"","overlay-opacity":"","overlay-gradient":""},"tablet":{"background-color":"var(--ast-global-color-5)","background-image":"","background-repeat":"repeat","background-position":"center center","background-size":"auto","background-attachment":"scroll","background-type":"","background-media":"","overlay-type":"","overlay-color":"","overlay-opacity":"","overlay-gradient":""},"mobile":{"background-color":"var(--ast-global-color-5)","background-image":"","background-repeat":"repeat","background-position":"center center","background-size":"auto","background-attachment":"scroll","background-type":"","background-media":"","overlay-type":"","overlay-color":"","overlay-opacity":"","overlay-gradient":""}},"_joinchat":[]},"product_brand":[],"product_cat":[150,152,153,158,141,142,492,144,146,60],"product_tag":[561,560,269,559,558,557],"class_list":{"0":"post-4833","1":"product","2":"type-product","3":"status-publish","4":"has-post-thumbnail","6":"product_cat-buy-disposable-vapes-in-belgium","7":"product_cat-buy-disposable-vapes-in-cermany","8":"product_cat-buy-disposable-vapes-in-italy","9":"product_cat-buy-disposable-vapes-in-spain","10":"product_cat-crystal-disposable-vapes","11":"product_cat-digital-box-disposable-vapes","12":"product_cat-eu-warehouse","13":"product_cat-low-nicotine-disposable-vapes","14":"product_cat-rechargeable-disposable-vapes","15":"product_cat-waspe-fihp-vape","16":"product_tag-disposable-vapes-bulk-buy","17":"product_tag-disposable-vapes-pen","18":"product_tag-vape-with-screen","19":"product_tag-waspe-180k-puff","20":"product_tag-waspe-crystal-180000","21":"product_tag-waspe-crystal-180k","22":"desktop-align-left","23":"tablet-align-left","24":"mobile-align-left","26":"first","27":"instock","28":"sale","29":"shipping-taxable","30":"purchasable","31":"product-type-simple"},"acf":[],"uagb_featured_image_src":{"full":["https:\/\/vapestornado.com\/wp-content\/uploads\/2026\/01\/WASPE-Crystal-180000-Puffs-Multi-Flavor-Disposable-Vapes.webp",800,800,false],"thumbnail":["https:\/\/vapestornado.com\/wp-content\/uploads\/2026\/01\/WASPE-Crystal-180000-Puffs-Multi-Flavor-Disposable-Vapes-150x150.webp",150,150,true],"medium":["https:\/\/vapestornado.com\/wp-content\/uploads\/2026\/01\/WASPE-Crystal-180000-Puffs-Multi-Flavor-Disposable-Vapes-300x300.webp",300,300,true],"medium_large":["https:\/\/vapestornado.com\/wp-content\/uploads\/2026\/01\/WASPE-Crystal-180000-Puffs-Multi-Flavor-Disposable-Vapes-768x768.webp",768,768,true],"large":["https:\/\/vapestornado.com\/wp-content\/uploads\/2026\/01\/WASPE-Crystal-180000-Puffs-Multi-Flavor-Disposable-Vapes.webp",800,800,false],"1536x1536":["https:\/\/vapestornado.com\/wp-content\/uploads\/2026\/01\/WASPE-Crystal-180000-Puffs-Multi-Flavor-Disposable-Vapes.webp",800,800,false],"2048x2048":["https:\/\/vapestornado.com\/wp-content\/uploads\/2026\/01\/WASPE-Crystal-180000-Puffs-Multi-Flavor-Disposable-Vapes.webp",800,800,false],"trp-custom-language-flag":["https:\/\/vapestornado.com\/wp-content\/uploads\/2026\/01\/WASPE-Crystal-180000-Puffs-Multi-Flavor-Disposable-Vapes-12x12.webp",12,12,true],"woocommerce_thumbnail":["https:\/\/vapestornado.com\/wp-content\/uploads\/2026\/01\/WASPE-Crystal-180000-Puffs-Multi-Flavor-Disposable-Vapes-300x300.webp",300,300,true],"woocommerce_single":["https:\/\/vapestornado.com\/wp-content\/uploads\/2026\/01\/WASPE-Crystal-180000-Puffs-Multi-Flavor-Disposable-Vapes-600x600.webp",600,600,true],"woocommerce_gallery_thumbnail":["https:\/\/vapestornado.com\/wp-content\/uploads\/2026\/01\/WASPE-Crystal-180000-Puffs-Multi-Flavor-Disposable-Vapes-100x100.webp",100,100,true]},"uagb_author_info":{"display_name":"ESAMY","author_link":"https:\/\/vapestornado.com\/lv\/author\/"},"uagb_comment_info":0,"uagb_excerpt":"WASPE Crystal 180K Puff Disposable Vape \u2013 8-in-1 Flavor Power for Bulk Buyers WASPE Crystal 180000 Puffs Vape with Screen | High-Capacity Wholesale Choice WASPE 180k Puff Disposable Vape Pen \u2013 Built for Volume, Designed to Sell Add Amy's whatsapp to get right reply and discount price! WhatsApp: +86 17776015835","_links":{"self":[{"href":"https:\/\/vapestornado.com\/lv\/wp-json\/wp\/v2\/product\/4833","targetHints":{"allow":["GET"]}}],"collection":[{"href":"https:\/\/vapestornado.com\/lv\/wp-json\/wp\/v2\/product"}],"about":[{"href":"https:\/\/vapestornado.com\/lv\/wp-json\/wp\/v2\/types\/product"}],"replies":[{"embeddable":true,"href":"https:\/\/vapestornado.com\/lv\/wp-json\/wp\/v2\/comments?post=4833"}],"wp:featuredmedia":[{"embeddable":true,"href":"https:\/\/vapestornado.com\/lv\/wp-json\/wp\/v2\/media\/4832"}],"wp:attachment":[{"href":"https:\/\/vapestornado.com\/lv\/wp-json\/wp\/v2\/media?parent=4833"}],"wp:term":[{"taxonomy":"product_brand","embeddable":true,"href":"https:\/\/vapestornado.com\/lv\/wp-json\/wp\/v2\/product_brand?post=4833"},{"taxonomy":"product_cat","embeddable":true,"href":"https:\/\/vapestornado.com\/lv\/wp-json\/wp\/v2\/product_cat?post=4833"},{"taxonomy":"product_tag","embeddable":true,"href":"https:\/\/vapestornado.com\/lv\/wp-json\/wp\/v2\/product_tag?post=4833"}],"curies":[{"name":"wp","href":"https:\/\/api.w.org\/{rel}","templated":true}]}}