{"id":4822,"date":"2026-01-22T08:52:40","date_gmt":"2026-01-22T08:52:40","guid":{"rendered":"https:\/\/vapestornado.com\/?post_type=product&#038;p=4822"},"modified":"2026-01-22T09:13:50","modified_gmt":"2026-01-22T09:13:50","slug":"vozol-neon-45000-puffs-45k-adjustable-ice-level-disposable-vape-pod","status":"publish","type":"product","link":"https:\/\/vapestornado.com\/lv\/product\/vozol-neon-45000-puffs-45k-adjustable-ice-level-disposable-vape-pod\/","title":{"rendered":"Vozol Neon 45000 Puffs 45k Regul\u0113jams Ledus l\u012bmenis Vienreiz\u0113j\u0101s lieto\u0161anas Vape Pod"},"content":{"rendered":"<h1 data-start=\"0\" data-end=\"87\">Vozol Neon 45000 Puffs Regul\u0113jams Ledus Vienreiz\u0113j\u0101s lieto\u0161anas Vape Pod<\/h1>\n<p data-start=\"63\" data-end=\"414\">T\u0101 <strong data-start=\"67\" data-end=\"93\">Vozol Neon 45000 Puffs<\/strong> ir izstr\u0101d\u0101ts lietot\u0101jiem, kuri v\u0113las ilgu darb\u012bbas laiku, skaidru kontroli un stabilu gar\u0161u no pirm\u0101s l\u012bdz p\u0113d\u0113jai ieelpai. Izstr\u0101d\u0101ts k\u0101 <strong data-start=\"217\" data-end=\"249\">augstas kvalit\u0101tes vienreiz\u0113j\u0101s lieto\u0161anas vape<\/strong>, tas nodro\u0161ina l\u012bdz <strong data-start=\"269\" data-end=\"285\">45 000 puffs<\/strong> ar uzl\u0101d\u0113jamu sist\u0113mu, padarot to par uzticamu izv\u0113li smagiem lietot\u0101jiem un vairumtirdzniec\u012bbas pirc\u0113jiem, kuri koncentr\u0113jas uz v\u0113rt\u012bbu un veiktsp\u0113ju.<\/p>\n<p data-start=\"416\" data-end=\"786\">Darbojas ar <strong data-start=\"429\" data-end=\"468\">1000mAh Type-C uzl\u0101d\u0113jams akumulators<\/strong>, tad <strong data-start=\"474\" data-end=\"492\">Vozol Neon 45K<\/strong> nodro\u0161ina, ka e-\u0161\u0137idrums tiek piln\u012bb\u0101 izmantots, nevis iz\u0161\u0137iests. Ieb\u016bv\u0113tais <strong data-start=\"554\" data-end=\"574\">vape ar ekr\u0101nu<\/strong> par\u0101da akumulatora un e-\u0161\u0137idruma l\u012bmeni re\u0101llaik\u0101, pal\u012bdzot lietot\u0101jiem p\u0101rvald\u012bt lieto\u0161anu bez min\u0113jumiem. Apvienojot Vozol t\u012bkla spir\u0101les un S.i.L.C. gar\u0161as tehnolo\u0123iju, katra ieelpa paliek konsekventa, gluda un pilnv\u0113rt\u012bga.<\/p>\n<p data-start=\"788\" data-end=\"1345\">K\u0101 <strong data-start=\"794\" data-end=\"828\">Regul\u0113jams Ledus Vienreiz\u0113j\u0101s lieto\u0161anas Vape<\/strong>, Vozol Neon 45000 \u013cauj lietot\u0101jiem prec\u012bzi noregul\u0113t dzes\u0113\u0161anas l\u012bmeni, lai atbilstu da\u017e\u0101d\u0101m gar\u0161as profiliem un person\u012bgaj\u0101m v\u0113lm\u0113m. Ar 20ml iepild\u012btu e-\u0161\u0137idrumu, 2% nikot\u012bna stiprumu un modernu podu stila korpusu \u0161is <strong data-start=\"1037\" data-end=\"1060\">Vienreiz\u0113j\u0101s lieto\u0161anas Vape Pod<\/strong> sabalans\u0113 sp\u0113c\u012bgu veiktsp\u0113ju ar ikdienas komfortu. Distributoriem un mazumtirgot\u0101jiem Vozol vape produkti ir paz\u012bstami ar stabilu kvalit\u0101ti, sp\u0113c\u012bgu z\u012bmola atpaz\u012bstam\u012bbu un atk\u0101rtotu piepras\u012bjumu.<br data-start=\"1235\" data-end=\"1238\" \/><strong data-start=\"1238\" data-end=\"1251\">Pas\u016bti tagad<\/strong> un nodro\u0161ini ilgu kalpo\u0161anas laiku, ar ekr\u0101nu apr\u012bkotu vienreiz\u0113ju, kas atbilst m\u016bsdienu tirgus pras\u012bb\u0101m.<\/p>\n<p><strong><span style=\"color: #ff0000;\">Pievienojiet Eimijas whatsapp, lai sa\u0146emtu pareizu atbildi un iztvaic\u0113t\u0101ja kuponu!<\/span><\/strong><\/p>\n<p><img fetchpriority=\"high\" decoding=\"async\" class=\"size-full wp-image-2932\" src=\"https:\/\/vapestornado.com\/wp-content\/uploads\/2024\/12\/Vape-Wholesale.jpg\" alt=\"Veipu Vairumtirdzniec\u012bba\" width=\"229\" height=\"300\" \/><\/p>\n<h3><a href=\"https:\/\/wa.me\/8617776015835\" target=\"_blank\" rel=\"noopener\"><span style=\"color: #ff0000;\"><strong>WhatsApp: +86 17776015835<\/strong><\/span><\/a><\/h3>\n<p>&nbsp;<\/p>\n<h2><strong>Vozol Neon 45000 Puffs Produkta \u012bpa\u0161\u012bbas<\/strong><\/h2>\n<ul data-start=\"1939\" data-end=\"2435\">\n<li data-start=\"1939\" data-end=\"2042\">\n<p data-start=\"1941\" data-end=\"2042\"><strong data-start=\"1941\" data-end=\"1966\">45 000 ieelpu ietilp\u012bba:<\/strong> Izstr\u0101d\u0101ts ilgsto\u0161ai lieto\u0161anai, samazinot nomai\u0146as izmaksas bie\u017eiem vaperiem.<\/p>\n<\/li>\n<li data-start=\"2043\" data-end=\"2145\">\n<p data-start=\"2045\" data-end=\"2145\"><strong data-start=\"2045\" data-end=\"2078\">Uztverama 1000mAh akumulators:<\/strong> Type-C \u0101tr\u0101 uzl\u0101de nodro\u0161ina pilnu iepriek\u0161pild\u012bt\u0101 e-\u0161\u0137idruma izmanto\u0161anu.<\/p>\n<\/li>\n<li data-start=\"2146\" data-end=\"2238\">\n<p data-start=\"2148\" data-end=\"2238\"><strong data-start=\"2148\" data-end=\"2173\">Vied\u0101 ekr\u0101na displejs:<\/strong> Skaidri r\u0101da akumulatora un e\u013c\u013cas l\u012bmeni, lai lab\u0101k kontrol\u0113tu lieto\u0161anu.<\/p>\n<\/li>\n<li data-start=\"2239\" data-end=\"2337\">\n<p data-start=\"2241\" data-end=\"2337\"><strong data-start=\"2241\" data-end=\"2266\">Regul\u0113jams ledus l\u012bmenis:<\/strong> At\u013cauj lietot\u0101jiem piel\u0101got dzes\u0113\u0161anas stiprumu bez ier\u012bces mai\u0146as.<\/p>\n<\/li>\n<li data-start=\"2338\" data-end=\"2435\">\n<p data-start=\"2340\" data-end=\"2435\"><strong data-start=\"2340\" data-end=\"2365\">Sieta spir\u0101les tehnolo\u0123ija:<\/strong> Nodro\u0161ina vienm\u0113r\u012bgu sild\u012b\u0161anu, gludu tvaiku un konsekventu arom\u0101ta izvadi.<\/p>\n<\/li>\n<\/ul>\n<figure id=\"attachment_4816\" aria-describedby=\"caption-attachment-4816\" style=\"width: 284px\" class=\"wp-caption alignnone\"><img decoding=\"async\" class=\"size-medium wp-image-4816\" src=\"https:\/\/vapestornado.com\/wp-content\/uploads\/2026\/01\/Vozol-45K-45000-Puff-Disposable-Vape-Pod-Wholesale-1-284x300.webp\" alt=\"Vozol 45K 45000 puffs vienreiz\u0113j\u0101 vape pod vairumtirdzniec\u012bba\" width=\"284\" height=\"300\" srcset=\"https:\/\/vapestornado.com\/wp-content\/uploads\/2026\/01\/Vozol-45K-45000-Puff-Disposable-Vape-Pod-Wholesale-1-284x300.webp 284w, https:\/\/vapestornado.com\/wp-content\/uploads\/2026\/01\/Vozol-45K-45000-Puff-Disposable-Vape-Pod-Wholesale-1-971x1024.webp 971w, https:\/\/vapestornado.com\/wp-content\/uploads\/2026\/01\/Vozol-45K-45000-Puff-Disposable-Vape-Pod-Wholesale-1-768x810.webp 768w, https:\/\/vapestornado.com\/wp-content\/uploads\/2026\/01\/Vozol-45K-45000-Puff-Disposable-Vape-Pod-Wholesale-1-1456x1536.webp 1456w, https:\/\/vapestornado.com\/wp-content\/uploads\/2026\/01\/Vozol-45K-45000-Puff-Disposable-Vape-Pod-Wholesale-1-11x12.webp 11w, https:\/\/vapestornado.com\/wp-content\/uploads\/2026\/01\/Vozol-45K-45000-Puff-Disposable-Vape-Pod-Wholesale-1-600x633.webp 600w, https:\/\/vapestornado.com\/wp-content\/uploads\/2026\/01\/Vozol-45K-45000-Puff-Disposable-Vape-Pod-Wholesale-1.webp 1500w\" sizes=\"(max-width: 284px) 100vw, 284px\" \/><figcaption id=\"caption-attachment-4816\" class=\"wp-caption-text\">Vozol 45K 45000 puffs vienreiz\u0113j\u0101 vape pod vairumtirdzniec\u012bba<\/figcaption><\/figure>\n<div><\/div>\n<h2 class=\"product-title\"><strong>Vozol Neon 45000 puffs arom\u0101tu saraksts<\/strong><\/h2>\n<p>1. Melle\u0146u \u0137ir\u0161u laima<br \/>\n2. Melle\u0146u piparm\u0113tra<br \/>\n3.Zil\u0101 ave\u0146u ledus<br \/>\n4.Mellenes Arb\u016bzs<br \/>\n5. \u0136ir\u0161u kola<br \/>\n6. \u0136ir\u0161u strazz<br \/>\n7. Cranberry Ice<br \/>\n8. P\u016b\u0137a aug\u013cu ban\u0101ns \u0137ir\u0161s<br \/>\n9. Atdzisu\u0161as zemenes<br \/>\n10.V\u012bnogu ledus<br \/>\n11. Havaju anan\u0101su parad\u012bze<br \/>\n12. M\u012blest\u012bba 777<br \/>\n13. L\u012b\u010dijas apels\u012bns pasijas aug\u013ci<br \/>\n14. Jaunava<br \/>\n15,Mango Ice<br \/>\n16.Miami Mint<br \/>\n17.Miks\u0113tas ogas<br \/>\n18.Peonijas Ice<br \/>\n19.Sk\u0101b\u0101 \u0101bolu Ice<br \/>\n20.Sk\u0101bais mango un anan\u0101sis<br \/>\n21.Avenes ban\u0101ns<br \/>\n22.avenes margarita<br \/>\n23.vzbull<br \/>\n24.Arbuza Ice<br \/>\n25.Arbuza Razz Rancher<br \/>\n26.Arbuza sk\u0101bais persiks<\/p>\n<div class=\"flex-shrink-0 flex flex-col relative items-end\">\n<div class=\"pt-0\">\n<div class=\"gizmo-bot-avatar flex h-8 w-8 items-center justify-center overflow-hidden rounded-full\">\n<div class=\"relative p-1 rounded-sm flex items-center justify-center bg-token-main-surface-primary text-token-text-primary h-8 w-8\">\n<h2 data-start=\"1200\" data-end=\"1487\">Vapes Tornado \u2013 J\u016bsu vairumtirdzniec\u012bbas tie\u0161saistes e-izsmidzin\u0101\u0161anas veikals popul\u0101riem vadiem<\/h2>\n<p data-start=\"72\" data-end=\"396\"><strong data-start=\"72\" data-end=\"89\">Vapes Tornado<\/strong> ir Eiropai orient\u0113ts vairumtirdzniec\u012bbas tie\u0161saistes e-izsmidzin\u0101\u0161anas veikals, kas pied\u0101v\u0101 r\u016bp\u012bgi atlas\u012btu <strong data-start=\"178\" data-end=\"195\">popul\u0101ru vadi<\/strong> profesion\u0101liem pirc\u0113jiem. M\u0113s sadarbojamies ar mazumtirgot\u0101jiem, izplat\u012bt\u0101jiem un tie\u0161saistes veikaliem vis\u0101 Eiropas Savien\u012bb\u0101, kuriem nepiecie\u0161ama stabila pieg\u0101de, skaidra produktu inform\u0101cija un z\u012bmoli, kurus klienti jau atpaz\u012bst un uzticas.<\/p>\n<p data-start=\"398\" data-end=\"687\">M\u0113s sadarbojamies ar uzticamiem z\u012bmoliem, piem\u0113ram, <strong data-start=\"247\" data-end=\"352\">Elf Bar Vape, WASPE Vape, <a href=\"https:\/\/vapestornado.com\/lv\/product\/uzy-150k-puffs-6-in-1-flavor-switch-disposable-vape-pen-wholesale\/\">UZY Vape<\/a>, Bang Vape, Razz Bar Vape, <a href=\"https:\/\/vapestornado.com\/lv\/product\/randm-12000-puffs-fumot-digital-disposable-vape-wholesale-price\/\">Fumot VAPE<\/a>, <a href=\"https:\/\/vapestornado.com\/lv\/product\/original-wga-ultra-35k-35000-puff-rechargeable-crystal-disposable-nicotine-vape-best-discount-price\/\">WGA VAPE<\/a>, <a href=\"https:\/\/vapestornado.com\/lv\/product\/vozol-gear-shisha-25k-25000-puffs-best-dtl-disposable-vape-hookah-cheap-price\/\">VOZOL BAR VAPE<\/a>,\u00a0un Stag Bar Vape<\/strong>, izv\u0113l\u0113ti p\u0113c konsekventas kvalit\u0101tes un sp\u0113c\u012bgas piepras\u012bjuma Eiropas tirg\u016b.<\/p>\n<h4 data-start=\"1080\" data-end=\"1120\">Izstr\u0101d\u0101ts Eiropas vairumtirdzniec\u012bbas pirc\u0113jiem<\/h4>\n<p data-start=\"1121\" data-end=\"1189\">Vapes Tornado ir struktur\u0113ts ap Eiropas vairumtirdzniec\u012bbas pirc\u0113ju patiesaj\u0101m vajadz\u012bb\u0101m:<\/p>\n<ul data-start=\"1190\" data-end=\"1400\">\n<li data-start=\"1190\" data-end=\"1239\">\n<p data-start=\"1192\" data-end=\"1239\">Konkur\u0113tsp\u0113j\u012bgas vairumtirdzniec\u012bbas cenas lielapjom\u0101<\/p>\n<\/li>\n<li data-start=\"1240\" data-end=\"1289\">\n<p data-start=\"1242\" data-end=\"1289\">Skait\u013ci un specifik\u0101cijas skaidri aprakst\u012bti<\/p>\n<\/li>\n<li data-start=\"1290\" data-end=\"1330\">\n<p data-start=\"1292\" data-end=\"1330\">\u0100tra, uzticama Eiropas orient\u0113ta lo\u0123istika<\/p>\n<\/li>\n<li data-start=\"1331\" data-end=\"1400\">\n<p data-start=\"1333\" data-end=\"1400\">Katalogs, kas koncentr\u0113jas uz <strong data-start=\"1356\" data-end=\"1373\">popul\u0101ru vadi<\/strong>, ne p\u0101rpild\u012btiem SKU<\/p>\n<\/li>\n<\/ul>\n<h2 data-start=\"2064\" data-end=\"2115\">BUJ par Vozol Neon 45000 p\u016btienu vienreizlietojamo vape<\/h2>\n<p data-start=\"2720\" data-end=\"2871\"><strong data-start=\"2720\" data-end=\"2767\">Vai \u0161is Neon 45000 ir \u012bsts Vozol produkts?<\/strong><br data-start=\"2767\" data-end=\"2770\" \/>J\u0101, Vozol Neon 45000 p\u016btienu ir autentisks Vozol vape ar ofici\u0101lo z\u012bmolu un specifik\u0101cij\u0101m.<\/p>\n<p data-start=\"2873\" data-end=\"3008\"><strong data-start=\"2873\" data-end=\"2915\">Cik ilgi kalpo Vozol Neon 45K?<\/strong><br data-start=\"2915\" data-end=\"2918\" \/>Izmanto\u0161ana ir atkar\u012bga no paradumiem, bet 45 000 p\u016btienu kapacit\u0101te ir paredz\u0113ta ilgtermi\u0146a ikdienas lieto\u0161anai.<\/p>\n<p data-start=\"3010\" data-end=\"3133\"><strong data-start=\"3010\" data-end=\"3048\">Vai es varu uzl\u0101d\u0113t Vozol Neon 45000?<\/strong><br data-start=\"3048\" data-end=\"3051\" \/>J\u0101, tas ir apr\u012bkots ar Type-C uzl\u0101des akumulatoru, lai piln\u012bb\u0101 pat\u0113r\u0113tu 20 ml e-\u0161\u0137idruma.<\/p>\n<p data-start=\"3135\" data-end=\"3256\"><strong data-start=\"3135\" data-end=\"3174\">K\u0101da nikot\u012bna stipruma tas izmanto?<\/strong><br data-start=\"3174\" data-end=\"3177\" \/>\u0160is modelis ir ar 2% (20mg\/ml) nikot\u012bna stiprumu, lai nodro\u0161in\u0101tu l\u012bdzsvarotu apmierin\u0101jumu.<\/p>\n<p data-start=\"3258\" data-end=\"3368\"><strong data-start=\"3258\" data-end=\"3298\">K\u0101 es zinu, kad tas ir iztuk\u0161ojies?<\/strong><br data-start=\"3298\" data-end=\"3301\" \/>Ieb\u016bv\u0113t\u0101 ekr\u0101na displejs r\u0101da re\u0101llaika akumulatora un e-\u0161\u0137idruma l\u012bmeni.<\/p>\n<\/div>\n<\/div>\n<\/div>\n<\/div>","protected":false},"excerpt":{"rendered":"<div class=\"flex max-w-full flex-col grow\">\n<div class=\"min-h-8 text-message relative flex w-full flex-col items-end gap-2 text-start break-words whitespace-normal [.text-message+&amp;]:mt-1\" dir=\"auto\" data-message-author-role=\"assistant\" data-message-id=\"2a9d6edf-5b3a-41c0-afc9-caef2e4c2c3b\" data-message-model-slug=\"gpt-5-2\">\n<div class=\"flex w-full flex-col gap-1 empty:hidden first:pt-[1px]\">\n<div class=\"markdown prose dark:prose-invert w-full break-words light markdown-new-styling\">\n<p data-start=\"3612\" data-end=\"3673\">Vozol Neon 45000 Puffs vienreiz\u0113j\u0101s lieto\u0161anas vape pod ir izstr\u0101d\u0101ts lietot\u0101jiem, kuri pieprasa ilgu darb\u012bbas laiku un stabilu gar\u0161as izvadi. Ar jaud\u012bgu uzl\u0101d\u0113jamu akumulatoru, gudru ekr\u0101na displeju un regul\u0113jamu ledus l\u012bmeni tas nodro\u0161ina kontrol\u0113tu, gludu vaping ar konsekventu gar\u0161u. Izstr\u0101d\u0101ts ar Vozol t\u012bkla spir\u0101les tehnolo\u0123iju, tas pied\u0101v\u0101 uzticamu kvalit\u0101ti stil\u012bg\u0101, augstas klases vienreiz\u0113j\u0101s lieto\u0161anas vape form\u0101t\u0101.<\/p>\n<\/div>\n<\/div>\n<\/div>\n<\/div>\n<p><strong>Pievienojiet Eimijas WhatsApp, lai sa\u0146emtu prec\u012bzu atbildi un atlaidi!<\/strong><\/p>\n<p><img fetchpriority=\"high\" decoding=\"async\" class=\"size-full wp-image-2932\" src=\"https:\/\/vapestornado.com\/wp-content\/uploads\/2024\/12\/Vape-Wholesale.jpg\" alt=\"Veipu Vairumtirdzniec\u012bba\" width=\"229\" height=\"300\" \/><\/p>\n<h3><a href=\"https:\/\/wa.me\/8617776015835\"><span style=\"color: #ff0000;\"><strong>WhatsApp: +86 17776015835<\/strong><\/span><\/a><\/h3>","protected":false},"featured_media":4820,"comment_status":"open","ping_status":"closed","template":"","meta":{"_acf_changed":false,"_uag_custom_page_level_css":"","_lmt_disableupdate":"no","_lmt_disable":"","_monsterinsights_skip_tracking":false,"_monsterinsights_sitenote_active":false,"_monsterinsights_sitenote_note":"","_monsterinsights_sitenote_category":0,"site-sidebar-layout":"default","site-content-layout":"","ast-site-content-layout":"default","site-content-style":"default","site-sidebar-style":"default","ast-global-header-display":"","ast-banner-title-visibility":"","ast-main-header-display":"","ast-hfb-above-header-display":"","ast-hfb-below-header-display":"","ast-hfb-mobile-header-display":"","site-post-title":"","ast-breadcrumbs-content":"","ast-featured-img":"","footer-sml-layout":"","ast-disable-related-posts":"","theme-transparent-header-meta":"default","adv-header-id-meta":"","stick-header-meta":"","header-above-stick-meta":"","header-main-stick-meta":"","header-below-stick-meta":"","astra-migrate-meta-layouts":"set","ast-page-background-enabled":"default","ast-page-background-meta":{"desktop":{"background-color":"","background-image":"","background-repeat":"repeat","background-position":"center center","background-size":"auto","background-attachment":"scroll","background-type":"","background-media":"","overlay-type":"","overlay-color":"","overlay-opacity":"","overlay-gradient":""},"tablet":{"background-color":"","background-image":"","background-repeat":"repeat","background-position":"center center","background-size":"auto","background-attachment":"scroll","background-type":"","background-media":"","overlay-type":"","overlay-color":"","overlay-opacity":"","overlay-gradient":""},"mobile":{"background-color":"","background-image":"","background-repeat":"repeat","background-position":"center center","background-size":"auto","background-attachment":"scroll","background-type":"","background-media":"","overlay-type":"","overlay-color":"","overlay-opacity":"","overlay-gradient":""}},"ast-content-background-meta":{"desktop":{"background-color":"var(--ast-global-color-5)","background-image":"","background-repeat":"repeat","background-position":"center center","background-size":"auto","background-attachment":"scroll","background-type":"","background-media":"","overlay-type":"","overlay-color":"","overlay-opacity":"","overlay-gradient":""},"tablet":{"background-color":"var(--ast-global-color-5)","background-image":"","background-repeat":"repeat","background-position":"center center","background-size":"auto","background-attachment":"scroll","background-type":"","background-media":"","overlay-type":"","overlay-color":"","overlay-opacity":"","overlay-gradient":""},"mobile":{"background-color":"var(--ast-global-color-5)","background-image":"","background-repeat":"repeat","background-position":"center center","background-size":"auto","background-attachment":"scroll","background-type":"","background-media":"","overlay-type":"","overlay-color":"","overlay-opacity":"","overlay-gradient":""}},"_joinchat":[]},"product_brand":[],"product_cat":[265,149,150,151,152,153,143,492,146,57],"product_tag":[554,555,550,556,549,513,93,269,552,553,220],"class_list":{"0":"post-4822","1":"product","2":"type-product","3":"status-publish","4":"has-post-thumbnail","6":"product_cat-45000-puff","7":"product_cat-buy-disposable-vapes-in-austria","8":"product_cat-buy-disposable-vapes-in-belgium","9":"product_cat-buy-disposable-vapes-in-france","10":"product_cat-buy-disposable-vapes-in-cermany","11":"product_cat-buy-disposable-vapes-in-italy","12":"product_cat-dual-mesh-disposable-vapes","13":"product_cat-eu-warehouse","14":"product_cat-rechargeable-disposable-vapes","15":"product_cat-vozol-vape","16":"product_tag-adjustable-ice-disposable-vape","17":"product_tag-disposable-vape-pod","18":"product_tag-disposable-vape-with-screen","19":"product_tag-high-quanlity-disposable-vape","20":"product_tag-vape-cheap-price","21":"product_tag-vape-discount-price","22":"product_tag-vape-wholesale","23":"product_tag-vape-with-screen","24":"product_tag-vozol-neon-45000-puffs","25":"product_tag-vozol-neon-45k","26":"product_tag-vozol-vape","27":"desktop-align-left","28":"tablet-align-left","29":"mobile-align-left","31":"first","32":"instock","33":"sale","34":"shipping-taxable","35":"purchasable","36":"product-type-simple"},"acf":[],"uagb_featured_image_src":{"full":["https:\/\/vapestornado.com\/wp-content\/uploads\/2026\/01\/Vozol-45000-Puff-Disposable-Vape-Box-Wholesale.webp",800,800,false],"thumbnail":["https:\/\/vapestornado.com\/wp-content\/uploads\/2026\/01\/Vozol-45000-Puff-Disposable-Vape-Box-Wholesale-150x150.webp",150,150,true],"medium":["https:\/\/vapestornado.com\/wp-content\/uploads\/2026\/01\/Vozol-45000-Puff-Disposable-Vape-Box-Wholesale-300x300.webp",300,300,true],"medium_large":["https:\/\/vapestornado.com\/wp-content\/uploads\/2026\/01\/Vozol-45000-Puff-Disposable-Vape-Box-Wholesale-768x768.webp",768,768,true],"large":["https:\/\/vapestornado.com\/wp-content\/uploads\/2026\/01\/Vozol-45000-Puff-Disposable-Vape-Box-Wholesale.webp",800,800,false],"1536x1536":["https:\/\/vapestornado.com\/wp-content\/uploads\/2026\/01\/Vozol-45000-Puff-Disposable-Vape-Box-Wholesale.webp",800,800,false],"2048x2048":["https:\/\/vapestornado.com\/wp-content\/uploads\/2026\/01\/Vozol-45000-Puff-Disposable-Vape-Box-Wholesale.webp",800,800,false],"trp-custom-language-flag":["https:\/\/vapestornado.com\/wp-content\/uploads\/2026\/01\/Vozol-45000-Puff-Disposable-Vape-Box-Wholesale-12x12.webp",12,12,true],"woocommerce_thumbnail":["https:\/\/vapestornado.com\/wp-content\/uploads\/2026\/01\/Vozol-45000-Puff-Disposable-Vape-Box-Wholesale-300x300.webp",300,300,true],"woocommerce_single":["https:\/\/vapestornado.com\/wp-content\/uploads\/2026\/01\/Vozol-45000-Puff-Disposable-Vape-Box-Wholesale-600x600.webp",600,600,true],"woocommerce_gallery_thumbnail":["https:\/\/vapestornado.com\/wp-content\/uploads\/2026\/01\/Vozol-45000-Puff-Disposable-Vape-Box-Wholesale-100x100.webp",100,100,true]},"uagb_author_info":{"display_name":"ESAMY","author_link":"https:\/\/vapestornado.com\/lv\/author\/"},"uagb_comment_info":0,"uagb_excerpt":"The Vozol Neon 45000 Puffs disposable vape pod is built for users who demand long-lasting performance and stable flavour output. With a powerful rechargeable battery, smart screen display, and adjustable ice level, it delivers controlled, smooth vaping with consistent taste. Designed with Vozol mesh coil technology, it offers reliable quality in a sleek, high-end disposable&hellip;","_links":{"self":[{"href":"https:\/\/vapestornado.com\/lv\/wp-json\/wp\/v2\/product\/4822","targetHints":{"allow":["GET"]}}],"collection":[{"href":"https:\/\/vapestornado.com\/lv\/wp-json\/wp\/v2\/product"}],"about":[{"href":"https:\/\/vapestornado.com\/lv\/wp-json\/wp\/v2\/types\/product"}],"replies":[{"embeddable":true,"href":"https:\/\/vapestornado.com\/lv\/wp-json\/wp\/v2\/comments?post=4822"}],"wp:featuredmedia":[{"embeddable":true,"href":"https:\/\/vapestornado.com\/lv\/wp-json\/wp\/v2\/media\/4820"}],"wp:attachment":[{"href":"https:\/\/vapestornado.com\/lv\/wp-json\/wp\/v2\/media?parent=4822"}],"wp:term":[{"taxonomy":"product_brand","embeddable":true,"href":"https:\/\/vapestornado.com\/lv\/wp-json\/wp\/v2\/product_brand?post=4822"},{"taxonomy":"product_cat","embeddable":true,"href":"https:\/\/vapestornado.com\/lv\/wp-json\/wp\/v2\/product_cat?post=4822"},{"taxonomy":"product_tag","embeddable":true,"href":"https:\/\/vapestornado.com\/lv\/wp-json\/wp\/v2\/product_tag?post=4822"}],"curies":[{"name":"wp","href":"https:\/\/api.w.org\/{rel}","templated":true}]}}