{"id":4812,"date":"2026-01-20T07:56:41","date_gmt":"2026-01-20T07:56:41","guid":{"rendered":"https:\/\/vapestornado.com\/?post_type=product&#038;p=4812"},"modified":"2026-01-20T08:10:42","modified_gmt":"2026-01-20T08:10:42","slug":"uzy-tornado-20k-20000-puff-rechargeable-disposable-vape-pen-with-screen","status":"publish","type":"product","link":"https:\/\/vapestornado.com\/lv\/product\/uzy-tornado-20k-20000-puff-rechargeable-disposable-vape-pen-with-screen\/","title":{"rendered":"UZY Tornado 20K 20000 P\u016b\u0161u Uzl\u0101d\u0113jams Vienreiz\u0113js Vape Pildspalva ar Ekr\u0101nu"},"content":{"rendered":"<h1 data-start=\"0\" data-end=\"87\">UZY Tornado 20k Vienreiz\u0113jais Vape Pildspalva ar 28ml E-L\u012bdzi un LED Ekr\u0101nu<\/h1>\n<p data-start=\"285\" data-end=\"670\">T\u0101 <strong data-start=\"289\" data-end=\"308\">UZY Tornado 20K<\/strong> izstr\u0101d\u0101ts vairumtirdzniec\u012bbas uz\u0146\u0113mumiem, kuriem nepiecie\u0161ama stabila kvalit\u0101te, sp\u0113c\u012bga apgroz\u012bjuma un skaidri izteikti p\u0101rdo\u0161anas punkti. Ar l\u012bdz pat <strong data-start=\"413\" data-end=\"440\">UZY Tornado 20000 P\u016b\u0161i<\/strong>, \u0161is liels p\u016b\u0161u vape nodro\u0161ina ilgu darb\u012bbu, pateicoties 28ml e-l\u012bdzi ietilp\u012bbai un uzticamai 850mAh uzl\u0101d\u0113jamai baterijai. Klientiem, kuri v\u0113las maz\u0101k nomai\u0146u un lab\u0101ku v\u0113rt\u012bbu, \u0161is torando vape atbilst vis\u0101m pras\u012bb\u0101m.<\/p>\n<p data-start=\"672\" data-end=\"1062\">\u0160is <strong data-start=\"677\" data-end=\"712\">vienreiz\u0113js vape pildspalva ar ekr\u0101nu<\/strong> ar skaidru LED displeju, kas r\u0101da akumulatora un e-l\u012bdzi l\u012bme\u0146us re\u0101llaik\u0101. Mazumtirdzniec\u012bbas klienti prec\u012bzi zina, kad j\u0101uzl\u0101d\u0113, samazinot s\u016bdz\u012bbas un atgrie\u0161anas. 0.6\u03a9 t\u012bkli\u0146a spole nodro\u0161ina konsekventu tvaika izdal\u012b\u0161anu un t\u012bru arom\u0101tu no pirm\u0101 l\u012bdz p\u0113d\u0113jam p\u016b\u0161am, padarot to par sp\u0113c\u012bgu alternat\u012bvu daudziem l\u012bdz\u012bga kategorijas Monkey Vape mode\u013ciem.<\/p>\n<p data-start=\"1064\" data-end=\"1461\">izstr\u0101d\u0101ts Eiropas tirgum, <strong data-start=\"1102\" data-end=\"1121\">UZY Tornado 20k<\/strong> atbalsta vair\u0101kas nikot\u012bna stipruma pak\u0101pes (0%, 2%, 3%, 5%) un pla\u0161u arom\u0101tu izv\u0113li, kas labi darbojas mazumtirdzniec\u012bb\u0101. T\u0101 Type-C uzl\u0101des sist\u0113ma uzlabo izmaksu efektivit\u0101ti, vienlaikus padarot ier\u012bci vienk\u0101r\u0161u un lietot\u0101jdraudz\u012bgu. Pirc\u0113jiem, kuri fokus\u0113jas uz <strong data-start=\"1358\" data-end=\"1376\">vape vairumtirdzniec\u012bba<\/strong>, \u0101tru rot\u0101ciju un <strong data-start=\"1397\" data-end=\"1417\">l\u0113t\u0101m vape cen\u0101m<\/strong> pozicion\u0113\u0161anu, \u0161is modelis ir p\u0101rbaud\u012bts izv\u0113le.<\/p>\n<p data-start=\"1463\" data-end=\"1618\">Pas\u016btiet tagad no <strong data-start=\"1478\" data-end=\"1507\">Sigvape tie\u0161saistes vape veikala<\/strong> un nodro\u0161ina konkur\u0113tsp\u0113j\u012bgas cenas piepras\u012btam produktam <strong data-start=\"1556\" data-end=\"1587\">vienreiz\u0113js vape ar ekr\u0101nu<\/strong> kas p\u0101rdod p\u0113c specifik\u0101cij\u0101m, nevis hype.<\/p>\n<p><strong><span style=\"color: #ff0000;\">Pievienojiet Eimijas whatsapp, lai sa\u0146emtu pareizu atbildi un iztvaic\u0113t\u0101ja kuponu!<\/span><\/strong><\/p>\n<p><img fetchpriority=\"high\" decoding=\"async\" class=\"size-full wp-image-2932\" src=\"https:\/\/vapestornado.com\/wp-content\/uploads\/2024\/12\/Vape-Wholesale.jpg\" alt=\"Veipu Vairumtirdzniec\u012bba\" width=\"229\" height=\"300\" \/><\/p>\n<h3><a href=\"https:\/\/wa.me\/8617776015835\" target=\"_blank\" rel=\"noopener\"><span style=\"color: #ff0000;\"><strong>WhatsApp: +86 17776015835<\/strong><\/span><\/a><\/h3>\n<p>&nbsp;<\/p>\n<h2><strong>UZY Tornado 20K Puffs Produkta \u012bpa\u0161\u012bbas<\/strong><\/h2>\n<ul>\n<li data-start=\"1946\" data-end=\"2049\">\n<p data-start=\"1948\" data-end=\"2049\"><strong data-start=\"1948\" data-end=\"1973\">20000 p\u012bpju ietilp\u012bba:<\/strong> Izstr\u0101d\u0101ts, lai kalpotu iev\u0113rojami ilg\u0101k nek\u0101 standarta vienreizlietojamie vape pildspalvas.<\/p>\n<\/li>\n<li data-start=\"2050\" data-end=\"2149\">\n<p data-start=\"2052\" data-end=\"2149\"><strong data-start=\"2052\" data-end=\"2079\">28ml E-\u0161\u0137idruma ietilp\u012bba:<\/strong> Samazina nomai\u0146as bie\u017eumu un uzlabo kop\u0113jo izmaksu efektivit\u0101ti.<\/p>\n<\/li>\n<li data-start=\"2150\" data-end=\"2239\">\n<p data-start=\"2152\" data-end=\"2239\"><strong data-start=\"2152\" data-end=\"2175\">LED displejs:<\/strong> Skaidri r\u0101da akumulatora un e\u013c\u013cas l\u012bmeni, lai uzlabotu lietot\u0101ja kontroli.<\/p>\n<\/li>\n<li data-start=\"2240\" data-end=\"2311\">\n<p data-start=\"2242\" data-end=\"2311\"><strong data-start=\"2242\" data-end=\"2261\">0,6\u03a9 T\u012bkla spole:<\/strong> Nodro\u0161ina gludu tvaiku un stabilu arom\u0101ta izvadi.<\/p>\n<\/li>\n<li data-start=\"2312\" data-end=\"2404\">\n<p data-start=\"2314\" data-end=\"2404\"><strong data-start=\"2314\" data-end=\"2339\">Uzl\u0101d\u0113jams akumulators:<\/strong> 850mAh Type-C uzl\u0101de atbalsta ilg\u0101ku lieto\u0161anu un lab\u0101ku v\u0113rt\u012bbu.<\/p>\n<\/li>\n<\/ul>\n<div><\/div>\n<h2 class=\"product-title\"><strong>UZY Tornado 20K Puffs Gar\u0161u saraksts<\/strong><\/h2>\n<h2 data-start=\"1625\" data-end=\"1639\"><\/h2>\n<ol data-start=\"1641\" data-end=\"1894\">\n<li data-start=\"1641\" data-end=\"1667\">\n<p data-start=\"1644\" data-end=\"1667\">Zeme\u0146u Arb\u016bzs<\/p>\n<\/li>\n<li data-start=\"1668\" data-end=\"1689\">\n<p data-start=\"1671\" data-end=\"1689\">Melle\u0146u ledus<\/p>\n<\/li>\n<li data-start=\"1690\" data-end=\"1716\">\n<p data-start=\"1693\" data-end=\"1716\">Persiku mango ananass<\/p>\n<\/li>\n<li data-start=\"1717\" data-end=\"1731\">\n<p data-start=\"1720\" data-end=\"1731\">V\u012bnogu ledus<\/p>\n<\/li>\n<li data-start=\"1732\" data-end=\"1751\">\n<p data-start=\"1735\" data-end=\"1751\">Arb\u016bzu ledus<\/p>\n<\/li>\n<li data-start=\"1752\" data-end=\"1766\">\n<p data-start=\"1755\" data-end=\"1766\">Persiku ledus<\/p>\n<\/li>\n<li data-start=\"1767\" data-end=\"1787\">\n<p data-start=\"1770\" data-end=\"1787\">Zeme\u0146u kivi<\/p>\n<\/li>\n<li data-start=\"1788\" data-end=\"1812\">\n<p data-start=\"1791\" data-end=\"1812\">Melle\u0146u ave\u0146u<\/p>\n<\/li>\n<li data-start=\"1813\" data-end=\"1836\">\n<p data-start=\"1816\" data-end=\"1836\">Kivi Passion Fruit<\/p>\n<\/li>\n<li data-start=\"1837\" data-end=\"1850\">\n<p data-start=\"1841\" data-end=\"1850\">MR Blue<\/p>\n<\/li>\n<li data-start=\"1851\" data-end=\"1873\">\n<p data-start=\"1855\" data-end=\"1873\">Triple Mango Ice<\/p>\n<\/li>\n<li data-start=\"1874\" data-end=\"1894\">\n<p data-start=\"1878\" data-end=\"1894\">Sarkanais ener\u0123ijas ledus<\/p>\n<\/li>\n<\/ol>\n<figure id=\"attachment_4811\" aria-describedby=\"caption-attachment-4811\" style=\"width: 300px\" class=\"wp-caption alignnone\"><img decoding=\"async\" class=\"size-medium wp-image-4811\" src=\"https:\/\/vapestornado.com\/wp-content\/uploads\/2026\/01\/UZY-Tornado-20000-Puffs-Nicotine-Disposable-Vape-300x300.webp\" alt=\"UZY Tornado 20000 Puffs Nikot\u012bna vienreizlietojamais vape\" width=\"300\" height=\"300\" srcset=\"https:\/\/vapestornado.com\/wp-content\/uploads\/2026\/01\/UZY-Tornado-20000-Puffs-Nicotine-Disposable-Vape-300x300.webp 300w, https:\/\/vapestornado.com\/wp-content\/uploads\/2026\/01\/UZY-Tornado-20000-Puffs-Nicotine-Disposable-Vape-1024x1024.webp 1024w, https:\/\/vapestornado.com\/wp-content\/uploads\/2026\/01\/UZY-Tornado-20000-Puffs-Nicotine-Disposable-Vape-150x150.webp 150w, https:\/\/vapestornado.com\/wp-content\/uploads\/2026\/01\/UZY-Tornado-20000-Puffs-Nicotine-Disposable-Vape-768x768.webp 768w, https:\/\/vapestornado.com\/wp-content\/uploads\/2026\/01\/UZY-Tornado-20000-Puffs-Nicotine-Disposable-Vape-12x12.webp 12w, https:\/\/vapestornado.com\/wp-content\/uploads\/2026\/01\/UZY-Tornado-20000-Puffs-Nicotine-Disposable-Vape-600x600.webp 600w, https:\/\/vapestornado.com\/wp-content\/uploads\/2026\/01\/UZY-Tornado-20000-Puffs-Nicotine-Disposable-Vape-100x100.webp 100w, https:\/\/vapestornado.com\/wp-content\/uploads\/2026\/01\/UZY-Tornado-20000-Puffs-Nicotine-Disposable-Vape.webp 1280w\" sizes=\"(max-width: 300px) 100vw, 300px\" \/><figcaption id=\"caption-attachment-4811\" class=\"wp-caption-text\">UZY Tornado 20000 Puffs Nikot\u012bna vienreizlietojamais vape<\/figcaption><\/figure>\n<div class=\"flex-shrink-0 flex flex-col relative items-end\">\n<div class=\"pt-0\">\n<div class=\"gizmo-bot-avatar flex h-8 w-8 items-center justify-center overflow-hidden rounded-full\">\n<div class=\"relative p-1 rounded-sm flex items-center justify-center bg-token-main-surface-primary text-token-text-primary h-8 w-8\">\n<h2 data-start=\"1200\" data-end=\"1487\">Vapes Tornado \u2013 J\u016bsu vairumtirdzniec\u012bbas tie\u0161saistes e-izsmidzin\u0101\u0161anas veikals popul\u0101riem vadiem<\/h2>\n<p data-start=\"72\" data-end=\"396\"><strong data-start=\"72\" data-end=\"89\">Vapes Tornado<\/strong> ir Eiropai orient\u0113ts vairumtirdzniec\u012bbas tie\u0161saistes e-izsmidzin\u0101\u0161anas veikals, kas pied\u0101v\u0101 r\u016bp\u012bgi atlas\u012btu <strong data-start=\"178\" data-end=\"195\">popul\u0101ru vadi<\/strong> profesion\u0101liem pirc\u0113jiem. M\u0113s sadarbojamies ar mazumtirgot\u0101jiem, izplat\u012bt\u0101jiem un tie\u0161saistes veikaliem vis\u0101 Eiropas Savien\u012bb\u0101, kuriem nepiecie\u0161ama stabila pieg\u0101de, skaidra produktu inform\u0101cija un z\u012bmoli, kurus klienti jau atpaz\u012bst un uzticas.<\/p>\n<p data-start=\"398\" data-end=\"687\">M\u0113s sadarbojamies ar uzticamiem z\u012bmoliem, piem\u0113ram, <strong data-start=\"247\" data-end=\"352\">Elf Bar Vape, WASPE Vape, <a href=\"https:\/\/vapestornado.com\/lv\/product\/uzy-150k-puffs-6-in-1-flavor-switch-disposable-vape-pen-wholesale\/\">UZY Vape<\/a>, Bang Vape, Razz Bar Vape, <a href=\"https:\/\/vapestornado.com\/lv\/product\/randm-12000-puffs-fumot-digital-disposable-vape-wholesale-price\/\">Fumot VAPE<\/a>, <a href=\"https:\/\/vapestornado.com\/lv\/product\/original-wga-ultra-35k-35000-puff-rechargeable-crystal-disposable-nicotine-vape-best-discount-price\/\">WGA VAPE<\/a>, <a href=\"https:\/\/vapestornado.com\/lv\/product\/vozol-gear-shisha-25k-25000-puffs-best-dtl-disposable-vape-hookah-cheap-price\/\">VOZOL BAR VAPE<\/a>,\u00a0un Stag Bar Vape<\/strong>, izv\u0113l\u0113ti p\u0113c konsekventas kvalit\u0101tes un sp\u0113c\u012bgas piepras\u012bjuma Eiropas tirg\u016b.<\/p>\n<h4 data-start=\"1080\" data-end=\"1120\">Izstr\u0101d\u0101ts Eiropas vairumtirdzniec\u012bbas pirc\u0113jiem<\/h4>\n<p data-start=\"1121\" data-end=\"1189\">Vapes Tornado ir struktur\u0113ts ap Eiropas vairumtirdzniec\u012bbas pirc\u0113ju patiesaj\u0101m vajadz\u012bb\u0101m:<\/p>\n<ul data-start=\"1190\" data-end=\"1400\">\n<li data-start=\"1190\" data-end=\"1239\">\n<p data-start=\"1192\" data-end=\"1239\">Konkur\u0113tsp\u0113j\u012bgas vairumtirdzniec\u012bbas cenas lielapjom\u0101<\/p>\n<\/li>\n<li data-start=\"1240\" data-end=\"1289\">\n<p data-start=\"1242\" data-end=\"1289\">Skait\u013ci un specifik\u0101cijas skaidri aprakst\u012bti<\/p>\n<\/li>\n<li data-start=\"1290\" data-end=\"1330\">\n<p data-start=\"1292\" data-end=\"1330\">\u0100tra, uzticama Eiropas orient\u0113ta lo\u0123istika<\/p>\n<\/li>\n<li data-start=\"1331\" data-end=\"1400\">\n<p data-start=\"1333\" data-end=\"1400\">Katalogs, kas koncentr\u0113jas uz <strong data-start=\"1356\" data-end=\"1373\">popul\u0101ru vadi<\/strong>, ne p\u0101rpild\u012btiem SKU<\/p>\n<\/li>\n<\/ul>\n<h2 data-start=\"2064\" data-end=\"2115\">BUJ par UZY Tornado 20K Puffs Vienreizlietojamo Vape<\/h2>\n<p data-start=\"2708\" data-end=\"2813\"><strong data-start=\"2708\" data-end=\"2754\">1. Cik ilgi kalpo UZY Tornado 20k?<\/strong><br data-start=\"2754\" data-end=\"2757\" \/>Tas nodro\u0161ina l\u012bdz 20000 p\u012bp\u0113m atkar\u012bb\u0101 no lieto\u0161anas paradumiem.<\/p>\n<p data-start=\"2815\" data-end=\"2911\"><strong data-start=\"2815\" data-end=\"2858\">2. Vai UZY Tornado 20k ir uzl\u0101d\u0113jams?<\/strong><br data-start=\"2858\" data-end=\"2861\" \/>J\u0101, tas izmanto Type-C uzl\u0101d\u0113jamu 850mAh akumulatoru.<\/p>\n<p data-start=\"2913\" data-end=\"3030\"><strong data-start=\"2913\" data-end=\"2960\">3. Vai \u0161is vienreiz\u0113jais vape ir ar ekr\u0101nu?<\/strong><br data-start=\"2960\" data-end=\"2963\" \/>J\u0101, tas ietver LED ekr\u0101nu, kas r\u0101da akumulatora un e-\u0161\u0137idruma l\u012bmeni.<\/p>\n<p data-start=\"3032\" data-end=\"3119\"><strong data-start=\"3032\" data-end=\"3077\">4. K\u0101di nikot\u012bna stiprumi ir pieejami?<\/strong><br data-start=\"3077\" data-end=\"3080\" \/>Iesp\u0113jas ietver 0%, 2%, 3% un 5% nik.<\/p>\n<p data-start=\"3121\" data-end=\"3248\"><strong data-start=\"3121\" data-end=\"3171\">5. Vai tas ir piem\u0113rots vairumtirdzniec\u012bbas pas\u016bt\u012bjumiem?<\/strong><br data-start=\"3171\" data-end=\"3174\" \/>J\u0101, tas ir iepakots lielapjoma pas\u016bt\u012bjumiem un izstr\u0101d\u0101ts \u0101trai mazumtirdzniec\u012bbas apgroz\u012bjumam.<\/p>\n<\/div>\n<\/div>\n<\/div>\n<\/div>","protected":false},"excerpt":{"rendered":"<div class=\"flex max-w-full flex-col grow\">\n<div class=\"min-h-8 text-message relative flex w-full flex-col items-end gap-2 text-start break-words whitespace-normal [.text-message+&amp;]:mt-1\" dir=\"auto\" data-message-author-role=\"assistant\" data-message-id=\"2a9d6edf-5b3a-41c0-afc9-caef2e4c2c3b\" data-message-model-slug=\"gpt-5-2\">\n<div class=\"flex w-full flex-col gap-1 empty:hidden first:pt-[1px]\">\n<div class=\"markdown prose dark:prose-invert w-full break-words light markdown-new-styling\">\n<p data-start=\"3477\" data-end=\"3546\">UZY Tornado 20K Vienreiz\u0113jais Vape ar Ekr\u0101nu \u2013 20000 P\u016b\u0161i Vairumtirdzniec\u012bb\u0101<\/p>\n<p data-start=\"3550\" data-end=\"3608\">UZY Tornado 20000 P\u016b\u0161i Uzl\u0101d\u0113jams Vienreiz\u0113js Vape Pildspalva<\/p>\n<p data-start=\"3612\" data-end=\"3673\">UZY Tornado 20k Liels P\u016b\u0161u Vienreiz\u0113jais Vape Vairumtirdzniec\u012bbai<\/p>\n<\/div>\n<\/div>\n<\/div>\n<\/div>\n<p><strong>Pievienojiet Eimijas WhatsApp, lai sa\u0146emtu prec\u012bzu atbildi un atlaidi!<\/strong><\/p>\n<p><img fetchpriority=\"high\" decoding=\"async\" class=\"size-full wp-image-2932\" src=\"https:\/\/vapestornado.com\/wp-content\/uploads\/2024\/12\/Vape-Wholesale.jpg\" alt=\"Veipu Vairumtirdzniec\u012bba\" width=\"229\" height=\"300\" \/><\/p>\n<h3><a href=\"https:\/\/wa.me\/8617776015835\"><span style=\"color: #ff0000;\"><strong>WhatsApp: +86 17776015835<\/strong><\/span><\/a><\/h3>","protected":false},"featured_media":4805,"comment_status":"open","ping_status":"closed","template":"","meta":{"_acf_changed":false,"_uag_custom_page_level_css":"","_lmt_disableupdate":"no","_lmt_disable":"","_monsterinsights_skip_tracking":false,"_monsterinsights_sitenote_active":false,"_monsterinsights_sitenote_note":"","_monsterinsights_sitenote_category":0,"site-sidebar-layout":"default","site-content-layout":"","ast-site-content-layout":"default","site-content-style":"default","site-sidebar-style":"default","ast-global-header-display":"","ast-banner-title-visibility":"","ast-main-header-display":"","ast-hfb-above-header-display":"","ast-hfb-below-header-display":"","ast-hfb-mobile-header-display":"","site-post-title":"","ast-breadcrumbs-content":"","ast-featured-img":"","footer-sml-layout":"","ast-disable-related-posts":"","theme-transparent-header-meta":"default","adv-header-id-meta":"","stick-header-meta":"","header-above-stick-meta":"","header-main-stick-meta":"","header-below-stick-meta":"","astra-migrate-meta-layouts":"set","ast-page-background-enabled":"default","ast-page-background-meta":{"desktop":{"background-color":"","background-image":"","background-repeat":"repeat","background-position":"center center","background-size":"auto","background-attachment":"scroll","background-type":"","background-media":"","overlay-type":"","overlay-color":"","overlay-opacity":"","overlay-gradient":""},"tablet":{"background-color":"","background-image":"","background-repeat":"repeat","background-position":"center center","background-size":"auto","background-attachment":"scroll","background-type":"","background-media":"","overlay-type":"","overlay-color":"","overlay-opacity":"","overlay-gradient":""},"mobile":{"background-color":"","background-image":"","background-repeat":"repeat","background-position":"center center","background-size":"auto","background-attachment":"scroll","background-type":"","background-media":"","overlay-type":"","overlay-color":"","overlay-opacity":"","overlay-gradient":""}},"ast-content-background-meta":{"desktop":{"background-color":"var(--ast-global-color-5)","background-image":"","background-repeat":"repeat","background-position":"center center","background-size":"auto","background-attachment":"scroll","background-type":"","background-media":"","overlay-type":"","overlay-color":"","overlay-opacity":"","overlay-gradient":""},"tablet":{"background-color":"var(--ast-global-color-5)","background-image":"","background-repeat":"repeat","background-position":"center center","background-size":"auto","background-attachment":"scroll","background-type":"","background-media":"","overlay-type":"","overlay-color":"","overlay-opacity":"","overlay-gradient":""},"mobile":{"background-color":"var(--ast-global-color-5)","background-image":"","background-repeat":"repeat","background-position":"center center","background-size":"auto","background-attachment":"scroll","background-type":"","background-media":"","overlay-type":"","overlay-color":"","overlay-opacity":"","overlay-gradient":""}},"_joinchat":[]},"product_brand":[],"product_cat":[69,149,150,152,153,156,142,146,356],"product_tag":[287,550,478,548,546,547,549,513,93,512],"class_list":{"0":"post-4812","1":"product","2":"type-product","3":"status-publish","4":"has-post-thumbnail","6":"product_cat-20000-puff","7":"product_cat-buy-disposable-vapes-in-austria","8":"product_cat-buy-disposable-vapes-in-belgium","9":"product_cat-buy-disposable-vapes-in-cermany","10":"product_cat-buy-disposable-vapes-in-italy","11":"product_cat-buy-disposable-vapes-in-poland","12":"product_cat-digital-box-disposable-vapes","13":"product_cat-rechargeable-disposable-vapes","14":"product_cat-uzy-vape","15":"product_tag-disposable-vape-pen","16":"product_tag-disposable-vape-with-screen","17":"product_tag-monkey-vape","18":"product_tag-torando-vape","19":"product_tag-uzy-tornado-20000-puffs","20":"product_tag-uzy-tornado-20k","21":"product_tag-vape-cheap-price","22":"product_tag-vape-discount-price","23":"product_tag-vape-wholesale","24":"product_tag-vape-wholesale-distributor","25":"desktop-align-left","26":"tablet-align-left","27":"mobile-align-left","29":"first","30":"instock","31":"sale","32":"shipping-taxable","33":"purchasable","34":"product-type-simple"},"acf":[],"uagb_featured_image_src":{"full":["https:\/\/vapestornado.com\/wp-content\/uploads\/2026\/01\/UZY-TORNADO-20K-Puffs-Screen-Low-Nicotine-Bulk-Buy.webp",800,800,false],"thumbnail":["https:\/\/vapestornado.com\/wp-content\/uploads\/2026\/01\/UZY-TORNADO-20K-Puffs-Screen-Low-Nicotine-Bulk-Buy-150x150.webp",150,150,true],"medium":["https:\/\/vapestornado.com\/wp-content\/uploads\/2026\/01\/UZY-TORNADO-20K-Puffs-Screen-Low-Nicotine-Bulk-Buy-300x300.webp",300,300,true],"medium_large":["https:\/\/vapestornado.com\/wp-content\/uploads\/2026\/01\/UZY-TORNADO-20K-Puffs-Screen-Low-Nicotine-Bulk-Buy-768x768.webp",768,768,true],"large":["https:\/\/vapestornado.com\/wp-content\/uploads\/2026\/01\/UZY-TORNADO-20K-Puffs-Screen-Low-Nicotine-Bulk-Buy.webp",800,800,false],"1536x1536":["https:\/\/vapestornado.com\/wp-content\/uploads\/2026\/01\/UZY-TORNADO-20K-Puffs-Screen-Low-Nicotine-Bulk-Buy.webp",800,800,false],"2048x2048":["https:\/\/vapestornado.com\/wp-content\/uploads\/2026\/01\/UZY-TORNADO-20K-Puffs-Screen-Low-Nicotine-Bulk-Buy.webp",800,800,false],"trp-custom-language-flag":["https:\/\/vapestornado.com\/wp-content\/uploads\/2026\/01\/UZY-TORNADO-20K-Puffs-Screen-Low-Nicotine-Bulk-Buy-12x12.webp",12,12,true],"woocommerce_thumbnail":["https:\/\/vapestornado.com\/wp-content\/uploads\/2026\/01\/UZY-TORNADO-20K-Puffs-Screen-Low-Nicotine-Bulk-Buy-300x300.webp",300,300,true],"woocommerce_single":["https:\/\/vapestornado.com\/wp-content\/uploads\/2026\/01\/UZY-TORNADO-20K-Puffs-Screen-Low-Nicotine-Bulk-Buy-600x600.webp",600,600,true],"woocommerce_gallery_thumbnail":["https:\/\/vapestornado.com\/wp-content\/uploads\/2026\/01\/UZY-TORNADO-20K-Puffs-Screen-Low-Nicotine-Bulk-Buy-100x100.webp",100,100,true]},"uagb_author_info":{"display_name":"ESAMY","author_link":"https:\/\/vapestornado.com\/lv\/author\/"},"uagb_comment_info":0,"uagb_excerpt":"UZY Tornado 20K Disposable Vape with Screen \u2013 20000 Puffs Wholesale UZY Tornado 20000 Puffs Rechargeable Disposable Vape Pen UZY Tornado 20k Big Puff Disposable Vape for Vape Wholesale Add Amy's whatsapp to get right reply and discount price! WhatsApp: +86 17776015835","_links":{"self":[{"href":"https:\/\/vapestornado.com\/lv\/wp-json\/wp\/v2\/product\/4812","targetHints":{"allow":["GET"]}}],"collection":[{"href":"https:\/\/vapestornado.com\/lv\/wp-json\/wp\/v2\/product"}],"about":[{"href":"https:\/\/vapestornado.com\/lv\/wp-json\/wp\/v2\/types\/product"}],"replies":[{"embeddable":true,"href":"https:\/\/vapestornado.com\/lv\/wp-json\/wp\/v2\/comments?post=4812"}],"wp:featuredmedia":[{"embeddable":true,"href":"https:\/\/vapestornado.com\/lv\/wp-json\/wp\/v2\/media\/4805"}],"wp:attachment":[{"href":"https:\/\/vapestornado.com\/lv\/wp-json\/wp\/v2\/media?parent=4812"}],"wp:term":[{"taxonomy":"product_brand","embeddable":true,"href":"https:\/\/vapestornado.com\/lv\/wp-json\/wp\/v2\/product_brand?post=4812"},{"taxonomy":"product_cat","embeddable":true,"href":"https:\/\/vapestornado.com\/lv\/wp-json\/wp\/v2\/product_cat?post=4812"},{"taxonomy":"product_tag","embeddable":true,"href":"https:\/\/vapestornado.com\/lv\/wp-json\/wp\/v2\/product_tag?post=4812"}],"curies":[{"name":"wp","href":"https:\/\/api.w.org\/{rel}","templated":true}]}}