{"id":4803,"date":"2026-01-14T07:52:29","date_gmt":"2026-01-14T07:52:29","guid":{"rendered":"https:\/\/vapestornado.com\/?post_type=product&#038;p=4803"},"modified":"2026-01-14T07:59:53","modified_gmt":"2026-01-14T07:59:53","slug":"runchunfu-200k-puffs-3-flavor-disposable-vape-wholesale-2-nic","status":"publish","type":"product","link":"https:\/\/vapestornado.com\/lv\/product\/runchunfu-200k-puffs-3-flavor-disposable-vape-wholesale-2-nic\/","title":{"rendered":"RUNCHUNFU 200k P\u016b\u0161ieni 3 Gar\u0161u Vienreizlietojam\u0101 Vape Vairumtirdzniec\u012bba 2% Nic"},"content":{"rendered":"<h1 data-start=\"0\" data-end=\"87\">RUNCHUNFU 200K P\u016b\u0161ieni 3 Gar\u0161u Vienreizlietojam\u0101 Vape \u2013 Vairumtirdzniec\u012bba 2% Nic<\/h1>\n<p data-start=\"102\" data-end=\"545\">T\u0101 <strong data-start=\"106\" data-end=\"130\">RUNCHUNFU 200k P\u016b\u0161ieni<\/strong> izstr\u0101d\u0101ts vairumtirdzniec\u012bbas partneriem, kuriem nepiecie\u0161ams <strong data-start=\"167\" data-end=\"184\">liels p\u016b\u0161amo vape<\/strong> ar sp\u0113c\u012bgu plauktu pievilc\u012bbu un ilgtsp\u0113j\u012bgu uzticam\u012bbu. Izstr\u0101d\u0101ts k\u0101 <strong data-start=\"251\" data-end=\"279\">3 Gar\u0161u Vienreizlietojam\u0101 Vape<\/strong>, tas \u013cauj lietot\u0101jiem p\u0101rsl\u0113gties starp trim gar\u0161\u0101m vien\u0101 ier\u012bc\u0113, nodro\u0161inot vair\u0101k da\u017e\u0101d\u012bbas un samazinot noliktavas spiedienu mazumtirgot\u0101jiem. \u0160is <strong data-start=\"418\" data-end=\"444\">gar\u0161u regul\u0113jams vape<\/strong> form\u0101ts ir pier\u0101d\u012bjis, ka tas palielina atk\u0101rtotas pirk\u0161anas un klientu apmierin\u0101t\u012bbas l\u012bmeni EU vienreizlietojam\u0101 tirg\u016b.<\/p>\n<p data-start=\"547\" data-end=\"889\">Ar milz\u012bgu <strong data-start=\"562\" data-end=\"585\">200 000 p\u016b\u0161ienu nov\u0113rt\u0113jums<\/strong>, a <strong data-start=\"589\" data-end=\"615\">58 ml e-\u0161\u0137idruma ietilp\u012bba<\/strong>un <strong data-start=\"623\" data-end=\"646\">0.8\u03a9 dubult\u0101 re\u017e\u0123a spir\u0101le<\/strong>, tad <strong data-start=\"652\" data-end=\"676\">RUNCHUNFU 200k P\u016b\u0161ieni<\/strong> nodro\u0161ina gludu tvaiku un stabilu gar\u0161u no pirm\u0101 l\u012bdz p\u0113d\u0113jam ieelpojumam. Darbojas ar <strong data-start=\"763\" data-end=\"817\">650mAh Type-C uzl\u0101d\u0113jama vienreiz\u0113j\u0101s lieto\u0161anas vape akumulators<\/strong>, tas uztur konsekventu jaudu, vienlaikus padarot uzl\u0101di vienk\u0101r\u0161u un \u0101tru.<\/p>\n<p data-start=\"891\" data-end=\"1195\">Skaidrs <strong data-start=\"899\" data-end=\"913\">LED ekr\u0101ns<\/strong> par\u0101da abus <strong data-start=\"925\" data-end=\"962\">akumulatora uzl\u0101des l\u012bmeni un e-\u0161\u0137idruma statusu<\/strong>, samazinot ier\u012bces atgrie\u0161anas gad\u012bjumus un uzlabojot lietot\u0101ju uztic\u012bbu. Pieejams <strong data-start=\"1032\" data-end=\"1042\">2% nik<\/strong> un cit\u0101s stipr\u012bb\u0101s, \u0161\u012b ier\u012bce ir piem\u0113rota gan vieglajiem, gan regul\u0101rajiem lietot\u0101jiem, padarot to ide\u0101lu <strong data-start=\"1131\" data-end=\"1149\">Veipu Vairumtirdzniec\u012bba<\/strong> pirc\u0113jiem, kas m\u0113r\u0137\u0113 uz da\u017e\u0101d\u0101m klientu segmentiem.<\/p>\n<p data-start=\"1197\" data-end=\"1397\">Ja mekl\u0113jat <strong data-start=\"1222\" data-end=\"1245\">vape atlaides cenu<\/strong> produktu, kas joproj\u0101m pied\u0101v\u0101 augstas klases veiktsp\u0113ju un ultraaugstu p\u016b\u0161anas jaudu, <strong data-start=\"1326\" data-end=\"1350\">RUNCHUNFU 200k P\u016b\u0161ieni<\/strong> ir gudra izv\u0113le jebkurai Eiropas Savien\u012bbas vairumtirdzniec\u012bbas l\u012bnijai.<\/p>\n<p><strong><span style=\"color: #ff0000;\">Pievienojiet Eimijas whatsapp, lai sa\u0146emtu pareizu atbildi un iztvaic\u0113t\u0101ja kuponu!<\/span><\/strong><\/p>\n<p><img fetchpriority=\"high\" decoding=\"async\" class=\"size-full wp-image-2932\" src=\"https:\/\/vapestornado.com\/wp-content\/uploads\/2024\/12\/Vape-Wholesale.jpg\" alt=\"Veipu Vairumtirdzniec\u012bba\" width=\"229\" height=\"300\" \/><\/p>\n<h3><a href=\"https:\/\/wa.me\/8617776015835\" target=\"_blank\" rel=\"noopener\"><span style=\"color: #ff0000;\"><strong>WhatsApp: +86 17776015835<\/strong><\/span><\/a><\/h3>\n<p>&nbsp;<\/p>\n<h2><strong>RUNCHUNFU 200k Puffs Produkta \u012bpa\u0161\u012bbas<\/strong><\/h2>\n<ul>\n<li data-start=\"1453\" data-end=\"1538\">\n<p data-start=\"1455\" data-end=\"1538\"><strong data-start=\"1455\" data-end=\"1472\">200 000 Puffs<\/strong> \u2013 Izstr\u0101d\u0101ts ultrailgai lieto\u0161anai ar maz\u0101k\u0101m ier\u012bces nomai\u0146\u0101m.<\/p>\n<\/li>\n<li data-start=\"1539\" data-end=\"1631\">\n<p data-start=\"1541\" data-end=\"1631\"><strong data-start=\"1541\" data-end=\"1558\">58ml E-Likv\u012bds<\/strong> \u2013 Liela e\u013c\u013cas ietilp\u012bba nodro\u0161ina konsekventu gar\u0161u ilg\u0101k\u0101 laika posm\u0101.<\/p>\n<\/li>\n<li data-start=\"1632\" data-end=\"1715\">\n<p data-start=\"1634\" data-end=\"1715\"><strong data-start=\"1634\" data-end=\"1657\">0.8\u03a9 Dubult\u0101 re\u017e\u0123a sild\u012bt\u0101js<\/strong> \u2013 Nodro\u0161ina gludu tvaiku un stabilu gar\u0161u katr\u0101 ieelpo\u0161an\u0101.<\/p>\n<\/li>\n<li data-start=\"1716\" data-end=\"1804\">\n<p data-start=\"1718\" data-end=\"1804\"><strong data-start=\"1718\" data-end=\"1740\">3 Gar\u0161u p\u0101rsl\u0113g\u0161ana<\/strong> \u2013 \u013cauj lietot\u0101jiem rot\u0113t starp trim gar\u0161\u0101m vien\u0101 ier\u012bc\u0113.<\/p>\n<\/li>\n<li data-start=\"1805\" data-end=\"1891\">\n<p data-start=\"1807\" data-end=\"1891\"><strong data-start=\"1807\" data-end=\"1825\">650 mAh akumulators<\/strong> \u2013 Nodro\u0161ina uzticamu jaudu visa ier\u012bces dz\u012bves cikla laik\u0101.<\/p>\n<\/li>\n<li data-start=\"1892\" data-end=\"1972\">\n<p data-start=\"1894\" data-end=\"1972\"><strong data-start=\"1894\" data-end=\"1913\">Type-C uzl\u0101de<\/strong> \u2013 \u013bauj \u0101tru, m\u016bsdien\u012bgu uzl\u0101di ikdienas \u0113rt\u012bb\u0101m.<\/p>\n<\/li>\n<li data-start=\"1973\" data-end=\"2037\">\n<p data-start=\"1975\" data-end=\"2037\"><strong data-start=\"1975\" data-end=\"1990\">LED displejs<\/strong> \u2013 Skaidri r\u0101da akumulatora un e-\u0161\u0137idruma l\u012bmeni.<\/p>\n<\/li>\n<li data-start=\"2038\" data-end=\"2125\">\n<p data-start=\"2040\" data-end=\"2125\"><strong data-start=\"2040\" data-end=\"2068\">Regul\u0113jama arom\u0101ta sist\u0113ma<\/strong> \u2013 Uzlabo lietot\u0101ja kontroli un atk\u0101rtotas pirk\u0161anas iesp\u0113jas.<\/p>\n<\/li>\n<\/ul>\n<div class=\"mceTemp\"><\/div>\n<div>\n<div class=\"mceTemp\"><\/div>\n<figure id=\"attachment_4798\" aria-describedby=\"caption-attachment-4798\" style=\"width: 300px\" class=\"wp-caption alignnone\"><img decoding=\"async\" class=\"size-medium wp-image-4798\" src=\"https:\/\/vapestornado.com\/wp-content\/uploads\/2026\/01\/Runchunfu-200K-Puffs-3-in-1-Vape-Disposable-300x300.webp\" alt=\"Runchunfu 200K p\u016btieni 3 in 1 vienreiz\u0113j\u0101 vape\" width=\"300\" height=\"300\" srcset=\"https:\/\/vapestornado.com\/wp-content\/uploads\/2026\/01\/Runchunfu-200K-Puffs-3-in-1-Vape-Disposable-300x300.webp 300w, https:\/\/vapestornado.com\/wp-content\/uploads\/2026\/01\/Runchunfu-200K-Puffs-3-in-1-Vape-Disposable-150x150.webp 150w, https:\/\/vapestornado.com\/wp-content\/uploads\/2026\/01\/Runchunfu-200K-Puffs-3-in-1-Vape-Disposable-768x768.webp 768w, https:\/\/vapestornado.com\/wp-content\/uploads\/2026\/01\/Runchunfu-200K-Puffs-3-in-1-Vape-Disposable-12x12.webp 12w, https:\/\/vapestornado.com\/wp-content\/uploads\/2026\/01\/Runchunfu-200K-Puffs-3-in-1-Vape-Disposable-600x600.webp 600w, https:\/\/vapestornado.com\/wp-content\/uploads\/2026\/01\/Runchunfu-200K-Puffs-3-in-1-Vape-Disposable-100x100.webp 100w, https:\/\/vapestornado.com\/wp-content\/uploads\/2026\/01\/Runchunfu-200K-Puffs-3-in-1-Vape-Disposable.webp 800w\" sizes=\"(max-width: 300px) 100vw, 300px\" \/><figcaption id=\"caption-attachment-4798\" class=\"wp-caption-text\">Runchunfu 200K p\u016btieni 3 in 1 vienreiz\u0113j\u0101 vape<\/figcaption><\/figure>\n<\/div>\n<h2 class=\"product-title\"><strong>RUNCHUNFU 200k p\u016btienu arom\u0101tu saraksts<\/strong><\/h2>\n<p data-start=\"3215\" data-end=\"3339\">1.Arb\u016bza ledus<br \/>\n2. Zemenes arb\u016bzs &amp; Zemenes ave\u0146u konfekte &amp; Zilais Razz<br \/>\n3.Melle\u0146u ledus<br \/>\n4.Zeme\u0146u ave\u0146u \u0137irsis<br \/>\n5.Persiku ledus<br \/>\n6.Red Bull ledus<br \/>\n7. Sajauktas ogas &amp; Piparm\u0113tra &amp; Varav\u012bksnes konfekte<br \/>\n8. V\u012bnogu ledus &amp; Zeme\u0146u &amp; Anan\u0101sa ledus<br \/>\n9. Zeme\u0146u ban\u0101ns &amp; Anan\u0101sa kokosriekstu ledus &amp; Mango ledus<br \/>\n10. \u010cere\u0161u kola ledus &amp; Zeme\u0146u kola &amp; Kola<\/p>\n<p>&nbsp;<\/p>\n<div class=\"flex-shrink-0 flex flex-col relative items-end\">\n<div class=\"pt-0\">\n<div class=\"gizmo-bot-avatar flex h-8 w-8 items-center justify-center overflow-hidden rounded-full\">\n<div class=\"relative p-1 rounded-sm flex items-center justify-center bg-token-main-surface-primary text-token-text-primary h-8 w-8\">\n<h2 data-start=\"1200\" data-end=\"1487\">Vapes Tornado \u2013 J\u016bsu vairumtirdzniec\u012bbas tie\u0161saistes e-izsmidzin\u0101\u0161anas veikals popul\u0101riem vadiem<\/h2>\n<p data-start=\"72\" data-end=\"396\"><strong data-start=\"72\" data-end=\"89\">Vapes Tornado<\/strong> ir Eiropai orient\u0113ts vairumtirdzniec\u012bbas tie\u0161saistes e-izsmidzin\u0101\u0161anas veikals, kas pied\u0101v\u0101 r\u016bp\u012bgi atlas\u012btu <strong data-start=\"178\" data-end=\"195\">popul\u0101ru vadi<\/strong> profesion\u0101liem pirc\u0113jiem. M\u0113s sadarbojamies ar mazumtirgot\u0101jiem, izplat\u012bt\u0101jiem un tie\u0161saistes veikaliem vis\u0101 Eiropas Savien\u012bb\u0101, kuriem nepiecie\u0161ama stabila pieg\u0101de, skaidra produktu inform\u0101cija un z\u012bmoli, kurus klienti jau atpaz\u012bst un uzticas.<\/p>\n<p data-start=\"398\" data-end=\"687\">M\u0113s sadarbojamies ar uzticamiem z\u012bmoliem, piem\u0113ram, <strong data-start=\"247\" data-end=\"352\">Elf Bar Vape, WASPE Vape, <a href=\"https:\/\/vapestornado.com\/lv\/product\/uzy-150k-puffs-6-in-1-flavor-switch-disposable-vape-pen-wholesale\/\">UZY Vape<\/a>, Bang Vape, Razz Bar Vape, <a href=\"https:\/\/vapestornado.com\/lv\/product\/randm-12000-puffs-fumot-digital-disposable-vape-wholesale-price\/\">Fumot VAPE<\/a>, <a href=\"https:\/\/vapestornado.com\/lv\/product\/original-wga-ultra-35k-35000-puff-rechargeable-crystal-disposable-nicotine-vape-best-discount-price\/\">WGA VAPE<\/a>, <a href=\"https:\/\/vapestornado.com\/lv\/product\/vozol-gear-shisha-25k-25000-puffs-best-dtl-disposable-vape-hookah-cheap-price\/\">VOZOL BAR VAPE<\/a>,\u00a0un Stag Bar Vape<\/strong>, izv\u0113l\u0113ti p\u0113c konsekventas kvalit\u0101tes un sp\u0113c\u012bgas piepras\u012bjuma Eiropas tirg\u016b.<\/p>\n<h4 data-start=\"1080\" data-end=\"1120\">Izstr\u0101d\u0101ts Eiropas vairumtirdzniec\u012bbas pirc\u0113jiem<\/h4>\n<p data-start=\"1121\" data-end=\"1189\">Vapes Tornado ir struktur\u0113ts ap Eiropas vairumtirdzniec\u012bbas pirc\u0113ju patiesaj\u0101m vajadz\u012bb\u0101m:<\/p>\n<ul data-start=\"1190\" data-end=\"1400\">\n<li data-start=\"1190\" data-end=\"1239\">\n<p data-start=\"1192\" data-end=\"1239\">Konkur\u0113tsp\u0113j\u012bgas vairumtirdzniec\u012bbas cenas lielapjom\u0101<\/p>\n<\/li>\n<li data-start=\"1240\" data-end=\"1289\">\n<p data-start=\"1242\" data-end=\"1289\">Skait\u013ci un specifik\u0101cijas skaidri aprakst\u012bti<\/p>\n<\/li>\n<li data-start=\"1290\" data-end=\"1330\">\n<p data-start=\"1292\" data-end=\"1330\">\u0100tra, uzticama Eiropas orient\u0113ta lo\u0123istika<\/p>\n<\/li>\n<li data-start=\"1331\" data-end=\"1400\">\n<p data-start=\"1333\" data-end=\"1400\">Katalogs, kas koncentr\u0113jas uz <strong data-start=\"1356\" data-end=\"1373\">popul\u0101ru vadi<\/strong>, ne p\u0101rpild\u012btiem SKU<\/p>\n<\/li>\n<\/ul>\n<h2 data-start=\"2064\" data-end=\"2115\">BUJ par RUNCHUNFU 200k p\u016btienu vienreiz\u0113jo vape<\/h2>\n<p data-start=\"2710\" data-end=\"2843\"><strong data-start=\"2710\" data-end=\"2761\">1. Cik ilgi kalpo RUNCHUNFU 200k p\u016btieni?<\/strong><br data-start=\"2761\" data-end=\"2764\" \/>Ar l\u012bdz 200 000 p\u016btieniem tas var ilgt ned\u0113\u013c\u0101m vai ilg\u0101k, atkar\u012bb\u0101 no lietot\u0101ja paradumiem.<\/p>\n<p data-start=\"2845\" data-end=\"2953\"><strong data-start=\"2845\" data-end=\"2888\">2. Vai lietot\u0101ji var main\u012bt arom\u0101tus lieto\u0161anas laik\u0101?<\/strong><br data-start=\"2888\" data-end=\"2891\" \/>J\u0101, ier\u012bce atbalsta tr\u012bs p\u0101rsl\u0113dzamus arom\u0101tus vien\u0101 vien\u012bb\u0101.<\/p>\n<p data-start=\"2955\" data-end=\"3043\"><strong data-start=\"2955\" data-end=\"2990\">3. Vai akumulators ir uzl\u0101d\u0113jams?<\/strong><br data-start=\"2990\" data-end=\"2993\" \/>J\u0101, tai ir 650mAh akumulators ar Type-C uzl\u0101di.<\/p>\n<p data-start=\"3045\" data-end=\"3143\"><strong data-start=\"3045\" data-end=\"3090\">4. K\u0101di nikot\u012bna stiprumi ir pieejami?<\/strong><br data-start=\"3090\" data-end=\"3093\" \/>T\u0101 ir pieejama opcij\u0101s 0%, 2%, 3% un 5% nikot\u012bna varianti.<\/p>\n<p data-start=\"3145\" data-end=\"3283\"><strong data-start=\"3145\" data-end=\"3191\">5. Vai tas ir piem\u0113rots Eiropas Savien\u012bbas vape vairumtirdzniec\u012bbai?<\/strong><br data-start=\"3191\" data-end=\"3194\" \/>J\u0101, tas ir paredz\u0113ts <strong data-start=\"3218\" data-end=\"3236\">Veipu Vairumtirdzniec\u012bba<\/strong> ar augstu p\u016b\u0161u skaitu un sp\u0113c\u012bgu mazumtirdzniec\u012bbas pievilc\u012bbu.<\/p>\n<\/div>\n<\/div>\n<\/div>\n<\/div>","protected":false},"excerpt":{"rendered":"<div class=\"flex max-w-full flex-col grow\">\n<div class=\"min-h-8 text-message relative flex w-full flex-col items-end gap-2 text-start break-words whitespace-normal [.text-message+&amp;]:mt-1\" dir=\"auto\" data-message-author-role=\"assistant\" data-message-id=\"2a9d6edf-5b3a-41c0-afc9-caef2e4c2c3b\" data-message-model-slug=\"gpt-5-2\">\n<div class=\"flex w-full flex-col gap-1 empty:hidden first:pt-[1px]\">\n<div class=\"markdown prose dark:prose-invert w-full break-words light markdown-new-styling\">\n<p data-start=\"3689\" data-end=\"3768\"><strong data-start=\"3689\" data-end=\"3766\">RUNCHUNFU 200k P\u016b\u0161ieni 3 Gar\u0161u Vienreizlietojam\u0101 Vape \u2013 Vairumtirdzniec\u012bba Liela P\u016b\u0161iena Ier\u012bce<\/strong><\/p>\n<p data-start=\"3772\" data-end=\"3847\"><strong data-start=\"3772\" data-end=\"3845\">RUNCHUNFU 200 000 P\u016b\u0161ieni Uzl\u0101d\u0113jama Vienreizlietojam\u0101 Vape ar Atlaidi<\/strong><\/p>\n<p data-start=\"3851\" data-end=\"3925\" data-is-last-node=\"\"><strong data-start=\"3851\" data-end=\"3925\" data-is-last-node=\"\">Gar\u0161u Regul\u0113jama RUNCHUNFU 200k Vape \u2013 Lielapjoma Pieg\u0101de EU Vairumtirdzniec\u012bbas Partneriem<\/strong><\/p>\n<\/div>\n<\/div>\n<\/div>\n<\/div>\n<p><strong>Pievienojiet Eimijas WhatsApp, lai sa\u0146emtu prec\u012bzu atbildi un atlaidi!<\/strong><\/p>\n<p><img fetchpriority=\"high\" decoding=\"async\" class=\"size-full wp-image-2932\" src=\"https:\/\/vapestornado.com\/wp-content\/uploads\/2024\/12\/Vape-Wholesale.jpg\" alt=\"Veipu Vairumtirdzniec\u012bba\" width=\"229\" height=\"300\" \/><\/p>\n<h3><a href=\"https:\/\/wa.me\/8617776015835\"><span style=\"color: #ff0000;\"><strong>WhatsApp: +86 17776015835<\/strong><\/span><\/a><\/h3>","protected":false},"featured_media":4800,"comment_status":"open","ping_status":"closed","template":"","meta":{"_acf_changed":false,"_uag_custom_page_level_css":"","_lmt_disableupdate":"no","_lmt_disable":"","_monsterinsights_skip_tracking":false,"_monsterinsights_sitenote_active":false,"_monsterinsights_sitenote_note":"","_monsterinsights_sitenote_category":0,"site-sidebar-layout":"default","site-content-layout":"","ast-site-content-layout":"default","site-content-style":"default","site-sidebar-style":"default","ast-global-header-display":"","ast-banner-title-visibility":"","ast-main-header-display":"","ast-hfb-above-header-display":"","ast-hfb-below-header-display":"","ast-hfb-mobile-header-display":"","site-post-title":"","ast-breadcrumbs-content":"","ast-featured-img":"","footer-sml-layout":"","ast-disable-related-posts":"","theme-transparent-header-meta":"default","adv-header-id-meta":"","stick-header-meta":"","header-above-stick-meta":"","header-main-stick-meta":"","header-below-stick-meta":"","astra-migrate-meta-layouts":"set","ast-page-background-enabled":"default","ast-page-background-meta":{"desktop":{"background-color":"","background-image":"","background-repeat":"repeat","background-position":"center center","background-size":"auto","background-attachment":"scroll","background-type":"","background-media":"","overlay-type":"","overlay-color":"","overlay-opacity":"","overlay-gradient":""},"tablet":{"background-color":"","background-image":"","background-repeat":"repeat","background-position":"center center","background-size":"auto","background-attachment":"scroll","background-type":"","background-media":"","overlay-type":"","overlay-color":"","overlay-opacity":"","overlay-gradient":""},"mobile":{"background-color":"","background-image":"","background-repeat":"repeat","background-position":"center center","background-size":"auto","background-attachment":"scroll","background-type":"","background-media":"","overlay-type":"","overlay-color":"","overlay-opacity":"","overlay-gradient":""}},"ast-content-background-meta":{"desktop":{"background-color":"var(--ast-global-color-5)","background-image":"","background-repeat":"repeat","background-position":"center center","background-size":"auto","background-attachment":"scroll","background-type":"","background-media":"","overlay-type":"","overlay-color":"","overlay-opacity":"","overlay-gradient":""},"tablet":{"background-color":"var(--ast-global-color-5)","background-image":"","background-repeat":"repeat","background-position":"center center","background-size":"auto","background-attachment":"scroll","background-type":"","background-media":"","overlay-type":"","overlay-color":"","overlay-opacity":"","overlay-gradient":""},"mobile":{"background-color":"var(--ast-global-color-5)","background-image":"","background-repeat":"repeat","background-position":"center center","background-size":"auto","background-attachment":"scroll","background-type":"","background-media":"","overlay-type":"","overlay-color":"","overlay-opacity":"","overlay-gradient":""}},"_joinchat":[]},"product_brand":[],"product_cat":[526,140,149,152,153,156,142,146],"product_tag":[355,354,545,94,544,543,513,93,512],"class_list":{"0":"post-4803","1":"product","2":"type-product","3":"status-publish","4":"has-post-thumbnail","6":"product_cat-200k-puff","7":"product_cat-big-puffs-disposable-vapes","8":"product_cat-buy-disposable-vapes-in-austria","9":"product_cat-buy-disposable-vapes-in-cermany","10":"product_cat-buy-disposable-vapes-in-italy","11":"product_cat-buy-disposable-vapes-in-poland","12":"product_cat-digital-box-disposable-vapes","13":"product_cat-rechargeable-disposable-vapes","14":"product_tag-big-puff-vape","15":"product_tag-flavor-adjustable-vape","16":"product_tag-flavor-disposable-vape","17":"product_tag-rechargeable-disposable-vape","18":"product_tag-runchunfu-200k","19":"product_tag-runchunfu-200k-puff","20":"product_tag-vape-discount-price","21":"product_tag-vape-wholesale","22":"product_tag-vape-wholesale-distributor","23":"desktop-align-left","24":"tablet-align-left","25":"mobile-align-left","27":"first","28":"instock","29":"sale","30":"shipping-taxable","31":"purchasable","32":"product-type-simple"},"acf":[],"uagb_featured_image_src":{"full":["https:\/\/vapestornado.com\/wp-content\/uploads\/2026\/01\/RUNCHUNFU-Triple-200k-Big-Puff-Disposable-Vapes.webp",800,800,false],"thumbnail":["https:\/\/vapestornado.com\/wp-content\/uploads\/2026\/01\/RUNCHUNFU-Triple-200k-Big-Puff-Disposable-Vapes-150x150.webp",150,150,true],"medium":["https:\/\/vapestornado.com\/wp-content\/uploads\/2026\/01\/RUNCHUNFU-Triple-200k-Big-Puff-Disposable-Vapes-300x300.webp",300,300,true],"medium_large":["https:\/\/vapestornado.com\/wp-content\/uploads\/2026\/01\/RUNCHUNFU-Triple-200k-Big-Puff-Disposable-Vapes-768x768.webp",768,768,true],"large":["https:\/\/vapestornado.com\/wp-content\/uploads\/2026\/01\/RUNCHUNFU-Triple-200k-Big-Puff-Disposable-Vapes.webp",800,800,false],"1536x1536":["https:\/\/vapestornado.com\/wp-content\/uploads\/2026\/01\/RUNCHUNFU-Triple-200k-Big-Puff-Disposable-Vapes.webp",800,800,false],"2048x2048":["https:\/\/vapestornado.com\/wp-content\/uploads\/2026\/01\/RUNCHUNFU-Triple-200k-Big-Puff-Disposable-Vapes.webp",800,800,false],"trp-custom-language-flag":["https:\/\/vapestornado.com\/wp-content\/uploads\/2026\/01\/RUNCHUNFU-Triple-200k-Big-Puff-Disposable-Vapes-12x12.webp",12,12,true],"woocommerce_thumbnail":["https:\/\/vapestornado.com\/wp-content\/uploads\/2026\/01\/RUNCHUNFU-Triple-200k-Big-Puff-Disposable-Vapes-300x300.webp",300,300,true],"woocommerce_single":["https:\/\/vapestornado.com\/wp-content\/uploads\/2026\/01\/RUNCHUNFU-Triple-200k-Big-Puff-Disposable-Vapes-600x600.webp",600,600,true],"woocommerce_gallery_thumbnail":["https:\/\/vapestornado.com\/wp-content\/uploads\/2026\/01\/RUNCHUNFU-Triple-200k-Big-Puff-Disposable-Vapes-100x100.webp",100,100,true]},"uagb_author_info":{"display_name":"ESAMY","author_link":"https:\/\/vapestornado.com\/lv\/author\/"},"uagb_comment_info":0,"uagb_excerpt":"RUNCHUNFU 200k Puffs 3 Flavor Disposable Vape \u2013 Wholesale Big Puff Device RUNCHUNFU 200,000 Puff Rechargeable Disposable Vape at Discount Price Flavor Adjustable RUNCHUNFU 200k Vape \u2013 Bulk Supply for EU Wholesalers Add Amy's whatsapp to get right reply and discount price! WhatsApp: +86 17776015835","_links":{"self":[{"href":"https:\/\/vapestornado.com\/lv\/wp-json\/wp\/v2\/product\/4803","targetHints":{"allow":["GET"]}}],"collection":[{"href":"https:\/\/vapestornado.com\/lv\/wp-json\/wp\/v2\/product"}],"about":[{"href":"https:\/\/vapestornado.com\/lv\/wp-json\/wp\/v2\/types\/product"}],"replies":[{"embeddable":true,"href":"https:\/\/vapestornado.com\/lv\/wp-json\/wp\/v2\/comments?post=4803"}],"wp:featuredmedia":[{"embeddable":true,"href":"https:\/\/vapestornado.com\/lv\/wp-json\/wp\/v2\/media\/4800"}],"wp:attachment":[{"href":"https:\/\/vapestornado.com\/lv\/wp-json\/wp\/v2\/media?parent=4803"}],"wp:term":[{"taxonomy":"product_brand","embeddable":true,"href":"https:\/\/vapestornado.com\/lv\/wp-json\/wp\/v2\/product_brand?post=4803"},{"taxonomy":"product_cat","embeddable":true,"href":"https:\/\/vapestornado.com\/lv\/wp-json\/wp\/v2\/product_cat?post=4803"},{"taxonomy":"product_tag","embeddable":true,"href":"https:\/\/vapestornado.com\/lv\/wp-json\/wp\/v2\/product_tag?post=4803"}],"curies":[{"name":"wp","href":"https:\/\/api.w.org\/{rel}","templated":true}]}}