{"id":4795,"date":"2026-01-13T03:09:18","date_gmt":"2026-01-13T03:09:18","guid":{"rendered":"https:\/\/vapestornado.com\/?post_type=product&#038;p=4795"},"modified":"2026-01-13T03:17:55","modified_gmt":"2026-01-13T03:17:55","slug":"al-fakher-crown-bar-15k-ice-adjust-disposable-shisha-hookah-wholesale-netherlands","status":"publish","type":"product","link":"https:\/\/vapestornado.com\/lv\/product\/al-fakher-crown-bar-15k-ice-adjust-disposable-shisha-hookah-wholesale-netherlands\/","title":{"rendered":"Al Fakher Crown Bar 15K Ice Adjust Vienreiz\u0113j\u0101s lieto\u0161anas Shisha Hookah Vairumtirdzniec\u012bba N\u012bderlande"},"content":{"rendered":"<h1 data-start=\"0\" data-end=\"87\">Al Fakher Mega Max 40K Puffs Crown Bar Vienreiz\u0113j\u0101s lieto\u0161anas E \u0160i\u0161a Huka\u0161a Vape ar Piel\u0101gojamu Gaisa Pl\u016bsmu<\/h1>\n<p data-start=\"107\" data-end=\"502\">Al Fakher Crown Bar 15K Ice Adjust ir izstr\u0101d\u0101ts Eiropas vairumtirdzniec\u012bbas tirgum, kas pieprasa gar\u0161as kontroli, ilgu darb\u012bbas laiku un uzticamu kvalit\u0101ti par <strong data-start=\"259\" data-end=\"274\">l\u0113tu cenu<\/strong>. Paredz\u0113ts <strong data-start=\"289\" data-end=\"316\">Vienreiz\u0113j\u0101s lieto\u0161anas E-cigaretes<\/strong> mazumtirgot\u0101jiem un <strong data-start=\"331\" data-end=\"368\">Vienreiz\u0113j\u0101s lieto\u0161anas Vape Vairumtirdzniec\u012bba Francija<\/strong> izplat\u012bt\u0101jiem, \u0161is modelis nodro\u0161ina l\u012bdz pat <strong data-start=\"409\" data-end=\"440\">15 000 vienm\u0113r\u012bgu, stabilu uzp\u016btienu<\/strong> ar Al Fakher rakstur\u012bgo gar\u0161as precizit\u0101ti un augst\u0101k\u0101s kvalit\u0101tes konstrukciju.<\/p>\n<p data-start=\"504\" data-end=\"842\">At\u0161\u0137ir\u012bb\u0101 no standarta vienreiz\u0113j\u0101s lieto\u0161anas ier\u012bc\u0113m, <strong data-start=\"537\" data-end=\"568\">Crown Bar Ice Adjust sist\u0113ma<\/strong> \u013cauj lietot\u0101jiem kontrol\u0113t dzes\u0113\u0161anas intensit\u0101ti, \u013caujot katram klientam izv\u0113l\u0113ties sp\u0113c\u012bgu ledainu vilkmi vai maig\u0101ku, silt\u0101ku vilkmi. Tas padara <strong data-start=\"703\" data-end=\"730\">Al Fakher Crown Bar 15K<\/strong> viegl\u0101k p\u0101rdodamu da\u017e\u0101d\u0101m lietot\u0101ju v\u0113lm\u0113m, palielinot atk\u0101rtotus pirkumus un samazinot l\u0113ni p\u0101rvietojamas gar\u0161as.<\/p>\n<p data-start=\"844\" data-end=\"1140\">Darbojas ar <strong data-start=\"858\" data-end=\"889\">850mAh uzl\u0101d\u0113jams akumulators<\/strong> un piepild\u012bts ar <strong data-start=\"906\" data-end=\"926\">22 ml e-\u0161\u0137idruma<\/strong>, tad <strong data-start=\"932\" data-end=\"960\">AL Fakher Ice Adjust 15K<\/strong> saglab\u0101 nemain\u012bgu jaudu no pirm\u0101 l\u012bdz p\u0113d\u0113jam uzp\u016btienam. The <strong data-start=\"1026\" data-end=\"1044\">0,6 \u03a9 acs spole<\/strong> nodro\u0161ina t\u012bru tvaiku, sp\u0113c\u012bgu gar\u0161as skaidr\u012bbu un stabilu darb\u012bbu, pat ilgsto\u0161as ikdienas lieto\u0161anas laik\u0101.<\/p>\n<p data-start=\"1142\" data-end=\"1446\">Ieb\u016bv\u0113ts <strong data-start=\"1153\" data-end=\"1171\">digit\u0101lais ekr\u0101ns<\/strong> r\u0101da gan akumulatora, gan \u0161\u0137idruma l\u012bmeni, dodot klientiem p\u0101rliec\u012bbu un samazinot ier\u012b\u010du atgrie\u0161anu. Ar <strong data-start=\"1272\" data-end=\"1293\">45 p\u0101rbaud\u012btas gar\u0161as<\/strong>, tad <strong data-start=\"1299\" data-end=\"1312\">Crown Bar<\/strong> rinda atbalsta sp\u0113c\u012bgu mazumtirdzniec\u012bbas rot\u0101ciju un pal\u012bdz veikaliem izveidot uzticamu popul\u0101r\u0101ko pre\u010du kategoriju <strong data-start=\"1411\" data-end=\"1438\">Vienreiz\u0113j\u0101s lieto\u0161anas E-cigaretes<\/strong> tirg\u016b.<\/p>\n<p data-start=\"1448\" data-end=\"1645\">Ja j\u016bs mekl\u0113jat <strong data-start=\"1468\" data-end=\"1505\">Vienreizlietojamie Vape vairumtirdzniec\u012bba Latvij\u0101<\/strong>\u00a0par konkur\u0113tsp\u0113j\u012bgu cenu ar \u0101tri p\u0101rvietojam\u0101m gar\u0161\u0101m, <strong data-start=\"1559\" data-end=\"1597\">Al Fakher Crown Bar 15K Ice Adjust<\/strong> ir dro\u0161a, augstas apgroz\u012bbas izv\u0113le j\u016bsu veikalam.<\/p>\n<p><strong><span style=\"color: #ff0000;\">Pievienojiet Eimijas whatsapp, lai sa\u0146emtu pareizu atbildi un iztvaic\u0113t\u0101ja kuponu!<\/span><\/strong><\/p>\n<p><img fetchpriority=\"high\" decoding=\"async\" class=\"size-full wp-image-2932\" src=\"https:\/\/vapestornado.com\/wp-content\/uploads\/2024\/12\/Vape-Wholesale.jpg\" alt=\"Veipu Vairumtirdzniec\u012bba\" width=\"229\" height=\"300\" \/><\/p>\n<h3><a href=\"https:\/\/wa.me\/8617776015835\" target=\"_blank\" rel=\"noopener\"><span style=\"color: #ff0000;\"><strong>WhatsApp: +86 17776015835<\/strong><\/span><\/a><\/h3>\n<p>&nbsp;<\/p>\n<h2><strong>Al Fakher Crown Bar 15K Produkta \u012bpa\u0161\u012bbas<\/strong><\/h2>\n<ul>\n<li data-start=\"1701\" data-end=\"1810\">\n<p data-start=\"1703\" data-end=\"1810\"><strong data-start=\"1703\" data-end=\"1719\">15 000 ieelpo\u0161anu<\/strong> \u2013 Nodro\u0161ina ilgtsp\u0113j\u012bgu sniegumu, kas \u013cauj klientiem vape\u0113t ned\u0113\u013c\u0101m ar vienu ier\u012bci.<\/p>\n<\/li>\n<li data-start=\"1811\" data-end=\"1909\">\n<p data-start=\"1813\" data-end=\"1909\"><strong data-start=\"1813\" data-end=\"1830\">22ml E-\u0161\u0137idrums<\/strong> \u2013 Liela \u0161\u0137idruma ietilp\u012bba nodro\u0161ina stabilu gar\u0161u bez bie\u017eas nomai\u0146as.<\/p>\n<\/li>\n<li data-start=\"1910\" data-end=\"1991\">\n<p data-start=\"1912\" data-end=\"1991\"><strong data-start=\"1912\" data-end=\"1930\">0.6\u03a9 t\u012bkla spole<\/strong> \u2013 Ra\u017eo gludu tvaiku un prec\u012bzu gar\u0161u katr\u0101 ieelpo\u0161an\u0101.<\/p>\n<\/li>\n<li data-start=\"1992\" data-end=\"2075\">\n<p data-start=\"1994\" data-end=\"2075\"><strong data-start=\"1994\" data-end=\"2011\">0.5% Nikot\u012bns<\/strong> \u2013 Pied\u0101v\u0101 vieglu, gludu nikot\u012bna devu, kas piem\u0113rota ikdienas lieto\u0161anai.<\/p>\n<\/li>\n<li data-start=\"2076\" data-end=\"2164\">\n<p data-start=\"2078\" data-end=\"2164\"><strong data-start=\"2078\" data-end=\"2096\">850mAh Akumulators<\/strong> \u2013 Nodro\u0161ina uzticamu jaudu visa ier\u012bces darb\u012bbas laika laik\u0101.<\/p>\n<\/li>\n<li data-start=\"2165\" data-end=\"2229\">\n<p data-start=\"2167\" data-end=\"2229\"><strong data-start=\"2167\" data-end=\"2185\">USB-C Uzl\u0101de<\/strong> \u2013 \u013bauj \u0101tr\u0101ku, stabil\u0101ku uzl\u0101di.<\/p>\n<\/li>\n<li data-start=\"2230\" data-end=\"2319\">\n<p data-start=\"2232\" data-end=\"2319\"><strong data-start=\"2232\" data-end=\"2254\">Ledus regul\u0113\u0161anas kontrole<\/strong> \u2013 \u013bauj lietot\u0101jiem iestat\u012bt savu v\u0113lamo dzes\u0113\u0161anas l\u012bmeni katram ieelpojumam.<\/p>\n<\/li>\n<li data-start=\"2320\" data-end=\"2395\">\n<p data-start=\"2322\" data-end=\"2395\"><strong data-start=\"2322\" data-end=\"2340\">Digit\u0101lais ekr\u0101ns<\/strong> \u2013 Par\u0101da akumulatora un e-\u0161\u0137idruma l\u012bmeni re\u0101llaik\u0101.<\/p>\n<\/li>\n<li data-start=\"2396\" data-end=\"2474\">\n<p data-start=\"2398\" data-end=\"2474\"><strong data-start=\"2398\" data-end=\"2417\">Crown Bar b\u016bve<\/strong> \u2013 Augstas kvalit\u0101tes korpusa dizains uzlabo iztur\u012bbu un gaisa pl\u016bsmu.<\/p>\n<\/li>\n<li data-start=\"2475\" data-end=\"2543\">\n<p data-start=\"2477\" data-end=\"2543\"><strong data-start=\"2477\" data-end=\"2491\">45 Gar\u0161as<\/strong> \u2013 Atbalsta stipru mazumtirdzniec\u012bbas rot\u0101ciju un atk\u0101rtotas p\u0101rdo\u0161anas.<\/p>\n<\/li>\n<\/ul>\n<figure id=\"attachment_4791\" aria-describedby=\"caption-attachment-4791\" style=\"width: 300px\" class=\"wp-caption alignnone\"><img decoding=\"async\" class=\"size-medium wp-image-4791\" src=\"https:\/\/vapestornado.com\/wp-content\/uploads\/2026\/01\/Al-Fakher-Crown-Bar-Ice-Adjust-15K-15000-Puff-300x300.webp\" alt=\"Al Fakher Crown Bar Ledus regul\u0113\u0161ana 15K 15000 ieelpojumus\" width=\"300\" height=\"300\" srcset=\"https:\/\/vapestornado.com\/wp-content\/uploads\/2026\/01\/Al-Fakher-Crown-Bar-Ice-Adjust-15K-15000-Puff-300x300.webp 300w, https:\/\/vapestornado.com\/wp-content\/uploads\/2026\/01\/Al-Fakher-Crown-Bar-Ice-Adjust-15K-15000-Puff-150x150.webp 150w, https:\/\/vapestornado.com\/wp-content\/uploads\/2026\/01\/Al-Fakher-Crown-Bar-Ice-Adjust-15K-15000-Puff-768x768.webp 768w, https:\/\/vapestornado.com\/wp-content\/uploads\/2026\/01\/Al-Fakher-Crown-Bar-Ice-Adjust-15K-15000-Puff-12x12.webp 12w, https:\/\/vapestornado.com\/wp-content\/uploads\/2026\/01\/Al-Fakher-Crown-Bar-Ice-Adjust-15K-15000-Puff-600x600.webp 600w, https:\/\/vapestornado.com\/wp-content\/uploads\/2026\/01\/Al-Fakher-Crown-Bar-Ice-Adjust-15K-15000-Puff-100x100.webp 100w, https:\/\/vapestornado.com\/wp-content\/uploads\/2026\/01\/Al-Fakher-Crown-Bar-Ice-Adjust-15K-15000-Puff.webp 800w\" sizes=\"(max-width: 300px) 100vw, 300px\" \/><figcaption id=\"caption-attachment-4791\" class=\"wp-caption-text\">Al Fakher Crown Bar Ledus regul\u0113\u0161ana 15K 15000 ieelpojumus<\/figcaption><\/figure>\n<div>\n<div class=\"mceTemp\"><\/div>\n<\/div>\n<h2 class=\"product-title\"><strong>Al Fakher Crown Bar 15K ieelpojumus gar\u0161u saraksts<\/strong><\/h2>\n<p>1 Melle\u0146u Zil\u0101<br \/>\n2 Melle\u0146u Ledus<br \/>\n3 Melno j\u0101\u0146ogu Ledus<br \/>\n4 Melno j\u0101\u0146ogu Piparm\u0113tra<br \/>\n5 Zil\u0101 Razz Spr\u0101dziens<br \/>\n6 Zil\u0101 Razz Limon\u0101de<br \/>\n7 Melle\u0146u \u0137irsis<br \/>\n8 Melle\u0146u gumija<br \/>\n9 Mellen\u0101le ar mellen\u0113m<br \/>\n10 Mellen\u0101le ar piparm\u0113tru<br \/>\n11 Mellen\u0101le ar ave\u0146u<br \/>\n12 Zil\u0101 ogle sk\u0101bais ave\u0146u<br \/>\n13 \u010cerri Fiesta<br \/>\n14 \u010cerri Fizz<br \/>\n15 \u010cerri ledus<br \/>\n16 Auksts mango<br \/>\n17 Fusion Pop<br \/>\n18 V\u012bnogas<br \/>\n19 V\u012bnogu ogu<br \/>\n20 V\u012bnogu piparm\u0113tra<br \/>\n21 Gumijas piparm\u0113tra<br \/>\n22 Hubba<br \/>\n23 Ledus zils<br \/>\n24 Citronsl\u012bne ar laimu<br \/>\n25 Citronsl\u012bne ar laimu un \u010derri Fizz<br \/>\n26 Citrons ar piparm\u0113tru<br \/>\n27 Lush Ice<br \/>\n28 Magijas m\u012blest\u012bba<br \/>\n29 Mango anan\u0101s<br \/>\n30 Mentols<br \/>\n31 Piparm\u0113tra<br \/>\n32 Sajaukts ogu<br \/>\n33 Apels\u012bnu Piparm\u0113tra<br \/>\n34 Persiku ledus<br \/>\n35 Anan\u0101su ledus<br \/>\n36 Kosmosa sapnis<br \/>\n37 Piparm\u0113tra<br \/>\n38 Zeme\u0146u \u0137ir\u0161i<br \/>\n39 Zeme\u0146u Punch<br \/>\n40 Vasaras sapnis<br \/>\n41 Divas \u0101bolu<br \/>\n42 Arb\u016bza \u0137ir\u0161i<br \/>\n43 Arb\u016bza kiwi<br \/>\n44 Arb\u016bza laims<br \/>\n45 Arb\u016bza anan\u0101s<\/p>\n<h2 data-start=\"2951\" data-end=\"2994\"><strong data-start=\"2954\" data-end=\"2994\">K\u0101p\u0113c vairumtirgot\u0101ji izv\u0113las Crown Bar 15K<\/strong><\/h2>\n<p data-start=\"2996\" data-end=\"3213\">T\u0101 <strong data-start=\"3000\" data-end=\"3028\">AL Fakher Ice Adjust 15K<\/strong> apvieno <strong data-start=\"3038\" data-end=\"3086\">ilgsto\u0161a ieelpo\u0161anas dz\u012bve, ledus kontrole un z\u012bmola uztic\u012bba<\/strong> vien\u0101 vienreizlietojamaj\u0101, dodot mazumtirgot\u0101jiem produktu, kas p\u0101rdodas \u0101tri, nodro\u0161ina konsekventu kvalit\u0101ti un piesaista klientus atpaka\u013c.<\/p>\n<p data-start=\"3215\" data-end=\"3339\">Pas\u016bti tagad un nodro\u0161ini sev <strong data-start=\"3238\" data-end=\"3253\">l\u0113tu cenu<\/strong> on <strong data-start=\"3257\" data-end=\"3284\">Al Fakher Crown Bar 15K<\/strong> sav\u0101 <strong data-start=\"3294\" data-end=\"3331\">Vienreiz\u0113j\u0101s lieto\u0161anas Vape Vairumtirdzniec\u012bba Francija<\/strong> pieg\u0101dei.<\/p>\n<p>&nbsp;<\/p>\n<div class=\"flex-shrink-0 flex flex-col relative items-end\">\n<div class=\"pt-0\">\n<div class=\"gizmo-bot-avatar flex h-8 w-8 items-center justify-center overflow-hidden rounded-full\">\n<div class=\"relative p-1 rounded-sm flex items-center justify-center bg-token-main-surface-primary text-token-text-primary h-8 w-8\">\n<h2 data-start=\"1200\" data-end=\"1487\">Vapes Tornado \u2013 J\u016bsu vairumtirdzniec\u012bbas tie\u0161saistes e-izsmidzin\u0101\u0161anas veikals popul\u0101riem vadiem<\/h2>\n<p data-start=\"72\" data-end=\"396\"><strong data-start=\"72\" data-end=\"89\">Vapes Tornado<\/strong> ir Eiropai orient\u0113ts vairumtirdzniec\u012bbas tie\u0161saistes e-izsmidzin\u0101\u0161anas veikals, kas pied\u0101v\u0101 r\u016bp\u012bgi atlas\u012btu <strong data-start=\"178\" data-end=\"195\">popul\u0101ru vadi<\/strong> profesion\u0101liem pirc\u0113jiem. M\u0113s sadarbojamies ar mazumtirgot\u0101jiem, izplat\u012bt\u0101jiem un tie\u0161saistes veikaliem vis\u0101 Eiropas Savien\u012bb\u0101, kuriem nepiecie\u0161ama stabila pieg\u0101de, skaidra produktu inform\u0101cija un z\u012bmoli, kurus klienti jau atpaz\u012bst un uzticas.<\/p>\n<p data-start=\"398\" data-end=\"687\">M\u0113s sadarbojamies ar uzticamiem z\u012bmoliem, piem\u0113ram, <strong data-start=\"247\" data-end=\"352\">Elf Bar Vape, WASPE Vape, <a href=\"https:\/\/vapestornado.com\/lv\/product\/uzy-150k-puffs-6-in-1-flavor-switch-disposable-vape-pen-wholesale\/\">UZY Vape<\/a>, Bang Vape, Razz Bar Vape, <a href=\"https:\/\/vapestornado.com\/lv\/product\/randm-12000-puffs-fumot-digital-disposable-vape-wholesale-price\/\">Fumot VAPE<\/a>, <a href=\"https:\/\/vapestornado.com\/lv\/product\/original-wga-ultra-35k-35000-puff-rechargeable-crystal-disposable-nicotine-vape-best-discount-price\/\">WGA VAPE<\/a>, <a href=\"https:\/\/vapestornado.com\/lv\/product\/vozol-gear-shisha-25k-25000-puffs-best-dtl-disposable-vape-hookah-cheap-price\/\">VOZOL BAR VAPE<\/a>,\u00a0un Stag Bar Vape<\/strong>, izv\u0113l\u0113ti p\u0113c konsekventas kvalit\u0101tes un sp\u0113c\u012bgas piepras\u012bjuma Eiropas tirg\u016b.<\/p>\n<h4 data-start=\"1080\" data-end=\"1120\">Izstr\u0101d\u0101ts Eiropas vairumtirdzniec\u012bbas pirc\u0113jiem<\/h4>\n<p data-start=\"1121\" data-end=\"1189\">Vapes Tornado ir struktur\u0113ts ap Eiropas vairumtirdzniec\u012bbas pirc\u0113ju patiesaj\u0101m vajadz\u012bb\u0101m:<\/p>\n<ul data-start=\"1190\" data-end=\"1400\">\n<li data-start=\"1190\" data-end=\"1239\">\n<p data-start=\"1192\" data-end=\"1239\">Konkur\u0113tsp\u0113j\u012bgas vairumtirdzniec\u012bbas cenas lielapjom\u0101<\/p>\n<\/li>\n<li data-start=\"1240\" data-end=\"1289\">\n<p data-start=\"1242\" data-end=\"1289\">Skait\u013ci un specifik\u0101cijas skaidri aprakst\u012bti<\/p>\n<\/li>\n<li data-start=\"1290\" data-end=\"1330\">\n<p data-start=\"1292\" data-end=\"1330\">\u0100tra, uzticama Eiropas orient\u0113ta lo\u0123istika<\/p>\n<\/li>\n<li data-start=\"1331\" data-end=\"1400\">\n<p data-start=\"1333\" data-end=\"1400\">Katalogs, kas koncentr\u0113jas uz <strong data-start=\"1356\" data-end=\"1373\">popul\u0101ru vadi<\/strong>, ne p\u0101rpild\u012btiem SKU<\/p>\n<\/li>\n<\/ul>\n<h2 data-start=\"2064\" data-end=\"2115\">BUJ par Al Fakher Crown Bar 15K vienreizlietojamo vape<\/h2>\n<p data-start=\"3359\" data-end=\"3484\"><strong data-start=\"3359\" data-end=\"3413\">1. Cik ilgi kalpo Al Fakher Crown Bar 15K?<\/strong><br data-start=\"3413\" data-end=\"3416\" \/>Ar l\u012bdz pat 15 000 ieelpojumiem tas var kalpot ned\u0113\u013c\u0101m atkar\u012bb\u0101 no ikdienas lieto\u0161anas.<\/p>\n<p data-start=\"3486\" data-end=\"3605\"><strong data-start=\"3486\" data-end=\"3532\">2. Vai klienti var piel\u0101got dzes\u0113\u0161anas l\u012bmeni?<\/strong><br data-start=\"3532\" data-end=\"3535\" \/>J\u0101, Ice Adjust sist\u0113ma \u013cauj lietot\u0101jiem izv\u0113l\u0113ties, cik auksts \u0161\u0137iet katrs dvesiens.<\/p>\n<p data-start=\"3607\" data-end=\"3700\"><strong data-start=\"3607\" data-end=\"3642\">3. Vai akumulators ir uzl\u0101d\u0113jams?<\/strong><br data-start=\"3642\" data-end=\"3645\" \/>J\u0101, tam ir 850mAh akumulators ar USB-C \u0101tro uzl\u0101di.<\/p>\n<p data-start=\"3702\" data-end=\"3807\"><strong data-start=\"3702\" data-end=\"3744\">4. K\u0101ds nikot\u012bna stiprums tiek izmantots?<\/strong><br data-start=\"3744\" data-end=\"3747\" \/>Ier\u012bce ir apr\u012bkota ar 0,5% nikot\u012bnu vienm\u0113r\u012bgam, vieglam triecienam.<\/p>\n<p data-start=\"3809\" data-end=\"3972\"><strong data-start=\"3809\" data-end=\"3857\">5. Vai tas ir piem\u0113rots vairumtirdzniec\u012bbai Latvij\u0101?<\/strong><br data-start=\"3857\" data-end=\"3860\" \/>J\u0101, tas ir paredz\u0113ts <strong data-start=\"3884\" data-end=\"3921\">Vienreiz\u0113j\u0101s lieto\u0161anas Vape Vairumtirdzniec\u012bba Francija<\/strong> ar sp\u0113c\u012bgu mazumtirdzniec\u012bbas pievilc\u012bbu un \u0101tri p\u0101rdodam\u0101m gar\u0161\u0101m.<\/p>\n<\/div>\n<\/div>\n<\/div>\n<\/div>","protected":false},"excerpt":{"rendered":"<p data-start=\"4393\" data-end=\"4476\"><strong data-start=\"4393\" data-end=\"4474\">AL Fakher Crown Bar 15K Ice Adjust \u2013 Vienreiz\u0113j\u0101s lieto\u0161anas E-cigare\u0161u vairumtirdzniec\u012bba Francija<\/strong><\/p>\n<p data-start=\"4480\" data-end=\"4550\"><strong data-start=\"4480\" data-end=\"4548\">Al Fakher Ice Adjust 15K Crown Bar | 15 000 uzp\u016btienu par zemu cenu<\/strong><\/p>\n<p data-start=\"4554\" data-end=\"4622\" data-is-last-node=\"\"><strong data-start=\"4554\" data-end=\"4622\" data-is-last-node=\"\">Crown Bar 15K Vienreiz\u0113j\u0101s lieto\u0161anas Vape \u2013 Ledus kontrole un vairumtirdzniec\u012bba Eiropa<\/strong><\/p>\n<p><strong>Pievienojiet Eimijas WhatsApp, lai sa\u0146emtu prec\u012bzu atbildi un atlaidi!<\/strong><\/p>\n<p><img fetchpriority=\"high\" decoding=\"async\" class=\"size-full wp-image-2932\" src=\"https:\/\/vapestornado.com\/wp-content\/uploads\/2024\/12\/Vape-Wholesale.jpg\" alt=\"Veipu Vairumtirdzniec\u012bba\" width=\"229\" height=\"300\" \/><\/p>\n<h3><a href=\"https:\/\/wa.me\/8617776015835\"><span style=\"color: #ff0000;\"><strong>WhatsApp: +86 17776015835<\/strong><\/span><\/a><\/h3>","protected":false},"featured_media":4790,"comment_status":"open","ping_status":"closed","template":"","meta":{"_acf_changed":false,"_uag_custom_page_level_css":"","_lmt_disableupdate":"no","_lmt_disable":"","_monsterinsights_skip_tracking":false,"_monsterinsights_sitenote_active":false,"_monsterinsights_sitenote_note":"","_monsterinsights_sitenote_category":0,"site-sidebar-layout":"default","site-content-layout":"","ast-site-content-layout":"default","site-content-style":"default","site-sidebar-style":"default","ast-global-header-display":"","ast-banner-title-visibility":"","ast-main-header-display":"","ast-hfb-above-header-display":"","ast-hfb-below-header-display":"","ast-hfb-mobile-header-display":"","site-post-title":"","ast-breadcrumbs-content":"","ast-featured-img":"","footer-sml-layout":"","ast-disable-related-posts":"","theme-transparent-header-meta":"default","adv-header-id-meta":"","stick-header-meta":"","header-above-stick-meta":"","header-main-stick-meta":"","header-below-stick-meta":"","astra-migrate-meta-layouts":"set","ast-page-background-enabled":"default","ast-page-background-meta":{"desktop":{"background-color":"","background-image":"","background-repeat":"repeat","background-position":"center center","background-size":"auto","background-attachment":"scroll","background-type":"","background-media":"","overlay-type":"","overlay-color":"","overlay-opacity":"","overlay-gradient":""},"tablet":{"background-color":"","background-image":"","background-repeat":"repeat","background-position":"center center","background-size":"auto","background-attachment":"scroll","background-type":"","background-media":"","overlay-type":"","overlay-color":"","overlay-opacity":"","overlay-gradient":""},"mobile":{"background-color":"","background-image":"","background-repeat":"repeat","background-position":"center center","background-size":"auto","background-attachment":"scroll","background-type":"","background-media":"","overlay-type":"","overlay-color":"","overlay-opacity":"","overlay-gradient":""}},"ast-content-background-meta":{"desktop":{"background-color":"var(--ast-global-color-5)","background-image":"","background-repeat":"repeat","background-position":"center center","background-size":"auto","background-attachment":"scroll","background-type":"","background-media":"","overlay-type":"","overlay-color":"","overlay-opacity":"","overlay-gradient":""},"tablet":{"background-color":"var(--ast-global-color-5)","background-image":"","background-repeat":"repeat","background-position":"center center","background-size":"auto","background-attachment":"scroll","background-type":"","background-media":"","overlay-type":"","overlay-color":"","overlay-opacity":"","overlay-gradient":""},"mobile":{"background-color":"var(--ast-global-color-5)","background-image":"","background-repeat":"repeat","background-position":"center center","background-size":"auto","background-attachment":"scroll","background-type":"","background-media":"","overlay-type":"","overlay-color":"","overlay-opacity":"","overlay-gradient":""}},"_joinchat":[]},"product_brand":[],"product_cat":[71,531,140,150,152,156,158,142,146,147],"product_tag":[541,542,317,540,538,291,539,513,512],"class_list":{"0":"post-4795","1":"product","2":"type-product","3":"status-publish","4":"has-post-thumbnail","6":"product_cat-15000-puff","7":"product_cat-al-fakher-crown-bar","8":"product_cat-big-puffs-disposable-vapes","9":"product_cat-buy-disposable-vapes-in-belgium","10":"product_cat-buy-disposable-vapes-in-cermany","11":"product_cat-buy-disposable-vapes-in-poland","12":"product_cat-buy-disposable-vapes-in-spain","13":"product_cat-digital-box-disposable-vapes","14":"product_cat-rechargeable-disposable-vapes","15":"product_cat-shisha-hookah-disposable-vapes","16":"product_tag-al-fakher-15k-ice-adjust","17":"product_tag-al-fakher-15k-sound-adjust","18":"product_tag-al-fakher-crown-bar","19":"product_tag-al-fakher-crown-bar-15k","20":"product_tag-disposable-e-shisha","21":"product_tag-disposable-shisha-hookah","22":"product_tag-hookah-shisha","23":"product_tag-vape-discount-price","24":"product_tag-vape-wholesale-distributor","25":"desktop-align-left","26":"tablet-align-left","27":"mobile-align-left","29":"first","30":"instock","31":"sale","32":"shipping-taxable","33":"purchasable","34":"product-type-simple"},"acf":[],"uagb_featured_image_src":{"full":["https:\/\/vapestornado.com\/wp-content\/uploads\/2026\/01\/Al-Fakher-Crown-Bar-15K-Ice-Adjust-Disposable-Vape-Wholesale.webp",800,800,false],"thumbnail":["https:\/\/vapestornado.com\/wp-content\/uploads\/2026\/01\/Al-Fakher-Crown-Bar-15K-Ice-Adjust-Disposable-Vape-Wholesale-150x150.webp",150,150,true],"medium":["https:\/\/vapestornado.com\/wp-content\/uploads\/2026\/01\/Al-Fakher-Crown-Bar-15K-Ice-Adjust-Disposable-Vape-Wholesale-300x300.webp",300,300,true],"medium_large":["https:\/\/vapestornado.com\/wp-content\/uploads\/2026\/01\/Al-Fakher-Crown-Bar-15K-Ice-Adjust-Disposable-Vape-Wholesale-768x768.webp",768,768,true],"large":["https:\/\/vapestornado.com\/wp-content\/uploads\/2026\/01\/Al-Fakher-Crown-Bar-15K-Ice-Adjust-Disposable-Vape-Wholesale.webp",800,800,false],"1536x1536":["https:\/\/vapestornado.com\/wp-content\/uploads\/2026\/01\/Al-Fakher-Crown-Bar-15K-Ice-Adjust-Disposable-Vape-Wholesale.webp",800,800,false],"2048x2048":["https:\/\/vapestornado.com\/wp-content\/uploads\/2026\/01\/Al-Fakher-Crown-Bar-15K-Ice-Adjust-Disposable-Vape-Wholesale.webp",800,800,false],"trp-custom-language-flag":["https:\/\/vapestornado.com\/wp-content\/uploads\/2026\/01\/Al-Fakher-Crown-Bar-15K-Ice-Adjust-Disposable-Vape-Wholesale-12x12.webp",12,12,true],"woocommerce_thumbnail":["https:\/\/vapestornado.com\/wp-content\/uploads\/2026\/01\/Al-Fakher-Crown-Bar-15K-Ice-Adjust-Disposable-Vape-Wholesale-300x300.webp",300,300,true],"woocommerce_single":["https:\/\/vapestornado.com\/wp-content\/uploads\/2026\/01\/Al-Fakher-Crown-Bar-15K-Ice-Adjust-Disposable-Vape-Wholesale-600x600.webp",600,600,true],"woocommerce_gallery_thumbnail":["https:\/\/vapestornado.com\/wp-content\/uploads\/2026\/01\/Al-Fakher-Crown-Bar-15K-Ice-Adjust-Disposable-Vape-Wholesale-100x100.webp",100,100,true]},"uagb_author_info":{"display_name":"ESAMY","author_link":"https:\/\/vapestornado.com\/lv\/author\/"},"uagb_comment_info":0,"uagb_excerpt":"AL Fakher Crown Bar 15K Ice Adjust \u2013 Wholesale Disposable E Cigarettes France Al Fakher Ice Adjust 15K Crown Bar | 15,000 Puffs at Cheap Price Crown Bar 15K Disposable Vape \u2013 Ice Control &amp; Bulk Supply Europe Add Amy's whatsapp to get right reply and discount price! WhatsApp: +86 17776015835","_links":{"self":[{"href":"https:\/\/vapestornado.com\/lv\/wp-json\/wp\/v2\/product\/4795","targetHints":{"allow":["GET"]}}],"collection":[{"href":"https:\/\/vapestornado.com\/lv\/wp-json\/wp\/v2\/product"}],"about":[{"href":"https:\/\/vapestornado.com\/lv\/wp-json\/wp\/v2\/types\/product"}],"replies":[{"embeddable":true,"href":"https:\/\/vapestornado.com\/lv\/wp-json\/wp\/v2\/comments?post=4795"}],"wp:featuredmedia":[{"embeddable":true,"href":"https:\/\/vapestornado.com\/lv\/wp-json\/wp\/v2\/media\/4790"}],"wp:attachment":[{"href":"https:\/\/vapestornado.com\/lv\/wp-json\/wp\/v2\/media?parent=4795"}],"wp:term":[{"taxonomy":"product_brand","embeddable":true,"href":"https:\/\/vapestornado.com\/lv\/wp-json\/wp\/v2\/product_brand?post=4795"},{"taxonomy":"product_cat","embeddable":true,"href":"https:\/\/vapestornado.com\/lv\/wp-json\/wp\/v2\/product_cat?post=4795"},{"taxonomy":"product_tag","embeddable":true,"href":"https:\/\/vapestornado.com\/lv\/wp-json\/wp\/v2\/product_tag?post=4795"}],"curies":[{"name":"wp","href":"https:\/\/api.w.org\/{rel}","templated":true}]}}