{"id":4788,"date":"2026-01-09T08:31:41","date_gmt":"2026-01-09T08:31:41","guid":{"rendered":"https:\/\/vapestornado.com\/?post_type=product&#038;p=4788"},"modified":"2026-01-09T08:59:59","modified_gmt":"2026-01-09T08:59:59","slug":"al-fakher-60k-ehose-x-disposable-vape-crown-bar-60000-puffs-shisha-hookah-low-price","status":"publish","type":"product","link":"https:\/\/vapestornado.com\/lv\/product\/al-fakher-60k-ehose-x-disposable-vape-crown-bar-60000-puffs-shisha-hookah-low-price\/","title":{"rendered":"Al Fakher 60k EHose X Vienreiz\u0113j\u0101s lieto\u0161anas vape Crown Bar 60000 puffs \u0160i\u0161as Haka Zemas cenas"},"content":{"rendered":"<h1 data-start=\"0\" data-end=\"87\">Al Fakher Mega Max 40K Puffs Crown Bar Vienreiz\u0113j\u0101s lieto\u0161anas E \u0160i\u0161a Huka\u0161a Vape ar Piel\u0101gojamu Gaisa Pl\u016bsmu<\/h1>\n<p data-start=\"233\" data-end=\"642\">T\u0101 <strong data-start=\"237\" data-end=\"289\">Al Fakher 60K E-Hose X Vienreiz\u0113j\u0101s lieto\u0161anas vape Crown Bar<\/strong> ir izstr\u0101d\u0101ts pirc\u0113jiem, kuri pieprasa ilgtermi\u0146a uzticam\u012bbu, stipru arom\u0101ta izdal\u012b\u0161anu un \u0161i\u0161as l\u012bme\u0146a tvaiku vienreiz\u0113j\u0101 form\u0101t\u0101. Izstr\u0101d\u0101ts <strong data-start=\"431\" data-end=\"480\">lielapjoma mazumtirdzniec\u012bbai un vairumtirdzniec\u012bbas izplat\u012b\u0161anai<\/strong>, \u0161is modelis nodro\u0161ina l\u012bdz <strong data-start=\"508\" data-end=\"524\">60 000 puffs<\/strong> stabilu veiktsp\u0113ju, padarot to par vienu no ekonomisk\u0101kajiem <strong data-start=\"591\" data-end=\"627\">lielajiem pufaistajiem haka vape<\/strong> tirg\u016b.<\/p>\n<p data-start=\"644\" data-end=\"998\">izgatavots ap milz\u012bgu <strong data-start=\"667\" data-end=\"694\">50ml e-\u0161\u0137idruma rezervu\u0101ru<\/strong> un <strong data-start=\"701\" data-end=\"736\">augstas veiktsp\u0113jas 0.6\u03a9 t\u012bkli\u0146a siltummainis<\/strong>, tad <strong data-start=\"742\" data-end=\"769\">Al Fakher CRYSTAL 60000<\/strong> saglab\u0101 bl\u012bvu tvaiku un t\u012bru gar\u0161u no pirm\u0101s ieelpas l\u012bdz p\u0113d\u0113jai. At\u0161\u0137ir\u012bb\u0101 no \u012bslaic\u012bgi lietojamiem vienreiz\u0113jiem, kas \u0101tri izz\u016bd, \u0161\u012b sist\u0113ma ir piel\u0101gota konsekventai pieg\u0101dei, kas ir b\u016btiski atk\u0101rtotai p\u0101rdo\u0161anai un klientu notur\u0113\u0161anai.<\/p>\n<p data-start=\"1000\" data-end=\"1348\">Ier\u012bce atbalsta <strong data-start=\"1020\" data-end=\"1040\">divk\u0101r\u0161s vaping re\u017e\u012bms<\/strong>, \u013cauj lietot\u0101jiem p\u0101rsl\u0113gties starp <strong data-start=\"1075\" data-end=\"1099\">D\u012bgt (tie\u0161i plau\u0161\u0101)<\/strong> liel\u0101m d\u016bmu sesij\u0101m ar shisha un <strong data-start=\"1136\" data-end=\"1159\">MTL (mutei uz plau\u0161u)<\/strong> lai nodro\u0161in\u0101tu vair\u0101k kontrol\u0113tu ieelpu. \u0160\u012b elast\u012bba padara <strong data-start=\"1215\" data-end=\"1250\">Al Fakher Crown Bar Crystal 60K<\/strong> piem\u0113rotu gan hookah entuziastiem, gan regul\u0101riem vienreiz\u0113jo vape lietot\u0101jiem, palielinot t\u0101 komerci\u0101lo sasniedzam\u012bbu.<\/p>\n<p data-start=\"1350\" data-end=\"1704\">A <strong data-start=\"1352\" data-end=\"1384\">1000mAh uzl\u0101d\u0113jams akumulators<\/strong> savienojum\u0101 ar <strong data-start=\"1397\" data-end=\"1421\">C tipa \u0101tr\u0101 uzl\u0101de<\/strong> uztur ier\u012bci darb\u012bb\u0101 bez p\u0101rtraukumiem. Ieb\u016bv\u0113tais <strong data-start=\"1478\" data-end=\"1503\">vieds digit\u0101lais displejs<\/strong> r\u0101da re\u0101llaika akumulatora un e-\u0161\u0137idruma l\u012bme\u0146us, samazinot lietot\u0101ju neapmierin\u0101t\u012bbu un uzlabojot uztverto produkta kvalit\u0101ti \u2014 svar\u012bgs faktors konkurences tirg\u016b <strong data-start=\"1652\" data-end=\"1688\">Vienreiz\u0113jo vape vairumtirdzniec\u012bba Latvij\u0101<\/strong> un ES tirgos.<\/p>\n<p data-start=\"1706\" data-end=\"1900\">Vairumtirgot\u0101jiem, kas mekl\u0113 <strong data-start=\"1734\" data-end=\"1787\">zemu cenu, lielu ieelpu skaitu un sp\u0113c\u012bgu z\u012bmola pievilc\u012bbu<\/strong>, tad <strong data-start=\"1793\" data-end=\"1819\">Al Fakher 60K E-Hose X<\/strong> nodro\u0161ina l\u012bdzsvarotu veiktsp\u0113jas, iztur\u012bbas un p\u0101rdo\u0161anas stabilit\u0101tes kombin\u0101ciju.<\/p>\n<p><strong><span style=\"color: #ff0000;\">Pievienojiet Eimijas whatsapp, lai sa\u0146emtu pareizu atbildi un iztvaic\u0113t\u0101ja kuponu!<\/span><\/strong><\/p>\n<p><img fetchpriority=\"high\" decoding=\"async\" class=\"size-full wp-image-2932\" src=\"https:\/\/vapestornado.com\/wp-content\/uploads\/2024\/12\/Vape-Wholesale.jpg\" alt=\"Veipu Vairumtirdzniec\u012bba\" width=\"229\" height=\"300\" \/><\/p>\n<h3><a href=\"https:\/\/wa.me\/8617776015835\" target=\"_blank\" rel=\"noopener\"><span style=\"color: #ff0000;\"><strong>WhatsApp: +86 17776015835<\/strong><\/span><\/a><\/h3>\n<p>&nbsp;<\/p>\n<h2><strong>Al Fakher 60k ieelpu produkta \u012bpa\u0161\u012bbas<\/strong><\/h2>\n<ul>\n<li data-start=\"1956\" data-end=\"2043\">\n<p data-start=\"1958\" data-end=\"2043\"><strong data-start=\"1958\" data-end=\"1975\">60 000 ieelpu:<\/strong> Izstr\u0101d\u0101ts ilgsto\u0161ai lieto\u0161anai bez agr\u012bnas tvaika vai gar\u0161as zuduma.<\/p>\n<\/li>\n<li data-start=\"2044\" data-end=\"2151\">\n<p data-start=\"2046\" data-end=\"2151\"><strong data-start=\"2046\" data-end=\"2073\">50ml e-\u0161\u0137idruma ietilp\u012bba:<\/strong> Liels iek\u0161\u0113jais tvertne samazina nomai\u0146as bie\u017eumu un palielina lietot\u0101ja v\u0113rt\u012bbu.<\/p>\n<\/li>\n<li data-start=\"2152\" data-end=\"2230\">\n<p data-start=\"2154\" data-end=\"2230\"><strong data-start=\"2154\" data-end=\"2175\">Dubult\u0101 vaping re\u017e\u012bms:<\/strong> Atbalsta gan DTL, gan MTL, lai piesaist\u012btu pla\u0161\u0101ku klientu loku.<\/p>\n<\/li>\n<li data-start=\"2231\" data-end=\"2323\">\n<p data-start=\"2233\" data-end=\"2323\"><strong data-start=\"2233\" data-end=\"2252\">0,6\u03a9 T\u012bkla spole:<\/strong> Sniedz gludu gaisa pl\u016bsmu, biezas m\u0101ko\u0146us un konsekventu gar\u0161as izvad\u012b\u0161anu.<\/p>\n<\/li>\n<li data-start=\"2324\" data-end=\"2406\">\n<p data-start=\"2326\" data-end=\"2406\"><strong data-start=\"2326\" data-end=\"2346\">1000mAh Akumulators:<\/strong> Uzl\u0101d\u0113jams jaudas sist\u0113ma, kas paredz\u0113ta intens\u012bvai ikdienas lieto\u0161anai.<\/p>\n<\/li>\n<li data-start=\"2407\" data-end=\"2492\">\n<p data-start=\"2409\" data-end=\"2492\"><strong data-start=\"2409\" data-end=\"2429\">Type-C Uzl\u0101de:<\/strong> \u0100tr\u0101ka un stabil\u0101ka uzl\u0101de ar m\u016bsdien\u012bgu sader\u012bbu.<\/p>\n<\/li>\n<li data-start=\"2493\" data-end=\"2582\">\n<p data-start=\"2495\" data-end=\"2582\"><strong data-start=\"2495\" data-end=\"2521\">Viedais Digit\u0101lais Displejs:<\/strong> R\u0101da akumulatora un \u0161\u0137idruma l\u012bmeni ikdienas uztur\u0113\u0161anai.<\/p>\n<\/li>\n<li data-start=\"2583\" data-end=\"2666\">\n<p data-start=\"2585\" data-end=\"2666\"><strong data-start=\"2585\" data-end=\"2614\">6mg\/ml Nikot\u012bna stiprums:<\/strong> L\u012bdzsvarota pieg\u0101de, kas paredz\u0113ta \u0161\u012b\u0161as stil\u0101 vapingam.<\/p>\n<\/li>\n<\/ul>\n<div>\n<figure id=\"attachment_4783\" aria-describedby=\"caption-attachment-4783\" style=\"width: 300px\" class=\"wp-caption alignnone\"><img decoding=\"async\" class=\"size-medium wp-image-4783\" src=\"https:\/\/vapestornado.com\/wp-content\/uploads\/2026\/01\/AL-Fakher-60k-Crown-Bar-EHOSE-X-60000-Puff-Disposable-Vape-300x300.webp\" alt=\"AL Fakher 60k Krona B\u0101rs EHOSE X Vienreiz\u0113j\u0101 Vape ar 60000 pufiem\" width=\"300\" height=\"300\" srcset=\"https:\/\/vapestornado.com\/wp-content\/uploads\/2026\/01\/AL-Fakher-60k-Crown-Bar-EHOSE-X-60000-Puff-Disposable-Vape-300x300.webp 300w, https:\/\/vapestornado.com\/wp-content\/uploads\/2026\/01\/AL-Fakher-60k-Crown-Bar-EHOSE-X-60000-Puff-Disposable-Vape-150x150.webp 150w, https:\/\/vapestornado.com\/wp-content\/uploads\/2026\/01\/AL-Fakher-60k-Crown-Bar-EHOSE-X-60000-Puff-Disposable-Vape-768x768.webp 768w, https:\/\/vapestornado.com\/wp-content\/uploads\/2026\/01\/AL-Fakher-60k-Crown-Bar-EHOSE-X-60000-Puff-Disposable-Vape-12x12.webp 12w, https:\/\/vapestornado.com\/wp-content\/uploads\/2026\/01\/AL-Fakher-60k-Crown-Bar-EHOSE-X-60000-Puff-Disposable-Vape-600x600.webp 600w, https:\/\/vapestornado.com\/wp-content\/uploads\/2026\/01\/AL-Fakher-60k-Crown-Bar-EHOSE-X-60000-Puff-Disposable-Vape-100x100.webp 100w, https:\/\/vapestornado.com\/wp-content\/uploads\/2026\/01\/AL-Fakher-60k-Crown-Bar-EHOSE-X-60000-Puff-Disposable-Vape.webp 800w\" sizes=\"(max-width: 300px) 100vw, 300px\" \/><figcaption id=\"caption-attachment-4783\" class=\"wp-caption-text\">AL Fakher 60k Krona B\u0101rs EHOSE X Vienreiz\u0113j\u0101 Vape ar 60000 pufiem<\/figcaption><\/figure>\n<\/div>\n<h2 class=\"product-title\"><strong>Al Fakher 60k EHose X Pufa Gar\u0161u Saraksts<\/strong><\/h2>\n<p>1 Melle\u0146u Zil\u0101<br \/>\n2 Melle\u0146u Ledus<br \/>\n3 Melno j\u0101\u0146ogu Ledus<br \/>\n4 Melno j\u0101\u0146ogu Piparm\u0113tra<br \/>\n5 Zil\u0101 Razz Spr\u0101dziens<br \/>\n6 Zil\u0101 Razz Limon\u0101de<br \/>\n7 Melle\u0146u \u0137irsis<br \/>\n8 Melle\u0146u gumija<br \/>\n9 Mellen\u0101le ar mellen\u0113m<br \/>\n10 Mellen\u0101le ar piparm\u0113tru<br \/>\n11 Mellen\u0101le ar ave\u0146u<br \/>\n12 Zil\u0101 ogle sk\u0101bais ave\u0146u<br \/>\n13 \u010cerri Fiesta<br \/>\n14 \u010cerri Fizz<br \/>\n15 \u010cerri ledus<br \/>\n16 Auksts mango<br \/>\n17 Fusion Pop<br \/>\n18 V\u012bnogas<br \/>\n19 V\u012bnogu ogu<br \/>\n20 V\u012bnogu piparm\u0113tra<br \/>\n21 Gumijas piparm\u0113tra<br \/>\n22 Hubba<br \/>\n23 Ledus zils<br \/>\n24 Citronsl\u012bne ar laimu<br \/>\n25 Citronsl\u012bne ar laimu un \u010derri Fizz<br \/>\n26 Citrons ar piparm\u0113tru<br \/>\n27 Lush Ice<br \/>\n28 Magijas m\u012blest\u012bba<br \/>\n29 Mango anan\u0101s<br \/>\n30 Mentols<br \/>\n31 Piparm\u0113tra<br \/>\n32 Sajaukts ogu<br \/>\n33 Apels\u012bnu Piparm\u0113tra<br \/>\n34 Persiku ledus<br \/>\n35 Anan\u0101su ledus<br \/>\n36 Kosmosa sapnis<br \/>\n37 Piparm\u0113tra<br \/>\n38 Zeme\u0146u \u0137ir\u0161i<br \/>\n39 Zeme\u0146u Punch<br \/>\n40 Vasaras sapnis<br \/>\n41 Divas \u0101bolu<br \/>\n42 Arb\u016bza \u0137ir\u0161i<br \/>\n43 Arb\u016bza kiwi<br \/>\n44 Arb\u016bza laims<br \/>\n45 Arb\u016bza anan\u0101s<\/p>\n<div class=\"flex-shrink-0 flex flex-col relative items-end\">\n<div class=\"pt-0\">\n<div class=\"gizmo-bot-avatar flex h-8 w-8 items-center justify-center overflow-hidden rounded-full\">\n<div class=\"relative p-1 rounded-sm flex items-center justify-center bg-token-main-surface-primary text-token-text-primary h-8 w-8\">\n<h2 data-start=\"1200\" data-end=\"1487\">Vapes Tornado \u2013 J\u016bsu vairumtirdzniec\u012bbas tie\u0161saistes e-izsmidzin\u0101\u0161anas veikals popul\u0101riem vadiem<\/h2>\n<p data-start=\"72\" data-end=\"396\"><strong data-start=\"72\" data-end=\"89\">Vapes Tornado<\/strong> ir Eiropai orient\u0113ts vairumtirdzniec\u012bbas tie\u0161saistes e-izsmidzin\u0101\u0161anas veikals, kas pied\u0101v\u0101 r\u016bp\u012bgi atlas\u012btu <strong data-start=\"178\" data-end=\"195\">popul\u0101ru vadi<\/strong> profesion\u0101liem pirc\u0113jiem. M\u0113s sadarbojamies ar mazumtirgot\u0101jiem, izplat\u012bt\u0101jiem un tie\u0161saistes veikaliem vis\u0101 Eiropas Savien\u012bb\u0101, kuriem nepiecie\u0161ama stabila pieg\u0101de, skaidra produktu inform\u0101cija un z\u012bmoli, kurus klienti jau atpaz\u012bst un uzticas.<\/p>\n<p data-start=\"398\" data-end=\"687\">M\u0113s sadarbojamies ar uzticamiem z\u012bmoliem, piem\u0113ram, <strong data-start=\"247\" data-end=\"352\">Elf Bar Vape, WASPE Vape, <a href=\"https:\/\/vapestornado.com\/lv\/product\/uzy-150k-puffs-6-in-1-flavor-switch-disposable-vape-pen-wholesale\/\">UZY Vape<\/a>, Bang Vape, Razz Bar Vape, <a href=\"https:\/\/vapestornado.com\/lv\/product\/randm-12000-puffs-fumot-digital-disposable-vape-wholesale-price\/\">Fumot VAPE<\/a>, <a href=\"https:\/\/vapestornado.com\/lv\/product\/original-wga-ultra-35k-35000-puff-rechargeable-crystal-disposable-nicotine-vape-best-discount-price\/\">WGA VAPE<\/a>, <a href=\"https:\/\/vapestornado.com\/lv\/product\/vozol-gear-shisha-25k-25000-puffs-best-dtl-disposable-vape-hookah-cheap-price\/\">VOZOL BAR VAPE<\/a>,\u00a0un Stag Bar Vape<\/strong>, izv\u0113l\u0113ti p\u0113c konsekventas kvalit\u0101tes un sp\u0113c\u012bgas piepras\u012bjuma Eiropas tirg\u016b.<\/p>\n<h4 data-start=\"1080\" data-end=\"1120\">Izstr\u0101d\u0101ts Eiropas vairumtirdzniec\u012bbas pirc\u0113jiem<\/h4>\n<p data-start=\"1121\" data-end=\"1189\">Vapes Tornado ir struktur\u0113ts ap Eiropas vairumtirdzniec\u012bbas pirc\u0113ju patiesaj\u0101m vajadz\u012bb\u0101m:<\/p>\n<ul data-start=\"1190\" data-end=\"1400\">\n<li data-start=\"1190\" data-end=\"1239\">\n<p data-start=\"1192\" data-end=\"1239\">Konkur\u0113tsp\u0113j\u012bgas vairumtirdzniec\u012bbas cenas lielapjom\u0101<\/p>\n<\/li>\n<li data-start=\"1240\" data-end=\"1289\">\n<p data-start=\"1242\" data-end=\"1289\">Skait\u013ci un specifik\u0101cijas skaidri aprakst\u012bti<\/p>\n<\/li>\n<li data-start=\"1290\" data-end=\"1330\">\n<p data-start=\"1292\" data-end=\"1330\">\u0100tra, uzticama Eiropas orient\u0113ta lo\u0123istika<\/p>\n<\/li>\n<li data-start=\"1331\" data-end=\"1400\">\n<p data-start=\"1333\" data-end=\"1400\">Katalogs, kas koncentr\u0113jas uz <strong data-start=\"1356\" data-end=\"1373\">popul\u0101ru vadi<\/strong>, ne p\u0101rpild\u012btiem SKU<\/p>\n<\/li>\n<\/ul>\n<h2 data-start=\"2064\" data-end=\"2115\">BUJ par Al Fakher 60k EHose X Vienreiz\u0113jo Vape<\/h2>\n<p data-start=\"3387\" data-end=\"3541\"><strong data-start=\"3387\" data-end=\"3441\">1. Kam ir paredz\u0113ts Al Fakher 60K E-Hose X?<\/strong><br data-start=\"3441\" data-end=\"3444\" \/>Tas ir izstr\u0101d\u0101ts \u0161\u012b\u0161as m\u012b\u013cot\u0101jiem un augsta apjoma vienreiz\u0113jo lietot\u0101ju, kuri v\u0113las ilgtsp\u0113j\u012bgu sniegumu.<\/p>\n<p data-start=\"3543\" data-end=\"3668\"><strong data-start=\"3543\" data-end=\"3587\">2. Vai lietot\u0101ji var p\u0101rsl\u0113gties starp DTL un MTL?<\/strong><br data-start=\"3587\" data-end=\"3590\" \/>J\u0101, dubult\u0101s vaping re\u017e\u012bms \u013cauj gan tie\u0161i plau\u0161\u0101s, gan mutei un plau\u0161\u0101m stilu.<\/p>\n<p data-start=\"3670\" data-end=\"3796\"><strong data-start=\"3670\" data-end=\"3708\">3. Cik ilgi darbojas akumulators?<\/strong><br data-start=\"3708\" data-end=\"3711\" \/>1000mAh akumulators atbalsta ilgu ikdienas lieto\u0161anu un var \u0101tri uzl\u0101d\u0113t ar Type-C.<\/p>\n<p data-start=\"3798\" data-end=\"3944\"><strong data-start=\"3798\" data-end=\"3857\">4. Vai arom\u0101ts saglab\u0101jas vienm\u0113r\u012bgs vis\u0101 60 000 p\u012bpju laik\u0101?<\/strong><br data-start=\"3857\" data-end=\"3860\" \/>T\u012bkla spole un 50ml e-\u0161\u0137idruma sist\u0113ma pal\u012bdz uztur\u0113t stabilu arom\u0101tu un tvaika izdal\u012b\u0161anu.<\/p>\n<p data-start=\"3946\" data-end=\"4135\"><strong data-start=\"3946\" data-end=\"4028\">5. Vai \u0161is modelis ir piem\u0113rots izlietojamiem vape vairumtirdzniec\u012bbai Latvij\u0101 un ES tirgos?<\/strong><br data-start=\"4028\" data-end=\"4031\" \/>J\u0101, tas ir paredz\u0113ts lielapjoma izplat\u012b\u0161anai ar uzticamu veiktsp\u0113ju un sp\u0113c\u012bgu z\u012bmola atpaz\u012bstam\u012bbu.<\/p>\n<\/div>\n<\/div>\n<\/div>\n<\/div>","protected":false},"excerpt":{"rendered":"<p data-start=\"4645\" data-end=\"4728\"><strong data-start=\"0\" data-end=\"26\" data-is-only-node=\"\">Al Fakher 60K E-Hose X<\/strong> nodro\u0161ina l\u012bdz pat <strong data-start=\"42\" data-end=\"58\">60 000 puffs<\/strong> ar gludu \u0161i\u0161as stila tvaiku, <strong data-start=\"91\" data-end=\"111\">divk\u0101r\u0161s vaping re\u017e\u012bms<\/strong>, un jaud\u012bgu <strong data-start=\"128\" data-end=\"160\">1000mAh uzl\u0101d\u0113jams akumulators<\/strong>. Izstr\u0101d\u0101ts lielapjoma p\u0101rdo\u0161anai, \u0161is <strong data-start=\"196\" data-end=\"223\">Crown Bar Crystal 60000<\/strong> nodro\u0161ina stipru arom\u0101tu, ilgu kalpo\u0161anu un <strong data-start=\"261\" data-end=\"300\">zemas cenas vienreiz\u0113j\u0101s lieto\u0161anas vape vairumtirdzniec\u012bba<\/strong> vis\u0101 Eirop\u0101.<\/p>\n<p><strong>Pievienojiet Eimijas WhatsApp, lai sa\u0146emtu prec\u012bzu atbildi un atlaidi!<\/strong><\/p>\n<p><img fetchpriority=\"high\" decoding=\"async\" class=\"size-full wp-image-2932\" src=\"https:\/\/vapestornado.com\/wp-content\/uploads\/2024\/12\/Vape-Wholesale.jpg\" alt=\"Veipu Vairumtirdzniec\u012bba\" width=\"229\" height=\"300\" \/><\/p>\n<h3><a href=\"https:\/\/wa.me\/8617776015835\"><span style=\"color: #ff0000;\"><strong>WhatsApp: +86 17776015835<\/strong><\/span><\/a><\/h3>","protected":false},"featured_media":4784,"comment_status":"open","ping_status":"closed","template":"","meta":{"_acf_changed":false,"_uag_custom_page_level_css":"","_lmt_disableupdate":"no","_lmt_disable":"","_monsterinsights_skip_tracking":false,"_monsterinsights_sitenote_active":false,"_monsterinsights_sitenote_note":"","_monsterinsights_sitenote_category":0,"site-sidebar-layout":"default","site-content-layout":"","ast-site-content-layout":"default","site-content-style":"default","site-sidebar-style":"default","ast-global-header-display":"","ast-banner-title-visibility":"","ast-main-header-display":"","ast-hfb-above-header-display":"","ast-hfb-below-header-display":"","ast-hfb-mobile-header-display":"","site-post-title":"","ast-breadcrumbs-content":"","ast-featured-img":"","footer-sml-layout":"","ast-disable-related-posts":"","theme-transparent-header-meta":"default","adv-header-id-meta":"","stick-header-meta":"","header-above-stick-meta":"","header-main-stick-meta":"","header-below-stick-meta":"","astra-migrate-meta-layouts":"set","ast-page-background-enabled":"default","ast-page-background-meta":{"desktop":{"background-color":"","background-image":"","background-repeat":"repeat","background-position":"center center","background-size":"auto","background-attachment":"scroll","background-type":"","background-media":"","overlay-type":"","overlay-color":"","overlay-opacity":"","overlay-gradient":""},"tablet":{"background-color":"","background-image":"","background-repeat":"repeat","background-position":"center center","background-size":"auto","background-attachment":"scroll","background-type":"","background-media":"","overlay-type":"","overlay-color":"","overlay-opacity":"","overlay-gradient":""},"mobile":{"background-color":"","background-image":"","background-repeat":"repeat","background-position":"center center","background-size":"auto","background-attachment":"scroll","background-type":"","background-media":"","overlay-type":"","overlay-color":"","overlay-opacity":"","overlay-gradient":""}},"ast-content-background-meta":{"desktop":{"background-color":"var(--ast-global-color-5)","background-image":"","background-repeat":"repeat","background-position":"center center","background-size":"auto","background-attachment":"scroll","background-type":"","background-media":"","overlay-type":"","overlay-color":"","overlay-opacity":"","overlay-gradient":""},"tablet":{"background-color":"var(--ast-global-color-5)","background-image":"","background-repeat":"repeat","background-position":"center center","background-size":"auto","background-attachment":"scroll","background-type":"","background-media":"","overlay-type":"","overlay-color":"","overlay-opacity":"","overlay-gradient":""},"mobile":{"background-color":"var(--ast-global-color-5)","background-image":"","background-repeat":"repeat","background-position":"center center","background-size":"auto","background-attachment":"scroll","background-type":"","background-media":"","overlay-type":"","overlay-color":"","overlay-opacity":"","overlay-gradient":""}},"_joinchat":[]},"product_brand":[],"product_cat":[343,531,140,150,152,156,158,142,146,147],"product_tag":[537,536,317,538,291,539,513,512],"class_list":{"0":"post-4788","1":"product","2":"type-product","3":"status-publish","4":"has-post-thumbnail","6":"product_cat-60000-puff","7":"product_cat-al-fakher-crown-bar","8":"product_cat-big-puffs-disposable-vapes","9":"product_cat-buy-disposable-vapes-in-belgium","10":"product_cat-buy-disposable-vapes-in-cermany","11":"product_cat-buy-disposable-vapes-in-poland","12":"product_cat-buy-disposable-vapes-in-spain","13":"product_cat-digital-box-disposable-vapes","14":"product_cat-rechargeable-disposable-vapes","15":"product_cat-shisha-hookah-disposable-vapes","16":"product_tag-al-fakher-60000","17":"product_tag-al-fakher-60k-ehose-x","18":"product_tag-al-fakher-crown-bar","19":"product_tag-disposable-e-shisha","20":"product_tag-disposable-shisha-hookah","21":"product_tag-hookah-shisha","22":"product_tag-vape-discount-price","23":"product_tag-vape-wholesale-distributor","24":"desktop-align-left","25":"tablet-align-left","26":"mobile-align-left","28":"first","29":"instock","30":"sale","31":"shipping-taxable","32":"purchasable","33":"product-type-simple"},"acf":[],"uagb_featured_image_src":{"full":["https:\/\/vapestornado.com\/wp-content\/uploads\/2026\/01\/AL-Fakher-Crown-Bar-EHOSE-X-60K-Disposable-Vape.webp",800,800,false],"thumbnail":["https:\/\/vapestornado.com\/wp-content\/uploads\/2026\/01\/AL-Fakher-Crown-Bar-EHOSE-X-60K-Disposable-Vape-150x150.webp",150,150,true],"medium":["https:\/\/vapestornado.com\/wp-content\/uploads\/2026\/01\/AL-Fakher-Crown-Bar-EHOSE-X-60K-Disposable-Vape-300x300.webp",300,300,true],"medium_large":["https:\/\/vapestornado.com\/wp-content\/uploads\/2026\/01\/AL-Fakher-Crown-Bar-EHOSE-X-60K-Disposable-Vape-768x768.webp",768,768,true],"large":["https:\/\/vapestornado.com\/wp-content\/uploads\/2026\/01\/AL-Fakher-Crown-Bar-EHOSE-X-60K-Disposable-Vape.webp",800,800,false],"1536x1536":["https:\/\/vapestornado.com\/wp-content\/uploads\/2026\/01\/AL-Fakher-Crown-Bar-EHOSE-X-60K-Disposable-Vape.webp",800,800,false],"2048x2048":["https:\/\/vapestornado.com\/wp-content\/uploads\/2026\/01\/AL-Fakher-Crown-Bar-EHOSE-X-60K-Disposable-Vape.webp",800,800,false],"trp-custom-language-flag":["https:\/\/vapestornado.com\/wp-content\/uploads\/2026\/01\/AL-Fakher-Crown-Bar-EHOSE-X-60K-Disposable-Vape-12x12.webp",12,12,true],"woocommerce_thumbnail":["https:\/\/vapestornado.com\/wp-content\/uploads\/2026\/01\/AL-Fakher-Crown-Bar-EHOSE-X-60K-Disposable-Vape-300x300.webp",300,300,true],"woocommerce_single":["https:\/\/vapestornado.com\/wp-content\/uploads\/2026\/01\/AL-Fakher-Crown-Bar-EHOSE-X-60K-Disposable-Vape-600x600.webp",600,600,true],"woocommerce_gallery_thumbnail":["https:\/\/vapestornado.com\/wp-content\/uploads\/2026\/01\/AL-Fakher-Crown-Bar-EHOSE-X-60K-Disposable-Vape-100x100.webp",100,100,true]},"uagb_author_info":{"display_name":"ESAMY","author_link":"https:\/\/vapestornado.com\/lv\/author\/"},"uagb_comment_info":0,"uagb_excerpt":"Al Fakher 60K E-Hose X delivers up to 60,000 puffs with smooth shisha-style vapor, dual vaping mode, and a powerful 1000mAh rechargeable battery. Built for high-volume sales, this Crown Bar Crystal 60000 offers strong flavor, long life, and low-price disposable vape wholesale across Europe. Add Amy's whatsapp to get right reply and discount price! WhatsApp:&hellip;","_links":{"self":[{"href":"https:\/\/vapestornado.com\/lv\/wp-json\/wp\/v2\/product\/4788","targetHints":{"allow":["GET"]}}],"collection":[{"href":"https:\/\/vapestornado.com\/lv\/wp-json\/wp\/v2\/product"}],"about":[{"href":"https:\/\/vapestornado.com\/lv\/wp-json\/wp\/v2\/types\/product"}],"replies":[{"embeddable":true,"href":"https:\/\/vapestornado.com\/lv\/wp-json\/wp\/v2\/comments?post=4788"}],"wp:featuredmedia":[{"embeddable":true,"href":"https:\/\/vapestornado.com\/lv\/wp-json\/wp\/v2\/media\/4784"}],"wp:attachment":[{"href":"https:\/\/vapestornado.com\/lv\/wp-json\/wp\/v2\/media?parent=4788"}],"wp:term":[{"taxonomy":"product_brand","embeddable":true,"href":"https:\/\/vapestornado.com\/lv\/wp-json\/wp\/v2\/product_brand?post=4788"},{"taxonomy":"product_cat","embeddable":true,"href":"https:\/\/vapestornado.com\/lv\/wp-json\/wp\/v2\/product_cat?post=4788"},{"taxonomy":"product_tag","embeddable":true,"href":"https:\/\/vapestornado.com\/lv\/wp-json\/wp\/v2\/product_tag?post=4788"}],"curies":[{"name":"wp","href":"https:\/\/api.w.org\/{rel}","templated":true}]}}