{"id":4781,"date":"2026-01-07T09:28:57","date_gmt":"2026-01-07T09:28:57","guid":{"rendered":"https:\/\/vapestornado.com\/?post_type=product&#038;p=4781"},"modified":"2026-01-07T09:59:16","modified_gmt":"2026-01-07T09:59:16","slug":"al-fakher-mega-max-40k-puffs-crown-bar-disposable-e-shisha-hookah-vape-adjustable-airflow","status":"publish","type":"product","link":"https:\/\/vapestornado.com\/lv\/product\/al-fakher-mega-max-40k-puffs-crown-bar-disposable-e-shisha-hookah-vape-adjustable-airflow\/","title":{"rendered":"Al Fakher Mega Max 40K Puffs Crown Bar Vienreiz\u0113j\u0101s lieto\u0161anas E \u0160i\u0161a Ar Piel\u0101gojamu Gaisa Pl\u016bsmu"},"content":{"rendered":"<h1 data-start=\"0\" data-end=\"87\">Al Fakher Mega Max 40K Puffs Crown Bar Vienreiz\u0113j\u0101s lieto\u0161anas E \u0160i\u0161a Huka\u0161a Vape ar Piel\u0101gojamu Gaisa Pl\u016bsmu<\/h1>\n<p data-start=\"207\" data-end=\"581\">Izstr\u0101d\u0101ts augsta apjoma lietot\u0101jiem un vairumtirdzniec\u012bbas tirgiem, tas <strong data-start=\"262\" data-end=\"288\">Al Fakher Mega Max 40K<\/strong> apvieno n\u0101kamo evol\u016bciju vienreiz\u0113j\u0101s lieto\u0161anas e-\u0161\u012b\u0161a veiktsp\u0113j\u0101. Ar l\u012bdz pat <strong data-start=\"366\" data-end=\"382\">40 000 uzp\u016btienu<\/strong>, piel\u0101gojamu gaisa pl\u016bsmu un Al Fakher paraksta arom\u0101tu in\u017eenieriju, \u0161is ier\u012bces ir pozicion\u0113tas k\u0101 premium, bet praktiska risin\u0101jums Latvijas izplat\u012bt\u0101jiem, kas mekl\u0113 stabilu apgroz\u012bjumu un sp\u0113c\u012bgu atk\u0101rtotu piepras\u012bjumu.<\/p>\n<p data-start=\"583\" data-end=\"1045\">K\u0101 da\u013ca no <strong data-start=\"598\" data-end=\"621\">Al Fakher Krona B\u0101rs<\/strong> s\u0113rijas, Mega Max 40000 ir izstr\u0101d\u0101ts nodro\u0161in\u0101t konsekventu izl\u0101di visa t\u0101 darb\u012bbas laik\u0101. Kombin\u0101cija no <strong data-start=\"738\" data-end=\"756\">dubult\u0101 sieta spole<\/strong>, <strong data-start=\"758\" data-end=\"785\">20ml iepriek\u0161pild\u012bta e-\u0161\u0137idruma<\/strong>un <strong data-start=\"793\" data-end=\"824\">uzl\u0101d\u0113jams 850 mAh akumulators<\/strong> nodro\u0161ina uzticamu tvaika bl\u012bvumu un arom\u0101ta skaidr\u012bbu no pirm\u0101s l\u012bdz p\u0113d\u0113jai ieelpai. Tas padara to \u012bpa\u0161i piem\u0113rotu klientiem, kuri p\u0101riet no tradicion\u0101l\u0101s huka\u0161as vai atk\u0101rtoti lietojam\u0101m e-\u0161\u012b\u0161a sist\u0113m\u0101m uz vienreiz\u0113j\u0101s lieto\u0161anas form\u0101tiem.<\/p>\n<p data-start=\"1047\" data-end=\"1332\">T\u0101 <strong data-start=\"1051\" data-end=\"1080\">regul\u0113jama gaisa pl\u016bsmas sist\u0113ma<\/strong> \u013cauj lietot\u0101jiem prec\u012bzi noregul\u0113t savu ieelpu, p\u0101rejot starp cie\u0161\u0101ku huka\u0161as stila ieelpu un pla\u0161\u0101ku, gais\u012bg\u0101ku ieelpu. \u0160\u012b elast\u012bba papla\u0161ina t\u0101 pievilc\u012bbu da\u017e\u0101d\u0101m vaping preferenc\u0113m, pal\u012bdzot mazumtirgot\u0101jiem apmierin\u0101t vair\u0101k klientu profilu ar vienu SKU.<\/p>\n<p data-start=\"1334\" data-end=\"1686\">Vairumtirdzniec\u012bbas pirc\u0113jiem Al Fakher Mega Max 40K pied\u0101v\u0101 to, kas ir svar\u012bg\u0101kais: atpaz\u012bstamu z\u012bmolu, kontrol\u0113tu nikot\u012bna stiprumu, modernu Type-C uzl\u0101di un b\u016bves kvalit\u0101ti, kas atspogu\u013co ilgtsp\u0113j\u012bgu uzticam\u012bbu, nevis \u012bstermi\u0146a jaunumu. Pozicion\u0113ts k\u0101 <strong data-start=\"1589\" data-end=\"1620\">konkur\u0113tsp\u0113j\u012bgu vairumtirdzniec\u012bbas cenu<\/strong>, tas ir sp\u0113c\u012bgs sp\u0113l\u0113t\u0101js Latvijas vienreiz\u0113j\u0101s lieto\u0161anas e-\u0161\u012b\u0161a kategorij\u0101.<\/p>\n<h2 data-start=\"2768\" data-end=\"2821\">K\u0101p\u0113c izv\u0113l\u0113ties Al Fakher Mega Max 40000 vairumtirdzniec\u012bbai?<\/h2>\n<p data-start=\"2823\" data-end=\"3237\">T\u0101 <strong data-start=\"2827\" data-end=\"2855\">Al Fakher Mega Max 40000<\/strong> ir izstr\u0101d\u0101ts konsekvences nodro\u0161in\u0101\u0161anai, nevis triku demonstr\u0113\u0161anai. Tas izmanto Al Fakher glob\u0101lo z\u012bmola uztic\u012bbu, vienlaikus apmierinot Latvijas izplat\u012bt\u0101ju gaidas, kuri prioritiz\u0113 uzticam\u012bbu, likum\u012bgu pozicion\u0113\u0161anu un paredzamu p\u0101rdo\u0161anu. T\u0101 vienreiz lietojam\u0101 e-shisha p\u012bpes forma, regul\u0113jama gaisa pl\u016bsma un ilgs p\u016b\u0161anas laiks padara to par sp\u0113c\u012bgu papildin\u0101jumu gan vape, gan p\u012bpes tirdzniec\u012bbas kan\u0101liem.<\/p>\n<p><strong><span style=\"color: #ff0000;\">Pievienojiet Eimijas whatsapp, lai sa\u0146emtu pareizu atbildi un iztvaic\u0113t\u0101ja kuponu!<\/span><\/strong><\/p>\n<p><img fetchpriority=\"high\" decoding=\"async\" class=\"size-full wp-image-2932\" src=\"https:\/\/vapestornado.com\/wp-content\/uploads\/2024\/12\/Vape-Wholesale.jpg\" alt=\"Veipu Vairumtirdzniec\u012bba\" width=\"229\" height=\"300\" \/><\/p>\n<h3><a href=\"https:\/\/wa.me\/8617776015835\" target=\"_blank\" rel=\"noopener\"><span style=\"color: #ff0000;\"><strong>WhatsApp: +86 17776015835<\/strong><\/span><\/a><\/h3>\n<p>&nbsp;<\/p>\n<h2><strong>Al Fakher Mega Max 40K Puffs Produkta \u012bpa\u0161\u012bbas<\/strong><\/h2>\n<ul>\n<li data-start=\"113\" data-end=\"228\">\n<p data-start=\"115\" data-end=\"228\"><strong data-start=\"115\" data-end=\"139\">40 000 p\u016b\u0161anas jauda<\/strong> \u2013 Nodro\u0161ina ilgsto\u0161u DTL vape sniegumu, kas paredz\u0113ts ilgtermi\u0146a, bie\u017eas lieto\u0161anas vajadz\u012bb\u0101m.<\/p>\n<\/li>\n<li data-start=\"229\" data-end=\"361\">\n<p data-start=\"231\" data-end=\"361\"><strong data-start=\"231\" data-end=\"258\">DTL shisha p\u012bpes stils<\/strong> \u2013 Optimiz\u0113ts tie\u0161ai ieelpo\u0161anai plau\u0161\u0101s, radot bl\u012bvas m\u0101ko\u0146us, l\u012bdz\u012bgus tradicion\u0101laj\u0101m p\u012bpes sesij\u0101m.<\/p>\n<\/li>\n<li data-start=\"362\" data-end=\"476\">\n<p data-start=\"364\" data-end=\"476\"><strong data-start=\"364\" data-end=\"393\">Dubult\u0101s t\u012bkla spoles tehnolo\u0123ija<\/strong> \u2013 Nodro\u0161ina vienm\u0113r\u012bgu sild\u012b\u0161anu un stabilu arom\u0101ta izdal\u012b\u0161anos no pirm\u0101 l\u012bdz p\u0113d\u0113jam p\u016btienam.<\/p>\n<\/li>\n<li data-start=\"477\" data-end=\"605\">\n<p data-start=\"479\" data-end=\"605\"><strong data-start=\"479\" data-end=\"508\">Regul\u0113jama gaisa pl\u016bsmas sist\u0113ma<\/strong> \u2013 \u013bauj lietot\u0101jiem prec\u012bzi noregul\u0113t ieelpo\u0161anas pretest\u012bbu, personaliz\u0113jot DTL vai shisha stila ieelpo\u0161anu.<\/p>\n<\/li>\n<li data-start=\"606\" data-end=\"729\">\n<p data-start=\"608\" data-end=\"729\"><strong data-start=\"608\" data-end=\"636\">20ml iepriek\u0161pild\u012bta e-\u0161\u0137idruma<\/strong> \u2013 Liela e-\u0161\u0137idruma ietilp\u012bba samazina nomai\u0146as bie\u017eumu un atbalsta ilgsto\u0161as vape sesijas.<\/p>\n<\/li>\n<li data-start=\"730\" data-end=\"841\">\n<p data-start=\"732\" data-end=\"841\"><strong data-start=\"732\" data-end=\"757\">0.6% nikot\u012bna stiprums<\/strong> \u2013 Nodro\u0161ina gludu, kontrol\u0113tu nikot\u012bna pieg\u0101di, piem\u0113rotu ilgsto\u0161ai ikdienas lieto\u0161anai.<\/p>\n<\/li>\n<li data-start=\"842\" data-end=\"945\">\n<p data-start=\"844\" data-end=\"945\"><strong data-start=\"844\" data-end=\"875\">850mAh uzl\u0101d\u0113jams akumulators<\/strong> \u2013 Nodro\u0161ina konsekventu jaudu visa 40K p\u016b\u0161anas cikla laik\u0101.<\/p>\n<\/li>\n<li data-start=\"946\" data-end=\"1051\">\n<p data-start=\"948\" data-end=\"1051\"><strong data-start=\"948\" data-end=\"976\">USB Type-C \u0101tra uzl\u0101de<\/strong> \u2013 \u013bauj \u0101tri un \u0113rti uzl\u0101d\u0113t ar m\u016bsdienu ier\u012bc\u0113m sader\u012bgu uzl\u0101di.<\/p>\n<\/li>\n<li data-start=\"1052\" data-end=\"1148\">\n<p data-start=\"1054\" data-end=\"1148\"><strong data-start=\"1054\" data-end=\"1076\">LED displeja ekr\u0101ns<\/strong> \u2013 Skaidri r\u0101da akumulatora un e-\u0161\u0137idruma l\u012bmeni, lai uzlabotu lieto\u0161anas kontroli.<\/p>\n<\/li>\n<li data-start=\"1149\" data-end=\"1259\">\n<p data-start=\"1151\" data-end=\"1259\"><strong data-start=\"1151\" data-end=\"1176\">Augstas kvalit\u0101tes alum\u012bnija korpuss<\/strong> \u2013 Apvieno iztur\u012bbu ar ergonomisku, augstas klases apdari ikdienas p\u0101rn\u0113s\u0101\u0161anai.<\/p>\n<\/li>\n<\/ul>\n<figure id=\"attachment_4777\" aria-describedby=\"caption-attachment-4777\" style=\"width: 300px\" class=\"wp-caption alignnone\"><img decoding=\"async\" class=\"size-medium wp-image-4777\" src=\"https:\/\/vapestornado.com\/wp-content\/uploads\/2026\/01\/Al-Fakher-Mega-Max-40K-40000-Puff-Vape-Wholesale-Spain-300x300.webp\" alt=\"Al Fakher Mega Max 40K 40000 P\u016b\u013cu Vape Vairumtirdzniec\u012bba Latvij\u0101\" width=\"300\" height=\"300\" srcset=\"https:\/\/vapestornado.com\/wp-content\/uploads\/2026\/01\/Al-Fakher-Mega-Max-40K-40000-Puff-Vape-Wholesale-Spain-300x300.webp 300w, https:\/\/vapestornado.com\/wp-content\/uploads\/2026\/01\/Al-Fakher-Mega-Max-40K-40000-Puff-Vape-Wholesale-Spain-150x150.webp 150w, https:\/\/vapestornado.com\/wp-content\/uploads\/2026\/01\/Al-Fakher-Mega-Max-40K-40000-Puff-Vape-Wholesale-Spain-768x768.webp 768w, https:\/\/vapestornado.com\/wp-content\/uploads\/2026\/01\/Al-Fakher-Mega-Max-40K-40000-Puff-Vape-Wholesale-Spain-12x12.webp 12w, https:\/\/vapestornado.com\/wp-content\/uploads\/2026\/01\/Al-Fakher-Mega-Max-40K-40000-Puff-Vape-Wholesale-Spain-600x600.webp 600w, https:\/\/vapestornado.com\/wp-content\/uploads\/2026\/01\/Al-Fakher-Mega-Max-40K-40000-Puff-Vape-Wholesale-Spain-100x100.webp 100w, https:\/\/vapestornado.com\/wp-content\/uploads\/2026\/01\/Al-Fakher-Mega-Max-40K-40000-Puff-Vape-Wholesale-Spain.webp 800w\" sizes=\"(max-width: 300px) 100vw, 300px\" \/><figcaption id=\"caption-attachment-4777\" class=\"wp-caption-text\">Al Fakher Mega Max 40K 40000 P\u016b\u013cu Vape Vairumtirdzniec\u012bba Latvij\u0101<\/figcaption><\/figure>\n<p>&nbsp;<\/p>\n<div><\/div>\n<h2 class=\"product-title\"><strong>Al Fakher Mega Max 40K P\u016b\u013cu Gar\u0161u Saraksts<\/strong><\/h2>\n<p>1 Melle\u0146u Zil\u0101<br \/>\n2 Melle\u0146u Ledus<br \/>\n3 Melno j\u0101\u0146ogu Ledus<br \/>\n4 Melno j\u0101\u0146ogu Piparm\u0113tra<br \/>\n5 Zil\u0101 Razz Spr\u0101dziens<br \/>\n6 Zil\u0101 Razz Limon\u0101de<br \/>\n7 Melle\u0146u \u0137irsis<br \/>\n8 Melle\u0146u gumija<br \/>\n9 Mellen\u0101le ar mellen\u0113m<br \/>\n10 Mellen\u0101le ar piparm\u0113tru<br \/>\n11 Mellen\u0101le ar ave\u0146u<br \/>\n12 Zil\u0101 ogle sk\u0101bais ave\u0146u<br \/>\n13 \u010cerri Fiesta<br \/>\n14 \u010cerri Fizz<br \/>\n15 \u010cerri ledus<br \/>\n16 Auksts mango<br \/>\n17 Fusion Pop<br \/>\n18 V\u012bnogas<br \/>\n19 V\u012bnogu ogu<br \/>\n20 V\u012bnogu piparm\u0113tra<br \/>\n21 Gumijas piparm\u0113tra<br \/>\n22 Hubba<br \/>\n23 Ledus zils<br \/>\n24 Citronsl\u012bne ar laimu<br \/>\n25 Citronsl\u012bne ar laimu un \u010derri Fizz<br \/>\n26 Citrons ar piparm\u0113tru<br \/>\n27 Lush Ice<br \/>\n28 Magijas m\u012blest\u012bba<br \/>\n29 Mango anan\u0101s<br \/>\n30 Mentols<br \/>\n31 Piparm\u0113tra<br \/>\n32 Sajaukts ogu<br \/>\n33 Apels\u012bnu Piparm\u0113tra<br \/>\n34 Persiku ledus<br \/>\n35 Anan\u0101su ledus<br \/>\n36 Kosmosa sapnis<br \/>\n37 Piparm\u0113tra<br \/>\n38 Zeme\u0146u \u0137ir\u0161i<br \/>\n39 Zeme\u0146u Punch<br \/>\n40 Vasaras sapnis<br \/>\n41 Divas \u0101bolu<br \/>\n42 Arb\u016bza \u0137ir\u0161i<br \/>\n43 Arb\u016bza kiwi<br \/>\n44 Arb\u016bza laims<br \/>\n45 Arb\u016bza anan\u0101s<\/p>\n<div class=\"flex-shrink-0 flex flex-col relative items-end\">\n<div class=\"pt-0\">\n<div class=\"gizmo-bot-avatar flex h-8 w-8 items-center justify-center overflow-hidden rounded-full\">\n<div class=\"relative p-1 rounded-sm flex items-center justify-center bg-token-main-surface-primary text-token-text-primary h-8 w-8\">\n<h2 data-start=\"1200\" data-end=\"1487\">Vapes Tornado \u2013 J\u016bsu vairumtirdzniec\u012bbas tie\u0161saistes e-izsmidzin\u0101\u0161anas veikals popul\u0101riem vadiem<\/h2>\n<p data-start=\"72\" data-end=\"396\"><strong data-start=\"72\" data-end=\"89\">Vapes Tornado<\/strong> ir Eiropai orient\u0113ts vairumtirdzniec\u012bbas tie\u0161saistes e-izsmidzin\u0101\u0161anas veikals, kas pied\u0101v\u0101 r\u016bp\u012bgi atlas\u012btu <strong data-start=\"178\" data-end=\"195\">popul\u0101ru vadi<\/strong> profesion\u0101liem pirc\u0113jiem. M\u0113s sadarbojamies ar mazumtirgot\u0101jiem, izplat\u012bt\u0101jiem un tie\u0161saistes veikaliem vis\u0101 Eiropas Savien\u012bb\u0101, kuriem nepiecie\u0161ama stabila pieg\u0101de, skaidra produktu inform\u0101cija un z\u012bmoli, kurus klienti jau atpaz\u012bst un uzticas.<\/p>\n<p data-start=\"398\" data-end=\"687\">M\u0113s sadarbojamies ar uzticamiem z\u012bmoliem, piem\u0113ram, <strong data-start=\"307\" data-end=\"362\"><a href=\"https:\/\/vapestornado.com\/lv\/product\/randm-12000-puffs-fumot-digital-disposable-vape-wholesale-price\/\">Fumot VAPE<\/a>, <a href=\"https:\/\/vapestornado.com\/lv\/product\/original-wga-ultra-35k-35000-puff-rechargeable-crystal-disposable-nicotine-vape-best-discount-price\/\">WGA VAPE<\/a>, <\/strong><strong data-start=\"307\" data-end=\"362\"><a href=\"https:\/\/vapestornado.com\/lv\/product\/vozol-gear-shisha-25k-25000-puffs-best-dtl-disposable-vape-hookah-cheap-price\/\">VOZOL BAR VAPE<\/a>,<\/strong><strong data-start=\"247\" data-end=\"352\">\u00a0Elf Bar Vape, WASPE Vape, <a href=\"https:\/\/vapestornado.com\/lv\/product\/uzy-150k-puffs-6-in-1-flavor-switch-disposable-vape-pen-wholesale\/\">UZY Vape<\/a>, Bang Vape, Razz Bar Vape, un Stag Bar Vape<\/strong>, izv\u0113l\u0113ti p\u0113c konsekventas kvalit\u0101tes un sp\u0113c\u012bgas piepras\u012bjuma Eiropas tirg\u016b.<\/p>\n<h4 data-start=\"1080\" data-end=\"1120\">Izstr\u0101d\u0101ts Eiropas vairumtirdzniec\u012bbas pirc\u0113jiem<\/h4>\n<p data-start=\"1121\" data-end=\"1189\">Vapes Tornado ir struktur\u0113ts ap Eiropas vairumtirdzniec\u012bbas pirc\u0113ju patiesaj\u0101m vajadz\u012bb\u0101m:<\/p>\n<ul data-start=\"1190\" data-end=\"1400\">\n<li data-start=\"1190\" data-end=\"1239\">\n<p data-start=\"1192\" data-end=\"1239\">Konkur\u0113tsp\u0113j\u012bgas vairumtirdzniec\u012bbas cenas lielapjom\u0101<\/p>\n<\/li>\n<li data-start=\"1240\" data-end=\"1289\">\n<p data-start=\"1242\" data-end=\"1289\">Skait\u013ci un specifik\u0101cijas skaidri aprakst\u012bti<\/p>\n<\/li>\n<li data-start=\"1290\" data-end=\"1330\">\n<p data-start=\"1292\" data-end=\"1330\">\u0100tra, uzticama Eiropas orient\u0113ta lo\u0123istika<\/p>\n<\/li>\n<li data-start=\"1331\" data-end=\"1400\">\n<p data-start=\"1333\" data-end=\"1400\">Katalogs, kas koncentr\u0113jas uz <strong data-start=\"1356\" data-end=\"1373\">popul\u0101ru vadi<\/strong>, ne p\u0101rpild\u012btiem SKU<\/p>\n<\/li>\n<\/ul>\n<h2 data-start=\"2064\" data-end=\"2115\">BUJ par Al Fakher Mega Max 40000 Vienreiz\u0113jo Vape<\/h2>\n<p data-start=\"3278\" data-end=\"3451\"><strong data-start=\"3278\" data-end=\"3343\">1. Cik ilgi paties\u012bb\u0101 kalpo Al Fakher Mega Max 40K?<\/strong><br data-start=\"3343\" data-end=\"3346\" \/>Lieto\u0161anas ilgums ir atkar\u012bgs no individu\u0101laj\u0101m ieradumiem, bet liel\u0101k\u0101 da\u013ca lietot\u0101ju zi\u0146o par vair\u0101kas ned\u0113\u013cas ilgu darb\u012bbu regul\u0101ras ikdienas lieto\u0161anas gad\u012bjum\u0101.<\/p>\n<p data-start=\"3453\" data-end=\"3579\"><strong data-start=\"3453\" data-end=\"3497\">2. Vai gaisa pl\u016bsma ir regul\u0113jama lieto\u0161anas laik\u0101?<\/strong><br data-start=\"3497\" data-end=\"3500\" \/>J\u0101, regul\u0113jama gaisa pl\u016bsma \u013cauj lietot\u0101jiem main\u012bt elpas pretest\u012bbu jebkur\u0101 laik\u0101.<\/p>\n<p data-start=\"3581\" data-end=\"3678\"><strong data-start=\"3581\" data-end=\"3615\">3. Vai ier\u012bci ir iesp\u0113jams uzl\u0101d\u0113t?<\/strong><br data-start=\"3615\" data-end=\"3618\" \/>J\u0101, t\u0101 ir apr\u012bkota ar 850mAh akumulatoru un USB Type-C uzl\u0101di.<\/p>\n<p data-start=\"3680\" data-end=\"3856\"><strong data-start=\"3680\" data-end=\"3744\">4. Kas padara \u0161o ier\u012bci at\u0161\u0137ir\u012bgu no standarta vienreiz\u0113j\u0101m vape?<\/strong><br data-start=\"3744\" data-end=\"3747\" \/>T\u0101s e-\u0161\u012b\u0161a hokeja dizains, liela e-\u0161\u0137idruma ietilp\u012bba un gaisa pl\u016bsmas kontrole to at\u0161\u0137ir no pamata vienreiz\u0113j\u0101m ier\u012bc\u0113m.<\/p>\n<p data-start=\"3858\" data-end=\"4007\"><strong data-start=\"3858\" data-end=\"3912\">5. Vai tas ir piem\u0113rots Eiropas Savien\u012bbas vairumtirdzniec\u012bbas izplat\u012b\u0161anai?<\/strong><br data-start=\"3912\" data-end=\"3915\" \/>J\u0101, tas ir paredz\u0113ts Eiropas tirgiem un parasti tiek pieg\u0101d\u0101ts vairumtirdzniec\u012bbas cen\u0101s lielapjoma pas\u016bt\u012bjumiem.<\/p>\n<\/div>\n<\/div>\n<\/div>\n<\/div>","protected":false},"excerpt":{"rendered":"<p data-start=\"4472\" data-end=\"4562\"><strong data-start=\"4472\" data-end=\"4560\">Al Fakher Mega Max 40K Vienreiz\u0113j\u0101s lieto\u0161anas E \u0160i\u0161a ar Piel\u0101gojamu Gaisa Pl\u016bsmu \u2013 Vairumtirdzniec\u012bbas Gatavs<\/strong><\/p>\n<p data-start=\"4566\" data-end=\"4641\"><strong data-start=\"4566\" data-end=\"4639\">Al Fakher Crown Bar Mega Max 40000 Puffs Huka\u0161a Vape priek\u0161 Vairumtirdzniec\u012bbas Latvij\u0101<\/strong><\/p>\n<p data-start=\"4645\" data-end=\"4728\"><strong data-start=\"4645\" data-end=\"4728\">Mega Max 40K no Al Fakher \u2013 Ilgnotur\u012bga Vienreiz\u0113j\u0101s lieto\u0161anas E \u0160i\u0161a par Vairumtirdzniec\u012bbas Cenu<\/strong><\/p>\n<p><strong>Pievienojiet Eimijas WhatsApp, lai sa\u0146emtu prec\u012bzu atbildi un atlaidi!<\/strong><\/p>\n<p><img fetchpriority=\"high\" decoding=\"async\" class=\"size-full wp-image-2932\" src=\"https:\/\/vapestornado.com\/wp-content\/uploads\/2024\/12\/Vape-Wholesale.jpg\" alt=\"Veipu Vairumtirdzniec\u012bba\" width=\"229\" height=\"300\" \/><\/p>\n<h3><a href=\"https:\/\/wa.me\/8617776015835\"><span style=\"color: #ff0000;\"><strong>WhatsApp: +86 17776015835<\/strong><\/span><\/a><\/h3>","protected":false},"featured_media":4776,"comment_status":"open","ping_status":"closed","template":"","meta":{"_acf_changed":false,"_uag_custom_page_level_css":"","_lmt_disableupdate":"no","_lmt_disable":"","_monsterinsights_skip_tracking":false,"_monsterinsights_sitenote_active":false,"_monsterinsights_sitenote_note":"","_monsterinsights_sitenote_category":0,"site-sidebar-layout":"default","site-content-layout":"","ast-site-content-layout":"default","site-content-style":"default","site-sidebar-style":"default","ast-global-header-display":"","ast-banner-title-visibility":"","ast-main-header-display":"","ast-hfb-above-header-display":"","ast-hfb-below-header-display":"","ast-hfb-mobile-header-display":"","site-post-title":"","ast-breadcrumbs-content":"","ast-featured-img":"","footer-sml-layout":"","ast-disable-related-posts":"","theme-transparent-header-meta":"default","adv-header-id-meta":"","stick-header-meta":"","header-above-stick-meta":"","header-main-stick-meta":"","header-below-stick-meta":"","astra-migrate-meta-layouts":"set","ast-page-background-enabled":"default","ast-page-background-meta":{"desktop":{"background-color":"","background-image":"","background-repeat":"repeat","background-position":"center center","background-size":"auto","background-attachment":"scroll","background-type":"","background-media":"","overlay-type":"","overlay-color":"","overlay-opacity":"","overlay-gradient":""},"tablet":{"background-color":"","background-image":"","background-repeat":"repeat","background-position":"center center","background-size":"auto","background-attachment":"scroll","background-type":"","background-media":"","overlay-type":"","overlay-color":"","overlay-opacity":"","overlay-gradient":""},"mobile":{"background-color":"","background-image":"","background-repeat":"repeat","background-position":"center center","background-size":"auto","background-attachment":"scroll","background-type":"","background-media":"","overlay-type":"","overlay-color":"","overlay-opacity":"","overlay-gradient":""}},"ast-content-background-meta":{"desktop":{"background-color":"var(--ast-global-color-5)","background-image":"","background-repeat":"repeat","background-position":"center center","background-size":"auto","background-attachment":"scroll","background-type":"","background-media":"","overlay-type":"","overlay-color":"","overlay-opacity":"","overlay-gradient":""},"tablet":{"background-color":"var(--ast-global-color-5)","background-image":"","background-repeat":"repeat","background-position":"center center","background-size":"auto","background-attachment":"scroll","background-type":"","background-media":"","overlay-type":"","overlay-color":"","overlay-opacity":"","overlay-gradient":""},"mobile":{"background-color":"var(--ast-global-color-5)","background-image":"","background-repeat":"repeat","background-position":"center center","background-size":"auto","background-attachment":"scroll","background-type":"","background-media":"","overlay-type":"","overlay-color":"","overlay-opacity":"","overlay-gradient":""}},"_joinchat":[]},"product_brand":[],"product_cat":[65,531,140,150,156,158,141,142,146,147],"product_tag":[533,534,535,532,355,287,513,512],"class_list":{"0":"post-4781","1":"product","2":"type-product","3":"status-publish","4":"has-post-thumbnail","6":"product_cat-40000-puff","7":"product_cat-al-fakher-crown-bar","8":"product_cat-big-puffs-disposable-vapes","9":"product_cat-buy-disposable-vapes-in-belgium","10":"product_cat-buy-disposable-vapes-in-poland","11":"product_cat-buy-disposable-vapes-in-spain","12":"product_cat-crystal-disposable-vapes","13":"product_cat-digital-box-disposable-vapes","14":"product_cat-rechargeable-disposable-vapes","15":"product_cat-shisha-hookah-disposable-vapes","16":"product_tag-al-fakher-crown-bar-mega-max","17":"product_tag-al-fakher-crown-bar-mega-max-40000-puffs","18":"product_tag-al-fakher-crown-bar-mega-max-40k","19":"product_tag-al-fakher-mega-max-40k","20":"product_tag-big-puff-vape","21":"product_tag-disposable-vape-pen","22":"product_tag-vape-discount-price","23":"product_tag-vape-wholesale-distributor","24":"desktop-align-left","25":"tablet-align-left","26":"mobile-align-left","28":"first","29":"instock","30":"sale","31":"shipping-taxable","32":"purchasable","33":"product-type-simple"},"acf":[],"uagb_featured_image_src":{"full":["https:\/\/vapestornado.com\/wp-content\/uploads\/2026\/01\/Al-Fakher-Mega-Max-40K-40000-Puff-Disposable-Vapor.webp",800,800,false],"thumbnail":["https:\/\/vapestornado.com\/wp-content\/uploads\/2026\/01\/Al-Fakher-Mega-Max-40K-40000-Puff-Disposable-Vapor-150x150.webp",150,150,true],"medium":["https:\/\/vapestornado.com\/wp-content\/uploads\/2026\/01\/Al-Fakher-Mega-Max-40K-40000-Puff-Disposable-Vapor-300x300.webp",300,300,true],"medium_large":["https:\/\/vapestornado.com\/wp-content\/uploads\/2026\/01\/Al-Fakher-Mega-Max-40K-40000-Puff-Disposable-Vapor-768x768.webp",768,768,true],"large":["https:\/\/vapestornado.com\/wp-content\/uploads\/2026\/01\/Al-Fakher-Mega-Max-40K-40000-Puff-Disposable-Vapor.webp",800,800,false],"1536x1536":["https:\/\/vapestornado.com\/wp-content\/uploads\/2026\/01\/Al-Fakher-Mega-Max-40K-40000-Puff-Disposable-Vapor.webp",800,800,false],"2048x2048":["https:\/\/vapestornado.com\/wp-content\/uploads\/2026\/01\/Al-Fakher-Mega-Max-40K-40000-Puff-Disposable-Vapor.webp",800,800,false],"trp-custom-language-flag":["https:\/\/vapestornado.com\/wp-content\/uploads\/2026\/01\/Al-Fakher-Mega-Max-40K-40000-Puff-Disposable-Vapor-12x12.webp",12,12,true],"woocommerce_thumbnail":["https:\/\/vapestornado.com\/wp-content\/uploads\/2026\/01\/Al-Fakher-Mega-Max-40K-40000-Puff-Disposable-Vapor-300x300.webp",300,300,true],"woocommerce_single":["https:\/\/vapestornado.com\/wp-content\/uploads\/2026\/01\/Al-Fakher-Mega-Max-40K-40000-Puff-Disposable-Vapor-600x600.webp",600,600,true],"woocommerce_gallery_thumbnail":["https:\/\/vapestornado.com\/wp-content\/uploads\/2026\/01\/Al-Fakher-Mega-Max-40K-40000-Puff-Disposable-Vapor-100x100.webp",100,100,true]},"uagb_author_info":{"display_name":"ESAMY","author_link":"https:\/\/vapestornado.com\/lv\/author\/"},"uagb_comment_info":0,"uagb_excerpt":"Al Fakher Mega Max 40K Disposable E Shisha with Adjustable Airflow \u2013 Wholesale Ready Al Fakher Crown Bar Mega Max 40000 Puffs Hookah Vape for EU Wholesale Mega Max 40K by Al Fakher \u2013 Long-Lasting Disposable E Shisha at Wholesale Price Add Amy's whatsapp to get right reply and discount price! WhatsApp: +86 17776015835","_links":{"self":[{"href":"https:\/\/vapestornado.com\/lv\/wp-json\/wp\/v2\/product\/4781","targetHints":{"allow":["GET"]}}],"collection":[{"href":"https:\/\/vapestornado.com\/lv\/wp-json\/wp\/v2\/product"}],"about":[{"href":"https:\/\/vapestornado.com\/lv\/wp-json\/wp\/v2\/types\/product"}],"replies":[{"embeddable":true,"href":"https:\/\/vapestornado.com\/lv\/wp-json\/wp\/v2\/comments?post=4781"}],"wp:featuredmedia":[{"embeddable":true,"href":"https:\/\/vapestornado.com\/lv\/wp-json\/wp\/v2\/media\/4776"}],"wp:attachment":[{"href":"https:\/\/vapestornado.com\/lv\/wp-json\/wp\/v2\/media?parent=4781"}],"wp:term":[{"taxonomy":"product_brand","embeddable":true,"href":"https:\/\/vapestornado.com\/lv\/wp-json\/wp\/v2\/product_brand?post=4781"},{"taxonomy":"product_cat","embeddable":true,"href":"https:\/\/vapestornado.com\/lv\/wp-json\/wp\/v2\/product_cat?post=4781"},{"taxonomy":"product_tag","embeddable":true,"href":"https:\/\/vapestornado.com\/lv\/wp-json\/wp\/v2\/product_tag?post=4781"}],"curies":[{"name":"wp","href":"https:\/\/api.w.org\/{rel}","templated":true}]}}