{"id":4732,"date":"2025-12-26T02:42:05","date_gmt":"2025-12-26T02:42:05","guid":{"rendered":"https:\/\/vapestornado.com\/?post_type=product&#038;p=4732"},"modified":"2025-12-26T03:35:44","modified_gmt":"2025-12-26T03:35:44","slug":"uwin-digital-box-68k-68000-puff-disposable-vape-wholesale-distributor-discount-price","status":"publish","type":"product","link":"https:\/\/vapestornado.com\/lv\/product\/uwin-digital-box-68k-68000-puff-disposable-vape-wholesale-distributor-discount-price\/","title":{"rendered":"Uwin Digital Box 68K 68000 Dvesienu Vienreiz\u0113j\u0101s Lieto\u0161anas Vape Vairumtirdzniec\u012bbas Izplat\u012bt\u0101ja Atlaides Cena"},"content":{"rendered":"<h2 data-start=\"0\" data-end=\"77\">Uwin Digital Box 68K: Izveidots apjomam, kontrolei un uzticamai p\u0101rdo\u0161anai<\/h2>\n<p data-start=\"79\" data-end=\"592\">T\u0101 <strong data-start=\"83\" data-end=\"107\">Uwin Digital Box 68K<\/strong> <strong data-start=\"123\" data-end=\"149\">68000 dvesienu <\/strong>\u00a0ir paredz\u0113ts pieaugu\u0161iem lietot\u0101jiem un profesion\u0101liem pirc\u0113jiem, kuri v\u0113las uzticamu, lielas ietilp\u012bbas vienreiz\u0113j\u0101s lieto\u0161anas ier\u012bci, kas konsekventi darbojas no pirm\u0101s l\u012bdz p\u0113d\u0113jai lieto\u0161anas reizei. Par <strong data-start=\"307\" data-end=\"337\">Vape Vairumtirdzniec\u012bbas Izplat\u012bt\u0101js<\/strong>, \u0161o modeli ir viegli pozicion\u0113t: skaidras specifik\u0101cijas, redzami indikatori, popul\u0101ras gar\u0161as un formas faktors, ko klienti uzreiz saprot. Par konkur\u0113tsp\u0113j\u012bgu <strong data-start=\"499\" data-end=\"522\">Vape Atlaides Cena<\/strong>, tas nodro\u0161ina v\u0113rt\u012bbu, neatsakoties no funkcij\u0101m, kur\u0101m patie\u0161\u0101m ir noz\u012bme.<\/p>\n<h2 data-start=\"599\" data-end=\"646\">K\u0101p\u0113c pirc\u0113ji izv\u0113las Uwin Digital Box 68000<\/h2>\n<p data-start=\"648\" data-end=\"1071\">Lielas ietilp\u012bbas vienreiz\u0113j\u0101s lieto\u0161anas ier\u012bces bie\u017ei vien rada vil\u0161anos viena vienk\u0101r\u0161a iemesla d\u0113\u013c: lietot\u0101ji nevar pateikt, kas notiek. Uwin Digital Box 68k to nov\u0113r\u0161 ar <strong data-start=\"778\" data-end=\"805\">\u0161\u0137idruma un jaudas indikatoru<\/strong> tas r\u0101da ier\u012bces statusu uzreiz. T\u0101 viet\u0101, lai min\u0113tu, vai tvaiks ir samazin\u0101jies t\u0101d\u0113\u013c, ka ir zema akumulatora jauda vai tuk\u0161a \u0161\u0137idruma tvertne, lietot\u0101ji sa\u0146em skaidru atbildi\u2014uzl\u0101d\u0113t vai turpin\u0101t. \u0160\u012b skaidr\u012bba veicina uztic\u012bbu un samazina frustr\u0101ciju, kas ir tie\u0161i tas, kas veicina atk\u0101rtotus pirkumus.<\/p>\n<p data-start=\"1073\" data-end=\"1307\">T\u0101 <strong data-start=\"1077\" data-end=\"1090\">t\u012bkla spoli<\/strong> ir izv\u0113l\u0113ts vienm\u0113r\u012bgai sild\u012b\u0161anai ilg\u0101k\u0101s sesij\u0101s. Re\u0101laj\u0101 lieto\u0161an\u0101 tas atbalsta stabil\u0101ku tvaika izdal\u012b\u0161anos un t\u012br\u0101ku gar\u0161u sal\u012bdzin\u0101jum\u0101 ar vienk\u0101r\u0161\u0101m spir\u0101les strukt\u016br\u0101m\u2014\u012bpa\u0161i svar\u012bgi ier\u012bc\u0113m, kas ir nov\u0113rt\u0113tas l\u012bdz 68K p\u012bp\u0113m. <strong data-start=\"1293\" data-end=\"1300\">68K<\/strong> p\u012bp\u0113m.<\/p>\n<h2 data-start=\"1314\" data-end=\"1361\">Uzl\u0101d\u0113jama jauda, kas atbilst kapacit\u0101tei<\/h2>\n<p data-start=\"1363\" data-end=\"1679\">Liels p\u012bpju skaits darbojas tikai tad, ja ier\u012bce var palikt darb\u012bb\u0101. <strong data-start=\"1429\" data-end=\"1460\">C tipa atk\u0101rtoti uzl\u0101d\u0113jams akumulators<\/strong> padara Uwin Digit\u0101lo Kasti praktisku ikdienas lieto\u0161anai: uzl\u0101d\u0113jiet p\u0113c vajadz\u012bbas un turpiniet. Tas tie\u0161i risina vienu no bie\u017e\u0101kaj\u0101m s\u016bdz\u012bb\u0101m par augstas kapacit\u0101tes vienreizlietojamajiem\u2014akumulatora izs\u012bk\u0161anu pirms \u0161\u0137idruma izlieto\u0161anas.<\/p>\n<p data-start=\"1681\" data-end=\"1784\">Baltaj\u0101m vairumtirgot\u0101jiem tas noz\u012bm\u0113 maz\u0101k klientu s\u016bdz\u012bbu un produktu, kas darbojas paredz\u0113taj\u0101 veid\u0101 liel\u0101 apjom\u0101.<\/p>\n<h2 data-start=\"1791\" data-end=\"1833\">Nikot\u012bna opcijas saska\u0146\u0101 ar ES piepras\u012bjumu<\/h2>\n<p data-start=\"1835\" data-end=\"2075\">Ier\u012bce ir pieejama ar <strong data-start=\"1864\" data-end=\"1886\">2% un 5% nikot\u012bna<\/strong> opcij\u0101m. Tas aptver visbie\u017e\u0101k sastopam\u0101s pieaugu\u0161o preferences Eiropas tirgos\u20142% viegl\u0101kai, stabil\u0101kai saj\u016btai un 5% stipr\u0101kam efektam\u2014vienlaikus vienk\u0101r\u0161ojot noliktavas p\u0101rvald\u012bbu izplat\u012bt\u0101jiem.<\/p>\n<h2 data-start=\"2082\" data-end=\"2126\">Popul\u0101ras gar\u0161as, kas patie\u0161\u0101m p\u0101rdod preces<\/h2>\n<p data-start=\"2128\" data-end=\"2296\">Nevis p\u0101rbl\u012bv\u0113jot sortimentu, Uwin 68k koncentr\u0113jas uz gar\u0161\u0101m, kas past\u0101v\u012bgi p\u0101rdod Eirop\u0101. No visa kl\u0101sta \u0161\u012bs bie\u017ei ir vispopul\u0101r\u0101k\u0101s atk\u0101rtotu pirc\u0113ju vid\u016b:<\/p>\n<ul data-start=\"2298\" data-end=\"2643\">\n<li data-start=\"2298\" data-end=\"2368\">\n<p data-start=\"2300\" data-end=\"2368\"><strong data-start=\"2300\" data-end=\"2323\">Melle\u0146u ave\u0146u<\/strong> \u2013 l\u012bdzsvarots aug\u013cu profils ar pla\u0161u pievilc\u012bbu<\/p>\n<\/li>\n<li data-start=\"2369\" data-end=\"2440\">\n<p data-start=\"2371\" data-end=\"2440\"><strong data-start=\"2371\" data-end=\"2396\">Zeme\u0146u Arb\u016bzs<\/strong> \u2013 paz\u012bstama, gluda un viegli ieteicama<\/p>\n<\/li>\n<li data-start=\"2441\" data-end=\"2511\">\n<p data-start=\"2443\" data-end=\"2511\"><strong data-start=\"2443\" data-end=\"2461\">Arb\u016bzu ledus<\/strong> \u2013 t\u012bra, atsvaidzino\u0161a un uzticama ikdienas lieto\u0161anai<\/p>\n<\/li>\n<li data-start=\"2512\" data-end=\"2571\">\n<p data-start=\"2514\" data-end=\"2571\"><strong data-start=\"2514\" data-end=\"2525\">Kungs Zils<\/strong> \u2013 sajaukta ogu stila ar sp\u0113c\u012bgu atpaz\u012bstam\u012bbu<\/p>\n<\/li>\n<li data-start=\"2572\" data-end=\"2643\">\n<p data-start=\"2574\" data-end=\"2643\"><strong data-start=\"2574\" data-end=\"2586\">Sarkan\u0101 bumba<\/strong> \u2013 ener\u0123ijas iedvesmots profils, kas izce\u013cas plaukt\u0101<\/p>\n<\/li>\n<\/ul>\n<p data-start=\"2645\" data-end=\"2736\">\u0160\u012bs gar\u0161as aptver aug\u013cu, ledus un ener\u0123ijas kategorijas, nesare\u017e\u0123\u012bjot kr\u0101jumu pl\u0101no\u0161anu.<\/p>\n<figure id=\"attachment_4725\" aria-describedby=\"caption-attachment-4725\" style=\"width: 300px\" class=\"wp-caption alignnone\"><img fetchpriority=\"high\" decoding=\"async\" class=\"size-medium wp-image-4725\" src=\"https:\/\/vapestornado.com\/wp-content\/uploads\/2025\/12\/Uwin-Digital-Box-68k-Puff-Disposable-Vape-Buy-Online-300x300.webp\" alt=\"Uwin Digital Box 68k P\u016b\u0161\u013cu Vienreizlietojams Vape Pirk\u0161ana Tie\u0161saist\u0113\" width=\"300\" height=\"300\" srcset=\"https:\/\/vapestornado.com\/wp-content\/uploads\/2025\/12\/Uwin-Digital-Box-68k-Puff-Disposable-Vape-Buy-Online-300x300.webp 300w, https:\/\/vapestornado.com\/wp-content\/uploads\/2025\/12\/Uwin-Digital-Box-68k-Puff-Disposable-Vape-Buy-Online-150x150.webp 150w, https:\/\/vapestornado.com\/wp-content\/uploads\/2025\/12\/Uwin-Digital-Box-68k-Puff-Disposable-Vape-Buy-Online-768x768.webp 768w, https:\/\/vapestornado.com\/wp-content\/uploads\/2025\/12\/Uwin-Digital-Box-68k-Puff-Disposable-Vape-Buy-Online-12x12.webp 12w, https:\/\/vapestornado.com\/wp-content\/uploads\/2025\/12\/Uwin-Digital-Box-68k-Puff-Disposable-Vape-Buy-Online-600x600.webp 600w, https:\/\/vapestornado.com\/wp-content\/uploads\/2025\/12\/Uwin-Digital-Box-68k-Puff-Disposable-Vape-Buy-Online-100x100.webp 100w, https:\/\/vapestornado.com\/wp-content\/uploads\/2025\/12\/Uwin-Digital-Box-68k-Puff-Disposable-Vape-Buy-Online.webp 800w\" sizes=\"(max-width: 300px) 100vw, 300px\" \/><figcaption id=\"caption-attachment-4725\" class=\"wp-caption-text\">Uwin Digital Box 68k P\u016b\u0161\u013cu Vienreizlietojams Vape Pirk\u0161ana Tie\u0161saist\u0113<\/figcaption><\/figure>\n<figure id=\"attachment_4729\" aria-describedby=\"caption-attachment-4729\" style=\"width: 300px\" class=\"wp-caption alignnone\"><img decoding=\"async\" class=\"size-medium wp-image-4729\" src=\"https:\/\/vapestornado.com\/wp-content\/uploads\/2025\/12\/Uwin-Vape-Digital-Box-68k-Puff-Disposables-Wholesale-300x300.webp\" alt=\"Uwin Vape Digital Box 68k P\u016b\u0161\u013cu Vienreizlietojamie Lielapjomos\" width=\"300\" height=\"300\" srcset=\"https:\/\/vapestornado.com\/wp-content\/uploads\/2025\/12\/Uwin-Vape-Digital-Box-68k-Puff-Disposables-Wholesale-300x300.webp 300w, https:\/\/vapestornado.com\/wp-content\/uploads\/2025\/12\/Uwin-Vape-Digital-Box-68k-Puff-Disposables-Wholesale-150x150.webp 150w, https:\/\/vapestornado.com\/wp-content\/uploads\/2025\/12\/Uwin-Vape-Digital-Box-68k-Puff-Disposables-Wholesale-768x768.webp 768w, https:\/\/vapestornado.com\/wp-content\/uploads\/2025\/12\/Uwin-Vape-Digital-Box-68k-Puff-Disposables-Wholesale-12x12.webp 12w, https:\/\/vapestornado.com\/wp-content\/uploads\/2025\/12\/Uwin-Vape-Digital-Box-68k-Puff-Disposables-Wholesale-600x600.webp 600w, https:\/\/vapestornado.com\/wp-content\/uploads\/2025\/12\/Uwin-Vape-Digital-Box-68k-Puff-Disposables-Wholesale-100x100.webp 100w, https:\/\/vapestornado.com\/wp-content\/uploads\/2025\/12\/Uwin-Vape-Digital-Box-68k-Puff-Disposables-Wholesale.webp 800w\" sizes=\"(max-width: 300px) 100vw, 300px\" \/><figcaption id=\"caption-attachment-4729\" class=\"wp-caption-text\">Uwin Vape Digital Box 68k P\u016b\u0161\u013cu Vienreizlietojamie Lielapjomos<\/figcaption><\/figure>\n<p><strong><span style=\"color: #ff0000;\">Pievienojiet Eimijas whatsapp, lai sa\u0146emtu pareizu atbildi un iztvaic\u0113t\u0101ja kuponu!<\/span><\/strong><\/p>\n<p><img decoding=\"async\" class=\"size-full wp-image-2932\" src=\"https:\/\/vapestornado.com\/wp-content\/uploads\/2024\/12\/Vape-Wholesale.jpg\" alt=\"Veipu Vairumtirdzniec\u012bba\" width=\"229\" height=\"300\" \/><\/p>\n<h3><a href=\"https:\/\/wa.me\/8617776015835\" target=\"_blank\" rel=\"noopener\"><span style=\"color: #ff0000;\"><strong>WhatsApp: +86 17776015835<\/strong><\/span><\/a><\/h3>\n<p>&nbsp;<\/p>\n<h2><strong>Uwin Digital Box 68K Produkta \u012apa\u0161\u012bbas<\/strong><\/h2>\n<table>\n<thead>\n<tr>\n<th><strong>\u012apa\u0161\u012bba<\/strong><\/th>\n<th><strong>Specifik\u0101cija<\/strong><\/th>\n<th><strong>Ko tas noz\u012bm\u0113 re\u0101laj\u0101 lieto\u0161an\u0101<\/strong><\/th>\n<\/tr>\n<\/thead>\n<tbody>\n<tr>\n<td>Pufiju ietilp\u012bba<\/td>\n<td>L\u012bdz <strong>68K<\/strong> p\u016b\u0161\u013ci<\/td>\n<td>Izstr\u0101d\u0101ts ilgsto\u0161ai lieto\u0161anai; faktiskie p\u016b\u0161\u013ci at\u0161\u0137iras atkar\u012bb\u0101 no ie\u0146em\u0161anas garuma un bie\u017euma.<\/td>\n<\/tr>\n<tr>\n<td>Nikot\u012bna opcijas<\/td>\n<td><strong>2% \/ 5%<\/strong><\/td>\n<td>Divas stipr\u012bbas, lai apmierin\u0101tu bie\u017e\u0101k\u0101s ES pieaugu\u0161o preferences (pieejam\u012bba var at\u0161\u0137irties).<\/td>\n<\/tr>\n<tr>\n<td>Spoles veids<\/td>\n<td><strong>T\u012bkla spole<\/strong><\/td>\n<td>Vienm\u0113r\u012bga sild\u012b\u0161ana nodro\u0161ina stabil\u0101ku tvaika izdal\u012b\u0161anos un konsekventu gar\u0161u ilg\u0101k\u0101 laika posm\u0101.<\/td>\n<\/tr>\n<tr>\n<td>Indikators<\/td>\n<td><strong>Sula un jaudas indikators<\/strong><\/td>\n<td>Skaidri r\u0101da akumulatora un e-sulas st\u0101vokli, samazinot min\u0113\u0161anas nepiecie\u0161am\u012bbu lieto\u0161anas laik\u0101.<\/td>\n<\/tr>\n<tr>\n<td>Uzl\u0101de<\/td>\n<td><strong>C tipa atk\u0101rtoti uzl\u0101d\u0113jams akumulators<\/strong><\/td>\n<td>\u0112rta uzl\u0101de, lai atbalst\u012btu augsto p\u016b\u0161\u013cu kapacit\u0101ti.<\/td>\n<\/tr>\n<tr>\n<td>Gar\u0161u Skaits<\/td>\n<td><strong>Pieejami 10 gar\u0161u<\/strong><\/td>\n<td>Galvenie profili izv\u0113l\u0113ti, lai nodro\u0161in\u0101tu sp\u0113c\u012bgu p\u0101rdo\u0161anu Eirop\u0101.<\/td>\n<\/tr>\n<tr>\n<td>Svars<\/td>\n<td><strong>95g<\/strong><\/td>\n<td>Kompakts un viegls, piem\u0113rots ikdienas p\u0101rn\u0113s\u0101\u0161anai un mazumtirdzniec\u012bbas displejiem.<\/td>\n<\/tr>\n<\/tbody>\n<\/table>\n<h2 class=\"product-title\"><strong>Uwin Digital Box 68K P\u016b\u0161\u013cu Gar\u0161u Saraksts<\/strong><\/h2>\n<p>1.Melle\u0146u ave\u0146u<br \/>\n2. Zeme\u0146u arb\u016bzs<br \/>\n3. Arb\u016bza ledus<br \/>\n4. \u010cerri ledus<br \/>\n5. Kiwijas Pasijas aug\u013cu guava<br \/>\n6. Vasara Persiku ledus<br \/>\n7. Zeme\u0146u kivi<br \/>\n8. Sajaukta ogu<br \/>\n9. Mr blue<br \/>\n10. Red Bull<\/p>\n<p>&nbsp;<\/p>\n<div class=\"flex-shrink-0 flex flex-col relative items-end\">\n<div class=\"pt-0\">\n<div class=\"gizmo-bot-avatar flex h-8 w-8 items-center justify-center overflow-hidden rounded-full\">\n<div class=\"relative p-1 rounded-sm flex items-center justify-center bg-token-main-surface-primary text-token-text-primary h-8 w-8\">\n<h2 data-start=\"1200\" data-end=\"1487\">Vapes Tornado \u2013 J\u016bsu vairumtirdzniec\u012bbas tie\u0161saistes e-izsmidzin\u0101\u0161anas veikals popul\u0101riem vadiem<\/h2>\n<p data-start=\"72\" data-end=\"396\"><strong data-start=\"72\" data-end=\"89\">Vapes Tornado<\/strong> ir Eiropai orient\u0113ts vairumtirdzniec\u012bbas tie\u0161saistes e-izsmidzin\u0101\u0161anas veikals, kas pied\u0101v\u0101 r\u016bp\u012bgi atlas\u012btu <strong data-start=\"178\" data-end=\"195\">popul\u0101ru vadi<\/strong> profesion\u0101liem pirc\u0113jiem. M\u0113s sadarbojamies ar mazumtirgot\u0101jiem, izplat\u012bt\u0101jiem un tie\u0161saistes veikaliem vis\u0101 Eiropas Savien\u012bb\u0101, kuriem nepiecie\u0161ama stabila pieg\u0101de, skaidra produktu inform\u0101cija un z\u012bmoli, kurus klienti jau atpaz\u012bst un uzticas.<\/p>\n<p data-start=\"398\" data-end=\"687\">M\u0113s sadarbojamies ar uzticamiem z\u012bmoliem, piem\u0113ram, <strong data-start=\"307\" data-end=\"362\"><a href=\"https:\/\/vapestornado.com\/lv\/product\/randm-12000-puffs-fumot-digital-disposable-vape-wholesale-price\/\">Fumot VAPE<\/a>, <a href=\"https:\/\/vapestornado.com\/lv\/product\/original-wga-ultra-35k-35000-puff-rechargeable-crystal-disposable-nicotine-vape-best-discount-price\/\">WGA VAPE<\/a>, <\/strong><strong data-start=\"307\" data-end=\"362\"><a href=\"https:\/\/vapestornado.com\/lv\/product\/vozol-gear-shisha-25k-25000-puffs-best-dtl-disposable-vape-hookah-cheap-price\/\">VOZOL BAR VAPE<\/a>,<\/strong><strong data-start=\"247\" data-end=\"352\">\u00a0Elf Bar Vape, WASPE Vape, <a href=\"https:\/\/vapestornado.com\/lv\/product\/uzy-150k-puffs-6-in-1-flavor-switch-disposable-vape-pen-wholesale\/\">UZY Vape<\/a>, Bang Vape, Razz Bar Vape, un Stag Bar Vape<\/strong>, izv\u0113l\u0113ti p\u0113c konsekventas kvalit\u0101tes un sp\u0113c\u012bgas piepras\u012bjuma Eiropas tirg\u016b.<\/p>\n<h4 data-start=\"1080\" data-end=\"1120\">Izstr\u0101d\u0101ts Eiropas vairumtirdzniec\u012bbas pirc\u0113jiem<\/h4>\n<p data-start=\"1121\" data-end=\"1189\">Vapes Tornado ir struktur\u0113ts ap Eiropas vairumtirdzniec\u012bbas pirc\u0113ju patiesaj\u0101m vajadz\u012bb\u0101m:<\/p>\n<ul data-start=\"1190\" data-end=\"1400\">\n<li data-start=\"1190\" data-end=\"1239\">\n<p data-start=\"1192\" data-end=\"1239\">Konkur\u0113tsp\u0113j\u012bgas vairumtirdzniec\u012bbas cenas lielapjom\u0101<\/p>\n<\/li>\n<li data-start=\"1240\" data-end=\"1289\">\n<p data-start=\"1242\" data-end=\"1289\">Skait\u013ci un specifik\u0101cijas skaidri aprakst\u012bti<\/p>\n<\/li>\n<li data-start=\"1290\" data-end=\"1330\">\n<p data-start=\"1292\" data-end=\"1330\">\u0100tra, uzticama Eiropas orient\u0113ta lo\u0123istika<\/p>\n<\/li>\n<li data-start=\"1331\" data-end=\"1400\">\n<p data-start=\"1333\" data-end=\"1400\">Katalogs, kas koncentr\u0113jas uz <strong data-start=\"1356\" data-end=\"1373\">popul\u0101ru vadi<\/strong>, ne p\u0101rpild\u012btiem SKU<\/p>\n<\/li>\n<\/ul>\n<h2 data-start=\"2064\" data-end=\"2115\">BUJ par Uwin Digital Box 68K Vienreizlietojamo Vape<\/h2>\n<p data-start=\"3885\" data-end=\"4036\"><strong data-start=\"3885\" data-end=\"3934\">1) Vai katram lietot\u0101jam ir garant\u0113ti 68 000 p\u016btieni?<\/strong><br data-start=\"3934\" data-end=\"3937\" \/>N\u0113. P\u016b\u0161anas skaits ir atkar\u012bgs no ieelpas garuma, bie\u017euma un lieto\u0161anas paradumiem; 68K ir maksim\u0101lais dizaina m\u0113r\u0137is.<\/p>\n<p data-start=\"4038\" data-end=\"4187\"><strong data-start=\"4038\" data-end=\"4088\">2) Ko r\u0101da sula un jaudas indikators?<\/strong><br data-start=\"4088\" data-end=\"4091\" \/>Tas r\u0101da atliku\u0161\u0101s akumulatora un e-\u0161\u0137idruma statusu, lai lietot\u0101ji zin\u0101tu, vai j\u0101uzl\u0101d\u0113 vai j\u0101turpina.<\/p>\n<p data-start=\"4189\" data-end=\"4347\"><strong data-start=\"4189\" data-end=\"4244\">3) K\u0101p\u0113c Type-C uzl\u0101de ir svar\u012bga \u0161aj\u0101 ier\u012bc\u0113?<\/strong><br data-start=\"4244\" data-end=\"4247\" \/>T\u0101 \u013cauj uzl\u0101d\u0113t, lai atbilstu lielajai p\u016btienu kapacit\u0101tei, nov\u0113r\u0161ot agr\u012bnu izme\u0161anu d\u0113\u013c zema akumulatora l\u012bme\u0146a.<\/p>\n<p data-start=\"4349\" data-end=\"4477\"><strong data-start=\"4349\" data-end=\"4395\">4) K\u0101das nikot\u012bna stipruma iesp\u0113jas ir pieejamas?<\/strong><br data-start=\"4395\" data-end=\"4398\" \/>Pieejam\u0101s opcijas ir <strong data-start=\"4421\" data-end=\"4434\">2% un 5%<\/strong>, atkar\u012bb\u0101 no tirgus un partijas pieejam\u012bbas.<\/p>\n<p data-start=\"4479\" data-end=\"4676\"><strong data-start=\"4479\" data-end=\"4540\">5) Vai tas ir piem\u0113rots vairumtirdzniec\u012bbai Eirop\u0101?<\/strong><br data-start=\"4540\" data-end=\"4543\" \/>J\u0101. Funkciju komplekts, gar\u0161u izv\u0113le un skaidri statusa indikatori padara to piem\u0113rotu <strong data-start=\"4636\" data-end=\"4666\">Vape Vairumtirdzniec\u012bbas Izplat\u012bt\u0101js<\/strong> kan\u0101liem.<\/p>\n<\/div>\n<\/div>\n<\/div>\n<\/div>","protected":false},"excerpt":{"rendered":"<p data-start=\"5635\" data-end=\"5802\" data-is-last-node=\"\" data-is-only-node=\"\">T\u0101 <strong data-start=\"4717\" data-end=\"4741\">Uwin Digital Box 68K<\/strong> (<strong data-start=\"4743\" data-end=\"4769\">Uwin Digital Box 68000<\/strong>) ir Type-C uzl\u0101d\u0113jams vienreiz\u0113j\u0101s lieto\u0161anas vape, kas izveidots ilgsto\u0161ai, paredzamai lieto\u0161anai. Ar <strong data-start=\"4857\" data-end=\"4870\">t\u012bkla spoli<\/strong>, <strong data-start=\"4872\" data-end=\"4899\">\u0161\u0137idruma un jaudas indikatoru<\/strong>, un <strong data-start=\"4905\" data-end=\"4928\">10 popul\u0101r\u0101m gar\u0161\u0101m<\/strong>, tas nodro\u0161ina konsekventu veiktsp\u0113ju <strong data-start=\"4968\" data-end=\"4989\">2% vai 5% nikot\u012bns<\/strong> opcij\u0101s \u2014 ide\u0101la izv\u0113le <strong data-start=\"5018\" data-end=\"5049\">vape vairumtirdzniec\u012bbas izplat\u012bt\u0101jiem<\/strong> kas mekl\u0113 uzticamu produktu par <strong data-start=\"5082\" data-end=\"5100\">atlaides cenu<\/strong>.<\/p>\n<p><strong>Pievienojiet Eimijas WhatsApp, lai sa\u0146emtu prec\u012bzu atbildi un atlaidi!<\/strong><\/p>\n<p><img decoding=\"async\" class=\"size-full wp-image-2932\" src=\"https:\/\/vapestornado.com\/wp-content\/uploads\/2024\/12\/Vape-Wholesale.jpg\" alt=\"Veipu Vairumtirdzniec\u012bba\" width=\"229\" height=\"300\" \/><\/p>\n<h3><a href=\"https:\/\/wa.me\/8617776015835\"><span style=\"color: #ff0000;\"><strong>WhatsApp: +86 17776015835<\/strong><\/span><\/a><\/h3>","protected":false},"featured_media":4728,"comment_status":"open","ping_status":"closed","template":"","meta":{"_acf_changed":false,"_uag_custom_page_level_css":"","_lmt_disableupdate":"no","_lmt_disable":"","_monsterinsights_skip_tracking":false,"_monsterinsights_sitenote_active":false,"_monsterinsights_sitenote_note":"","_monsterinsights_sitenote_category":0,"site-sidebar-layout":"default","site-content-layout":"","ast-site-content-layout":"default","site-content-style":"default","site-sidebar-style":"default","ast-global-header-display":"","ast-banner-title-visibility":"","ast-main-header-display":"","ast-hfb-above-header-display":"","ast-hfb-below-header-display":"","ast-hfb-mobile-header-display":"","site-post-title":"","ast-breadcrumbs-content":"","ast-featured-img":"","footer-sml-layout":"","ast-disable-related-posts":"","theme-transparent-header-meta":"default","adv-header-id-meta":"","stick-header-meta":"","header-above-stick-meta":"","header-main-stick-meta":"","header-below-stick-meta":"","astra-migrate-meta-layouts":"set","ast-page-background-enabled":"default","ast-page-background-meta":{"desktop":{"background-color":"","background-image":"","background-repeat":"repeat","background-position":"center center","background-size":"auto","background-attachment":"scroll","background-type":"","background-media":"","overlay-type":"","overlay-color":"","overlay-opacity":"","overlay-gradient":""},"tablet":{"background-color":"","background-image":"","background-repeat":"repeat","background-position":"center center","background-size":"auto","background-attachment":"scroll","background-type":"","background-media":"","overlay-type":"","overlay-color":"","overlay-opacity":"","overlay-gradient":""},"mobile":{"background-color":"","background-image":"","background-repeat":"repeat","background-position":"center center","background-size":"auto","background-attachment":"scroll","background-type":"","background-media":"","overlay-type":"","overlay-color":"","overlay-opacity":"","overlay-gradient":""}},"ast-content-background-meta":{"desktop":{"background-color":"var(--ast-global-color-5)","background-image":"","background-repeat":"repeat","background-position":"center center","background-size":"auto","background-attachment":"scroll","background-type":"","background-media":"","overlay-type":"","overlay-color":"","overlay-opacity":"","overlay-gradient":""},"tablet":{"background-color":"var(--ast-global-color-5)","background-image":"","background-repeat":"repeat","background-position":"center center","background-size":"auto","background-attachment":"scroll","background-type":"","background-media":"","overlay-type":"","overlay-color":"","overlay-opacity":"","overlay-gradient":""},"mobile":{"background-color":"var(--ast-global-color-5)","background-image":"","background-repeat":"repeat","background-position":"center center","background-size":"auto","background-attachment":"scroll","background-type":"","background-media":"","overlay-type":"","overlay-color":"","overlay-opacity":"","overlay-gradient":""}},"_joinchat":[]},"product_brand":[],"product_cat":[343,140,150,152,153,156,142,146,233],"product_tag":[387,287,511,510,393,513,512],"class_list":{"0":"post-4732","1":"product","2":"type-product","3":"status-publish","4":"has-post-thumbnail","6":"product_cat-60000-puff","7":"product_cat-big-puffs-disposable-vapes","8":"product_cat-buy-disposable-vapes-in-belgium","9":"product_cat-buy-disposable-vapes-in-cermany","10":"product_cat-buy-disposable-vapes-in-italy","11":"product_cat-buy-disposable-vapes-in-poland","12":"product_cat-digital-box-disposable-vapes","13":"product_cat-rechargeable-disposable-vapes","14":"product_cat-uwin-vape","15":"product_tag-cigarette-vapor","16":"product_tag-disposable-vape-pen","17":"product_tag-uwin-digital-box-68000","18":"product_tag-uwin-digital-box-68k","19":"product_tag-vape-cartridge","20":"product_tag-vape-discount-price","21":"product_tag-vape-wholesale-distributor","22":"desktop-align-left","23":"tablet-align-left","24":"mobile-align-left","26":"first","27":"instock","28":"sale","29":"shipping-taxable","30":"purchasable","31":"product-type-simple"},"acf":[],"uagb_featured_image_src":{"full":["https:\/\/vapestornado.com\/wp-content\/uploads\/2025\/12\/Uwin-Digital-Box-68000-Puff-Disposable-Vape-With-Screen.webp",800,800,false],"thumbnail":["https:\/\/vapestornado.com\/wp-content\/uploads\/2025\/12\/Uwin-Digital-Box-68000-Puff-Disposable-Vape-With-Screen-150x150.webp",150,150,true],"medium":["https:\/\/vapestornado.com\/wp-content\/uploads\/2025\/12\/Uwin-Digital-Box-68000-Puff-Disposable-Vape-With-Screen-300x300.webp",300,300,true],"medium_large":["https:\/\/vapestornado.com\/wp-content\/uploads\/2025\/12\/Uwin-Digital-Box-68000-Puff-Disposable-Vape-With-Screen-768x768.webp",768,768,true],"large":["https:\/\/vapestornado.com\/wp-content\/uploads\/2025\/12\/Uwin-Digital-Box-68000-Puff-Disposable-Vape-With-Screen.webp",800,800,false],"1536x1536":["https:\/\/vapestornado.com\/wp-content\/uploads\/2025\/12\/Uwin-Digital-Box-68000-Puff-Disposable-Vape-With-Screen.webp",800,800,false],"2048x2048":["https:\/\/vapestornado.com\/wp-content\/uploads\/2025\/12\/Uwin-Digital-Box-68000-Puff-Disposable-Vape-With-Screen.webp",800,800,false],"trp-custom-language-flag":["https:\/\/vapestornado.com\/wp-content\/uploads\/2025\/12\/Uwin-Digital-Box-68000-Puff-Disposable-Vape-With-Screen-12x12.webp",12,12,true],"woocommerce_thumbnail":["https:\/\/vapestornado.com\/wp-content\/uploads\/2025\/12\/Uwin-Digital-Box-68000-Puff-Disposable-Vape-With-Screen-300x300.webp",300,300,true],"woocommerce_single":["https:\/\/vapestornado.com\/wp-content\/uploads\/2025\/12\/Uwin-Digital-Box-68000-Puff-Disposable-Vape-With-Screen-600x600.webp",600,600,true],"woocommerce_gallery_thumbnail":["https:\/\/vapestornado.com\/wp-content\/uploads\/2025\/12\/Uwin-Digital-Box-68000-Puff-Disposable-Vape-With-Screen-100x100.webp",100,100,true]},"uagb_author_info":{"display_name":"ESAMY","author_link":"https:\/\/vapestornado.com\/lv\/author\/"},"uagb_comment_info":0,"uagb_excerpt":"The Uwin Digital Box 68K (Uwin Digital Box 68000) is a Type-C rechargeable disposable vape built for long, predictable use. Featuring a mesh coil, juice &amp; power indicator, and 10 popular flavours, it delivers consistent performance in 2% or 5% nicotine options\u2014an ideal choice for vape wholesale distributors seeking a reliable product at a discount&hellip;","_links":{"self":[{"href":"https:\/\/vapestornado.com\/lv\/wp-json\/wp\/v2\/product\/4732","targetHints":{"allow":["GET"]}}],"collection":[{"href":"https:\/\/vapestornado.com\/lv\/wp-json\/wp\/v2\/product"}],"about":[{"href":"https:\/\/vapestornado.com\/lv\/wp-json\/wp\/v2\/types\/product"}],"replies":[{"embeddable":true,"href":"https:\/\/vapestornado.com\/lv\/wp-json\/wp\/v2\/comments?post=4732"}],"wp:featuredmedia":[{"embeddable":true,"href":"https:\/\/vapestornado.com\/lv\/wp-json\/wp\/v2\/media\/4728"}],"wp:attachment":[{"href":"https:\/\/vapestornado.com\/lv\/wp-json\/wp\/v2\/media?parent=4732"}],"wp:term":[{"taxonomy":"product_brand","embeddable":true,"href":"https:\/\/vapestornado.com\/lv\/wp-json\/wp\/v2\/product_brand?post=4732"},{"taxonomy":"product_cat","embeddable":true,"href":"https:\/\/vapestornado.com\/lv\/wp-json\/wp\/v2\/product_cat?post=4732"},{"taxonomy":"product_tag","embeddable":true,"href":"https:\/\/vapestornado.com\/lv\/wp-json\/wp\/v2\/product_tag?post=4732"}],"curies":[{"name":"wp","href":"https:\/\/api.w.org\/{rel}","templated":true}]}}