{"id":4731,"date":"2025-12-26T02:21:15","date_gmt":"2025-12-26T02:21:15","guid":{"rendered":"https:\/\/vapestornado.com\/?post_type=product&#038;p=4731"},"modified":"2025-12-26T02:37:50","modified_gmt":"2025-12-26T02:37:50","slug":"okso-50000-puff-50k-switch-kit-disposable-vape-boost-mode-airflow-adjustable-low-price","status":"publish","type":"product","link":"https:\/\/vapestornado.com\/lv\/product\/okso-50000-puff-50k-switch-kit-disposable-vape-boost-mode-airflow-adjustable-low-price\/","title":{"rendered":"OKSO 50000 P\u016b\u0161\u013ci 50K Sl\u0113dzis Komplekts Vienreiz\u0113j\u0101s lieto\u0161anas Vape Boost re\u017e\u012bms Gaisa pl\u016bsmas regul\u0113\u0161ana Zema cena"},"content":{"rendered":"<h2 data-pm-slice=\"1 1 []\">OKSO 50K P\u016b\u0161\u013cu Sl\u0113d\u017ea komplekts: Divi jaudas profili, viens t\u012brs uzst\u0101d\u012bjums<\/h2>\n<p data-start=\"66\" data-end=\"524\">T\u0101 <strong data-start=\"70\" data-end=\"87\">OKSO 50K P\u016b\u0161\u013ci<\/strong> (ar\u012b nor\u0101d\u012bts k\u0101 <strong data-start=\"104\" data-end=\"124\">OKSO 50000 P\u016b\u0161\u013ci<\/strong>) ir Sl\u0113d\u017ea komplekta vienreiz\u0113j\u0101s lieto\u0161anas vape, izstr\u0101d\u0101ts pieaugu\u0161ajiem, kuri v\u0113las kontroli bez papildu ier\u012b\u010du n\u0113s\u0101\u0161anas. Tas apvieno ilgsto\u0161a re\u017e\u012bma ikdienas lieto\u0161anai ar stipr\u0101ku <strong data-start=\"285\" data-end=\"299\">Boost re\u017e\u012bms<\/strong> priek\u0161 br\u012b\u017eiem, kad v\u0113laties vair\u0101k sp\u0113ka. Pievienojiet <strong data-start=\"342\" data-end=\"369\">Vape Gaisa pl\u016bsmas regul\u0113\u0161ana<\/strong> regul\u0113\u0161anu un dubultu t\u012bkli\u0146u spir\u0101les strukt\u016bru, un j\u016bs ieg\u016bstat <strong data-start=\"423\" data-end=\"435\">puff 50k<\/strong> ier\u012bci, kas \u0161\u0137iet apzin\u0101ta, nevis vienk\u0101r\u0161a \u2014 \u012bpa\u0161i pie <strong data-start=\"501\" data-end=\"514\">zem\u0101 cena<\/strong> poz\u012bcijas.<\/p>\n<h3 data-start=\"531\" data-end=\"590\">Pa\u0101trin\u0101juma re\u017e\u012bms, kas sit sp\u0113c\u012bg\u0101k, Parastais re\u017e\u012bms, kas ilg\u0101k turas<\/h3>\n<p data-start=\"592\" data-end=\"652\">\u0160is sl\u0113d\u017ea komplekts ir izstr\u0101d\u0101ts ap diviem re\u0101las lieto\u0161anas gad\u012bjumiem:<\/p>\n<ul data-start=\"654\" data-end=\"916\">\n<li data-start=\"654\" data-end=\"774\">\n<p data-start=\"656\" data-end=\"774\"><strong data-start=\"656\" data-end=\"689\">Parastais re\u017e\u012bms: l\u012bdz 50 000 ieelp\u0101m<\/strong><br data-start=\"689\" data-end=\"692\" \/>Stabils profils, kas paredz\u0113ts ilg\u0101kam darb\u012bbas laikam un vienm\u0113r\u012bg\u0101kai visa dienas saj\u016btai.<\/p>\n<\/li>\n<li data-start=\"776\" data-end=\"916\">\n<p data-start=\"778\" data-end=\"916\"><strong data-start=\"778\" data-end=\"812\">Pa\u0101trin\u0101juma re\u017e\u012bms: l\u012bdz 30 000 ieelp\u0101m<\/strong><br data-start=\"812\" data-end=\"815\" \/>Sp\u0113c\u012bg\u0101ks, intens\u012bv\u0101ks profils, kas parasti pat\u0113r\u0113 \u0101tr\u0101k, bet sniedz sp\u0113c\u012bg\u0101ku sesiju.<\/p>\n<\/li>\n<\/ul>\n<p data-start=\"918\" data-end=\"1056\">T\u0101 ir <strong data-start=\"938\" data-end=\"952\">Boost re\u017e\u012bms<\/strong> m\u0113r\u0137is: j\u016bs varat p\u0101rsl\u0113gties atkar\u012bb\u0101 no konteksta \u2014 darba diena pret br\u012bvdien\u0101m, viegl\u0101ks pret stipr\u0101ku \u2014 nemainot ier\u012bci.<\/p>\n<h3>Gaisa pl\u016bsmas regul\u0113\u0161ana: cie\u0161a vai va\u013c\u012bga pl\u016bsma, j\u016bsu izv\u0113le<\/h3>\n<p data-start=\"1122\" data-end=\"1212\"><strong data-start=\"1122\" data-end=\"1149\">Vape Gaisa pl\u016bsmas regul\u0113\u0161ana<\/strong> kontroles mai\u0146a ietekm\u0113 to, k\u0101 ier\u012bce uzvelk un k\u0101 j\u016btas tvaiks:<\/p>\n<ul data-start=\"1214\" data-end=\"1371\">\n<li data-start=\"1214\" data-end=\"1280\">\n<p data-start=\"1216\" data-end=\"1280\"><strong data-start=\"1216\" data-end=\"1235\">Cie\u0161\u0101ka gaisa pl\u016bsma<\/strong> var justies koncentr\u0113t\u0101ka un kontrol\u0113t\u0101ka.<\/p>\n<\/li>\n<li data-start=\"1281\" data-end=\"1371\">\n<p data-start=\"1283\" data-end=\"1371\"><strong data-start=\"1283\" data-end=\"1304\">Vair\u0101k atv\u0113rta gaisa pl\u016bsma<\/strong> var justies glud\u0101ka un br\u012bv\u0101ka, bie\u017ei ar liel\u0101ku tvaiku.<\/p>\n<\/li>\n<\/ul>\n<p data-start=\"1373\" data-end=\"1545\">Pieaugu\u0161o lietot\u0101jiem gaisa pl\u016bsma ir viena no retaj\u0101m funkcij\u0101m, ko j\u016bs patie\u0161\u0101m paman\u012bsiet katru dienu. T\u0101 p\u0101rv\u0113r\u0161 vienu izm\u0113ru atbilst visu vienreizlietojamo ier\u012bci par kaut ko, ko var piel\u0101got sav\u0101m v\u0113lm\u0113m.<\/p>\n<h3 data-start=\"1552\" data-end=\"1610\">Dubult\u0101 t\u012bkli\u0146u spir\u0101le 1.0+1.0\u03a9: konsekvence ir \u012bst\u0101 luksusa<\/h3>\n<p data-start=\"1612\" data-end=\"1797\">OKSO 50K izmanto <strong data-start=\"1632\" data-end=\"1662\">Dubult\u0101 sieti\u0146a spole: 1.0 + 1.0\u03a9<\/strong> (sieti\u0146a spole \u00d72). \u0160is iestat\u012bjums ir paredz\u0113ts vienm\u0113r\u012bgai kars\u0113\u0161anai un stabilai jaudai, kas ir svar\u012bgi, ja ier\u012bci lietojat ilgsto\u0161i.<\/p>\n<p data-start=\"1799\" data-end=\"1833\">Praktiski tas noz\u012bm\u0113:<\/p>\n<ul data-start=\"1834\" data-end=\"2016\">\n<li data-start=\"1834\" data-end=\"1891\">\n<p data-start=\"1836\" data-end=\"1891\">nodro\u0161in\u0101t vienm\u0113r\u012bg\u0101ku gar\u0161as pieg\u0101di ilgsto\u0161u sesiju laik\u0101<\/p>\n<\/li>\n<li data-start=\"1892\" data-end=\"1951\">\n<p data-start=\"1894\" data-end=\"1951\">samazin\u0101t probl\u0113mu \u201cpirmaj\u0101 dien\u0101 labi, tre\u0161aj\u0101 dien\u0101 \u2013 bez gar\u0161as\u201d<\/p>\n<\/li>\n<li data-start=\"1952\" data-end=\"2016\">\n<p data-start=\"1954\" data-end=\"2016\">atbalst\u012bt uzticamu tvaika izdal\u012b\u0161anos gan Norm, gan Boost profilos<\/p>\n<\/li>\n<\/ul>\n<h3 data-start=\"2023\" data-end=\"2077\">Akumulators + Displejs: Izveidots, lai to p\u0101rvald\u012btu, nevis min\u0113tu<\/h3>\n<p data-start=\"2079\" data-end=\"2425\">Ier\u012bce ietver <strong data-start=\"2101\" data-end=\"2121\">1000mAh + 200mAh<\/strong> akumulatora konfigur\u0101ciju un <strong data-start=\"2151\" data-end=\"2166\">LED displejs<\/strong>. Priek\u0161roc\u012bba nav tikai ietilp\u012bba \u2013 t\u0101 ir paredzam\u012bba. Displejs sniedz \u0101tru statusa redzam\u012bbu, lai jums neb\u016btu j\u0101min, k\u0101p\u0113c main\u0101s veiktsp\u0113ja. Ilgsto\u0161ai <strong data-start=\"2331\" data-end=\"2351\">OKSO 50000 P\u016b\u0161\u013ci<\/strong> ier\u012bcei t\u0101 ir praktiska funkcija, \u012bpa\u0161i, ja bie\u017ei p\u0101rsl\u0113dzat re\u017e\u012bmus.<\/p>\n<h3 data-start=\"2432\" data-end=\"2485\">Magn\u0113tisk\u0101 pievilk\u0161ana: P\u0101rsl\u0113g\u0161anas komplekts, kas \u0161\u0137iet stabils<\/h3>\n<p data-start=\"2487\" data-end=\"2765\">T\u0101 <strong data-start=\"2491\" data-end=\"2514\">magn\u0113tisk\u0101 pievilk\u0161ana<\/strong> dizains uzlabo ikdienas lieto\u0161anu \u2013 maz\u0101k j\u0101bakst\u0101s, t\u012br\u0101ka piegul\u0161ana un dro\u0161\u0101ka saj\u016bta, regul\u0101ri lietojot. T\u0101 ir neliela deta\u013ca, bet t\u0101 padara Switch Kit pieredzi rafin\u0113t\u0101ku nek\u0101 tipiskiem vienreizlietojamiem izstr\u0101d\u0101jumiem \u0161aj\u0101 zemaj\u0101 cenu kategorij\u0101.<\/p>\n<p><strong><span style=\"color: #ff0000;\">Pievienojiet Eimijas whatsapp, lai sa\u0146emtu pareizu atbildi un iztvaic\u0113t\u0101ja kuponu!<\/span><\/strong><\/p>\n<p><img fetchpriority=\"high\" decoding=\"async\" class=\"size-full wp-image-2932\" src=\"https:\/\/vapestornado.com\/wp-content\/uploads\/2024\/12\/Vape-Wholesale.jpg\" alt=\"Veipu Vairumtirdzniec\u012bba\" width=\"229\" height=\"300\" \/><\/p>\n<h3><a href=\"https:\/\/wa.me\/8617776015835\" target=\"_blank\" rel=\"noopener\"><span style=\"color: #ff0000;\"><strong>WhatsApp: +86 17776015835<\/strong><\/span><\/a><\/h3>\n<p>&nbsp;<\/p>\n<h2><strong>OKSO 50000 uzp\u016btienu 50K Switch Kit produkta \u012bpa\u0161\u012bbas<\/strong><\/h2>\n<table>\n<thead>\n<tr>\n<th>\u012apa\u0161\u012bba<\/th>\n<th align=\"right\">Specifik\u0101cija<\/th>\n<th>Ko tas noz\u012bm\u0113 re\u0101laj\u0101 lieto\u0161an\u0101<\/th>\n<\/tr>\n<\/thead>\n<tbody>\n<tr>\n<td>Re\u017e\u012bms (Norm)<\/td>\n<td align=\"right\">L\u012bdz 50 000 p\u016b\u0161iem<\/td>\n<td>Ilg\u0101ks darb\u012bbas laiks vienm\u0113r\u012bgai ikdienas tvaic\u0113\u0161anai (faktiskais uzp\u016btienu skaits at\u0161\u0137iras atkar\u012bb\u0101 no ieelpas garuma).<\/td>\n<\/tr>\n<tr>\n<td>Re\u017e\u012bms (Boost)<\/td>\n<td align=\"right\">L\u012bdz 30 000 p\u016b\u0161\u013ciem<\/td>\n<td>Stipr\u0101ks izvades profils; augst\u0101ka intensit\u0101te parasti samazina kop\u0113jo p\u016b\u0161u skaitu.<\/td>\n<\/tr>\n<tr>\n<td>Spir\u0101les sist\u0113ma<\/td>\n<td align=\"right\">Dubult\u0101 re\u017e\u0123a spir\u0101le 1.0 + 1.0\u03a9 (M\u0113ness spir\u0101le \u00d72)<\/td>\n<td>Vienm\u0113r\u012bga sild\u012b\u0161ana atbalsta konsekventu gar\u0161u un tvaiku abos re\u017e\u012bmos.<\/td>\n<\/tr>\n<tr>\n<td>E-\u0161\u0137idrums<\/td>\n<td align=\"right\">20ml<\/td>\n<td>Liela ietilp\u012bba, paredz\u0113ta ilgsto\u0161ai lieto\u0161anai bez bie\u017eas nomai\u0146as.<\/td>\n<\/tr>\n<tr>\n<td>Akumulators<\/td>\n<td align=\"right\">1000mAh + 200mAh<\/td>\n<td>Izstr\u0101d\u0101ts, lai atbalst\u012btu ilg\u0101kas sesijas un p\u0101rsl\u0113g\u0161anos starp re\u017e\u012bmiem ar maz\u0101kiem ener\u0123ijas zudumiem.<\/td>\n<\/tr>\n<tr>\n<td>Displejs<\/td>\n<td align=\"right\">LED displejs<\/td>\n<td>Sniedz redzamu ier\u012bces statusu viegl\u0101kai ikdienas p\u0101rvald\u012bbai.<\/td>\n<\/tr>\n<tr>\n<td>Gaisa pl\u016bsma<\/td>\n<td align=\"right\">Regul\u0113jama gaisa pl\u016bsma<\/td>\n<td>\u013bauj piel\u0101got ieelpas saj\u016btu no stingr\u0101kas l\u012bdz br\u012bv\u0101kai.<\/td>\n<\/tr>\n<tr>\n<td>Strukt\u016bra<\/td>\n<td align=\"right\">Magn\u0113tiska pievilk\u0161an\u0101s<\/td>\n<td>Uzlabo apstr\u0101di un sader\u012bbu, samazinot ikdienas lieto\u0161anas gr\u016bt\u012bbas.<\/td>\n<\/tr>\n<tr>\n<td>Izm\u0113rs<\/td>\n<td align=\"right\">65 \u00d7 35 \u00d7 110mm<\/td>\n<td>Saska\u0146ots izm\u0113rs, kas apvieno ietilp\u012bbu un p\u0101rn\u0113s\u0101jam\u012bbu.<\/td>\n<\/tr>\n<tr>\n<td>Svars<\/td>\n<td align=\"right\">129g<\/td>\n<td>Ciets saj\u016bta rok\u0101, rakstur\u012bga ar lielu ietilp\u012bbu ier\u012bc\u0113m.<\/td>\n<\/tr>\n<tr>\n<td>Nikot\u012bna opcijas<\/td>\n<td align=\"right\">0% \/ 2% \/ 3% \/ 5%<\/td>\n<td>Aizsarg\u0101 no nikot\u012bna bez un stipr\u0101k\u0101m opcij\u0101m, atkar\u012bb\u0101 no tirgus vajadz\u012bb\u0101m.<\/td>\n<\/tr>\n<\/tbody>\n<\/table>\n<h2 class=\"product-title\"><strong>OKSO 50000 P\u016b\u0161u 50K P\u0101rsl\u0113g\u0161anas komplekts Gar\u0161u saraksts<\/strong><\/h2>\n<h2 data-start=\"3958\" data-end=\"4012\"><\/h2>\n<ol data-start=\"4014\" data-end=\"4238\">\n<li data-start=\"4014\" data-end=\"4028\">\n<p data-start=\"4017\" data-end=\"4028\">Persiku ledus<\/p>\n<\/li>\n<li data-start=\"4029\" data-end=\"4046\">\n<p data-start=\"4032\" data-end=\"4046\">Meksikas Mango<\/p>\n<\/li>\n<li data-start=\"4047\" data-end=\"4073\">\n<p data-start=\"4050\" data-end=\"4073\">Zeme\u0146u Arb\u016bzs<\/p>\n<\/li>\n<li data-start=\"4074\" data-end=\"4088\">\n<p data-start=\"4077\" data-end=\"4088\">Zil\u0101 Avene<\/p>\n<\/li>\n<li data-start=\"4089\" data-end=\"4104\">\n<p data-start=\"4092\" data-end=\"4104\">L\u0101c\u012b\u0161a gumija<\/p>\n<\/li>\n<li data-start=\"4105\" data-end=\"4120\">\n<p data-start=\"4108\" data-end=\"4120\">Sk\u0101bs \u0100bols<\/p>\n<\/li>\n<li data-start=\"4121\" data-end=\"4136\">\n<p data-start=\"4124\" data-end=\"4136\">Maiami Piparm\u0113tra<\/p>\n<\/li>\n<li data-start=\"4137\" data-end=\"4151\">\n<p data-start=\"4140\" data-end=\"4151\">V\u012bnogu ledus<\/p>\n<\/li>\n<li data-start=\"4152\" data-end=\"4165\">\n<p data-start=\"4155\" data-end=\"4165\">Sul\u012bgs ledus<\/p>\n<\/li>\n<li data-start=\"4166\" data-end=\"4195\">\n<p data-start=\"4170\" data-end=\"4195\">Kivi Dzen\u0101js ogas<\/p>\n<\/li>\n<li data-start=\"4196\" data-end=\"4217\">\n<p data-start=\"4200\" data-end=\"4217\">Zeme\u0146u kivi<\/p>\n<\/li>\n<li data-start=\"4218\" data-end=\"4238\">\n<p data-start=\"4222\" data-end=\"4238\">Zeme\u0146u ledus<\/p>\n<\/li>\n<\/ol>\n<figure id=\"attachment_4721\" aria-describedby=\"caption-attachment-4721\" style=\"width: 300px\" class=\"wp-caption alignnone\"><img decoding=\"async\" class=\"size-medium wp-image-4721\" src=\"https:\/\/vapestornado.com\/wp-content\/uploads\/2025\/12\/Okso-50K-50000-Puffs-Disposable-Vape-Popular-Flavor-300x300.webp\" alt=\"Okso 50K 50000 P\u016b\u0161u Vienreiz\u0113j\u0101 Vape Popul\u0101ra Gar\u0161a\" width=\"300\" height=\"300\" srcset=\"https:\/\/vapestornado.com\/wp-content\/uploads\/2025\/12\/Okso-50K-50000-Puffs-Disposable-Vape-Popular-Flavor-300x300.webp 300w, https:\/\/vapestornado.com\/wp-content\/uploads\/2025\/12\/Okso-50K-50000-Puffs-Disposable-Vape-Popular-Flavor-150x150.webp 150w, https:\/\/vapestornado.com\/wp-content\/uploads\/2025\/12\/Okso-50K-50000-Puffs-Disposable-Vape-Popular-Flavor-768x768.webp 768w, https:\/\/vapestornado.com\/wp-content\/uploads\/2025\/12\/Okso-50K-50000-Puffs-Disposable-Vape-Popular-Flavor-12x12.webp 12w, https:\/\/vapestornado.com\/wp-content\/uploads\/2025\/12\/Okso-50K-50000-Puffs-Disposable-Vape-Popular-Flavor-600x600.webp 600w, https:\/\/vapestornado.com\/wp-content\/uploads\/2025\/12\/Okso-50K-50000-Puffs-Disposable-Vape-Popular-Flavor-100x100.webp 100w, https:\/\/vapestornado.com\/wp-content\/uploads\/2025\/12\/Okso-50K-50000-Puffs-Disposable-Vape-Popular-Flavor.webp 800w\" sizes=\"(max-width: 300px) 100vw, 300px\" \/><figcaption id=\"caption-attachment-4721\" class=\"wp-caption-text\">Okso 50K 50000 P\u016b\u0161u Vienreiz\u0113j\u0101 Vape Popul\u0101ra Gar\u0161a<\/figcaption><\/figure>\n<div class=\"flex-shrink-0 flex flex-col relative items-end\">\n<div class=\"pt-0\">\n<div class=\"gizmo-bot-avatar flex h-8 w-8 items-center justify-center overflow-hidden rounded-full\">\n<div class=\"relative p-1 rounded-sm flex items-center justify-center bg-token-main-surface-primary text-token-text-primary h-8 w-8\">\n<h2 data-start=\"1200\" data-end=\"1487\">Vapes Tornado \u2013 J\u016bsu vairumtirdzniec\u012bbas tie\u0161saistes vape veikals ar lab\u0101kaj\u0101m vape z\u012bmoliem<\/h2>\n<p data-start=\"1200\" data-end=\"1487\"><strong data-start=\"141\" data-end=\"177\">Vapes Tornado Tie\u0161saistes D\u016bmu Veikals<\/strong> ir j\u016bsu uzticams avots <strong data-start=\"205\" data-end=\"270\">premium vienreizlietojamie vape un vairumtirdzniec\u012bbas e-cigaretes Eirop\u0101<\/strong>. M\u0113s pied\u0101v\u0101jam popul\u0101r\u0101k\u0101s z\u012bmolus, piem\u0113ram <strong data-start=\"307\" data-end=\"362\"><a href=\"https:\/\/vapestornado.com\/lv\/product\/randm-12000-puffs-fumot-digital-disposable-vape-wholesale-price\/\">Fumot VAPE<\/a>, <a href=\"https:\/\/vapestornado.com\/lv\/product\/original-wga-ultra-35k-35000-puff-rechargeable-crystal-disposable-nicotine-vape-best-discount-price\/\">WGA VAPE<\/a>, <\/strong><strong data-start=\"307\" data-end=\"362\"><a href=\"https:\/\/vapestornado.com\/lv\/product\/vozol-gear-shisha-25k-25000-puffs-best-dtl-disposable-vape-hookah-cheap-price\/\">VOZOL BAR VAPE<\/a>, \u00a0 Bang Vape<\/strong>, un vair\u0101k, nodro\u0161inot kvalit\u0101ti un da\u017e\u0101d\u012bbu katram klientam. Neatkar\u012bgi no t\u0101, vai j\u016bs esat individu\u0101ls vapers vai vairumtirdzniec\u012bbas pirc\u0113js, m\u0113s pieg\u0101d\u0101jam <strong data-start=\"481\" data-end=\"550\">augstas veiktsp\u0113jas ier\u012bces, stil\u012bgus dizainus un konkur\u0113tsp\u0113j\u012bgas cenas<\/strong> lai apmierin\u0101tu j\u016bsu vajadz\u012bbas.<\/p>\n<h2 data-start=\"2064\" data-end=\"2115\">BUJ par OKSO 50000 P\u016b\u0161u 50K P\u0101rsl\u0113g\u0161anas Vienreiz\u0113jo Vape<\/h2>\n<p data-start=\"4515\" data-end=\"4726\"><strong data-start=\"4515\" data-end=\"4578\">1) K\u0101p\u0113c \u0161ai ier\u012bcei ir uzskait\u012bti 50 000 p\u016b\u0161u un 30 000 p\u016b\u0161u mode\u013ci?<\/strong><br data-start=\"4578\" data-end=\"4581\" \/>Jo tas ir divos re\u017e\u012bmos: <strong data-start=\"4607\" data-end=\"4639\">Norm\u0101lais re\u017e\u012bms l\u012bdz 50 000 p\u012bp\u0113m<\/strong> un <strong data-start=\"4644\" data-end=\"4677\">Pa\u0101trin\u0101juma re\u017e\u012bms l\u012bdz 30 000 p\u012bp\u0113m<\/strong>, ar da\u017e\u0101du intensit\u0101ti un pat\u0113ri\u0146a l\u012bmeni.<\/p>\n<p data-start=\"4728\" data-end=\"4886\"><strong data-start=\"4728\" data-end=\"4776\">2) Ko maina Vape Airflow Adjustable?<\/strong><br data-start=\"4776\" data-end=\"4779\" \/>Tas maina ie\u0161anas pretest\u012bbu un tvaika saj\u016btu\u2014stingr\u0101ku, lai b\u016btu koncentr\u0113t\u0101ks pievilk\u0161anas process, vai va\u013c\u012bg\u0101ku, lai nodro\u0161in\u0101tu glud\u0101ku gaisa pl\u016bsmu.<\/p>\n<p data-start=\"4888\" data-end=\"5039\"><strong data-start=\"4888\" data-end=\"4943\">3) K\u0101ds ir Dual Mesh Coil (1.0+1.0\u03a9) m\u0113r\u0137is?<\/strong><br data-start=\"4943\" data-end=\"4946\" \/>Tas nodro\u0161ina vienm\u0113r\u012bg\u0101ku sild\u012b\u0161anu, pal\u012bdzot saglab\u0101t gar\u0161u un tvaika ra\u017eo\u0161anu stabil\u0101ku ilg\u0101k\u0101 lieto\u0161an\u0101.<\/p>\n<p data-start=\"5041\" data-end=\"5217\"><strong data-start=\"5041\" data-end=\"5077\">4) Vai tas ir p\u0101rpild\u0101ms podu komplekts?<\/strong><br data-start=\"5077\" data-end=\"5080\" \/>Tas ir prezent\u0113ts k\u0101 vienreizlietojams Switch Kit ar <strong data-start=\"5127\" data-end=\"5135\">20ml<\/strong> e-\u0161\u0137idrumu; papildpild\u012b\u0161ana un spir\u0101les nomai\u0146a nav aprakst\u012bta sniegtajos specifik\u0101cij\u0101s.<\/p>\n<p data-start=\"5219\" data-end=\"5340\"><strong data-start=\"5219\" data-end=\"5265\">5) K\u0101das nikot\u012bna stipruma iesp\u0113jas ir pieejamas?<\/strong><br data-start=\"5265\" data-end=\"5268\" \/>Ir nor\u0101d\u012btas opcijas 0%, 2%, 3% un 5%, atkar\u012bb\u0101 no tirgus pieejam\u012bbas.<\/p>\n<\/div>\n<\/div>\n<\/div>\n<\/div>","protected":false},"excerpt":{"rendered":"<p data-start=\"3411\" data-end=\"3490\">T\u0101 <strong data-start=\"5381\" data-end=\"5398\">OKSO 50K P\u016b\u0161\u013ci<\/strong> (<strong data-start=\"5400\" data-end=\"5420\">OKSO 50000 P\u016b\u0161\u013ci<\/strong>) ir vienreiz\u0113j\u0101s lieto\u0161anas <strong data-start=\"5438\" data-end=\"5452\">Sl\u0113d\u017ea komplekts<\/strong> izstr\u0101d\u0101ts pieaugu\u0161ajiem, kuri v\u0113las izv\u0113li: <strong data-start=\"5487\" data-end=\"5500\">Norm\u0101lais re\u017e\u012bms<\/strong> ilg\u0101kai darb\u012bbai un <strong data-start=\"5524\" data-end=\"5538\">Boost re\u017e\u012bms<\/strong> stipr\u0101k\u0101m sesij\u0101m. Ar <strong data-start=\"5567\" data-end=\"5594\">Vape Gaisa pl\u016bsmas regul\u0113\u0161ana<\/strong> tuning, <strong data-start=\"5605\" data-end=\"5632\">Dubult\u0101 re\u017e\u0123a sild\u012bt\u0101js 1.0+1.0\u03a9<\/strong>, <strong data-start=\"5634\" data-end=\"5651\">20 ml e-\u0161\u0137idrumu<\/strong>, un <strong data-start=\"5660\" data-end=\"5675\">LED displejs<\/strong>, tas nodro\u0161ina kontrol\u0113tu veiktsp\u0113ju par zemu cenu <strong data-start=\"5734\" data-end=\"5746\">puff 50k<\/strong> kategorij\u0101.<\/p>\n<p><strong>Pievienojiet Eimijas WhatsApp, lai sa\u0146emtu prec\u012bzu atbildi un atlaidi!<\/strong><\/p>\n<p><img fetchpriority=\"high\" decoding=\"async\" class=\"size-full wp-image-2932\" src=\"https:\/\/vapestornado.com\/wp-content\/uploads\/2024\/12\/Vape-Wholesale.jpg\" alt=\"Veipu Vairumtirdzniec\u012bba\" width=\"229\" height=\"300\" \/><\/p>\n<h3><a href=\"https:\/\/wa.me\/8617776015835\"><span style=\"color: #ff0000;\"><strong>WhatsApp: +86 17776015835<\/strong><\/span><\/a><\/h3>","protected":false},"featured_media":4718,"comment_status":"open","ping_status":"closed","template":"","meta":{"_acf_changed":false,"_uag_custom_page_level_css":"","_lmt_disableupdate":"no","_lmt_disable":"","_monsterinsights_skip_tracking":false,"_monsterinsights_sitenote_active":false,"_monsterinsights_sitenote_note":"","_monsterinsights_sitenote_category":0,"site-sidebar-layout":"default","site-content-layout":"","ast-site-content-layout":"default","site-content-style":"default","site-sidebar-style":"default","ast-global-header-display":"","ast-banner-title-visibility":"","ast-main-header-display":"","ast-hfb-above-header-display":"","ast-hfb-below-header-display":"","ast-hfb-mobile-header-display":"","site-post-title":"","ast-breadcrumbs-content":"","ast-featured-img":"","footer-sml-layout":"","ast-disable-related-posts":"","theme-transparent-header-meta":"default","adv-header-id-meta":"","stick-header-meta":"","header-above-stick-meta":"","header-main-stick-meta":"","header-below-stick-meta":"","astra-migrate-meta-layouts":"set","ast-page-background-enabled":"default","ast-page-background-meta":{"desktop":{"background-color":"","background-image":"","background-repeat":"repeat","background-position":"center center","background-size":"auto","background-attachment":"scroll","background-type":"","background-media":"","overlay-type":"","overlay-color":"","overlay-opacity":"","overlay-gradient":""},"tablet":{"background-color":"","background-image":"","background-repeat":"repeat","background-position":"center center","background-size":"auto","background-attachment":"scroll","background-type":"","background-media":"","overlay-type":"","overlay-color":"","overlay-opacity":"","overlay-gradient":""},"mobile":{"background-color":"","background-image":"","background-repeat":"repeat","background-position":"center center","background-size":"auto","background-attachment":"scroll","background-type":"","background-media":"","overlay-type":"","overlay-color":"","overlay-opacity":"","overlay-gradient":""}},"ast-content-background-meta":{"desktop":{"background-color":"var(--ast-global-color-5)","background-image":"","background-repeat":"repeat","background-position":"center center","background-size":"auto","background-attachment":"scroll","background-type":"","background-media":"","overlay-type":"","overlay-color":"","overlay-opacity":"","overlay-gradient":""},"tablet":{"background-color":"var(--ast-global-color-5)","background-image":"","background-repeat":"repeat","background-position":"center center","background-size":"auto","background-attachment":"scroll","background-type":"","background-media":"","overlay-type":"","overlay-color":"","overlay-opacity":"","overlay-gradient":""},"mobile":{"background-color":"var(--ast-global-color-5)","background-image":"","background-repeat":"repeat","background-position":"center center","background-size":"auto","background-attachment":"scroll","background-type":"","background-media":"","overlay-type":"","overlay-color":"","overlay-opacity":"","overlay-gradient":""}},"_joinchat":[]},"product_brand":[],"product_cat":[192,153,156,157,158,142,144,146,60],"product_tag":[387,287,503,506,507,508,393,509],"class_list":{"0":"post-4731","1":"product","2":"type-product","3":"status-publish","4":"has-post-thumbnail","6":"product_cat-50000-puff","7":"product_cat-buy-disposable-vapes-in-italy","8":"product_cat-buy-disposable-vapes-in-poland","9":"product_cat-buy-disposable-vapes-in-portugal","10":"product_cat-buy-disposable-vapes-in-spain","11":"product_cat-digital-box-disposable-vapes","12":"product_cat-low-nicotine-disposable-vapes","13":"product_cat-rechargeable-disposable-vapes","14":"product_cat-waspe-fihp-vape","15":"product_tag-cigarette-vapor","16":"product_tag-disposable-vape-pen","17":"product_tag-multi-flavor-disposable-vape","18":"product_tag-okso-50000-puff","19":"product_tag-okso-switch-kit-50k","20":"product_tag-vape-airflow-adjustable","21":"product_tag-vape-cartridge","22":"product_tag-vape-low-price","23":"desktop-align-left","24":"tablet-align-left","25":"mobile-align-left","27":"first","28":"instock","29":"sale","30":"shipping-taxable","31":"purchasable","32":"product-type-simple"},"acf":[],"uagb_featured_image_src":{"full":["https:\/\/vapestornado.com\/wp-content\/uploads\/2025\/12\/Okso-50K-50000-Puffs-Disposable-Vape-Best-Flavor.webp",800,800,false],"thumbnail":["https:\/\/vapestornado.com\/wp-content\/uploads\/2025\/12\/Okso-50K-50000-Puffs-Disposable-Vape-Best-Flavor-150x150.webp",150,150,true],"medium":["https:\/\/vapestornado.com\/wp-content\/uploads\/2025\/12\/Okso-50K-50000-Puffs-Disposable-Vape-Best-Flavor-300x300.webp",300,300,true],"medium_large":["https:\/\/vapestornado.com\/wp-content\/uploads\/2025\/12\/Okso-50K-50000-Puffs-Disposable-Vape-Best-Flavor-768x768.webp",768,768,true],"large":["https:\/\/vapestornado.com\/wp-content\/uploads\/2025\/12\/Okso-50K-50000-Puffs-Disposable-Vape-Best-Flavor.webp",800,800,false],"1536x1536":["https:\/\/vapestornado.com\/wp-content\/uploads\/2025\/12\/Okso-50K-50000-Puffs-Disposable-Vape-Best-Flavor.webp",800,800,false],"2048x2048":["https:\/\/vapestornado.com\/wp-content\/uploads\/2025\/12\/Okso-50K-50000-Puffs-Disposable-Vape-Best-Flavor.webp",800,800,false],"trp-custom-language-flag":["https:\/\/vapestornado.com\/wp-content\/uploads\/2025\/12\/Okso-50K-50000-Puffs-Disposable-Vape-Best-Flavor-12x12.webp",12,12,true],"woocommerce_thumbnail":["https:\/\/vapestornado.com\/wp-content\/uploads\/2025\/12\/Okso-50K-50000-Puffs-Disposable-Vape-Best-Flavor-300x300.webp",300,300,true],"woocommerce_single":["https:\/\/vapestornado.com\/wp-content\/uploads\/2025\/12\/Okso-50K-50000-Puffs-Disposable-Vape-Best-Flavor-600x600.webp",600,600,true],"woocommerce_gallery_thumbnail":["https:\/\/vapestornado.com\/wp-content\/uploads\/2025\/12\/Okso-50K-50000-Puffs-Disposable-Vape-Best-Flavor-100x100.webp",100,100,true]},"uagb_author_info":{"display_name":"ESAMY","author_link":"https:\/\/vapestornado.com\/lv\/author\/"},"uagb_comment_info":0,"uagb_excerpt":"The OKSO 50K Puff (OKSO 50000 Puffs) is a disposable Switch Kit built for adults who want choice: Norm mode for longer runtime and Boost Mode for stronger sessions. With Vape Airflow Adjustable tuning, a Dual Mesh Coil 1.0+1.0\u03a9, 20ml e-liquid, and an LED display, it delivers controlled performance at a low price in the&hellip;","_links":{"self":[{"href":"https:\/\/vapestornado.com\/lv\/wp-json\/wp\/v2\/product\/4731","targetHints":{"allow":["GET"]}}],"collection":[{"href":"https:\/\/vapestornado.com\/lv\/wp-json\/wp\/v2\/product"}],"about":[{"href":"https:\/\/vapestornado.com\/lv\/wp-json\/wp\/v2\/types\/product"}],"replies":[{"embeddable":true,"href":"https:\/\/vapestornado.com\/lv\/wp-json\/wp\/v2\/comments?post=4731"}],"wp:featuredmedia":[{"embeddable":true,"href":"https:\/\/vapestornado.com\/lv\/wp-json\/wp\/v2\/media\/4718"}],"wp:attachment":[{"href":"https:\/\/vapestornado.com\/lv\/wp-json\/wp\/v2\/media?parent=4731"}],"wp:term":[{"taxonomy":"product_brand","embeddable":true,"href":"https:\/\/vapestornado.com\/lv\/wp-json\/wp\/v2\/product_brand?post=4731"},{"taxonomy":"product_cat","embeddable":true,"href":"https:\/\/vapestornado.com\/lv\/wp-json\/wp\/v2\/product_cat?post=4731"},{"taxonomy":"product_tag","embeddable":true,"href":"https:\/\/vapestornado.com\/lv\/wp-json\/wp\/v2\/product_tag?post=4731"}],"curies":[{"name":"wp","href":"https:\/\/api.w.org\/{rel}","templated":true}]}}