{"id":4716,"date":"2025-12-24T03:47:14","date_gmt":"2025-12-24T03:47:14","guid":{"rendered":"https:\/\/vapestornado.com\/?post_type=product&#038;p=4716"},"modified":"2025-12-24T06:53:12","modified_gmt":"2025-12-24T06:53:12","slug":"fihp-90k-puffs-90000-3-in-1-triple-flavors-crystal-vape-shop-wholesale-disposable-e-cigarette","status":"publish","type":"product","link":"https:\/\/vapestornado.com\/lv\/product\/fihp-90k-puffs-90000-3-in-1-triple-flavors-crystal-vape-shop-wholesale-disposable-e-cigarette\/","title":{"rendered":"FIHP 90K Puffs 90000 3 in 1 Triple Flavors Krist\u0101la Vape Shop Vairumtirdzniec\u012bba Vienreizlietojama E Cigarete"},"content":{"rendered":"<h2 data-pm-slice=\"1 1 []\">FIHP 90K Puffs 90000 3 in 1 Triple Flavors Krist\u0101la Vienreiz\u0113j\u0101 lieto\u0161ana E Cigarete Vairumtirdzniec\u012bba<\/h2>\n<p data-start=\"90\" data-end=\"562\">T\u0101 <strong data-start=\"94\" data-end=\"112\">FIHP 90K Puffs<\/strong> ir izstr\u0101d\u0101ts pieaugu\u0161ajiem, kuri v\u0113las ilgsto\u0161u ier\u012bci, kas paliek interesanta. Galvenais raksturlielums ir ac\u012bmredzams\u2014<strong data-start=\"213\" data-end=\"229\">90 000 p\u012bpiem<\/strong>\u2014bet tas, kas padara to lietojamu dienu p\u0113c dienas, ir kombin\u0101cija <strong data-start=\"293\" data-end=\"324\">3 in 1 triple gar\u0161u sist\u0113ma<\/strong>, a <strong data-start=\"328\" data-end=\"344\">viedais ekr\u0101ns<\/strong>, un spol\u0113 iek\u0101rtas, kas paredz\u0113tas stabilai gar\u0161as izvad\u012b\u0161anai. \u0160\u0101da veida <strong data-start=\"420\" data-end=\"446\">Vienreiz\u0113j\u0101 lieto\u0161anas E Cigarete<\/strong> piest\u0101v gan person\u012bgai lieto\u0161anai, gan vape veikaliem vairumtirdzniec\u012bb\u0101, jo to ir viegli paskaidrot un viegli uztic\u0113ties rok\u0101s.<\/p>\n<p data-start=\"564\" data-end=\"847\">\u201cKrist\u0101la\u201d caursp\u012bd\u012bgais korpuss nav tikai stil\u012bgs; tas ar\u012b padara produktu modernu un vienk\u0101r\u0161u\u2014tas, ko redzi, ir tas, ko sa\u0146em. Daudziem pirc\u0113jiem Eirop\u0101 tas ir svar\u012bgi: t\u012brs izskats, skaidra inform\u0101cija no ekr\u0101na un nek\u0101du nosl\u0113pumu par to, vai ier\u012bce ir iztuk\u0161ota vai vienk\u0101r\u0161i nepiecie\u0161ama uzl\u0101de.<\/p>\n<p data-start=\"876\" data-end=\"1116\">Augstas kapacit\u0101tes vienreiz\u0113j\u0101s lieto\u0161anas ier\u012bces bie\u017ei neizdodas paredzami: gar\u0161a k\u013c\u016bst bl\u0101va, izvad\u012b\u0161ana k\u013c\u016bst nepast\u0101v\u012bga vai lietot\u0101ji nevar pateikt, vai ier\u012bce ir tuk\u0161a vai vienk\u0101r\u0161i nepiecie\u0161ama uzl\u0101de. FIHP risina \u0161os s\u0101pju punktus ar praktisk\u0101m iek\u0101rtas izv\u0113l\u0113m.<\/p>\n<p data-start=\"1118\" data-end=\"1588\">T\u0101 <strong data-start=\"1122\" data-end=\"1138\">viedais ekr\u0101ns<\/strong> par\u0101da <strong data-start=\"1145\" data-end=\"1181\">akumulatora l\u012bmenis un e-\u0161\u0137idruma l\u012bmenis<\/strong>, t\u0101p\u0113c jums nav j\u0101min. Tas samazina frustr\u0101ciju un samazina \u201ctas p\u0101rst\u0101ja darboties\u201d br\u012b\u017eus, kas paties\u012bb\u0101 ir zema jauda. <strong data-start=\"1318\" data-end=\"1342\">0.9\u03a9 dubult\u0101s re\u017e\u0123a spir\u0101les<\/strong> ir izstr\u0101d\u0101ts ar liel\u0101ku apkures laukumu, kas pal\u012bdz uztur\u0113t tvaika ra\u017eo\u0161anu stabilu un gar\u0161u t\u012br\u0101ku ilgsto\u0161as lieto\u0161anas laik\u0101. Pievienojiet <strong data-start=\"1469\" data-end=\"1488\">C tipa uzl\u0101de<\/strong> un <strong data-start=\"1493\" data-end=\"1511\">650 mAh akumulators<\/strong>, un ier\u012bce atbilst re\u0101l\u0101m ikdienas rut\u012bnas pras\u012bb\u0101m\u2014uzl\u0101d\u0113jiet \u0101tri, lietojiet ilg\u0101k, atk\u0101rtojiet.<\/p>\n<h3 data-start=\"1590\" data-end=\"1635\">K\u0101p\u0113c pirkt FIHP 90K 90000 P\u016b\u0161amo vienreizlietojamo Vape pildspalvu<\/h3>\n<ul data-start=\"1636\" data-end=\"2259\">\n<li data-start=\"1636\" data-end=\"1764\">\n<p data-start=\"1638\" data-end=\"1764\"><strong data-start=\"1638\" data-end=\"1665\">Ilgs nomai\u0146as cikls:<\/strong> tas <strong data-start=\"1670\" data-end=\"1679\">90000<\/strong> p\u016b\u0161anas dizains samazina nepiecie\u0161am\u012bbu p\u0113c jauna ier\u012bces bie\u017e\u0101k, \u012bpa\u0161i regul\u0101riem lietot\u0101jiem.<\/p>\n<\/li>\n<li data-start=\"1765\" data-end=\"1936\">\n<p data-start=\"1767\" data-end=\"1936\"><strong data-start=\"1767\" data-end=\"1801\">Daudzveid\u012bba bez papildu ier\u012bc\u0113m:<\/strong> tas <strong data-start=\"1806\" data-end=\"1824\">3 gar\u0161as vien\u0101<\/strong> sist\u0113ma ir praktiska\u2014p\u0101rsl\u0113dzot profilus, pal\u012bdz izvair\u012bties no gar\u0161as noguruma, kas ir bie\u017ei ar augstas ietilp\u012bbas vape ier\u012bc\u0113m.<\/p>\n<\/li>\n<li data-start=\"1937\" data-end=\"2094\">\n<p data-start=\"1939\" data-end=\"2094\"><strong data-start=\"1939\" data-end=\"1968\">Skaidrs statuss uzreiz:<\/strong> ekr\u0101ns padara ier\u012bci paredzam\u0101ku, \u012bpa\u0161i cilv\u0113kiem, kas vape visu dienu un nev\u0113las p\u0101rsteigumus.<\/p>\n<\/li>\n<li data-start=\"2095\" data-end=\"2259\">\n<p data-start=\"2097\" data-end=\"2259\"><strong data-start=\"2097\" data-end=\"2120\">Vairumtirdzniec\u012bbas draudz\u012bgs:<\/strong> lai izskat\u012btos k\u0101 krist\u0101la stila vape veikala displejs, produkts izskat\u0101s premium, vienlaikus ir vienk\u0101r\u0161i prezent\u0113jams: 90K + tr\u012bs gar\u0161as + ekr\u0101ns + Type-C.<\/p>\n<\/li>\n<\/ul>\n<p><strong><span style=\"color: #ff0000;\">Pievienojiet Eimijas whatsapp, lai sa\u0146emtu pareizu atbildi un iztvaic\u0113t\u0101ja kuponu!<\/span><\/strong><\/p>\n<p><img fetchpriority=\"high\" decoding=\"async\" class=\"size-full wp-image-2932\" src=\"https:\/\/vapestornado.com\/wp-content\/uploads\/2024\/12\/Vape-Wholesale.jpg\" alt=\"Veipu Vairumtirdzniec\u012bba\" width=\"229\" height=\"300\" \/><\/p>\n<h3><a href=\"https:\/\/wa.me\/8617776015835\" target=\"_blank\" rel=\"noopener\"><span style=\"color: #ff0000;\"><strong>WhatsApp: +86 17776015835<\/strong><\/span><\/a><\/h3>\n<figure id=\"attachment_4711\" aria-describedby=\"caption-attachment-4711\" style=\"width: 300px\" class=\"wp-caption alignnone\"><img decoding=\"async\" class=\"size-medium wp-image-4711\" src=\"https:\/\/vapestornado.com\/wp-content\/uploads\/2025\/12\/FIHP-90K-90000-Puff-Bar-Disposables-Triple-Flavors-300x300.webp\" alt=\"FIHP 90K 90000 Puff Bar Vienreiz\u0113j\u0101s lieto\u0161anas Tr\u012bsk\u0101r\u0161\u0101s Gar\u0161as\" width=\"300\" height=\"300\" srcset=\"https:\/\/vapestornado.com\/wp-content\/uploads\/2025\/12\/FIHP-90K-90000-Puff-Bar-Disposables-Triple-Flavors-300x300.webp 300w, https:\/\/vapestornado.com\/wp-content\/uploads\/2025\/12\/FIHP-90K-90000-Puff-Bar-Disposables-Triple-Flavors-150x150.webp 150w, https:\/\/vapestornado.com\/wp-content\/uploads\/2025\/12\/FIHP-90K-90000-Puff-Bar-Disposables-Triple-Flavors-768x768.webp 768w, https:\/\/vapestornado.com\/wp-content\/uploads\/2025\/12\/FIHP-90K-90000-Puff-Bar-Disposables-Triple-Flavors-12x12.webp 12w, https:\/\/vapestornado.com\/wp-content\/uploads\/2025\/12\/FIHP-90K-90000-Puff-Bar-Disposables-Triple-Flavors-600x600.webp 600w, https:\/\/vapestornado.com\/wp-content\/uploads\/2025\/12\/FIHP-90K-90000-Puff-Bar-Disposables-Triple-Flavors-100x100.webp 100w, https:\/\/vapestornado.com\/wp-content\/uploads\/2025\/12\/FIHP-90K-90000-Puff-Bar-Disposables-Triple-Flavors.webp 800w\" sizes=\"(max-width: 300px) 100vw, 300px\" \/><figcaption id=\"caption-attachment-4711\" class=\"wp-caption-text\">FIHP 90K 90000 P\u016b\u0161amo vienreizlietojamo baru ar tr\u012bs gar\u0161\u0101m<\/figcaption><\/figure>\n<p>&nbsp;<\/p>\n<h2><strong>FIHP 90K P\u016b\u0161amo produktu \u012bpa\u0161\u012bbas<\/strong><\/h2>\n<table>\n<thead>\n<tr>\n<th>\u012apa\u0161\u012bba<\/th>\n<th>Specifik\u0101cija<\/th>\n<th>Ko tas noz\u012bm\u0113 re\u0101laj\u0101 lieto\u0161an\u0101<\/th>\n<\/tr>\n<\/thead>\n<tbody>\n<tr>\n<td>Pufiju ietilp\u012bba<\/td>\n<td>L\u012bdz 90 000 p\u016b\u0161iem<\/td>\n<td>Izstr\u0101d\u0101ts ilgsto\u0161ai lieto\u0161anai; faktiskais p\u016b\u0161u skaits ir atkar\u012bgs no ieelpas garuma un lieto\u0161anas paradumiem.<\/td>\n<\/tr>\n<tr>\n<td>Gar\u0161as sist\u0113ma<\/td>\n<td>3 vien\u0101 tr\u012bsk\u0101r\u0161\u0101s gar\u0161as<\/td>\n<td>P\u0101rsl\u0113dzieties starp trim gar\u0161\u0101m vien\u0101 ier\u012bc\u0113, lai samazin\u0101tu gar\u0161as nogurumu ilgsto\u0161as lieto\u0161anas laik\u0101.<\/td>\n<\/tr>\n<tr>\n<td>Spoles veids<\/td>\n<td>0.9\u03a9 dubult\u0101s re\u017e\u0123a spir\u0101les<\/td>\n<td>Liel\u0101ka apkures zona nodro\u0161ina stabil\u0101ku tvaiku un t\u012br\u0101ku gar\u0161u pieg\u0101di ilgsto\u0161\u0101s sesij\u0101s.<\/td>\n<\/tr>\n<tr>\n<td>Akumulators<\/td>\n<td>650mAh uzl\u0101d\u0113jams<\/td>\n<td>Izstr\u0101d\u0101ts ikdienas lieto\u0161anai; uzl\u0101d\u0113jiet, kad nepiecie\u0161ams, nevis agr\u0101k izmest.<\/td>\n<\/tr>\n<tr>\n<td>Uzl\u0101de<\/td>\n<td>Type-C (apm\u0113ram 30 min\u016btes nor\u0101d\u012bts)<\/td>\n<td>\u0100tr\u0101ka, \u0113rt\u0101ka uzl\u0101de sal\u012bdzin\u0101jum\u0101 ar vec\u0101k\u0101m portiem; laiks var at\u0161\u0137irties atkar\u012bb\u0101 no l\u0101d\u0113t\u0101ja un apst\u0101k\u013ciem.<\/td>\n<\/tr>\n<tr>\n<td>Displejs<\/td>\n<td>Gudrs ekr\u0101ns (baterija + e-\u0161\u0137idrums)<\/td>\n<td>Samazina min\u0113\u0161anas nepiecie\u0161am\u012bbu, r\u0101dot ier\u012bces statusu uzreiz.<\/td>\n<\/tr>\n<tr>\n<td>Nikot\u012bna opcijas<\/td>\n<td>2% \/ 5%<\/td>\n<td>Divas stipr\u012bbas da\u017e\u0101d\u0101m pieaugu\u0161o v\u0113lm\u0113m (tirgus pieejam\u012bba var at\u0161\u0137irties).<\/td>\n<\/tr>\n<tr>\n<td>Dizains<\/td>\n<td>Caursp\u012bd\u012bgs krist\u0101la stila korpuss<\/td>\n<td>M\u016bsdien\u012bgs izskats, piem\u0113rots mazumtirdzniec\u012bbas displejam un vienk\u0101r\u0161ai produkta prezent\u0101cijai.<\/td>\n<\/tr>\n<\/tbody>\n<\/table>\n<h2 class=\"product-title\"><strong>FIHP 90K Puffs Puff Puff Gar\u0161u saraksts<\/strong><\/h2>\n<h2 data-start=\"4164\" data-end=\"4193\"><\/h2>\n<ol data-start=\"4195\" data-end=\"4730\">\n<li data-start=\"4195\" data-end=\"4239\">\n<p data-start=\"4198\" data-end=\"4239\">Fizzy Cherry &amp; Lady Killer &amp; Gummy Bear<\/p>\n<\/li>\n<li data-start=\"4240\" data-end=\"4287\">\n<p data-start=\"4243\" data-end=\"4287\">Mellenes Raspberijs &amp; Love 666 &amp; Persiku ledus<\/p>\n<\/li>\n<li data-start=\"4288\" data-end=\"4343\">\n<p data-start=\"4291\" data-end=\"4343\">Raspberijs Arb\u016bzs &amp; Sajaukts ogas &amp; Mango persiks<\/p>\n<\/li>\n<li data-start=\"4344\" data-end=\"4406\">\n<p data-start=\"4347\" data-end=\"4406\">Zil\u0101 Razz Lemon\u0101de &amp; Zeme\u0146u Raspberijs &amp; Varav\u012bksnes konfektes<\/p>\n<\/li>\n<li data-start=\"4407\" data-end=\"4463\">\n<p data-start=\"4410\" data-end=\"4463\">Arb\u016bza gumija &amp; V\u012bnogu ledus &amp; Melno drakonu ledus<\/p>\n<\/li>\n<li data-start=\"4464\" data-end=\"4514\">\n<p data-start=\"4467\" data-end=\"4514\">Anan\u0101ss Kokosrieksts &amp; Sajaukts auglis &amp; Citronu persiks<\/p>\n<\/li>\n<li data-start=\"4515\" data-end=\"4575\">\n<p data-start=\"4518\" data-end=\"4575\">Divas \u0101bolu &amp; Zeme\u0146u ban\u0101nu &amp; Raspberija arb\u016bzs<\/p>\n<\/li>\n<li data-start=\"4576\" data-end=\"4624\">\n<p data-start=\"4579\" data-end=\"4624\">Arb\u016bza ledus &amp; Sarkan\u0101 bulta &amp; Zeme\u0146u kiivi<\/p>\n<\/li>\n<li data-start=\"4625\" data-end=\"4680\">\n<p data-start=\"4628\" data-end=\"4680\">Mellenes ledus &amp; Zeme\u0146u arb\u016bzs &amp; Citronu laima<\/p>\n<\/li>\n<li data-start=\"4681\" data-end=\"4730\">\n<p data-start=\"4685\" data-end=\"4730\">Persiku ogas &amp; Tr\u012bsk\u0101r\u0161ais melons &amp; Arb\u016bza ledus<\/p>\n<\/li>\n<\/ol>\n<div class=\"flex-shrink-0 flex flex-col relative items-end\">\n<div class=\"pt-0\">\n<div class=\"gizmo-bot-avatar flex h-8 w-8 items-center justify-center overflow-hidden rounded-full\">\n<div class=\"relative p-1 rounded-sm flex items-center justify-center bg-token-main-surface-primary text-token-text-primary h-8 w-8\">\n<h2 data-start=\"1200\" data-end=\"1487\">Vapes Tornado \u2013 J\u016bsu vairumtirdzniec\u012bbas tie\u0161saistes e-izsmidzin\u0101\u0161anas veikals popul\u0101riem vadiem<\/h2>\n<p data-start=\"72\" data-end=\"396\"><strong data-start=\"72\" data-end=\"89\">Vapes Tornado<\/strong> ir Eiropai orient\u0113ts vairumtirdzniec\u012bbas tie\u0161saistes e-izsmidzin\u0101\u0161anas veikals, kas pied\u0101v\u0101 r\u016bp\u012bgi atlas\u012btu <strong data-start=\"178\" data-end=\"195\">popul\u0101ru vadi<\/strong> profesion\u0101liem pirc\u0113jiem. M\u0113s sadarbojamies ar mazumtirgot\u0101jiem, izplat\u012bt\u0101jiem un tie\u0161saistes veikaliem vis\u0101 Eiropas Savien\u012bb\u0101, kuriem nepiecie\u0161ama stabila pieg\u0101de, skaidra produktu inform\u0101cija un z\u012bmoli, kurus klienti jau atpaz\u012bst un uzticas.<\/p>\n<p data-start=\"398\" data-end=\"687\">M\u0113s sadarbojamies ar uzticamiem z\u012bmoliem, piem\u0113ram, <strong data-start=\"307\" data-end=\"362\"><a href=\"https:\/\/vapestornado.com\/lv\/product\/randm-12000-puffs-fumot-digital-disposable-vape-wholesale-price\/\">Fumot VAPE<\/a>, <a href=\"https:\/\/vapestornado.com\/lv\/product\/original-wga-ultra-35k-35000-puff-rechargeable-crystal-disposable-nicotine-vape-best-discount-price\/\">WGA VAPE<\/a>, <\/strong><strong data-start=\"307\" data-end=\"362\"><a href=\"https:\/\/vapestornado.com\/lv\/product\/vozol-gear-shisha-25k-25000-puffs-best-dtl-disposable-vape-hookah-cheap-price\/\">VOZOL BAR VAPE<\/a>,<\/strong><strong data-start=\"247\" data-end=\"352\">\u00a0Elf Bar Vape, WASPE Vape, <a href=\"https:\/\/vapestornado.com\/lv\/product\/uzy-150k-puffs-6-in-1-flavor-switch-disposable-vape-pen-wholesale\/\">UZY Vape<\/a>, Bang Vape, Razz Bar Vape, un Stag Bar Vape<\/strong>, izv\u0113l\u0113ti p\u0113c konsekventas kvalit\u0101tes un sp\u0113c\u012bgas piepras\u012bjuma Eiropas tirg\u016b.<\/p>\n<h4 data-start=\"1080\" data-end=\"1120\">Izstr\u0101d\u0101ts Eiropas vairumtirdzniec\u012bbas pirc\u0113jiem<\/h4>\n<p data-start=\"1121\" data-end=\"1189\">Vapes Tornado ir struktur\u0113ts ap Eiropas vairumtirdzniec\u012bbas pirc\u0113ju patiesaj\u0101m vajadz\u012bb\u0101m:<\/p>\n<ul data-start=\"1190\" data-end=\"1400\">\n<li data-start=\"1190\" data-end=\"1239\">\n<p data-start=\"1192\" data-end=\"1239\">Konkur\u0113tsp\u0113j\u012bgas vairumtirdzniec\u012bbas cenas lielapjom\u0101<\/p>\n<\/li>\n<li data-start=\"1240\" data-end=\"1289\">\n<p data-start=\"1242\" data-end=\"1289\">Skait\u013ci un specifik\u0101cijas skaidri aprakst\u012bti<\/p>\n<\/li>\n<li data-start=\"1290\" data-end=\"1330\">\n<p data-start=\"1292\" data-end=\"1330\">\u0100tra, uzticama Eiropas orient\u0113ta lo\u0123istika<\/p>\n<\/li>\n<li data-start=\"1331\" data-end=\"1400\">\n<p data-start=\"1333\" data-end=\"1400\">Katalogs, kas koncentr\u0113jas uz <strong data-start=\"1356\" data-end=\"1373\">popul\u0101ru vadi<\/strong>, ne p\u0101rpild\u012btiem SKU<\/p>\n<\/li>\n<\/ul>\n<p data-start=\"1200\" data-end=\"1487\">\n<h2 data-start=\"2064\" data-end=\"2115\">BUJ par FIHP 90K Puffs vienreizlietojamo vape<\/h2>\n<p data-start=\"5001\" data-end=\"5156\"><strong data-start=\"5001\" data-end=\"5050\">1) Vai katram lietot\u0101jam ir garant\u0113ti 90 000 pufa?<\/strong><br data-start=\"5050\" data-end=\"5053\" \/>N\u0113. Puff skaits main\u0101s atkar\u012bb\u0101 no vilk\u0161anas garuma, bie\u017euma un lieto\u0161anas stila; 90K ir maksim\u0101lais dizaina m\u0113r\u0137is.<\/p>\n<p data-start=\"5158\" data-end=\"5316\"><strong data-start=\"5158\" data-end=\"5211\">2) K\u0101 darbojas 3 vien\u0101 tr\u012bsk\u0101r\u0161\u0101s gar\u0161as sist\u0113ma?<\/strong><br data-start=\"5211\" data-end=\"5214\" \/>Viena ier\u012bce ietver tr\u012bs gar\u0161as, \u013caujot p\u0101rsl\u0113gties jebkur\u0101 laik\u0101, kad v\u0113laties citas gar\u0161as laik\u0101 lieto\u0161anas laik\u0101.<\/p>\n<p data-start=\"5318\" data-end=\"5457\"><strong data-start=\"5318\" data-end=\"5357\">3) Ko r\u0101da gudr\u0101 ekr\u0101ns?<\/strong><br data-start=\"5357\" data-end=\"5360\" \/>Tas ir paredz\u0113ts, lai par\u0101d\u012btu akumulatora l\u012bmeni un e-\u0161\u0137idruma l\u012bmeni, t\u0101d\u0113j\u0101di lietot\u0101ji var p\u0101rbaud\u012bt statusu uzreiz.<\/p>\n<p data-start=\"5459\" data-end=\"5633\"><strong data-start=\"5459\" data-end=\"5498\">4) K\u0101p\u0113c izv\u0113l\u0113ties 0.9\u03a9 dubult\u0101s re\u017e\u0123a spir\u0101les?<\/strong><br data-start=\"5498\" data-end=\"5501\" \/>Dubult\u0101s re\u017e\u0123a spir\u0101les nodro\u0161ina liel\u0101ku apkures virsmas laukumu, kas pal\u012bdz uztur\u0113t vienm\u0113r\u012bg\u0101ku tvaika izdal\u012b\u0161anos un gar\u0161u ilg\u0101k\u0101 lieto\u0161an\u0101.<\/p>\n<p data-start=\"5635\" data-end=\"5802\" data-is-last-node=\"\" data-is-only-node=\"\"><strong data-start=\"5635\" data-end=\"5670\">5) Cik ilgs laiks nepiecie\u0161ams uzl\u0101dei?<\/strong><br data-start=\"5670\" data-end=\"5673\" \/>Type-C uzl\u0101de tiek nor\u0101d\u012bta apm\u0113ram 30 min\u016btes, ta\u010du patiesais uzl\u0101des laiks var at\u0161\u0137irties atkar\u012bb\u0101 no jaudas adaptera un apst\u0101k\u013ciem.<\/p>\n<\/div>\n<\/div>\n<\/div>\n<\/div>","protected":false},"excerpt":{"rendered":"<p data-start=\"5635\" data-end=\"5802\" data-is-last-node=\"\" data-is-only-node=\"\">T\u0101 <strong data-start=\"37\" data-end=\"55\">FIHP 90K Puffs<\/strong> ir izstr\u0101d\u0101ts tiem, kas sagaida vair\u0101k no vienreiz\u0113j\u0101s lieto\u0161anas. Ar l\u012bdz pat <strong data-start=\"121\" data-end=\"137\">90 000 p\u012bpiem<\/strong>, a <strong data-start=\"141\" data-end=\"172\">3-in-1 tr\u012bsk\u0101r\u0161u arom\u0101tu sist\u0113mu<\/strong>un <strong data-start=\"180\" data-end=\"196\">viedais ekr\u0101ns<\/strong> kas tur akumulatoru un e-\u0161\u0137idrumu skaidri redzamu, tas nodro\u0161ina ilgu darb\u012bbas laiku bez parast\u0101s min\u0113\u0161anas. Darbojas ar <strong data-start=\"323\" data-end=\"346\">0.9\u03a9 dubult\u0101 re\u017e\u0123a spol\u0113<\/strong> un \u0101tru <strong data-start=\"356\" data-end=\"375\">C tipa uzl\u0101de<\/strong>, \u0161\u012b krist\u0101la stila vienreiz\u0113j\u0101 lieto\u0161ana pied\u0101v\u0101 gludu gar\u0161u, stingru tvaiku un ikdienas uzticam\u012bbu\u2014padarot to par izcilu izv\u0113li person\u012bgai lieto\u0161anai un vape veikaliem vairumtirdzniec\u012bb\u0101.<\/p>\n<p><strong>Pievienojiet Eimijas WhatsApp, lai sa\u0146emtu prec\u012bzu atbildi un atlaidi!<\/strong><\/p>\n<p><img fetchpriority=\"high\" decoding=\"async\" class=\"size-full wp-image-2932\" src=\"https:\/\/vapestornado.com\/wp-content\/uploads\/2024\/12\/Vape-Wholesale.jpg\" alt=\"Veipu Vairumtirdzniec\u012bba\" width=\"229\" height=\"300\" \/><\/p>\n<h3><a href=\"https:\/\/wa.me\/8617776015835\"><span style=\"color: #ff0000;\"><strong>WhatsApp: +86 17776015835<\/strong><\/span><\/a><\/h3>","protected":false},"featured_media":4715,"comment_status":"open","ping_status":"closed","template":"","meta":{"_acf_changed":false,"_uag_custom_page_level_css":"","_lmt_disableupdate":"no","_lmt_disable":"","_monsterinsights_skip_tracking":false,"_monsterinsights_sitenote_active":false,"_monsterinsights_sitenote_note":"","_monsterinsights_sitenote_category":0,"site-sidebar-layout":"default","site-content-layout":"","ast-site-content-layout":"default","site-content-style":"default","site-sidebar-style":"default","ast-global-header-display":"","ast-banner-title-visibility":"","ast-main-header-display":"","ast-hfb-above-header-display":"","ast-hfb-below-header-display":"","ast-hfb-mobile-header-display":"","site-post-title":"","ast-breadcrumbs-content":"","ast-featured-img":"","footer-sml-layout":"","ast-disable-related-posts":"","theme-transparent-header-meta":"default","adv-header-id-meta":"","stick-header-meta":"","header-above-stick-meta":"","header-main-stick-meta":"","header-below-stick-meta":"","astra-migrate-meta-layouts":"set","ast-page-background-enabled":"default","ast-page-background-meta":{"desktop":{"background-color":"","background-image":"","background-repeat":"repeat","background-position":"center center","background-size":"auto","background-attachment":"scroll","background-type":"","background-media":"","overlay-type":"","overlay-color":"","overlay-opacity":"","overlay-gradient":""},"tablet":{"background-color":"","background-image":"","background-repeat":"repeat","background-position":"center center","background-size":"auto","background-attachment":"scroll","background-type":"","background-media":"","overlay-type":"","overlay-color":"","overlay-opacity":"","overlay-gradient":""},"mobile":{"background-color":"","background-image":"","background-repeat":"repeat","background-position":"center center","background-size":"auto","background-attachment":"scroll","background-type":"","background-media":"","overlay-type":"","overlay-color":"","overlay-opacity":"","overlay-gradient":""}},"ast-content-background-meta":{"desktop":{"background-color":"var(--ast-global-color-5)","background-image":"","background-repeat":"repeat","background-position":"center center","background-size":"auto","background-attachment":"scroll","background-type":"","background-media":"","overlay-type":"","overlay-color":"","overlay-opacity":"","overlay-gradient":""},"tablet":{"background-color":"var(--ast-global-color-5)","background-image":"","background-repeat":"repeat","background-position":"center center","background-size":"auto","background-attachment":"scroll","background-type":"","background-media":"","overlay-type":"","overlay-color":"","overlay-opacity":"","overlay-gradient":""},"mobile":{"background-color":"var(--ast-global-color-5)","background-image":"","background-repeat":"repeat","background-position":"center center","background-size":"auto","background-attachment":"scroll","background-type":"","background-media":"","overlay-type":"","overlay-color":"","overlay-opacity":"","overlay-gradient":""}},"_joinchat":[]},"product_brand":[],"product_cat":[154,156,158,142,146,60],"product_tag":[387,120,287,505,504,503,393],"class_list":{"0":"post-4716","1":"product","2":"type-product","3":"status-publish","4":"has-post-thumbnail","6":"product_cat-buy-disposable-vapes-in-netherlands","7":"product_cat-buy-disposable-vapes-in-poland","8":"product_cat-buy-disposable-vapes-in-spain","9":"product_cat-digital-box-disposable-vapes","10":"product_cat-rechargeable-disposable-vapes","11":"product_cat-waspe-fihp-vape","12":"product_tag-cigarette-vapor","13":"product_tag-crystal-vape","14":"product_tag-disposable-vape-pen","15":"product_tag-fihp-90000-puff","16":"product_tag-fihp-90k-puffs","17":"product_tag-multi-flavor-disposable-vape","18":"product_tag-vape-cartridge","19":"desktop-align-left","20":"tablet-align-left","21":"mobile-align-left","23":"first","24":"instock","25":"sale","26":"shipping-taxable","27":"purchasable","28":"product-type-simple"},"acf":[],"uagb_featured_image_src":{"full":["https:\/\/vapestornado.com\/wp-content\/uploads\/2025\/12\/FIHP-90000-Puff-90k-Disposable-Vape-Pod.webp",800,800,false],"thumbnail":["https:\/\/vapestornado.com\/wp-content\/uploads\/2025\/12\/FIHP-90000-Puff-90k-Disposable-Vape-Pod-150x150.webp",150,150,true],"medium":["https:\/\/vapestornado.com\/wp-content\/uploads\/2025\/12\/FIHP-90000-Puff-90k-Disposable-Vape-Pod-300x300.webp",300,300,true],"medium_large":["https:\/\/vapestornado.com\/wp-content\/uploads\/2025\/12\/FIHP-90000-Puff-90k-Disposable-Vape-Pod-768x768.webp",768,768,true],"large":["https:\/\/vapestornado.com\/wp-content\/uploads\/2025\/12\/FIHP-90000-Puff-90k-Disposable-Vape-Pod.webp",800,800,false],"1536x1536":["https:\/\/vapestornado.com\/wp-content\/uploads\/2025\/12\/FIHP-90000-Puff-90k-Disposable-Vape-Pod.webp",800,800,false],"2048x2048":["https:\/\/vapestornado.com\/wp-content\/uploads\/2025\/12\/FIHP-90000-Puff-90k-Disposable-Vape-Pod.webp",800,800,false],"trp-custom-language-flag":["https:\/\/vapestornado.com\/wp-content\/uploads\/2025\/12\/FIHP-90000-Puff-90k-Disposable-Vape-Pod-12x12.webp",12,12,true],"woocommerce_thumbnail":["https:\/\/vapestornado.com\/wp-content\/uploads\/2025\/12\/FIHP-90000-Puff-90k-Disposable-Vape-Pod-300x300.webp",300,300,true],"woocommerce_single":["https:\/\/vapestornado.com\/wp-content\/uploads\/2025\/12\/FIHP-90000-Puff-90k-Disposable-Vape-Pod-600x600.webp",600,600,true],"woocommerce_gallery_thumbnail":["https:\/\/vapestornado.com\/wp-content\/uploads\/2025\/12\/FIHP-90000-Puff-90k-Disposable-Vape-Pod-100x100.webp",100,100,true]},"uagb_author_info":{"display_name":"ESAMY","author_link":"https:\/\/vapestornado.com\/lv\/author\/"},"uagb_comment_info":0,"uagb_excerpt":"The FIHP 90K Puffs is built for those who expect more from a disposable. With up to 90,000 puffs, a 3-in-1 triple flavor system, and a smart screen that keeps battery and e-liquid in clear view, it delivers long-lasting performance without the usual guesswork. Powered by a 0.9\u03a9 dual mesh coil and fast Type-C charging,&hellip;","_links":{"self":[{"href":"https:\/\/vapestornado.com\/lv\/wp-json\/wp\/v2\/product\/4716","targetHints":{"allow":["GET"]}}],"collection":[{"href":"https:\/\/vapestornado.com\/lv\/wp-json\/wp\/v2\/product"}],"about":[{"href":"https:\/\/vapestornado.com\/lv\/wp-json\/wp\/v2\/types\/product"}],"replies":[{"embeddable":true,"href":"https:\/\/vapestornado.com\/lv\/wp-json\/wp\/v2\/comments?post=4716"}],"wp:featuredmedia":[{"embeddable":true,"href":"https:\/\/vapestornado.com\/lv\/wp-json\/wp\/v2\/media\/4715"}],"wp:attachment":[{"href":"https:\/\/vapestornado.com\/lv\/wp-json\/wp\/v2\/media?parent=4716"}],"wp:term":[{"taxonomy":"product_brand","embeddable":true,"href":"https:\/\/vapestornado.com\/lv\/wp-json\/wp\/v2\/product_brand?post=4716"},{"taxonomy":"product_cat","embeddable":true,"href":"https:\/\/vapestornado.com\/lv\/wp-json\/wp\/v2\/product_cat?post=4716"},{"taxonomy":"product_tag","embeddable":true,"href":"https:\/\/vapestornado.com\/lv\/wp-json\/wp\/v2\/product_tag?post=4716"}],"curies":[{"name":"wp","href":"https:\/\/api.w.org\/{rel}","templated":true}]}}