{"id":4683,"date":"2025-12-13T07:01:25","date_gmt":"2025-12-13T07:01:25","guid":{"rendered":"https:\/\/vapestornado.com\/?post_type=product&#038;p=4683"},"modified":"2025-12-13T07:24:55","modified_gmt":"2025-12-13T07:24:55","slug":"hifancy-legend-20000-puff-disposable-vape-wholesale-e-cigarette-online","status":"publish","type":"product","link":"https:\/\/vapestornado.com\/lv\/product\/hifancy-legend-20000-puff-disposable-vape-wholesale-e-cigarette-online\/","title":{"rendered":"HIFANCY Legend 20000 P\u016b\u013cu Vienreiz\u0113j\u0101s lieto\u0161anas Vape Vairumtirdzniec\u012bba E-cigarete Tie\u0161saist\u0113"},"content":{"rendered":"<h2 data-start=\"0\" data-end=\"73\">HIFANCY Legend 20000 P\u016b\u013cu Vienreiz\u0113j\u0101s lieto\u0161anas Vape Vairumtirdzniec\u012bba E-cigarete Tie\u0161saist\u0113<\/h2>\n<p data-start=\"75\" data-end=\"474\">T\u0101 <strong data-start=\"79\" data-end=\"108\">HIFANCY Legend 20000 P\u016b\u013cu<\/strong> ir izstr\u0101d\u0101ts pieaugu\u0161ajiem, kuri v\u0113las augstas ietilp\u012bbas vienreiz\u0113ju ier\u012bci ar uzl\u0101d\u0113jamu akumulatoru, sp\u0113c\u012bgu gar\u0161as nodro\u0161in\u0101jumu un iesp\u0113ju piel\u0101got ieelpo\u0161anas stilu. Ra\u017eot\u0101jiem un izplat\u012bt\u0101jiem, <strong data-start=\"122\" data-end=\"144\">HIFANCY Legend 20k ir<\/strong>\u00a0pozicion\u0113ts k\u0101 vienk\u0101r\u0161s SKU: liels p\u016b\u0161u skaits, liela \u0161\u0137idruma ietilp\u012bba un spir\u0101les sist\u0113ma, kas paredz\u0113ta, lai saglab\u0101tu gar\u0161u konsekvenci ilgsto\u0161as lieto\u0161anas laik\u0101.<\/p>\n<h2 data-start=\"615\" data-end=\"666\">Ko j\u016bs paties\u012bb\u0101 p\u0113rkat<\/h2>\n<ul data-start=\"668\" data-end=\"1165\">\n<li data-start=\"668\" data-end=\"756\">\n<p data-start=\"670\" data-end=\"756\"><strong data-start=\"670\" data-end=\"692\">Augstas ietilp\u012bbas lieto\u0161ana:<\/strong> l\u012bdz <strong data-start=\"699\" data-end=\"715\">20 000 uzp\u016btieniem<\/strong> ilgsto\u0161ai darb\u012bbai starp nomai\u0146\u0101m<\/p>\n<\/li>\n<li data-start=\"757\" data-end=\"813\">\n<p data-start=\"759\" data-end=\"813\"><strong data-start=\"759\" data-end=\"784\">Liels \u0161\u0137idruma uzglab\u0101\u0161anas tilpums:<\/strong> <strong data-start=\"785\" data-end=\"811\">30 ml e-\u0161\u0137idruma ietilp\u012bbu<\/strong><\/p>\n<\/li>\n<li data-start=\"814\" data-end=\"891\">\n<p data-start=\"816\" data-end=\"891\"><strong data-start=\"816\" data-end=\"839\">Uzl\u0101d\u0113jams jaudas avots:<\/strong> <strong data-start=\"840\" data-end=\"858\">750mAh akumulators<\/strong> lai atbalst\u012btu lielo p\u016b\u0161u skaitu<\/p>\n<\/li>\n<li data-start=\"892\" data-end=\"990\">\n<p data-start=\"894\" data-end=\"990\"><strong data-start=\"894\" data-end=\"919\">Gar\u0161as koncentr\u0113ta spir\u0101le:<\/strong> <strong data-start=\"920\" data-end=\"940\">Dubult\u0101 sieta spole<\/strong> sp\u0113c\u012bg\u0101kas gar\u0161as izdal\u012b\u0161anai un stabil\u0101kam tvaikam<\/p>\n<\/li>\n<li data-start=\"991\" data-end=\"1079\">\n<p data-start=\"993\" data-end=\"1079\"><strong data-start=\"993\" data-end=\"1013\">Regul\u0113jama saj\u016bta:<\/strong> <strong data-start=\"1014\" data-end=\"1035\">divi apkures re\u017e\u012bmi<\/strong> lai vape var\u0113tu b\u016bt m\u012bkst\u0101ks vai intens\u012bv\u0101ks<\/p>\n<\/li>\n<li data-start=\"1080\" data-end=\"1165\">\n<p data-start=\"1082\" data-end=\"1165\"><strong data-start=\"1082\" data-end=\"1103\">Nikot\u012bna opcijas:<\/strong> <strong data-start=\"1104\" data-end=\"1121\">2%, 3% vai 5%<\/strong> (pieejam\u012bba ir atkar\u012bga no j\u016bsu pas\u016bt\u012bjuma\/tirgus)<\/p>\n<\/li>\n<\/ul>\n<h2 data-start=\"1476\" data-end=\"1518\">K\u0101p\u0113c klienti uzticas \u0161im HIFANCY Legend 20k ier\u012bcei<\/h2>\n<p data-start=\"1520\" data-end=\"1616\">Uztic\u012bba <strong data-start=\"1532\" data-end=\"1547\">E-cigaret\u0113<\/strong> nav par hype \u2014 tas ir par paredzamu sniegumu un skaidriem parametriem.<\/p>\n<p data-start=\"1618\" data-end=\"1650\"><strong data-start=\"1618\" data-end=\"1650\">Kas rada p\u0101rliec\u012bbu \u0161eit:<\/strong><\/p>\n<ul data-start=\"1651\" data-end=\"2107\">\n<li data-start=\"1651\" data-end=\"1794\">\n<p data-start=\"1653\" data-end=\"1794\"><strong data-start=\"1653\" data-end=\"1695\">Caursp\u012bd\u012bgs jaudas un aparat\u016bras saraksts<\/strong> (baterijas izm\u0113rs, \u0161\u0137idruma tilpums, spir\u0101les veids, apkures re\u017e\u012bmi), lai pirms pirkuma b\u016btu skaidrs gaid\u0101mais rezult\u0101ts.<\/p>\n<\/li>\n<li data-start=\"1795\" data-end=\"1950\">\n<p data-start=\"1797\" data-end=\"1950\"><strong data-start=\"1797\" data-end=\"1850\">Atjaunojama baterija, kas ir saska\u0146ota ar \u0161\u0137idruma tilpumu<\/strong>, kas ir svar\u012bgi: \u013coti jaud\u012bga ier\u012bce bez uzl\u0101des m\u0113dz zaud\u0113t jaudu pirms \u0161\u0137idruma izlieto\u0161anas.<\/p>\n<\/li>\n<li data-start=\"1951\" data-end=\"2107\">\n<p data-start=\"1953\" data-end=\"2107\"><strong data-start=\"1953\" data-end=\"1980\">Dubult\u0101s re\u017e\u0123a spir\u0101les dizains<\/strong>, kas ir izv\u0113l\u0113ts \u012bpa\u0161i, lai uztur\u0113tu gar\u0161u un tvaika konsekvenci ilg\u0101k\u0101 lieto\u0161an\u0101, nevis \u0101tri sasniedzot maksimumu un p\u0113c tam samazinoties.<\/p>\n<\/li>\n<\/ul>\n<h2 data-start=\"4583\" data-end=\"4628\">EU noliktavas pieg\u0101de (\u0101trums, kas ir svar\u012bgs)<\/h2>\n<p data-start=\"4630\" data-end=\"4837\">HIFANCY s\u016bta no <strong data-start=\"4651\" data-end=\"4673\">Eiropas noliktavas<\/strong> ar tipisku pieg\u0101des laiku, kas nor\u0101d\u012bts k\u0101 <strong data-start=\"4706\" data-end=\"4726\">3\u20137 darba dienas<\/strong>. Tas ir praktiski papildin\u0101\u0161anai un samazina nenoteikt\u012bbu, kas saist\u012bta ar ilgiem starptautiskiem p\u0101rvad\u0101jumiem.<\/p>\n<p><strong><span style=\"color: #ff0000;\">Pievienojiet Eimijas whatsapp, lai sa\u0146emtu pareizu atbildi un iztvaic\u0113t\u0101ja kuponu!<\/span><\/strong><\/p>\n<p><img fetchpriority=\"high\" decoding=\"async\" class=\"size-full wp-image-2932\" src=\"https:\/\/vapestornado.com\/wp-content\/uploads\/2024\/12\/Vape-Wholesale.jpg\" alt=\"Veipu Vairumtirdzniec\u012bba\" width=\"229\" height=\"300\" \/><\/p>\n<h3><a href=\"https:\/\/wa.me\/8617776015835\" target=\"_blank\" rel=\"noopener\"><span style=\"color: #ff0000;\"><strong>WhatsApp: +86 17776015835<\/strong><\/span><\/a><\/h3>\n<p>&nbsp;<\/p>\n<h2><strong>HIFANCY Legend 20000 P\u016b\u013cu Produkta Funkcijas<\/strong><\/h2>\n<ul data-start=\"1195\" data-end=\"1469\">\n<li data-start=\"1195\" data-end=\"1242\">\n<p data-start=\"1197\" data-end=\"1242\"><strong data-start=\"1197\" data-end=\"1214\">Produkts nosaukums:<\/strong> HIFANCY Legend 20000 P\u016b\u013cu<\/p>\n<\/li>\n<li data-start=\"1243\" data-end=\"1303\">\n<p data-start=\"1245\" data-end=\"1303\"><strong data-start=\"1245\" data-end=\"1255\">P\u016btes:<\/strong> 20 000 (lieto\u0161ana atkar\u012bga no vilk\u0161anas garuma un re\u017e\u012bma)<\/p>\n<\/li>\n<li data-start=\"1304\" data-end=\"1340\">\n<p data-start=\"1306\" data-end=\"1340\"><strong data-start=\"1306\" data-end=\"1318\">Akumulators:<\/strong> 750mAh uzl\u0101d\u0113jams<\/p>\n<\/li>\n<li data-start=\"1341\" data-end=\"1372\">\n<p data-start=\"1343\" data-end=\"1372\"><strong data-start=\"1343\" data-end=\"1365\">E-\u0161\u0137idruma ietilp\u012bba:<\/strong> 30ml<\/p>\n<\/li>\n<li data-start=\"1373\" data-end=\"1403\">\n<p data-start=\"1375\" data-end=\"1403\"><strong data-start=\"1375\" data-end=\"1384\">Spole:<\/strong> Dubult\u0101 sieta spole<\/p>\n<\/li>\n<li data-start=\"1404\" data-end=\"1430\">\n<p data-start=\"1406\" data-end=\"1430\"><strong data-start=\"1406\" data-end=\"1418\">Uzl\u0101d\u0113\u0161ana:<\/strong> Divi re\u017e\u012bmi<\/p>\n<\/li>\n<li data-start=\"1431\" data-end=\"1469\">\n<p data-start=\"1433\" data-end=\"1469\"><strong data-start=\"1433\" data-end=\"1456\">Nikot\u012bna stiprums:<\/strong> 2% \/ 3% \/ 5%<\/p>\n<\/li>\n<\/ul>\n<figure id=\"attachment_4678\" aria-describedby=\"caption-attachment-4678\" style=\"width: 300px\" class=\"wp-caption alignnone\"><img decoding=\"async\" class=\"size-medium wp-image-4678\" src=\"https:\/\/vapestornado.com\/wp-content\/uploads\/2025\/12\/HIFANCY-Legend-20k-20000-Disposable-Vape-with-Screen-300x300.webp\" alt=\"HIFANCY Legend 20k 20000 Vienreiz\u0113j\u0101s lieto\u0161anas Vape ar Ekr\u0101nu\" width=\"300\" height=\"300\" srcset=\"https:\/\/vapestornado.com\/wp-content\/uploads\/2025\/12\/HIFANCY-Legend-20k-20000-Disposable-Vape-with-Screen-300x300.webp 300w, https:\/\/vapestornado.com\/wp-content\/uploads\/2025\/12\/HIFANCY-Legend-20k-20000-Disposable-Vape-with-Screen-150x150.webp 150w, https:\/\/vapestornado.com\/wp-content\/uploads\/2025\/12\/HIFANCY-Legend-20k-20000-Disposable-Vape-with-Screen-768x768.webp 768w, https:\/\/vapestornado.com\/wp-content\/uploads\/2025\/12\/HIFANCY-Legend-20k-20000-Disposable-Vape-with-Screen-12x12.webp 12w, https:\/\/vapestornado.com\/wp-content\/uploads\/2025\/12\/HIFANCY-Legend-20k-20000-Disposable-Vape-with-Screen-600x600.webp 600w, https:\/\/vapestornado.com\/wp-content\/uploads\/2025\/12\/HIFANCY-Legend-20k-20000-Disposable-Vape-with-Screen-100x100.webp 100w, https:\/\/vapestornado.com\/wp-content\/uploads\/2025\/12\/HIFANCY-Legend-20k-20000-Disposable-Vape-with-Screen.webp 800w\" sizes=\"(max-width: 300px) 100vw, 300px\" \/><figcaption id=\"caption-attachment-4678\" class=\"wp-caption-text\">HIFANCY Legend 20k 20000 Vienreiz\u0113j\u0101s lieto\u0161anas Vape ar Ekr\u0101nu<\/figcaption><\/figure>\n<h2 class=\"product-title\"><strong>HIFANCY 20000 P\u016b\u013cu Vape Gar\u0161u Saraksts<\/strong><\/h2>\n<p>1. Zeme\u0146u Mango<br \/>\n2. Zeme\u0146u arb\u016bzs<br \/>\n3. Ener\u0123ijas Dz\u0113riens<br \/>\n4. Zeme\u0146u Sula<br \/>\n5. Mellenes Riekstkoks V\u012bnogas<br \/>\n6. Zil\u0101 Razz \u010cerry<br \/>\n7. Kivi Passion Fruit Guava<br \/>\n8. Riekstkoks Arb\u016bzs Ledus<br \/>\n9. Arb\u016bzs G\u0101z\u0113ts Gumijas<br \/>\n10. Persiku ogu ledus<\/p>\n<div class=\"flex-shrink-0 flex flex-col relative items-end\">\n<div class=\"pt-0\">\n<div class=\"gizmo-bot-avatar flex h-8 w-8 items-center justify-center overflow-hidden rounded-full\">\n<h2 data-start=\"4844\" data-end=\"4888\">K\u0101p\u0113c pirkt no Vapes Tornado \u2013 J\u016bsu vienreizlietojam\u0101s vape vairumtirdzniec\u012bbas uz\u0146\u0113mums<\/h2>\n<p data-start=\"4890\" data-end=\"4958\">P\u0113rkot caur <strong data-start=\"4903\" data-end=\"4933\">Vienreiz\u0113j\u0101s lieto\u0161anas vape vairumtirdzniec\u012bbas uz\u0146\u0113mums<\/strong> galvenok\u0101rt ir par kontroli:<\/p>\n<ul data-start=\"4959\" data-end=\"5183\">\n<li data-start=\"4959\" data-end=\"5012\">\n<p data-start=\"4961\" data-end=\"5012\">J\u016bs varat pl\u0101not kr\u0101jumus, \u0146emot v\u0113r\u0101 uzticamus pieg\u0101des laikus<\/p>\n<\/li>\n<li data-start=\"5013\" data-end=\"5097\">\n<p data-start=\"5015\" data-end=\"5097\">J\u016bs varat standartiz\u0113t visp\u0101rpie\u0146emt\u0101k\u0101s vari\u0101cijas (nikot\u012bna stiprumus, popul\u0101ras gar\u0161as)<\/p>\n<\/li>\n<li data-start=\"5098\" data-end=\"5183\">\n<p data-start=\"5100\" data-end=\"5183\">J\u016bs izvair\u0101ties no \u201cmais\u012bjuma partijas\u201d iepirkumiem, kas bie\u017ei rada nevienm\u0113r\u012bgu klientu pieredzi<\/p>\n<\/li>\n<\/ul>\n<p data-start=\"5185\" data-end=\"5250\">Ja j\u016bsu veikals ir atkar\u012bgs no atk\u0101rtotiem pirc\u0113jiem, konsekvence ir svar\u012bg\u0101ka par jaunin\u0101jumiem.<\/p>\n<\/div>\n<p data-start=\"5185\" data-end=\"5250\"><strong data-start=\"141\" data-end=\"177\">Vapes Tornado Tie\u0161saistes D\u016bmu Veikals<\/strong> ir j\u016bsu uzticams avots <strong data-start=\"205\" data-end=\"270\">premium vienreizlietojamie vape un vairumtirdzniec\u012bbas e-cigaretes Eirop\u0101<\/strong>. M\u0113s pied\u0101v\u0101jam popul\u0101r\u0101k\u0101s z\u012bmolus, piem\u0113ram <strong data-start=\"307\" data-end=\"362\"><a href=\"https:\/\/vapestornado.com\/lv\/product\/randm-12000-puffs-fumot-digital-disposable-vape-wholesale-price\/\">Fumot VAPE<\/a>, <a href=\"https:\/\/vapestornado.com\/lv\/product\/waspe-150k-150000-puff-6-in-1-disposable-vape-pen-cartridge-best-wholesale-price-in-poland\/\">WASPE VAPE<\/a>, <\/strong><strong data-start=\"307\" data-end=\"362\"><a href=\"https:\/\/vapestornado.com\/lv\/product\/vozol-gear-shisha-25k-25000-puffs-best-dtl-disposable-vape-hookah-cheap-price\/\">VOZOL BAR VAPE<\/a>, \u00a0 Bang Vape<\/strong>, un vair\u0101k, nodro\u0161inot kvalit\u0101ti un da\u017e\u0101d\u012bbu katram klientam. Neatkar\u012bgi no t\u0101, vai j\u016bs esat individu\u0101ls vapers vai vairumtirdzniec\u012bbas pirc\u0113js, m\u0113s pieg\u0101d\u0101jam <strong data-start=\"481\" data-end=\"550\">augstas veiktsp\u0113jas ier\u012bces, stil\u012bgus dizainus un konkur\u0113tsp\u0113j\u012bgas cenas<\/strong> lai apmierin\u0101tu j\u016bsu vajadz\u012bbas.<\/p>\n<div class=\"gizmo-bot-avatar flex h-8 w-8 items-center justify-center overflow-hidden rounded-full\">\n<div class=\"relative p-1 rounded-sm flex items-center justify-center bg-token-main-surface-primary text-token-text-primary h-8 w-8\">\n<h2 data-start=\"2064\" data-end=\"2115\">BUJ par HIFANCY Legend 20k P\u016b\u0161\u013cu Vape<\/h2>\n<p data-start=\"5721\" data-end=\"5865\"><strong data-start=\"5721\" data-end=\"5779\">Vai 20 000 p\u016b\u0161\u013cu noz\u012bm\u0113, ka tas ilgst vien\u0101di visiem?<\/strong><br data-start=\"5779\" data-end=\"5782\" \/>N\u0113. P\u016b\u0161\u013cu skaits ir atkar\u012bgs no ieelpas garuma, apkures re\u017e\u012bma un lieto\u0161anas bie\u017euma.<\/p>\n<p data-start=\"5867\" data-end=\"6086\"><strong data-start=\"5867\" data-end=\"5904\">Vai gar\u0161a paliks konsekventa?<\/strong><br data-start=\"5904\" data-end=\"5907\" \/>Double Mesh Coil ir izstr\u0101d\u0101ts, lai uzlabotu gar\u0161as pieg\u0101di un stabilit\u0101ti ilg\u0101k\u0101 lieto\u0161an\u0101 sal\u012bdzin\u0101jum\u0101 ar vienk\u0101r\u0161\u0101k\u0101m spir\u0101\u013cu konfigur\u0101cij\u0101m, bet re\u0101l\u0101s lieto\u0161anas rezult\u0101ti joproj\u0101m ir atkar\u012bgi no lieto\u0161anas stila.<\/p>\n<p data-start=\"6088\" data-end=\"6253\"><strong data-start=\"6088\" data-end=\"6109\">Vai tas ir p\u0101rpild\u0101ms?<\/strong><br data-start=\"6109\" data-end=\"6112\" \/>Tas ir pozicion\u0113ts k\u0101 augstas ietilp\u012bbas vienreizlietojams ar <strong data-start=\"6163\" data-end=\"6171\">30ml<\/strong> iepriek\u0161pild\u012btu e-\u0161\u0137idrumu; j\u016bs uzl\u0101d\u0113jat akumulatoru, bet tas nav paredz\u0113ts p\u0101rpild\u012b\u0161anai.<\/p>\n<\/div>\n<\/div>\n<\/div>\n<\/div>","protected":false},"excerpt":{"rendered":"<div class=\"flex flex-col text-sm @w-xl\/main:pt-header-height pb-25\">\n<article class=\"text-token-text-primary w-full focus:outline-none [--shadow-height:45px] has-data-writing-block:pointer-events-none has-data-writing-block:-mt-(--shadow-height) has-data-writing-block:pt-(--shadow-height) [&amp;:has([data-writing-block])&gt;*]:pointer-events-auto scroll-mt-[calc(var(--header-height)+min(200px,max(70px,20svh)))]\" dir=\"auto\" tabindex=\"-1\" data-turn-id=\"a4553bcb-7aea-49d6-9fac-81ba76f7aa52\" data-testid=\"conversation-turn-52\" data-scroll-anchor=\"true\" data-turn=\"assistant\">\n<div class=\"text-base my-auto mx-auto pb-10 [--thread-content-margin:--spacing(4)] @w-sm\/main:[--thread-content-margin:--spacing(6)] @w-lg\/main:[--thread-content-margin:--spacing(16)] px-(--thread-content-margin)\">\n<div class=\"[--thread-content-max-width:40rem] @w-lg\/main:[--thread-content-max-width:48rem] mx-auto max-w-(--thread-content-max-width) flex-1 group\/turn-messages focus-visible:outline-hidden relative flex w-full min-w-0 flex-col agent-turn\" tabindex=\"-1\">\n<div class=\"flex max-w-full flex-col grow\">\n<div class=\"min-h-8 text-message relative flex w-full flex-col items-end gap-2 text-start break-words whitespace-normal [.text-message+&amp;]:mt-1\" dir=\"auto\" data-message-author-role=\"assistant\" data-message-id=\"337d04d0-1322-4696-922d-486732393dc5\" data-message-model-slug=\"gpt-5-2-thinking\">\n<div class=\"flex w-full flex-col gap-1 empty:hidden first:pt-[1px]\">\n<div class=\"markdown prose dark:prose-invert w-full break-words light markdown-new-styling\">\n<p data-start=\"4468\" data-end=\"4743\" data-is-last-node=\"\" data-is-only-node=\"\">T\u0101 <strong data-start=\"289\" data-end=\"318\" data-is-only-node=\"\">HIFANCY Legend 20000 P\u016b\u013cu<\/strong> ir augstas ietilp\u012bbas vienreiz\u0113j\u0101s lieto\u0161anas e-cigarete, kas paredz\u0113ta ilgm\u016b\u017e\u012bgai lieto\u0161anai un konsekventai gar\u0161ai. T\u0101 pied\u0101v\u0101 l\u012bdz 20 000 p\u016b\u0161u, 30 ml e-\u0161\u0137idruma ietilp\u012bbu, 750 mAh uzl\u0101d\u0113jamu akumulatoru un dubultu t\u012bkli\u0146u spir\u0101li stabilai tvaika izdal\u012b\u0161anai. Ar diviem apkures re\u017e\u012bmiem un vair\u0101k\u0101m nikot\u012bna opcij\u0101m t\u0101 ir piem\u0113rota pieaugu\u0161ajiem, kuri v\u0113las iztur\u012bgu, uzticamu vienreiz\u0113ju ier\u012bci par konkur\u0113tsp\u0113j\u012bgu vairumtirdzniec\u012bbas cenu.<\/p>\n<\/div>\n<\/div>\n<\/div>\n<\/div>\n<div class=\"z-0 flex min-h-[46px] justify-start\"><\/div>\n<\/div>\n<\/div>\n<\/article>\n<\/div>\n<p><strong>Pievienojiet Eimijas WhatsApp, lai sa\u0146emtu prec\u012bzu atbildi un atlaidi!<\/strong><\/p>\n<p><img fetchpriority=\"high\" decoding=\"async\" class=\"size-full wp-image-2932\" src=\"https:\/\/vapestornado.com\/wp-content\/uploads\/2024\/12\/Vape-Wholesale.jpg\" alt=\"Veipu Vairumtirdzniec\u012bba\" width=\"229\" height=\"300\" \/><\/p>\n<h3><a href=\"https:\/\/wa.me\/8617776015835\"><span style=\"color: #ff0000;\"><strong>WhatsApp: +86 17776015835<\/strong><\/span><\/a><\/h3>","protected":false},"featured_media":4682,"comment_status":"open","ping_status":"closed","template":"","meta":{"_acf_changed":false,"_uag_custom_page_level_css":"","_lmt_disableupdate":"no","_lmt_disable":"","_monsterinsights_skip_tracking":false,"_monsterinsights_sitenote_active":false,"_monsterinsights_sitenote_note":"","_monsterinsights_sitenote_category":0,"site-sidebar-layout":"default","site-content-layout":"","ast-site-content-layout":"default","site-content-style":"default","site-sidebar-style":"default","ast-global-header-display":"","ast-banner-title-visibility":"","ast-main-header-display":"","ast-hfb-above-header-display":"","ast-hfb-below-header-display":"","ast-hfb-mobile-header-display":"","site-post-title":"","ast-breadcrumbs-content":"","ast-featured-img":"","footer-sml-layout":"","ast-disable-related-posts":"","theme-transparent-header-meta":"default","adv-header-id-meta":"","stick-header-meta":"","header-above-stick-meta":"","header-main-stick-meta":"","header-below-stick-meta":"","astra-migrate-meta-layouts":"set","ast-page-background-enabled":"default","ast-page-background-meta":{"desktop":{"background-color":"","background-image":"","background-repeat":"repeat","background-position":"center center","background-size":"auto","background-attachment":"scroll","background-type":"","background-media":"","overlay-type":"","overlay-color":"","overlay-opacity":"","overlay-gradient":""},"tablet":{"background-color":"","background-image":"","background-repeat":"repeat","background-position":"center center","background-size":"auto","background-attachment":"scroll","background-type":"","background-media":"","overlay-type":"","overlay-color":"","overlay-opacity":"","overlay-gradient":""},"mobile":{"background-color":"","background-image":"","background-repeat":"repeat","background-position":"center center","background-size":"auto","background-attachment":"scroll","background-type":"","background-media":"","overlay-type":"","overlay-color":"","overlay-opacity":"","overlay-gradient":""}},"ast-content-background-meta":{"desktop":{"background-color":"var(--ast-global-color-5)","background-image":"","background-repeat":"repeat","background-position":"center center","background-size":"auto","background-attachment":"scroll","background-type":"","background-media":"","overlay-type":"","overlay-color":"","overlay-opacity":"","overlay-gradient":""},"tablet":{"background-color":"var(--ast-global-color-5)","background-image":"","background-repeat":"repeat","background-position":"center center","background-size":"auto","background-attachment":"scroll","background-type":"","background-media":"","overlay-type":"","overlay-color":"","overlay-opacity":"","overlay-gradient":""},"mobile":{"background-color":"var(--ast-global-color-5)","background-image":"","background-repeat":"repeat","background-position":"center center","background-size":"auto","background-attachment":"scroll","background-type":"","background-media":"","overlay-type":"","overlay-color":"","overlay-opacity":"","overlay-gradient":""}},"_joinchat":[]},"product_brand":[],"product_cat":[69,152,156,142,492,357,146],"product_tag":[396,497,368,495,496,390,397],"class_list":{"0":"post-4683","1":"product","2":"type-product","3":"status-publish","4":"has-post-thumbnail","6":"product_cat-20000-puff","7":"product_cat-buy-disposable-vapes-in-cermany","8":"product_cat-buy-disposable-vapes-in-poland","9":"product_cat-digital-box-disposable-vapes","10":"product_cat-eu-warehouse","11":"product_cat-flavor-adjustable-vape","12":"product_cat-rechargeable-disposable-vapes","13":"product_tag-disposable-cigarette","14":"product_tag-disposable-vape-wholesaler","15":"product_tag-disposable-vapor","16":"product_tag-hifancy-legend-20000-puff","17":"product_tag-hifancy-legend-20k","18":"product_tag-online-vape-shop","19":"product_tag-vapor","20":"desktop-align-left","21":"tablet-align-left","22":"mobile-align-left","24":"first","25":"instock","26":"sale","27":"shipping-taxable","28":"purchasable","29":"product-type-simple"},"acf":[],"uagb_featured_image_src":{"full":["https:\/\/vapestornado.com\/wp-content\/uploads\/2025\/12\/HIFANCY-LEGEND-20000-Vape-Factory-Price.webp",800,800,false],"thumbnail":["https:\/\/vapestornado.com\/wp-content\/uploads\/2025\/12\/HIFANCY-LEGEND-20000-Vape-Factory-Price-150x150.webp",150,150,true],"medium":["https:\/\/vapestornado.com\/wp-content\/uploads\/2025\/12\/HIFANCY-LEGEND-20000-Vape-Factory-Price-300x300.webp",300,300,true],"medium_large":["https:\/\/vapestornado.com\/wp-content\/uploads\/2025\/12\/HIFANCY-LEGEND-20000-Vape-Factory-Price-768x768.webp",768,768,true],"large":["https:\/\/vapestornado.com\/wp-content\/uploads\/2025\/12\/HIFANCY-LEGEND-20000-Vape-Factory-Price.webp",800,800,false],"1536x1536":["https:\/\/vapestornado.com\/wp-content\/uploads\/2025\/12\/HIFANCY-LEGEND-20000-Vape-Factory-Price.webp",800,800,false],"2048x2048":["https:\/\/vapestornado.com\/wp-content\/uploads\/2025\/12\/HIFANCY-LEGEND-20000-Vape-Factory-Price.webp",800,800,false],"trp-custom-language-flag":["https:\/\/vapestornado.com\/wp-content\/uploads\/2025\/12\/HIFANCY-LEGEND-20000-Vape-Factory-Price-12x12.webp",12,12,true],"woocommerce_thumbnail":["https:\/\/vapestornado.com\/wp-content\/uploads\/2025\/12\/HIFANCY-LEGEND-20000-Vape-Factory-Price-300x300.webp",300,300,true],"woocommerce_single":["https:\/\/vapestornado.com\/wp-content\/uploads\/2025\/12\/HIFANCY-LEGEND-20000-Vape-Factory-Price-600x600.webp",600,600,true],"woocommerce_gallery_thumbnail":["https:\/\/vapestornado.com\/wp-content\/uploads\/2025\/12\/HIFANCY-LEGEND-20000-Vape-Factory-Price-100x100.webp",100,100,true]},"uagb_author_info":{"display_name":"ESAMY","author_link":"https:\/\/vapestornado.com\/lv\/author\/"},"uagb_comment_info":0,"uagb_excerpt":"The HIFANCY Legend 20000 Puff is a high-capacity disposable E-cigarette designed for long-lasting use and consistent flavour. It features up to 20,000 puffs, a 30ml e-liquid capacity, a 750mAh rechargeable battery, and a double mesh coil for stable vapour output. With two heating modes and multiple nicotine options, it suits adult users who want a&hellip;","_links":{"self":[{"href":"https:\/\/vapestornado.com\/lv\/wp-json\/wp\/v2\/product\/4683","targetHints":{"allow":["GET"]}}],"collection":[{"href":"https:\/\/vapestornado.com\/lv\/wp-json\/wp\/v2\/product"}],"about":[{"href":"https:\/\/vapestornado.com\/lv\/wp-json\/wp\/v2\/types\/product"}],"replies":[{"embeddable":true,"href":"https:\/\/vapestornado.com\/lv\/wp-json\/wp\/v2\/comments?post=4683"}],"wp:featuredmedia":[{"embeddable":true,"href":"https:\/\/vapestornado.com\/lv\/wp-json\/wp\/v2\/media\/4682"}],"wp:attachment":[{"href":"https:\/\/vapestornado.com\/lv\/wp-json\/wp\/v2\/media?parent=4683"}],"wp:term":[{"taxonomy":"product_brand","embeddable":true,"href":"https:\/\/vapestornado.com\/lv\/wp-json\/wp\/v2\/product_brand?post=4683"},{"taxonomy":"product_cat","embeddable":true,"href":"https:\/\/vapestornado.com\/lv\/wp-json\/wp\/v2\/product_cat?post=4683"},{"taxonomy":"product_tag","embeddable":true,"href":"https:\/\/vapestornado.com\/lv\/wp-json\/wp\/v2\/product_tag?post=4683"}],"curies":[{"name":"wp","href":"https:\/\/api.w.org\/{rel}","templated":true}]}}