{"id":4614,"date":"2025-11-29T06:20:23","date_gmt":"2025-11-29T06:20:23","guid":{"rendered":"https:\/\/vapestornado.com\/?post_type=product&#038;p=4614"},"modified":"2025-11-29T06:33:24","modified_gmt":"2025-11-29T06:33:24","slug":"razz-bar-40000-puff-40k-dual-flavours-disposable-vape-factory-price","status":"publish","type":"product","link":"https:\/\/vapestornado.com\/lv\/product\/razz-bar-40000-puff-40k-dual-flavours-disposable-vape-factory-price\/","title":{"rendered":"Razz Bar 40000 Puff 40K Dubultu Gar\u0161u Vienreiz\u0113j\u0101s Vape Ra\u017eo\u0161anas Cena"},"content":{"rendered":"<h2 data-pm-slice=\"1 1 []\">Razz Bar 40000 Puff 40K Dubultu Gar\u0161u Vienreiz\u0113j\u0101s Vape Ra\u017eo\u0161anas Vairumtirdzniec\u012bbas Cena<\/h2>\n<p data-start=\"289\" data-end=\"881\">T\u0101 <strong data-start=\"293\" data-end=\"316\">Razz Bar 40000 Puff<\/strong> ir izstr\u0101d\u0101ts vairumtirdzniec\u012bbas uz\u0146\u0113mumiem, kas v\u0113las uzticamu, lielu apjomu ier\u012bci ar lielu piepras\u012bjumu un \u0101tru apgroz\u012bjumu. \u0160\u012b <strong data-start=\"425\" data-end=\"447\">2 in 1 gar\u0161u vape<\/strong> nodro\u0161ina divas pilnas gar\u0161as vien\u0101 ier\u012bc\u0113, dodot lietot\u0101jiem vair\u0101k izv\u0113les un v\u0113rt\u012bbas. Ar l\u012bdz pat <strong data-start=\"551\" data-end=\"564\">40K uzp\u016btienu<\/strong>, skaidru displeju un 650mAh uzl\u0101d\u0113jamu akumulatoru, <strong data-start=\"622\" data-end=\"638\">Razz Bar 40K<\/strong> izce\u013cas k\u0101 iztur\u012bga, ilgsto\u0161a <strong data-start=\"677\" data-end=\"708\">dubultu gar\u0161u vienreiz\u0113j\u0101 vape<\/strong> ide\u0101la Eiropas mazumtirgot\u0101jiem, kas mekl\u0113 stabilu ikned\u0113\u013cas p\u0101rdo\u0161anu. Kr\u0101jumi \u0101tri tiek pieg\u0101d\u0101ti no m\u016bsu <strong data-start=\"794\" data-end=\"815\">Vape EU Noliktava<\/strong>, nodro\u0161inot \u0101tru pieg\u0101di un konsekventu pieg\u0101di j\u016bsu klientiem.<\/p>\n<p data-start=\"883\" data-end=\"1342\">Papildu dubult\u0101s t\u012bkla spoles garant\u0113 t\u012bru gar\u0161as atdal\u012b\u0161anu\u2014katrai gar\u0161ai ir sava \u012bpa\u0161a tvertne, t\u0101p\u0113c gar\u0161a paliek ass un autentiska no pirm\u0101 pufa l\u012bdz 40 000. vienk\u0101r\u0161s pagrie\u0161anas sl\u0113dzis \u013cauj lietot\u0101jiem instant\u012bgi main\u012bt gar\u0161u, padarot Razz Bar par iecien\u012btu vaperu, kas v\u0113las da\u017e\u0101d\u012bbu bez vair\u0101k\u0101m ier\u012bc\u0113m. Apvienojot ar Type-C \u0101tro uzl\u0101di un vair\u0101k nek\u0101 10 da\u017e\u0101du aug\u013cu kombin\u0101cij\u0101m, tas ir uzticams augstas veiktsp\u0113jas variants ikdienas lieto\u0161anai.<\/p>\n<p data-start=\"1344\" data-end=\"1558\">Distributoriem vai person\u012bgajiem lietot\u0101jiem, kas mekl\u0113 augstas kvalit\u0101tes <strong data-start=\"1385\" data-end=\"1416\">dubultu gar\u0161u vienreiz\u0113j\u0101 vape<\/strong> ar pier\u0101d\u012btu piepras\u012bjumu, sp\u0113c\u012bgu gar\u0161as veiktsp\u0113ju un modernu displeja sist\u0113mu, <strong data-start=\"1496\" data-end=\"1519\">Razz Bar 40000 Puff<\/strong> ir skaidrs uzvar\u0113t\u0101js 40K kategorij\u0101.<\/p>\n<p data-start=\"666\" data-end=\"1235\"><strong style=\"font-size: 16px;\"><span style=\"color: #ff0000;\">Pievienojiet Amy WhatsApp, lai sa\u0146emtu t\u016bl\u012bt\u0113ju atbildi un atlai\u017eu cenu!<\/span><\/strong><\/p>\n<p><img fetchpriority=\"high\" decoding=\"async\" class=\"size-full wp-image-2932\" src=\"https:\/\/vapestornado.com\/wp-content\/uploads\/2024\/12\/Vape-Wholesale.jpg\" alt=\"Veipu Vairumtirdzniec\u012bba\" width=\"229\" height=\"300\" \/><\/p>\n<h3><a href=\"https:\/\/wa.me\/8617776015835\" target=\"_blank\" rel=\"noopener\"><span style=\"color: #ff0000;\"><strong>WhatsApp: +86 17776015835<\/strong><\/span><\/a><\/h3>\n<p>&nbsp;<\/p>\n<h2><strong>K\u0101das gar\u0161as ir pieejamas no Razz Bar 40000 P\u016b\u0161amaj\u0101m Vape vienreizlietojamaj\u0101m?<\/strong><\/h2>\n<ol data-start=\"1912\" data-end=\"2668\">\n<li data-start=\"1912\" data-end=\"1938\">\n<p data-start=\"1915\" data-end=\"1938\">Citronu Laima \/ Za\u013c\u0101 \u0112rta<\/p>\n<\/li>\n<li data-start=\"1939\" data-end=\"1974\">\n<p data-start=\"1942\" data-end=\"1974\">Zeme\u0146u Ledus \/ Sajaukto ogu<\/p>\n<\/li>\n<li data-start=\"1975\" data-end=\"2028\">\n<p data-start=\"1978\" data-end=\"2028\">Zil\u0101 Razz Ledus \/ Zeme\u0146u Arb\u016bza G\u0101z\u0113tais G\u0101z\u0113tais<\/p>\n<\/li>\n<li data-start=\"2029\" data-end=\"2064\">\n<p data-start=\"2032\" data-end=\"2064\">Sajaukto ogu \/ Arb\u016bza Ledus<\/p>\n<\/li>\n<li data-start=\"2065\" data-end=\"2102\">\n<p data-start=\"2068\" data-end=\"2102\">Zeme\u0146u Ban\u0101ns \/ Sarkan\u0101 Bulta Ledus<\/p>\n<\/li>\n<li data-start=\"2103\" data-end=\"2131\">\n<p data-start=\"2106\" data-end=\"2131\">Melle\u0146u Ledus \/ M\u012blest\u012bba 66<\/p>\n<\/li>\n<li data-start=\"2132\" data-end=\"2162\">\n<p data-start=\"2135\" data-end=\"2162\">Apriko\u017eu Ledus \/ Melle\u0146u Ledus<\/p>\n<\/li>\n<li data-start=\"2163\" data-end=\"2210\">\n<p data-start=\"2166\" data-end=\"2210\">Zeme\u0146u Kivi \/ Melle\u0146u Sk\u0101b\u0101 \u0136ir\u0161u Raspberry<\/p>\n<\/li>\n<li data-start=\"2211\" data-end=\"2241\">\n<p data-start=\"2214\" data-end=\"2241\">Arb\u016bza Ledus \/ Kolas Ledus<\/p>\n<\/li>\n<li data-start=\"2242\" data-end=\"2281\">\n<p data-start=\"2246\" data-end=\"2281\">Zeme\u0146u Arb\u016bzs \/ V\u012bnogu Ledus<\/p>\n<\/li>\n<li data-start=\"2282\" data-end=\"2316\">\n<p data-start=\"2286\" data-end=\"2316\">Citronu Laima \/ Zeme\u0146u Kivi<\/p>\n<\/li>\n<li data-start=\"2317\" data-end=\"2353\">\n<p data-start=\"2321\" data-end=\"2353\">Roz\u0101 Limond\u0101de \/ Meln\u0101 \u0112rta Ledus<\/p>\n<\/li>\n<li data-start=\"2354\" data-end=\"2391\">\n<p data-start=\"2358\" data-end=\"2391\">Svaigs Apriko\u017eu Ledus \/ Anan\u0101su Ledus<\/p>\n<\/li>\n<li data-start=\"2392\" data-end=\"2442\">\n<p data-start=\"2396\" data-end=\"2442\">Kivi, Passion Fruit, Guava \/ Anan\u0101su Kokosrieksts<\/p>\n<\/li>\n<li data-start=\"2443\" data-end=\"2471\">\n<p data-start=\"2447\" data-end=\"2471\">Skittles \/ V\u012bnogu Spr\u0101dziens<\/p>\n<\/li>\n<li data-start=\"2472\" data-end=\"2526\">\n<p data-start=\"2476\" data-end=\"2526\">Melnais Ledus D\u0101rg\u0101 \u0136ir\u0161u Zeme\u0146u \/ Tr\u012bsk\u0101r\u0161ais Melone<\/p>\n<\/li>\n<li data-start=\"2527\" data-end=\"2565\">\n<p data-start=\"2531\" data-end=\"2565\">Vasaras Sapnis \/ Zeme\u0146u Ban\u0101ns<\/p>\n<\/li>\n<li data-start=\"2566\" data-end=\"2611\">\n<p data-start=\"2570\" data-end=\"2611\">\u0136ir\u0161u Citronu \/ Melle\u0146u Sk\u0101b\u0101 \u0136ir\u0161u Raspberry<\/p>\n<\/li>\n<li data-start=\"2612\" data-end=\"2638\">\n<p data-start=\"2616\" data-end=\"2638\">M\u012blest\u012bba 66 \/ Sk\u0101ba \u0101bols<\/p>\n<\/li>\n<li data-start=\"2639\" data-end=\"2668\">\n<p data-start=\"2643\" data-end=\"2668\">Citronu laima \/ Svaiga piparm\u0113tra<\/p>\n<\/li>\n<\/ol>\n<h2><strong>Razz Bar 40000 P\u016b\u0161\u013ci Vienreizlietojams Vape Kastes Galven\u0101s \u012bpa\u0161\u012bbas<\/strong><\/h2>\n<ul data-start=\"2707\" data-end=\"3053\">\n<li data-start=\"2707\" data-end=\"2765\">\n<p data-start=\"2709\" data-end=\"2765\">Divu arom\u0101tu sl\u0113d\u017ea sist\u0113ma ar diviem neatkar\u012bgiem tvertn\u0113m.<\/p>\n<\/li>\n<li data-start=\"2766\" data-end=\"2820\">\n<p data-start=\"2768\" data-end=\"2820\">L\u012bdz <strong data-start=\"2774\" data-end=\"2790\">40 000 uzp\u016btienu<\/strong> ilgsto\u0161ai ikdienas lieto\u0161anai.<\/p>\n<\/li>\n<li data-start=\"2821\" data-end=\"2878\">\n<p data-start=\"2823\" data-end=\"2878\">650mAh uzl\u0101d\u0113jama akumulators ar <strong data-start=\"2856\" data-end=\"2866\">C tipa<\/strong> uzl\u0101di.<\/p>\n<\/li>\n<li data-start=\"2879\" data-end=\"2927\">\n<p data-start=\"2881\" data-end=\"2927\">Divu re\u017e\u0123a spir\u0101les tvertne t\u012briem, atsevi\u0161\u0137iem arom\u0101tiem.<\/p>\n<\/li>\n<li data-start=\"2928\" data-end=\"2974\">\n<p data-start=\"2930\" data-end=\"2974\">LED displejs ar akumulatora + e-\u0161\u0137idruma l\u012bme\u0146a indikatoriem.<\/p>\n<\/li>\n<li data-start=\"2975\" data-end=\"3004\">\n<p data-start=\"2977\" data-end=\"3004\">2% \/ 5% nikot\u012bna s\u0101ls opcijas.<\/p>\n<\/li>\n<li data-start=\"3005\" data-end=\"3053\">\n<p data-start=\"3007\" data-end=\"3053\">200 gabali uz kasti optimiz\u0101cijai vairumtirdzniec\u012bb\u0101.<\/p>\n<\/li>\n<\/ul>\n<figure id=\"attachment_4609\" aria-describedby=\"caption-attachment-4609\" style=\"width: 300px\" class=\"wp-caption alignnone\"><img decoding=\"async\" class=\"size-medium wp-image-4609\" src=\"https:\/\/vapestornado.com\/wp-content\/uploads\/2025\/11\/Razz-Bar-40k-Puffs-Disposable-Vape-Wholesale-Price-300x300.webp\" alt=\"Razz Bar 40k P\u016b\u0161\u013ci Vienreizlietojams Vape Vairumtirdzniec\u012bbas Cena\" width=\"300\" height=\"300\" srcset=\"https:\/\/vapestornado.com\/wp-content\/uploads\/2025\/11\/Razz-Bar-40k-Puffs-Disposable-Vape-Wholesale-Price-300x300.webp 300w, https:\/\/vapestornado.com\/wp-content\/uploads\/2025\/11\/Razz-Bar-40k-Puffs-Disposable-Vape-Wholesale-Price-150x150.webp 150w, https:\/\/vapestornado.com\/wp-content\/uploads\/2025\/11\/Razz-Bar-40k-Puffs-Disposable-Vape-Wholesale-Price-768x768.webp 768w, https:\/\/vapestornado.com\/wp-content\/uploads\/2025\/11\/Razz-Bar-40k-Puffs-Disposable-Vape-Wholesale-Price-12x12.webp 12w, https:\/\/vapestornado.com\/wp-content\/uploads\/2025\/11\/Razz-Bar-40k-Puffs-Disposable-Vape-Wholesale-Price-600x600.webp 600w, https:\/\/vapestornado.com\/wp-content\/uploads\/2025\/11\/Razz-Bar-40k-Puffs-Disposable-Vape-Wholesale-Price-100x100.webp 100w, https:\/\/vapestornado.com\/wp-content\/uploads\/2025\/11\/Razz-Bar-40k-Puffs-Disposable-Vape-Wholesale-Price.webp 800w\" sizes=\"(max-width: 300px) 100vw, 300px\" \/><figcaption id=\"caption-attachment-4609\" class=\"wp-caption-text\">Razz Bar 40k P\u016b\u0161\u013ci Vienreizlietojams Vape Vairumtirdzniec\u012bbas Cena<\/figcaption><\/figure>\n<h2>K\u0101p\u0113c izv\u0113l\u0113ties Vapestornado, lai pirktu vienreiz\u0113j\u0101s lieto\u0161anas vape tie\u0161saist\u0113?<\/h2>\n<div class=\"flex-shrink-0 flex flex-col relative items-end\">\n<div class=\"pt-0\">\n<div class=\"gizmo-bot-avatar flex h-8 w-8 items-center justify-center overflow-hidden rounded-full\">\n<div class=\"relative p-1 rounded-sm flex items-center justify-center bg-token-main-surface-primary text-token-text-primary h-8 w-8\">\n<p data-start=\"136\" data-end=\"686\">Izv\u0113le <strong data-start=\"145\" data-end=\"161\">Vapestornado<\/strong> k\u0101 j\u016bsu uzticams avots <strong data-start=\"193\" data-end=\"227\">Elf Bar Moon Night 40000 pufa<\/strong> tas noz\u012bm\u0113 sadarb\u012bbu ar pieg\u0101d\u0101t\u0101ju, kas patie\u0161\u0101m izprot Eiropas Savien\u012bbas vairumtirdzniec\u012bbas un mazumtirdzniec\u012bbas pras\u012bbas. M\u0113s prioritiz\u0113jam <strong data-start=\"343\" data-end=\"409\">\u0101tru nos\u016bt\u012b\u0161anu, p\u0101rbaud\u012btu kr\u0101jumu un stabilu ilgtermi\u0146a pieg\u0101di<\/strong>, nodro\u0161inot, ka nekad nesaskarsieties ar kr\u0101jumu p\u0101rtraukumiem\u2014\u012bpa\u0161i augsta apjoma prec\u0113m, piem\u0113ram, <a href=\"https:\/\/vapestornado.com\/lv\/product\/airmez-140k-puff-6-in-1-flavor-disposable-vape-wholesale-disposable-vape-pen-eu-warehouse\/\">Airmez 140k 6 in 1 ,<\/a>\u00a0<a href=\"https:\/\/vapestornado.com\/lv\/product\/bang-legend-150000-puffs-6-in-1-flavor-newest-disposable-vape\/\">HiFancy Space 50000, Bang Legend 150k <\/a>Visi produkti ir ieg\u016bti no sertific\u0113tiem kan\u0101liem, dodot jums <strong data-start=\"582\" data-end=\"651\">autentisku kvalit\u0101ti, konsekventu gar\u0161as sniegumu un uzticam\u012bbu<\/strong> kas atbilst Eiropas Savien\u012bbas tirgus pras\u012bb\u0101m.<\/p>\n<\/div>\n<h2>BUJ par Razz Bar 40000 P\u016b\u0161\u013ci Bar<\/h2>\n<div class=\"relative p-1 rounded-sm flex items-center justify-center bg-token-main-surface-primary text-token-text-primary h-8 w-8\">\n<p data-start=\"3094\" data-end=\"3257\"><strong data-start=\"3094\" data-end=\"3159\">1. K\u0101 darbojas divu arom\u0101tu sl\u0113dzis Razz Bar 40K?<\/strong><br data-start=\"3159\" data-end=\"3162\" \/>Vienk\u0101r\u0161i paceliet un pagrieziet mutei\u0146u 180 gr\u0101dus, lai nekav\u0113joties p\u0101rsl\u0113gtos starp abiem arom\u0101tiem.<\/p>\n<p data-start=\"3259\" data-end=\"3371\"><strong data-start=\"3259\" data-end=\"3306\">2. Vai Razz Bar 40000 P\u016b\u0161\u013ci ir uzl\u0101d\u0113jams?<\/strong><br data-start=\"3306\" data-end=\"3309\" \/>J\u0101, tas izmanto 650mAh uzl\u0101d\u0113jamu akumulatoru ar Type-C portu.<\/p>\n<p data-start=\"3373\" data-end=\"3507\"><strong data-start=\"3373\" data-end=\"3416\">3. Vai katram arom\u0101tam ir sava spir\u0101le?<\/strong><br data-start=\"3416\" data-end=\"3419\" \/>J\u0101, Razz Bar izmanto divu re\u017e\u0123a spir\u0101les tvertni, nodro\u0161inot, ka arom\u0101ti paliek t\u012bri un atsevi\u0161\u0137i.<\/p>\n<p data-start=\"3509\" data-end=\"3638\"><strong data-start=\"3509\" data-end=\"3546\">4. Cik ilgi ier\u012bce kalpo?<\/strong><br data-start=\"3546\" data-end=\"3549\" \/>Ar l\u012bdz 40K p\u012bp\u0113m, liel\u0101k\u0101 da\u013ca lietot\u0101ju ieg\u016bst vair\u0101kas ned\u0113\u013cas lieto\u0161anas atkar\u012bb\u0101 no ikdienas pat\u0113ri\u0146a.<\/p>\n<p data-start=\"3640\" data-end=\"3791\"><strong data-start=\"3640\" data-end=\"3701\">5. Vai es varu pas\u016bt\u012bt Razz Bar 40K no Vape EU Noliktavas?<\/strong><br data-start=\"3701\" data-end=\"3704\" \/>J\u0101, vairumtirdzniec\u012bbas pas\u016bt\u012bjumi tiek nos\u016bt\u012bti tie\u0161i no m\u016bsu EU noliktavas, lai nodro\u0161in\u0101tu \u0101tr\u0101ku re\u0123ion\u0101lo pieg\u0101di.<\/p>\n<\/div>\n<\/div>\n<\/div>\n<\/div>","protected":false},"excerpt":{"rendered":"<article class=\"text-token-text-primary w-full focus:outline-none [--shadow-height:45px] has-data-writing-block:pointer-events-none has-data-writing-block:-mt-(--shadow-height) has-data-writing-block:pt-(--shadow-height) [&amp;:has([data-writing-block])&gt;*]:pointer-events-auto [content-visibility:auto] supports-[content-visibility:auto]:[contain-intrinsic-size:auto_100lvh] scroll-mt-[calc(var(--header-height)+min(200px,max(70px,20svh)))]\" dir=\"auto\" tabindex=\"-1\" data-turn-id=\"86ca9d92-7a10-4e6b-bda0-15f9df36adca\" data-testid=\"conversation-turn-120\" data-scroll-anchor=\"true\" data-turn=\"assistant\">\n<div class=\"text-base my-auto mx-auto pb-10 [--thread-content-margin:--spacing(4)] thread-sm:[--thread-content-margin:--spacing(6)] thread-lg:[--thread-content-margin:--spacing(16)] px-(--thread-content-margin)\">\n<div class=\"[--thread-content-max-width:40rem] thread-lg:[--thread-content-max-width:48rem] mx-auto max-w-(--thread-content-max-width) flex-1 group\/turn-messages focus-visible:outline-hidden relative flex w-full min-w-0 flex-col agent-turn\" tabindex=\"-1\">\n<div class=\"flex max-w-full flex-col grow\">\n<div class=\"min-h-8 text-message relative flex w-full flex-col items-end gap-2 text-start break-words whitespace-normal [.text-message+&amp;]:mt-1\" dir=\"auto\" data-message-author-role=\"assistant\" data-message-id=\"43b070d6-bf28-4fbe-8049-1032a61ea3ac\" data-message-model-slug=\"gpt-5\">\n<div class=\"flex w-full flex-col gap-1 empty:hidden first:pt-[1px]\">\n<div class=\"markdown prose dark:prose-invert w-full break-words light markdown-new-styling\">\n<article class=\"text-token-text-primary w-full focus:outline-none [--shadow-height:45px] has-data-writing-block:pointer-events-none has-data-writing-block:-mt-(--shadow-height) has-data-writing-block:pt-(--shadow-height) [&amp;:has([data-writing-block])&gt;*]:pointer-events-auto [content-visibility:auto] supports-[content-visibility:auto]:[contain-intrinsic-size:auto_100lvh] scroll-mt-[calc(var(--header-height)+min(200px,max(70px,20svh)))]\" dir=\"auto\" tabindex=\"-1\" data-turn-id=\"4d6f00b8-d41a-438b-8912-05a895842882\" data-testid=\"conversation-turn-130\" data-scroll-anchor=\"true\" data-turn=\"assistant\">\n<div class=\"text-base my-auto mx-auto pb-10 [--thread-content-margin:--spacing(4)] thread-sm:[--thread-content-margin:--spacing(6)] thread-lg:[--thread-content-margin:--spacing(16)] px-(--thread-content-margin)\">\n<div class=\"[--thread-content-max-width:40rem] thread-lg:[--thread-content-max-width:48rem] mx-auto max-w-(--thread-content-max-width) flex-1 group\/turn-messages focus-visible:outline-hidden relative flex w-full min-w-0 flex-col agent-turn\" tabindex=\"-1\">\n<div class=\"flex max-w-full flex-col grow\">\n<div class=\"min-h-8 text-message relative flex w-full flex-col items-end gap-2 text-start break-words whitespace-normal [.text-message+&amp;]:mt-1\" dir=\"auto\" data-message-author-role=\"assistant\" data-message-id=\"f3c520bf-c043-4392-87ea-b3bf1b3ae6d3\" data-message-model-slug=\"gpt-5-1\">\n<div class=\"flex w-full flex-col gap-1 empty:hidden first:pt-[1px]\">\n<div class=\"markdown prose dark:prose-invert w-full break-words light markdown-new-styling\">\n<p data-start=\"1595\" data-end=\"1691\"><strong data-start=\"1595\" data-end=\"1689\">Razz Bar 40K Dubultu Gar\u0161u Jauda \u2013 Visvair\u0101k P\u0101rdot\u0101 2-in-1 Vienreiz\u0113j\u0101 Vape Eiropas Tirdzniec\u012bbai<\/strong><\/p>\n<p data-start=\"1695\" data-end=\"1780\"><strong data-start=\"1695\" data-end=\"1778\">Razz Bar 40000 Puff Uzl\u0101d\u0113jama Vape \u2013 Maksim\u0101la Gar\u0161a, Ilgsto\u0161a Veiktsp\u0113ja<\/strong><\/p>\n<p data-start=\"1784\" data-end=\"1867\"><strong data-start=\"1784\" data-end=\"1865\">Razz Bar 40K Vairumtirdzniec\u012bbas Vape \u2013 Dubult\u0101 T\u012bkla Spole, Divas Gar\u0161as, Bez Kompromisiem<\/strong><\/p>\n<\/div>\n<\/div>\n<\/div>\n<\/div>\n<\/div>\n<\/div>\n<\/article>\n<\/div>\n<\/div>\n<\/div>\n<\/div>\n<\/div>\n<\/div>\n<\/article>\n<p><img fetchpriority=\"high\" decoding=\"async\" class=\"size-full wp-image-2932\" src=\"https:\/\/vapestornado.com\/wp-content\/uploads\/2024\/12\/Vape-Wholesale.jpg\" alt=\"Veipu Vairumtirdzniec\u012bba\" width=\"229\" height=\"300\" \/><\/p>\n<h3><a href=\"https:\/\/wa.me\/8617776015835\"><span style=\"color: #ff0000;\"><strong>WhatsApp: +86 17776015835<\/strong><\/span><\/a><\/h3>\n<p>&nbsp;<\/p>","protected":false},"featured_media":4613,"comment_status":"open","ping_status":"closed","template":"","meta":{"_acf_changed":false,"_uag_custom_page_level_css":"","_lmt_disableupdate":"no","_lmt_disable":"","_monsterinsights_skip_tracking":false,"_monsterinsights_sitenote_active":false,"_monsterinsights_sitenote_note":"","_monsterinsights_sitenote_category":0,"site-sidebar-layout":"default","site-content-layout":"","ast-site-content-layout":"default","site-content-style":"default","site-sidebar-style":"default","ast-global-header-display":"","ast-banner-title-visibility":"","ast-main-header-display":"","ast-hfb-above-header-display":"","ast-hfb-below-header-display":"","ast-hfb-mobile-header-display":"","site-post-title":"","ast-breadcrumbs-content":"","ast-featured-img":"","footer-sml-layout":"","ast-disable-related-posts":"","theme-transparent-header-meta":"default","adv-header-id-meta":"","stick-header-meta":"","header-above-stick-meta":"","header-main-stick-meta":"","header-below-stick-meta":"","astra-migrate-meta-layouts":"set","ast-page-background-enabled":"default","ast-page-background-meta":{"desktop":{"background-color":"","background-image":"","background-repeat":"repeat","background-position":"center center","background-size":"auto","background-attachment":"scroll","background-type":"","background-media":"","overlay-type":"","overlay-color":"","overlay-opacity":"","overlay-gradient":""},"tablet":{"background-color":"","background-image":"","background-repeat":"repeat","background-position":"center center","background-size":"auto","background-attachment":"scroll","background-type":"","background-media":"","overlay-type":"","overlay-color":"","overlay-opacity":"","overlay-gradient":""},"mobile":{"background-color":"","background-image":"","background-repeat":"repeat","background-position":"center center","background-size":"auto","background-attachment":"scroll","background-type":"","background-media":"","overlay-type":"","overlay-color":"","overlay-opacity":"","overlay-gradient":""}},"ast-content-background-meta":{"desktop":{"background-color":"var(--ast-global-color-5)","background-image":"","background-repeat":"repeat","background-position":"center center","background-size":"auto","background-attachment":"scroll","background-type":"","background-media":"","overlay-type":"","overlay-color":"","overlay-opacity":"","overlay-gradient":""},"tablet":{"background-color":"var(--ast-global-color-5)","background-image":"","background-repeat":"repeat","background-position":"center center","background-size":"auto","background-attachment":"scroll","background-type":"","background-media":"","overlay-type":"","overlay-color":"","overlay-opacity":"","overlay-gradient":""},"mobile":{"background-color":"var(--ast-global-color-5)","background-image":"","background-repeat":"repeat","background-position":"center center","background-size":"auto","background-attachment":"scroll","background-type":"","background-media":"","overlay-type":"","overlay-color":"","overlay-opacity":"","overlay-gradient":""}},"_joinchat":{"telephone":"17776015835"}},"product_brand":[],"product_cat":[149,150,151,152,144],"product_tag":[463,105,446,461,462,436],"class_list":{"0":"post-4614","1":"product","2":"type-product","3":"status-publish","4":"has-post-thumbnail","6":"product_cat-buy-disposable-vapes-in-austria","7":"product_cat-buy-disposable-vapes-in-belgium","8":"product_cat-buy-disposable-vapes-in-france","9":"product_cat-buy-disposable-vapes-in-cermany","10":"product_cat-low-nicotine-disposable-vapes","11":"product_tag-2-in-1-flavor-vape","12":"product_tag-digital-disposable-vape","13":"product_tag-disposable-vape-kit","14":"product_tag-razz-bar-40000","15":"product_tag-razz-bar-40k","16":"product_tag-shop-vape-online","17":"desktop-align-left","18":"tablet-align-left","19":"mobile-align-left","21":"first","22":"instock","23":"sale","24":"shipping-taxable","25":"purchasable","26":"product-type-simple"},"acf":[],"uagb_featured_image_src":{"full":["https:\/\/vapestornado.com\/wp-content\/uploads\/2025\/11\/RAZZ-BAR-40000-Puffs-Wholesale-Vape-Factory-Price.webp",800,800,false],"thumbnail":["https:\/\/vapestornado.com\/wp-content\/uploads\/2025\/11\/RAZZ-BAR-40000-Puffs-Wholesale-Vape-Factory-Price-150x150.webp",150,150,true],"medium":["https:\/\/vapestornado.com\/wp-content\/uploads\/2025\/11\/RAZZ-BAR-40000-Puffs-Wholesale-Vape-Factory-Price-300x300.webp",300,300,true],"medium_large":["https:\/\/vapestornado.com\/wp-content\/uploads\/2025\/11\/RAZZ-BAR-40000-Puffs-Wholesale-Vape-Factory-Price-768x768.webp",768,768,true],"large":["https:\/\/vapestornado.com\/wp-content\/uploads\/2025\/11\/RAZZ-BAR-40000-Puffs-Wholesale-Vape-Factory-Price.webp",800,800,false],"1536x1536":["https:\/\/vapestornado.com\/wp-content\/uploads\/2025\/11\/RAZZ-BAR-40000-Puffs-Wholesale-Vape-Factory-Price.webp",800,800,false],"2048x2048":["https:\/\/vapestornado.com\/wp-content\/uploads\/2025\/11\/RAZZ-BAR-40000-Puffs-Wholesale-Vape-Factory-Price.webp",800,800,false],"trp-custom-language-flag":["https:\/\/vapestornado.com\/wp-content\/uploads\/2025\/11\/RAZZ-BAR-40000-Puffs-Wholesale-Vape-Factory-Price-12x12.webp",12,12,true],"woocommerce_thumbnail":["https:\/\/vapestornado.com\/wp-content\/uploads\/2025\/11\/RAZZ-BAR-40000-Puffs-Wholesale-Vape-Factory-Price-300x300.webp",300,300,true],"woocommerce_single":["https:\/\/vapestornado.com\/wp-content\/uploads\/2025\/11\/RAZZ-BAR-40000-Puffs-Wholesale-Vape-Factory-Price-600x600.webp",600,600,true],"woocommerce_gallery_thumbnail":["https:\/\/vapestornado.com\/wp-content\/uploads\/2025\/11\/RAZZ-BAR-40000-Puffs-Wholesale-Vape-Factory-Price-100x100.webp",100,100,true]},"uagb_author_info":{"display_name":"ESAMY","author_link":"https:\/\/vapestornado.com\/lv\/author\/"},"uagb_comment_info":0,"uagb_excerpt":"Razz Bar 40K Dual Flavour Power \u2013 The Best-Selling 2-in-1 Disposable Vape for EU Wholesale Razz Bar 40000 Puff Rechargeable Vape \u2013 Maximum Taste, Long-Lasting Performance Razz Bar 40K Wholesale Vape \u2013 Dual Mesh Coil, Double Flavour, Zero Compromise WhatsApp: +86 17776015835 &nbsp;","_links":{"self":[{"href":"https:\/\/vapestornado.com\/lv\/wp-json\/wp\/v2\/product\/4614","targetHints":{"allow":["GET"]}}],"collection":[{"href":"https:\/\/vapestornado.com\/lv\/wp-json\/wp\/v2\/product"}],"about":[{"href":"https:\/\/vapestornado.com\/lv\/wp-json\/wp\/v2\/types\/product"}],"replies":[{"embeddable":true,"href":"https:\/\/vapestornado.com\/lv\/wp-json\/wp\/v2\/comments?post=4614"}],"wp:featuredmedia":[{"embeddable":true,"href":"https:\/\/vapestornado.com\/lv\/wp-json\/wp\/v2\/media\/4613"}],"wp:attachment":[{"href":"https:\/\/vapestornado.com\/lv\/wp-json\/wp\/v2\/media?parent=4614"}],"wp:term":[{"taxonomy":"product_brand","embeddable":true,"href":"https:\/\/vapestornado.com\/lv\/wp-json\/wp\/v2\/product_brand?post=4614"},{"taxonomy":"product_cat","embeddable":true,"href":"https:\/\/vapestornado.com\/lv\/wp-json\/wp\/v2\/product_cat?post=4614"},{"taxonomy":"product_tag","embeddable":true,"href":"https:\/\/vapestornado.com\/lv\/wp-json\/wp\/v2\/product_tag?post=4614"}],"curies":[{"name":"wp","href":"https:\/\/api.w.org\/{rel}","templated":true}]}}