{"id":4603,"date":"2025-11-28T07:57:59","date_gmt":"2025-11-28T07:57:59","guid":{"rendered":"https:\/\/vapestornado.com\/?post_type=product&#038;p=4603"},"modified":"2025-11-28T08:20:23","modified_gmt":"2025-11-28T08:20:23","slug":"airmez-fox-80000-puffs-2-in-1-best-80k-vape-wholesale-eu-warehouse","status":"publish","type":"product","link":"https:\/\/vapestornado.com\/lv\/product\/airmez-fox-80000-puffs-2-in-1-best-80k-vape-wholesale-eu-warehouse\/","title":{"rendered":"Airmez Fox 80000 puffs 2-in-1 lab\u0101kais 80k vape vairumtirdzniec\u012bba EU noliktav\u0101"},"content":{"rendered":"<h2 data-pm-slice=\"1 1 []\">Airmez Fox 80000 puffs 2-in-1 krist\u0101la vienreiz\u0113j\u0101 vape EU noliktava vairumtirdzniec\u012bba<\/h2>\n<p data-start=\"663\" data-end=\"1062\">T\u0101 <strong data-start=\"667\" data-end=\"693\">Airmez Fox 80000 puffs<\/strong> ir kompakts, ar augstu jaudu <strong data-start=\"722\" data-end=\"755\">vienreiz\u0113j\u0101s lieto\u0161anas tvaic\u0113t\u0101js ar dubultu gar\u0161u<\/strong> izstr\u0101d\u0101ts Eiropas mazumtirgot\u0101jiem, kas mekl\u0113 uzticamu, ilgi kalpojo\u0161u vien\u012bbu ar sp\u0113c\u012bgu gar\u0161as pievilc\u012bbu. \u0160\u012b 2-in-1 sist\u0113ma sniedz lietot\u0101jiem t\u016bl\u012bt\u0113ju piek\u013cuvi div\u0101m da\u017e\u0101d\u0101m gar\u0161as ni\u0161\u0101m vien\u0101 ier\u012bc\u0113, padarot to par <strong data-start=\"966\" data-end=\"984\">Airmez Fox 80k<\/strong> izcilu izv\u0113li klientiem, kuri v\u0113las da\u017e\u0101d\u012bbu bez ier\u012b\u010du mai\u0146as.<\/p>\n<p data-start=\"1064\" data-end=\"1435\">Katrs ier\u012bces ir iepild\u012bts ar <strong data-start=\"1094\" data-end=\"1114\">30 ml e-\u0161\u0137idruma<\/strong> (15ml uz gar\u0161u) un darbin\u0101ts ar <strong data-start=\"1151\" data-end=\"1189\">650 mAh Type-C uzl\u0101d\u0113jams akumulators<\/strong>, nodro\u0161inot vienm\u0113r\u012bgu izpl\u016bdi, kas piem\u0113rota visam 80 000 pufa ciklam. The <strong data-start=\"1267\" data-end=\"1285\">1,0 \u03a9 sieta spole<\/strong> ra\u017eo gludu tvaiku, stabilu r\u012bkles saj\u016btu un uzticamu gar\u0161as sniegumu, kas labi saskan ar pat\u0113r\u0113t\u0101ju v\u0113lm\u0113m galvenajos EU tirgos.<\/p>\n<p data-start=\"1437\" data-end=\"1897\">Spilgts LED displejs sniedz akumulatora un e-\u0161\u0137idruma statusu re\u0101llaik\u0101, samazinot neskaidr\u012bbas un uzlabojot lietot\u0101ja apmierin\u0101t\u012bbu. Mazumtirgot\u0101jiem ir stabilas atk\u0101rtotas p\u0101rdo\u0161anas iesp\u0113jas un vienk\u0101r\u0161ota kr\u0101jumu p\u0101rvald\u012bba, \u012bpa\u0161i ar \u0101tru kust\u012bbu no m\u016bsu <strong data-start=\"1680\" data-end=\"1701\">Vape EU Noliktava<\/strong>. Pateicoties krist\u0101la stilam, Airmez Fox 80000 ar\u012b izce\u013cas vizu\u0101li, piesaistot jaun\u0101kus pieaugu\u0161os pirc\u0113jus vecum\u0101 no 25 l\u012bdz 35 gadiem, kuri mekl\u0113 augstas klases ier\u012bci 80k pufa kategorij\u0101.<\/p>\n<p data-start=\"1899\" data-end=\"2203\">Lielapjoma pirc\u0113jiem Airmez Fox 80k labi iederas eso\u0161o augsta pufa produktu kl\u0101st\u0101 un kalpo k\u0101 sp\u0113c\u012bgs vid\u0113jas klases SKU <strong data-start=\"2032\" data-end=\"2048\">krist\u0101la vape<\/strong> segment. Dubultgar\u0161u form\u0101ts, liels tanka izm\u0113rs un ilgs kalpo\u0161anas laiks padara to par vienu no praktisk\u0101kaj\u0101m lielapjoma pirkuma iesp\u0113j\u0101m 80 000 pufa klases.<\/p>\n<p data-start=\"666\" data-end=\"1235\"><strong style=\"font-size: 16px;\"><span style=\"color: #ff0000;\">Pievienojiet Amy WhatsApp, lai sa\u0146emtu t\u016bl\u012bt\u0113ju atbildi un atlai\u017eu cenu!<\/span><\/strong><\/p>\n<p><img fetchpriority=\"high\" decoding=\"async\" class=\"size-full wp-image-2932\" src=\"https:\/\/vapestornado.com\/wp-content\/uploads\/2024\/12\/Vape-Wholesale.jpg\" alt=\"Veipu Vairumtirdzniec\u012bba\" width=\"229\" height=\"300\" \/><\/p>\n<h3><a href=\"https:\/\/wa.me\/8617776015835\" target=\"_blank\" rel=\"noopener\"><span style=\"color: #ff0000;\"><strong>WhatsApp: +86 17776015835<\/strong><\/span><\/a><\/h3>\n<p>&nbsp;<\/p>\n<h2><strong>AIRMEZ FOX 120000 P\u016b\u0161u Vienreizlietojam\u0101s Vape Gar\u0161u Saraksts<\/strong><\/h2>\n<ul>\n<li data-start=\"2691\" data-end=\"2752\">\n<p data-start=\"2693\" data-end=\"2752\"><strong data-start=\"2693\" data-end=\"2715\">Dubultgar\u0161u sl\u0113dzis<\/strong> ar div\u0101m gar\u0161\u0101m katr\u0101 ier\u012bc\u0113.<\/p>\n<\/li>\n<li data-start=\"2753\" data-end=\"2814\">\n<p data-start=\"2755\" data-end=\"2814\"><strong data-start=\"2755\" data-end=\"2777\">L\u012bdz 80 000 pufa<\/strong> ilgsto\u0161ai, zema uztur\u0113\u0161anas pras\u012bb\u0101m paredz\u0113tai lieto\u0161anai.<\/p>\n<\/li>\n<li data-start=\"2815\" data-end=\"2862\">\n<p data-start=\"2817\" data-end=\"2862\"><strong data-start=\"2817\" data-end=\"2840\">Kop\u0113jais tilpums 30ml<\/strong> (15ml katrai gar\u0161ai).<\/p>\n<\/li>\n<li data-start=\"2863\" data-end=\"2926\">\n<p data-start=\"2865\" data-end=\"2926\"><strong data-start=\"2865\" data-end=\"2883\">1,0 \u03a9 sieta spole<\/strong> stipras, vienm\u0113r\u012bgas gar\u0161as nodro\u0161in\u0101\u0161anai.<\/p>\n<\/li>\n<li data-start=\"2927\" data-end=\"2984\">\n<p data-start=\"2929\" data-end=\"2984\"><strong data-start=\"2929\" data-end=\"2955\">650mAh Type-C uzl\u0101de<\/strong> lai uztur\u0113tu stabilu izvadi.<\/p>\n<\/li>\n<li data-start=\"2985\" data-end=\"3040\">\n<p data-start=\"2987\" data-end=\"3040\"><strong data-start=\"2987\" data-end=\"3012\">LED displeja indikatoriem<\/strong> batterijai un e-\u0161\u0137idrumam.<\/p>\n<\/li>\n<li data-start=\"3041\" data-end=\"3100\">\n<p data-start=\"3043\" data-end=\"3100\"><strong data-start=\"3043\" data-end=\"3072\">Krist\u0101la stila korpusa dizains<\/strong> augst\u0101k\u0101s klases plauktu pievilc\u012bbai.<\/p>\n<\/li>\n<li data-start=\"3101\" data-end=\"3165\">\n<p data-start=\"3103\" data-end=\"3165\"><strong data-start=\"3103\" data-end=\"3132\">EU noliktavas pieejam\u012bba<\/strong> \u0101trai vairumtirdzniec\u012bbas apmierin\u0101\u0161anai.<\/p>\n<\/li>\n<\/ul>\n<figure id=\"attachment_4605\" aria-describedby=\"caption-attachment-4605\" style=\"width: 800px\" class=\"wp-caption alignnone\"><img decoding=\"async\" class=\"wp-image-4605 size-full\" src=\"https:\/\/vapestornado.com\/wp-content\/uploads\/2025\/11\/Airmez-FOX-2IN1-80K-Dual-Flavors-Disposable-Vapor.webp\" alt=\"Airmez FOX 2IN1 80K Dubultgar\u0161u Vienreizlietojamais Tvaiks\" width=\"800\" height=\"800\" srcset=\"https:\/\/vapestornado.com\/wp-content\/uploads\/2025\/11\/Airmez-FOX-2IN1-80K-Dual-Flavors-Disposable-Vapor.webp 800w, https:\/\/vapestornado.com\/wp-content\/uploads\/2025\/11\/Airmez-FOX-2IN1-80K-Dual-Flavors-Disposable-Vapor-300x300.webp 300w, https:\/\/vapestornado.com\/wp-content\/uploads\/2025\/11\/Airmez-FOX-2IN1-80K-Dual-Flavors-Disposable-Vapor-150x150.webp 150w, https:\/\/vapestornado.com\/wp-content\/uploads\/2025\/11\/Airmez-FOX-2IN1-80K-Dual-Flavors-Disposable-Vapor-768x768.webp 768w, https:\/\/vapestornado.com\/wp-content\/uploads\/2025\/11\/Airmez-FOX-2IN1-80K-Dual-Flavors-Disposable-Vapor-12x12.webp 12w, https:\/\/vapestornado.com\/wp-content\/uploads\/2025\/11\/Airmez-FOX-2IN1-80K-Dual-Flavors-Disposable-Vapor-600x600.webp 600w, https:\/\/vapestornado.com\/wp-content\/uploads\/2025\/11\/Airmez-FOX-2IN1-80K-Dual-Flavors-Disposable-Vapor-100x100.webp 100w\" sizes=\"(max-width: 800px) 100vw, 800px\" \/><figcaption id=\"caption-attachment-4605\" class=\"wp-caption-text\">Airmez FOX 2IN1 80K Dubultgar\u0161u Vienreizlietojamais Tvaiks<\/figcaption><\/figure>\n<h2><strong>Kas padara Airmez Fox 80000 Puffs Vienreizlietojamo Vape Pen izce\u013camu?<\/strong><\/h2>\n<ol data-start=\"2243\" data-end=\"2640\">\n<li data-start=\"2243\" data-end=\"2296\">\n<p data-start=\"2246\" data-end=\"2296\"><strong data-start=\"2246\" data-end=\"2294\">Zeme\u0146u arb\u016bzs \/ Zeme\u0146u ave\u0146u<\/strong><\/p>\n<\/li>\n<li data-start=\"2297\" data-end=\"2336\">\n<p data-start=\"2300\" data-end=\"2336\"><strong data-start=\"2300\" data-end=\"2334\">Zil\u0101 Razz Lemon\u0101de \/ Zil\u0101 Razz<\/strong><\/p>\n<\/li>\n<li data-start=\"2337\" data-end=\"2384\">\n<p data-start=\"2340\" data-end=\"2384\"><strong data-start=\"2340\" data-end=\"2382\">Blueberry On Ice \/ Blueberry Raspberry<\/strong><\/p>\n<\/li>\n<li data-start=\"2385\" data-end=\"2426\">\n<p data-start=\"2388\" data-end=\"2426\"><strong data-start=\"2388\" data-end=\"2424\">Avenes Kivi \/ Avenes Ledus<\/strong><\/p>\n<\/li>\n<li data-start=\"2427\" data-end=\"2473\">\n<p data-start=\"2430\" data-end=\"2473\"><strong data-start=\"2430\" data-end=\"2471\">\u0136ir\u0161i\u0146u Ledus \/ \u0136ir\u0161i\u0146u \u0136ir\u0161u<\/strong><\/p>\n<\/li>\n<li data-start=\"2474\" data-end=\"2510\">\n<p data-start=\"2477\" data-end=\"2510\"><strong data-start=\"2477\" data-end=\"2508\">Ogu Limondr\u0101\u017ea \/ Citronu Laima<\/strong><\/p>\n<\/li>\n<li data-start=\"2511\" data-end=\"2544\">\n<p data-start=\"2514\" data-end=\"2544\"><strong data-start=\"2514\" data-end=\"2542\">Tropu Aug\u013ci \/ M\u012blest\u012bba 66<\/strong><\/p>\n<\/li>\n<li data-start=\"2545\" data-end=\"2577\">\n<p data-start=\"2548\" data-end=\"2577\"><strong data-start=\"2548\" data-end=\"2575\">Apriko\u017eu Ledus \/ Mango Aprikoze<\/strong><\/p>\n<\/li>\n<li data-start=\"2578\" data-end=\"2610\">\n<p data-start=\"2581\" data-end=\"2610\"><strong data-start=\"2581\" data-end=\"2608\">Sajaukto Ogu \/ Dr Blue<\/strong><\/p>\n<\/li>\n<li data-start=\"2611\" data-end=\"2640\">\n<p data-start=\"2615\" data-end=\"2640\"><strong data-start=\"2615\" data-end=\"2640\">V\u012bnogu Ledus \/ Melnais Ledus<\/strong><\/p>\n<\/li>\n<\/ol>\n<h3 data-start=\"168\" data-end=\"239\"><strong data-start=\"172\" data-end=\"239\">Airmez Fox 80K vs Airmez Fox 120K \u2014 Kur\u0161 Der J\u016bsu Tirgum?<\/strong><\/h3>\n<p data-start=\"241\" data-end=\"1149\">Sal\u012bdzinot <strong data-start=\"260\" data-end=\"278\">Airmez Fox 80K<\/strong> ar <strong data-start=\"288\" data-end=\"307\">Airmez Fox 120K<\/strong>, galven\u0101 at\u0161\u0137ir\u012bba ir p\u016b\u0161anas jauda un gar\u0161as elast\u012bba. <strong data-start=\"380\" data-end=\"398\">Airmez Fox 80K<\/strong> ir paredz\u0113ts pirc\u0113jiem, kuri v\u0113las <em data-start=\"430\" data-end=\"470\">kompakto, dubultgar\u0161u vienreizlietojamo vape<\/em> ar kop\u0113jo 30ml e-\u0161\u0137idruma un skaidru re\u017e\u0123a spir\u0101les gar\u0161u, padarot to ide\u0101li piem\u0113rotu lielapjoma vairumtirdzniec\u012bbas pas\u016bt\u012bjumiem, kas v\u0113rsti uz \u0101tri p\u0101rvietojo\u0161iem veikaliem. No otras puses, <strong data-start=\"636\" data-end=\"655\">Airmez Fox 120K<\/strong> nodro\u0161ina daudz liel\u0101ku p\u016b\u0161anas skaitu ar daudzgar\u0161u uzst\u0101d\u012bjumu un liel\u0101ku e-\u0161\u0137idruma kameru, dodot ilg\u0101k\u0101m sesij\u0101m lietot\u0101jiem vair\u0101k da\u017e\u0101d\u012bbas un iztur\u012bbas. Abi izmanto Type-C uzl\u0101d\u0113jamu sist\u0113mu un LED displeju, bet <strong data-start=\"862\" data-end=\"912\">80K koncentr\u0113jas uz efekt\u012bvu ikdienas sniegumu<\/strong>, savuk\u0101rt <strong data-start=\"924\" data-end=\"1019\">120K ir paredz\u0113ts klientiem, kuri v\u0113las ilgsto\u0161u, premium sesiju ar dzi\u013c\u0101ku gar\u0161u<\/strong>. Vairumtirdzniec\u012bbas pirc\u0113jiem izv\u0113le ir vienk\u0101r\u0161a: <strong data-start=\"1065\" data-end=\"1100\">Airmez Fox 80K apjoma p\u0101rdo\u0161anai<\/strong>, <strong data-start=\"1102\" data-end=\"1148\"><a href=\"https:\/\/vapestornado.com\/lv\/product\/airmez-fox-120000-puffs-4-flavour-big-puff-disposable-vape-pen-shop-eu-warehouse\/\">Airmez Fox 120K<\/a> pr\u0113mijas p\u0101rdo\u0161anas pe\u013c\u0146as mar\u017eas<\/strong>.<\/p>\n<h2>K\u0101p\u0113c izv\u0113l\u0113ties Vapestornado, lai pirktu vienreiz\u0113j\u0101s lieto\u0161anas vape tie\u0161saist\u0113?<\/h2>\n<div class=\"flex-shrink-0 flex flex-col relative items-end\">\n<div class=\"pt-0\">\n<div class=\"gizmo-bot-avatar flex h-8 w-8 items-center justify-center overflow-hidden rounded-full\">\n<div class=\"relative p-1 rounded-sm flex items-center justify-center bg-token-main-surface-primary text-token-text-primary h-8 w-8\">\n<p data-start=\"136\" data-end=\"686\">Izv\u0113le <strong data-start=\"145\" data-end=\"161\">Vapestornado<\/strong> k\u0101 j\u016bsu uzticams avots <strong data-start=\"193\" data-end=\"227\">Elf Bar Moon Night 40000 pufa<\/strong> tas noz\u012bm\u0113 sadarb\u012bbu ar pieg\u0101d\u0101t\u0101ju, kas patie\u0161\u0101m izprot Eiropas Savien\u012bbas vairumtirdzniec\u012bbas un mazumtirdzniec\u012bbas pras\u012bbas. M\u0113s prioritiz\u0113jam <strong data-start=\"343\" data-end=\"409\">\u0101tru nos\u016bt\u012b\u0161anu, p\u0101rbaud\u012btu kr\u0101jumu un stabilu ilgtermi\u0146a pieg\u0101di<\/strong>, nodro\u0161inot, ka nekad nesaskarsieties ar kr\u0101jumu p\u0101rtraukumiem\u2014\u012bpa\u0161i augsta apjoma prec\u0113m, piem\u0113ram, <a href=\"https:\/\/vapestornado.com\/lv\/product\/airmez-140k-puff-6-in-1-flavor-disposable-vape-wholesale-disposable-vape-pen-eu-warehouse\/\">Airmez 140k 6 in 1 ,<\/a>\u00a0<a href=\"https:\/\/vapestornado.com\/lv\/product\/bang-legend-150000-puffs-6-in-1-flavor-newest-disposable-vape\/\">HiFancy Space 50000, Bang Legend 150k <\/a>Visi produkti ir ieg\u016bti no sertific\u0113tiem kan\u0101liem, dodot jums <strong data-start=\"582\" data-end=\"651\">autentisku kvalit\u0101ti, konsekventu gar\u0161as sniegumu un uzticam\u012bbu<\/strong> kas atbilst Eiropas Savien\u012bbas tirgus pras\u012bb\u0101m.<\/p>\n<\/div>\n<h2>BUJ par Airmez Fox 80000 Puff Bar<\/h2>\n<div class=\"relative p-1 rounded-sm flex items-center justify-center bg-token-main-surface-primary text-token-text-primary h-8 w-8\">\n<p data-start=\"3200\" data-end=\"3383\"><strong data-start=\"3200\" data-end=\"3262\">1. K\u0101 es varu main\u012bt gar\u0161as uz Airmez Fox 80000 Puffs?<\/strong><br data-start=\"3262\" data-end=\"3265\" \/>Ier\u012bce izmanto vienk\u0101r\u0161u divkan\u0101lu sist\u0113mu\u2014lieti izmanto, lai p\u0101rsl\u0113gtu gar\u0161as, izmantojot aug\u0161\u0113jo izv\u0113lni, nemainot ier\u012bces darb\u012bbu.<\/p>\n<p data-start=\"3385\" data-end=\"3533\"><strong data-start=\"3385\" data-end=\"3438\">2. Cik ilgi parasti kalpo Airmez Fox 80k?<\/strong><br data-start=\"3438\" data-end=\"3441\" \/>T\u0101s 80 000 pufa ietilp\u012bba nodro\u0161ina ilgu lieto\u0161anas ciklu, atkar\u012bb\u0101 no individu\u0101laj\u0101m vaping paradumiem.<\/p>\n<p data-start=\"3535\" data-end=\"3651\"><strong data-start=\"3535\" data-end=\"3587\">3. Vai Airmez Fox 80000 atbalsta uzl\u0101di?<\/strong><br data-start=\"3587\" data-end=\"3590\" \/>J\u0101, tas ietver Type-C uzl\u0101des portu un 650mAh akumulatoru.<\/p>\n<p data-start=\"3653\" data-end=\"3769\"><strong data-start=\"3653\" data-end=\"3703\">4. Ko r\u0101da LED displejs?<\/strong><br data-start=\"3703\" data-end=\"3706\" \/>Akumulatora l\u012bmeni un atliku\u0161\u0101s e-\u0161\u0137idruma daudzumu ab\u0101s gar\u0161as kamer\u0101s.<\/p>\n<p data-start=\"3771\" data-end=\"3934\"><strong data-start=\"3771\" data-end=\"3834\">Vai Airmez Fox 80k var nos\u016bt\u012bt no Eiropas Savien\u012bbas noliktavas?<\/strong><br data-start=\"3834\" data-end=\"3837\" \/>J\u0101, vairumtirgot\u0101ji var sa\u0146emt \u0101tru un nodok\u013cu efekt\u012bvu izpildi caur m\u016bsu <strong data-start=\"3912\" data-end=\"3933\">Vape EU Noliktava<\/strong>.<\/p>\n<\/div>\n<\/div>\n<\/div>\n<\/div>","protected":false},"excerpt":{"rendered":"<article class=\"text-token-text-primary w-full focus:outline-none [--shadow-height:45px] has-data-writing-block:pointer-events-none has-data-writing-block:-mt-(--shadow-height) has-data-writing-block:pt-(--shadow-height) [&amp;:has([data-writing-block])&gt;*]:pointer-events-auto [content-visibility:auto] supports-[content-visibility:auto]:[contain-intrinsic-size:auto_100lvh] scroll-mt-[calc(var(--header-height)+min(200px,max(70px,20svh)))]\" dir=\"auto\" tabindex=\"-1\" data-turn-id=\"86ca9d92-7a10-4e6b-bda0-15f9df36adca\" data-testid=\"conversation-turn-120\" data-scroll-anchor=\"true\" data-turn=\"assistant\">\n<div class=\"text-base my-auto mx-auto pb-10 [--thread-content-margin:--spacing(4)] thread-sm:[--thread-content-margin:--spacing(6)] thread-lg:[--thread-content-margin:--spacing(16)] px-(--thread-content-margin)\">\n<div class=\"[--thread-content-max-width:40rem] thread-lg:[--thread-content-max-width:48rem] mx-auto max-w-(--thread-content-max-width) flex-1 group\/turn-messages focus-visible:outline-hidden relative flex w-full min-w-0 flex-col agent-turn\" tabindex=\"-1\">\n<div class=\"flex max-w-full flex-col grow\">\n<div class=\"min-h-8 text-message relative flex w-full flex-col items-end gap-2 text-start break-words whitespace-normal [.text-message+&amp;]:mt-1\" dir=\"auto\" data-message-author-role=\"assistant\" data-message-id=\"43b070d6-bf28-4fbe-8049-1032a61ea3ac\" data-message-model-slug=\"gpt-5\">\n<div class=\"flex w-full flex-col gap-1 empty:hidden first:pt-[1px]\">\n<div class=\"markdown prose dark:prose-invert w-full break-words light markdown-new-styling\">\n<article class=\"text-token-text-primary w-full focus:outline-none [--shadow-height:45px] has-data-writing-block:pointer-events-none has-data-writing-block:-mt-(--shadow-height) has-data-writing-block:pt-(--shadow-height) [&amp;:has([data-writing-block])&gt;*]:pointer-events-auto [content-visibility:auto] supports-[content-visibility:auto]:[contain-intrinsic-size:auto_100lvh] scroll-mt-[calc(var(--header-height)+min(200px,max(70px,20svh)))]\" dir=\"auto\" tabindex=\"-1\" data-turn-id=\"4d6f00b8-d41a-438b-8912-05a895842882\" data-testid=\"conversation-turn-130\" data-scroll-anchor=\"true\" data-turn=\"assistant\">\n<div class=\"text-base my-auto mx-auto pb-10 [--thread-content-margin:--spacing(4)] thread-sm:[--thread-content-margin:--spacing(6)] thread-lg:[--thread-content-margin:--spacing(16)] px-(--thread-content-margin)\">\n<div class=\"[--thread-content-max-width:40rem] thread-lg:[--thread-content-max-width:48rem] mx-auto max-w-(--thread-content-max-width) flex-1 group\/turn-messages focus-visible:outline-hidden relative flex w-full min-w-0 flex-col agent-turn\" tabindex=\"-1\">\n<div class=\"flex max-w-full flex-col grow\">\n<div class=\"min-h-8 text-message relative flex w-full flex-col items-end gap-2 text-start break-words whitespace-normal [.text-message+&amp;]:mt-1\" dir=\"auto\" data-message-author-role=\"assistant\" data-message-id=\"f3c520bf-c043-4392-87ea-b3bf1b3ae6d3\" data-message-model-slug=\"gpt-5-1\">\n<div class=\"flex w-full flex-col gap-1 empty:hidden first:pt-[1px]\">\n<div class=\"markdown prose dark:prose-invert w-full break-words light markdown-new-styling\">\n<p>Airmez Fox 80000 puffs 2-in-1 krist\u0101la vape \u2013 lab\u0101kais 80k vairumtirdzniec\u012bba no EU noliktavas<br \/>\nAirmez Fox 80k dubult\u0101s gar\u0161as vienreiz\u0113j\u0101 vape \u2013 lielapjoma pirkums gatavs Eirop\u0101<br \/>\nAirmez Fox 80000 puffs dubult\u0101s gar\u0161as krist\u0101la vienreiz\u0113j\u0101 pildspalva \u2013 EU noliktavas kr\u0101jumi<\/p>\n<\/div>\n<\/div>\n<\/div>\n<\/div>\n<\/div>\n<\/div>\n<\/article>\n<\/div>\n<\/div>\n<\/div>\n<\/div>\n<\/div>\n<\/div>\n<\/article>\n<p><img fetchpriority=\"high\" decoding=\"async\" class=\"size-full wp-image-2932\" src=\"https:\/\/vapestornado.com\/wp-content\/uploads\/2024\/12\/Vape-Wholesale.jpg\" alt=\"Veipu Vairumtirdzniec\u012bba\" width=\"229\" height=\"300\" \/><\/p>\n<h3><a href=\"https:\/\/wa.me\/8617776015835\"><span style=\"color: #ff0000;\"><strong>WhatsApp: +86 17776015835<\/strong><\/span><\/a><\/h3>\n<p>&nbsp;<\/p>","protected":false},"featured_media":4604,"comment_status":"open","ping_status":"closed","template":"","meta":{"_acf_changed":false,"_uag_custom_page_level_css":"","_lmt_disableupdate":"no","_lmt_disable":"","_monsterinsights_skip_tracking":false,"_monsterinsights_sitenote_active":false,"_monsterinsights_sitenote_note":"","_monsterinsights_sitenote_category":0,"site-sidebar-layout":"default","site-content-layout":"","ast-site-content-layout":"default","site-content-style":"default","site-sidebar-style":"default","ast-global-header-display":"","ast-banner-title-visibility":"","ast-main-header-display":"","ast-hfb-above-header-display":"","ast-hfb-below-header-display":"","ast-hfb-mobile-header-display":"","site-post-title":"","ast-breadcrumbs-content":"","ast-featured-img":"","footer-sml-layout":"","ast-disable-related-posts":"","theme-transparent-header-meta":"default","adv-header-id-meta":"","stick-header-meta":"","header-above-stick-meta":"","header-main-stick-meta":"","header-below-stick-meta":"","astra-migrate-meta-layouts":"set","ast-page-background-enabled":"default","ast-page-background-meta":{"desktop":{"background-color":"","background-image":"","background-repeat":"repeat","background-position":"center center","background-size":"auto","background-attachment":"scroll","background-type":"","background-media":"","overlay-type":"","overlay-color":"","overlay-opacity":"","overlay-gradient":""},"tablet":{"background-color":"","background-image":"","background-repeat":"repeat","background-position":"center center","background-size":"auto","background-attachment":"scroll","background-type":"","background-media":"","overlay-type":"","overlay-color":"","overlay-opacity":"","overlay-gradient":""},"mobile":{"background-color":"","background-image":"","background-repeat":"repeat","background-position":"center center","background-size":"auto","background-attachment":"scroll","background-type":"","background-media":"","overlay-type":"","overlay-color":"","overlay-opacity":"","overlay-gradient":""}},"ast-content-background-meta":{"desktop":{"background-color":"var(--ast-global-color-5)","background-image":"","background-repeat":"repeat","background-position":"center center","background-size":"auto","background-attachment":"scroll","background-type":"","background-media":"","overlay-type":"","overlay-color":"","overlay-opacity":"","overlay-gradient":""},"tablet":{"background-color":"var(--ast-global-color-5)","background-image":"","background-repeat":"repeat","background-position":"center center","background-size":"auto","background-attachment":"scroll","background-type":"","background-media":"","overlay-type":"","overlay-color":"","overlay-opacity":"","overlay-gradient":""},"mobile":{"background-color":"var(--ast-global-color-5)","background-image":"","background-repeat":"repeat","background-position":"center center","background-size":"auto","background-attachment":"scroll","background-type":"","background-media":"","overlay-type":"","overlay-color":"","overlay-opacity":"","overlay-gradient":""}},"_joinchat":{"telephone":"17776015835"}},"product_brand":[],"product_cat":[149,150,151,152,144],"product_tag":[460,458,459,105,446,436,451,455],"class_list":{"0":"post-4603","1":"product","2":"type-product","3":"status-publish","4":"has-post-thumbnail","6":"product_cat-buy-disposable-vapes-in-austria","7":"product_cat-buy-disposable-vapes-in-belgium","8":"product_cat-buy-disposable-vapes-in-france","9":"product_cat-buy-disposable-vapes-in-cermany","10":"product_cat-low-nicotine-disposable-vapes","11":"product_tag-80k-puff-vape","12":"product_tag-airmez-fox-80000","13":"product_tag-airmez-fox-80k","14":"product_tag-digital-disposable-vape","15":"product_tag-disposable-vape-kit","16":"product_tag-shop-vape-online","17":"product_tag-vape-free-shipping","18":"product_tag-vape-pen-eu-warehouse","19":"desktop-align-left","20":"tablet-align-left","21":"mobile-align-left","23":"first","24":"instock","25":"sale","26":"shipping-taxable","27":"purchasable","28":"product-type-simple"},"acf":[],"uagb_featured_image_src":{"full":["https:\/\/vapestornado.com\/wp-content\/uploads\/2025\/11\/80K-Puffs-Double-Taste-LED-Display-Disposable-Vape-Airmez.webp",800,800,false],"thumbnail":["https:\/\/vapestornado.com\/wp-content\/uploads\/2025\/11\/80K-Puffs-Double-Taste-LED-Display-Disposable-Vape-Airmez-150x150.webp",150,150,true],"medium":["https:\/\/vapestornado.com\/wp-content\/uploads\/2025\/11\/80K-Puffs-Double-Taste-LED-Display-Disposable-Vape-Airmez-300x300.webp",300,300,true],"medium_large":["https:\/\/vapestornado.com\/wp-content\/uploads\/2025\/11\/80K-Puffs-Double-Taste-LED-Display-Disposable-Vape-Airmez-768x768.webp",768,768,true],"large":["https:\/\/vapestornado.com\/wp-content\/uploads\/2025\/11\/80K-Puffs-Double-Taste-LED-Display-Disposable-Vape-Airmez.webp",800,800,false],"1536x1536":["https:\/\/vapestornado.com\/wp-content\/uploads\/2025\/11\/80K-Puffs-Double-Taste-LED-Display-Disposable-Vape-Airmez.webp",800,800,false],"2048x2048":["https:\/\/vapestornado.com\/wp-content\/uploads\/2025\/11\/80K-Puffs-Double-Taste-LED-Display-Disposable-Vape-Airmez.webp",800,800,false],"trp-custom-language-flag":["https:\/\/vapestornado.com\/wp-content\/uploads\/2025\/11\/80K-Puffs-Double-Taste-LED-Display-Disposable-Vape-Airmez-12x12.webp",12,12,true],"woocommerce_thumbnail":["https:\/\/vapestornado.com\/wp-content\/uploads\/2025\/11\/80K-Puffs-Double-Taste-LED-Display-Disposable-Vape-Airmez-300x300.webp",300,300,true],"woocommerce_single":["https:\/\/vapestornado.com\/wp-content\/uploads\/2025\/11\/80K-Puffs-Double-Taste-LED-Display-Disposable-Vape-Airmez-600x600.webp",600,600,true],"woocommerce_gallery_thumbnail":["https:\/\/vapestornado.com\/wp-content\/uploads\/2025\/11\/80K-Puffs-Double-Taste-LED-Display-Disposable-Vape-Airmez-100x100.webp",100,100,true]},"uagb_author_info":{"display_name":"ESAMY","author_link":"https:\/\/vapestornado.com\/lv\/author\/"},"uagb_comment_info":0,"uagb_excerpt":"Airmez Fox 80000 Puffs 2-in-1 Crystal Vape \u2013 Best 80k Wholesale from EU Warehouse Airmez Fox 80k Dual Flavor Disposable Vape \u2013 Bulk Buy Ready in Europe Airmez Fox 80000 Puffs Double Flavor Crystal Disposable Pen \u2013 EU Warehouse Stock WhatsApp: +86 17776015835 &nbsp;","_links":{"self":[{"href":"https:\/\/vapestornado.com\/lv\/wp-json\/wp\/v2\/product\/4603","targetHints":{"allow":["GET"]}}],"collection":[{"href":"https:\/\/vapestornado.com\/lv\/wp-json\/wp\/v2\/product"}],"about":[{"href":"https:\/\/vapestornado.com\/lv\/wp-json\/wp\/v2\/types\/product"}],"replies":[{"embeddable":true,"href":"https:\/\/vapestornado.com\/lv\/wp-json\/wp\/v2\/comments?post=4603"}],"wp:featuredmedia":[{"embeddable":true,"href":"https:\/\/vapestornado.com\/lv\/wp-json\/wp\/v2\/media\/4604"}],"wp:attachment":[{"href":"https:\/\/vapestornado.com\/lv\/wp-json\/wp\/v2\/media?parent=4603"}],"wp:term":[{"taxonomy":"product_brand","embeddable":true,"href":"https:\/\/vapestornado.com\/lv\/wp-json\/wp\/v2\/product_brand?post=4603"},{"taxonomy":"product_cat","embeddable":true,"href":"https:\/\/vapestornado.com\/lv\/wp-json\/wp\/v2\/product_cat?post=4603"},{"taxonomy":"product_tag","embeddable":true,"href":"https:\/\/vapestornado.com\/lv\/wp-json\/wp\/v2\/product_tag?post=4603"}],"curies":[{"name":"wp","href":"https:\/\/api.w.org\/{rel}","templated":true}]}}