{"id":4602,"date":"2025-11-26T09:30:42","date_gmt":"2025-11-26T09:30:42","guid":{"rendered":"https:\/\/vapestornado.com\/?post_type=product&#038;p=4602"},"modified":"2025-11-26T09:38:13","modified_gmt":"2025-11-26T09:38:13","slug":"airmez-140k-puff-6-in-1-flavor-disposable-vape-wholesale-disposable-vape-pen-eu-warehouse","status":"publish","type":"product","link":"https:\/\/vapestornado.com\/lv\/product\/airmez-140k-puff-6-in-1-flavor-disposable-vape-wholesale-disposable-vape-pen-eu-warehouse\/","title":{"rendered":"Airmez 140k P\u016b\u013cu 6-in-1 Gar\u0161u Vienreiz\u0113j\u0101s lieto\u0161anas Vape Vairumtirdzniec\u012bbas Vienreiz\u0113j\u0101s lieto\u0161anas Vape Pildspalva EU Noliktava"},"content":{"rendered":"<h2 data-pm-slice=\"1 1 []\">Airmez 140k P\u016b\u013cu \u2013 6-in-1 Liela P\u016b\u013ca Vienreiz\u0113j\u0101s lieto\u0161anas Vape Pildspalva EU Noliktava<\/h2>\n<p data-start=\"636\" data-end=\"1125\">T\u0101 <strong data-start=\"640\" data-end=\"660\">Airmez 140k P\u016b\u013cu<\/strong> izstr\u0101d\u0101ta vairumtirdzniec\u012bbas pirc\u0113jiem, kas v\u0113las augstas klases produktu <strong data-start=\"711\" data-end=\"739\">Lielais P\u016b\u0161 Disposabls Vape<\/strong> ar patiesu daudzgar\u0161u elast\u012bbu un uzticamu veiktsp\u0113ju. \u0160\u012b ier\u012bce integr\u0113 <strong data-start=\"824\" data-end=\"852\">se\u0161as jauktas aug\u013cu gar\u0161as<\/strong> vis\u0101 <strong data-start=\"860\" data-end=\"880\">tr\u012bs 15ml tvertn\u0113s<\/strong>, dodot lietot\u0101jiem kop\u0113jo <strong data-start=\"903\" data-end=\"920\">45ml ietilp\u012bbu<\/strong> ko atbalsta <strong data-start=\"934\" data-end=\"953\">1,0 \u03a9 sieta spoles<\/strong> t\u012brai, konsekventai gar\u0161as pieg\u0101dei. Ar izlaidi, kas paredz\u0113ta ilgtermi\u0146a lieto\u0161anai, <strong data-start=\"1039\" data-end=\"1061\">Airmez 140000 P\u016b\u013cu<\/strong> izce\u013cas tirgos, kas pieprasa iztur\u012bbu un gar\u0161u daudzveid\u012bbu.<\/p>\n<p data-start=\"1127\" data-end=\"1481\">Rot\u0113jo\u0161a mute\u0146a \u013cauj lietot\u0101jiem nekav\u0113joties main\u012bt gar\u0161as, padarot Airmez 140k P\u016b\u013cu par vienu no praktisk\u0101kaj\u0101m <strong data-start=\"1249\" data-end=\"1276\">regul\u0113jamiem gar\u0161as vape<\/strong> sav\u0101 kategorij\u0101. Liels LED displejs r\u0101da p\u016b\u013cu skaitu, akumulatora l\u012bmeni un akt\u012bv\u0101s gar\u0161as l\u012bnijas\u2014padarot ier\u012bci viegl\u0101k p\u0101rvald\u0101mu ikdienas lietot\u0101jiem un samazinot klientu apkalpo\u0161anas probl\u0113mas mazumtirgot\u0101jiem.<\/p>\n<p data-start=\"1483\" data-end=\"1941\">Darbojas ar <strong data-start=\"1496\" data-end=\"1534\">650 mAh Type-C uzl\u0101d\u0113jams akumulators<\/strong>, Airmez 140k P\u016b\u0161\u013cu stabila veiktsp\u0113ja ilgsto\u0161\u0101s sesij\u0101s. Izplat\u012bt\u0101jiem un mazumtirgot\u0101jiem iesp\u0113ja <strong data-start=\"1659\" data-end=\"1680\">Iep\u0113rcies Eiropas noliktav\u0101<\/strong> sasniedz \u0101tr\u0101ku pieg\u0101di, bez nodok\u013ciem p\u0101rvietoties Eiropas Savien\u012bb\u0101 un nodro\u0161in\u0101t uzticamu kr\u0101jumu pieejam\u012bbu. \u0160is modelis labi darbojas 25\u201335 gadus vecu v\u012brie\u0161u pat\u0113r\u0113t\u0101ju grup\u0101s vis\u0101 Eirop\u0101, pateicoties t\u0101 stiprajai p\u016b\u0161\u013cu v\u0113rt\u0113jumam, drosm\u012bgaj\u0101m gar\u0161u kombin\u0101cij\u0101m un iztur\u012bgajam, ce\u013co\u0161anai draudz\u012bgajam dizainam.<\/p>\n<p data-start=\"1943\" data-end=\"2251\">T\u0101 <strong data-start=\"1947\" data-end=\"1969\">Airmez 140000 P\u016b\u013cu<\/strong> ir piem\u0113rots mazumtirgot\u0101jiem, kuriem nepiecie\u0161ama augstas kvalit\u0101tes vienreiz\u0113j\u0101 pildspalva ar augstu klientu atgrie\u0161an\u0101s l\u012bmeni, \u012bpa\u0161i tiem, kas fokus\u0113jas uz aug\u013cu mais\u012bjumiem un daudzgar\u0161u ier\u012bc\u0113m. Vairumtirdzniec\u012bbas iepakojums nodro\u0161ina vieglu uzglab\u0101\u0161anu un efekt\u012bvu izplat\u012b\u0161anu, padarot to par ide\u0101lu visp\u0101r\u0113ju SKU Eiropas vape veikaliem.<\/p>\n<p data-start=\"666\" data-end=\"1235\"><strong style=\"font-size: 16px;\"><span style=\"color: #ff0000;\">Pievienojiet Amy WhatsApp, lai sa\u0146emtu t\u016bl\u012bt\u0113ju atbildi un atlai\u017eu cenu!<\/span><\/strong><\/p>\n<p><img fetchpriority=\"high\" decoding=\"async\" class=\"size-full wp-image-2932\" src=\"https:\/\/vapestornado.com\/wp-content\/uploads\/2024\/12\/Vape-Wholesale.jpg\" alt=\"Veipu Vairumtirdzniec\u012bba\" width=\"229\" height=\"300\" \/><\/p>\n<h3><a href=\"https:\/\/wa.me\/8617776015835\" target=\"_blank\" rel=\"noopener\"><span style=\"color: #ff0000;\"><strong>WhatsApp: +86 17776015835<\/strong><\/span><\/a><\/h3>\n<p>&nbsp;<\/p>\n<h2><strong>Airmez 140k P\u016b\u0161\u013cu Vienreiz\u0113j\u0101s Vape Gar\u0161u Saraksts<\/strong><\/h2>\n<ol data-start=\"2293\" data-end=\"2788\">\n<li data-start=\"2293\" data-end=\"2327\">\n<p data-start=\"2296\" data-end=\"2327\">\u0136irsis \/ Kolas ledus \/ Mango ledus<\/p>\n<\/li>\n<li data-start=\"2328\" data-end=\"2387\">\n<p data-start=\"2331\" data-end=\"2387\">Dragons\u0113kla ledus \/ Aug\u013cu sajaukums \/ Raspberiju arb\u016bzs<\/p>\n<\/li>\n<li data-start=\"2388\" data-end=\"2432\">\n<p data-start=\"2391\" data-end=\"2432\">M\u012blest\u012bba 66 \/ Og\u013cu Lemon\u0101de \/ Fizz \u0137irsis<\/p>\n<\/li>\n<li data-start=\"2433\" data-end=\"2487\">\n<p data-start=\"2436\" data-end=\"2487\">Sajaukt\u0101s ogas \/ Zil\u0101 Razz Lemon\u0101de \/ \u0136irsis ogu<\/p>\n<\/li>\n<li data-start=\"2488\" data-end=\"2532\">\n<p data-start=\"2491\" data-end=\"2532\">M\u012blest\u012bba 66 \/ Zeme\u0146u Kivi \/ Persiku Mango<\/p>\n<\/li>\n<li data-start=\"2533\" data-end=\"2569\">\n<p data-start=\"2536\" data-end=\"2569\">Persiku ledus \/ Mango ledus \/ Dr Blue<\/p>\n<\/li>\n<li data-start=\"2570\" data-end=\"2629\">\n<p data-start=\"2573\" data-end=\"2629\">Zeme\u0146u ban\u0101ns \/ Vimto \/ Zeme\u0146u \u0137ir\u0161u kr\u016bmmellenes<\/p>\n<\/li>\n<li data-start=\"2630\" data-end=\"2679\">\n<p data-start=\"2633\" data-end=\"2679\">Zeme\u0146u ledus \/ Roz\u0101 Lemon\u0101de \/ Bingo Crush<\/p>\n<\/li>\n<li data-start=\"2680\" data-end=\"2737\">\n<p data-start=\"2683\" data-end=\"2737\">Arb\u016bza ledus \/ Tr\u012bs melones \/ Zil\u0101 Razz ledus<\/p>\n<\/li>\n<li data-start=\"2738\" data-end=\"2788\">\n<p data-start=\"2742\" data-end=\"2788\">Arb\u016bza ledus \/ Bingo Crush \/ Sajaukt\u0101s ogas<\/p>\n<\/li>\n<\/ol>\n<figure id=\"attachment_4599\" aria-describedby=\"caption-attachment-4599\" style=\"width: 800px\" class=\"wp-caption alignnone\"><img decoding=\"async\" class=\"wp-image-4599 size-full\" src=\"https:\/\/vapestornado.com\/wp-content\/uploads\/2025\/11\/Airmez-Fox-6-in-1-140K-Puffs-Vapes-Bulk-Buy-Price.webp\" alt=\"Airmez Fox 6 in 1 140K P\u016b\u0161\u013cu Vienreiz\u0113j\u0101s Vape Partijas Cena\" width=\"800\" height=\"800\" srcset=\"https:\/\/vapestornado.com\/wp-content\/uploads\/2025\/11\/Airmez-Fox-6-in-1-140K-Puffs-Vapes-Bulk-Buy-Price.webp 800w, https:\/\/vapestornado.com\/wp-content\/uploads\/2025\/11\/Airmez-Fox-6-in-1-140K-Puffs-Vapes-Bulk-Buy-Price-300x300.webp 300w, https:\/\/vapestornado.com\/wp-content\/uploads\/2025\/11\/Airmez-Fox-6-in-1-140K-Puffs-Vapes-Bulk-Buy-Price-150x150.webp 150w, https:\/\/vapestornado.com\/wp-content\/uploads\/2025\/11\/Airmez-Fox-6-in-1-140K-Puffs-Vapes-Bulk-Buy-Price-768x768.webp 768w, https:\/\/vapestornado.com\/wp-content\/uploads\/2025\/11\/Airmez-Fox-6-in-1-140K-Puffs-Vapes-Bulk-Buy-Price-12x12.webp 12w, https:\/\/vapestornado.com\/wp-content\/uploads\/2025\/11\/Airmez-Fox-6-in-1-140K-Puffs-Vapes-Bulk-Buy-Price-600x600.webp 600w, https:\/\/vapestornado.com\/wp-content\/uploads\/2025\/11\/Airmez-Fox-6-in-1-140K-Puffs-Vapes-Bulk-Buy-Price-100x100.webp 100w\" sizes=\"(max-width: 800px) 100vw, 800px\" \/><figcaption id=\"caption-attachment-4599\" class=\"wp-caption-text\">Airmez Fox 6 in 1 140K P\u016b\u0161\u013cu Vienreiz\u0113j\u0101s Vape Partijas Cena<\/figcaption><\/figure>\n<h2><strong>Kas padara Airmez 140k P\u016b\u0161\u013cu Vienreiz\u0113jo Vape pildspalvu izce\u013camu?<\/strong><\/h2>\n<ul data-start=\"2835\" data-end=\"3319\">\n<li data-start=\"2835\" data-end=\"2886\">\n<p data-start=\"2837\" data-end=\"2886\"><strong data-start=\"2837\" data-end=\"2863\">140 000 p\u016b\u0161\u013cu iztur\u012bba<\/strong> ilgtermi\u0146a lieto\u0161anai.<\/p>\n<\/li>\n<li data-start=\"2887\" data-end=\"2945\">\n<p data-start=\"2889\" data-end=\"2945\"><strong data-start=\"2889\" data-end=\"2910\">Se\u0161i gar\u0161u re\u017e\u012bmi<\/strong> vad\u012bti ar rot\u0113jo\u0161u mutei.<\/p>\n<\/li>\n<li data-start=\"2946\" data-end=\"2990\">\n<p data-start=\"2948\" data-end=\"2990\"><strong data-start=\"2948\" data-end=\"2965\">45ml ietilp\u012bbu<\/strong> no tr\u012bs 15ml tvertn\u0113m.<\/p>\n<\/li>\n<li data-start=\"2991\" data-end=\"3051\">\n<p data-start=\"2993\" data-end=\"3051\"><strong data-start=\"2993\" data-end=\"3011\">1,0 \u03a9 sieta spole<\/strong> l\u012bdzsvarotam gar\u0161as un tvaika bl\u012bvumam.<\/p>\n<\/li>\n<li data-start=\"3052\" data-end=\"3118\">\n<p data-start=\"3054\" data-end=\"3118\"><strong data-start=\"3054\" data-end=\"3069\">LED displejs<\/strong> r\u0101da p\u016btiena skaitu, gar\u0161as zonu un akumulatoru.<\/p>\n<\/li>\n<li data-start=\"3119\" data-end=\"3190\">\n<p data-start=\"3121\" data-end=\"3190\"><strong data-start=\"3121\" data-end=\"3159\">650 mAh Type-C uzl\u0101d\u0113jams akumulators<\/strong> izgatavots konsekventai jaudas nodro\u0161in\u0101\u0161anai.<\/p>\n<\/li>\n<li data-start=\"3191\" data-end=\"3248\">\n<p data-start=\"3193\" data-end=\"3248\"><strong data-start=\"3193\" data-end=\"3222\">Sajaukto aug\u013cu gar\u0161as fokuss<\/strong> pla\u0161am tirgus piepras\u012bjumam.<\/p>\n<\/li>\n<li data-start=\"3249\" data-end=\"3319\">\n<p data-start=\"3251\" data-end=\"3319\"><strong data-start=\"3251\" data-end=\"3282\">Kompakta vienreiz lietojama vape pildspalva<\/strong> ide\u0101ls Eiropas vairumtirdzniec\u012bbas oper\u0101cij\u0101m.<\/p>\n<\/li>\n<\/ul>\n<h2>K\u0101p\u0113c izv\u0113l\u0113ties Vapestornado, lai pirktu vienreiz\u0113j\u0101s lieto\u0161anas vape tie\u0161saist\u0113?<\/h2>\n<div class=\"flex-shrink-0 flex flex-col relative items-end\">\n<div class=\"pt-0\">\n<div class=\"gizmo-bot-avatar flex h-8 w-8 items-center justify-center overflow-hidden rounded-full\">\n<div class=\"relative p-1 rounded-sm flex items-center justify-center bg-token-main-surface-primary text-token-text-primary h-8 w-8\">\n<p data-start=\"648\" data-end=\"799\">Izv\u0113le <strong data-start=\"189\" data-end=\"205\">Vapestornado<\/strong> k\u0101 j\u016bsu pieg\u0101d\u0101t\u0101js <strong data-start=\"227\" data-end=\"261\">Elf Bar Moon Night 40000 pufa<\/strong> noz\u012bm\u0113 nodro\u0161in\u0101t partneri, kas saprot Eiropas Savien\u012bbas vairumtirgot\u0101ju un mazumtirgot\u0101ju vajadz\u012bbas. M\u0113s koncentr\u0113jamies uz \u0101tru pieg\u0101di, p\u0101rbaud\u012btu kr\u0101jumu un stabilu ilgtermi\u0146a pieg\u0101di \u2014 galvenie faktori uz\u0146\u0113mumiem, kas p\u0101rdod lielu apjomu produktus, piem\u0113ram, <strong data-start=\"489\" data-end=\"515\">Elf Bar Moon Night 40K<\/strong>. Katrs partijas ir tie\u0161i ieg\u016bts no sertific\u0113tiem kan\u0101liem, nodro\u0161inot autentiskus produktus, stipru gar\u0161as konsekvenci un uzticamu kvalit\u0101ti, kas atbilst ES pirc\u0113ju gaid\u0101m.<\/p>\n<p data-start=\"559\" data-end=\"933\" data-is-last-node=\"\" data-is-only-node=\"\">M\u0113s ar\u012b pied\u0101v\u0101jam da\u017eus citus popul\u0101rus vienreiz\u0113jos vape ar ekr\u0101nu, piem\u0113ram, <a href=\"https:\/\/vapestornado.com\/lv\/product\/hifancy-dream-45k-45000-puffs-disposable-vape-kit-fast-shipping-from-eu-warehouse\/\">Hifancy Dream 45k vape<\/a>, <a href=\"https:\/\/vapestornado.com\/lv\/product\/elf-bar-moon-night-40000-puffs-disposable-vape-germany-wholesale\/\">ELF BAR M\u0113ness Nakts 40000 Vape<\/a>, <a href=\"https:\/\/vapestornado.com\/lv\/product\/uor-120000-puff-120k-4-flavors-rechargeable-disposable-vape-shop-online\/\">UOR 120000 PUFF 4 in 1<\/a>, un citi.<\/p>\n<p data-start=\"559\" data-end=\"933\" data-is-last-node=\"\" data-is-only-node=\"\">\n<\/div>\n<h2>BUJ par Airmez 140k Puf<\/h2>\n<div class=\"relative p-1 rounded-sm flex items-center justify-center bg-token-main-surface-primary text-token-text-primary h-8 w-8\">\n<p data-start=\"3356\" data-end=\"3475\"><strong data-start=\"3356\" data-end=\"3412\">1. K\u0101 es p\u0101rsl\u0113dzu gar\u0161as uz Airmez 140k Puf?<\/strong><br data-start=\"3412\" data-end=\"3415\" \/>Pagrieziet mutei\u0146u, lai p\u0101rsl\u0113gtos starp se\u0161iem gar\u0161as re\u017e\u012bmiem.<\/p>\n<p data-start=\"3477\" data-end=\"3641\"><strong data-start=\"3477\" data-end=\"3536\">2. Cik ilgi parasti kalpo 140000-puf ier\u012bce?<\/strong><br data-start=\"3536\" data-end=\"3539\" \/>Izmanto\u0161ana at\u0161\u0137iras, bet liel\u0101k\u0101 da\u013ca lietot\u0101ju g\u016bst labumu no iev\u0113rojami ilg\u0101kas kalpo\u0161anas laika, pateicoties t\u0101s augstajam p\u016btienu skaitam.<\/p>\n<p data-start=\"3643\" data-end=\"3754\"><strong data-start=\"3643\" data-end=\"3689\">3. Vai Airmez 140000 Puf ir uzl\u0101d\u0113jams?<\/strong><br data-start=\"3689\" data-end=\"3692\" \/>J\u0101, tas ir apr\u012bkots ar Type-C uzl\u0101des portu un 650mAh akumulatoru.<\/p>\n<p data-start=\"3756\" data-end=\"3905\"><strong data-start=\"3756\" data-end=\"3814\">4. Vai ekr\u0101ns r\u0101da p\u016btiena skaitu un akumulatora statusu?<\/strong><br data-start=\"3814\" data-end=\"3817\" \/>LED displejs nodro\u0161ina re\u0101llaika p\u016btiena uzskaiti, akumulatora l\u012bmeni un gar\u0161as indik\u0101ciju.<\/p>\n<p data-start=\"3907\" data-end=\"4052\"><strong data-start=\"3907\" data-end=\"3963\">5. Vai es varu pas\u016bt\u012bt Airmez 140k Puf vien\u012bbas no Eiropas kr\u0101jumiem?<\/strong><br data-start=\"3963\" data-end=\"3966\" \/>J\u0101, m\u016bsu <strong data-start=\"3975\" data-end=\"3996\">Iep\u0113rcies Eiropas noliktav\u0101<\/strong> pakalpojums nodro\u0161ina \u0101tru, beznodok\u013cu pieg\u0101di vis\u0101 Eirop\u0101.<\/p>\n<\/div>\n<\/div>\n<\/div>\n<\/div>","protected":false},"excerpt":{"rendered":"<article class=\"text-token-text-primary w-full focus:outline-none [--shadow-height:45px] has-data-writing-block:pointer-events-none has-data-writing-block:-mt-(--shadow-height) has-data-writing-block:pt-(--shadow-height) [&amp;:has([data-writing-block])&gt;*]:pointer-events-auto [content-visibility:auto] supports-[content-visibility:auto]:[contain-intrinsic-size:auto_100lvh] scroll-mt-[calc(var(--header-height)+min(200px,max(70px,20svh)))]\" dir=\"auto\" tabindex=\"-1\" data-turn-id=\"86ca9d92-7a10-4e6b-bda0-15f9df36adca\" data-testid=\"conversation-turn-120\" data-scroll-anchor=\"true\" data-turn=\"assistant\">\n<div class=\"text-base my-auto mx-auto pb-10 [--thread-content-margin:--spacing(4)] thread-sm:[--thread-content-margin:--spacing(6)] thread-lg:[--thread-content-margin:--spacing(16)] px-(--thread-content-margin)\">\n<div class=\"[--thread-content-max-width:40rem] thread-lg:[--thread-content-max-width:48rem] mx-auto max-w-(--thread-content-max-width) flex-1 group\/turn-messages focus-visible:outline-hidden relative flex w-full min-w-0 flex-col agent-turn\" tabindex=\"-1\">\n<div class=\"flex max-w-full flex-col grow\">\n<div class=\"min-h-8 text-message relative flex w-full flex-col items-end gap-2 text-start break-words whitespace-normal [.text-message+&amp;]:mt-1\" dir=\"auto\" data-message-author-role=\"assistant\" data-message-id=\"43b070d6-bf28-4fbe-8049-1032a61ea3ac\" data-message-model-slug=\"gpt-5\">\n<div class=\"flex w-full flex-col gap-1 empty:hidden first:pt-[1px]\">\n<div class=\"markdown prose dark:prose-invert w-full break-words light markdown-new-styling\">\n<article class=\"text-token-text-primary w-full focus:outline-none [--shadow-height:45px] has-data-writing-block:pointer-events-none has-data-writing-block:-mt-(--shadow-height) has-data-writing-block:pt-(--shadow-height) [&amp;:has([data-writing-block])&gt;*]:pointer-events-auto [content-visibility:auto] supports-[content-visibility:auto]:[contain-intrinsic-size:auto_100lvh] scroll-mt-[calc(var(--header-height)+min(200px,max(70px,20svh)))]\" dir=\"auto\" tabindex=\"-1\" data-turn-id=\"4d6f00b8-d41a-438b-8912-05a895842882\" data-testid=\"conversation-turn-130\" data-scroll-anchor=\"true\" data-turn=\"assistant\">\n<div class=\"text-base my-auto mx-auto pb-10 [--thread-content-margin:--spacing(4)] thread-sm:[--thread-content-margin:--spacing(6)] thread-lg:[--thread-content-margin:--spacing(16)] px-(--thread-content-margin)\">\n<div class=\"[--thread-content-max-width:40rem] thread-lg:[--thread-content-max-width:48rem] mx-auto max-w-(--thread-content-max-width) flex-1 group\/turn-messages focus-visible:outline-hidden relative flex w-full min-w-0 flex-col agent-turn\" tabindex=\"-1\">\n<div class=\"flex max-w-full flex-col grow\">\n<div class=\"min-h-8 text-message relative flex w-full flex-col items-end gap-2 text-start break-words whitespace-normal [.text-message+&amp;]:mt-1\" dir=\"auto\" data-message-author-role=\"assistant\" data-message-id=\"f3c520bf-c043-4392-87ea-b3bf1b3ae6d3\" data-message-model-slug=\"gpt-5-1\">\n<div class=\"flex w-full flex-col gap-1 empty:hidden first:pt-[1px]\">\n<div class=\"markdown prose dark:prose-invert w-full break-words light markdown-new-styling\">\n<p>Airmez 140k P\u016b\u013cu 6-in-1 Vienreiz\u0113j\u0101s lieto\u0161anas Vape Pildspalva \u2013 Liela P\u016b\u013ca Ier\u012bce ar EU Noliktavas Kr\u0101jumiem<br \/>\nAirmez 140000 P\u016b\u013cu Regul\u0113jama Gar\u0161u Vape \u2013 Vairumtirdzniec\u012bbas Gatavs Eirop\u0101<br \/>\nAirmez 140k P\u016b\u013cu 6-Gar\u0161u Vienreiz\u0113j\u0101s lieto\u0161anas Pildspalva \u2013 Pirk\u0161ana Liel\u0101 Apjom\u0101 no EU Noliktavas<\/p>\n<\/div>\n<\/div>\n<\/div>\n<\/div>\n<\/div>\n<\/div>\n<\/article>\n<\/div>\n<\/div>\n<\/div>\n<\/div>\n<\/div>\n<\/div>\n<\/article>\n<p><img fetchpriority=\"high\" decoding=\"async\" class=\"size-full wp-image-2932\" src=\"https:\/\/vapestornado.com\/wp-content\/uploads\/2024\/12\/Vape-Wholesale.jpg\" alt=\"Veipu Vairumtirdzniec\u012bba\" width=\"229\" height=\"300\" \/><\/p>\n<h3><a href=\"https:\/\/wa.me\/8617776015835\"><span style=\"color: #ff0000;\"><strong>WhatsApp: +86 17776015835<\/strong><\/span><\/a><\/h3>\n<p>&nbsp;<\/p>","protected":false},"featured_media":4598,"comment_status":"open","ping_status":"closed","template":"","meta":{"_acf_changed":false,"_uag_custom_page_level_css":"","_lmt_disableupdate":"no","_lmt_disable":"","_monsterinsights_skip_tracking":false,"_monsterinsights_sitenote_active":false,"_monsterinsights_sitenote_note":"","_monsterinsights_sitenote_category":0,"site-sidebar-layout":"default","site-content-layout":"","ast-site-content-layout":"default","site-content-style":"default","site-sidebar-style":"default","ast-global-header-display":"","ast-banner-title-visibility":"","ast-main-header-display":"","ast-hfb-above-header-display":"","ast-hfb-below-header-display":"","ast-hfb-mobile-header-display":"","site-post-title":"","ast-breadcrumbs-content":"","ast-featured-img":"","footer-sml-layout":"","ast-disable-related-posts":"","theme-transparent-header-meta":"default","adv-header-id-meta":"","stick-header-meta":"","header-above-stick-meta":"","header-main-stick-meta":"","header-below-stick-meta":"","astra-migrate-meta-layouts":"set","ast-page-background-enabled":"default","ast-page-background-meta":{"desktop":{"background-color":"","background-image":"","background-repeat":"repeat","background-position":"center center","background-size":"auto","background-attachment":"scroll","background-type":"","background-media":"","overlay-type":"","overlay-color":"","overlay-opacity":"","overlay-gradient":""},"tablet":{"background-color":"","background-image":"","background-repeat":"repeat","background-position":"center center","background-size":"auto","background-attachment":"scroll","background-type":"","background-media":"","overlay-type":"","overlay-color":"","overlay-opacity":"","overlay-gradient":""},"mobile":{"background-color":"","background-image":"","background-repeat":"repeat","background-position":"center center","background-size":"auto","background-attachment":"scroll","background-type":"","background-media":"","overlay-type":"","overlay-color":"","overlay-opacity":"","overlay-gradient":""}},"ast-content-background-meta":{"desktop":{"background-color":"var(--ast-global-color-5)","background-image":"","background-repeat":"repeat","background-position":"center center","background-size":"auto","background-attachment":"scroll","background-type":"","background-media":"","overlay-type":"","overlay-color":"","overlay-opacity":"","overlay-gradient":""},"tablet":{"background-color":"var(--ast-global-color-5)","background-image":"","background-repeat":"repeat","background-position":"center center","background-size":"auto","background-attachment":"scroll","background-type":"","background-media":"","overlay-type":"","overlay-color":"","overlay-opacity":"","overlay-gradient":""},"mobile":{"background-color":"var(--ast-global-color-5)","background-image":"","background-repeat":"repeat","background-position":"center center","background-size":"auto","background-attachment":"scroll","background-type":"","background-media":"","overlay-type":"","overlay-color":"","overlay-opacity":"","overlay-gradient":""}},"_joinchat":{"telephone":"17776015835"}},"product_brand":[],"product_cat":[149,150,151,152,144],"product_tag":[456,454,453,105,446,436,450,451,455],"class_list":{"0":"post-4602","1":"product","2":"type-product","3":"status-publish","4":"has-post-thumbnail","6":"product_cat-buy-disposable-vapes-in-austria","7":"product_cat-buy-disposable-vapes-in-belgium","8":"product_cat-buy-disposable-vapes-in-france","9":"product_cat-buy-disposable-vapes-in-cermany","10":"product_cat-low-nicotine-disposable-vapes","11":"product_tag-6-in-1-flavor-disposable-vape","12":"product_tag-airmez-140000-puff","13":"product_tag-airmez-140k-puff","14":"product_tag-digital-disposable-vape","15":"product_tag-disposable-vape-kit","16":"product_tag-shop-vape-online","17":"product_tag-vape-fast-shipping","18":"product_tag-vape-free-shipping","19":"product_tag-vape-pen-eu-warehouse","20":"desktop-align-left","21":"tablet-align-left","22":"mobile-align-left","24":"first","25":"instock","26":"sale","27":"shipping-taxable","28":"purchasable","29":"product-type-simple"},"acf":[],"uagb_featured_image_src":{"full":["https:\/\/vapestornado.com\/wp-content\/uploads\/2025\/11\/Airmez-Brand-140k-Puff-Disposable-Vape-Wholesale-Vape-Pen.webp",800,800,false],"thumbnail":["https:\/\/vapestornado.com\/wp-content\/uploads\/2025\/11\/Airmez-Brand-140k-Puff-Disposable-Vape-Wholesale-Vape-Pen-150x150.webp",150,150,true],"medium":["https:\/\/vapestornado.com\/wp-content\/uploads\/2025\/11\/Airmez-Brand-140k-Puff-Disposable-Vape-Wholesale-Vape-Pen-300x300.webp",300,300,true],"medium_large":["https:\/\/vapestornado.com\/wp-content\/uploads\/2025\/11\/Airmez-Brand-140k-Puff-Disposable-Vape-Wholesale-Vape-Pen-768x768.webp",768,768,true],"large":["https:\/\/vapestornado.com\/wp-content\/uploads\/2025\/11\/Airmez-Brand-140k-Puff-Disposable-Vape-Wholesale-Vape-Pen.webp",800,800,false],"1536x1536":["https:\/\/vapestornado.com\/wp-content\/uploads\/2025\/11\/Airmez-Brand-140k-Puff-Disposable-Vape-Wholesale-Vape-Pen.webp",800,800,false],"2048x2048":["https:\/\/vapestornado.com\/wp-content\/uploads\/2025\/11\/Airmez-Brand-140k-Puff-Disposable-Vape-Wholesale-Vape-Pen.webp",800,800,false],"trp-custom-language-flag":["https:\/\/vapestornado.com\/wp-content\/uploads\/2025\/11\/Airmez-Brand-140k-Puff-Disposable-Vape-Wholesale-Vape-Pen-12x12.webp",12,12,true],"woocommerce_thumbnail":["https:\/\/vapestornado.com\/wp-content\/uploads\/2025\/11\/Airmez-Brand-140k-Puff-Disposable-Vape-Wholesale-Vape-Pen-300x300.webp",300,300,true],"woocommerce_single":["https:\/\/vapestornado.com\/wp-content\/uploads\/2025\/11\/Airmez-Brand-140k-Puff-Disposable-Vape-Wholesale-Vape-Pen-600x600.webp",600,600,true],"woocommerce_gallery_thumbnail":["https:\/\/vapestornado.com\/wp-content\/uploads\/2025\/11\/Airmez-Brand-140k-Puff-Disposable-Vape-Wholesale-Vape-Pen-100x100.webp",100,100,true]},"uagb_author_info":{"display_name":"ESAMY","author_link":"https:\/\/vapestornado.com\/lv\/author\/"},"uagb_comment_info":0,"uagb_excerpt":"Airmez 140k Puff 6-in-1 Disposable Vape Pen \u2013 Big Puff Device with EU Warehouse Stock Airmez 140000 Puff Adjustable Flavor Vape \u2013 Wholesale Ready Across Europe Airmez 140k Puff 6-Flavor Disposable Pen \u2013 Bulk Buy from EU Warehouse WhatsApp: +86 17776015835 &nbsp;","_links":{"self":[{"href":"https:\/\/vapestornado.com\/lv\/wp-json\/wp\/v2\/product\/4602","targetHints":{"allow":["GET"]}}],"collection":[{"href":"https:\/\/vapestornado.com\/lv\/wp-json\/wp\/v2\/product"}],"about":[{"href":"https:\/\/vapestornado.com\/lv\/wp-json\/wp\/v2\/types\/product"}],"replies":[{"embeddable":true,"href":"https:\/\/vapestornado.com\/lv\/wp-json\/wp\/v2\/comments?post=4602"}],"wp:featuredmedia":[{"embeddable":true,"href":"https:\/\/vapestornado.com\/lv\/wp-json\/wp\/v2\/media\/4598"}],"wp:attachment":[{"href":"https:\/\/vapestornado.com\/lv\/wp-json\/wp\/v2\/media?parent=4602"}],"wp:term":[{"taxonomy":"product_brand","embeddable":true,"href":"https:\/\/vapestornado.com\/lv\/wp-json\/wp\/v2\/product_brand?post=4602"},{"taxonomy":"product_cat","embeddable":true,"href":"https:\/\/vapestornado.com\/lv\/wp-json\/wp\/v2\/product_cat?post=4602"},{"taxonomy":"product_tag","embeddable":true,"href":"https:\/\/vapestornado.com\/lv\/wp-json\/wp\/v2\/product_tag?post=4602"}],"curies":[{"name":"wp","href":"https:\/\/api.w.org\/{rel}","templated":true}]}}