{"id":4596,"date":"2025-11-25T08:25:45","date_gmt":"2025-11-25T08:25:45","guid":{"rendered":"https:\/\/vapestornado.com\/?post_type=product&#038;p=4596"},"modified":"2025-11-25T08:36:27","modified_gmt":"2025-11-25T08:36:27","slug":"airmez-fox-120000-puffs-4-flavour-big-puff-disposable-vape-pen-shop-eu-warehouse","status":"publish","type":"product","link":"https:\/\/vapestornado.com\/lv\/product\/airmez-fox-120000-puffs-4-flavour-big-puff-disposable-vape-pen-shop-eu-warehouse\/","title":{"rendered":"AIRMEZ FOX 120000 D\u016bmu 4 Gar\u0161as Lielais P\u016b\u0161 Disposabls Vape Pildspalva Veikals EU Noliktava"},"content":{"rendered":"<h2 data-pm-slice=\"1 1 []\">AIRMEZ FOX 120000 \u2013 4 Gar\u0161as Lielais P\u016b\u0161 Disposabls Vape Pildspalva EU Noliktavas Kr\u0101jumi<\/h2>\n<p data-start=\"610\" data-end=\"1164\">T\u0101 <strong data-start=\"614\" data-end=\"635\">AIRMEZ FOX 120000<\/strong> izstr\u0101d\u0101ts vairumtirdzniec\u012bbas pirc\u0113jiem, kuriem nepiecie\u0161ama ilga, stabila darb\u012bba <strong data-start=\"712\" data-end=\"740\">Lielais P\u016b\u0161 Disposabls Vape<\/strong> ar \u012bstu lietot\u0101ju pievilc\u012bbu. Katrs ier\u012bces integr\u0113 <strong data-start=\"787\" data-end=\"818\">\u010detri neatkar\u012bgi 15mL tvertnes<\/strong> ar kop\u0113jo <strong data-start=\"832\" data-end=\"849\">60mL ietilp\u012bbu<\/strong>, nodro\u0161inot l\u012bdz pat <strong data-start=\"868\" data-end=\"885\">120 000 puffs<\/strong>\u2014 skaidra priek\u0161roc\u012bba veikaliem, kas m\u0113r\u0137\u0113 uz intens\u012bvas lieto\u0161anas klientiem vai p\u0101rdev\u0113jiem, kas mekl\u0113 sp\u0113c\u012bgas atk\u0101rtotas pas\u016bt\u012bjumu iesp\u0113jas. Aug\u0161\u0113j\u0101s v\u0101ci\u0146a pacel\u0161anas un pagrie\u0161anas sist\u0113ma \u013cauj lietot\u0101jiem instant main\u012bt gar\u0161as, padarot \u0161o par vienu no praktisk\u0101kajiem <strong data-start=\"1106\" data-end=\"1133\">regul\u0113jamiem gar\u0161as vape<\/strong> augsta kapacit\u0101tes kategorij\u0101.<\/p>\n<p data-start=\"1166\" data-end=\"1684\">Darbojas ar <strong data-start=\"1179\" data-end=\"1210\">650mAh uzl\u0101d\u0113jams akumulators<\/strong> ar Type-C \u0101tro uzl\u0101di, <strong data-start=\"1242\" data-end=\"1261\">AIRMEZ FOX 120k<\/strong> saglab\u0101 konsekventu jaudu ilgsto\u0161\u0101s sesij\u0101s. T\u0101 <strong data-start=\"1316\" data-end=\"1335\">1,0 \u03a9 sieta spoles<\/strong> nodro\u0161ina t\u012bru gar\u0161u vis\u0101s \u010detr\u0101s tvertn\u0113s, kam\u0113r <strong data-start=\"1391\" data-end=\"1411\">LCD viedais ekr\u0101ns<\/strong> sniedz lietot\u0101jiem \u0101tru p\u0101rskatu par akumulatora un gar\u0161as izv\u0113li\u2014b\u016btisku deta\u013cu, kas palielina lietot\u0101ja uztic\u012bbu un samazina p\u0113c-p\u0101rdo\u0161anas jaut\u0101jumus. Eiropas pirc\u0113jiem iesp\u0113ja <strong data-start=\"1584\" data-end=\"1605\">Iep\u0113rcies Eiropas noliktav\u0101<\/strong> nodro\u0161ina \u012bs\u0101kus pieg\u0101des mar\u0161rutus, stabilu kr\u0101jumu un vienm\u0113r\u012bg\u0101ku uz\u0146\u0113m\u0113jdarb\u012bbas pl\u0101no\u0161anu.<\/p>\n<p data-start=\"1686\" data-end=\"2063\">AIRMEZ FOX 120000 ir izstr\u0101d\u0101ts veikaliem, kas v\u0113las augstas v\u0113rt\u012bbas ier\u012bci ar sp\u0113c\u012bgu gar\u0161as sniegumu, zemu apkopi un strukt\u016bru, kas labi p\u0101rdodas gan tie\u0161saist\u0113, gan viet\u0113jos veikalos. Masveida iepakojums (10 gabali uz kast\u012bti \/ 100 gabali uz kastes) padara to efekt\u012bvu izv\u0113li izplat\u012bt\u0101jiem, kuri v\u0113las t\u012bru, vienotu SKU, kas \u0101tri p\u0101rvietojas pa\u0161reiz\u0113j\u0101 Eiropas vienreizlietojamo vape tirg\u016b.<\/p>\n<p data-start=\"666\" data-end=\"1235\"><strong style=\"font-size: 16px;\"><span style=\"color: #ff0000;\">Pievienojiet Amy WhatsApp, lai sa\u0146emtu t\u016bl\u012bt\u0113ju atbildi un atlai\u017eu cenu!<\/span><\/strong><\/p>\n<p><img fetchpriority=\"high\" decoding=\"async\" class=\"size-full wp-image-2932\" src=\"https:\/\/vapestornado.com\/wp-content\/uploads\/2024\/12\/Vape-Wholesale.jpg\" alt=\"Veipu Vairumtirdzniec\u012bba\" width=\"229\" height=\"300\" \/><\/p>\n<h3><a href=\"https:\/\/wa.me\/8617776015835\" target=\"_blank\" rel=\"noopener\"><span style=\"color: #ff0000;\"><strong>WhatsApp: +86 17776015835<\/strong><\/span><\/a><\/h3>\n<p>&nbsp;<\/p>\n<h2><strong>Kas padara AIRMEZ FOX 120000 p\u016b\u0161u vienreizlietojamo vape pildspalvu izce\u013camu?<\/strong><\/h2>\n<ul>\n<li data-start=\"2855\" data-end=\"2918\">\n<p data-start=\"2857\" data-end=\"2918\"><strong data-start=\"2857\" data-end=\"2893\">4-in-1 regul\u0113jama gar\u0161as sist\u0113ma<\/strong> \u0101trai p\u0101rsl\u0113g\u0161anai.<\/p>\n<\/li>\n<li data-start=\"2919\" data-end=\"2981\">\n<p data-start=\"2921\" data-end=\"2981\"><strong data-start=\"2921\" data-end=\"2944\">60mL kop\u0113jais ietilp\u012bba<\/strong> (15mL \u00d7 4 tvertnes) ilg\u0101kai lieto\u0161anai.<\/p>\n<\/li>\n<li data-start=\"2982\" data-end=\"3040\">\n<p data-start=\"2984\" data-end=\"3040\"><strong data-start=\"2984\" data-end=\"3005\">T\u012bkli\u0146a spir\u0101les sild\u012b\u0161ana<\/strong> stabilai, bag\u0101t\u012bgai gar\u0161as izdal\u012b\u0161anai.<\/p>\n<\/li>\n<li data-start=\"3041\" data-end=\"3094\">\n<p data-start=\"3043\" data-end=\"3094\"><strong data-start=\"3043\" data-end=\"3066\">650mAh uzl\u0101d\u0113jams<\/strong> akumulators ar Type-C portu.<\/p>\n<\/li>\n<li data-start=\"3095\" data-end=\"3150\">\n<p data-start=\"3097\" data-end=\"3150\"><strong data-start=\"3097\" data-end=\"3112\">LCD displejs<\/strong> r\u0101da akumulatora un akt\u012bv\u0101s gar\u0161as statusu.<\/p>\n<\/li>\n<li data-start=\"3151\" data-end=\"3214\">\n<p data-start=\"3153\" data-end=\"3214\"><strong data-start=\"3153\" data-end=\"3182\">Vairumtirdzniec\u012bbai gatavs iepakojums<\/strong>, ide\u0101li piem\u0113rots lielapjoma izplat\u012b\u0161anai.<\/p>\n<\/li>\n<li data-start=\"3215\" data-end=\"3294\">\n<p data-start=\"3217\" data-end=\"3294\"><strong data-start=\"3217\" data-end=\"3247\">Eiropas noliktavas \u0101tra pieg\u0101de<\/strong> ar 3\u20137 dienu iera\u0161an\u0101s laiku un bez papildu nodok\u013cu maks\u0101jumiem.<\/p>\n<\/li>\n<\/ul>\n<figure id=\"attachment_4590\" aria-describedby=\"caption-attachment-4590\" style=\"width: 800px\" class=\"wp-caption alignnone\"><img decoding=\"async\" class=\"wp-image-4590 size-full\" src=\"https:\/\/vapestornado.com\/wp-content\/uploads\/2025\/11\/Airmez-FOX-4-IN-1-120000-Puff-Bar-EU-Warehouse.webp\" alt=\"Airmez FOX 4 IN 1 120000 P\u016b\u0161u Bar Eiropas Noliktava\" width=\"800\" height=\"800\" srcset=\"https:\/\/vapestornado.com\/wp-content\/uploads\/2025\/11\/Airmez-FOX-4-IN-1-120000-Puff-Bar-EU-Warehouse.webp 800w, https:\/\/vapestornado.com\/wp-content\/uploads\/2025\/11\/Airmez-FOX-4-IN-1-120000-Puff-Bar-EU-Warehouse-300x300.webp 300w, https:\/\/vapestornado.com\/wp-content\/uploads\/2025\/11\/Airmez-FOX-4-IN-1-120000-Puff-Bar-EU-Warehouse-150x150.webp 150w, https:\/\/vapestornado.com\/wp-content\/uploads\/2025\/11\/Airmez-FOX-4-IN-1-120000-Puff-Bar-EU-Warehouse-768x768.webp 768w, https:\/\/vapestornado.com\/wp-content\/uploads\/2025\/11\/Airmez-FOX-4-IN-1-120000-Puff-Bar-EU-Warehouse-12x12.webp 12w, https:\/\/vapestornado.com\/wp-content\/uploads\/2025\/11\/Airmez-FOX-4-IN-1-120000-Puff-Bar-EU-Warehouse-600x600.webp 600w, https:\/\/vapestornado.com\/wp-content\/uploads\/2025\/11\/Airmez-FOX-4-IN-1-120000-Puff-Bar-EU-Warehouse-100x100.webp 100w\" sizes=\"(max-width: 800px) 100vw, 800px\" \/><figcaption id=\"caption-attachment-4590\" class=\"wp-caption-text\">Airmez FOX 4 IN 1 120000 P\u016b\u0161u Bar Eiropas Noliktava<\/figcaption><\/figure>\n<div class=\"mceTemp\"><\/div>\n<h2><strong>AIRMEZ FOX 120000 P\u016b\u0161u Vienreizlietojam\u0101s Vape Gar\u0161u Saraksts<\/strong><\/h2>\n<ol data-start=\"2106\" data-end=\"2809\">\n<li data-start=\"2106\" data-end=\"2191\">\n<p data-start=\"2109\" data-end=\"2191\">Zemenes Rabarberi \/ Zemenes Kivi \/ Zemenes Ledus \/ Persiku Mango Arb\u016bzs<\/p>\n<\/li>\n<li data-start=\"2192\" data-end=\"2280\">\n<p data-start=\"2195\" data-end=\"2280\">Arb\u016bza Ledus \/ Zemenes Arb\u016bzs \/ Rabarberi Arb\u016bzs \/ Mellenes Rabarberi<\/p>\n<\/li>\n<li data-start=\"2281\" data-end=\"2345\">\n<p data-start=\"2284\" data-end=\"2345\">Roz\u0101 Limonaade \/ Aizrautnes Sk\u016bpsts \/ Mix\u0113tas ogas \/ Tr\u012bsk\u0101r\u0161as ogas<\/p>\n<\/li>\n<li data-start=\"2346\" data-end=\"2396\">\n<p data-start=\"2349\" data-end=\"2396\">\u0136irsis \/ M\u012blest\u012bba 66 \/ Ogu Limonaade \/ V\u012bnogu Ledus<\/p>\n<\/li>\n<li data-start=\"2397\" data-end=\"2465\">\n<p data-start=\"2400\" data-end=\"2465\">Mango Persiks \/ Tropu Aug\u013ci \/ Persiku Ledus \/ Sk\u0101bs Mango Anan\u0101s<\/p>\n<\/li>\n<li data-start=\"2466\" data-end=\"2528\">\n<p data-start=\"2469\" data-end=\"2528\">V\u012bnogu Ledus \/ M\u012blest\u012bba 66 \/ Mellenes uz Ledus \/ P\u016b\u0137a Aug\u013cu Ledus<\/p>\n<\/li>\n<li data-start=\"2529\" data-end=\"2596\">\n<p data-start=\"2532\" data-end=\"2596\">M\u012blest\u012bba 66 \/ \u0136irsis \/ Mellenes uz Ledus \/ Kivi Aizrautnes Aug\u013ci Guava<\/p>\n<\/li>\n<li data-start=\"2597\" data-end=\"2654\">\n<p data-start=\"2600\" data-end=\"2654\">Persiku Ledus \/ Roz\u0101 Limonaade \/ Arb\u016bza Ledus \/ Dr Blue<\/p>\n<\/li>\n<li data-start=\"2655\" data-end=\"2720\">\n<p data-start=\"2658\" data-end=\"2720\">Sarkanais Mojito \/ M\u012blest\u012bba 66 \/ Mix\u0113tas ogas \/ Zemenes Arb\u016bzs<\/p>\n<\/li>\n<li data-start=\"2721\" data-end=\"2809\">\n<p data-start=\"2725\" data-end=\"2809\">Persiku Mango Arb\u016bzs \/ Mellenes \u0136irsis \/ Arb\u016bza P\u016b\u0137a Auglis \/ Aizrautnes Sk\u016bpsts<\/p>\n<\/li>\n<\/ol>\n<h2>K\u0101p\u0113c izv\u0113l\u0113ties Vapestornado, lai pirktu vienreiz\u0113j\u0101s lieto\u0161anas vape tie\u0161saist\u0113?<\/h2>\n<div class=\"flex-shrink-0 flex flex-col relative items-end\">\n<div class=\"pt-0\">\n<div class=\"gizmo-bot-avatar flex h-8 w-8 items-center justify-center overflow-hidden rounded-full\">\n<div class=\"relative p-1 rounded-sm flex items-center justify-center bg-token-main-surface-primary text-token-text-primary h-8 w-8\">\n<p data-start=\"648\" data-end=\"799\">Izv\u0113le <strong data-start=\"189\" data-end=\"205\">Vapestornado<\/strong> k\u0101 j\u016bsu pieg\u0101d\u0101t\u0101js <strong data-start=\"227\" data-end=\"261\">Elf Bar Moon Night 40000 pufa<\/strong> noz\u012bm\u0113 nodro\u0161in\u0101t partneri, kas saprot Eiropas Savien\u012bbas vairumtirgot\u0101ju un mazumtirgot\u0101ju vajadz\u012bbas. M\u0113s koncentr\u0113jamies uz \u0101tru pieg\u0101di, p\u0101rbaud\u012btu kr\u0101jumu un stabilu ilgtermi\u0146a pieg\u0101di \u2014 galvenie faktori uz\u0146\u0113mumiem, kas p\u0101rdod lielu apjomu produktus, piem\u0113ram, <strong data-start=\"489\" data-end=\"515\">Elf Bar Moon Night 40K<\/strong>. Katrs partijas ir tie\u0161i ieg\u016bts no sertific\u0113tiem kan\u0101liem, nodro\u0161inot autentiskus produktus, stipru gar\u0161as konsekvenci un uzticamu kvalit\u0101ti, kas atbilst ES pirc\u0113ju gaid\u0101m.<\/p>\n<p data-start=\"559\" data-end=\"933\" data-is-last-node=\"\" data-is-only-node=\"\">M\u0113s ar\u012b pied\u0101v\u0101jam da\u017eus citus popul\u0101rus vienreiz\u0113jos vape ar ekr\u0101nu, piem\u0113ram, <a href=\"https:\/\/vapestornado.com\/lv\/product\/hifancy-dream-45k-45000-puffs-disposable-vape-kit-fast-shipping-from-eu-warehouse\/\">Hifancy Dream 45k vape<\/a>, <a href=\"https:\/\/vapestornado.com\/lv\/product\/elf-bar-moon-night-40000-puffs-disposable-vape-germany-wholesale\/\">ELF BAR M\u0113ness Nakts 40000 Vape<\/a>, <a href=\"https:\/\/vapestornado.com\/lv\/product\/uor-120000-puff-120k-4-flavors-rechargeable-disposable-vape-shop-online\/\">UOR 120000 PUFF 4 in 1<\/a>, un citi.<\/p>\n<p data-start=\"559\" data-end=\"933\" data-is-last-node=\"\" data-is-only-node=\"\">\n<\/div>\n<h2>BUJAS par AIRMEZ FOX 120000 Puffs<\/h2>\n<div class=\"relative p-1 rounded-sm flex items-center justify-center bg-token-main-surface-primary text-token-text-primary h-8 w-8\">\n<p data-start=\"3330\" data-end=\"3457\"><strong data-start=\"3330\" data-end=\"3387\">1. K\u0101 es p\u0101rsl\u0113dzu gar\u0161as uz AIRMEZ FOX 120000?<\/strong><br data-start=\"3387\" data-end=\"3390\" \/>Paceliet un pagrieziet aug\u0161\u0113jo pilin\u0101mo galu, lai main\u012btu uz n\u0101kamo gar\u0161as tanka.<\/p>\n<p data-start=\"3459\" data-end=\"3562\"><strong data-start=\"3459\" data-end=\"3502\">2. Vai AIRMEZ FOX 120k ir uzl\u0101d\u0113jams?<\/strong><br data-start=\"3502\" data-end=\"3505\" \/>J\u0101, tas izmanto Type-C portu un 650mAh iek\u0161\u0113jo akumulatoru.<\/p>\n<p data-start=\"3564\" data-end=\"3691\"><strong data-start=\"3564\" data-end=\"3612\">3. Cik daudz puffs sniedz katra gar\u0161a?<\/strong><br data-start=\"3612\" data-end=\"3615\" \/>Katrs tanka nodro\u0161ina apm\u0113ram 30 000 puffs, kop\u0101 aptuveni 120 000.<\/p>\n<p data-start=\"3693\" data-end=\"3813\"><strong data-start=\"3693\" data-end=\"3743\">4. Vai viedais ekr\u0101ns r\u0101da e-\u0161\u0137idruma l\u012bmeni?<\/strong><br data-start=\"3743\" data-end=\"3746\" \/>J\u0101, LCD ekr\u0101ns r\u0101da akumulatora statusu un akt\u012bvo gar\u0161u.<\/p>\n<p data-start=\"3815\" data-end=\"3944\"><strong data-start=\"3815\" data-end=\"3866\">5. Vai es varu pas\u016bt\u012bt AIRMEZ FOX 120000 no ES kr\u0101jumiem?<\/strong><br data-start=\"3866\" data-end=\"3869\" \/>J\u0101, m\u016bsu <strong data-start=\"3878\" data-end=\"3899\">Iep\u0113rcies Eiropas noliktav\u0101<\/strong> pakalpojums pieg\u0101d\u0101 3\u20137 dienu laik\u0101 pa visu Eiropu.<\/p>\n<\/div>\n<\/div>\n<\/div>\n<\/div>","protected":false},"excerpt":{"rendered":"<article class=\"text-token-text-primary w-full focus:outline-none [--shadow-height:45px] has-data-writing-block:pointer-events-none has-data-writing-block:-mt-(--shadow-height) has-data-writing-block:pt-(--shadow-height) [&amp;:has([data-writing-block])&gt;*]:pointer-events-auto [content-visibility:auto] supports-[content-visibility:auto]:[contain-intrinsic-size:auto_100lvh] scroll-mt-[calc(var(--header-height)+min(200px,max(70px,20svh)))]\" dir=\"auto\" tabindex=\"-1\" data-turn-id=\"86ca9d92-7a10-4e6b-bda0-15f9df36adca\" data-testid=\"conversation-turn-120\" data-scroll-anchor=\"true\" data-turn=\"assistant\">\n<div class=\"text-base my-auto mx-auto pb-10 [--thread-content-margin:--spacing(4)] thread-sm:[--thread-content-margin:--spacing(6)] thread-lg:[--thread-content-margin:--spacing(16)] px-(--thread-content-margin)\">\n<div class=\"[--thread-content-max-width:40rem] thread-lg:[--thread-content-max-width:48rem] mx-auto max-w-(--thread-content-max-width) flex-1 group\/turn-messages focus-visible:outline-hidden relative flex w-full min-w-0 flex-col agent-turn\" tabindex=\"-1\">\n<div class=\"flex max-w-full flex-col grow\">\n<div class=\"min-h-8 text-message relative flex w-full flex-col items-end gap-2 text-start break-words whitespace-normal [.text-message+&amp;]:mt-1\" dir=\"auto\" data-message-author-role=\"assistant\" data-message-id=\"43b070d6-bf28-4fbe-8049-1032a61ea3ac\" data-message-model-slug=\"gpt-5\">\n<div class=\"flex w-full flex-col gap-1 empty:hidden first:pt-[1px]\">\n<div class=\"markdown prose dark:prose-invert w-full break-words light markdown-new-styling\">\n<article class=\"text-token-text-primary w-full focus:outline-none [--shadow-height:45px] has-data-writing-block:pointer-events-none has-data-writing-block:-mt-(--shadow-height) has-data-writing-block:pt-(--shadow-height) [&amp;:has([data-writing-block])&gt;*]:pointer-events-auto [content-visibility:auto] supports-[content-visibility:auto]:[contain-intrinsic-size:auto_100lvh] scroll-mt-[calc(var(--header-height)+min(200px,max(70px,20svh)))]\" dir=\"auto\" tabindex=\"-1\" data-turn-id=\"4d6f00b8-d41a-438b-8912-05a895842882\" data-testid=\"conversation-turn-130\" data-scroll-anchor=\"true\" data-turn=\"assistant\">\n<div class=\"text-base my-auto mx-auto pb-10 [--thread-content-margin:--spacing(4)] thread-sm:[--thread-content-margin:--spacing(6)] thread-lg:[--thread-content-margin:--spacing(16)] px-(--thread-content-margin)\">\n<div class=\"[--thread-content-max-width:40rem] thread-lg:[--thread-content-max-width:48rem] mx-auto max-w-(--thread-content-max-width) flex-1 group\/turn-messages focus-visible:outline-hidden relative flex w-full min-w-0 flex-col agent-turn\" tabindex=\"-1\">\n<div class=\"flex max-w-full flex-col grow\">\n<div class=\"min-h-8 text-message relative flex w-full flex-col items-end gap-2 text-start break-words whitespace-normal [.text-message+&amp;]:mt-1\" dir=\"auto\" data-message-author-role=\"assistant\" data-message-id=\"f3c520bf-c043-4392-87ea-b3bf1b3ae6d3\" data-message-model-slug=\"gpt-5-1\">\n<div class=\"flex w-full flex-col gap-1 empty:hidden first:pt-[1px]\">\n<div class=\"markdown prose dark:prose-invert w-full break-words light markdown-new-styling\">\n<p>AIRMEZ FOX 120000 Lielais P\u016b\u0161 Disposabls Vape \u2013 4-Gar\u0161as 120k Ier\u012bce ar EU Noliktavas Kr\u0101jumiem<\/p>\n<p>AIRMEZ FOX 120k Regul\u0113jama Gar\u0161as Vape \u2013 Lielapjoma Pas\u016bt\u012bjumi Gatavi no EU Noliktavas<\/p>\n<p>AIRMEZ FOX 120000 D\u016bmu 4-in-1 Disposabls Pildspalva \u2013 Ilgsto\u0161a 120k Vape Vairumtirdzniec\u012bbas Pirc\u0113jiem<\/p>\n<\/div>\n<\/div>\n<\/div>\n<\/div>\n<\/div>\n<\/div>\n<\/article>\n<\/div>\n<\/div>\n<\/div>\n<\/div>\n<\/div>\n<\/div>\n<\/article>\n<p><img fetchpriority=\"high\" decoding=\"async\" class=\"size-full wp-image-2932\" src=\"https:\/\/vapestornado.com\/wp-content\/uploads\/2024\/12\/Vape-Wholesale.jpg\" alt=\"Veipu Vairumtirdzniec\u012bba\" width=\"229\" height=\"300\" \/><\/p>\n<h3><a href=\"https:\/\/wa.me\/8617776015835\"><span style=\"color: #ff0000;\"><strong>WhatsApp: +86 17776015835<\/strong><\/span><\/a><\/h3>\n<p>&nbsp;<\/p>","protected":false},"featured_media":4595,"comment_status":"open","ping_status":"closed","template":"","meta":{"_acf_changed":false,"_uag_custom_page_level_css":"","_lmt_disableupdate":"no","_lmt_disable":"","_monsterinsights_skip_tracking":false,"_monsterinsights_sitenote_active":false,"_monsterinsights_sitenote_note":"","_monsterinsights_sitenote_category":0,"site-sidebar-layout":"default","site-content-layout":"","ast-site-content-layout":"default","site-content-style":"default","site-sidebar-style":"default","ast-global-header-display":"","ast-banner-title-visibility":"","ast-main-header-display":"","ast-hfb-above-header-display":"","ast-hfb-below-header-display":"","ast-hfb-mobile-header-display":"","site-post-title":"","ast-breadcrumbs-content":"","ast-featured-img":"","footer-sml-layout":"","ast-disable-related-posts":"","theme-transparent-header-meta":"default","adv-header-id-meta":"","stick-header-meta":"","header-above-stick-meta":"","header-main-stick-meta":"","header-below-stick-meta":"","astra-migrate-meta-layouts":"set","ast-page-background-enabled":"default","ast-page-background-meta":{"desktop":{"background-color":"","background-image":"","background-repeat":"repeat","background-position":"center center","background-size":"auto","background-attachment":"scroll","background-type":"","background-media":"","overlay-type":"","overlay-color":"","overlay-opacity":"","overlay-gradient":""},"tablet":{"background-color":"","background-image":"","background-repeat":"repeat","background-position":"center center","background-size":"auto","background-attachment":"scroll","background-type":"","background-media":"","overlay-type":"","overlay-color":"","overlay-opacity":"","overlay-gradient":""},"mobile":{"background-color":"","background-image":"","background-repeat":"repeat","background-position":"center center","background-size":"auto","background-attachment":"scroll","background-type":"","background-media":"","overlay-type":"","overlay-color":"","overlay-opacity":"","overlay-gradient":""}},"ast-content-background-meta":{"desktop":{"background-color":"var(--ast-global-color-5)","background-image":"","background-repeat":"repeat","background-position":"center center","background-size":"auto","background-attachment":"scroll","background-type":"","background-media":"","overlay-type":"","overlay-color":"","overlay-opacity":"","overlay-gradient":""},"tablet":{"background-color":"var(--ast-global-color-5)","background-image":"","background-repeat":"repeat","background-position":"center center","background-size":"auto","background-attachment":"scroll","background-type":"","background-media":"","overlay-type":"","overlay-color":"","overlay-opacity":"","overlay-gradient":""},"mobile":{"background-color":"var(--ast-global-color-5)","background-image":"","background-repeat":"repeat","background-position":"center center","background-size":"auto","background-attachment":"scroll","background-type":"","background-media":"","overlay-type":"","overlay-color":"","overlay-opacity":"","overlay-gradient":""}},"_joinchat":{"telephone":"17776015835"}},"product_brand":[],"product_cat":[347,149,150,151,157,146],"product_tag":[449,452,105,446,436,450,451],"class_list":{"0":"post-4596","1":"product","2":"type-product","3":"status-publish","4":"has-post-thumbnail","6":"product_cat-120000-puff","7":"product_cat-buy-disposable-vapes-in-austria","8":"product_cat-buy-disposable-vapes-in-belgium","9":"product_cat-buy-disposable-vapes-in-france","10":"product_cat-buy-disposable-vapes-in-portugal","11":"product_cat-rechargeable-disposable-vapes","12":"product_tag-airmez-fox-120000","13":"product_tag-airmez-fox-120k","14":"product_tag-digital-disposable-vape","15":"product_tag-disposable-vape-kit","16":"product_tag-shop-vape-online","17":"product_tag-vape-fast-shipping","18":"product_tag-vape-free-shipping","19":"desktop-align-left","20":"tablet-align-left","21":"mobile-align-left","23":"first","24":"instock","25":"sale","26":"shipping-taxable","27":"purchasable","28":"product-type-simple"},"acf":[],"uagb_featured_image_src":{"full":["https:\/\/vapestornado.com\/wp-content\/uploads\/2025\/11\/Airmez-Fox-Disposable-Vape-120k-Puffs-4-in-1-Vape.webp",800,800,false],"thumbnail":["https:\/\/vapestornado.com\/wp-content\/uploads\/2025\/11\/Airmez-Fox-Disposable-Vape-120k-Puffs-4-in-1-Vape-150x150.webp",150,150,true],"medium":["https:\/\/vapestornado.com\/wp-content\/uploads\/2025\/11\/Airmez-Fox-Disposable-Vape-120k-Puffs-4-in-1-Vape-300x300.webp",300,300,true],"medium_large":["https:\/\/vapestornado.com\/wp-content\/uploads\/2025\/11\/Airmez-Fox-Disposable-Vape-120k-Puffs-4-in-1-Vape-768x768.webp",768,768,true],"large":["https:\/\/vapestornado.com\/wp-content\/uploads\/2025\/11\/Airmez-Fox-Disposable-Vape-120k-Puffs-4-in-1-Vape.webp",800,800,false],"1536x1536":["https:\/\/vapestornado.com\/wp-content\/uploads\/2025\/11\/Airmez-Fox-Disposable-Vape-120k-Puffs-4-in-1-Vape.webp",800,800,false],"2048x2048":["https:\/\/vapestornado.com\/wp-content\/uploads\/2025\/11\/Airmez-Fox-Disposable-Vape-120k-Puffs-4-in-1-Vape.webp",800,800,false],"trp-custom-language-flag":["https:\/\/vapestornado.com\/wp-content\/uploads\/2025\/11\/Airmez-Fox-Disposable-Vape-120k-Puffs-4-in-1-Vape-12x12.webp",12,12,true],"woocommerce_thumbnail":["https:\/\/vapestornado.com\/wp-content\/uploads\/2025\/11\/Airmez-Fox-Disposable-Vape-120k-Puffs-4-in-1-Vape-300x300.webp",300,300,true],"woocommerce_single":["https:\/\/vapestornado.com\/wp-content\/uploads\/2025\/11\/Airmez-Fox-Disposable-Vape-120k-Puffs-4-in-1-Vape-600x600.webp",600,600,true],"woocommerce_gallery_thumbnail":["https:\/\/vapestornado.com\/wp-content\/uploads\/2025\/11\/Airmez-Fox-Disposable-Vape-120k-Puffs-4-in-1-Vape-100x100.webp",100,100,true]},"uagb_author_info":{"display_name":"ESAMY","author_link":"https:\/\/vapestornado.com\/lv\/author\/"},"uagb_comment_info":0,"uagb_excerpt":"AIRMEZ FOX 120000 Big Puff Disposable Vape \u2013 4-Flavour 120k Device with EU Warehouse Stock AIRMEZ FOX 120k Adjustable Flavor Vape \u2013 Bulk Orders Ready from EU Warehouse AIRMEZ FOX 120000 Puffs 4-in-1 Disposable Pen \u2013 Long-Life 120k Vape for Wholesale Buyers WhatsApp: +86 17776015835 &nbsp;","_links":{"self":[{"href":"https:\/\/vapestornado.com\/lv\/wp-json\/wp\/v2\/product\/4596","targetHints":{"allow":["GET"]}}],"collection":[{"href":"https:\/\/vapestornado.com\/lv\/wp-json\/wp\/v2\/product"}],"about":[{"href":"https:\/\/vapestornado.com\/lv\/wp-json\/wp\/v2\/types\/product"}],"replies":[{"embeddable":true,"href":"https:\/\/vapestornado.com\/lv\/wp-json\/wp\/v2\/comments?post=4596"}],"wp:featuredmedia":[{"embeddable":true,"href":"https:\/\/vapestornado.com\/lv\/wp-json\/wp\/v2\/media\/4595"}],"wp:attachment":[{"href":"https:\/\/vapestornado.com\/lv\/wp-json\/wp\/v2\/media?parent=4596"}],"wp:term":[{"taxonomy":"product_brand","embeddable":true,"href":"https:\/\/vapestornado.com\/lv\/wp-json\/wp\/v2\/product_brand?post=4596"},{"taxonomy":"product_cat","embeddable":true,"href":"https:\/\/vapestornado.com\/lv\/wp-json\/wp\/v2\/product_cat?post=4596"},{"taxonomy":"product_tag","embeddable":true,"href":"https:\/\/vapestornado.com\/lv\/wp-json\/wp\/v2\/product_tag?post=4596"}],"curies":[{"name":"wp","href":"https:\/\/api.w.org\/{rel}","templated":true}]}}