{"id":4582,"date":"2025-11-20T09:22:11","date_gmt":"2025-11-20T09:22:11","guid":{"rendered":"https:\/\/vapestornado.com\/?post_type=product&#038;p=4582"},"modified":"2025-11-20T09:36:36","modified_gmt":"2025-11-20T09:36:36","slug":"hifancy-dream-45k-45000-puffs-disposable-vape-kit-fast-shipping-from-eu-warehouse","status":"publish","type":"product","link":"https:\/\/vapestornado.com\/lv\/product\/hifancy-dream-45k-45000-puffs-disposable-vape-kit-fast-shipping-from-eu-warehouse\/","title":{"rendered":"HiFancy Dream 45k 45000 Puffs Vienreiz\u0113j\u0101s lieto\u0161anas Vape komplekts \u0101tra pieg\u0101de no ES noliktavas"},"content":{"rendered":"<h2 data-pm-slice=\"1 1 []\">HiFancy Dream 45k 45000 Puffs Vienreiz\u0113j\u0101s lieto\u0161anas Vape komplekts \u2014 \u0101tra pieg\u0101de no ES noliktavas<\/h2>\n<p data-start=\"522\" data-end=\"892\">T\u0101 <strong data-start=\"526\" data-end=\"547\">HiFancy Dream 45k<\/strong> ir izstr\u0101d\u0101ts mazumtirgot\u0101jiem, kuriem nepiecie\u0161ams uzticams, augstas ietilp\u012bbas ier\u012bce, kas atbilst Eiropas \u0101tri augo\u0161\u0101 vienreiz\u0113j\u0101s lieto\u0161anas vape tirgus pras\u012bb\u0101m. Pozicion\u0113ts k\u0101 <strong data-start=\"704\" data-end=\"727\">Vienreiz\u0113j\u0101s lieto\u0161anas Vape komplekts<\/strong> ar iespaid\u012bgu iztur\u012bbu un stabilu veiktsp\u0113ju, tas nodro\u0161ina vairumtirdzniec\u012bbas uz\u0146\u0113mumiem uzticamu produktu, kas \u0101tri p\u0101rdodas Francij\u0101, It\u0101lij\u0101, Sp\u0101nij\u0101, V\u0101cij\u0101 un cit\u0101s ES re\u0123ionos.<\/p>\n<p data-start=\"894\" data-end=\"1347\">Izstr\u0101d\u0101ts ar <strong data-start=\"912\" data-end=\"925\">39ml tvertne<\/strong>, <strong data-start=\"927\" data-end=\"958\">650mAh uzl\u0101d\u0113jams akumulators<\/strong>, un <strong data-start=\"964\" data-end=\"984\">dubult\u0101 sieta spole<\/strong>, tad <strong data-start=\"990\" data-end=\"1013\">HiFancy Dream 45000<\/strong> nodro\u0161ina t\u012bru gar\u0161u un sp\u0113c\u012bgu tvaika ra\u017eo\u0161anu. Ar gudru <strong data-start=\"1085\" data-end=\"1118\">digit\u0101lo akumulatora jaudas displeju<\/strong>, lietot\u0101ji vienm\u0113r zina savu atlikumu, samazinot s\u016bdz\u012bbas un uzlabojot ikdienas apmierin\u0101t\u012bbu. \u012apa\u0161i augsts puffs skaits un stabila gaisa pl\u016bsmas sist\u0113ma padara to par praktisku izv\u0113li vaperiem, kuri v\u0113las ilgm\u016b\u017e\u012bbu bez sare\u017e\u0123\u012bjumiem.<\/p>\n<p data-start=\"1349\" data-end=\"1737\">ES mazumtirgot\u0101jiem ir priek\u0161roc\u012bbas no <strong data-start=\"1381\" data-end=\"1421\">vape \u0101tras pieg\u0101des no ES noliktavas<\/strong>, samazinot gaid\u012b\u0161anas laiku un import\u0113\u0161anas riskus. Dizains ir piem\u0113rots 25\u201335 gadus veciem vaperiem, kuri mekl\u0113 vienk\u0101r\u0161u, jaud\u012bgu ier\u012bci ar konsekventu gar\u0161as pieg\u0101di. Neatkar\u012bgi no t\u0101, vai j\u016bsu klienti dod priek\u0161roku aug\u013cu mais\u012bjumiem vai ledus klasikai, <strong data-start=\"1637\" data-end=\"1658\">HiFancy Dream 45k<\/strong> paliek gluda no s\u0101kuma l\u012bdz beig\u0101m pateicoties t\u0101s e\u013c\u013cas kodola atdal\u012b\u0161anas strukt\u016brai.<\/p>\n<p data-start=\"666\" data-end=\"1235\"><strong style=\"font-size: 16px;\"><span style=\"color: #ff0000;\">Pievienojiet Amy WhatsApp, lai sa\u0146emtu t\u016bl\u012bt\u0113ju atbildi un atlai\u017eu cenu!<\/span><\/strong><\/p>\n<p><img fetchpriority=\"high\" decoding=\"async\" class=\"size-full wp-image-2932\" src=\"https:\/\/vapestornado.com\/wp-content\/uploads\/2024\/12\/Vape-Wholesale.jpg\" alt=\"Veipu Vairumtirdzniec\u012bba\" width=\"229\" height=\"300\" \/><\/p>\n<h3><a href=\"https:\/\/wa.me\/8617776015835\" target=\"_blank\" rel=\"noopener\"><span style=\"color: #ff0000;\"><strong>WhatsApp: +86 17776015835<\/strong><\/span><\/a><\/h3>\n<p>&nbsp;<\/p>\n<h2><strong>Kas izce\u013c HiFancy Dream 45k Puff Vienreiz\u0113j\u0101s lieto\u0161anas Vape pildspalvu?<\/strong><\/h2>\n<ol data-start=\"246\" data-end=\"1434\">\n<li data-start=\"246\" data-end=\"361\">\n<p data-start=\"249\" data-end=\"361\"><strong data-start=\"249\" data-end=\"273\">45000 P\u016b\u0161u jauda<\/strong>: Nodro\u0161ina ilgu darb\u012bbas laiku bez bie\u017eas ier\u012bces nomai\u0146as.<\/p>\n<\/li>\n<li data-start=\"362\" data-end=\"503\">\n<p data-start=\"365\" data-end=\"503\"><strong data-start=\"365\" data-end=\"408\">Tr\u012bsk\u0101r\u0161\u0101s re\u017e\u012bma sist\u0113ma (EKO \/ M\u012bksts \/ Pa\u0101trin\u0101jums)<\/strong>: \u013bauj lietot\u0101jiem nekav\u0113joties p\u0101rsl\u0113gties starp ener\u0123ijas taup\u012b\u0161anas, gludajiem vai augsta iedarb\u012bbas vaping re\u017e\u012bmiem.<\/p>\n<\/li>\n<li data-start=\"504\" data-end=\"611\">\n<p data-start=\"507\" data-end=\"611\"><strong data-start=\"507\" data-end=\"535\">Pilnkr\u0101su viedais displejs<\/strong>: Skaidri r\u0101da akumulatora un e-\u0161\u0137idruma l\u012bmeni, lai viegli uzraudz\u012btu re\u0101llaik\u0101.<\/p>\n<\/li>\n<li data-start=\"612\" data-end=\"746\">\n<p data-start=\"615\" data-end=\"746\"><strong data-start=\"615\" data-end=\"637\">20ml e-\u0161\u0137idruma tvertne<\/strong>: Nodro\u0161ina lielu rezervu\u0101ru, lai nodro\u0161in\u0101tu konsekventu gar\u0161u un tvaika daudzumu visa ier\u012bces darb\u012bbas laik\u0101.<\/p>\n<\/li>\n<li data-start=\"747\" data-end=\"859\">\n<p data-start=\"750\" data-end=\"859\"><strong data-start=\"750\" data-end=\"788\">850mAh Type-C uzl\u0101d\u0113jama akumulators<\/strong>: Pied\u0101v\u0101 stipru iztur\u012bbu ar \u0101tru uzl\u0101di visu dienu intens\u012bvai lieto\u0161anai.<\/p>\n<\/li>\n<li data-start=\"860\" data-end=\"971\">\n<p data-start=\"863\" data-end=\"971\"><strong data-start=\"863\" data-end=\"891\">Dubult\u0101 re\u017e\u0123a spir\u0101les strukt\u016bra<\/strong>: Uzlabo tvaika bl\u012bvumu un uzlabo gar\u0161as skaidr\u012bbu, lai ieg\u016btu bag\u0101t\u012bg\u0101ku, pilnv\u0113rt\u012bg\u0101ku gar\u0161u.<\/p>\n<\/li>\n<li data-start=\"972\" data-end=\"1099\">\n<p data-start=\"975\" data-end=\"1099\"><strong data-start=\"975\" data-end=\"1002\">Da\u017e\u0101das gar\u0161as iesp\u0113jas<\/strong>: Pied\u0101v\u0101 da\u017e\u0101dus aug\u013cu, ledus un saldu mais\u012bjumu variantus, lai apmierin\u0101tu da\u017e\u0101das preferences.<\/p>\n<\/li>\n<li data-start=\"1100\" data-end=\"1223\">\n<p data-start=\"1103\" data-end=\"1223\"><strong data-start=\"1103\" data-end=\"1131\">Augstas kvalit\u0101tes est\u0113tiskais dizains<\/strong>: Izstr\u0101d\u0101ts ar stil\u012bgu, augstas kvalit\u0101tes apdari, kas piesaista m\u016bsdienu un tendenc\u0113m sekojo\u0161us lietot\u0101jus.<\/p>\n<\/li>\n<li data-start=\"1224\" data-end=\"1319\">\n<p data-start=\"1227\" data-end=\"1319\"><strong data-start=\"1227\" data-end=\"1253\">Optimiz\u0113ta gaisa pl\u016bsmas ce\u013c\u0161<\/strong>: Nodro\u0161ina gludu, stabilu ieelpu no pirm\u0101s l\u012bdz p\u0113d\u0113jai p\u016btienam.<\/p>\n<\/li>\n<li data-start=\"1320\" data-end=\"1434\">\n<p data-start=\"1324\" data-end=\"1434\"><strong data-start=\"1324\" data-end=\"1348\">Viedais izejas \u010dipsets<\/strong>: Saglab\u0101 konsekventu veiktsp\u0113ju un gar\u0161as nodro\u0161in\u0101jumu visa vaping cikla laik\u0101.<\/p>\n<\/li>\n<\/ol>\n<h2><strong>HiFancy Dream 45k Puffs Vienreizlietojamie Vape Gar\u0161u Saraksts<\/strong><\/h2>\n<h1 data-start=\"1744\" data-end=\"1781\"><\/h1>\n<ol data-start=\"1783\" data-end=\"2063\">\n<li data-start=\"1783\" data-end=\"1802\">\n<p data-start=\"1786\" data-end=\"1802\">Arb\u016bzu ledus<\/p>\n<\/li>\n<li data-start=\"1803\" data-end=\"1855\">\n<p data-start=\"1806\" data-end=\"1855\">Vasaras Sapnis (v\u012bnogu + apels\u012bnu + citronu + redbull)<\/p>\n<\/li>\n<li data-start=\"1856\" data-end=\"1869\">\n<p data-start=\"1859\" data-end=\"1869\">Kolas ledus<\/p>\n<\/li>\n<li data-start=\"1870\" data-end=\"1888\">\n<p data-start=\"1873\" data-end=\"1888\">Zils ave\u0146u ledus<\/p>\n<\/li>\n<li data-start=\"1889\" data-end=\"1911\">\n<p data-start=\"1892\" data-end=\"1911\">Zeme\u0146u ban\u0101ns<\/p>\n<\/li>\n<li data-start=\"1912\" data-end=\"1931\">\n<p data-start=\"1915\" data-end=\"1931\">Zeme\u0146u ledus<\/p>\n<\/li>\n<li data-start=\"1932\" data-end=\"1959\">\n<p data-start=\"1935\" data-end=\"1959\">Persiku mango arb\u016bzs<\/p>\n<\/li>\n<li data-start=\"1960\" data-end=\"1980\">\n<p data-start=\"1963\" data-end=\"1980\">Sul\u012bgs persiku ledus<\/p>\n<\/li>\n<li data-start=\"1981\" data-end=\"2046\">\n<p data-start=\"1984\" data-end=\"2046\">M\u012blest\u012bba 66 (arb\u016bzs + medusmelone + passion fruit + piparm\u0113tra)<\/p>\n<\/li>\n<li data-start=\"2047\" data-end=\"2063\">\n<p data-start=\"2051\" data-end=\"2063\">Citronu Laims<\/p>\n<\/li>\n<\/ol>\n<figure id=\"attachment_4576\" aria-describedby=\"caption-attachment-4576\" style=\"width: 300px\" class=\"wp-caption alignnone\"><img decoding=\"async\" class=\"size-medium wp-image-4576\" src=\"https:\/\/vapestornado.com\/wp-content\/uploads\/2025\/11\/Hifancy-Dream-45k-Puff-Disposable-Vape-300x300.webp\" alt=\"Hifancy Dream 45k Puffs Vienreizlietojamais Vape\" width=\"300\" height=\"300\" srcset=\"https:\/\/vapestornado.com\/wp-content\/uploads\/2025\/11\/Hifancy-Dream-45k-Puff-Disposable-Vape-300x300.webp 300w, https:\/\/vapestornado.com\/wp-content\/uploads\/2025\/11\/Hifancy-Dream-45k-Puff-Disposable-Vape-150x150.webp 150w, https:\/\/vapestornado.com\/wp-content\/uploads\/2025\/11\/Hifancy-Dream-45k-Puff-Disposable-Vape-768x768.webp 768w, https:\/\/vapestornado.com\/wp-content\/uploads\/2025\/11\/Hifancy-Dream-45k-Puff-Disposable-Vape-12x12.webp 12w, https:\/\/vapestornado.com\/wp-content\/uploads\/2025\/11\/Hifancy-Dream-45k-Puff-Disposable-Vape-600x600.webp 600w, https:\/\/vapestornado.com\/wp-content\/uploads\/2025\/11\/Hifancy-Dream-45k-Puff-Disposable-Vape-100x100.webp 100w, https:\/\/vapestornado.com\/wp-content\/uploads\/2025\/11\/Hifancy-Dream-45k-Puff-Disposable-Vape.webp 800w\" sizes=\"(max-width: 300px) 100vw, 300px\" \/><figcaption id=\"caption-attachment-4576\" class=\"wp-caption-text\">Hifancy Dream 45k Puffs Vienreizlietojamais Vape<\/figcaption><\/figure>\n<h2>K\u0101p\u0113c izv\u0113l\u0113ties Vapestornado lielapjoma pirkumiem?<\/h2>\n<div class=\"flex-shrink-0 flex flex-col relative items-end\">\n<div class=\"pt-0\">\n<div class=\"gizmo-bot-avatar flex h-8 w-8 items-center justify-center overflow-hidden rounded-full\">\n<div class=\"relative p-1 rounded-sm flex items-center justify-center bg-token-main-surface-primary text-token-text-primary h-8 w-8\">\n<p data-start=\"648\" data-end=\"799\">Izv\u0113le <strong data-start=\"189\" data-end=\"205\">Vapestornado<\/strong> k\u0101 j\u016bsu pieg\u0101d\u0101t\u0101js <strong data-start=\"227\" data-end=\"261\">Elf Bar Moon Night 40000 pufa<\/strong> noz\u012bm\u0113 nodro\u0161in\u0101t partneri, kas saprot Eiropas Savien\u012bbas vairumtirgot\u0101ju un mazumtirgot\u0101ju vajadz\u012bbas. M\u0113s koncentr\u0113jamies uz \u0101tru pieg\u0101di, p\u0101rbaud\u012btu kr\u0101jumu un stabilu ilgtermi\u0146a pieg\u0101di \u2014 galvenie faktori uz\u0146\u0113mumiem, kas p\u0101rdod lielu apjomu produktus, piem\u0113ram, <strong data-start=\"489\" data-end=\"515\">Elf Bar Moon Night 40K<\/strong>. Katrs partijas ir tie\u0161i ieg\u016bts no sertific\u0113tiem kan\u0101liem, nodro\u0161inot autentiskus produktus, stipru gar\u0161as konsekvenci un uzticamu kvalit\u0101ti, kas atbilst ES pirc\u0113ju gaid\u0101m.<\/p>\n<p data-start=\"559\" data-end=\"933\" data-is-last-node=\"\" data-is-only-node=\"\">M\u0113s ar\u012b pied\u0101v\u0101jam da\u017eus citus popul\u0101rus vienreiz\u0113jos vape ar ekr\u0101nu, piem\u0113ram, <a href=\"https:\/\/vapestornado.com\/lv\/product\/uzy-150k-puffs-6-in-1-flavor-switch-disposable-vape-pen-wholesale\/\">UZY 150K P\u016b\u0161 arom\u0101ta p\u0101rsl\u0113dz\u0113js vape<\/a>, <a href=\"https:\/\/vapestornado.com\/lv\/product\/vozol-rave-40k-40000-puffs-disposable-vape-smart-screen-5-nicotine\/\">VOZOL RAVE 40K Vienreiz\u0113jais Vape<\/a>, <a href=\"https:\/\/vapestornado.com\/lv\/product\/waspe-150k-150000-puff-6-in-1-disposable-vape-pen-cartridge-best-wholesale-price-in-poland\/\">WASPE 150K P\u016b\u0161 6 in 1<\/a>, un citi.<\/p>\n<p data-start=\"559\" data-end=\"933\" data-is-last-node=\"\" data-is-only-node=\"\">\n<\/div>\n<h2>BUJ par HiFancy Dream 45k<\/h2>\n<div class=\"relative p-1 rounded-sm flex items-center justify-center bg-token-main-surface-primary text-token-text-primary h-8 w-8\">\n<h3 data-start=\"2713\" data-end=\"2767\"><strong data-start=\"2717\" data-end=\"2765\">1. Cik ilgi kalpo HiFancy Dream 45k?<\/strong><\/h3>\n<p data-start=\"2768\" data-end=\"2924\">T\u0101 <strong data-start=\"2772\" data-end=\"2793\">HiFancy Dream 45k<\/strong> pied\u0101v\u0101 l\u012bdz pat <strong data-start=\"2807\" data-end=\"2823\">45 000 puffs<\/strong>, kas ir apr\u012bkots ar 39 ml tvertni un 650mAh uzl\u0101d\u0113jamu akumulatoru, nodro\u0161inot liel\u0101ku lietot\u0101ju ilgsto\u0161u daudzdienu lieto\u0161anu.<\/p>\n<h3 data-start=\"2926\" data-end=\"2984\"><strong data-start=\"2930\" data-end=\"2982\">2. Vai HiFancy Dream 45000 izmanto t\u012bkli\u0146u spir\u0101li?<\/strong><\/h3>\n<p data-start=\"2985\" data-end=\"3103\">J\u0101. Tam ir <strong data-start=\"3004\" data-end=\"3024\">dubult\u0101 sieta spole<\/strong> lai nodro\u0161in\u0101tu stipr\u0101ku gar\u0161as skaidr\u012bbu un glud\u0101ku tvaiku visa puff cikla laik\u0101.<\/p>\n<h3 data-start=\"3105\" data-end=\"3159\"><strong data-start=\"3109\" data-end=\"3157\">3. Kas padara pieg\u0101di \u0101tr\u0101ku Eiropas Savien\u012bbas pirc\u0113jiem?<\/strong><\/h3>\n<p data-start=\"3160\" data-end=\"3297\">Produkts tiek nos\u016bt\u012bts tie\u0161i no <strong data-start=\"3195\" data-end=\"3211\">ES noliktav\u0101<\/strong>, nodro\u0161inot \u0101tr\u0101ku pieg\u0101di un izvairoties no ilg\u0101m muitas aizkav\u0113\u0161an\u0101m Eiropas vairumtirgot\u0101jiem.<\/p>\n<h3 data-start=\"3299\" data-end=\"3364\"><strong data-start=\"3303\" data-end=\"3362\">4. Vai HiFancy Dream 45k ir akumulatora indikatoru?<\/strong><\/h3>\n<p data-start=\"3365\" data-end=\"3499\">J\u0101. Tam ir <strong data-start=\"3372\" data-end=\"3405\">digit\u0101lo akumulatora jaudas displeju<\/strong> kas r\u0101da re\u0101llaika akumulatora l\u012bmeni, uzlabojot lietot\u0101ja uztic\u012bbu un samazinot negaid\u012btu jaudas zudumu.<\/p>\n<h3 data-start=\"3501\" data-end=\"3571\"><strong data-start=\"3505\" data-end=\"3569\">5. K\u0101das ir popul\u0101r\u0101k\u0101s HiFancy Dream 45000 gar\u0161as?<\/strong><\/h3>\n<p data-start=\"3572\" data-end=\"3733\">Popul\u0101ras izv\u0113les ir <strong data-start=\"3596\" data-end=\"3614\">Arb\u016bzu ledus<\/strong>, <strong data-start=\"3616\" data-end=\"3633\">Zils ave\u0146u ledus<\/strong>, <strong data-start=\"3635\" data-end=\"3646\">M\u012blest\u012bba 66<\/strong>, un <strong data-start=\"3652\" data-end=\"3678\">Persiku mango arb\u016bzs<\/strong>, iecien\u012bts l\u012bdzsvarotas salduma un atsvaidzino\u0161a beigu d\u0113\u013c.<\/p>\n<\/div>\n<\/div>\n<\/div>\n<\/div>","protected":false},"excerpt":{"rendered":"<article class=\"text-token-text-primary w-full focus:outline-none [--shadow-height:45px] has-data-writing-block:pointer-events-none has-data-writing-block:-mt-(--shadow-height) has-data-writing-block:pt-(--shadow-height) [&amp;:has([data-writing-block])&gt;*]:pointer-events-auto [content-visibility:auto] supports-[content-visibility:auto]:[contain-intrinsic-size:auto_100lvh] scroll-mt-[calc(var(--header-height)+min(200px,max(70px,20svh)))]\" dir=\"auto\" tabindex=\"-1\" data-turn-id=\"86ca9d92-7a10-4e6b-bda0-15f9df36adca\" data-testid=\"conversation-turn-120\" data-scroll-anchor=\"true\" data-turn=\"assistant\">\n<div class=\"text-base my-auto mx-auto pb-10 [--thread-content-margin:--spacing(4)] thread-sm:[--thread-content-margin:--spacing(6)] thread-lg:[--thread-content-margin:--spacing(16)] px-(--thread-content-margin)\">\n<div class=\"[--thread-content-max-width:40rem] thread-lg:[--thread-content-max-width:48rem] mx-auto max-w-(--thread-content-max-width) flex-1 group\/turn-messages focus-visible:outline-hidden relative flex w-full min-w-0 flex-col agent-turn\" tabindex=\"-1\">\n<div class=\"flex max-w-full flex-col grow\">\n<div class=\"min-h-8 text-message relative flex w-full flex-col items-end gap-2 text-start break-words whitespace-normal [.text-message+&amp;]:mt-1\" dir=\"auto\" data-message-author-role=\"assistant\" data-message-id=\"43b070d6-bf28-4fbe-8049-1032a61ea3ac\" data-message-model-slug=\"gpt-5\">\n<div class=\"flex w-full flex-col gap-1 empty:hidden first:pt-[1px]\">\n<div class=\"markdown prose dark:prose-invert w-full break-words light markdown-new-styling\">\n<article class=\"text-token-text-primary w-full focus:outline-none [--shadow-height:45px] has-data-writing-block:pointer-events-none has-data-writing-block:-mt-(--shadow-height) has-data-writing-block:pt-(--shadow-height) [&amp;:has([data-writing-block])&gt;*]:pointer-events-auto [content-visibility:auto] supports-[content-visibility:auto]:[contain-intrinsic-size:auto_100lvh] scroll-mt-[calc(var(--header-height)+min(200px,max(70px,20svh)))]\" dir=\"auto\" tabindex=\"-1\" data-turn-id=\"4d6f00b8-d41a-438b-8912-05a895842882\" data-testid=\"conversation-turn-130\" data-scroll-anchor=\"true\" data-turn=\"assistant\">\n<div class=\"text-base my-auto mx-auto pb-10 [--thread-content-margin:--spacing(4)] thread-sm:[--thread-content-margin:--spacing(6)] thread-lg:[--thread-content-margin:--spacing(16)] px-(--thread-content-margin)\">\n<div class=\"[--thread-content-max-width:40rem] thread-lg:[--thread-content-max-width:48rem] mx-auto max-w-(--thread-content-max-width) flex-1 group\/turn-messages focus-visible:outline-hidden relative flex w-full min-w-0 flex-col agent-turn\" tabindex=\"-1\">\n<div class=\"flex max-w-full flex-col grow\">\n<div class=\"min-h-8 text-message relative flex w-full flex-col items-end gap-2 text-start break-words whitespace-normal [.text-message+&amp;]:mt-1\" dir=\"auto\" data-message-author-role=\"assistant\" data-message-id=\"f3c520bf-c043-4392-87ea-b3bf1b3ae6d3\" data-message-model-slug=\"gpt-5-1\">\n<div class=\"flex w-full flex-col gap-1 empty:hidden first:pt-[1px]\">\n<div class=\"markdown prose dark:prose-invert w-full break-words light markdown-new-styling\">\n<p>HiFancy Dream 45k 45000 Puffs Vape komplekts \u2014 ES noliktava \u0101tra pieg\u0101de vairumtirdzniec\u012bb\u0101<br \/>\nVairumtirdzniec\u012bba HiFancy Dream 45000 Vienreiz\u0113j\u0101s lieto\u0161anas Vape komplekts ar dubultu re\u017e\u0123a spir\u0101li, ES kr\u0101jumi<br \/>\nHiFancy Dream 45k Augstas ietilp\u012bbas vienreiz\u0113j\u0101s lieto\u0161anas \u2014 lab\u0101kais 45000 puffs vape ar \u0101tru pieg\u0101di ES<\/p>\n<\/div>\n<\/div>\n<\/div>\n<\/div>\n<\/div>\n<\/div>\n<\/article>\n<div class=\"pointer-events-none h-px w-px\" aria-hidden=\"true\" data-edge=\"true\"><\/div>\n<\/div>\n<\/div>\n<\/div>\n<\/div>\n<\/div>\n<\/div>\n<\/article>\n<p><img fetchpriority=\"high\" decoding=\"async\" class=\"size-full wp-image-2932\" src=\"https:\/\/vapestornado.com\/wp-content\/uploads\/2024\/12\/Vape-Wholesale.jpg\" alt=\"Veipu Vairumtirdzniec\u012bba\" width=\"229\" height=\"300\" \/><\/p>\n<h3><a href=\"https:\/\/wa.me\/8617776015835\"><span style=\"color: #ff0000;\"><strong>WhatsApp: +86 17776015835<\/strong><\/span><\/a><\/h3>\n<p>&nbsp;<\/p>","protected":false},"featured_media":4581,"comment_status":"open","ping_status":"closed","template":"","meta":{"_acf_changed":false,"_uag_custom_page_level_css":"","_lmt_disableupdate":"no","_lmt_disable":"","_monsterinsights_skip_tracking":false,"_monsterinsights_sitenote_active":false,"_monsterinsights_sitenote_note":"","_monsterinsights_sitenote_category":0,"site-sidebar-layout":"default","site-content-layout":"","ast-site-content-layout":"default","site-content-style":"default","site-sidebar-style":"default","ast-global-header-display":"","ast-banner-title-visibility":"","ast-main-header-display":"","ast-hfb-above-header-display":"","ast-hfb-below-header-display":"","ast-hfb-mobile-header-display":"","site-post-title":"","ast-breadcrumbs-content":"","ast-featured-img":"","footer-sml-layout":"","ast-disable-related-posts":"","theme-transparent-header-meta":"default","adv-header-id-meta":"","stick-header-meta":"","header-above-stick-meta":"","header-main-stick-meta":"","header-below-stick-meta":"","astra-migrate-meta-layouts":"set","ast-page-background-enabled":"default","ast-page-background-meta":{"desktop":{"background-color":"","background-image":"","background-repeat":"repeat","background-position":"center center","background-size":"auto","background-attachment":"scroll","background-type":"","background-media":"","overlay-type":"","overlay-color":"","overlay-opacity":"","overlay-gradient":""},"tablet":{"background-color":"","background-image":"","background-repeat":"repeat","background-position":"center center","background-size":"auto","background-attachment":"scroll","background-type":"","background-media":"","overlay-type":"","overlay-color":"","overlay-opacity":"","overlay-gradient":""},"mobile":{"background-color":"","background-image":"","background-repeat":"repeat","background-position":"center center","background-size":"auto","background-attachment":"scroll","background-type":"","background-media":"","overlay-type":"","overlay-color":"","overlay-opacity":"","overlay-gradient":""}},"ast-content-background-meta":{"desktop":{"background-color":"var(--ast-global-color-5)","background-image":"","background-repeat":"repeat","background-position":"center center","background-size":"auto","background-attachment":"scroll","background-type":"","background-media":"","overlay-type":"","overlay-color":"","overlay-opacity":"","overlay-gradient":""},"tablet":{"background-color":"var(--ast-global-color-5)","background-image":"","background-repeat":"repeat","background-position":"center center","background-size":"auto","background-attachment":"scroll","background-type":"","background-media":"","overlay-type":"","overlay-color":"","overlay-opacity":"","overlay-gradient":""},"mobile":{"background-color":"var(--ast-global-color-5)","background-image":"","background-repeat":"repeat","background-position":"center center","background-size":"auto","background-attachment":"scroll","background-type":"","background-media":"","overlay-type":"","overlay-color":"","overlay-opacity":"","overlay-gradient":""}},"_joinchat":{"telephone":"17776015835"}},"product_brand":[],"product_cat":[265,149,150,151,156,357,146],"product_tag":[105,446,443,444,436,268,445],"class_list":{"0":"post-4582","1":"product","2":"type-product","3":"status-publish","4":"has-post-thumbnail","6":"product_cat-45000-puff","7":"product_cat-buy-disposable-vapes-in-austria","8":"product_cat-buy-disposable-vapes-in-belgium","9":"product_cat-buy-disposable-vapes-in-france","10":"product_cat-buy-disposable-vapes-in-poland","11":"product_cat-flavor-adjustable-vape","12":"product_cat-rechargeable-disposable-vapes","13":"product_tag-digital-disposable-vape","14":"product_tag-disposable-vape-kit","15":"product_tag-hifancy-dream-450000","16":"product_tag-hifancy-dream-45k","17":"product_tag-shop-vape-online","18":"product_tag-touch-screen-vape","19":"product_tag-vape-eu-warehouse-fast-shipping","20":"desktop-align-left","21":"tablet-align-left","22":"mobile-align-left","24":"first","25":"instock","26":"sale","27":"shipping-taxable","28":"purchasable","29":"product-type-simple"},"acf":[],"uagb_featured_image_src":{"full":["https:\/\/vapestornado.com\/wp-content\/uploads\/2025\/11\/Shop-HIFANCY-45k-Disposable-Vape-Bar.webp",800,800,false],"thumbnail":["https:\/\/vapestornado.com\/wp-content\/uploads\/2025\/11\/Shop-HIFANCY-45k-Disposable-Vape-Bar-150x150.webp",150,150,true],"medium":["https:\/\/vapestornado.com\/wp-content\/uploads\/2025\/11\/Shop-HIFANCY-45k-Disposable-Vape-Bar-300x300.webp",300,300,true],"medium_large":["https:\/\/vapestornado.com\/wp-content\/uploads\/2025\/11\/Shop-HIFANCY-45k-Disposable-Vape-Bar-768x768.webp",768,768,true],"large":["https:\/\/vapestornado.com\/wp-content\/uploads\/2025\/11\/Shop-HIFANCY-45k-Disposable-Vape-Bar.webp",800,800,false],"1536x1536":["https:\/\/vapestornado.com\/wp-content\/uploads\/2025\/11\/Shop-HIFANCY-45k-Disposable-Vape-Bar.webp",800,800,false],"2048x2048":["https:\/\/vapestornado.com\/wp-content\/uploads\/2025\/11\/Shop-HIFANCY-45k-Disposable-Vape-Bar.webp",800,800,false],"trp-custom-language-flag":["https:\/\/vapestornado.com\/wp-content\/uploads\/2025\/11\/Shop-HIFANCY-45k-Disposable-Vape-Bar-12x12.webp",12,12,true],"woocommerce_thumbnail":["https:\/\/vapestornado.com\/wp-content\/uploads\/2025\/11\/Shop-HIFANCY-45k-Disposable-Vape-Bar-300x300.webp",300,300,true],"woocommerce_single":["https:\/\/vapestornado.com\/wp-content\/uploads\/2025\/11\/Shop-HIFANCY-45k-Disposable-Vape-Bar-600x600.webp",600,600,true],"woocommerce_gallery_thumbnail":["https:\/\/vapestornado.com\/wp-content\/uploads\/2025\/11\/Shop-HIFANCY-45k-Disposable-Vape-Bar-100x100.webp",100,100,true]},"uagb_author_info":{"display_name":"ESAMY","author_link":"https:\/\/vapestornado.com\/lv\/author\/"},"uagb_comment_info":0,"uagb_excerpt":"HiFancy Dream 45k 45000 Puffs Vape Kit \u2014 EU Warehouse Fast Delivery Wholesale Wholesale HiFancy Dream 45000 Disposable Vape Kit with Double Mesh Coil EU Stock HiFancy Dream 45k High-Capacity Disposable \u2014 Best 45000 Puffs Vape Fast Shipping EU WhatsApp: +86 17776015835 &nbsp;","_links":{"self":[{"href":"https:\/\/vapestornado.com\/lv\/wp-json\/wp\/v2\/product\/4582","targetHints":{"allow":["GET"]}}],"collection":[{"href":"https:\/\/vapestornado.com\/lv\/wp-json\/wp\/v2\/product"}],"about":[{"href":"https:\/\/vapestornado.com\/lv\/wp-json\/wp\/v2\/types\/product"}],"replies":[{"embeddable":true,"href":"https:\/\/vapestornado.com\/lv\/wp-json\/wp\/v2\/comments?post=4582"}],"wp:featuredmedia":[{"embeddable":true,"href":"https:\/\/vapestornado.com\/lv\/wp-json\/wp\/v2\/media\/4581"}],"wp:attachment":[{"href":"https:\/\/vapestornado.com\/lv\/wp-json\/wp\/v2\/media?parent=4582"}],"wp:term":[{"taxonomy":"product_brand","embeddable":true,"href":"https:\/\/vapestornado.com\/lv\/wp-json\/wp\/v2\/product_brand?post=4582"},{"taxonomy":"product_cat","embeddable":true,"href":"https:\/\/vapestornado.com\/lv\/wp-json\/wp\/v2\/product_cat?post=4582"},{"taxonomy":"product_tag","embeddable":true,"href":"https:\/\/vapestornado.com\/lv\/wp-json\/wp\/v2\/product_tag?post=4582"}],"curies":[{"name":"wp","href":"https:\/\/api.w.org\/{rel}","templated":true}]}}