{"id":4566,"date":"2025-11-18T08:50:18","date_gmt":"2025-11-18T08:50:18","guid":{"rendered":"https:\/\/vapestornado.com\/?post_type=product&#038;p=4566"},"modified":"2025-11-18T09:04:54","modified_gmt":"2025-11-18T09:04:54","slug":"bang-legend-150000-puffs-6-in-1-flavor-newest-disposable-vape","status":"publish","type":"product","link":"https:\/\/vapestornado.com\/lv\/product\/bang-legend-150000-puffs-6-in-1-flavor-newest-disposable-vape\/","title":{"rendered":"Bang Legend 150000 Puffs 6 in 1 Gar\u0161a Jaun\u0101k\u0101 Vienreiz\u0113j\u0101s lieto\u0161anas Vape"},"content":{"rendered":"<h2 data-pm-slice=\"1 1 []\">Bang Legend 150000 Uzp\u016btienu 6-in-1 Gar\u0161as Jaun\u0101kais Vienreiz\u0113j\u0101s Lieto\u0161anas Vape \u2014 It\u0101lijas Lab\u0101kais Vape Vairumtirdzniec\u012bbas Karstais P\u0101rdev\u0113js<\/h2>\n<p data-start=\"419\" data-end=\"845\">T\u0101 <strong data-start=\"423\" data-end=\"451\">Bang Legend 150000 Uzp\u016btienu<\/strong> veido 2025. gada ES vap\u0113\u0161anas tirgu ar form\u0101tu, kas paredz\u0113ts vairumtirgot\u0101jiem un jauniem v\u012brie\u0161u pat\u0113r\u0113t\u0101jiem, kuri mekl\u0113 jaudu, gar\u0161as dzi\u013cumu un ilgsto\u0161u veiktsp\u0113ju. \u0160is <strong data-start=\"614\" data-end=\"640\">Jaun\u0101kais Vienreiz\u0113j\u0101s Lieto\u0161anas Vape<\/strong> pied\u0101v\u0101 uzlabotu <strong data-start=\"660\" data-end=\"682\">6-in-1 gar\u0161as vape<\/strong> sist\u0113mu, kas \u013cauj lietot\u0101jiem p\u0101rsl\u0113gties starp se\u0161iem augst\u0101k\u0101s kvalit\u0101tes mais\u012bjumiem vien\u0101 ier\u012bc\u0113, vienk\u0101r\u0161ojot invent\u0101ru mazumtirgot\u0101jiem un nodro\u0161inot daudzpus\u012bgu pieredzi gala lietot\u0101jiem.<\/p>\n<p data-start=\"847\" data-end=\"1062\">Bang Legend 150K, kas izstr\u0101d\u0101ts, \u0146emot v\u0113r\u0101 vairumtirdzniec\u012bbas izplat\u012b\u0161anu, apvieno iztur\u012bbu, stabilu tvaika izvadi un augst\u0101k\u0101s klases sild\u012b\u0161anas tehnolo\u0123iju, padarot to par oblig\u0101tu izv\u0113li <strong data-start=\"1023\" data-end=\"1052\">It\u0101lijas Lab\u0101kais Vape Vairumtirdzniec\u012bbas<\/strong> kan\u0101liem.<\/p>\n<p data-start=\"1064\" data-end=\"1568\">Ier\u012bce, ko darbina 850 mAh uzl\u0101d\u0113jams akumulators un 1,0*3 sieta spole, nodro\u0161ina vienm\u0113r\u012bgu tvaiku un izteiktu gar\u0161u no pirm\u0101 ieelpas l\u012bdz p\u0113d\u0113jam uzp\u016btienam. Ar C tipa \u0101tro uzl\u0101di un milz\u012bgu <strong data-start=\"1256\" data-end=\"1271\">150000 uzp\u016btienu<\/strong> ietilp\u012bbu \u0161is modelis atbilst ES tirgus piepras\u012bjumam p\u0113c ilgsto\u0161iem vienreiz\u0113j\u0101s lieto\u0161anas vape, kas samazina d\u012bkst\u0101vi un palielina lietot\u0101ju \u0113rt\u012bbas.<\/p>\n<p data-start=\"1570\" data-end=\"1827\">\u0160is ir ier\u012bces tips, ko ES veikali nov\u0113rt\u0113: uzticams, gar\u0161\u012bgs, ar lielu ietilp\u012bbu un gatavs ieg\u0101dei vairum\u0101. \u0160is <strong data-start=\"1682\" data-end=\"1710\">Bang Legend 150000 Uzp\u016btienu<\/strong> nav tikai v\u0113l viens vienreiz\u0113j\u0101s lieto\u0161anas produkts \u2014 tas ir kategorijas l\u012bderis, kas paredz\u0113ts nopietniem mazumtirgot\u0101jiem un izplat\u012bt\u0101jiem vis\u0101 Eirop\u0101.<\/p>\n<p data-start=\"666\" data-end=\"1235\"><strong style=\"font-size: 16px;\"><span style=\"color: #ff0000;\">Pievienojiet Amy WhatsApp, lai sa\u0146emtu t\u016bl\u012bt\u0113ju atbildi un atlai\u017eu cenu!<\/span><\/strong><\/p>\n<p><img fetchpriority=\"high\" decoding=\"async\" class=\"size-full wp-image-2932\" src=\"https:\/\/vapestornado.com\/wp-content\/uploads\/2024\/12\/Vape-Wholesale.jpg\" alt=\"Veipu Vairumtirdzniec\u012bba\" width=\"229\" height=\"300\" \/><\/p>\n<h3><a href=\"https:\/\/wa.me\/8617776015835\" target=\"_blank\" rel=\"noopener\"><span style=\"color: #ff0000;\"><strong>WhatsApp: +86 17776015835<\/strong><\/span><\/a><\/h3>\n<p>&nbsp;<\/p>\n<h2><strong>Ar ko Bang Legend 150000 Uzp\u016btienu Vienreiz\u0113j\u0101s Lieto\u0161anas Vape Pildspalva izce\u013cas?<\/strong><\/h2>\n<ul>\n<li data-start=\"3944\" data-end=\"3990\">\n<p data-start=\"3946\" data-end=\"3990\"><strong data-start=\"3946\" data-end=\"3970\">150000 uzp\u016btienu ietilp\u012bba<\/strong> ilgtermi\u0146a lieto\u0161anai<\/p>\n<\/li>\n<li data-start=\"3991\" data-end=\"4055\">\n<p data-start=\"3993\" data-end=\"4055\"><strong data-start=\"3993\" data-end=\"4019\">6-in-1 gar\u0161as rot\u0101cija<\/strong> izstr\u0101d\u0101ts ES jaunie\u0161u v\u0113lm\u0113m<\/p>\n<\/li>\n<li data-start=\"4056\" data-end=\"4109\">\n<p data-start=\"4058\" data-end=\"4109\"><strong data-start=\"4058\" data-end=\"4077\">1.0*3 sieta spole<\/strong> t\u012bra, bl\u012bva tvaika pieg\u0101de<\/p>\n<\/li>\n<li data-start=\"4110\" data-end=\"4151\">\n<p data-start=\"4112\" data-end=\"4151\"><strong data-start=\"4112\" data-end=\"4130\">850mAh akumulators<\/strong> ar stabilu izvad\u012b\u0161anu<\/p>\n<\/li>\n<li data-start=\"4152\" data-end=\"4201\">\n<p data-start=\"4154\" data-end=\"4201\"><strong data-start=\"4154\" data-end=\"4178\">C tipa \u0101tr\u0101 uzl\u0101de<\/strong> lai samazin\u0101tu d\u012bkst\u0101vi<\/p>\n<\/li>\n<li data-start=\"4202\" data-end=\"4272\">\n<p data-start=\"4204\" data-end=\"4272\"><strong data-start=\"4204\" data-end=\"4229\">OEM\/ODM piel\u0101go\u0161ana<\/strong> lielapstr\u0101d\u0101t\u0101jiem un priv\u0101t\u0101s z\u012bmola markas<\/p>\n<\/li>\n<\/ul>\n<figure id=\"attachment_4561\" aria-describedby=\"caption-attachment-4561\" style=\"width: 300px\" class=\"wp-caption alignnone\"><img decoding=\"async\" class=\"size-medium wp-image-4561\" src=\"https:\/\/vapestornado.com\/wp-content\/uploads\/2025\/11\/Bang-Legend-150K-Puff-Multi-Flavor-Disposable-Vape-300x300.webp\" alt=\"Bang Legend 150K P\u016b\u0161u Daudzgar\u0161u Vienreiz\u0113j\u0101s Vape\" width=\"300\" height=\"300\" srcset=\"https:\/\/vapestornado.com\/wp-content\/uploads\/2025\/11\/Bang-Legend-150K-Puff-Multi-Flavor-Disposable-Vape-300x300.webp 300w, https:\/\/vapestornado.com\/wp-content\/uploads\/2025\/11\/Bang-Legend-150K-Puff-Multi-Flavor-Disposable-Vape-150x150.webp 150w, https:\/\/vapestornado.com\/wp-content\/uploads\/2025\/11\/Bang-Legend-150K-Puff-Multi-Flavor-Disposable-Vape-768x768.webp 768w, https:\/\/vapestornado.com\/wp-content\/uploads\/2025\/11\/Bang-Legend-150K-Puff-Multi-Flavor-Disposable-Vape-12x12.webp 12w, https:\/\/vapestornado.com\/wp-content\/uploads\/2025\/11\/Bang-Legend-150K-Puff-Multi-Flavor-Disposable-Vape-600x600.webp 600w, https:\/\/vapestornado.com\/wp-content\/uploads\/2025\/11\/Bang-Legend-150K-Puff-Multi-Flavor-Disposable-Vape-100x100.webp 100w, https:\/\/vapestornado.com\/wp-content\/uploads\/2025\/11\/Bang-Legend-150K-Puff-Multi-Flavor-Disposable-Vape.webp 800w\" sizes=\"(max-width: 300px) 100vw, 300px\" \/><figcaption id=\"caption-attachment-4561\" class=\"wp-caption-text\">Bang Legend 150K P\u016b\u0161u Daudzgar\u0161u Vienreiz\u0113j\u0101s Vape<\/figcaption><\/figure>\n<h2 class=\"product-title\"><strong>Bang Legend 150000 P\u016b\u0161u Vienreiz\u0113j\u0101s Vape Gar\u0161u Saraksts<\/strong><\/h2>\n<h2 data-start=\"1834\" data-end=\"1884\"><\/h2>\n<ol>\n<li style=\"list-style-type: none;\">\n<ol data-start=\"1886\" data-end=\"3879\">\n<li data-start=\"1886\" data-end=\"2027\">\n<p data-start=\"1889\" data-end=\"2027\"><strong data-start=\"1889\" data-end=\"1934\">Apriko\u017eu Ledus \/ Mango Aprikoze \/ Mellenes Aprikoze<\/strong><br data-start=\"1934\" data-end=\"1937\" \/>Apriko\u017eu Ledus + Mango Aprikoze \/ Apriko\u017eu Ledus + Mellenes Aprikoze \/ Mango Aprikoze + Mellenes Aprikoze<\/p>\n<\/li>\n<li data-start=\"2028\" data-end=\"2214\">\n<p data-start=\"2031\" data-end=\"2214\"><strong data-start=\"2031\" data-end=\"2091\">Anan\u0101su Ledus \/ Anan\u0101su Kokosrieksts \/ Kiwija Anan\u0101s<\/strong><br data-start=\"2091\" data-end=\"2094\" \/>Anan\u0101su Ledus + Anan\u0101su Kokosrieksts \/ Anan\u0101su Ledus + Kiwija Anan\u0101s \/ Anan\u0101su Kokosrieksts + Kiwija Anan\u0101s<\/p>\n<\/li>\n<li data-start=\"2215\" data-end=\"2371\">\n<p data-start=\"2218\" data-end=\"2371\"><strong data-start=\"2218\" data-end=\"2268\">V\u012bnogu Ledus \/ V\u012bnogu Burbul\u012b\u0161u Gumija \/ Raspberiju V\u012bnogas<\/strong><br data-start=\"2268\" data-end=\"2271\" \/>V\u012bnogu Ledus + V\u012bnogu Burbul\u012b\u0161u Gumija \/ V\u012bnogu Ledus + Raspberiju V\u012bnogas \/ V\u012bnogu Burbul\u012b\u0161u Gumija + Raspberiju V\u012bnogas<\/p>\n<\/li>\n<li data-start=\"2372\" data-end=\"2567\">\n<p data-start=\"2375\" data-end=\"2567\"><strong data-start=\"2375\" data-end=\"2438\">\u0136ir\u0161u Arb\u016bza Ledus \/ Arb\u016bza ogas \/ Zeme\u0146u Arb\u016bza<\/strong><br data-start=\"2438\" data-end=\"2441\" \/>\u0136ir\u0161u Arb\u016bza Ledus + Arb\u016bza ogas \/ Arb\u016bza Ledus + Zeme\u0146u Arb\u016bza \/ Ogu Arb\u016bza + Zeme\u0146u Arb\u016bza<\/p>\n<\/li>\n<li data-start=\"2568\" data-end=\"2778\">\n<p data-start=\"2571\" data-end=\"2778\"><strong data-start=\"2571\" data-end=\"2639\">V\u012bnogu Ledus \/ V\u012bnogu Burbul\u012b\u0161u Gumija \/ Raspberiju V\u012bnogas<\/strong><br data-start=\"2639\" data-end=\"2642\" \/>V\u012bnogu Ledus + V\u012bnogu Burbul\u012b\u0161u Gumija \/ V\u012bnogu Ledus + Raspberiju V\u012bnogas \/ V\u012bnogu Burbul\u012b\u0161u Gumija + Raspberiju V\u012bnogas<\/p>\n<\/li>\n<li data-start=\"2779\" data-end=\"2950\">\n<p data-start=\"2782\" data-end=\"2950\"><strong data-start=\"2782\" data-end=\"2837\">Zemenes Ledus \/ Zeme\u0146u Riekstu \/ Zeme\u0146u Cranberry \u0137irsis<\/strong><br data-start=\"2837\" data-end=\"2840\" \/>Zemenes Ledus + Zeme\u0146u Riekstu \/ Zemenes Ledus + Cranberry \u0137irsis \/ Zeme\u0146u Raspberiju + Cranberry \u0137irsis<\/p>\n<\/li>\n<li data-start=\"2951\" data-end=\"3092\">\n<p data-start=\"2954\" data-end=\"3092\"><strong data-start=\"2954\" data-end=\"2999\">Ban\u0101nu Ledus \/ Zeme\u0146u Ban\u0101ns \/ Citronu sk\u0101bes Orange<\/strong><br data-start=\"2999\" data-end=\"3002\" \/>\u0100bolu ledus + \u0100bolu v\u012bnogu \/ \u0100bolu ledus + Mellenes v\u012bnogu \/ \u0100bolu v\u012bnogu + Mellenes v\u012bnogu<\/p>\n<\/li>\n<li data-start=\"3093\" data-end=\"3252\">\n<p data-start=\"3096\" data-end=\"3252\"><strong data-start=\"3096\" data-end=\"3147\">Mango ledus \/ Persiku Mango arb\u016bzs \/ Gumi\u0146\u0161 l\u0101cis<\/strong><br data-start=\"3147\" data-end=\"3150\" \/>Mango ledus + Persiku Mango arb\u016bzs \/ Mango ledus + Gumi\u0146\u0161 l\u0101cis \/ Persiku Mango arb\u016bzs + Gumi\u0146\u0161 l\u0101cis<\/p>\n<\/li>\n<li data-start=\"3253\" data-end=\"3382\">\n<p data-start=\"3256\" data-end=\"3382\"><strong data-start=\"3256\" data-end=\"3297\">\u0136ir\u0161u ledus \/ Sajaukts ogu \/ Sarkan\u0101 kola<\/strong><br data-start=\"3297\" data-end=\"3300\" \/>\u0136ir\u0161u ledus + Sajaukts ogu \/ \u0136ir\u0161u ledus + Sarkan\u0101 kola \/ Sajaukts ogu + Sarkan\u0101 kola<\/p>\n<\/li>\n<li data-start=\"3383\" data-end=\"3528\">\n<p data-start=\"3387\" data-end=\"3528\"><strong data-start=\"3387\" data-end=\"3433\">Red Bull \/ Arb\u016bza burbu\u013cgumija \/ M\u012blest\u012bba 66<\/strong><br data-start=\"3433\" data-end=\"3436\" \/>Red Bull + Arb\u016bza burbu\u013cgumija \/ Red Bull + M\u012blest\u012bba 66 \/ Arb\u016bza burbu\u013cgumija + M\u012blest\u012bba 66<\/p>\n<\/li>\n<li data-start=\"3529\" data-end=\"3704\">\n<p data-start=\"3533\" data-end=\"3704\"><strong data-start=\"3533\" data-end=\"3589\">Zeme\u0146u ledus \/ Zeme\u0146u kivi \/ Zeme\u0146u li\u010dijs<\/strong><br data-start=\"3589\" data-end=\"3592\" \/>Zeme\u0146u ledus + Zeme\u0146u kivi \/ Zeme\u0146u ledus + Zeme\u0146u li\u010dijs \/ Zeme\u0146u kivi + Zeme\u0146u li\u010dijs<\/p>\n<\/li>\n<li data-start=\"3705\" data-end=\"3879\">\n<p data-start=\"3709\" data-end=\"3879\"><strong data-start=\"3709\" data-end=\"3772\">Aizraut\u012bgs passion fruits \/ Guava laima \/ Passion fruit citrons<\/strong><br data-start=\"3772\" data-end=\"3775\" \/>Passion fruit + Guava laima \/ Passion fruit + Passion fruit citrons \/ Guava laima + Passion fruit citrons<\/p>\n<\/li>\n<\/ol>\n<\/li>\n<\/ol>\n<p>&nbsp;<\/p>\n<h2>K\u0101p\u0113c izv\u0113l\u0113ties Vapestornado Bang Legend 150000 pufa lielapjoma pirkumiem?<\/h2>\n<div class=\"flex-shrink-0 flex flex-col relative items-end\">\n<div class=\"pt-0\">\n<div class=\"gizmo-bot-avatar flex h-8 w-8 items-center justify-center overflow-hidden rounded-full\">\n<div class=\"relative p-1 rounded-sm flex items-center justify-center bg-token-main-surface-primary text-token-text-primary h-8 w-8\">\n<p data-start=\"648\" data-end=\"799\">Izv\u0113le <strong data-start=\"189\" data-end=\"205\">Vapestornado<\/strong> k\u0101 j\u016bsu pieg\u0101d\u0101t\u0101js <strong data-start=\"227\" data-end=\"261\">Elf Bar Moon Night 40000 pufa<\/strong> noz\u012bm\u0113 nodro\u0161in\u0101t partneri, kas saprot Eiropas Savien\u012bbas vairumtirgot\u0101ju un mazumtirgot\u0101ju vajadz\u012bbas. M\u0113s koncentr\u0113jamies uz \u0101tru pieg\u0101di, p\u0101rbaud\u012btu kr\u0101jumu un stabilu ilgtermi\u0146a pieg\u0101di \u2014 galvenie faktori uz\u0146\u0113mumiem, kas p\u0101rdod lielu apjomu produktus, piem\u0113ram, <strong data-start=\"489\" data-end=\"515\">Elf Bar Moon Night 40K<\/strong>. Katrs partijas ir tie\u0161i ieg\u016bts no sertific\u0113tiem kan\u0101liem, nodro\u0161inot autentiskus produktus, stipru gar\u0161as konsekvenci un uzticamu kvalit\u0101ti, kas atbilst ES pirc\u0113ju gaid\u0101m.<\/p>\n<p data-start=\"559\" data-end=\"933\" data-is-last-node=\"\" data-is-only-node=\"\">M\u0113s ar\u012b pied\u0101v\u0101jam da\u017eus citus popul\u0101rus vienreiz\u0113jos vape ar ekr\u0101nu, piem\u0113ram, <a href=\"https:\/\/vapestornado.com\/lv\/product\/uzy-150k-puffs-6-in-1-flavor-switch-disposable-vape-pen-wholesale\/\">UZY 150K P\u016b\u0161 arom\u0101ta p\u0101rsl\u0113dz\u0113js vape<\/a>, <a href=\"https:\/\/vapestornado.com\/lv\/product\/vozol-rave-40k-40000-puffs-disposable-vape-smart-screen-5-nicotine\/\">VOZOL RAVE 40K Vienreiz\u0113jais Vape<\/a>, <a href=\"https:\/\/vapestornado.com\/lv\/product\/waspe-150k-150000-puff-6-in-1-disposable-vape-pen-cartridge-best-wholesale-price-in-poland\/\">WASPE 150K P\u016b\u0161 6 in 1<\/a>, un citi.<\/p>\n<\/div>\n<div class=\"relative p-1 rounded-sm flex items-center justify-center bg-token-main-surface-primary text-token-text-primary h-8 w-8\">\n<h2>BUJ Par Bang Legend 150000 pufa<\/h2>\n<p data-start=\"4658\" data-end=\"4815\"><strong data-start=\"4658\" data-end=\"4721\">1. Cik ilgi parasti ilgst Bang Legend 150000 pufa?<\/strong><br data-start=\"4721\" data-end=\"4724\" \/>Lai vid\u0113jiem lietot\u0101jiem, ier\u012bce var kalpot vair\u0101kas ned\u0113\u013cas, pateicoties t\u0101s milz\u012bgajai 150K pufa kapacit\u0101tei.<\/p>\n<p data-start=\"4817\" data-end=\"4927\"><strong data-start=\"4817\" data-end=\"4861\">2. Vai Bang Legend 150K ir uzl\u0101d\u0113jams?<\/strong><br data-start=\"4861\" data-end=\"4864\" \/>J\u0101, tas ietver Type-C portu \u0101trai un efekt\u012bvai uzl\u0101dei.<\/p>\n<p data-start=\"4929\" data-end=\"5084\"><strong data-start=\"4929\" data-end=\"4980\">3. Kas padara 6-in-1 arom\u0101tu sist\u0113mu \u012bpa\u0161u?<\/strong><br data-start=\"4980\" data-end=\"4983\" \/>Tas \u013cauj lietot\u0101jiem nekav\u0113joties p\u0101rsl\u0113gties starp se\u0161iem arom\u0101tiem, samazinot nepiecie\u0161am\u012bbu n\u0113s\u0101t vair\u0101kas ier\u012bces.<\/p>\n<p data-start=\"5086\" data-end=\"5240\"><strong data-start=\"5086\" data-end=\"5146\">4. Vai \u0161is modelis ir piem\u0113rots Latvija lab\u0101kajam Vape vairumtirdzniec\u012bbai?<\/strong><br data-start=\"5146\" data-end=\"5149\" \/>J\u0101, tas ir \u013coti ieteicams vairumtirdzniec\u012bbas t\u012bklos, \u0146emot v\u0113r\u0101 piepras\u012bjumu un pieg\u0101des stabilit\u0101ti.<\/p>\n<p data-start=\"5242\" data-end=\"5375\"><strong data-start=\"5242\" data-end=\"5287\">5. Vai Bang Legend 150K izmanto re\u017e\u0123a spir\u0101li?<\/strong><br data-start=\"5287\" data-end=\"5290\" \/>Tas ir apr\u012bkots ar 1.0*3 re\u017e\u0123a spir\u0101li, nodro\u0161inot vienm\u0113r\u012bgu siltuma sadali un sp\u0113c\u012bgu, konsekventu arom\u0101tu.<\/p>\n<\/div>\n<\/div>\n<\/div>\n<\/div>","protected":false},"excerpt":{"rendered":"<article class=\"text-token-text-primary w-full focus:outline-none [--shadow-height:45px] has-data-writing-block:pointer-events-none has-data-writing-block:-mt-(--shadow-height) has-data-writing-block:pt-(--shadow-height) [&amp;:has([data-writing-block])&gt;*]:pointer-events-auto [content-visibility:auto] supports-[content-visibility:auto]:[contain-intrinsic-size:auto_100lvh] scroll-mt-[calc(var(--header-height)+min(200px,max(70px,20svh)))]\" dir=\"auto\" tabindex=\"-1\" data-turn-id=\"86ca9d92-7a10-4e6b-bda0-15f9df36adca\" data-testid=\"conversation-turn-120\" data-scroll-anchor=\"true\" data-turn=\"assistant\">\n<div class=\"text-base my-auto mx-auto pb-10 [--thread-content-margin:--spacing(4)] thread-sm:[--thread-content-margin:--spacing(6)] thread-lg:[--thread-content-margin:--spacing(16)] px-(--thread-content-margin)\">\n<div class=\"[--thread-content-max-width:40rem] thread-lg:[--thread-content-max-width:48rem] mx-auto max-w-(--thread-content-max-width) flex-1 group\/turn-messages focus-visible:outline-hidden relative flex w-full min-w-0 flex-col agent-turn\" tabindex=\"-1\">\n<div class=\"flex max-w-full flex-col grow\">\n<div class=\"min-h-8 text-message relative flex w-full flex-col items-end gap-2 text-start break-words whitespace-normal [.text-message+&amp;]:mt-1\" dir=\"auto\" data-message-author-role=\"assistant\" data-message-id=\"43b070d6-bf28-4fbe-8049-1032a61ea3ac\" data-message-model-slug=\"gpt-5\">\n<div class=\"flex w-full flex-col gap-1 empty:hidden first:pt-[1px]\">\n<div class=\"markdown prose dark:prose-invert w-full break-words light markdown-new-styling\">\n<article class=\"text-token-text-primary w-full focus:outline-none [--shadow-height:45px] has-data-writing-block:pointer-events-none has-data-writing-block:-mt-(--shadow-height) has-data-writing-block:pt-(--shadow-height) [&amp;:has([data-writing-block])&gt;*]:pointer-events-auto [content-visibility:auto] supports-[content-visibility:auto]:[contain-intrinsic-size:auto_100lvh] scroll-mt-[calc(var(--header-height)+min(200px,max(70px,20svh)))]\" dir=\"auto\" tabindex=\"-1\" data-turn-id=\"4d6f00b8-d41a-438b-8912-05a895842882\" data-testid=\"conversation-turn-130\" data-scroll-anchor=\"true\" data-turn=\"assistant\">\n<div class=\"text-base my-auto mx-auto pb-10 [--thread-content-margin:--spacing(4)] thread-sm:[--thread-content-margin:--spacing(6)] thread-lg:[--thread-content-margin:--spacing(16)] px-(--thread-content-margin)\">\n<div class=\"[--thread-content-max-width:40rem] thread-lg:[--thread-content-max-width:48rem] mx-auto max-w-(--thread-content-max-width) flex-1 group\/turn-messages focus-visible:outline-hidden relative flex w-full min-w-0 flex-col agent-turn\" tabindex=\"-1\">\n<div class=\"flex max-w-full flex-col grow\">\n<div class=\"min-h-8 text-message relative flex w-full flex-col items-end gap-2 text-start break-words whitespace-normal [.text-message+&amp;]:mt-1\" dir=\"auto\" data-message-author-role=\"assistant\" data-message-id=\"f3c520bf-c043-4392-87ea-b3bf1b3ae6d3\" data-message-model-slug=\"gpt-5-1\">\n<div class=\"flex w-full flex-col gap-1 empty:hidden first:pt-[1px]\">\n<div class=\"markdown prose dark:prose-invert w-full break-words light markdown-new-styling\">\n<p>Bang Legend 150000 Puffs 6 in 1 \u2014 Latvijas P\u0101rdo\u0161an\u0101 Lab\u0101k\u0101 Jaun\u0101k\u0101 Vienreiz\u0113j\u0101s lieto\u0161anas Vape<\/p>\n<p>Bang Legend 150K 6 in 1 Gar\u0161as Vape Latvijas Tirdzniec\u012bbas Partneriem \u2014 Jaud\u012bgs, Ilgsto\u0161s, Gatavs Partiju Pas\u016bt\u012bjumiem<\/p>\n<p>Bang Legend 150000 Puffs Vienreiz\u0113j\u0101s lieto\u0161anas Vape \u2014 Premium 6 Gar\u0161u Rot\u0101cija Latvijas Vape Tirgum<\/p>\n<\/div>\n<\/div>\n<\/div>\n<\/div>\n<\/div>\n<\/div>\n<\/article>\n<div class=\"pointer-events-none h-px w-px\" aria-hidden=\"true\" data-edge=\"true\"><\/div>\n<\/div>\n<\/div>\n<\/div>\n<\/div>\n<\/div>\n<\/div>\n<\/article>\n<p><img fetchpriority=\"high\" decoding=\"async\" class=\"size-full wp-image-2932\" src=\"https:\/\/vapestornado.com\/wp-content\/uploads\/2024\/12\/Vape-Wholesale.jpg\" alt=\"Veipu Vairumtirdzniec\u012bba\" width=\"229\" height=\"300\" \/><\/p>\n<h3><a href=\"https:\/\/wa.me\/8617776015835\"><span style=\"color: #ff0000;\"><strong>WhatsApp: +86 17776015835<\/strong><\/span><\/a><\/h3>\n<p>&nbsp;<\/p>","protected":false},"featured_media":4560,"comment_status":"open","ping_status":"closed","template":"","meta":{"_acf_changed":false,"_uag_custom_page_level_css":"","_lmt_disableupdate":"no","_lmt_disable":"","_monsterinsights_skip_tracking":false,"_monsterinsights_sitenote_active":false,"_monsterinsights_sitenote_note":"","_monsterinsights_sitenote_category":0,"site-sidebar-layout":"default","site-content-layout":"","ast-site-content-layout":"default","site-content-style":"default","site-sidebar-style":"default","ast-global-header-display":"","ast-banner-title-visibility":"","ast-main-header-display":"","ast-hfb-above-header-display":"","ast-hfb-below-header-display":"","ast-hfb-mobile-header-display":"","site-post-title":"","ast-breadcrumbs-content":"","ast-featured-img":"","footer-sml-layout":"","ast-disable-related-posts":"","theme-transparent-header-meta":"default","adv-header-id-meta":"","stick-header-meta":"","header-above-stick-meta":"","header-main-stick-meta":"","header-below-stick-meta":"","astra-migrate-meta-layouts":"set","ast-page-background-enabled":"default","ast-page-background-meta":{"desktop":{"background-color":"","background-image":"","background-repeat":"repeat","background-position":"center center","background-size":"auto","background-attachment":"scroll","background-type":"","background-media":"","overlay-type":"","overlay-color":"","overlay-opacity":"","overlay-gradient":""},"tablet":{"background-color":"","background-image":"","background-repeat":"repeat","background-position":"center center","background-size":"auto","background-attachment":"scroll","background-type":"","background-media":"","overlay-type":"","overlay-color":"","overlay-opacity":"","overlay-gradient":""},"mobile":{"background-color":"","background-image":"","background-repeat":"repeat","background-position":"center center","background-size":"auto","background-attachment":"scroll","background-type":"","background-media":"","overlay-type":"","overlay-color":"","overlay-opacity":"","overlay-gradient":""}},"ast-content-background-meta":{"desktop":{"background-color":"var(--ast-global-color-5)","background-image":"","background-repeat":"repeat","background-position":"center center","background-size":"auto","background-attachment":"scroll","background-type":"","background-media":"","overlay-type":"","overlay-color":"","overlay-opacity":"","overlay-gradient":""},"tablet":{"background-color":"var(--ast-global-color-5)","background-image":"","background-repeat":"repeat","background-position":"center center","background-size":"auto","background-attachment":"scroll","background-type":"","background-media":"","overlay-type":"","overlay-color":"","overlay-opacity":"","overlay-gradient":""},"mobile":{"background-color":"var(--ast-global-color-5)","background-image":"","background-repeat":"repeat","background-position":"center center","background-size":"auto","background-attachment":"scroll","background-type":"","background-media":"","overlay-type":"","overlay-color":"","overlay-opacity":"","overlay-gradient":""}},"_joinchat":{"telephone":"17776015835"}},"product_brand":[],"product_cat":[394,62,149,150,156,357,146],"product_tag":[440,105,441,436,435,439,301],"class_list":{"0":"post-4566","1":"product","2":"type-product","3":"status-publish","4":"has-post-thumbnail","6":"product_cat-150000-puff","7":"product_cat-bang-vape","8":"product_cat-buy-disposable-vapes-in-austria","9":"product_cat-buy-disposable-vapes-in-belgium","10":"product_cat-buy-disposable-vapes-in-poland","11":"product_cat-flavor-adjustable-vape","12":"product_cat-rechargeable-disposable-vapes","13":"product_tag-bang-legend-150000","14":"product_tag-digital-disposable-vape","15":"product_tag-puff-150k","16":"product_tag-shop-vape-online","17":"product_tag-vape-eu-wholesale","18":"product_tag-vape-germany-wholesale","19":"product_tag-vapor-wholesale","20":"desktop-align-left","21":"tablet-align-left","22":"mobile-align-left","24":"first","25":"instock","26":"sale","27":"shipping-taxable","28":"purchasable","29":"product-type-simple"},"acf":[],"uagb_featured_image_src":{"full":["https:\/\/vapestornado.com\/wp-content\/uploads\/2025\/11\/Bang-Legend-150K-Puff-Disposable-Vape.webp",800,800,false],"thumbnail":["https:\/\/vapestornado.com\/wp-content\/uploads\/2025\/11\/Bang-Legend-150K-Puff-Disposable-Vape-150x150.webp",150,150,true],"medium":["https:\/\/vapestornado.com\/wp-content\/uploads\/2025\/11\/Bang-Legend-150K-Puff-Disposable-Vape-300x300.webp",300,300,true],"medium_large":["https:\/\/vapestornado.com\/wp-content\/uploads\/2025\/11\/Bang-Legend-150K-Puff-Disposable-Vape-768x768.webp",768,768,true],"large":["https:\/\/vapestornado.com\/wp-content\/uploads\/2025\/11\/Bang-Legend-150K-Puff-Disposable-Vape.webp",800,800,false],"1536x1536":["https:\/\/vapestornado.com\/wp-content\/uploads\/2025\/11\/Bang-Legend-150K-Puff-Disposable-Vape.webp",800,800,false],"2048x2048":["https:\/\/vapestornado.com\/wp-content\/uploads\/2025\/11\/Bang-Legend-150K-Puff-Disposable-Vape.webp",800,800,false],"trp-custom-language-flag":["https:\/\/vapestornado.com\/wp-content\/uploads\/2025\/11\/Bang-Legend-150K-Puff-Disposable-Vape-12x12.webp",12,12,true],"woocommerce_thumbnail":["https:\/\/vapestornado.com\/wp-content\/uploads\/2025\/11\/Bang-Legend-150K-Puff-Disposable-Vape-300x300.webp",300,300,true],"woocommerce_single":["https:\/\/vapestornado.com\/wp-content\/uploads\/2025\/11\/Bang-Legend-150K-Puff-Disposable-Vape-600x600.webp",600,600,true],"woocommerce_gallery_thumbnail":["https:\/\/vapestornado.com\/wp-content\/uploads\/2025\/11\/Bang-Legend-150K-Puff-Disposable-Vape-100x100.webp",100,100,true]},"uagb_author_info":{"display_name":"ESAMY","author_link":"https:\/\/vapestornado.com\/lv\/author\/"},"uagb_comment_info":0,"uagb_excerpt":"Bang Legend 150000 Puffs 6 in 1 \u2014 Italy\u2019s Best-Selling Newest Disposable Vape Bang Legend 150K 6 in 1 Flavor Vape for EU Wholesalers \u2014 Powerful, Long-Lasting, Ready for Bulk Orders Bang Legend 150000 Puffs Disposable Vape \u2014 Premium 6-Flavor Rotation for Europe\u2019s Vape Market WhatsApp: +86 17776015835 &nbsp;","_links":{"self":[{"href":"https:\/\/vapestornado.com\/lv\/wp-json\/wp\/v2\/product\/4566","targetHints":{"allow":["GET"]}}],"collection":[{"href":"https:\/\/vapestornado.com\/lv\/wp-json\/wp\/v2\/product"}],"about":[{"href":"https:\/\/vapestornado.com\/lv\/wp-json\/wp\/v2\/types\/product"}],"replies":[{"embeddable":true,"href":"https:\/\/vapestornado.com\/lv\/wp-json\/wp\/v2\/comments?post=4566"}],"wp:featuredmedia":[{"embeddable":true,"href":"https:\/\/vapestornado.com\/lv\/wp-json\/wp\/v2\/media\/4560"}],"wp:attachment":[{"href":"https:\/\/vapestornado.com\/lv\/wp-json\/wp\/v2\/media?parent=4566"}],"wp:term":[{"taxonomy":"product_brand","embeddable":true,"href":"https:\/\/vapestornado.com\/lv\/wp-json\/wp\/v2\/product_brand?post=4566"},{"taxonomy":"product_cat","embeddable":true,"href":"https:\/\/vapestornado.com\/lv\/wp-json\/wp\/v2\/product_cat?post=4566"},{"taxonomy":"product_tag","embeddable":true,"href":"https:\/\/vapestornado.com\/lv\/wp-json\/wp\/v2\/product_tag?post=4566"}],"curies":[{"name":"wp","href":"https:\/\/api.w.org\/{rel}","templated":true}]}}