{"id":4544,"date":"2025-11-14T09:07:41","date_gmt":"2025-11-14T09:07:41","guid":{"rendered":"https:\/\/vapestornado.com\/?post_type=product&#038;p=4544"},"modified":"2025-11-17T07:46:36","modified_gmt":"2025-11-17T07:46:36","slug":"uor-120000-puff-120k-4-flavors-rechargeable-disposable-vape-shop-online","status":"publish","type":"product","link":"https:\/\/vapestornado.com\/lv\/product\/uor-120000-puff-120k-4-flavors-rechargeable-disposable-vape-shop-online\/","title":{"rendered":"UOR 120000 P\u016b\u0161\u013ci 120K 4 Gar\u0161u Uzl\u0101d\u0113jams Vienreiz\u0113js Vape Veikals Tie\u0161saist\u0113"},"content":{"rendered":"<h2 data-pm-slice=\"1 1 []\">UOR 120000 P\u016b\u0161\u013ci \u2013 4-Gar\u0161u P\u0101rsl\u0113g\u0161anas Vienreiz\u0113jais Vape Eiropas Pirc\u0113jiem<\/h2>\n<p data-start=\"78\" data-end=\"577\">T\u0101 <strong data-start=\"82\" data-end=\"101\">UOR 120000 P\u016b\u0161\u013ci<\/strong> ir izstr\u0101d\u0101ts Eiropas Savien\u012bbas vairumtirdzniec\u012bbas un jaunie\u0161u vaperu vajadz\u012bb\u0101m, kuri v\u0113las maksim\u0101lu iztur\u012bbu, sp\u0113c\u012bgu gar\u0161u pieg\u0101di un vienk\u0101r\u0161u darb\u012bbu. \u0160is <strong data-start=\"232\" data-end=\"249\">UOR 120k P\u016b\u0161\u013ci<\/strong> ier\u012bce ir apr\u012bkota ar <strong data-start=\"268\" data-end=\"295\">4-in-1 p\u0101rsl\u0113g\u0161anas sist\u0113mu<\/strong>, \u013cauj lietot\u0101jiem instant p\u0101riet starp \u010detriem augstas kvalit\u0101tes gar\u0161u tvertn\u0113m \u2014 bez papildpildes, bez net\u012br\u012bbas, tikai t\u012bras p\u0101rejas ar katru klik\u0161\u0137i. Izstr\u0101d\u0101ts <strong data-start=\"443\" data-end=\"464\">Vape Eiropas Savien\u012bbas Vairumtirdzniec\u012bba<\/strong>, ier\u012bce apvieno ilgu kalpo\u0161anas laiku un stabilu veiktsp\u0113ju, kas piem\u0113rota gan mazumtirdzniec\u012bbas plauktiem, gan tie\u0161saistes vape veikaliem.<\/p>\n<p data-start=\"579\" data-end=\"998\">Ar <strong data-start=\"584\" data-end=\"612\">4\u00d716ml e-\u0161\u0137idruma ietilp\u012bba<\/strong>, katrs pods satur pietiekami daudz ilgsto\u0161ai lieto\u0161anai, atbalst\u012bts ar <strong data-start=\"669\" data-end=\"707\">650 mAh Type-C uzl\u0101d\u0113jams akumulators<\/strong>. <strong data-start=\"713\" data-end=\"731\">1,0 \u03a9 sieta spole<\/strong> nodro\u0161ina konsekventu tvaika bl\u012bvumu un t\u012bru gar\u0161u atdal\u012bjumu katram no \u010detriem ieb\u016bv\u0113tiem mais\u012bjumiem. K\u0101 <strong data-start=\"836\" data-end=\"863\">Vienreiz\u0113jais Digit\u0101lais Vape<\/strong>, tas nodro\u0161ina gludu ieelpu ar m\u016bsdien\u012bgu efektivit\u0101ti, padarot to par popul\u0101ru izv\u0113li starp Eiropas pat\u0113r\u0113t\u0101jiem, kuri mekl\u0113 daudzp\u016b\u0161\u013cu ier\u012bces ar vair\u0101k\u0101m gar\u0161\u0101m.<\/p>\n<p data-start=\"1000\" data-end=\"1408\">\u0160\u012b mode\u013ca atlas\u012bt\u0101 gar\u0161as l\u012bnija, \u012bpa\u0161i kombin\u0101cijas k\u0101 <em data-start=\"1065\" data-end=\"1088\">Zeme\u0146u Arb\u016bzs<\/em>, <em data-start=\"1090\" data-end=\"1116\">Kivi pasifloras gvajava<\/em>, <em data-start=\"1118\" data-end=\"1129\">Mango ledus<\/em>, un <em data-start=\"1135\" data-end=\"1158\">V\u012bnogu Salds Persiks<\/em>, rada dinamisku \u201cTropu Ziemas Piedz\u012bvojumu\u201d no spilgtas aug\u013cu salduma l\u012bdz aukstiem, atsvaidzino\u0161iem fini\u0161iem. Latvijas izplat\u012bt\u0101jiem, <strong data-start=\"1288\" data-end=\"1307\">UOR 120000 P\u016b\u0161\u013ci<\/strong> sniedz augstas pe\u013c\u0146as mar\u017eas, uzticamu pieg\u0101di un konkur\u0113tsp\u0113j\u012bgu piepras\u012bjumu vasaras un visu gadu tirgos.<\/p>\n<p data-start=\"666\" data-end=\"1235\"><strong style=\"font-size: 16px;\"><span style=\"color: #ff0000;\">Pievienojiet Amy WhatsApp, lai sa\u0146emtu t\u016bl\u012bt\u0113ju atbildi un atlai\u017eu cenu!<\/span><\/strong><\/p>\n<p><img fetchpriority=\"high\" decoding=\"async\" class=\"size-full wp-image-2932\" src=\"https:\/\/vapestornado.com\/wp-content\/uploads\/2024\/12\/Vape-Wholesale.jpg\" alt=\"Veipu Vairumtirdzniec\u012bba\" width=\"229\" height=\"300\" \/><\/p>\n<h3><a href=\"https:\/\/wa.me\/8617776015835\" target=\"_blank\" rel=\"noopener\"><span style=\"color: #ff0000;\"><strong>WhatsApp: +86 17776015835<\/strong><\/span><\/a><\/h3>\n<p>&nbsp;<\/p>\n<h2><strong>Kas izce\u013c UOR 120000 Puff Vienreizlietojam\u0101s Vape pildspalvas?<\/strong><\/h2>\n<ul data-start=\"1447\" data-end=\"1657\">\n<li data-start=\"1447\" data-end=\"1482\">\n<p data-start=\"1449\" data-end=\"1482\"><strong data-start=\"1449\" data-end=\"1467\">Dvesienu skaits:<\/strong> 120000 p\u016b\u013cu<\/p>\n<\/li>\n<li data-start=\"1483\" data-end=\"1512\">\n<p data-start=\"1485\" data-end=\"1512\"><strong data-start=\"1485\" data-end=\"1497\">E-Juice:<\/strong> 4\u00d716ml tvertnes<\/p>\n<\/li>\n<li data-start=\"1513\" data-end=\"1556\">\n<p data-start=\"1515\" data-end=\"1556\"><strong data-start=\"1515\" data-end=\"1533\">Gar\u0161as P\u0101rsl\u0113dz\u0113js:<\/strong> 4 piel\u0101gojamas gar\u0161as<\/p>\n<\/li>\n<li data-start=\"1557\" data-end=\"1601\">\n<p data-start=\"1559\" data-end=\"1601\"><strong data-start=\"1559\" data-end=\"1571\">Akumulators:<\/strong> 650mAh, Type-C uzl\u0101d\u0113jama<\/p>\n<\/li>\n<li data-start=\"1602\" data-end=\"1625\">\n<p data-start=\"1604\" data-end=\"1625\"><strong data-start=\"1604\" data-end=\"1613\">Spole:<\/strong> 1.0\u03a9 t\u012bkls<\/p>\n<\/li>\n<li data-start=\"1626\" data-end=\"1657\">\n<p data-start=\"1628\" data-end=\"1657\"><strong data-start=\"1628\" data-end=\"1639\">Svars:<\/strong> 145g uz ier\u012bci<\/p>\n<\/li>\n<\/ul>\n<h2 class=\"product-title\"><strong>UOR 120k Puff Vienreizlietojam\u0101s Vape Gar\u0161u Saraksts<\/strong><\/h2>\n<h3 data-start=\"1664\" data-end=\"1692\"><\/h3>\n<ol data-start=\"1693\" data-end=\"2434\">\n<li data-start=\"1693\" data-end=\"1761\">\n<p data-start=\"1696\" data-end=\"1761\">V\u012bnogu Ledus \/ Mellenes Piparm\u0113tra \/ Fuji \u0100bols Ledus \/ Laima Romantika<\/p>\n<\/li>\n<li data-start=\"1762\" data-end=\"1837\">\n<p data-start=\"1765\" data-end=\"1837\">V\u012bnogu Ledus \/ Mellenes \u010cerry \/ Vasara Laiks \/ Salds Mango Anan\u0101s<\/p>\n<\/li>\n<li data-start=\"1838\" data-end=\"1904\">\n<p data-start=\"1841\" data-end=\"1904\">Mellenes Ledus \/ Persiks Ledus \/ Varav\u012bksnes Konfekte \/ Citronu Salds Apels\u012bns<\/p>\n<\/li>\n<li data-start=\"1905\" data-end=\"1977\">\n<p data-start=\"1908\" data-end=\"1977\">Mellenes Ledus \/ Persiks Mango V\u012bnogu \/ Kaisl\u012bbu Sk\u016bpsts \/ Melones \u0100bols<\/p>\n<\/li>\n<li data-start=\"1978\" data-end=\"2058\">\n<p data-start=\"1981\" data-end=\"2058\">Mellenes Rabarbers \/ Sajaukts ogu \/ Kalifornijas \u010cerries \/ Kaisl\u012bbu Aug\u013cu Mango<\/p>\n<\/li>\n<li data-start=\"2059\" data-end=\"2126\">\n<p data-start=\"2062\" data-end=\"2126\">Mellenes Rabarbers \/ V\u012bnogu Ledus \/ Ogu Ledus \/ Aloe Mango Melone<\/p>\n<\/li>\n<li data-start=\"2127\" data-end=\"2203\">\n<p data-start=\"2130\" data-end=\"2203\">Ener\u0123ijas Dz\u0113riens \/ Mellenes V\u012bnogu \/ Salds \u0100bols Rabarbers \/ Gumi\u0146a L\u0101c\u012btis<\/p>\n<\/li>\n<li data-start=\"2204\" data-end=\"2271\">\n<p data-start=\"2207\" data-end=\"2271\">Zeme\u0146u Mango \/ Arb\u016bza Burbulis \/ Sarkan\u0101 Mojito \/ LOVE66<\/p>\n<\/li>\n<li data-start=\"2272\" data-end=\"2343\">\n<p data-start=\"2275\" data-end=\"2343\">Zeme\u0146u Arb\u016bzs \/ Melna Ledus \/ Tr\u012bsk\u0101r\u0161ais Melons \/ Cranberry V\u012bnogu<\/p>\n<\/li>\n<li data-start=\"2344\" data-end=\"2434\">\n<p data-start=\"2348\" data-end=\"2434\">Zeme\u0146u Arb\u016bzs \/ Kivi, Passion Fruit, Guava \/ Mango Ledus \/ Arb\u016bza Sk\u0101bais Persiks<\/p>\n<\/li>\n<\/ol>\n<figure id=\"attachment_4548\" aria-describedby=\"caption-attachment-4548\" style=\"width: 300px\" class=\"wp-caption alignnone\"><img decoding=\"async\" class=\"size-medium wp-image-4548\" src=\"https:\/\/vapestornado.com\/wp-content\/uploads\/2025\/11\/UOR-4-in-1-Flavors-120K-Puffs-4-Distinct-Flavors-Smart-Screen-Vape-300x300.webp\" alt=\"UOR 4 vien\u0101 gar\u0161u komplekts 120 000 p\u012bpju, 4 at\u0161\u0137ir\u012bgas gar\u0161as, Gudrs ekr\u0101ns Vape\" width=\"300\" height=\"300\" srcset=\"https:\/\/vapestornado.com\/wp-content\/uploads\/2025\/11\/UOR-4-in-1-Flavors-120K-Puffs-4-Distinct-Flavors-Smart-Screen-Vape-300x300.webp 300w, https:\/\/vapestornado.com\/wp-content\/uploads\/2025\/11\/UOR-4-in-1-Flavors-120K-Puffs-4-Distinct-Flavors-Smart-Screen-Vape-150x150.webp 150w, https:\/\/vapestornado.com\/wp-content\/uploads\/2025\/11\/UOR-4-in-1-Flavors-120K-Puffs-4-Distinct-Flavors-Smart-Screen-Vape-768x768.webp 768w, https:\/\/vapestornado.com\/wp-content\/uploads\/2025\/11\/UOR-4-in-1-Flavors-120K-Puffs-4-Distinct-Flavors-Smart-Screen-Vape-12x12.webp 12w, https:\/\/vapestornado.com\/wp-content\/uploads\/2025\/11\/UOR-4-in-1-Flavors-120K-Puffs-4-Distinct-Flavors-Smart-Screen-Vape-600x600.webp 600w, https:\/\/vapestornado.com\/wp-content\/uploads\/2025\/11\/UOR-4-in-1-Flavors-120K-Puffs-4-Distinct-Flavors-Smart-Screen-Vape-100x100.webp 100w, https:\/\/vapestornado.com\/wp-content\/uploads\/2025\/11\/UOR-4-in-1-Flavors-120K-Puffs-4-Distinct-Flavors-Smart-Screen-Vape.webp 800w\" sizes=\"(max-width: 300px) 100vw, 300px\" \/><figcaption id=\"caption-attachment-4548\" class=\"wp-caption-text\">UOR 4 vien\u0101 gar\u0161u komplekts 120 000 p\u012bpju, 4 at\u0161\u0137ir\u012bgas gar\u0161as, Gudrs ekr\u0101ns Vape<\/figcaption><\/figure>\n<h2>K\u0101p\u0113c izv\u0113l\u0113ties Vapestornado UOR 120000 p\u012bpju lielapjoma pirkumiem?<\/h2>\n<div class=\"flex-shrink-0 flex flex-col relative items-end\">\n<div class=\"pt-0\">\n<div class=\"gizmo-bot-avatar flex h-8 w-8 items-center justify-center overflow-hidden rounded-full\">\n<div class=\"relative p-1 rounded-sm flex items-center justify-center bg-token-main-surface-primary text-token-text-primary h-8 w-8\">\n<p>At\u00a0<strong>Vapes Tornado<\/strong>, m\u0113s lepojamies ar to, ka pied\u0101v\u0101jam\u00a0<strong>augst\u0101k\u0101s kvalit\u0101tes tvaic\u0113\u0161anas produktus par nep\u0101rsp\u0113jam\u0101m cen\u0101m<\/strong>\u00a0\u0160eit ir iemesli, k\u0101p\u0113c jums j\u0101p\u0113rk no mums:<\/p>\n<p data-start=\"235\" data-end=\"360\"><strong data-start=\"235\" data-end=\"261\">Lab\u0101kie vairumtirdzniec\u012bbas pied\u0101v\u0101jumi<\/strong> \u2013 Izbaudiet <strong data-start=\"270\" data-end=\"297\">augstas pe\u013c\u0146as lielapjoma cenas<\/strong> piel\u0101gotas p\u0101rdev\u0113jiem, vape izplat\u012bt\u0101jiem un mazumtirdzniec\u012bbas veikaliem.<\/p>\n<p data-start=\"362\" data-end=\"513\"><strong data-start=\"362\" data-end=\"400\">\u2714 \u0100tra un Dro\u0161a Pasaules Pieg\u0101de<\/strong> \u2013 M\u0113s nodro\u0161in\u0101m <strong data-start=\"413\" data-end=\"443\">\u0101tru, izsekojamu pieg\u0101di<\/strong> pa Eiropu un t\u0101l\u0101k, lai j\u016bsu kr\u0101jumi ierastos dro\u0161i un laik\u0101.<\/p>\n<p data-start=\"515\" data-end=\"646\"><strong data-start=\"515\" data-end=\"542\">\u2714 100% \u012astas Preces<\/strong> \u2013 Katrs <strong data-start=\"551\" data-end=\"578\">WASPE Triple 60000 vape<\/strong> ko m\u0113s p\u0101rdodam, ir <strong data-start=\"590\" data-end=\"625\">autentisks un r\u016bpn\u012bc\u0101 sertific\u0113ts<\/strong>, nekad imit\u0101cija.<\/p>\n<p data-start=\"648\" data-end=\"799\"><strong data-start=\"648\" data-end=\"676\">\u2714 Dedz\u012bgs atbalsta komanda<\/strong> \u2013 Vajag pal\u012bdz\u012bbu? M\u016bsu <strong data-start=\"694\" data-end=\"733\">vape speci\u0101listi ir pieejami 24\/7<\/strong>, gatavi atbild\u0113t uz j\u016bsu jaut\u0101jumiem un pal\u012bdz\u0113t ar pas\u016bt\u012bjumiem jebkur\u0101 laik\u0101.<\/p>\n<p>&nbsp;<\/p>\n<p data-start=\"559\" data-end=\"933\" data-is-last-node=\"\" data-is-only-node=\"\">M\u0113s ar\u012b pied\u0101v\u0101jam da\u017eus citus popul\u0101rus vienreiz\u0113jos vape ar ekr\u0101nu, piem\u0113ram, <a href=\"https:\/\/vapestornado.com\/lv\/product\/uzy-150k-puffs-6-in-1-flavor-switch-disposable-vape-pen-wholesale\/\">UZY 150K P\u016b\u0161 arom\u0101ta p\u0101rsl\u0113dz\u0113js vape<\/a>, <a href=\"https:\/\/vapestornado.com\/lv\/product\/vozol-rave-40k-40000-puffs-disposable-vape-smart-screen-5-nicotine\/\">VOZOL RAVE 40K Vienreiz\u0113jais Vape<\/a>, <a href=\"https:\/\/vapestornado.com\/lv\/product\/waspe-150k-150000-puff-6-in-1-disposable-vape-pen-cartridge-best-wholesale-price-in-poland\/\">WASPE 150K P\u016b\u0161 6 in 1<\/a>, un citi.<\/p>\n<\/div>\n<div class=\"relative p-1 rounded-sm flex items-center justify-center bg-token-main-surface-primary text-token-text-primary h-8 w-8\">\n<h2>BUJ par UOR 120000 p\u012bp\u0113m<\/h2>\n<p data-start=\"2474\" data-end=\"2646\"><strong data-start=\"2474\" data-end=\"2523\">1. K\u0101 darbojas gar\u0161u mai\u0146as sist\u0113ma?<\/strong><br data-start=\"2523\" data-end=\"2526\" \/>T\u0101 <strong data-start=\"2530\" data-end=\"2559\">Vienreiz\u0113j\u0101s vape ar mai\u0146as funkciju<\/strong> dizains izmanto \u010detrus atsevi\u0161\u0137us 16ml tvertnes. Pagrieziet sl\u0113dzi, lai nekav\u0113joties main\u012btu gar\u0161u.<\/p>\n<p data-start=\"2648\" data-end=\"2797\"><strong data-start=\"2648\" data-end=\"2689\">2. Vai UOR 120k p\u012bpju ir uzl\u0101d\u0113jams?<\/strong><br data-start=\"2689\" data-end=\"2692\" \/>J\u0101, tas ietver <strong data-start=\"2711\" data-end=\"2736\">650mAh Type-C akumulators<\/strong>, nodro\u0161inot stabilu jaudu l\u012bdz visas gar\u0161as ir izsm\u0113l\u0113tas.<\/p>\n<p data-start=\"2799\" data-end=\"2917\"><strong data-start=\"2799\" data-end=\"2836\">3. K\u0101du spir\u0101li izmanto ier\u012bce?<\/strong><br data-start=\"2836\" data-end=\"2839\" \/>T\u0101 izmanto <strong data-start=\"2849\" data-end=\"2867\">1,0 \u03a9 sieta spole<\/strong>, optimiz\u0113ta gludai tvaika ra\u017eo\u0161anai un prec\u012bzai gar\u0161ai.<\/p>\n<p data-start=\"2919\" data-end=\"3102\"><strong data-start=\"2919\" data-end=\"2967\">4. Vai tas ir piem\u0113rots Eiropas lielapjoma pas\u016bt\u012bjumiem?<\/strong><br data-start=\"2967\" data-end=\"2970\" \/>Absol\u016bti \u2014 <strong data-start=\"2987\" data-end=\"3006\">UOR 120000 P\u016b\u0161\u013ci<\/strong> ir sp\u0113c\u012bgs sniedz\u0113js <strong data-start=\"3032\" data-end=\"3053\">Vape Eiropas Savien\u012bbas Vairumtirdzniec\u012bba<\/strong>, ar augstu p\u012bpju skaitu un daudzveid\u012bgu gar\u0161u pievilc\u012bbu.<\/p>\n<p data-start=\"3104\" data-end=\"3259\"><strong data-start=\"3104\" data-end=\"3145\">5. Vai \u0161\u012b ier\u012bce ir piem\u0113rota jauniem lietot\u0101jiem?<\/strong><br data-start=\"3145\" data-end=\"3148\" \/>J\u0101. Tas ir <strong data-start=\"3161\" data-end=\"3188\">Vienreiz\u0113jais Digit\u0101lais Vape<\/strong> ar iz\u0146em\u0161anas aktiviz\u0101ciju un vienk\u0101r\u0161u p\u0101rsl\u0113g\u0161anos, kas neprasa apkopi.<\/p>\n<\/div>\n<\/div>\n<\/div>\n<\/div>","protected":false},"excerpt":{"rendered":"<article class=\"text-token-text-primary w-full focus:outline-none [--shadow-height:45px] has-data-writing-block:pointer-events-none has-data-writing-block:-mt-(--shadow-height) has-data-writing-block:pt-(--shadow-height) [&amp;:has([data-writing-block])&gt;*]:pointer-events-auto [content-visibility:auto] supports-[content-visibility:auto]:[contain-intrinsic-size:auto_100lvh] scroll-mt-[calc(var(--header-height)+min(200px,max(70px,20svh)))]\" dir=\"auto\" tabindex=\"-1\" data-turn-id=\"86ca9d92-7a10-4e6b-bda0-15f9df36adca\" data-testid=\"conversation-turn-120\" data-scroll-anchor=\"true\" data-turn=\"assistant\">\n<div class=\"text-base my-auto mx-auto pb-10 [--thread-content-margin:--spacing(4)] thread-sm:[--thread-content-margin:--spacing(6)] thread-lg:[--thread-content-margin:--spacing(16)] px-(--thread-content-margin)\">\n<div class=\"[--thread-content-max-width:40rem] thread-lg:[--thread-content-max-width:48rem] mx-auto max-w-(--thread-content-max-width) flex-1 group\/turn-messages focus-visible:outline-hidden relative flex w-full min-w-0 flex-col agent-turn\" tabindex=\"-1\">\n<div class=\"flex max-w-full flex-col grow\">\n<div class=\"min-h-8 text-message relative flex w-full flex-col items-end gap-2 text-start break-words whitespace-normal [.text-message+&amp;]:mt-1\" dir=\"auto\" data-message-author-role=\"assistant\" data-message-id=\"43b070d6-bf28-4fbe-8049-1032a61ea3ac\" data-message-model-slug=\"gpt-5\">\n<div class=\"flex w-full flex-col gap-1 empty:hidden first:pt-[1px]\">\n<div class=\"markdown prose dark:prose-invert w-full break-words light markdown-new-styling\">\n<article class=\"text-token-text-primary w-full focus:outline-none [--shadow-height:45px] has-data-writing-block:pointer-events-none has-data-writing-block:-mt-(--shadow-height) has-data-writing-block:pt-(--shadow-height) [&amp;:has([data-writing-block])&gt;*]:pointer-events-auto [content-visibility:auto] supports-[content-visibility:auto]:[contain-intrinsic-size:auto_100lvh] scroll-mt-[calc(var(--header-height)+min(200px,max(70px,20svh)))]\" dir=\"auto\" tabindex=\"-1\" data-turn-id=\"4d6f00b8-d41a-438b-8912-05a895842882\" data-testid=\"conversation-turn-130\" data-scroll-anchor=\"true\" data-turn=\"assistant\">\n<div class=\"text-base my-auto mx-auto pb-10 [--thread-content-margin:--spacing(4)] thread-sm:[--thread-content-margin:--spacing(6)] thread-lg:[--thread-content-margin:--spacing(16)] px-(--thread-content-margin)\">\n<div class=\"[--thread-content-max-width:40rem] thread-lg:[--thread-content-max-width:48rem] mx-auto max-w-(--thread-content-max-width) flex-1 group\/turn-messages focus-visible:outline-hidden relative flex w-full min-w-0 flex-col agent-turn\" tabindex=\"-1\">\n<div class=\"flex max-w-full flex-col grow\">\n<div class=\"min-h-8 text-message relative flex w-full flex-col items-end gap-2 text-start break-words whitespace-normal [.text-message+&amp;]:mt-1\" dir=\"auto\" data-message-author-role=\"assistant\" data-message-id=\"f3c520bf-c043-4392-87ea-b3bf1b3ae6d3\" data-message-model-slug=\"gpt-5-1\">\n<div class=\"flex w-full flex-col gap-1 empty:hidden first:pt-[1px]\">\n<div class=\"markdown prose dark:prose-invert w-full break-words light markdown-new-styling\">\n<p data-start=\"3562\" data-end=\"3657\"><strong data-start=\"3562\" data-end=\"3655\">UOR 120K P\u016b\u0161\u013ci 4-Gar\u0161u P\u0101rsl\u0113g\u0161anas Vape \u2013 120000 P\u016b\u0161\u013ci Uzl\u0101d\u0113jams Vienreiz\u0113js, Eiropas Savien\u012bbas Vairumtirdzniec\u012bbai<\/strong><\/p>\n<p data-start=\"3661\" data-end=\"3753\"><strong data-start=\"3661\" data-end=\"3751\">Pirkt UOR 120000 P\u016b\u0161\u013cus Tie\u0161saist\u0113 \u2013 Daudzgar\u0161u Digit\u0101lais Vienreiz\u0113js Vape ar Type-C Uzl\u0101di<\/strong><\/p>\n<p data-start=\"3757\" data-end=\"3844\" data-is-last-node=\"\"><strong data-start=\"3757\" data-end=\"3844\" data-is-last-node=\"\">UOR 120K 4-in-1 Vape \u2013 120000 P\u016b\u0161\u013ci Ilgsto\u0161ai Vienreiz\u0113jai Eiropas Savien\u012bbas Mazumtirdzniec\u012bbai un Vairumtirdzniec\u012bbai<\/strong><\/p>\n<\/div>\n<\/div>\n<\/div>\n<\/div>\n<div class=\"z-0 flex min-h-[46px] justify-start\"><\/div>\n<div class=\"mt-3 w-full empty:hidden\">\n<div class=\"text-center\"><\/div>\n<\/div>\n<\/div>\n<\/div>\n<\/article>\n<div class=\"pointer-events-none h-px w-px\" aria-hidden=\"true\" data-edge=\"true\"><\/div>\n<\/div>\n<\/div>\n<\/div>\n<\/div>\n<\/div>\n<\/div>\n<\/article>\n<p><img fetchpriority=\"high\" decoding=\"async\" class=\"size-full wp-image-2932\" src=\"https:\/\/vapestornado.com\/wp-content\/uploads\/2024\/12\/Vape-Wholesale.jpg\" alt=\"Veipu Vairumtirdzniec\u012bba\" width=\"229\" height=\"300\" \/><\/p>\n<h3><a href=\"https:\/\/wa.me\/8617776015835\"><span style=\"color: #ff0000;\"><strong>WhatsApp: +86 17776015835<\/strong><\/span><\/a><\/h3>\n<p>&nbsp;<\/p>","protected":false},"featured_media":4547,"comment_status":"open","ping_status":"closed","template":"","meta":{"_acf_changed":false,"_uag_custom_page_level_css":"","_lmt_disableupdate":"no","_lmt_disable":"","_monsterinsights_skip_tracking":false,"_monsterinsights_sitenote_active":false,"_monsterinsights_sitenote_note":"","_monsterinsights_sitenote_category":0,"site-sidebar-layout":"default","site-content-layout":"","ast-site-content-layout":"default","site-content-style":"default","site-sidebar-style":"default","ast-global-header-display":"","ast-banner-title-visibility":"","ast-main-header-display":"","ast-hfb-above-header-display":"","ast-hfb-below-header-display":"","ast-hfb-mobile-header-display":"","site-post-title":"","ast-breadcrumbs-content":"","ast-featured-img":"","footer-sml-layout":"","ast-disable-related-posts":"","theme-transparent-header-meta":"default","adv-header-id-meta":"","stick-header-meta":"","header-above-stick-meta":"","header-main-stick-meta":"","header-below-stick-meta":"","astra-migrate-meta-layouts":"set","ast-page-background-enabled":"default","ast-page-background-meta":{"desktop":{"background-color":"","background-image":"","background-repeat":"repeat","background-position":"center center","background-size":"auto","background-attachment":"scroll","background-type":"","background-media":"","overlay-type":"","overlay-color":"","overlay-opacity":"","overlay-gradient":""},"tablet":{"background-color":"","background-image":"","background-repeat":"repeat","background-position":"center center","background-size":"auto","background-attachment":"scroll","background-type":"","background-media":"","overlay-type":"","overlay-color":"","overlay-opacity":"","overlay-gradient":""},"mobile":{"background-color":"","background-image":"","background-repeat":"repeat","background-position":"center center","background-size":"auto","background-attachment":"scroll","background-type":"","background-media":"","overlay-type":"","overlay-color":"","overlay-opacity":"","overlay-gradient":""}},"ast-content-background-meta":{"desktop":{"background-color":"var(--ast-global-color-5)","background-image":"","background-repeat":"repeat","background-position":"center center","background-size":"auto","background-attachment":"scroll","background-type":"","background-media":"","overlay-type":"","overlay-color":"","overlay-opacity":"","overlay-gradient":""},"tablet":{"background-color":"var(--ast-global-color-5)","background-image":"","background-repeat":"repeat","background-position":"center center","background-size":"auto","background-attachment":"scroll","background-type":"","background-media":"","overlay-type":"","overlay-color":"","overlay-opacity":"","overlay-gradient":""},"mobile":{"background-color":"var(--ast-global-color-5)","background-image":"","background-repeat":"repeat","background-position":"center center","background-size":"auto","background-attachment":"scroll","background-type":"","background-media":"","overlay-type":"","overlay-color":"","overlay-opacity":"","overlay-gradient":""}},"_joinchat":{"telephone":"17776015835"}},"product_brand":[],"product_cat":[347,149,150,156,143,357,146],"product_tag":[105,427,94,436,434,433,435,301],"class_list":{"0":"post-4544","1":"product","2":"type-product","3":"status-publish","4":"has-post-thumbnail","6":"product_cat-120000-puff","7":"product_cat-buy-disposable-vapes-in-austria","8":"product_cat-buy-disposable-vapes-in-belgium","9":"product_cat-buy-disposable-vapes-in-poland","10":"product_cat-dual-mesh-disposable-vapes","11":"product_cat-flavor-adjustable-vape","12":"product_cat-rechargeable-disposable-vapes","13":"product_tag-digital-disposable-vape","14":"product_tag-multi-flaovr-vape","15":"product_tag-rechargeable-disposable-vape","16":"product_tag-shop-vape-online","17":"product_tag-uor-120000-puffs","18":"product_tag-uor-120k-puff","19":"product_tag-vape-eu-wholesale","20":"product_tag-vapor-wholesale","21":"desktop-align-left","22":"tablet-align-left","23":"mobile-align-left","25":"first","26":"instock","27":"sale","28":"shipping-taxable","29":"purchasable","30":"product-type-simple"},"acf":[],"uagb_featured_image_src":{"full":["https:\/\/vapestornado.com\/wp-content\/uploads\/2025\/11\/The-UOR-120K-is-very-popular-in-the-European-Disposable-Vape-Wholesale.webp",800,800,false],"thumbnail":["https:\/\/vapestornado.com\/wp-content\/uploads\/2025\/11\/The-UOR-120K-is-very-popular-in-the-European-Disposable-Vape-Wholesale-150x150.webp",150,150,true],"medium":["https:\/\/vapestornado.com\/wp-content\/uploads\/2025\/11\/The-UOR-120K-is-very-popular-in-the-European-Disposable-Vape-Wholesale-300x300.webp",300,300,true],"medium_large":["https:\/\/vapestornado.com\/wp-content\/uploads\/2025\/11\/The-UOR-120K-is-very-popular-in-the-European-Disposable-Vape-Wholesale-768x768.webp",768,768,true],"large":["https:\/\/vapestornado.com\/wp-content\/uploads\/2025\/11\/The-UOR-120K-is-very-popular-in-the-European-Disposable-Vape-Wholesale.webp",800,800,false],"1536x1536":["https:\/\/vapestornado.com\/wp-content\/uploads\/2025\/11\/The-UOR-120K-is-very-popular-in-the-European-Disposable-Vape-Wholesale.webp",800,800,false],"2048x2048":["https:\/\/vapestornado.com\/wp-content\/uploads\/2025\/11\/The-UOR-120K-is-very-popular-in-the-European-Disposable-Vape-Wholesale.webp",800,800,false],"trp-custom-language-flag":["https:\/\/vapestornado.com\/wp-content\/uploads\/2025\/11\/The-UOR-120K-is-very-popular-in-the-European-Disposable-Vape-Wholesale-12x12.webp",12,12,true],"woocommerce_thumbnail":["https:\/\/vapestornado.com\/wp-content\/uploads\/2025\/11\/The-UOR-120K-is-very-popular-in-the-European-Disposable-Vape-Wholesale-300x300.webp",300,300,true],"woocommerce_single":["https:\/\/vapestornado.com\/wp-content\/uploads\/2025\/11\/The-UOR-120K-is-very-popular-in-the-European-Disposable-Vape-Wholesale-600x600.webp",600,600,true],"woocommerce_gallery_thumbnail":["https:\/\/vapestornado.com\/wp-content\/uploads\/2025\/11\/The-UOR-120K-is-very-popular-in-the-European-Disposable-Vape-Wholesale-100x100.webp",100,100,true]},"uagb_author_info":{"display_name":"ESAMY","author_link":"https:\/\/vapestornado.com\/lv\/author\/"},"uagb_comment_info":1,"uagb_excerpt":"UOR 120K Puff 4-Flavor Switch Vape \u2013 120000 Puff Rechargeable Disposable for EU Wholesale Buy UOR 120000 Puff Online \u2013 Multi-Flavor Digital Disposable Vape with Type-C Charging UOR 120K 4-in-1 Vape \u2013 120000 Puff Long-Life Disposable for EU Retail &amp; Bulk Orders WhatsApp: +86 17776015835 &nbsp;","_links":{"self":[{"href":"https:\/\/vapestornado.com\/lv\/wp-json\/wp\/v2\/product\/4544","targetHints":{"allow":["GET"]}}],"collection":[{"href":"https:\/\/vapestornado.com\/lv\/wp-json\/wp\/v2\/product"}],"about":[{"href":"https:\/\/vapestornado.com\/lv\/wp-json\/wp\/v2\/types\/product"}],"replies":[{"embeddable":true,"href":"https:\/\/vapestornado.com\/lv\/wp-json\/wp\/v2\/comments?post=4544"}],"wp:featuredmedia":[{"embeddable":true,"href":"https:\/\/vapestornado.com\/lv\/wp-json\/wp\/v2\/media\/4547"}],"wp:attachment":[{"href":"https:\/\/vapestornado.com\/lv\/wp-json\/wp\/v2\/media?parent=4544"}],"wp:term":[{"taxonomy":"product_brand","embeddable":true,"href":"https:\/\/vapestornado.com\/lv\/wp-json\/wp\/v2\/product_brand?post=4544"},{"taxonomy":"product_cat","embeddable":true,"href":"https:\/\/vapestornado.com\/lv\/wp-json\/wp\/v2\/product_cat?post=4544"},{"taxonomy":"product_tag","embeddable":true,"href":"https:\/\/vapestornado.com\/lv\/wp-json\/wp\/v2\/product_tag?post=4544"}],"curies":[{"name":"wp","href":"https:\/\/api.w.org\/{rel}","templated":true}]}}