{"id":4543,"date":"2025-11-14T09:06:06","date_gmt":"2025-11-14T09:06:06","guid":{"rendered":"https:\/\/vapestornado.com\/?post_type=product&#038;p=4543"},"modified":"2025-11-14T09:29:50","modified_gmt":"2025-11-14T09:29:50","slug":"ainovo-aim-aipod-30000-30k-puff-replaceable-tank-disposable-vape-kit","status":"publish","type":"product","link":"https:\/\/vapestornado.com\/lv\/product\/ainovo-aim-aipod-30000-30k-puff-replaceable-tank-disposable-vape-kit\/","title":{"rendered":"AINOVO AIM AIPOD 30000 30K P\u016b\u0161\u013ci Nomain\u0101ms Tanka Vienreiz\u0113j\u0101s Vape Komplekt\u0101"},"content":{"rendered":"<h2 data-pm-slice=\"1 1 []\">AINOVO AIM AIPOD 30000 P\u016b\u0161\u013ci \u2013 Nomain\u0101ms Tanka Jauda nopietniem EU vaperiem<\/h2>\n<p data-start=\"86\" data-end=\"660\">T\u0101 <strong data-start=\"90\" data-end=\"116\">AINOVO AIM AIPOD 30000<\/strong> ir izstr\u0101d\u0101ts EU vairumtirdzniec\u012bbas un pat\u0113r\u0113t\u0101jiem, kuri v\u0113las maksim\u0101lu ilgm\u016b\u017e\u012bbu ar m\u016bsdienu vaping tehnolo\u0123ij\u0101m. Izstr\u0101d\u0101ts k\u0101 <strong data-start=\"242\" data-end=\"282\">Nomain\u0101ms Tanka Vienreiz\u0113j\u0101s Vape Komplekt\u0101<\/strong>, tas nodro\u0161ina l\u012bdz <strong data-start=\"302\" data-end=\"332\">30000 p\u016b\u0161\u013ciem Norm\u0101l\u0101 re\u017e\u012bm\u0101<\/strong> un <strong data-start=\"337\" data-end=\"366\">20000 p\u016b\u0161\u013ciem Boost re\u017e\u012bm\u0101<\/strong>, dodot lietot\u0101jiem br\u012bv\u012bbu p\u0101rsl\u0113gties starp gludu efektivit\u0101ti un sp\u0113c\u012bg\u0101m, bl\u012bviem m\u0101ko\u0146iem. Ar <strong data-start=\"462\" data-end=\"485\">1.0\u03a9 dubult\u0101 sieta spole<\/strong>, katrs p\u016b\u0161\u013ci ir bag\u0101ts, stabils un ar prec\u012bzu gar\u0161u \u2014 galven\u0101 priek\u0161roc\u012bba mazumtirgot\u0101jiem, kas mekl\u0113 uzticamu <strong data-start=\"588\" data-end=\"631\">vairumtirdzniec\u012bbas un lielapjoma vienreiz\u0113jo vape<\/strong> kas darbojas konsekventi.<\/p>\n<p data-start=\"662\" data-end=\"1302\">\u0160is kompaktais ier\u012bces ir apr\u012bkots ar <strong data-start=\"692\" data-end=\"717\">15ml nomain\u0101mu tanka<\/strong>, virzot kategoriju uz priek\u0161u ar ilg\u0101ku lietojam\u012bbu un zem\u0101k\u0101m ekspluat\u0101cijas izmaks\u0101m. The <strong data-start=\"798\" data-end=\"818\">AINOVO AIPOD 30K<\/strong> t\u0101pat ietver regul\u0113jamu gaisa pl\u016bsmu personaliz\u0113tai ieelpas pretest\u012bbai, plus <strong data-start=\"893\" data-end=\"917\">viedo ekr\u0101nu<\/strong> r\u0101da akumulatora un e-\u0161\u0137idruma l\u012bme\u0146us. Ar <strong data-start=\"960\" data-end=\"990\">850mAh \u0101tr\u0101s uzl\u0101des jaudu<\/strong> un nikot\u012bna opcij\u0101m no <strong data-start=\"1016\" data-end=\"1028\">0% l\u012bdz 5%<\/strong>, tas atbilst da\u017e\u0101du ES tirgu vajadz\u012bb\u0101m. K\u0101 <strong data-start=\"1076\" data-end=\"1110\">\u0136\u012bnas vienreiz\u0113j\u0101s vape pieg\u0101d\u0101t\u0101js<\/strong> modelis, kas paredz\u0113ts lielapjoma p\u0101rdo\u0161anai, <strong data-start=\"1151\" data-end=\"1178\">AINOVO AIPOD 30000 p\u016btieni<\/strong> ir optimiz\u0113ts \u0113rt\u012bbai, iztur\u012bbai un pe\u013c\u0146as mar\u017eai \u2014 ide\u0101ls ES mazumtirdzniec\u012bbas \u0137\u0113d\u0113m, kioskiem un tie\u0161saistes vape veikaliem.<\/p>\n<p data-start=\"1304\" data-end=\"1649\">ES pirc\u0113ji nov\u0113rt\u0113 kompaktu izm\u0113ru, \u0101tru uzl\u0101di, prec\u012bzu gar\u0161u un zemu uztur\u0113\u0161anu. AIM AIPOD nodro\u0161ina tie\u0161i to, pied\u0101v\u0101jot 10 sp\u0113c\u012bgas gar\u0161as profilu, kas piesaista Eiropas vaperus. P\u0101rdev\u0113jiem, kas mekl\u0113 stabilu kr\u0101jumu pieg\u0101di un augstas piepras\u012bjuma veiktsp\u0113ju, tas ir viens no uzticam\u0101kajiem 30K p\u016btienu variantiem kategorij\u0101.<\/p>\n<p data-start=\"666\" data-end=\"1235\"><strong style=\"font-size: 16px;\"><span style=\"color: #ff0000;\">Pievienojiet Amy WhatsApp, lai sa\u0146emtu t\u016bl\u012bt\u0113ju atbildi un atlai\u017eu cenu!<\/span><\/strong><\/p>\n<p><img fetchpriority=\"high\" decoding=\"async\" class=\"size-full wp-image-2932\" src=\"https:\/\/vapestornado.com\/wp-content\/uploads\/2024\/12\/Vape-Wholesale.jpg\" alt=\"Veipu Vairumtirdzniec\u012bba\" width=\"229\" height=\"300\" \/><\/p>\n<h3><a href=\"https:\/\/wa.me\/8617776015835\" target=\"_blank\" rel=\"noopener\"><span style=\"color: #ff0000;\"><strong>WhatsApp: +86 17776015835<\/strong><\/span><\/a><\/h3>\n<p>&nbsp;<\/p>\n<h2><strong>AINOVO AIM AIPOD 30000 galven\u0101s produkta \u012bpa\u0161\u012bbas<\/strong><\/h2>\n<ul data-start=\"1707\" data-end=\"2033\">\n<li data-start=\"1707\" data-end=\"1739\">\n<p data-start=\"1709\" data-end=\"1739\"><strong data-start=\"1709\" data-end=\"1725\">Norm\u0101lais re\u017e\u012bms:<\/strong> 30000 dvesmu<\/p>\n<\/li>\n<li data-start=\"1740\" data-end=\"1771\">\n<p data-start=\"1742\" data-end=\"1771\"><strong data-start=\"1742\" data-end=\"1757\">Palielin\u0101tais re\u017e\u012bms:<\/strong> 20000 uzp\u016btienu<\/p>\n<\/li>\n<li data-start=\"1772\" data-end=\"1816\">\n<p data-start=\"1774\" data-end=\"1816\"><strong data-start=\"1774\" data-end=\"1792\">Tanka ietilp\u012bba:<\/strong> 15ml nomain\u0101mu tanka<\/p>\n<\/li>\n<li data-start=\"1817\" data-end=\"1845\">\n<p data-start=\"1819\" data-end=\"1845\"><strong data-start=\"1819\" data-end=\"1828\">Spole:<\/strong> 1.0\u03a9 dubult\u0101 t\u012bkls<\/p>\n<\/li>\n<li data-start=\"1846\" data-end=\"1882\">\n<p data-start=\"1848\" data-end=\"1882\"><strong data-start=\"1848\" data-end=\"1860\">Akumulators:<\/strong> 850mAh uzl\u0101d\u0113jams<\/p>\n<\/li>\n<li data-start=\"1883\" data-end=\"1923\">\n<p data-start=\"1885\" data-end=\"1923\"><strong data-start=\"1885\" data-end=\"1906\">Nikot\u012bna opcijas:<\/strong> 0%, 2%, 3%, 5%<\/p>\n<\/li>\n<li data-start=\"1924\" data-end=\"1972\">\n<p data-start=\"1926\" data-end=\"1972\"><strong data-start=\"1926\" data-end=\"1943\">Gudrs ekr\u0101ns:<\/strong> Akumulatora un \u0161\u0137idruma indikatoriem<\/p>\n<\/li>\n<li data-start=\"1973\" data-end=\"1999\">\n<p data-start=\"1975\" data-end=\"1999\"><strong data-start=\"1975\" data-end=\"1997\">Regul\u0113jama gaisa pl\u016bsma<\/strong><\/p>\n<\/li>\n<li data-start=\"2000\" data-end=\"2033\">\n<p data-start=\"2002\" data-end=\"2033\"><strong data-start=\"2002\" data-end=\"2011\">Izm\u0113rs:<\/strong> 52,2 \u00d7 27,8 \u00d7 96 mm<\/p>\n<\/li>\n<\/ul>\n<figure id=\"attachment_4542\" aria-describedby=\"caption-attachment-4542\" style=\"width: 300px\" class=\"wp-caption alignnone\"><img decoding=\"async\" class=\"size-medium wp-image-4542\" src=\"https:\/\/vapestornado.com\/wp-content\/uploads\/2025\/11\/Aivono-Aipod-30k-30000-Puffs-Disposable-Vapes-Bulk-Buy-300x300.webp\" alt=\"Aivono Aipod 30k 30000 P\u016btieni Vienreizlietojamie Vape Partijas Pirkums\" width=\"300\" height=\"300\" srcset=\"https:\/\/vapestornado.com\/wp-content\/uploads\/2025\/11\/Aivono-Aipod-30k-30000-Puffs-Disposable-Vapes-Bulk-Buy-300x300.webp 300w, https:\/\/vapestornado.com\/wp-content\/uploads\/2025\/11\/Aivono-Aipod-30k-30000-Puffs-Disposable-Vapes-Bulk-Buy-150x150.webp 150w, https:\/\/vapestornado.com\/wp-content\/uploads\/2025\/11\/Aivono-Aipod-30k-30000-Puffs-Disposable-Vapes-Bulk-Buy-768x768.webp 768w, https:\/\/vapestornado.com\/wp-content\/uploads\/2025\/11\/Aivono-Aipod-30k-30000-Puffs-Disposable-Vapes-Bulk-Buy-12x12.webp 12w, https:\/\/vapestornado.com\/wp-content\/uploads\/2025\/11\/Aivono-Aipod-30k-30000-Puffs-Disposable-Vapes-Bulk-Buy-600x600.webp 600w, https:\/\/vapestornado.com\/wp-content\/uploads\/2025\/11\/Aivono-Aipod-30k-30000-Puffs-Disposable-Vapes-Bulk-Buy-100x100.webp 100w, https:\/\/vapestornado.com\/wp-content\/uploads\/2025\/11\/Aivono-Aipod-30k-30000-Puffs-Disposable-Vapes-Bulk-Buy.webp 800w\" sizes=\"(max-width: 300px) 100vw, 300px\" \/><figcaption id=\"caption-attachment-4542\" class=\"wp-caption-text\">Aivono Aipod 30k 30000 P\u016btieni Vienreizlietojamie Vape Partijas Pirkums<\/figcaption><\/figure>\n<h2 class=\"product-title\"><strong>AINOVO AIM AIPOD 30000 Vienreiz\u0113j\u0101s lieto\u0161anas Vape arom\u0101tu saraksts<\/strong><\/h2>\n<h3 data-start=\"2040\" data-end=\"2076\"><\/h3>\n<ol data-start=\"2077\" data-end=\"2293\">\n<li data-start=\"2077\" data-end=\"2096\">\n<p data-start=\"2080\" data-end=\"2096\">Arb\u016bzu ledus<\/p>\n<\/li>\n<li data-start=\"2097\" data-end=\"2112\">\n<p data-start=\"2100\" data-end=\"2112\">Maiami Piparm\u0113tra<\/p>\n<\/li>\n<li data-start=\"2113\" data-end=\"2129\">\n<p data-start=\"2116\" data-end=\"2129\">V\u012bnogu Slush<\/p>\n<\/li>\n<li data-start=\"2130\" data-end=\"2155\">\n<p data-start=\"2133\" data-end=\"2155\">Sk\u0101b\u0101 mango anan\u0101s<\/p>\n<\/li>\n<li data-start=\"2156\" data-end=\"2182\">\n<p data-start=\"2159\" data-end=\"2182\">\u0136ir\u0161u persiku citronu<\/p>\n<\/li>\n<li data-start=\"2183\" data-end=\"2197\">\n<p data-start=\"2186\" data-end=\"2197\">Persiku iev\u0101r\u012bjums<\/p>\n<\/li>\n<li data-start=\"2198\" data-end=\"2227\">\n<p data-start=\"2201\" data-end=\"2227\">Sald\u0113tas \u0137ir\u0161u arb\u016bzs<\/p>\n<\/li>\n<li data-start=\"2228\" data-end=\"2245\">\n<p data-start=\"2231\" data-end=\"2245\">Dubult\u0101 \u0101bols<\/p>\n<\/li>\n<li data-start=\"2246\" data-end=\"2265\">\n<p data-start=\"2249\" data-end=\"2265\">Melle\u0146u Razz<\/p>\n<\/li>\n<li data-start=\"2266\" data-end=\"2293\">\n<p data-start=\"2270\" data-end=\"2293\">Zeme\u0146u Arb\u016bzs<\/p>\n<\/li>\n<\/ol>\n<p>&nbsp;<\/p>\n<h2>K\u0101p\u0113c izv\u0113l\u0113ties Vapestornado priek\u0161 AINOVO AIM AIPOD 30000 p\u016b\u0161iem lielapjoma pirk\u0161anai?<\/h2>\n<div class=\"flex-shrink-0 flex flex-col relative items-end\">\n<div class=\"pt-0\">\n<div class=\"gizmo-bot-avatar flex h-8 w-8 items-center justify-center overflow-hidden rounded-full\">\n<div class=\"relative p-1 rounded-sm flex items-center justify-center bg-token-main-surface-primary text-token-text-primary h-8 w-8\">\n<p>At\u00a0<strong>Vapes Tornado<\/strong>, m\u0113s lepojamies ar to, ka pied\u0101v\u0101jam\u00a0<strong>augst\u0101k\u0101s kvalit\u0101tes tvaic\u0113\u0161anas produktus par nep\u0101rsp\u0113jam\u0101m cen\u0101m<\/strong>\u00a0\u0160eit ir iemesli, k\u0101p\u0113c jums j\u0101p\u0113rk no mums:<\/p>\n<p data-start=\"235\" data-end=\"360\"><strong data-start=\"235\" data-end=\"261\">Lab\u0101kie vairumtirdzniec\u012bbas pied\u0101v\u0101jumi<\/strong> \u2013 Izbaudiet <strong data-start=\"270\" data-end=\"297\">augstas pe\u013c\u0146as lielapjoma cenas<\/strong> piel\u0101gotas p\u0101rdev\u0113jiem, vape izplat\u012bt\u0101jiem un mazumtirdzniec\u012bbas veikaliem.<\/p>\n<p data-start=\"362\" data-end=\"513\"><strong data-start=\"362\" data-end=\"400\">\u2714 \u0100tra un Dro\u0161a Pasaules Pieg\u0101de<\/strong> \u2013 M\u0113s nodro\u0161in\u0101m <strong data-start=\"413\" data-end=\"443\">\u0101tru, izsekojamu pieg\u0101di<\/strong> pa Eiropu un t\u0101l\u0101k, lai j\u016bsu kr\u0101jumi ierastos dro\u0161i un laik\u0101.<\/p>\n<p data-start=\"515\" data-end=\"646\"><strong data-start=\"515\" data-end=\"542\">\u2714 100% \u012astas Preces<\/strong> \u2013 Katrs <strong data-start=\"551\" data-end=\"578\">WASPE Triple 60000 vape<\/strong> ko m\u0113s p\u0101rdodam, ir <strong data-start=\"590\" data-end=\"625\">autentisks un r\u016bpn\u012bc\u0101 sertific\u0113ts<\/strong>, nekad imit\u0101cija.<\/p>\n<p data-start=\"648\" data-end=\"799\"><strong data-start=\"648\" data-end=\"676\">\u2714 Dedz\u012bgs atbalsta komanda<\/strong> \u2013 Vajag pal\u012bdz\u012bbu? M\u016bsu <strong data-start=\"694\" data-end=\"733\">vape speci\u0101listi ir pieejami 24\/7<\/strong>, gatavi atbild\u0113t uz j\u016bsu jaut\u0101jumiem un pal\u012bdz\u0113t ar pas\u016bt\u012bjumiem jebkur\u0101 laik\u0101.<\/p>\n<p>&nbsp;<\/p>\n<p data-start=\"559\" data-end=\"933\" data-is-last-node=\"\" data-is-only-node=\"\">M\u0113s ar\u012b pied\u0101v\u0101jam da\u017eus citus popul\u0101rus vienreiz\u0113jos vape ar ekr\u0101nu, piem\u0113ram, <a href=\"https:\/\/vapestornado.com\/lv\/product\/uzy-150k-puffs-6-in-1-flavor-switch-disposable-vape-pen-wholesale\/\">UZY 150K P\u016b\u0161 arom\u0101ta p\u0101rsl\u0113dz\u0113js vape<\/a>, <a href=\"https:\/\/vapestornado.com\/lv\/product\/vozol-rave-40k-40000-puffs-disposable-vape-smart-screen-5-nicotine\/\">VOZOL RAVE 40K Vienreiz\u0113jais Vape<\/a>, <a href=\"https:\/\/vapestornado.com\/lv\/product\/waspe-150k-150000-puff-6-in-1-disposable-vape-pen-cartridge-best-wholesale-price-in-poland\/\">WASPE 150K P\u016b\u0161 6 in 1<\/a>, un citi.<\/p>\n<\/div>\n<div class=\"relative p-1 rounded-sm flex items-center justify-center bg-token-main-surface-primary text-token-text-primary h-8 w-8\">\n<h2>BUJ Par AINOVO AIM AIPOD 30000 30k P\u016b\u0161iem<\/h2>\n<p data-start=\"2345\" data-end=\"2507\"><strong data-start=\"2345\" data-end=\"2397\">1. Cik ilgi kalpo AINOVO AIPOD 30K P\u016b\u0161?<\/strong><br data-start=\"2397\" data-end=\"2400\" \/>Norm\u0101lais re\u017e\u012bms pied\u0101v\u0101 l\u012bdz <strong data-start=\"2425\" data-end=\"2440\">30000 dvesmu<\/strong>, kam\u0113r Pa\u0101trin\u0101tais re\u017e\u012bms nodro\u0161ina <strong data-start=\"2468\" data-end=\"2483\">20000 uzp\u016btienu<\/strong> ar stipr\u0101ku izvadi.<\/p>\n<p data-start=\"2509\" data-end=\"2669\"><strong data-start=\"2509\" data-end=\"2566\">2. Vai AINOVO AIM AIPOD ir nomain\u0101ma tanka sist\u0113ma?<\/strong><br data-start=\"2566\" data-end=\"2569\" \/>J\u0101, tas izmanto <strong data-start=\"2584\" data-end=\"2609\">15ml nomain\u0101mu tanka<\/strong>, kas padara to ide\u0101li piem\u0113rotu lietot\u0101jiem, kuri v\u0113las pagarin\u0101t ier\u012bces kalpo\u0161anas laiku.<\/p>\n<p data-start=\"2671\" data-end=\"2783\"><strong data-start=\"2671\" data-end=\"2703\">3. Vai es varu regul\u0113t gaisa pl\u016bsmu?<\/strong><br data-start=\"2703\" data-end=\"2706\" \/>J\u0101, tam ir <strong data-start=\"2723\" data-end=\"2745\">gaisa pl\u016bsmas regul\u0113\u0161ana<\/strong> lai piel\u0101gotu cie\u0161u vai va\u013c\u0113ju ieelpu.<\/p>\n<p data-start=\"2785\" data-end=\"2924\"><strong data-start=\"2785\" data-end=\"2828\">4. K\u0101das nikot\u012bna iesp\u0113jas ir pieejamas?<\/strong><br data-start=\"2828\" data-end=\"2831\" \/>Tas atbalsta <strong data-start=\"2843\" data-end=\"2864\">0% \/ 2% \/ 3% \/ 5%<\/strong>, padarot to piem\u0113rotu nikot\u012bna br\u012bviem un augstas jaudas lietot\u0101jiem.<\/p>\n<p data-start=\"2926\" data-end=\"3121\"><strong data-start=\"2926\" data-end=\"2974\">5. Vai tas ir labs vairumtirdzniec\u012bbai un lielapjoma pas\u016bt\u012bjumiem?<\/strong><br data-start=\"2974\" data-end=\"2977\" \/>Absol\u016bti \u2014 tas ir paredz\u0113ts izplat\u012bt\u0101jiem, kuriem nepiecie\u0161ams stabils pieg\u0101des avots no <strong data-start=\"3050\" data-end=\"3084\">\u0136\u012bnas vienreiz\u0113j\u0101s vape pieg\u0101d\u0101t\u0101js<\/strong>, ar sp\u0113c\u012bgu piepras\u012bjumu Eirop\u0101.<\/p>\n<\/div>\n<\/div>\n<\/div>\n<\/div>","protected":false},"excerpt":{"rendered":"<article class=\"text-token-text-primary w-full focus:outline-none [--shadow-height:45px] has-data-writing-block:pointer-events-none has-data-writing-block:-mt-(--shadow-height) has-data-writing-block:pt-(--shadow-height) [&amp;:has([data-writing-block])&gt;*]:pointer-events-auto [content-visibility:auto] supports-[content-visibility:auto]:[contain-intrinsic-size:auto_100lvh] scroll-mt-[calc(var(--header-height)+min(200px,max(70px,20svh)))]\" dir=\"auto\" tabindex=\"-1\" data-turn-id=\"86ca9d92-7a10-4e6b-bda0-15f9df36adca\" data-testid=\"conversation-turn-120\" data-scroll-anchor=\"true\" data-turn=\"assistant\">\n<div class=\"text-base my-auto mx-auto pb-10 [--thread-content-margin:--spacing(4)] thread-sm:[--thread-content-margin:--spacing(6)] thread-lg:[--thread-content-margin:--spacing(16)] px-(--thread-content-margin)\">\n<div class=\"[--thread-content-max-width:40rem] thread-lg:[--thread-content-max-width:48rem] mx-auto max-w-(--thread-content-max-width) flex-1 group\/turn-messages focus-visible:outline-hidden relative flex w-full min-w-0 flex-col agent-turn\" tabindex=\"-1\">\n<div class=\"flex max-w-full flex-col grow\">\n<div class=\"min-h-8 text-message relative flex w-full flex-col items-end gap-2 text-start break-words whitespace-normal [.text-message+&amp;]:mt-1\" dir=\"auto\" data-message-author-role=\"assistant\" data-message-id=\"43b070d6-bf28-4fbe-8049-1032a61ea3ac\" data-message-model-slug=\"gpt-5\">\n<div class=\"flex w-full flex-col gap-1 empty:hidden first:pt-[1px]\">\n<div class=\"markdown prose dark:prose-invert w-full break-words light markdown-new-styling\">\n<p data-start=\"3431\" data-end=\"3519\"><strong data-start=\"3431\" data-end=\"3517\">AINOVO AIPOD 30K Nomain\u0101ms Tanka Vape \u2013 30000 P\u016b\u0161\u013ci Gudrs Vienreiz\u0113jais vairumtirdzniec\u012bbai<\/strong><\/p>\n<p data-start=\"3523\" data-end=\"3604\"><strong data-start=\"3523\" data-end=\"3602\">Pirkt AINOVO AIM AIPOD 30000 P\u016b\u0161\u013ci \u2013 Dubult\u0161\u0113jas 30K Vape Komplektu EU Vairumtirdzniec\u012bbai<\/strong><\/p>\n<p data-start=\"3608\" data-end=\"3688\" data-is-last-node=\"\"><strong data-start=\"3608\" data-end=\"3688\" data-is-last-node=\"\">AINOVO AIPOD 30000 P\u016b\u0161\u013ci Vienreiz\u0113jais \u2013 30K Nomain\u0101ms Tanka Vape Karsts P\u0101rdo\u0161an\u0101<\/strong><\/p>\n<\/div>\n<\/div>\n<\/div>\n<\/div>\n<\/div>\n<\/div>\n<\/article>\n<p><img fetchpriority=\"high\" decoding=\"async\" class=\"size-full wp-image-2932\" src=\"https:\/\/vapestornado.com\/wp-content\/uploads\/2024\/12\/Vape-Wholesale.jpg\" alt=\"Veipu Vairumtirdzniec\u012bba\" width=\"229\" height=\"300\" \/><\/p>\n<h3><a href=\"https:\/\/wa.me\/8617776015835\"><span style=\"color: #ff0000;\"><strong>WhatsApp: +86 17776015835<\/strong><\/span><\/a><\/h3>\n<p>&nbsp;<\/p>","protected":false},"featured_media":4538,"comment_status":"open","ping_status":"closed","template":"","meta":{"_acf_changed":false,"_uag_custom_page_level_css":"","_lmt_disableupdate":"no","_lmt_disable":"","_monsterinsights_skip_tracking":false,"_monsterinsights_sitenote_active":false,"_monsterinsights_sitenote_note":"","_monsterinsights_sitenote_category":0,"site-sidebar-layout":"default","site-content-layout":"","ast-site-content-layout":"default","site-content-style":"default","site-sidebar-style":"default","ast-global-header-display":"","ast-banner-title-visibility":"","ast-main-header-display":"","ast-hfb-above-header-display":"","ast-hfb-below-header-display":"","ast-hfb-mobile-header-display":"","site-post-title":"","ast-breadcrumbs-content":"","ast-featured-img":"","footer-sml-layout":"","ast-disable-related-posts":"","theme-transparent-header-meta":"default","adv-header-id-meta":"","stick-header-meta":"","header-above-stick-meta":"","header-main-stick-meta":"","header-below-stick-meta":"","astra-migrate-meta-layouts":"set","ast-page-background-enabled":"default","ast-page-background-meta":{"desktop":{"background-color":"","background-image":"","background-repeat":"repeat","background-position":"center center","background-size":"auto","background-attachment":"scroll","background-type":"","background-media":"","overlay-type":"","overlay-color":"","overlay-opacity":"","overlay-gradient":""},"tablet":{"background-color":"","background-image":"","background-repeat":"repeat","background-position":"center center","background-size":"auto","background-attachment":"scroll","background-type":"","background-media":"","overlay-type":"","overlay-color":"","overlay-opacity":"","overlay-gradient":""},"mobile":{"background-color":"","background-image":"","background-repeat":"repeat","background-position":"center center","background-size":"auto","background-attachment":"scroll","background-type":"","background-media":"","overlay-type":"","overlay-color":"","overlay-opacity":"","overlay-gradient":""}},"ast-content-background-meta":{"desktop":{"background-color":"var(--ast-global-color-5)","background-image":"","background-repeat":"repeat","background-position":"center center","background-size":"auto","background-attachment":"scroll","background-type":"","background-media":"","overlay-type":"","overlay-color":"","overlay-opacity":"","overlay-gradient":""},"tablet":{"background-color":"var(--ast-global-color-5)","background-image":"","background-repeat":"repeat","background-position":"center center","background-size":"auto","background-attachment":"scroll","background-type":"","background-media":"","overlay-type":"","overlay-color":"","overlay-opacity":"","overlay-gradient":""},"mobile":{"background-color":"var(--ast-global-color-5)","background-image":"","background-repeat":"repeat","background-position":"center center","background-size":"auto","background-attachment":"scroll","background-type":"","background-media":"","overlay-type":"","overlay-color":"","overlay-opacity":"","overlay-gradient":""}},"_joinchat":{"telephone":"17776015835"}},"product_brand":[],"product_cat":[67,176,152,154,156,158,142,357,144],"product_tag":[432,105,430,94,431,301],"class_list":{"0":"post-4543","1":"product","2":"type-product","3":"status-publish","4":"has-post-thumbnail","6":"product_cat-30000-puff","7":"product_cat-aivono-vape","8":"product_cat-buy-disposable-vapes-in-cermany","9":"product_cat-buy-disposable-vapes-in-netherlands","10":"product_cat-buy-disposable-vapes-in-poland","11":"product_cat-buy-disposable-vapes-in-spain","12":"product_cat-digital-box-disposable-vapes","13":"product_cat-flavor-adjustable-vape","14":"product_cat-low-nicotine-disposable-vapes","15":"product_tag-china-disposable-vape-supplier","16":"product_tag-digital-disposable-vape","17":"product_tag-disposables-vaper","18":"product_tag-rechargeable-disposable-vape","19":"product_tag-replaceable-tank-disposable-vape-kit","20":"product_tag-vapor-wholesale","21":"desktop-align-left","22":"tablet-align-left","23":"mobile-align-left","25":"first","26":"instock","27":"sale","28":"shipping-taxable","29":"purchasable","30":"product-type-simple"},"acf":[],"uagb_featured_image_src":{"full":["https:\/\/vapestornado.com\/wp-content\/uploads\/2025\/11\/Aivono-30k-30000-Puffs-Disposable-Vape.webp",800,800,false],"thumbnail":["https:\/\/vapestornado.com\/wp-content\/uploads\/2025\/11\/Aivono-30k-30000-Puffs-Disposable-Vape-150x150.webp",150,150,true],"medium":["https:\/\/vapestornado.com\/wp-content\/uploads\/2025\/11\/Aivono-30k-30000-Puffs-Disposable-Vape-300x300.webp",300,300,true],"medium_large":["https:\/\/vapestornado.com\/wp-content\/uploads\/2025\/11\/Aivono-30k-30000-Puffs-Disposable-Vape-768x768.webp",768,768,true],"large":["https:\/\/vapestornado.com\/wp-content\/uploads\/2025\/11\/Aivono-30k-30000-Puffs-Disposable-Vape.webp",800,800,false],"1536x1536":["https:\/\/vapestornado.com\/wp-content\/uploads\/2025\/11\/Aivono-30k-30000-Puffs-Disposable-Vape.webp",800,800,false],"2048x2048":["https:\/\/vapestornado.com\/wp-content\/uploads\/2025\/11\/Aivono-30k-30000-Puffs-Disposable-Vape.webp",800,800,false],"trp-custom-language-flag":["https:\/\/vapestornado.com\/wp-content\/uploads\/2025\/11\/Aivono-30k-30000-Puffs-Disposable-Vape-12x12.webp",12,12,true],"woocommerce_thumbnail":["https:\/\/vapestornado.com\/wp-content\/uploads\/2025\/11\/Aivono-30k-30000-Puffs-Disposable-Vape-300x300.webp",300,300,true],"woocommerce_single":["https:\/\/vapestornado.com\/wp-content\/uploads\/2025\/11\/Aivono-30k-30000-Puffs-Disposable-Vape-600x600.webp",600,600,true],"woocommerce_gallery_thumbnail":["https:\/\/vapestornado.com\/wp-content\/uploads\/2025\/11\/Aivono-30k-30000-Puffs-Disposable-Vape-100x100.webp",100,100,true]},"uagb_author_info":{"display_name":"ESAMY","author_link":"https:\/\/vapestornado.com\/lv\/author\/"},"uagb_comment_info":0,"uagb_excerpt":"AINOVO AIPOD 30K Replaceable Tank Vape \u2013 30000 Puff Smart Disposable for Wholesale Buy AINOVO AIM AIPOD 30000 Puff \u2013 Dual Mesh 30K Vape Kit for EU Bulk Orders AINOVO AIPOD 30000 Puff Disposable \u2013 30K Replaceable Tank Vape Hot Sale WhatsApp: +86 17776015835 &nbsp;","_links":{"self":[{"href":"https:\/\/vapestornado.com\/lv\/wp-json\/wp\/v2\/product\/4543","targetHints":{"allow":["GET"]}}],"collection":[{"href":"https:\/\/vapestornado.com\/lv\/wp-json\/wp\/v2\/product"}],"about":[{"href":"https:\/\/vapestornado.com\/lv\/wp-json\/wp\/v2\/types\/product"}],"replies":[{"embeddable":true,"href":"https:\/\/vapestornado.com\/lv\/wp-json\/wp\/v2\/comments?post=4543"}],"wp:featuredmedia":[{"embeddable":true,"href":"https:\/\/vapestornado.com\/lv\/wp-json\/wp\/v2\/media\/4538"}],"wp:attachment":[{"href":"https:\/\/vapestornado.com\/lv\/wp-json\/wp\/v2\/media?parent=4543"}],"wp:term":[{"taxonomy":"product_brand","embeddable":true,"href":"https:\/\/vapestornado.com\/lv\/wp-json\/wp\/v2\/product_brand?post=4543"},{"taxonomy":"product_cat","embeddable":true,"href":"https:\/\/vapestornado.com\/lv\/wp-json\/wp\/v2\/product_cat?post=4543"},{"taxonomy":"product_tag","embeddable":true,"href":"https:\/\/vapestornado.com\/lv\/wp-json\/wp\/v2\/product_tag?post=4543"}],"curies":[{"name":"wp","href":"https:\/\/api.w.org\/{rel}","templated":true}]}}