{"id":4537,"date":"2025-11-13T08:50:19","date_gmt":"2025-11-13T08:50:19","guid":{"rendered":"https:\/\/vapestornado.com\/?post_type=product&#038;p=4537"},"modified":"2025-11-13T09:14:06","modified_gmt":"2025-11-13T09:14:06","slug":"uzy-bang-digital-15k-puff-monkey-vape-pen-eu-warehouse-fast-shipping","status":"publish","type":"product","link":"https:\/\/vapestornado.com\/lv\/product\/uzy-bang-digital-15k-puff-monkey-vape-pen-eu-warehouse-fast-shipping\/","title":{"rendered":"UZY Bang Digital 15K Puff 15000 Monkey Vape Pen EU Noliktava \u0100tra Pieg\u0101de"},"content":{"rendered":"<h2 data-pm-slice=\"1 1 []\">UZY Bang Digital 15K Puff \u2013 Kompakta Jauda, Augstas Kvalit\u0101tes Gar\u0161a, \u0100tra EU Pieg\u0101de<\/h2>\n<p data-start=\"90\" data-end=\"703\">T\u0101 <strong data-start=\"94\" data-end=\"118\">UZY Bang Digital 15K<\/strong> p\u0101rdefin\u0113 to, ko var pied\u0101v\u0101t kompakt\u0101 <strong data-start=\"144\" data-end=\"171\">digit\u0101l\u0101 vienreiz\u0113j\u0101 vape<\/strong> ar <strong data-start=\"190\" data-end=\"222\">15000 p\u016b\u0161\u013cu jaudu<\/strong> un <strong data-start=\"227\" data-end=\"254\">25ml iepriek\u0161pild\u012bta e-\u0161\u0137idruma<\/strong>, \u0161is modelis apvieno ilgu darb\u012bbas laiku ar gludu, vienm\u0113r\u012bgu tvaika ra\u017eo\u0161anu. Izstr\u0101d\u0101ts vaperiem, kuri pieprasa gan iztur\u012bbu, gan gar\u0161u, <strong data-start=\"406\" data-end=\"423\">UZY 15K P\u016b\u0161\u013ci<\/strong> ir apr\u012bkots ar <strong data-start=\"435\" data-end=\"453\">1,0 \u03a9 sieta spole<\/strong> lai rad\u012btu bl\u012bvus m\u0101ko\u0146us un t\u012bru gar\u0161u katr\u0101 ieelp\u0101. T\u0101 <strong data-start=\"506\" data-end=\"544\">850mAh Type-C uzl\u0101d\u0113jams akumulators<\/strong> nodro\u0161ina visu dienu jaudu ar \u0101tru, efekt\u012bvu uzl\u0101di \u2014 padarot to ide\u0101lu gan ikdienas lietot\u0101jiem, gan vairumtirdzniec\u012bbas pirc\u0113jiem, kas mekl\u0113 uzticam\u012bbu lielapjom\u0101.<\/p>\n<p data-start=\"705\" data-end=\"1168\">\u0160is <strong data-start=\"710\" data-end=\"735\">gudrais vienreiz\u0113jais vape<\/strong> izce\u013cas ar <strong data-start=\"754\" data-end=\"777\">digit\u0101lais LED displejs<\/strong> kas re\u0101llaik\u0101 seko baterijas darb\u012bbas laiku un e-\u0161\u0137idruma l\u012bmeni \u2014 \u012bpa\u0161\u012bba, kas reti sastopama kompaktajos vape. The <strong data-start=\"883\" data-end=\"930\">regul\u0113jamas nikot\u012bna opcijas (0%, 2%, 3%, 5%)<\/strong> padara to ide\u0101lu vis\u0101m gaum\u0113m, no nikot\u012bna br\u012bviem lietot\u0101jiem l\u012bdz tiem, kas dod priek\u0161roku stipr\u0101kam r\u012bkles sitienam. Kompakts, bet jaud\u012bgs, \u0161is <strong data-start=\"1057\" data-end=\"1080\">UZY Digital 15K P\u016b\u0161\u013ca<\/strong> viegls iek\u013caujas j\u016bsu kabat\u0101, vienlaikus nodro\u0161inot veiktsp\u0113ju, kas l\u012bdz\u012bga liel\u0101kiem ier\u012bc\u0113m.<\/p>\n<p data-start=\"1170\" data-end=\"1516\">Ar noliktav\u0101 pieejamu kr\u0101jumu m\u016bsu <strong data-start=\"1198\" data-end=\"1214\">ES noliktav\u0101<\/strong> un <strong data-start=\"1219\" data-end=\"1296\">\u0101tra pieg\u0101de uz valst\u012bm k\u0101 Francija, V\u0101cija, Sp\u0101nija, It\u0101lija un Polija<\/strong>, tad <strong data-start=\"1302\" data-end=\"1331\">UZY Bang Digital 15K P\u016b\u0161\u013ca<\/strong> ir j\u016bsu galven\u0101 izv\u0113le liel\u0101ku pe\u013c\u0146u nodro\u0161ino\u0161iem vairumtirdzniec\u012bbas un mazumtirdzniec\u012bbas p\u0101rdo\u0161anas veidiem. T\u0101 ir videi draudz\u012bga, uzl\u0101d\u0113jama vienreizlietojama ier\u012bce \u2014 samazina atkritumus, vienlaikus nodro\u0161inot nevainojamu \u0113rt\u012bbu un kvalitat\u012bvu gar\u0161u.<\/p>\n<p data-start=\"666\" data-end=\"1235\"><strong style=\"font-size: 16px;\"><span style=\"color: #ff0000;\">Pievienojiet Amy WhatsApp, lai sa\u0146emtu t\u016bl\u012bt\u0113ju atbildi un atlai\u017eu cenu!<\/span><\/strong><\/p>\n<p><img fetchpriority=\"high\" decoding=\"async\" class=\"size-full wp-image-2932\" src=\"https:\/\/vapestornado.com\/wp-content\/uploads\/2024\/12\/Vape-Wholesale.jpg\" alt=\"Veipu Vairumtirdzniec\u012bba\" width=\"229\" height=\"300\" \/><\/p>\n<h3><a href=\"https:\/\/wa.me\/8617776015835\" target=\"_blank\" rel=\"noopener\"><span style=\"color: #ff0000;\"><strong>WhatsApp: +86 17776015835<\/strong><\/span><\/a><\/h3>\n<p>&nbsp;<\/p>\n<h2><strong>UZY Bang Digital 15K Bar Galven\u0101s Produkta \u012apa\u0161\u012bbas<\/strong><\/h2>\n<ul>\n<li data-start=\"1573\" data-end=\"1606\">\n<p data-start=\"1575\" data-end=\"1606\"><strong data-start=\"1575\" data-end=\"1585\">P\u016btes:<\/strong> L\u012bdz 15 000 pufiem<\/p>\n<\/li>\n<li data-start=\"1607\" data-end=\"1655\">\n<p data-start=\"1609\" data-end=\"1655\"><strong data-start=\"1609\" data-end=\"1631\">E-\u0161\u0137idruma tilpums:<\/strong> 25ml augstas kvalit\u0101tes s\u0101ls nikot\u012bns<\/p>\n<\/li>\n<li data-start=\"1656\" data-end=\"1699\">\n<p data-start=\"1658\" data-end=\"1699\"><strong data-start=\"1658\" data-end=\"1670\">Akumulators:<\/strong> 850mAh Type-C uzl\u0101d\u0113jama<\/p>\n<\/li>\n<li data-start=\"1700\" data-end=\"1744\">\n<p data-start=\"1702\" data-end=\"1744\"><strong data-start=\"1702\" data-end=\"1711\">Spole:<\/strong> 1.0\u03a9 t\u012bkli\u0146a spir\u0101le bag\u0101t\u012bg\u0101m m\u0101ko\u0146iem<\/p>\n<\/li>\n<li data-start=\"1745\" data-end=\"1804\">\n<p data-start=\"1747\" data-end=\"1804\"><strong data-start=\"1747\" data-end=\"1759\">Displejs:<\/strong> LED digit\u0101lais ekr\u0101ns (baterijas un sula l\u012bmenis)<\/p>\n<\/li>\n<li data-start=\"1805\" data-end=\"1846\">\n<p data-start=\"1807\" data-end=\"1846\"><strong data-start=\"1807\" data-end=\"1829\">Nikot\u012bna stiprums:<\/strong> 0%, 2%, 3%, 5%<\/p>\n<\/li>\n<li data-start=\"1847\" data-end=\"1888\">\n<p data-start=\"1849\" data-end=\"1888\"><strong data-start=\"1849\" data-end=\"1867\">Uzl\u0101d\u0113\u0161anas ports:<\/strong> Type-C \u0101tr\u0101s uzl\u0101des<\/p>\n<\/li>\n<li data-start=\"1889\" data-end=\"1945\">\n<p data-start=\"1891\" data-end=\"1945\"><strong data-start=\"1891\" data-end=\"1905\">Noliktava:<\/strong> ES kr\u0101jums, \u0101tra pieg\u0101de pa Eiropu<\/p>\n<\/li>\n<\/ul>\n<figure id=\"attachment_4531\" aria-describedby=\"caption-attachment-4531\" style=\"width: 300px\" class=\"wp-caption alignnone\"><img decoding=\"async\" class=\"size-medium wp-image-4531\" src=\"https:\/\/vapestornado.com\/wp-content\/uploads\/2025\/11\/Original-Uzy-Bang-Digital-15000-Puff-15k-Disposable-E-Cigs-300x300.webp\" alt=\"Ori\u0123in\u0101ls Uzy Bang Digital 15000 Puff 15k Vienreizlietojamas Elektronisk\u0101s Cigaret\u0113s\" width=\"300\" height=\"300\" srcset=\"https:\/\/vapestornado.com\/wp-content\/uploads\/2025\/11\/Original-Uzy-Bang-Digital-15000-Puff-15k-Disposable-E-Cigs-300x300.webp 300w, https:\/\/vapestornado.com\/wp-content\/uploads\/2025\/11\/Original-Uzy-Bang-Digital-15000-Puff-15k-Disposable-E-Cigs-150x150.webp 150w, https:\/\/vapestornado.com\/wp-content\/uploads\/2025\/11\/Original-Uzy-Bang-Digital-15000-Puff-15k-Disposable-E-Cigs-768x768.webp 768w, https:\/\/vapestornado.com\/wp-content\/uploads\/2025\/11\/Original-Uzy-Bang-Digital-15000-Puff-15k-Disposable-E-Cigs-12x12.webp 12w, https:\/\/vapestornado.com\/wp-content\/uploads\/2025\/11\/Original-Uzy-Bang-Digital-15000-Puff-15k-Disposable-E-Cigs-600x600.webp 600w, https:\/\/vapestornado.com\/wp-content\/uploads\/2025\/11\/Original-Uzy-Bang-Digital-15000-Puff-15k-Disposable-E-Cigs-100x100.webp 100w, https:\/\/vapestornado.com\/wp-content\/uploads\/2025\/11\/Original-Uzy-Bang-Digital-15000-Puff-15k-Disposable-E-Cigs.webp 800w\" sizes=\"(max-width: 300px) 100vw, 300px\" \/><figcaption id=\"caption-attachment-4531\" class=\"wp-caption-text\">Ori\u0123in\u0101ls Uzy Bang Digital 15000 Puff 15k Vienreizlietojamas Elektronisk\u0101s Cigaret\u0113s<\/figcaption><\/figure>\n<h2 class=\"product-title\"><strong>UZY Bang Digital 15K Vienreizlietojam\u0101s Vape Arom\u0101tu Saraksts<\/strong><\/h2>\n<p>1. Zeme\u0146u arb\u016bzs<br \/>\n2. Mellenes ar ledu<br \/>\n3. Persiku Mango Anan\u0101ss<br \/>\n4. V\u012bnogu ledus<br \/>\n5. Arb\u016bza ledus<br \/>\n6. Persiku ledus<br \/>\n7. Zeme\u0146u kivi<br \/>\n8. Melle\u0146u ave\u0146u<br \/>\n9. Kivi Passion Fruit<br \/>\n10. M R Blue<br \/>\n11. Tr\u012bsk\u0101r\u0161ais Mango ledus<br \/>\n12. Sarkan\u0101s Ener\u0123ijas ledus<\/p>\n<h3 data-start=\"2251\" data-end=\"2296\"><strong data-start=\"2255\" data-end=\"2296\">K\u0101p\u0113c izv\u0113l\u0113ties UZY Bang Digital 15K Puff?<\/strong><\/h3>\n<ul data-start=\"2297\" data-end=\"2680\">\n<li data-start=\"2297\" data-end=\"2373\">\n<p data-start=\"2299\" data-end=\"2373\"><strong data-start=\"2299\" data-end=\"2328\">Ilgsto\u0161a veiktsp\u0113ja:<\/strong> 15 000 pufa ilg\u0101k\u0101m vaping sesij\u0101m.<\/p>\n<\/li>\n<li data-start=\"2374\" data-end=\"2447\">\n<p data-start=\"2376\" data-end=\"2447\"><strong data-start=\"2376\" data-end=\"2407\">Da\u017e\u0101di nikot\u012bna varianti:<\/strong> Izv\u0113lies starp 0\u20135% piln\u012bgai kontrolei.<\/p>\n<\/li>\n<li data-start=\"2448\" data-end=\"2528\">\n<p data-start=\"2450\" data-end=\"2528\"><strong data-start=\"2450\" data-end=\"2480\">Gudrs displeja \u0113rtums:<\/strong> Uzturiet inform\u0101ciju par akumulatora un sula l\u012bmeni.<\/p>\n<\/li>\n<li data-start=\"2529\" data-end=\"2601\">\n<p data-start=\"2531\" data-end=\"2601\"><strong data-start=\"2531\" data-end=\"2550\">ES b\u0101zes kr\u0101jumi:<\/strong> \u0100tra, uzticama pieg\u0101de Eiropas p\u0101rdev\u0113jiem.<\/p>\n<\/li>\n<li data-start=\"2602\" data-end=\"2680\">\n<p data-start=\"2604\" data-end=\"2680\"><strong data-start=\"2604\" data-end=\"2629\">Ekolo\u0123iski apzin\u0101ts dizains:<\/strong> Uzl\u0101d\u0113jama sist\u0113ma samazina vides atkritumus.<\/p>\n<\/li>\n<\/ul>\n<h3 data-start=\"2687\" data-end=\"2754\"><strong data-start=\"2691\" data-end=\"2754\">Sal\u012bdzin\u0101jums: UZY Bang Digital 15K vs Tradicion\u0101lie vienreizlietojamie<\/strong><\/h3>\n<p data-start=\"2755\" data-end=\"3026\">At\u0161\u0137ir\u012bb\u0101 no standarta 5K\u20138K p\u016b\u0161anas b\u0101riem, <strong data-start=\"2792\" data-end=\"2815\">UZYDigital 15K P\u016b\u0161<\/strong> nodro\u0161ina tr\u012bsk\u0101r\u0161u kalpo\u0161anas laiku un gudr\u0101ku vaping kontroli. LED displejs un Type-C uzl\u0101de padara to daudz praktisk\u0101ku ilgtermi\u0146a lieto\u0161anai, kam\u0113r t\u012bkli\u0146a spole nodro\u0161ina, ka katrs p\u016btiens ir svaigs l\u012bdz pat p\u0113d\u0113jai reizei.<\/p>\n<p>&nbsp;<\/p>\n<h2>K\u0101p\u0113c izv\u0113l\u0113ties Vapestornado priek\u0161 UZY Bang Digital 15K Puffs vairumtirdzniec\u012bb\u0101?<\/h2>\n<div class=\"flex-shrink-0 flex flex-col relative items-end\">\n<div class=\"pt-0\">\n<div class=\"gizmo-bot-avatar flex h-8 w-8 items-center justify-center overflow-hidden rounded-full\">\n<div class=\"relative p-1 rounded-sm flex items-center justify-center bg-token-main-surface-primary text-token-text-primary h-8 w-8\">\n<p>At\u00a0<strong>Vapes Tornado<\/strong>, m\u0113s lepojamies ar to, ka pied\u0101v\u0101jam\u00a0<strong>augst\u0101k\u0101s kvalit\u0101tes tvaic\u0113\u0161anas produktus par nep\u0101rsp\u0113jam\u0101m cen\u0101m<\/strong>\u00a0\u0160eit ir iemesli, k\u0101p\u0113c jums j\u0101p\u0113rk no mums:<\/p>\n<p data-start=\"235\" data-end=\"360\"><strong data-start=\"235\" data-end=\"261\">Lab\u0101kie vairumtirdzniec\u012bbas pied\u0101v\u0101jumi<\/strong> \u2013 Izbaudiet <strong data-start=\"270\" data-end=\"297\">augstas pe\u013c\u0146as lielapjoma cenas<\/strong> piel\u0101gotas p\u0101rdev\u0113jiem, vape izplat\u012bt\u0101jiem un mazumtirdzniec\u012bbas veikaliem.<\/p>\n<p data-start=\"362\" data-end=\"513\"><strong data-start=\"362\" data-end=\"400\">\u2714 \u0100tra un Dro\u0161a Pasaules Pieg\u0101de<\/strong> \u2013 M\u0113s nodro\u0161in\u0101m <strong data-start=\"413\" data-end=\"443\">\u0101tru, izsekojamu pieg\u0101di<\/strong> pa Eiropu un t\u0101l\u0101k, lai j\u016bsu kr\u0101jumi ierastos dro\u0161i un laik\u0101.<\/p>\n<p data-start=\"515\" data-end=\"646\"><strong data-start=\"515\" data-end=\"542\">\u2714 100% \u012astas Preces<\/strong> \u2013 Katrs <strong data-start=\"551\" data-end=\"578\">WASPE Triple 60000 vape<\/strong> ko m\u0113s p\u0101rdodam, ir <strong data-start=\"590\" data-end=\"625\">autentisks un r\u016bpn\u012bc\u0101 sertific\u0113ts<\/strong>, nekad imit\u0101cija.<\/p>\n<p data-start=\"648\" data-end=\"799\"><strong data-start=\"648\" data-end=\"676\">\u2714 Dedz\u012bgs atbalsta komanda<\/strong> \u2013 Vajag pal\u012bdz\u012bbu? M\u016bsu <strong data-start=\"694\" data-end=\"733\">vape speci\u0101listi ir pieejami 24\/7<\/strong>, gatavi atbild\u0113t uz j\u016bsu jaut\u0101jumiem un pal\u012bdz\u0113t ar pas\u016bt\u012bjumiem jebkur\u0101 laik\u0101.<\/p>\n<p>&nbsp;<\/p>\n<p data-start=\"559\" data-end=\"933\" data-is-last-node=\"\" data-is-only-node=\"\">M\u0113s ar\u012b pied\u0101v\u0101jam da\u017eus citus popul\u0101rus vienreiz\u0113jos vape ar ekr\u0101nu, piem\u0113ram, <a href=\"https:\/\/vapestornado.com\/lv\/product\/uzy-150k-puffs-6-in-1-flavor-switch-disposable-vape-pen-wholesale\/\">UZY 150K P\u016b\u0161 arom\u0101ta p\u0101rsl\u0113dz\u0113js vape<\/a>, <a href=\"https:\/\/vapestornado.com\/lv\/product\/vozol-rave-40k-40000-puffs-disposable-vape-smart-screen-5-nicotine\/\">VOZOL RAVE 40K Vienreiz\u0113jais Vape<\/a>, <a href=\"https:\/\/vapestornado.com\/lv\/product\/waspe-150k-150000-puff-6-in-1-disposable-vape-pen-cartridge-best-wholesale-price-in-poland\/\">WASPE 150K P\u016b\u0161 6 in 1<\/a>, un citi.<\/p>\n<\/div>\n<div class=\"relative p-1 rounded-sm flex items-center justify-center bg-token-main-surface-primary text-token-text-primary h-8 w-8\">\n<h2>BUJ par UZY Bang Digital 15K Puffs<\/h2>\n<p data-start=\"3074\" data-end=\"3210\"><strong data-start=\"3074\" data-end=\"3125\">1. Cik ilgi darbojas UZY Bang Digital 15K?<\/strong><br data-start=\"3125\" data-end=\"3128\" \/>Tas nodro\u0161ina l\u012bdz 15 000 p\u016btieniem, atkar\u012bb\u0101 no vaping bie\u017euma un p\u016btiena ilguma.<\/p>\n<p data-start=\"3212\" data-end=\"3329\"><strong data-start=\"3212\" data-end=\"3255\">2. Vai UZY Digital 15K ir uzl\u0101d\u0113jams?<\/strong><br data-start=\"3255\" data-end=\"3258\" \/>J\u0101, tas ir apr\u012bkots ar 850mAh iek\u0161\u0113jo akumulatoru ar Type-C \u0101truzl\u0101di.<\/p>\n<p data-start=\"3331\" data-end=\"3452\"><strong data-start=\"3331\" data-end=\"3369\">3. Cik daudz arom\u0101tu ir pieejami?<\/strong><br data-start=\"3369\" data-end=\"3372\" \/>Ir 12 unik\u0101li arom\u0101ti, s\u0101kot no aug\u013cu mais\u012bjumiem l\u012bdz ledus aukst\u0101m \u0161\u0137irn\u0113m.<\/p>\n<p data-start=\"3454\" data-end=\"3579\"><strong data-start=\"3454\" data-end=\"3499\">4. Vai tas r\u0101da akumulatora un e-\u0161\u0137idruma l\u012bmeni?<\/strong><br data-start=\"3499\" data-end=\"3502\" \/>J\u0101, LED digit\u0101lais ekr\u0101ns r\u0101da re\u0101llaika akumulatora un e-\u0161\u0137idruma statusu.<\/p>\n<p data-start=\"3581\" data-end=\"3743\"><strong data-start=\"3581\" data-end=\"3615\">5. Kur varu to ieg\u0101d\u0101ties vairumtirdzniec\u012bb\u0101?<\/strong><br data-start=\"3615\" data-end=\"3618\" \/>Vairumtirdzniec\u012bbas pas\u016bt\u012bjumi tiek nos\u016bt\u012bti tie\u0161i no m\u016bsu <strong data-start=\"3658\" data-end=\"3674\">ES noliktav\u0101<\/strong>, nodro\u0161inot <strong data-start=\"3685\" data-end=\"3726\">\u0101tra pieg\u0101de un konkur\u0113tsp\u0113j\u012bgas cenas<\/strong> vis\u0101 Eirop\u0101.<\/p>\n<\/div>\n<\/div>\n<\/div>\n<\/div>","protected":false},"excerpt":{"rendered":"<article class=\"text-token-text-primary w-full focus:outline-none [--shadow-height:45px] has-data-writing-block:pointer-events-none has-data-writing-block:-mt-(--shadow-height) has-data-writing-block:pt-(--shadow-height) [&amp;:has([data-writing-block])&gt;*]:pointer-events-auto [content-visibility:auto] supports-[content-visibility:auto]:[contain-intrinsic-size:auto_100lvh] scroll-mt-[calc(var(--header-height)+min(200px,max(70px,20svh)))]\" dir=\"auto\" tabindex=\"-1\" data-turn-id=\"86ca9d92-7a10-4e6b-bda0-15f9df36adca\" data-testid=\"conversation-turn-120\" data-scroll-anchor=\"true\" data-turn=\"assistant\">\n<div class=\"text-base my-auto mx-auto pb-10 [--thread-content-margin:--spacing(4)] thread-sm:[--thread-content-margin:--spacing(6)] thread-lg:[--thread-content-margin:--spacing(16)] px-(--thread-content-margin)\">\n<div class=\"[--thread-content-max-width:40rem] thread-lg:[--thread-content-max-width:48rem] mx-auto max-w-(--thread-content-max-width) flex-1 group\/turn-messages focus-visible:outline-hidden relative flex w-full min-w-0 flex-col agent-turn\" tabindex=\"-1\">\n<div class=\"flex max-w-full flex-col grow\">\n<div class=\"min-h-8 text-message relative flex w-full flex-col items-end gap-2 text-start break-words whitespace-normal [.text-message+&amp;]:mt-1\" dir=\"auto\" data-message-author-role=\"assistant\" data-message-id=\"43b070d6-bf28-4fbe-8049-1032a61ea3ac\" data-message-model-slug=\"gpt-5\">\n<div class=\"flex w-full flex-col gap-1 empty:hidden first:pt-[1px]\">\n<div class=\"markdown prose dark:prose-invert w-full break-words light markdown-new-styling\">\n<p data-start=\"4043\" data-end=\"4133\"><strong data-start=\"4043\" data-end=\"4131\">UZY Bang Digital 15K Puff \u2013 Gudrs Vienreiz\u0113js Vape ar LED Ekr\u0101nu un EU \u0100tra Pieg\u0101de<\/strong><\/p>\n<p data-start=\"4137\" data-end=\"4227\"><strong data-start=\"4137\" data-end=\"4225\">Pirkt UZY Digital 15K Vape Pildspalvu \u2013 15000 P\u016b\u0161\u013cus Uzl\u0101d\u0113jamu Vienreiz\u0113ju Par Vairumtirdzniec\u012bbas Cenu<\/strong><\/p>\n<p data-start=\"4231\" data-end=\"4308\" data-is-last-node=\"\"><strong data-start=\"4231\" data-end=\"4308\" data-is-last-node=\"\">EU Noliktavas Kr\u0101jumi: UZY 15K P\u016b\u0161\u013cu Vape ar Gudru Displeju un \u0100tru Pieg\u0101di<\/strong><\/p>\n<\/div>\n<\/div>\n<\/div>\n<\/div>\n<\/div>\n<\/div>\n<\/article>\n<p><img fetchpriority=\"high\" decoding=\"async\" class=\"size-full wp-image-2932\" src=\"https:\/\/vapestornado.com\/wp-content\/uploads\/2024\/12\/Vape-Wholesale.jpg\" alt=\"Veipu Vairumtirdzniec\u012bba\" width=\"229\" height=\"300\" \/><\/p>\n<h3><a href=\"https:\/\/wa.me\/8617776015835\"><span style=\"color: #ff0000;\"><strong>WhatsApp: +86 17776015835<\/strong><\/span><\/a><\/h3>\n<p>&nbsp;<\/p>","protected":false},"featured_media":4532,"comment_status":"open","ping_status":"closed","template":"","meta":{"_acf_changed":false,"_uag_custom_page_level_css":"","_lmt_disableupdate":"no","_lmt_disable":"","_monsterinsights_skip_tracking":false,"_monsterinsights_sitenote_active":false,"_monsterinsights_sitenote_note":"","_monsterinsights_sitenote_category":0,"site-sidebar-layout":"default","site-content-layout":"","ast-site-content-layout":"default","site-content-style":"default","site-sidebar-style":"default","ast-global-header-display":"","ast-banner-title-visibility":"","ast-main-header-display":"","ast-hfb-above-header-display":"","ast-hfb-below-header-display":"","ast-hfb-mobile-header-display":"","site-post-title":"","ast-breadcrumbs-content":"","ast-featured-img":"","footer-sml-layout":"","ast-disable-related-posts":"","theme-transparent-header-meta":"default","adv-header-id-meta":"","stick-header-meta":"","header-above-stick-meta":"","header-main-stick-meta":"","header-below-stick-meta":"","astra-migrate-meta-layouts":"set","ast-page-background-enabled":"default","ast-page-background-meta":{"desktop":{"background-color":"","background-image":"","background-repeat":"repeat","background-position":"center center","background-size":"auto","background-attachment":"scroll","background-type":"","background-media":"","overlay-type":"","overlay-color":"","overlay-opacity":"","overlay-gradient":""},"tablet":{"background-color":"","background-image":"","background-repeat":"repeat","background-position":"center center","background-size":"auto","background-attachment":"scroll","background-type":"","background-media":"","overlay-type":"","overlay-color":"","overlay-opacity":"","overlay-gradient":""},"mobile":{"background-color":"","background-image":"","background-repeat":"repeat","background-position":"center center","background-size":"auto","background-attachment":"scroll","background-type":"","background-media":"","overlay-type":"","overlay-color":"","overlay-opacity":"","overlay-gradient":""}},"ast-content-background-meta":{"desktop":{"background-color":"var(--ast-global-color-5)","background-image":"","background-repeat":"repeat","background-position":"center center","background-size":"auto","background-attachment":"scroll","background-type":"","background-media":"","overlay-type":"","overlay-color":"","overlay-opacity":"","overlay-gradient":""},"tablet":{"background-color":"var(--ast-global-color-5)","background-image":"","background-repeat":"repeat","background-position":"center center","background-size":"auto","background-attachment":"scroll","background-type":"","background-media":"","overlay-type":"","overlay-color":"","overlay-opacity":"","overlay-gradient":""},"mobile":{"background-color":"var(--ast-global-color-5)","background-image":"","background-repeat":"repeat","background-position":"center center","background-size":"auto","background-attachment":"scroll","background-type":"","background-media":"","overlay-type":"","overlay-color":"","overlay-opacity":"","overlay-gradient":""}},"_joinchat":{"telephone":"17776015835"}},"product_brand":[],"product_cat":[71,152,154,156,158,142,357,144,356],"product_tag":[105,406,427,94,428,429,301],"class_list":{"0":"post-4537","1":"product","2":"type-product","3":"status-publish","4":"has-post-thumbnail","6":"product_cat-15000-puff","7":"product_cat-buy-disposable-vapes-in-cermany","8":"product_cat-buy-disposable-vapes-in-netherlands","9":"product_cat-buy-disposable-vapes-in-poland","10":"product_cat-buy-disposable-vapes-in-spain","11":"product_cat-digital-box-disposable-vapes","12":"product_cat-flavor-adjustable-vape","13":"product_cat-low-nicotine-disposable-vapes","14":"product_cat-uzy-vape","15":"product_tag-digital-disposable-vape","16":"product_tag-disposable-vape-fast-shipping","17":"product_tag-multi-flaovr-vape","18":"product_tag-rechargeable-disposable-vape","19":"product_tag-uzy-bang-digital-15k","20":"product_tag-vape-eu-warehouse","21":"product_tag-vapor-wholesale","22":"desktop-align-left","23":"tablet-align-left","24":"mobile-align-left","26":"first","27":"instock","28":"sale","29":"shipping-taxable","30":"purchasable","31":"product-type-simple"},"acf":[],"uagb_featured_image_src":{"full":["https:\/\/vapestornado.com\/wp-content\/uploads\/2025\/11\/UZY-Bang-Digital-15K-Puff-Monkey-Vape-Pen.webp",800,800,false],"thumbnail":["https:\/\/vapestornado.com\/wp-content\/uploads\/2025\/11\/UZY-Bang-Digital-15K-Puff-Monkey-Vape-Pen-150x150.webp",150,150,true],"medium":["https:\/\/vapestornado.com\/wp-content\/uploads\/2025\/11\/UZY-Bang-Digital-15K-Puff-Monkey-Vape-Pen-300x300.webp",300,300,true],"medium_large":["https:\/\/vapestornado.com\/wp-content\/uploads\/2025\/11\/UZY-Bang-Digital-15K-Puff-Monkey-Vape-Pen-768x768.webp",768,768,true],"large":["https:\/\/vapestornado.com\/wp-content\/uploads\/2025\/11\/UZY-Bang-Digital-15K-Puff-Monkey-Vape-Pen.webp",800,800,false],"1536x1536":["https:\/\/vapestornado.com\/wp-content\/uploads\/2025\/11\/UZY-Bang-Digital-15K-Puff-Monkey-Vape-Pen.webp",800,800,false],"2048x2048":["https:\/\/vapestornado.com\/wp-content\/uploads\/2025\/11\/UZY-Bang-Digital-15K-Puff-Monkey-Vape-Pen.webp",800,800,false],"trp-custom-language-flag":["https:\/\/vapestornado.com\/wp-content\/uploads\/2025\/11\/UZY-Bang-Digital-15K-Puff-Monkey-Vape-Pen-12x12.webp",12,12,true],"woocommerce_thumbnail":["https:\/\/vapestornado.com\/wp-content\/uploads\/2025\/11\/UZY-Bang-Digital-15K-Puff-Monkey-Vape-Pen-300x300.webp",300,300,true],"woocommerce_single":["https:\/\/vapestornado.com\/wp-content\/uploads\/2025\/11\/UZY-Bang-Digital-15K-Puff-Monkey-Vape-Pen-600x600.webp",600,600,true],"woocommerce_gallery_thumbnail":["https:\/\/vapestornado.com\/wp-content\/uploads\/2025\/11\/UZY-Bang-Digital-15K-Puff-Monkey-Vape-Pen-100x100.webp",100,100,true]},"uagb_author_info":{"display_name":"ESAMY","author_link":"https:\/\/vapestornado.com\/lv\/author\/"},"uagb_comment_info":1,"uagb_excerpt":"UZY Bang Digital 15K Puff \u2013 Smart Disposable Vape with LED Screen &amp; EU Fast Shipping Buy UZY Digital 15K Vape Pen \u2013 15000 Puffs Rechargeable Disposable at Wholesale Price EU Warehouse Stock: UZY 15K Puffs Vape with Smart Display &amp; Fast Delivery WhatsApp: +86 17776015835 &nbsp;","_links":{"self":[{"href":"https:\/\/vapestornado.com\/lv\/wp-json\/wp\/v2\/product\/4537","targetHints":{"allow":["GET"]}}],"collection":[{"href":"https:\/\/vapestornado.com\/lv\/wp-json\/wp\/v2\/product"}],"about":[{"href":"https:\/\/vapestornado.com\/lv\/wp-json\/wp\/v2\/types\/product"}],"replies":[{"embeddable":true,"href":"https:\/\/vapestornado.com\/lv\/wp-json\/wp\/v2\/comments?post=4537"}],"wp:featuredmedia":[{"embeddable":true,"href":"https:\/\/vapestornado.com\/lv\/wp-json\/wp\/v2\/media\/4532"}],"wp:attachment":[{"href":"https:\/\/vapestornado.com\/lv\/wp-json\/wp\/v2\/media?parent=4537"}],"wp:term":[{"taxonomy":"product_brand","embeddable":true,"href":"https:\/\/vapestornado.com\/lv\/wp-json\/wp\/v2\/product_brand?post=4537"},{"taxonomy":"product_cat","embeddable":true,"href":"https:\/\/vapestornado.com\/lv\/wp-json\/wp\/v2\/product_cat?post=4537"},{"taxonomy":"product_tag","embeddable":true,"href":"https:\/\/vapestornado.com\/lv\/wp-json\/wp\/v2\/product_tag?post=4537"}],"curies":[{"name":"wp","href":"https:\/\/api.w.org\/{rel}","templated":true}]}}