{"id":4493,"date":"2025-10-31T07:01:50","date_gmt":"2025-10-31T07:01:50","guid":{"rendered":"https:\/\/vapestornado.com\/?post_type=product&#038;p=4493"},"modified":"2025-10-31T07:43:27","modified_gmt":"2025-10-31T07:43:27","slug":"jnr-ragegorilla-55000-puffs-55k-vape-disposables-42ml-2-nicotine-wholesale-price","status":"publish","type":"product","link":"https:\/\/vapestornado.com\/lv\/product\/jnr-ragegorilla-55000-puffs-55k-vape-disposables-42ml-2-nicotine-wholesale-price\/","title":{"rendered":"JNR RageGorilla 55000 Puffs 55k Vape Disposables 42ml 2% Nikot\u012bna vairumtirdzniec\u012bbas cena"},"content":{"rendered":"<h2 data-pm-slice=\"1 1 []\">JNR 55000 Puffs RageGorilla Vienreiz\u0113j\u0101s lieto\u0161anas Vape \u2013 42ml liela tvertne, Latvijas lab\u0101kais p\u0101rdev\u0113js<\/h2>\n<p data-start=\"454\" data-end=\"886\">T\u0101 <strong data-start=\"458\" data-end=\"505\">JNR RageGorilla 55000 Puffs Vienreiz\u0113j\u0101s lieto\u0161anas Vape<\/strong> ir izstr\u0101d\u0101ts nopietniem vaperiem, kuri v\u0113las veiktsp\u0113ju, jaudu un augstas kvalit\u0101tes gar\u0161u. Izstr\u0101d\u0101ts ar <strong data-start=\"598\" data-end=\"624\">42ml e-\u0161\u0137idruma ietilp\u012bbu<\/strong>, <strong data-start=\"626\" data-end=\"640\">2% nikot\u012bnu<\/strong>un <strong data-start=\"648\" data-end=\"666\">dubult\u0101 sieta spole<\/strong>, tas nodro\u0161ina bl\u012bvu, arom\u0101tisku triecienu katru reizi. Ar <strong data-start=\"720\" data-end=\"758\">950mAh Type-C uzl\u0101d\u0113jama akumulators<\/strong> un <strong data-start=\"765\" data-end=\"785\">viedais LED ekr\u0101ns<\/strong>, lietot\u0101ji var viegli sekot l\u012bdzi akumulatora un e-\u0161\u0137idruma l\u012bmenim\u2014ide\u0101li ilgsto\u0161ai lieto\u0161anai un bez min\u0113jumiem.<\/p>\n<p data-start=\"888\" data-end=\"1283\">K\u0101 viens no <strong data-start=\"902\" data-end=\"947\">popul\u0101r\u0101k\u0101s zemas nikot\u012bna vienreiz\u0113j\u0101s lieto\u0161anas vape<\/strong> Eiropas tirg\u016b, the <strong data-start=\"970\" data-end=\"981\">JNR 55K<\/strong> apvieno inov\u0101ciju un kvalit\u0101ti, \u012bpa\u0161i pievilc\u012bgs jaunajiem Eiropas lietot\u0101jiem, kuri pieprasa gan funkcionalit\u0101ti, gan stilu. Iztur\u012bgais korpuss un gluda gaisa pl\u016bsma padara to par lielisku izv\u0113li gan mazumtirgot\u0101jiem, gan vairumtirdzniec\u012bbas uz\u0146\u0113mumiem, kas mekl\u0113 <strong data-start=\"1202\" data-end=\"1243\">lab\u0101k p\u0101rdoto Crystal Vape alternat\u012bvas<\/strong> pie <strong data-start=\"1249\" data-end=\"1280\">konkur\u0113tsp\u0113j\u012bgu vairumtirdzniec\u012bbas cenu<\/strong>.<\/p>\n<p data-start=\"1285\" data-end=\"1643\">Pieejams <strong data-start=\"1298\" data-end=\"1317\">20 bag\u0101t\u012bgas gar\u0161as<\/strong>, s\u0101kot no aug\u013cu mais\u012bjumiem, piem\u0113ram, <strong data-start=\"1343\" data-end=\"1365\">(1) Zeme\u0146u ledus<\/strong>, <strong data-start=\"1367\" data-end=\"1386\">(2) \u010cerri Kolas<\/strong>, uz <strong data-start=\"1391\" data-end=\"1412\">(20) \u010cerri ogu<\/strong>, katra p\u016b\u0161\u013ca laik\u0101 no <strong data-start=\"1432\" data-end=\"1455\">JNR RageGorilla 55K<\/strong> ir izstr\u0101d\u0101ts apmierin\u0101\u0161anai un gludai gar\u0161ai. Tas ir <strong data-start=\"1509\" data-end=\"1531\">lielas ietilp\u012bbas vape<\/strong> kas atbilst m\u016bsdienu pras\u012bb\u0101m\u2014uzticams, uzl\u0101d\u0113jams un gatavs sniegt sniegumu t\u016bksto\u0161iem p\u016b\u0161\u013cu.<\/p>\n<p data-start=\"1645\" data-end=\"1888\">Vairumtirdzniec\u012bbas pirc\u0113ji Eirop\u0101 var uztic\u0113ties \u0161\u012b mode\u013ca konsekvencei un v\u0113rt\u012bbai. ES mazumtirgot\u0101jiem, <strong data-start=\"1744\" data-end=\"1775\">JNR RageGorilla 55000 Puffs<\/strong> izce\u013cas k\u0101 <strong data-start=\"1792\" data-end=\"1826\">zema nikot\u012bna, ilgi darbojo\u0161s vape<\/strong> ide\u0101ls ikdienas klientiem un tendenc\u0113m pak\u013cautiem vaperiem.<\/p>\n<p><strong><span style=\"color: #ff0000;\">Pievienojiet Eimijas whatsapp, lai sa\u0146emtu pareizu atbildi un iztvaic\u0113t\u0101ja kuponu!<\/span><\/strong><\/p>\n<p><img fetchpriority=\"high\" decoding=\"async\" class=\"size-full wp-image-2932\" src=\"https:\/\/vapestornado.com\/wp-content\/uploads\/2024\/12\/Vape-Wholesale.jpg\" alt=\"Veipu Vairumtirdzniec\u012bba\" width=\"229\" height=\"300\" \/><\/p>\n<h3><a href=\"https:\/\/wa.me\/8617776015835\" target=\"_blank\" rel=\"noopener\"><span style=\"color: #ff0000;\"><strong>WhatsApp: +86 17776015835<\/strong><\/span><\/a><\/h3>\n<p>&nbsp;<\/p>\n<h2><strong>JNR RageGorilla 55000 P\u016b\u0161\u013cu Produkta \u012apa\u0161\u012bbas<\/strong><\/h2>\n<ul>\n<li data-start=\"1944\" data-end=\"1964\">\n<p data-start=\"1946\" data-end=\"1964\"><strong data-start=\"1946\" data-end=\"1956\">P\u016btes:<\/strong> 55000<\/p>\n<\/li>\n<li data-start=\"1965\" data-end=\"1993\">\n<p data-start=\"1967\" data-end=\"1993\"><strong data-start=\"1967\" data-end=\"1988\">Nikot\u012bna stiprums:<\/strong> 2%<\/p>\n<\/li>\n<li data-start=\"1994\" data-end=\"2025\">\n<p data-start=\"1996\" data-end=\"2025\"><strong data-start=\"1996\" data-end=\"2018\">E-\u0161\u0137idruma tilpums:<\/strong> 42ml<\/p>\n<\/li>\n<li data-start=\"2026\" data-end=\"2069\">\n<p data-start=\"2028\" data-end=\"2069\"><strong data-start=\"2028\" data-end=\"2040\">Akumulators:<\/strong> 950mAh Type-C Uzl\u0101d\u0113jams<\/p>\n<\/li>\n<li data-start=\"2070\" data-end=\"2124\">\n<p data-start=\"2072\" data-end=\"2124\"><strong data-start=\"2072\" data-end=\"2084\">Displejs:<\/strong> Inteli\u0123enta LED ekr\u0101ns (Akumulators + E-\u0161\u0137idrums)<\/p>\n<\/li>\n<li data-start=\"2125\" data-end=\"2168\">\n<p data-start=\"2127\" data-end=\"2168\"><strong data-start=\"2127\" data-end=\"2136\">Spole:<\/strong> Dubult\u0101 re\u017e\u0123a spole bag\u0101t\u012bgai tvaika ra\u017eo\u0161anai<\/p>\n<\/li>\n<li data-start=\"2169\" data-end=\"2203\">\n<p data-start=\"2171\" data-end=\"2203\"><strong data-start=\"2171\" data-end=\"2183\">Gar\u0161as:<\/strong> 20 unik\u0101las iesp\u0113jas<\/p>\n<p><figure id=\"attachment_4489\" aria-describedby=\"caption-attachment-4489\" style=\"width: 800px\" class=\"wp-caption alignnone\"><img decoding=\"async\" class=\"wp-image-4489 size-full\" src=\"https:\/\/vapestornado.com\/wp-content\/uploads\/2025\/10\/JNR-RageGorilla-55000Puffs-42ml-E-liquid.webp\" alt=\"JNR RageGorilla 55000Puffs 42ml E-\u0161\u0137idrums\" width=\"800\" height=\"449\" srcset=\"https:\/\/vapestornado.com\/wp-content\/uploads\/2025\/10\/JNR-RageGorilla-55000Puffs-42ml-E-liquid.webp 800w, https:\/\/vapestornado.com\/wp-content\/uploads\/2025\/10\/JNR-RageGorilla-55000Puffs-42ml-E-liquid-300x168.webp 300w, https:\/\/vapestornado.com\/wp-content\/uploads\/2025\/10\/JNR-RageGorilla-55000Puffs-42ml-E-liquid-768x431.webp 768w, https:\/\/vapestornado.com\/wp-content\/uploads\/2025\/10\/JNR-RageGorilla-55000Puffs-42ml-E-liquid-18x10.webp 18w, https:\/\/vapestornado.com\/wp-content\/uploads\/2025\/10\/JNR-RageGorilla-55000Puffs-42ml-E-liquid-600x337.webp 600w\" sizes=\"(max-width: 800px) 100vw, 800px\" \/><figcaption id=\"caption-attachment-4489\" class=\"wp-caption-text\">JNR RageGorilla 55000Puffs 42ml E-\u0161\u0137idrums<\/figcaption><\/figure><\/li>\n<\/ul>\n<div class=\"mceTemp\"><\/div>\n<h2 class=\"product-title\"><strong>JNR RageGorilla 55000 Puffs Vienreiz\u0113j\u0101s lieto\u0161anas Vape Gar\u0161u saraksts<\/strong><\/h2>\n<p>1. Zeme\u0146u ledus<br \/>\n2. \u010c\u0113ri Kolas<br \/>\n3.Arb\u016bzu ledus<br \/>\n4. Zilais Razz \u010c\u0113ri<br \/>\n5.Zeme\u0146u kivi<br \/>\n6. Mellenes Riekstu \u010c\u0113ri<br \/>\n7. Zeme\u0146u arb\u016bzu ledus<br \/>\n8. Kivi Arb\u016bza Ledus<br \/>\n9. Sajauktas ogas<br \/>\n10. Sul\u012bgas persiki<br \/>\n11. Melle\u0146u ledus<br \/>\n12. Mellenes sk\u0101b\u0101 Riekstu<br \/>\n13. Balta persika Razz<br \/>\n14. Mango Passion Fruit<br \/>\n15. Persiks Mango Arb\u016bzs<br \/>\n16.Arb\u016bzu ko\u0161\u013c\u0101jam\u0101 gumija<br \/>\n17. Zeme\u0146u Ban\u0101nu<br \/>\n18. Dubult\u0101 \u0101bols<br \/>\n19. Kivi Pssion Guava<br \/>\n20. \u010cerri ogas<\/p>\n<figure id=\"attachment_4491\" aria-describedby=\"caption-attachment-4491\" style=\"width: 800px\" class=\"wp-caption alignnone\"><img decoding=\"async\" class=\"wp-image-4491 size-full\" src=\"https:\/\/vapestornado.com\/wp-content\/uploads\/2025\/10\/Puff-JNR-RageGorilla-55K-55000-Puffs.webp\" alt=\"Puff JNR RageGorilla 55K 55000 Puffs\" width=\"800\" height=\"450\" srcset=\"https:\/\/vapestornado.com\/wp-content\/uploads\/2025\/10\/Puff-JNR-RageGorilla-55K-55000-Puffs.webp 800w, https:\/\/vapestornado.com\/wp-content\/uploads\/2025\/10\/Puff-JNR-RageGorilla-55K-55000-Puffs-300x169.webp 300w, https:\/\/vapestornado.com\/wp-content\/uploads\/2025\/10\/Puff-JNR-RageGorilla-55K-55000-Puffs-768x432.webp 768w, https:\/\/vapestornado.com\/wp-content\/uploads\/2025\/10\/Puff-JNR-RageGorilla-55K-55000-Puffs-18x10.webp 18w, https:\/\/vapestornado.com\/wp-content\/uploads\/2025\/10\/Puff-JNR-RageGorilla-55K-55000-Puffs-600x338.webp 600w\" sizes=\"(max-width: 800px) 100vw, 800px\" \/><figcaption id=\"caption-attachment-4491\" class=\"wp-caption-text\">Puff JNR RageGorilla 55K 55000 Puffs<\/figcaption><\/figure>\n<div class=\"flex-shrink-0 flex flex-col relative items-end\">\n<div class=\"pt-0\">\n<div class=\"gizmo-bot-avatar flex h-8 w-8 items-center justify-center overflow-hidden rounded-full\">\n<div class=\"relative p-1 rounded-sm flex items-center justify-center bg-token-main-surface-primary text-token-text-primary h-8 w-8\">\n<h2 data-start=\"1200\" data-end=\"1487\">Vapes Tornado \u2013 J\u016bsu vairumtirdzniec\u012bbas tie\u0161saistes vape veikals ar lab\u0101kaj\u0101m vape z\u012bmoliem<\/h2>\n<p data-start=\"1200\" data-end=\"1487\">Vapes Tornado tie\u0161saistes d\u016bmu veikals ir j\u016bsu uzticams galam\u0113r\u0137is <strong data-start=\"66\" data-end=\"94\">premium vienreiz\u0113j\u0101s lieto\u0161anas vape<\/strong> un <strong data-start=\"99\" data-end=\"125\">vairumtirdzniec\u012bbas e-cigaret\u0113s<\/strong> vis\u0101 Eirop\u0101. M\u0113s noliktav\u0101 ir popul\u0101ri vape z\u012bmoli, piem\u0113ram <a href=\"https:\/\/vapestornado.com\/lv\/product\/elf-bar-raya-d3-25000-puffs-best-disposable-vape-wholesale-in-uk\/\">Elf Bar Vape<\/a>, <strong data-start=\"175\" data-end=\"228\"><a href=\"https:\/\/vapestornado.com\/lv\/product\/fumot-randm-tornado-15000-puffs-rechargeable-disposable-vape-wholesale\/\">Fumot Vape<\/a>, <a href=\"https:\/\/vapestornado.com\/lv\/product\/waspe-150k-150000-puff-6-in-1-disposable-vape-pen-cartridge-best-wholesale-price-in-poland\/\">Waspe Vape<\/a>, Vozol Bar Vape, <a href=\"https:\/\/vapestornado.com\/lv\/product-category\/bang-vape\/\">Bang Vape<\/a><\/strong>, un daudzi citi \u2014 pied\u0101v\u0101jot izcilu kvalit\u0101ti, da\u017e\u0101das gar\u0161u iesp\u0113jas un inovat\u012bvus dizainus. Neatkar\u012bgi no t\u0101, vai j\u016bs esat person\u012bgais lietot\u0101js vai vairumtirdzniec\u012bbas pirc\u0113js, <strong data-start=\"372\" data-end=\"389\">Vapes Tornado<\/strong> nodro\u0161ina augstas veiktsp\u0113jas ier\u012bces, stil\u012bgus dizainus un neapstr\u012bdamas vairumtirdzniec\u012bbas cenas, lai apmierin\u0101tu j\u016bsu vaping vajadz\u012bbas.<\/p>\n<h2 data-start=\"2064\" data-end=\"2115\">BUJ par JNR RageGorilla 55000 Puffs Vape Box<\/h2>\n<p data-start=\"2223\" data-end=\"2360\"><strong data-start=\"2223\" data-end=\"2273\">1. Cik ilgi kalpo JNR RageGorilla 55K?<\/strong><br data-start=\"2273\" data-end=\"2276\" \/>Tas sniedz l\u012bdz <strong data-start=\"2294\" data-end=\"2309\">55000 pufa<\/strong>, atkar\u012bb\u0101 no j\u016bsu lieto\u0161anas paradumiem un pufa garuma.<\/p>\n<p data-start=\"2362\" data-end=\"2489\"><strong data-start=\"2362\" data-end=\"2405\">2. Vai JNR 55000 Puffs ir uzl\u0101d\u0113jams?<\/strong><br data-start=\"2405\" data-end=\"2408\" \/>J\u0101, tam ir <strong data-start=\"2427\" data-end=\"2451\">Type-C uzl\u0101des ports<\/strong> \u012bpa\u0161ai un efekt\u012bvai uzl\u0101dei.<\/p>\n<p data-start=\"2491\" data-end=\"2700\"><strong data-start=\"2491\" data-end=\"2571\">3. Kas padara JNR RageGorilla 55K at\u0161\u0137ir\u012bgu no cit\u0101m vienreiz\u0113j\u0101m vape?<\/strong><br data-start=\"2571\" data-end=\"2574\" \/>T\u0101 <strong data-start=\"2578\" data-end=\"2596\">dubult\u0101 sieta spole<\/strong>, <strong data-start=\"2598\" data-end=\"2619\">gudrais LED displejs<\/strong>, un <strong data-start=\"2625\" data-end=\"2648\">liela 42ml ietilp\u012bba<\/strong> padara to izce\u013camu gan ar gar\u0161u, gan ar iztur\u012bbu.<\/p>\n<p data-start=\"2702\" data-end=\"2828\"><strong data-start=\"2702\" data-end=\"2736\">4. Vai tas ir zema nikot\u012bna vape?<\/strong><br data-start=\"2736\" data-end=\"2739\" \/>J\u0101, <strong data-start=\"2748\" data-end=\"2768\">2% nikot\u012bna l\u012bmenis<\/strong> sniedz glud\u0101ku pieredzi, kas piem\u0113rota ES preferenc\u0113m.<\/p>\n<p data-start=\"2830\" data-end=\"3015\"><strong data-start=\"2830\" data-end=\"2891\">5. K\u0101das ir popul\u0101r\u0101k\u0101s JNR RageGorilla 55K gar\u0161as?<\/strong><br data-start=\"2891\" data-end=\"2894\" \/>Popul\u0101r\u0101k\u0101s gar\u0161as ietver <strong data-start=\"2922\" data-end=\"2941\">Zeme\u0146u kivi<\/strong>, <strong data-start=\"2943\" data-end=\"2958\">\u0136ir\u0161u kola<\/strong>, <strong data-start=\"2960\" data-end=\"2980\">Zilais ave\u0146u \u0137irsis<\/strong>, un <strong data-start=\"2986\" data-end=\"3012\">Persiku mango arb\u016bzs<\/strong>.<\/p>\n<\/div>\n<\/div>\n<\/div>\n<\/div>","protected":false},"excerpt":{"rendered":"<p>Izstr\u0101d\u0101ts ES tirgum, the <strong data-start=\"613\" data-end=\"629\">JNR 55K Vape<\/strong> ir ide\u0101ls vairumtirdzniec\u012bbas un mazumtirdzniec\u012bbas uz\u0146\u0113mumiem, kas mekl\u0113 <strong data-start=\"677\" data-end=\"717\">popul\u0101ras zemas nikot\u012bna vienreiz\u0113j\u0101s lieto\u0161anas vape<\/strong> ar stil\u012bgu, iztur\u012bgu korpusu un konsekventu arom\u0101ta pieg\u0101di. Ide\u0101ls vaperiem, kas mekl\u0113 augstas kvalit\u0101tes gar\u0161u un modernu veiktsp\u0113ju par <strong data-start=\"858\" data-end=\"889\">konkur\u0113tsp\u0113j\u012bgu vairumtirdzniec\u012bbas cenu<\/strong>.<\/p>\n<p><strong>Pievienojiet Eimijas WhatsApp, lai sa\u0146emtu prec\u012bzu atbildi un atlaidi!<\/strong><\/p>\n<p><img fetchpriority=\"high\" decoding=\"async\" class=\"size-full wp-image-2932\" src=\"https:\/\/vapestornado.com\/wp-content\/uploads\/2024\/12\/Vape-Wholesale.jpg\" alt=\"Veipu Vairumtirdzniec\u012bba\" width=\"229\" height=\"300\" \/><\/p>\n<h3><a href=\"https:\/\/wa.me\/8617776015835\"><span style=\"color: #ff0000;\"><strong>WhatsApp: +86 17776015835<\/strong><\/span><\/a><\/h3>","protected":false},"featured_media":4484,"comment_status":"open","ping_status":"closed","template":"","meta":{"_acf_changed":false,"_uag_custom_page_level_css":"","_lmt_disableupdate":"no","_lmt_disable":"","_monsterinsights_skip_tracking":false,"_monsterinsights_sitenote_active":false,"_monsterinsights_sitenote_note":"","_monsterinsights_sitenote_category":0,"site-sidebar-layout":"default","site-content-layout":"","ast-site-content-layout":"default","site-content-style":"default","site-sidebar-style":"default","ast-global-header-display":"","ast-banner-title-visibility":"","ast-main-header-display":"","ast-hfb-above-header-display":"","ast-hfb-below-header-display":"","ast-hfb-mobile-header-display":"","site-post-title":"","ast-breadcrumbs-content":"","ast-featured-img":"","footer-sml-layout":"","ast-disable-related-posts":"","theme-transparent-header-meta":"default","adv-header-id-meta":"","stick-header-meta":"","header-above-stick-meta":"","header-main-stick-meta":"","header-below-stick-meta":"","astra-migrate-meta-layouts":"set","ast-page-background-enabled":"default","ast-page-background-meta":{"desktop":{"background-color":"","background-image":"","background-repeat":"repeat","background-position":"center center","background-size":"auto","background-attachment":"scroll","background-type":"","background-media":"","overlay-type":"","overlay-color":"","overlay-opacity":"","overlay-gradient":""},"tablet":{"background-color":"","background-image":"","background-repeat":"repeat","background-position":"center center","background-size":"auto","background-attachment":"scroll","background-type":"","background-media":"","overlay-type":"","overlay-color":"","overlay-opacity":"","overlay-gradient":""},"mobile":{"background-color":"","background-image":"","background-repeat":"repeat","background-position":"center center","background-size":"auto","background-attachment":"scroll","background-type":"","background-media":"","overlay-type":"","overlay-color":"","overlay-opacity":"","overlay-gradient":""}},"ast-content-background-meta":{"desktop":{"background-color":"var(--ast-global-color-5)","background-image":"","background-repeat":"repeat","background-position":"center center","background-size":"auto","background-attachment":"scroll","background-type":"","background-media":"","overlay-type":"","overlay-color":"","overlay-opacity":"","overlay-gradient":""},"tablet":{"background-color":"var(--ast-global-color-5)","background-image":"","background-repeat":"repeat","background-position":"center center","background-size":"auto","background-attachment":"scroll","background-type":"","background-media":"","overlay-type":"","overlay-color":"","overlay-opacity":"","overlay-gradient":""},"mobile":{"background-color":"var(--ast-global-color-5)","background-image":"","background-repeat":"repeat","background-position":"center center","background-size":"auto","background-attachment":"scroll","background-type":"","background-media":"","overlay-type":"","overlay-color":"","overlay-opacity":"","overlay-gradient":""}},"_joinchat":[]},"product_brand":[],"product_cat":[149,150,151,154,141,142,76,144],"product_tag":[120,403,406,413,135,246,390,397],"class_list":{"0":"post-4493","1":"product","2":"type-product","3":"status-publish","4":"has-post-thumbnail","6":"product_cat-buy-disposable-vapes-in-austria","7":"product_cat-buy-disposable-vapes-in-belgium","8":"product_cat-buy-disposable-vapes-in-france","9":"product_cat-buy-disposable-vapes-in-netherlands","10":"product_cat-crystal-disposable-vapes","11":"product_cat-digital-box-disposable-vapes","12":"product_cat-jnr-vape","13":"product_cat-low-nicotine-disposable-vapes","14":"product_tag-crystal-vape","15":"product_tag-disposable-vape-box","16":"product_tag-disposable-vape-fast-shipping","17":"product_tag-jnr-ragegorilla-55000-puffs","18":"product_tag-jnr-vape","19":"product_tag-low-nicotine-disposable-vape","20":"product_tag-online-vape-shop","21":"product_tag-vapor","22":"desktop-align-left","23":"tablet-align-left","24":"mobile-align-left","26":"first","27":"instock","28":"sale","29":"shipping-taxable","30":"purchasable","31":"product-type-simple"},"acf":[],"uagb_featured_image_src":{"full":["https:\/\/vapestornado.com\/wp-content\/uploads\/2025\/10\/JNR-Rage-Gorilla-55000-Puffs-55k-Vape-42ml-Smart-Screen.webp",800,800,false],"thumbnail":["https:\/\/vapestornado.com\/wp-content\/uploads\/2025\/10\/JNR-Rage-Gorilla-55000-Puffs-55k-Vape-42ml-Smart-Screen-150x150.webp",150,150,true],"medium":["https:\/\/vapestornado.com\/wp-content\/uploads\/2025\/10\/JNR-Rage-Gorilla-55000-Puffs-55k-Vape-42ml-Smart-Screen-300x300.webp",300,300,true],"medium_large":["https:\/\/vapestornado.com\/wp-content\/uploads\/2025\/10\/JNR-Rage-Gorilla-55000-Puffs-55k-Vape-42ml-Smart-Screen-768x768.webp",768,768,true],"large":["https:\/\/vapestornado.com\/wp-content\/uploads\/2025\/10\/JNR-Rage-Gorilla-55000-Puffs-55k-Vape-42ml-Smart-Screen.webp",800,800,false],"1536x1536":["https:\/\/vapestornado.com\/wp-content\/uploads\/2025\/10\/JNR-Rage-Gorilla-55000-Puffs-55k-Vape-42ml-Smart-Screen.webp",800,800,false],"2048x2048":["https:\/\/vapestornado.com\/wp-content\/uploads\/2025\/10\/JNR-Rage-Gorilla-55000-Puffs-55k-Vape-42ml-Smart-Screen.webp",800,800,false],"trp-custom-language-flag":["https:\/\/vapestornado.com\/wp-content\/uploads\/2025\/10\/JNR-Rage-Gorilla-55000-Puffs-55k-Vape-42ml-Smart-Screen-12x12.webp",12,12,true],"woocommerce_thumbnail":["https:\/\/vapestornado.com\/wp-content\/uploads\/2025\/10\/JNR-Rage-Gorilla-55000-Puffs-55k-Vape-42ml-Smart-Screen-300x300.webp",300,300,true],"woocommerce_single":["https:\/\/vapestornado.com\/wp-content\/uploads\/2025\/10\/JNR-Rage-Gorilla-55000-Puffs-55k-Vape-42ml-Smart-Screen-600x600.webp",600,600,true],"woocommerce_gallery_thumbnail":["https:\/\/vapestornado.com\/wp-content\/uploads\/2025\/10\/JNR-Rage-Gorilla-55000-Puffs-55k-Vape-42ml-Smart-Screen-100x100.webp",100,100,true]},"uagb_author_info":{"display_name":"ESAMY","author_link":"https:\/\/vapestornado.com\/lv\/author\/"},"uagb_comment_info":2,"uagb_excerpt":"Designed for the EU market, the JNR 55K Vape is ideal for wholesalers and retailers seeking popular low nicotine disposable vapes with a stylish, durable body and consistent flavor delivery. Perfect for vapers looking for premium taste and modern performance at a competitive wholesale price. Add Amy's whatsapp to get right reply and discount price!&hellip;","_links":{"self":[{"href":"https:\/\/vapestornado.com\/lv\/wp-json\/wp\/v2\/product\/4493","targetHints":{"allow":["GET"]}}],"collection":[{"href":"https:\/\/vapestornado.com\/lv\/wp-json\/wp\/v2\/product"}],"about":[{"href":"https:\/\/vapestornado.com\/lv\/wp-json\/wp\/v2\/types\/product"}],"replies":[{"embeddable":true,"href":"https:\/\/vapestornado.com\/lv\/wp-json\/wp\/v2\/comments?post=4493"}],"wp:featuredmedia":[{"embeddable":true,"href":"https:\/\/vapestornado.com\/lv\/wp-json\/wp\/v2\/media\/4484"}],"wp:attachment":[{"href":"https:\/\/vapestornado.com\/lv\/wp-json\/wp\/v2\/media?parent=4493"}],"wp:term":[{"taxonomy":"product_brand","embeddable":true,"href":"https:\/\/vapestornado.com\/lv\/wp-json\/wp\/v2\/product_brand?post=4493"},{"taxonomy":"product_cat","embeddable":true,"href":"https:\/\/vapestornado.com\/lv\/wp-json\/wp\/v2\/product_cat?post=4493"},{"taxonomy":"product_tag","embeddable":true,"href":"https:\/\/vapestornado.com\/lv\/wp-json\/wp\/v2\/product_tag?post=4493"}],"curies":[{"name":"wp","href":"https:\/\/api.w.org\/{rel}","templated":true}]}}