{"id":4483,"date":"2025-10-30T06:42:12","date_gmt":"2025-10-30T06:42:12","guid":{"rendered":"https:\/\/vapestornado.com\/?post_type=product&#038;p=4483"},"modified":"2025-12-12T08:55:22","modified_gmt":"2025-12-12T08:55:22","slug":"jnr-falcon-pro-28k-28000-disposable-vape-puff-bar-rechargeable","status":"publish","type":"product","link":"https:\/\/vapestornado.com\/lv\/product\/jnr-falcon-pro-28k-28000-disposable-vape-puff-bar-rechargeable\/","title":{"rendered":"JNR Falcon Pro 28k 28000 Vienreiz\u0113j\u0101s lieto\u0161anas Vape Puff Bar Uzl\u0101d\u0113jams"},"content":{"rendered":"<h2 data-pm-slice=\"1 1 []\">JNR Falcon Pro 28K Uzl\u0101d\u0113jams Puff Bar \u2013 28000 Puffs Vienreiz\u0113j\u0101 vape vairumtirdzniec\u012bb\u0101<\/h2>\n<p data-start=\"73\" data-end=\"688\">T\u0101 <strong data-start=\"97\" data-end=\"119\">JNR Falcon Pro 28K<\/strong> ir uzl\u0101d\u0113jams vienreizlietojams ier\u012bces, kas izstr\u0101d\u0101ta vaperiem, kuri sagaida vair\u0101k nek\u0101 \u012bslaic\u012bgu \u0113rt\u012bbu. Ar <strong data-start=\"216\" data-end=\"238\">l\u012bdz 28 000 ieelp\u0101m<\/strong>, a <strong data-start=\"242\" data-end=\"268\">30 ml e-\u0161\u0137idruma ietilp\u012bbu<\/strong>un <strong data-start=\"276\" data-end=\"294\">dubult\u0101 sieta spole<\/strong>, tas ir paredz\u0113ts nodro\u0161in\u0101t stabilu gar\u0161u un tvaiku ilgsto\u0161as lieto\u0161anas laik\u0101. Pievieno <strong data-start=\"372\" data-end=\"410\">950mAh Type-C uzl\u0101d\u0113jama akumulators<\/strong> un <strong data-start=\"418\" data-end=\"446\">inteli\u0123entu viedekr\u0101nu<\/strong>, un ieg\u016bsti ier\u012bci, kas darbojas tuv\u0101k kompaktiem <strong data-start=\"500\" data-end=\"520\">E-\u0161\u0137irtnes modifikatoriem<\/strong> , nevis vienk\u0101r\u0161ai vienreizlietojamai \u2014 bez iestat\u012b\u0161anas vai apkopes.<\/p>\n<h3 data-start=\"791\" data-end=\"864\">K\u0101p\u0113c JNR Falcon Pro 28k sniedz lab\u0101ku v\u0113rt\u012bbu nek\u0101 parast\u0101s vienreizlietojam\u0101s vape?<\/h3>\n<ul data-start=\"866\" data-end=\"2179\">\n<li data-start=\"866\" data-end=\"1161\">\n<p data-start=\"868\" data-end=\"1161\"><strong data-start=\"868\" data-end=\"906\">Iztur\u012bba, kas atbilst re\u0101l\u0101m rut\u012bn\u0101.<\/strong> T\u0101 <strong data-start=\"911\" data-end=\"949\">JNR Falcon Pro 28K vienreizlietojama vape<\/strong> apvieno augstu <strong data-start=\"963\" data-end=\"982\">28K ieelpu v\u0113rt\u0113jumu<\/strong> ar <strong data-start=\"990\" data-end=\"1003\">30ml tvertni<\/strong>, padarot to piem\u0113rotu regul\u0101rai lieto\u0161anai <strong data-start=\"1045\" data-end=\"1090\">Latvij\u0101, Francij\u0101, It\u0101lij\u0101, Sp\u0101nij\u0101 un Polij\u0101<\/strong> kas v\u0113las maz\u0101k nomai\u0146u un paredzamu ikdienas lieto\u0161anu no vienas ier\u012bces.<\/p>\n<\/li>\n<li data-start=\"1163\" data-end=\"1428\">\n<p data-start=\"1165\" data-end=\"1428\"><strong data-start=\"1165\" data-end=\"1202\">Dubult\u0161\u0113jas t\u012bkli\u0146a spole stabilai izvadei.<\/strong> Iek\u0161pus\u0113 <strong data-start=\"1214\" data-end=\"1243\">JNR 28K vaper uzl\u0101d\u0113jams<\/strong> dizains, tas <strong data-start=\"1256\" data-end=\"1274\">dubult\u0101 sieta spole<\/strong> izklied\u0113 siltumu vienm\u0113r\u012bgi pa vates vadi\u0146u. Tas pal\u012bdz tvaikam saglab\u0101t gludumu un arom\u0101ts paliek pilnv\u0113rt\u012bgs dzi\u013c\u0101k tvertn\u0113, nevis sa\u0161\u0137idrin\u0101s p\u0113c intens\u012bvas lieto\u0161anas.<\/p>\n<\/li>\n<li data-start=\"1430\" data-end=\"1649\">\n<p data-start=\"1432\" data-end=\"1649\"><strong data-start=\"1432\" data-end=\"1480\">Uzl\u0101d\u0113jama jauda, kas aizsarg\u0101 \u0161\u0137idrumu.<\/strong> A <strong data-start=\"1483\" data-end=\"1521\">950mAh Type-C uzl\u0101d\u0113jama akumulators<\/strong> tas noz\u012bm\u0113, ka j\u016bs varat papildin\u0101t jaudu p\u0113c vajadz\u012bbas un turpin\u0101t vaping l\u012bdz \u0161\u0137idrums ir izsmelts \u2014 bez agr\u012bnas izme\u0161anas, bez e-\u0161\u0137idruma iz\u0161\u0137\u0113rd\u0113\u0161anas.<\/p>\n<\/li>\n<li data-start=\"1651\" data-end=\"1884\">\n<p data-start=\"1653\" data-end=\"1884\"><strong data-start=\"1653\" data-end=\"1689\">Gudrs ekr\u0101ns inform\u0113 j\u016bs.<\/strong> T\u0101 <strong data-start=\"1694\" data-end=\"1747\">inteli\u0123entais LED displejs uz JNR Falcon Pro 28K<\/strong> r\u0101da akumulatora un e-\u0161\u0137idruma l\u012bmeni re\u0101llaik\u0101, t\u0101p\u0113c j\u016bs zin\u0101t, vai ier\u012bce var nodro\u0161in\u0101t garu darba dienu vai nakts izie\u0161anu bez min\u0113\u0161anas.<\/p>\n<\/li>\n<li data-start=\"1886\" data-end=\"2179\">\n<p data-start=\"1888\" data-end=\"2179\"><strong data-start=\"1888\" data-end=\"1939\">Sp\u0113c\u012bga v\u0113rt\u012bba mazumtirdzniec\u012bbas un vairumtirdzniec\u012bbas kan\u0101liem.<\/strong> Ar funkcij\u0101m, kas parasti ir sastopamas sare\u017e\u0123\u012bt\u0101k\u0101s ier\u012bc\u0113s, <strong data-start=\"1996\" data-end=\"2018\">JNR Falcon Pro 28000<\/strong>\u00a0veic labu sniegumu jebkur\u0101 <strong data-start=\"2040\" data-end=\"2053\">vape veikal\u0101<\/strong> un ir piem\u0113rots pirc\u0113jiem, kas sal\u012bdzina premium vienreiz\u0113j\u0101s lieto\u0161anas produktus ar <strong data-start=\"2108\" data-end=\"2138\">L\u0113t\u0101s cigaretes vairumtirdzniec\u012bb\u0101<\/strong> alternat\u012bvas ilgtermi\u0146a v\u0113rt\u012bbas uzlabo\u0161anai.<\/p>\n<\/li>\n<\/ul>\n<p><strong><span style=\"color: #ff0000;\">Pievienojiet Eimijas whatsapp, lai sa\u0146emtu pareizu atbildi un iztvaic\u0113t\u0101ja kuponu!<\/span><\/strong><\/p>\n<p><img fetchpriority=\"high\" decoding=\"async\" class=\"size-full wp-image-2932\" src=\"https:\/\/vapestornado.com\/wp-content\/uploads\/2024\/12\/Vape-Wholesale.jpg\" alt=\"Veipu Vairumtirdzniec\u012bba\" width=\"229\" height=\"300\" \/><\/p>\n<h3><a href=\"https:\/\/wa.me\/8617776015835\" target=\"_blank\" rel=\"noopener\"><span style=\"color: #ff0000;\"><strong>WhatsApp: +86 17776015835<\/strong><\/span><\/a><\/h3>\n<p>&nbsp;<\/p>\n<h2><strong>JNR Falcon Pro 28k Produkta \u012bpa\u0161\u012bbas<\/strong><\/h2>\n<table>\n<thead>\n<tr>\n<th>\u012apa\u0161\u012bba<\/th>\n<th>specifik\u0101cija<\/th>\n<th>deta\u013cas<\/th>\n<\/tr>\n<\/thead>\n<tbody>\n<tr>\n<td>Produkts Nosaukums<\/td>\n<td>JNR Falcon Pro 28K<\/td>\n<td>Augstas kapacit\u0101tes uzl\u0101d\u0113jams vienreiz\u0113js vape<\/td>\n<\/tr>\n<tr>\n<td>Pufiju ietilp\u012bba<\/td>\n<td>L\u012bdz 28 000 ieelp\u0101m<\/td>\n<td>Izstr\u0101d\u0101ts ilgsto\u0161ai, vair\u0101kas ned\u0113\u013cas ilgam lieto\u0161anai<\/td>\n<\/tr>\n<tr>\n<td>E-\u0161\u0137idruma tilpums<\/td>\n<td>30ml iepriek\u0161pild\u012bts<\/td>\n<td>Liela tvertne atbalsta ilgsto\u0161as sesijas<\/td>\n<\/tr>\n<tr>\n<td>Spole tehnolo\u0123ija<\/td>\n<td>Divk\u0101r\u0161a sieta spole<\/td>\n<td>Vienm\u0113r\u012bga sild\u012b\u0161ana gludai tvaika un bag\u0101t\u012bgai gar\u0161ai<\/td>\n<\/tr>\n<tr>\n<td>Akumulators<\/td>\n<td>950mAh uzl\u0101d\u0113jams<\/td>\n<td>Atbalsta atk\u0101rtotu uzl\u0101di visa ier\u012bces darb\u012bbas laik\u0101<\/td>\n<\/tr>\n<tr>\n<td>Uzl\u0101de<\/td>\n<td>Type-C \u0101tr\u0101s uzl\u0101des<\/td>\n<td>\u0100tra, m\u016bsdien\u012bga uzl\u0101de ar ES standarta kabe\u013ciem<\/td>\n<\/tr>\n<tr>\n<td>Displejs<\/td>\n<td>Inteli\u0123enta gudra ekr\u0101na funkcija<\/td>\n<td>Re\u0101llaika akumulatora un e-\u0161\u0137idruma statuss<\/td>\n<\/tr>\n<tr>\n<td>Dizains<\/td>\n<td>Krist\u0101la stila korpuss ar Falcon logotipu<\/td>\n<td>M\u016bsdien\u012bgs izskats ar stingru rokas saj\u016btu<\/td>\n<\/tr>\n<tr>\n<td>Gar\u0161as opcijas<\/td>\n<td>L\u012bdz 20 gar\u0161\u0101m<\/td>\n<td>Pieejamas aug\u013cu, ledus un jauktas gar\u0161as<\/td>\n<\/tr>\n<tr>\n<td>Pozicion\u0113\u0161ana<\/td>\n<td>Mazumtirdzniec\u012bba un vairumtirdzniec\u012bba<\/td>\n<td>Piem\u0113rots vape veikaliem un lielapjoma izplat\u012b\u0161anai<\/td>\n<\/tr>\n<\/tbody>\n<\/table>\n<figure id=\"attachment_4478\" aria-describedby=\"caption-attachment-4478\" style=\"width: 800px\" class=\"wp-caption alignnone\"><img decoding=\"async\" class=\"wp-image-4478 size-full\" src=\"https:\/\/vapestornado.com\/wp-content\/uploads\/2025\/10\/JNR-Falcon-Pro-28000-2-Nicotine-Disposable-Vapes.webp\" alt=\"JNR Falcon Pro 28000 2% Nikot\u012bna vienreizlietojam\u0101s vape\" width=\"800\" height=\"800\" srcset=\"https:\/\/vapestornado.com\/wp-content\/uploads\/2025\/10\/JNR-Falcon-Pro-28000-2-Nicotine-Disposable-Vapes.webp 800w, https:\/\/vapestornado.com\/wp-content\/uploads\/2025\/10\/JNR-Falcon-Pro-28000-2-Nicotine-Disposable-Vapes-300x300.webp 300w, https:\/\/vapestornado.com\/wp-content\/uploads\/2025\/10\/JNR-Falcon-Pro-28000-2-Nicotine-Disposable-Vapes-150x150.webp 150w, https:\/\/vapestornado.com\/wp-content\/uploads\/2025\/10\/JNR-Falcon-Pro-28000-2-Nicotine-Disposable-Vapes-768x768.webp 768w, https:\/\/vapestornado.com\/wp-content\/uploads\/2025\/10\/JNR-Falcon-Pro-28000-2-Nicotine-Disposable-Vapes-12x12.webp 12w, https:\/\/vapestornado.com\/wp-content\/uploads\/2025\/10\/JNR-Falcon-Pro-28000-2-Nicotine-Disposable-Vapes-600x600.webp 600w, https:\/\/vapestornado.com\/wp-content\/uploads\/2025\/10\/JNR-Falcon-Pro-28000-2-Nicotine-Disposable-Vapes-100x100.webp 100w\" sizes=\"(max-width: 800px) 100vw, 800px\" \/><figcaption id=\"caption-attachment-4478\" class=\"wp-caption-text\">JNR Falcon Pro 28000 2% Nikot\u012bna vienreizlietojam\u0101s vape<\/figcaption><\/figure>\n<h2 class=\"product-title\"><strong>JNR Falcon Pro 28k Vienreizlietojam\u0101s vape gar\u0161u saraksts<\/strong><\/h2>\n<p>1 Avenes ledus<br \/>\n2 \u010cerri Kolas<br \/>\n3 Arb\u016bza ledus<br \/>\n4 Zil\u0101 Razz \u010cerri<br \/>\n5 Zeme\u0146u kivi<br \/>\n6 Zeme\u0146u Riekstu \u010cerri<br \/>\n7 Avenes Arb\u016bza ledus<br \/>\n8 Kiwis Arb\u016bza ledus<br \/>\n9 Sajauktas ogas<br \/>\n10 Juicy persiki<br \/>\n11 Zil\u0101 ogle Ice<br \/>\n12 Zil\u0101 ogle sk\u0101bais ave\u0146u<br \/>\n13 Baltais persiks Razz<br \/>\n14 Mango Passion Fruit<br \/>\n15 Persiks Mango Arb\u016bzs<br \/>\n16 Arb\u016bza Burbulis<br \/>\n17 Zeme\u0146u Ban\u0101ns<br \/>\n18 Dubult\u0101 \u0100bols<br \/>\n19 Kivi Passion Guava<br \/>\n20 \u010cerri ogu<\/p>\n<div class=\"flex-shrink-0 flex flex-col relative items-end\">\n<div class=\"pt-0\">\n<div class=\"gizmo-bot-avatar flex h-8 w-8 items-center justify-center overflow-hidden rounded-full\">\n<div class=\"relative p-1 rounded-sm flex items-center justify-center bg-token-main-surface-primary text-token-text-primary h-8 w-8\">\n<h2 data-start=\"1200\" data-end=\"1487\">Vapes Tornado \u2013 J\u016bsu vairumtirdzniec\u012bbas tie\u0161saistes vape veikals ar lab\u0101kaj\u0101m vape z\u012bmoliem<\/h2>\n<p data-start=\"1200\" data-end=\"1487\">Vapes Tornado tie\u0161saistes d\u016bmu veikals ir j\u016bsu uzticams galam\u0113r\u0137is <strong data-start=\"66\" data-end=\"94\">premium vienreiz\u0113j\u0101s lieto\u0161anas vape<\/strong> un <strong data-start=\"99\" data-end=\"125\">vairumtirdzniec\u012bbas e-cigaret\u0113s<\/strong> vis\u0101 Eirop\u0101. M\u0113s noliktav\u0101 ir popul\u0101ri vape z\u012bmoli, piem\u0113ram <a href=\"https:\/\/vapestornado.com\/lv\/product\/elf-bar-raya-d3-25000-puffs-best-disposable-vape-wholesale-in-uk\/\">Elf Bar Vape<\/a>, <strong data-start=\"175\" data-end=\"228\"><a href=\"https:\/\/vapestornado.com\/lv\/product\/fumot-randm-tornado-15000-puffs-rechargeable-disposable-vape-wholesale\/\">Fumot Vape<\/a>, <a href=\"https:\/\/vapestornado.com\/lv\/product\/waspe-150k-150000-puff-6-in-1-disposable-vape-pen-cartridge-best-wholesale-price-in-poland\/\">Waspe Vape<\/a>, Vozol Bar Vape, <a href=\"https:\/\/vapestornado.com\/lv\/product-category\/bang-vape\/\">Bang Vape<\/a><\/strong>, un daudzi citi \u2014 pied\u0101v\u0101jot izcilu kvalit\u0101ti, da\u017e\u0101das gar\u0161u iesp\u0113jas un inovat\u012bvus dizainus. Neatkar\u012bgi no t\u0101, vai j\u016bs esat person\u012bgais lietot\u0101js vai vairumtirdzniec\u012bbas pirc\u0113js, <strong data-start=\"372\" data-end=\"389\">Vapes Tornado<\/strong> nodro\u0161ina augstas veiktsp\u0113jas ier\u012bces, stil\u012bgus dizainus un neapstr\u012bdamas vairumtirdzniec\u012bbas cenas, lai apmierin\u0101tu j\u016bsu vaping vajadz\u012bbas.<\/p>\n<h2 data-start=\"2064\" data-end=\"2115\"><\/h2>\n<h2 data-start=\"2064\" data-end=\"2115\">BUJAS par JNR Falcon Pro 28k Vape Box<\/h2>\n<h3 data-start=\"3123\" data-end=\"3203\">1. Cik ilgi JNR Falcon Pro 28K vienreiz lietojamais vape ilgst ikdienas lieto\u0161an\u0101?<\/h3>\n<p data-start=\"3204\" data-end=\"3362\">Ar <strong data-start=\"3209\" data-end=\"3225\">28 000 dvesmu<\/strong> un <strong data-start=\"3232\" data-end=\"3245\">30ml tvertni<\/strong>, daudzi regul\u0101ri lietot\u0101ji to atz\u012bm\u0113 <strong data-start=\"3275\" data-end=\"3297\">JNR Falcon Pro 28K<\/strong> ilgst <strong data-start=\"3304\" data-end=\"3321\">vair\u0101ku ned\u0113\u013cu<\/strong>, atkar\u012bb\u0101 no ieelpas garuma un bie\u017euma.<\/p>\n<h3 data-start=\"3369\" data-end=\"3461\">2. K\u0101da priek\u0161roc\u012bba ir dubult\u0101s t\u012bkli\u0146as spir\u0101lei JNR 28K uzl\u0101d\u0113jamaj\u0101 vienreiz\u0113j\u0101 vape?<\/h3>\n<p data-start=\"3462\" data-end=\"3614\">T\u0101 <strong data-start=\"3466\" data-end=\"3484\">dubult\u0101 sieta spole<\/strong> t\u0101 silda vienm\u0113r\u012bg\u0101k nek\u0101 vienk\u0101r\u0161\u0101s vadi\u0146a spir\u0101les, pal\u012bdzot tvaikam saglab\u0101t bl\u012bvumu un gar\u0161u vis\u0101 ier\u012bces darb\u012bbas laik\u0101.<\/p>\n<h3 data-start=\"3621\" data-end=\"3722\">3. Vai JNR Falcon Pro 28K ir tuv\u0101k e-\u0161\u0137\u012bdumam vai standarta vienreiz\u0113jiem vape p\u0113c veiktsp\u0113jas?<\/h3>\n<p data-start=\"3723\" data-end=\"3861\">Attiec\u012bb\u0101 uz izlaides stabilit\u0101ti un kontroli tas \u0161\u0137iet tuv\u0101k kompakts <strong data-start=\"3792\" data-end=\"3812\">E-\u0161\u0137irtnes modifikatoriem<\/strong>, bet bez spoles mai\u0146\u0101m vai tvertn\u0113m, ko papildin\u0101t.<\/p>\n<h3 data-start=\"3868\" data-end=\"3943\">4. Cik noder\u012bgs ir gudrais ekr\u0101ns uz JNR Falcon Pro 28K Puff Bar?<\/h3>\n<p data-start=\"3944\" data-end=\"4092\">T\u0101 <strong data-start=\"3948\" data-end=\"3964\">viedais ekr\u0101ns<\/strong> skaidri r\u0101da akumulatora un \u0161\u0137idruma l\u012bmeni, \u013caujot lab\u0101k pl\u0101not uzl\u0101di un samazinot neparedz\u0113tus p\u0101rtraukumus dienas laik\u0101.<\/p>\n<h3 data-start=\"4099\" data-end=\"4232\">5. Vai JNR Falcon Pro 28K ir laba izv\u0113le vape veikaliem vai vairumtirdzniec\u012bbas pirc\u0113jiem, sal\u012bdzinot ar l\u0113t\u0101m cigare\u0161u vairumtirdzniec\u012bbas alternat\u012bv\u0101m?<\/h3>\n<p data-start=\"4233\" data-end=\"4467\">J\u0101. Par <strong data-start=\"4242\" data-end=\"4255\">vape veikal\u0101<\/strong> \u012bpa\u0161niekiem un vairumtirdzniec\u012bbas pirc\u0113jiem, <strong data-start=\"4284\" data-end=\"4306\">JNR Falcon Pro 28K<\/strong> sniedz augstu p\u016b\u0161anas skaitu, uzl\u0101d\u0113jamu dizainu un augstas klases funkcijas, kas piesaista lietot\u0101jus, kuri mekl\u0113 ilgtermi\u0146a v\u0113rt\u012bbu \u0101rpus <strong data-start=\"4427\" data-end=\"4457\">L\u0113t\u0101s cigaretes vairumtirdzniec\u012bb\u0101<\/strong> produktiem.<\/p>\n<\/div>\n<\/div>\n<\/div>\n<\/div>","protected":false},"excerpt":{"rendered":"<ul>\n<li data-start=\"2055\" data-end=\"2134\">\n<p data-start=\"2058\" data-end=\"2134\">Pirkt JNR 28K Puff Bar tie\u0161saist\u0113 \u2013 Ilgsto\u0161a uzl\u0101d\u0113jama vienreiz\u0113j\u0101 vape EU<\/p>\n<\/li>\n<li data-start=\"2055\" data-end=\"2134\">\n<p data-start=\"2058\" data-end=\"2134\">JNR Falcon 28000 Puffs Vape \u2013 Dubult\u0161\u0113jas t\u012bkli\u0146a s\u016bk\u0146a Puff Bar vairumtirdzniec\u012bb\u0101<\/p>\n<\/li>\n<\/ul>\n<p><strong>Pievienojiet Eimijas WhatsApp, lai sa\u0146emtu prec\u012bzu atbildi un atlaidi!<\/strong><\/p>\n<p><img fetchpriority=\"high\" decoding=\"async\" class=\"size-full wp-image-2932\" src=\"https:\/\/vapestornado.com\/wp-content\/uploads\/2024\/12\/Vape-Wholesale.jpg\" alt=\"Veipu Vairumtirdzniec\u012bba\" width=\"229\" height=\"300\" \/><\/p>\n<h3><a href=\"https:\/\/wa.me\/8617776015835\"><span style=\"color: #ff0000;\"><strong>WhatsApp: +86 17776015835<\/strong><\/span><\/a><\/h3>","protected":false},"featured_media":4477,"comment_status":"open","ping_status":"closed","template":"","meta":{"_acf_changed":false,"_uag_custom_page_level_css":"","_lmt_disableupdate":"no","_lmt_disable":"","_monsterinsights_skip_tracking":false,"_monsterinsights_sitenote_active":false,"_monsterinsights_sitenote_note":"","_monsterinsights_sitenote_category":0,"site-sidebar-layout":"default","site-content-layout":"","ast-site-content-layout":"default","site-content-style":"default","site-sidebar-style":"default","ast-global-header-display":"","ast-banner-title-visibility":"","ast-main-header-display":"","ast-hfb-above-header-display":"","ast-hfb-below-header-display":"","ast-hfb-mobile-header-display":"","site-post-title":"","ast-breadcrumbs-content":"","ast-featured-img":"","footer-sml-layout":"","ast-disable-related-posts":"","theme-transparent-header-meta":"default","adv-header-id-meta":"","stick-header-meta":"","header-above-stick-meta":"","header-main-stick-meta":"","header-below-stick-meta":"","astra-migrate-meta-layouts":"set","ast-page-background-enabled":"default","ast-page-background-meta":{"desktop":{"background-color":"","background-image":"","background-repeat":"repeat","background-position":"center center","background-size":"auto","background-attachment":"scroll","background-type":"","background-media":"","overlay-type":"","overlay-color":"","overlay-opacity":"","overlay-gradient":""},"tablet":{"background-color":"","background-image":"","background-repeat":"repeat","background-position":"center center","background-size":"auto","background-attachment":"scroll","background-type":"","background-media":"","overlay-type":"","overlay-color":"","overlay-opacity":"","overlay-gradient":""},"mobile":{"background-color":"","background-image":"","background-repeat":"repeat","background-position":"center center","background-size":"auto","background-attachment":"scroll","background-type":"","background-media":"","overlay-type":"","overlay-color":"","overlay-opacity":"","overlay-gradient":""}},"ast-content-background-meta":{"desktop":{"background-color":"var(--ast-global-color-5)","background-image":"","background-repeat":"repeat","background-position":"center center","background-size":"auto","background-attachment":"scroll","background-type":"","background-media":"","overlay-type":"","overlay-color":"","overlay-opacity":"","overlay-gradient":""},"tablet":{"background-color":"var(--ast-global-color-5)","background-image":"","background-repeat":"repeat","background-position":"center center","background-size":"auto","background-attachment":"scroll","background-type":"","background-media":"","overlay-type":"","overlay-color":"","overlay-opacity":"","overlay-gradient":""},"mobile":{"background-color":"var(--ast-global-color-5)","background-image":"","background-repeat":"repeat","background-position":"center center","background-size":"auto","background-attachment":"scroll","background-type":"","background-media":"","overlay-type":"","overlay-color":"","overlay-opacity":"","overlay-gradient":""}},"_joinchat":[]},"product_brand":[],"product_cat":[235,149,150,151,154,141,142,76,144],"product_tag":[403,406,411,412,410,390,397],"class_list":{"0":"post-4483","1":"product","2":"type-product","3":"status-publish","4":"has-post-thumbnail","6":"product_cat-28000-puff","7":"product_cat-buy-disposable-vapes-in-austria","8":"product_cat-buy-disposable-vapes-in-belgium","9":"product_cat-buy-disposable-vapes-in-france","10":"product_cat-buy-disposable-vapes-in-netherlands","11":"product_cat-crystal-disposable-vapes","12":"product_cat-digital-box-disposable-vapes","13":"product_cat-jnr-vape","14":"product_cat-low-nicotine-disposable-vapes","15":"product_tag-disposable-vape-box","16":"product_tag-disposable-vape-fast-shipping","17":"product_tag-jnr-28k","18":"product_tag-jnr-falcon-pro-280000","19":"product_tag-jnr-falcon-pro-28k","20":"product_tag-online-vape-shop","21":"product_tag-vapor","22":"desktop-align-left","23":"tablet-align-left","24":"mobile-align-left","26":"first","27":"instock","28":"sale","29":"shipping-taxable","30":"purchasable","31":"product-type-simple"},"acf":[],"uagb_featured_image_src":{"full":["https:\/\/vapestornado.com\/wp-content\/uploads\/2025\/10\/JNR-Falcon-Pro-28K-Puff-Dispsoable-Vape-Wholesale-Price.webp",800,800,false],"thumbnail":["https:\/\/vapestornado.com\/wp-content\/uploads\/2025\/10\/JNR-Falcon-Pro-28K-Puff-Dispsoable-Vape-Wholesale-Price-150x150.webp",150,150,true],"medium":["https:\/\/vapestornado.com\/wp-content\/uploads\/2025\/10\/JNR-Falcon-Pro-28K-Puff-Dispsoable-Vape-Wholesale-Price-300x300.webp",300,300,true],"medium_large":["https:\/\/vapestornado.com\/wp-content\/uploads\/2025\/10\/JNR-Falcon-Pro-28K-Puff-Dispsoable-Vape-Wholesale-Price-768x768.webp",768,768,true],"large":["https:\/\/vapestornado.com\/wp-content\/uploads\/2025\/10\/JNR-Falcon-Pro-28K-Puff-Dispsoable-Vape-Wholesale-Price.webp",800,800,false],"1536x1536":["https:\/\/vapestornado.com\/wp-content\/uploads\/2025\/10\/JNR-Falcon-Pro-28K-Puff-Dispsoable-Vape-Wholesale-Price.webp",800,800,false],"2048x2048":["https:\/\/vapestornado.com\/wp-content\/uploads\/2025\/10\/JNR-Falcon-Pro-28K-Puff-Dispsoable-Vape-Wholesale-Price.webp",800,800,false],"trp-custom-language-flag":["https:\/\/vapestornado.com\/wp-content\/uploads\/2025\/10\/JNR-Falcon-Pro-28K-Puff-Dispsoable-Vape-Wholesale-Price-12x12.webp",12,12,true],"woocommerce_thumbnail":["https:\/\/vapestornado.com\/wp-content\/uploads\/2025\/10\/JNR-Falcon-Pro-28K-Puff-Dispsoable-Vape-Wholesale-Price-300x300.webp",300,300,true],"woocommerce_single":["https:\/\/vapestornado.com\/wp-content\/uploads\/2025\/10\/JNR-Falcon-Pro-28K-Puff-Dispsoable-Vape-Wholesale-Price-600x600.webp",600,600,true],"woocommerce_gallery_thumbnail":["https:\/\/vapestornado.com\/wp-content\/uploads\/2025\/10\/JNR-Falcon-Pro-28K-Puff-Dispsoable-Vape-Wholesale-Price-100x100.webp",100,100,true]},"uagb_author_info":{"display_name":"ESAMY","author_link":"https:\/\/vapestornado.com\/lv\/author\/"},"uagb_comment_info":1,"uagb_excerpt":"Buy JNR 28K Puff Bar Online \u2013 Long-Lasting Rechargeable Disposable Vape EU JNR Falcon 28000 Puffs Vape \u2013 Dual Mesh Coil Puff Bar at Wholesale Price Add Amy's whatsapp to get right reply and discount price! WhatsApp: +86 17776015835","_links":{"self":[{"href":"https:\/\/vapestornado.com\/lv\/wp-json\/wp\/v2\/product\/4483","targetHints":{"allow":["GET"]}}],"collection":[{"href":"https:\/\/vapestornado.com\/lv\/wp-json\/wp\/v2\/product"}],"about":[{"href":"https:\/\/vapestornado.com\/lv\/wp-json\/wp\/v2\/types\/product"}],"replies":[{"embeddable":true,"href":"https:\/\/vapestornado.com\/lv\/wp-json\/wp\/v2\/comments?post=4483"}],"wp:featuredmedia":[{"embeddable":true,"href":"https:\/\/vapestornado.com\/lv\/wp-json\/wp\/v2\/media\/4477"}],"wp:attachment":[{"href":"https:\/\/vapestornado.com\/lv\/wp-json\/wp\/v2\/media?parent=4483"}],"wp:term":[{"taxonomy":"product_brand","embeddable":true,"href":"https:\/\/vapestornado.com\/lv\/wp-json\/wp\/v2\/product_brand?post=4483"},{"taxonomy":"product_cat","embeddable":true,"href":"https:\/\/vapestornado.com\/lv\/wp-json\/wp\/v2\/product_cat?post=4483"},{"taxonomy":"product_tag","embeddable":true,"href":"https:\/\/vapestornado.com\/lv\/wp-json\/wp\/v2\/product_tag?post=4483"}],"curies":[{"name":"wp","href":"https:\/\/api.w.org\/{rel}","templated":true}]}}