{"id":4475,"date":"2025-10-29T06:41:52","date_gmt":"2025-10-29T06:41:52","guid":{"rendered":"https:\/\/vapestornado.com\/?post_type=product&#038;p=4475"},"modified":"2025-12-12T09:08:28","modified_gmt":"2025-12-12T09:08:28","slug":"uzy-50000-puff-50k-disposable-vape-2-in-1-double-flaovr-best-wholesale-online","status":"publish","type":"product","link":"https:\/\/vapestornado.com\/lv\/product\/uzy-50000-puff-50k-disposable-vape-2-in-1-double-flaovr-best-wholesale-online\/","title":{"rendered":"UZY 50000 P\u016b\u0161\u013ci 50k Vienreiz\u0113j\u0101 Vape 2 in 1 Dubult\u0101 Gar\u0161a Lab\u0101k\u0101 vairumtirdzniec\u012bba tie\u0161saist\u0113"},"content":{"rendered":"<h2 data-pm-slice=\"1 1 []\">UZY 50000 P\u016b\u0161\u013ci Vienreiz\u0113j\u0101 vape ar 2-in-1 dubultu gar\u0161u, div\u0101m t\u012bkla spir\u0101l\u0113m un gudru LED ekr\u0101nu<\/h2>\n<p data-start=\"103\" data-end=\"597\"><strong data-start=\"103\" data-end=\"121\">UZY 50000 P\u016b\u0161\u013ci<\/strong> ir liela ietilp\u012bba <strong data-start=\"141\" data-end=\"162\">2-in-1 vienreiz\u0113j\u0101<\/strong> izgatavots ilgam lieto\u0161anai un bez raiz\u0113m. Tas nodro\u0161ina <strong data-start=\"209\" data-end=\"231\">l\u012bdz 50 000 pufiem<\/strong> lieto\u0161anai <strong data-start=\"238\" data-end=\"265\">divas 20ml gar\u0161as tvertnes<\/strong> (40ml kop\u0101) un <strong data-start=\"283\" data-end=\"307\">dubult\u0101s 0,9 \u03a9 sieta spoles<\/strong> gludai, gar\u0161u uzsvero\u0161ai tvaic\u0113\u0161anai. <strong data-start=\"348\" data-end=\"363\">Crytal vape<\/strong>-stila korpuss saglab\u0101 to slaiku, kam\u0113r <strong data-start=\"401\" data-end=\"422\">LED viedais displejs<\/strong> r\u0101da akumulatora un e-\u0161\u0137idruma st\u0101vokli skaidri. <strong data-start=\"469\" data-end=\"507\">850mAh Type-C uzl\u0101d\u0113jams akumulators<\/strong> Tas<\/p>\n<h3 data-start=\"844\" data-end=\"895\">nodro\u0161ina ier\u012bces darb\u012bbu l\u012bdz tvertnes ir pilnas, nevis l\u012bdz akumulators beidzas.<\/h3>\n<ul data-start=\"897\" data-end=\"2254\">\n<li data-start=\"897\" data-end=\"1225\">\n<p data-start=\"899\" data-end=\"1225\"><strong data-start=\"899\" data-end=\"946\">K\u0101p\u0113c izv\u0113l\u0113ties UZY 50000 P\u016b\u0161\u013cus, ja v\u0113laties uzticam\u012bbu un sp\u0113c\u012bgu veiktsp\u0113ju?<\/strong> T\u0101 <strong data-start=\"951\" data-end=\"989\">50K iztur\u012bba, ko nodro\u0161ina dubult\u0101 tvertnes dizains.<\/strong> izmanto <strong data-start=\"995\" data-end=\"1013\">UZY 50000 P\u016b\u0161\u013ci 50k vienreiz\u0113j\u0101 vape<\/strong> 2 \u00d7 20ml tvertnes <strong data-start=\"1048\" data-end=\"1062\">lai atbalst\u012btu t\u0101s ilgo kalpo\u0161anas laiku.<\/strong> vaperiem 50k <strong data-start=\"1072\" data-end=\"1127\">V\u0101cij\u0101, Sp\u0101nij\u0101, Polij\u0101, Francij\u0101 un N\u012bderland\u0113<\/strong>lietot\u0101jiem <strong data-start=\"1202\" data-end=\"1224\">e cigare\u0161u veikals<\/strong>.<\/p>\n<\/li>\n<li data-start=\"1227\" data-end=\"1496\">\n<p data-start=\"1229\" data-end=\"1496\"><strong data-start=\"1229\" data-end=\"1280\">Divas gar\u0161as vien\u0101 ier\u012bc\u0113, uzreiz p\u0101rsl\u0113dzoties.<\/strong> T\u0101 <strong data-start=\"1285\" data-end=\"1323\">UZY 50K 2 in 1 dubult\u0101s gar\u0161as vape<\/strong> \u013cauj main\u012bt gar\u0161as profilus jebkur\u0101 br\u012bd\u012b, kad main\u0101s j\u016bsu gar\u0161as k\u0101rpi\u0146as. Tas ir svar\u012bgi ilgsto\u0161ai ier\u012bcei\u2014gar\u0161as nogurums ir galvenais iemesls, k\u0101p\u0113c cilv\u0113ki agri pamet vienreizlietojam\u0101s ier\u012bces ar lielu p\u016b\u0161u skaitu.<\/p>\n<\/li>\n<li data-start=\"1498\" data-end=\"1749\">\n<p data-start=\"1500\" data-end=\"1749\"><strong data-start=\"1500\" data-end=\"1554\">Dubult\u0101s re\u017e\u0123a spir\u0101les izvade paliek gluda un vienm\u0113r\u012bga.<\/strong> Ar <strong data-start=\"1560\" data-end=\"1591\">0.9\u03a9 + 0.9\u03a9 dubult\u0101s re\u017e\u0123a spir\u0101les<\/strong>, tad <strong data-start=\"1597\" data-end=\"1615\">UZY 50000 P\u016b\u0161\u013ci<\/strong> saglab\u0101 bl\u012bvu tvaiku un stabilu gar\u0161u ilgsto\u0161\u0101s sesij\u0101s, samazinot asu kritumu, ko daudzas liel\u0101s vienreizlietojam\u0101s ier\u012bces par\u0101da v\u0113l\u0101k tvertn\u0113.<\/p>\n<\/li>\n<li data-start=\"1751\" data-end=\"1968\">\n<p data-start=\"1753\" data-end=\"1968\"><strong data-start=\"1753\" data-end=\"1793\">Gudrs LED displejs nov\u0113r\u0161 min\u0113\u0161anas k\u013c\u016bdas.<\/strong> \u0160\u012b ekr\u0101na <strong data-start=\"1813\" data-end=\"1828\">Crytal vape<\/strong> r\u0101da akumulatora un e-\u0161\u0137idruma l\u012bmeni, t\u0101d\u0113j\u0101di pl\u0101nojot uzl\u0101di pirms nakts izie\u0161anas vai garas mai\u0146as, nevis p\u0101rsteidzoties par izs\u012bksto\u0161u ier\u012bci.<\/p>\n<\/li>\n<li data-start=\"1970\" data-end=\"2254\">\n<p data-start=\"1972\" data-end=\"2254\"><strong data-start=\"1972\" data-end=\"2020\">V\u0113rt\u012bba, kas der gan mazumtirdzniec\u012bbas, gan vairumtirdzniec\u012bbas pirc\u0113jiem.<\/strong> Ar vair\u0101k\u0101m nikot\u012bna stipruma opcij\u0101m un sp\u0113c\u012bgu funkciju komplektu, <strong data-start=\"2084\" data-end=\"2123\">UZY 50K vienreizlietojam\u0101 vape l\u0113ta cena<\/strong> pozicion\u0113jums ir sapr\u0101t\u012bgs gan person\u012bgajiem pirc\u0113jiem, gan veikaliem, kas konkur\u0113 ar <strong data-start=\"2196\" data-end=\"2216\">l\u0113t\u0101m vape cen\u0101m<\/strong> pied\u0101v\u0101jumiem, nezaud\u0113jot lietojam\u012bbu.<\/p>\n<\/li>\n<\/ul>\n<p><strong><span style=\"color: #ff0000;\">Pievienojiet Eimijas whatsapp, lai sa\u0146emtu pareizu atbildi un iztvaic\u0113t\u0101ja kuponu!<\/span><\/strong><\/p>\n<p><img fetchpriority=\"high\" decoding=\"async\" class=\"size-full wp-image-2932\" src=\"https:\/\/vapestornado.com\/wp-content\/uploads\/2024\/12\/Vape-Wholesale.jpg\" alt=\"Veipu Vairumtirdzniec\u012bba\" width=\"229\" height=\"300\" \/><\/p>\n<h3><a href=\"https:\/\/wa.me\/8617776015835\" target=\"_blank\" rel=\"noopener\"><span style=\"color: #ff0000;\"><strong>WhatsApp: +86 17776015835<\/strong><\/span><\/a><\/h3>\n<p>&nbsp;<\/p>\n<h2><strong>UZY 50000 P\u016b\u0161\u013cu 50k Produkta \u012bpa\u0161\u012bbas<\/strong><\/h2>\n<table>\n<thead>\n<tr>\n<th>\u012apa\u0161\u012bba<\/th>\n<th>specifik\u0101cija<\/th>\n<th>deta\u013cas<\/th>\n<\/tr>\n<\/thead>\n<tbody>\n<tr>\n<td>Produkts Nosaukums<\/td>\n<td>UZY 50000 P\u016b\u0161\u013cu \/ UZY 50K<\/td>\n<td>2-in-1 dubult\u0101s gar\u0161as vienreizlietojam\u0101 vape<\/td>\n<\/tr>\n<tr>\n<td>Pufiju ietilp\u012bba<\/td>\n<td>L\u012bdz 50 000 p\u016b\u0161iem<\/td>\n<td>Ilgsto\u0161a ier\u012bce, paredz\u0113ta ilgsto\u0161ai ikdienas lieto\u0161anai<\/td>\n<\/tr>\n<tr>\n<td>E-\u0161\u0137idruma sist\u0113ma<\/td>\n<td>Divi tvertnes: 2 \u00d7 20ml (kop\u0113jais 40ml)<\/td>\n<td>Atbalsta augstu p\u016b\u0161anas v\u0113rt\u0113jumu un ilgas sesijas<\/td>\n<\/tr>\n<tr>\n<td>Spoles veids<\/td>\n<td>Divas re\u017e\u0123a spir\u0101les 0.9\u03a9 + 0.9\u03a9<\/td>\n<td>Vienm\u0113r\u012bga sild\u012b\u0161ana gludai tvaika ra\u017eo\u0161anai un sp\u0113c\u012bgai gar\u0161as nodro\u0161in\u0101\u0161anai<\/td>\n<\/tr>\n<tr>\n<td>Akumulators<\/td>\n<td>850mAh uzl\u0101d\u0113jams<\/td>\n<td>Uzl\u0101d\u0113jiet, lai pabeigtu abas tvertnes, nevis agr\u0101k izmest<\/td>\n<\/tr>\n<tr>\n<td>Uzl\u0101de<\/td>\n<td>C tipa<\/td>\n<td>\u0100tra uzl\u0101de ar moderniem Eiropas kabeliem<\/td>\n<\/tr>\n<tr>\n<td>Displejs<\/td>\n<td>LED gudrs ekr\u0101ns<\/td>\n<td>R\u0101da akumulatora un e-\u0161\u0137idruma l\u012bmeni re\u0101llaik\u0101<\/td>\n<\/tr>\n<tr>\n<td>Nikot\u012bna opcijas<\/td>\n<td>0% \/ 2% \/ 3% \/ 5%<\/td>\n<td>Piem\u0113rots nikot\u012bna br\u012bviem, m\u0113reniem un smagiem lietot\u0101jiem<\/td>\n<\/tr>\n<tr>\n<td>Korpusa dizains<\/td>\n<td>Augstas kvalit\u0101tes krist\u0101la korpuss<\/td>\n<td>Elegants \u201cCrytal vape\u201d izskats ar kabatai draudz\u012bgu dizainu<\/td>\n<\/tr>\n<\/tbody>\n<\/table>\n<figure id=\"attachment_4473\" aria-describedby=\"caption-attachment-4473\" style=\"width: 300px\" class=\"wp-caption alignnone\"><img decoding=\"async\" class=\"size-medium wp-image-4473\" src=\"https:\/\/vapestornado.com\/wp-content\/uploads\/2025\/10\/UZY-50000-Puffs-2-in-1-Disposable-Vapor-300x300.webp\" alt=\"UZY 50000 P\u016b\u0161\u013cu 2-in-1 vienreiz\u0113j\u0101 tvaika ier\u012bce\" width=\"300\" height=\"300\" srcset=\"https:\/\/vapestornado.com\/wp-content\/uploads\/2025\/10\/UZY-50000-Puffs-2-in-1-Disposable-Vapor-300x300.webp 300w, https:\/\/vapestornado.com\/wp-content\/uploads\/2025\/10\/UZY-50000-Puffs-2-in-1-Disposable-Vapor-150x150.webp 150w, https:\/\/vapestornado.com\/wp-content\/uploads\/2025\/10\/UZY-50000-Puffs-2-in-1-Disposable-Vapor-768x768.webp 768w, https:\/\/vapestornado.com\/wp-content\/uploads\/2025\/10\/UZY-50000-Puffs-2-in-1-Disposable-Vapor-12x12.webp 12w, https:\/\/vapestornado.com\/wp-content\/uploads\/2025\/10\/UZY-50000-Puffs-2-in-1-Disposable-Vapor-600x600.webp 600w, https:\/\/vapestornado.com\/wp-content\/uploads\/2025\/10\/UZY-50000-Puffs-2-in-1-Disposable-Vapor-100x100.webp 100w, https:\/\/vapestornado.com\/wp-content\/uploads\/2025\/10\/UZY-50000-Puffs-2-in-1-Disposable-Vapor.webp 800w\" sizes=\"(max-width: 300px) 100vw, 300px\" \/><figcaption id=\"caption-attachment-4473\" class=\"wp-caption-text\">UZY 50000 P\u016b\u0161\u013cu 2-in-1 vienreiz\u0113j\u0101 tvaika ier\u012bce<\/figcaption><\/figure>\n<h2 class=\"product-title\"><strong>UZY 50000 P\u016b\u0161\u013cu 50k Vienreiz\u0113j\u0101s vape gar\u0161as saraksts<\/strong><\/h2>\n<p>1. Mellenes uz ledus &amp; Vasara persiku ledus<br \/>\n2. Kiwija, passiona aug\u013ci, guava &amp; mellenes ar ave\u0146u gar\u0161u<br \/>\n3. Zemenes ar kivi un v\u012bnogu ledus<br \/>\n4. Kivi pasifloras gvajava<br \/>\n5. Zemenes ar arb\u016bzu un citronu laimu<br \/>\n6. Mellenes ar ave\u0146u un \u0137ir\u0161u ledus<br \/>\n7. Zemenes ar ave\u0146u un \u0137ir\u0161u un Mr Blue<br \/>\n8. Persiks, mango, anan\u0101s un Red Bull<br \/>\n9. Arb\u016bza ledus un jauktas ogas<br \/>\n10. Zemenes ar ban\u0101nu un Love 66<\/p>\n<div class=\"flex-shrink-0 flex flex-col relative items-end\">\n<div class=\"pt-0\">\n<div class=\"gizmo-bot-avatar flex h-8 w-8 items-center justify-center overflow-hidden rounded-full\">\n<div class=\"relative p-1 rounded-sm flex items-center justify-center bg-token-main-surface-primary text-token-text-primary h-8 w-8\">\n<h2 data-start=\"1200\" data-end=\"1487\">Vapes Tornado \u2013 J\u016bsu vairumtirdzniec\u012bbas tie\u0161saistes vape veikals ar lab\u0101kaj\u0101m vape z\u012bmoliem<\/h2>\n<p data-start=\"1200\" data-end=\"1487\">Vapes Tornado tie\u0161saistes d\u016bmu veikals ir j\u016bsu uzticams galam\u0113r\u0137is <strong data-start=\"66\" data-end=\"94\">premium vienreiz\u0113j\u0101s lieto\u0161anas vape<\/strong> un <strong data-start=\"99\" data-end=\"125\">vairumtirdzniec\u012bbas e-cigaret\u0113s<\/strong> vis\u0101 Eirop\u0101. M\u0113s noliktav\u0101 ir popul\u0101ri vape z\u012bmoli, piem\u0113ram <a href=\"https:\/\/vapestornado.com\/lv\/product\/elf-bar-raya-d3-25000-puffs-best-disposable-vape-wholesale-in-uk\/\">Elf Bar Vape<\/a>, <strong data-start=\"175\" data-end=\"228\"><a href=\"https:\/\/vapestornado.com\/lv\/product\/fumot-randm-tornado-15000-puffs-rechargeable-disposable-vape-wholesale\/\">Fumot Vape<\/a>, <a href=\"https:\/\/vapestornado.com\/lv\/product\/waspe-150k-150000-puff-6-in-1-disposable-vape-pen-cartridge-best-wholesale-price-in-poland\/\">Waspe Vape<\/a>, Vozol Bar Vape, <a href=\"https:\/\/vapestornado.com\/lv\/product-category\/bang-vape\/\">Bang Vape<\/a><\/strong>, un daudzi citi \u2014 pied\u0101v\u0101jot izcilu kvalit\u0101ti, da\u017e\u0101das gar\u0161u iesp\u0113jas un inovat\u012bvus dizainus. Neatkar\u012bgi no t\u0101, vai j\u016bs esat person\u012bgais lietot\u0101js vai vairumtirdzniec\u012bbas pirc\u0113js, <strong data-start=\"372\" data-end=\"389\">Vapes Tornado<\/strong> nodro\u0161ina augstas veiktsp\u0113jas ier\u012bces, stil\u012bgus dizainus un neapstr\u012bdamas vairumtirdzniec\u012bbas cenas, lai apmierin\u0101tu j\u016bsu vaping vajadz\u012bbas.<\/p>\n<h2 data-start=\"2064\" data-end=\"2115\">BUJ par UZY 50000 Puff 50k Vape Box<\/h2>\n<ol data-start=\"3177\" data-end=\"4488\">\n<li data-start=\"3177\" data-end=\"3447\">\n<p data-start=\"3180\" data-end=\"3447\"><strong data-start=\"3180\" data-end=\"3271\">K\u0101 UZY 50000 P\u016b\u0161u 2\u00d720ml tvertnes dizains pal\u012bdz sasniegt 50 000 p\u016b\u0161us re\u0101laj\u0101 lieto\u0161an\u0101?<\/strong><br data-start=\"3271\" data-end=\"3274\" \/>Divas atsevi\u0161\u0137as <strong data-start=\"3287\" data-end=\"3301\">20ml tvertnes<\/strong> nodro\u0161ina liel\u0101ku kop\u0113jo jaudu un saglab\u0101 veiktsp\u0113ju ilg\u0101k\u0101 lieto\u0161an\u0101, lab\u0101k atbalstot 50K klases kalpo\u0161anas laiku nek\u0101 vienk\u0101r\u0161i mazi rezerves tvertnes<\/p>\n<\/li>\n<li data-start=\"3449\" data-end=\"3695\">\n<p data-start=\"3452\" data-end=\"3695\"><strong data-start=\"3452\" data-end=\"3542\">Vai UZY 50K divu re\u017e\u0123a spir\u0101\u013cu 0.9\u03a9+0.9\u03a9 uzst\u0101d\u012bjums uzlabot gar\u0161as konsekvenci laika gait\u0101?<\/strong><br data-start=\"3542\" data-end=\"3545\" \/>J\u0101. Divas re\u017e\u0123a spir\u0101les vienm\u0113r\u012bgi uzkarst, pal\u012bdzot gar\u0161ai palikt pilnv\u0113rt\u012bg\u0101kai un tvaikam b\u016bt glud\u0101kam dzi\u013c\u0101k tvertn\u0113, sal\u012bdzinot ar vienk\u0101r\u0161\u0101m vienas spir\u0101les vienreizlietojam\u0101m ier\u012bc\u0113m.<\/p>\n<\/li>\n<li data-start=\"3697\" data-end=\"3927\">\n<p data-start=\"3700\" data-end=\"3927\"><strong data-start=\"3700\" data-end=\"3780\">Vai UZY 50000 P\u016b\u0161u Type-C uzl\u0101des funkcija ir nepiecie\u0161ama 50K ier\u012bcei?<\/strong><br data-start=\"3780\" data-end=\"3783\" \/>Absol\u016bti. Augstas kapacit\u0101tes vienreizlietojam\u0101s ier\u012bces var ilg\u0101k kalpot nek\u0101 akumulators; Type-C uzl\u0101de nov\u0113r\u0161 agr\u012bnu izmanto\u0161anas beig\u0161anos un pal\u012bdz pabeigt abas tvertnes.<\/p>\n<\/li>\n<li data-start=\"3929\" data-end=\"4194\">\n<p data-start=\"3932\" data-end=\"4194\"><strong data-start=\"3932\" data-end=\"4034\">K\u0101ds praktisks ieguvums ir UZY 50000 P\u016b\u0161u LED gudr\u0101 ekr\u0101na priek\u0161roc\u012bba sal\u012bdzin\u0101jum\u0101 ar neskatu vienreizlietojamaj\u0101m ier\u012bc\u0113m?<\/strong><br data-start=\"4034\" data-end=\"4037\" \/>Tas r\u0101da akumulatora un e-\u0161\u0137idruma l\u012bmeni, pal\u012bdzot pl\u0101not uzl\u0101di un izvair\u012bties no negaid\u012btiem p\u0101rtraukumiem\u2014\u012bpa\u0161i noder\u012bgi ce\u013cojot vai lietojot vienu ier\u012bci ikdien\u0101.<\/p>\n<\/li>\n<li data-start=\"4196\" data-end=\"4488\">\n<p data-start=\"4199\" data-end=\"4488\"><strong data-start=\"4199\" data-end=\"4315\">Vai UZY 50K krist\u0101la vape ir piem\u0113rots pirc\u0113jiem, kas sal\u012bdzina vape l\u0113t\u0101s cenas iesp\u0113jas e-cigare\u0161u veikal\u0101?<\/strong><br data-start=\"4315\" data-end=\"4318\" \/>J\u0101. Tas apvieno ilgm\u016b\u017e\u012bgas jaudas, divu gar\u0161u un uzl\u0101d\u0113jamu lietojam\u012bbu \u2014 \u012bpa\u0161\u012bbas, kas bie\u017ei attaisno v\u0113rt\u012bbu pat tad, ja pirc\u0113ji koncentr\u0113jas uz <strong data-start=\"4461\" data-end=\"4481\">l\u0113t\u0101m vape cen\u0101m<\/strong> pied\u0101v\u0101jumiem.<\/p>\n<\/li>\n<\/ol>\n<\/div>\n<\/div>\n<\/div>\n<\/div>","protected":false},"excerpt":{"rendered":"<p>UZY 50000 P\u016b\u0161\u013ci (UZY 50K) 2-in-1 dubult\u0101 gar\u0161a vienreiz\u0113j\u0101s vape ar diviem 20ml tvertn\u0113m, diviem 0.9\u03a9 t\u012bkla spir\u0101l\u0113m, 850mAh Type-C uzl\u0101d\u0113jamu akumulatoru un LED gudru ekr\u0101nu. Krist\u0101la korpusa \u201cCrytal vape\u201d vaperiem, kas mekl\u0113 ilgu darb\u012bbas laiku un lielu v\u0113rt\u012bbu par l\u0113tu vape cenu.<\/p>\n<p><strong>Pievienojiet Eimijas WhatsApp, lai sa\u0146emtu prec\u012bzu atbildi un atlaidi!<\/strong><\/p>\n<p><img fetchpriority=\"high\" decoding=\"async\" class=\"size-full wp-image-2932\" src=\"https:\/\/vapestornado.com\/wp-content\/uploads\/2024\/12\/Vape-Wholesale.jpg\" alt=\"Veipu Vairumtirdzniec\u012bba\" width=\"229\" height=\"300\" \/><\/p>\n<h3><a href=\"https:\/\/wa.me\/8617776015835\"><span style=\"color: #ff0000;\"><strong>WhatsApp: +86 17776015835<\/strong><\/span><\/a><\/h3>","protected":false},"featured_media":4474,"comment_status":"open","ping_status":"closed","template":"","meta":{"_acf_changed":false,"_uag_custom_page_level_css":"","_lmt_disableupdate":"no","_lmt_disable":"","_monsterinsights_skip_tracking":false,"_monsterinsights_sitenote_active":false,"_monsterinsights_sitenote_note":"","_monsterinsights_sitenote_category":0,"site-sidebar-layout":"default","site-content-layout":"","ast-site-content-layout":"default","site-content-style":"default","site-sidebar-style":"default","ast-global-header-display":"","ast-banner-title-visibility":"","ast-main-header-display":"","ast-hfb-above-header-display":"","ast-hfb-below-header-display":"","ast-hfb-mobile-header-display":"","site-post-title":"","ast-breadcrumbs-content":"","ast-featured-img":"","footer-sml-layout":"","ast-disable-related-posts":"","theme-transparent-header-meta":"default","adv-header-id-meta":"","stick-header-meta":"","header-above-stick-meta":"","header-main-stick-meta":"","header-below-stick-meta":"","astra-migrate-meta-layouts":"set","ast-page-background-enabled":"default","ast-page-background-meta":{"desktop":{"background-color":"","background-image":"","background-repeat":"repeat","background-position":"center center","background-size":"auto","background-attachment":"scroll","background-type":"","background-media":"","overlay-type":"","overlay-color":"","overlay-opacity":"","overlay-gradient":""},"tablet":{"background-color":"","background-image":"","background-repeat":"repeat","background-position":"center center","background-size":"auto","background-attachment":"scroll","background-type":"","background-media":"","overlay-type":"","overlay-color":"","overlay-opacity":"","overlay-gradient":""},"mobile":{"background-color":"","background-image":"","background-repeat":"repeat","background-position":"center center","background-size":"auto","background-attachment":"scroll","background-type":"","background-media":"","overlay-type":"","overlay-color":"","overlay-opacity":"","overlay-gradient":""}},"ast-content-background-meta":{"desktop":{"background-color":"var(--ast-global-color-5)","background-image":"","background-repeat":"repeat","background-position":"center center","background-size":"auto","background-attachment":"scroll","background-type":"","background-media":"","overlay-type":"","overlay-color":"","overlay-opacity":"","overlay-gradient":""},"tablet":{"background-color":"var(--ast-global-color-5)","background-image":"","background-repeat":"repeat","background-position":"center center","background-size":"auto","background-attachment":"scroll","background-type":"","background-media":"","overlay-type":"","overlay-color":"","overlay-opacity":"","overlay-gradient":""},"mobile":{"background-color":"var(--ast-global-color-5)","background-image":"","background-repeat":"repeat","background-position":"center center","background-size":"auto","background-attachment":"scroll","background-type":"","background-media":"","overlay-type":"","overlay-color":"","overlay-opacity":"","overlay-gradient":""}},"_joinchat":[]},"product_brand":[],"product_cat":[192,156,157,158,141,142,143,357,356],"product_tag":[403,406,390,408,397],"class_list":{"0":"post-4475","1":"product","2":"type-product","3":"status-publish","4":"has-post-thumbnail","6":"product_cat-50000-puff","7":"product_cat-buy-disposable-vapes-in-poland","8":"product_cat-buy-disposable-vapes-in-portugal","9":"product_cat-buy-disposable-vapes-in-spain","10":"product_cat-crystal-disposable-vapes","11":"product_cat-digital-box-disposable-vapes","12":"product_cat-dual-mesh-disposable-vapes","13":"product_cat-flavor-adjustable-vape","14":"product_cat-uzy-vape","15":"product_tag-disposable-vape-box","16":"product_tag-disposable-vape-fast-shipping","17":"product_tag-online-vape-shop","18":"product_tag-uzy-50000-puff","19":"product_tag-vapor","20":"desktop-align-left","21":"tablet-align-left","22":"mobile-align-left","24":"first","25":"instock","26":"sale","27":"shipping-taxable","28":"purchasable","29":"product-type-simple"},"acf":[],"uagb_featured_image_src":{"full":["https:\/\/vapestornado.com\/wp-content\/uploads\/2025\/10\/UZY-Crystal-Twin-50000-Puffs-Wholesale-Disposable-Vape.webp",800,800,false],"thumbnail":["https:\/\/vapestornado.com\/wp-content\/uploads\/2025\/10\/UZY-Crystal-Twin-50000-Puffs-Wholesale-Disposable-Vape-150x150.webp",150,150,true],"medium":["https:\/\/vapestornado.com\/wp-content\/uploads\/2025\/10\/UZY-Crystal-Twin-50000-Puffs-Wholesale-Disposable-Vape-300x300.webp",300,300,true],"medium_large":["https:\/\/vapestornado.com\/wp-content\/uploads\/2025\/10\/UZY-Crystal-Twin-50000-Puffs-Wholesale-Disposable-Vape-768x768.webp",768,768,true],"large":["https:\/\/vapestornado.com\/wp-content\/uploads\/2025\/10\/UZY-Crystal-Twin-50000-Puffs-Wholesale-Disposable-Vape.webp",800,800,false],"1536x1536":["https:\/\/vapestornado.com\/wp-content\/uploads\/2025\/10\/UZY-Crystal-Twin-50000-Puffs-Wholesale-Disposable-Vape.webp",800,800,false],"2048x2048":["https:\/\/vapestornado.com\/wp-content\/uploads\/2025\/10\/UZY-Crystal-Twin-50000-Puffs-Wholesale-Disposable-Vape.webp",800,800,false],"trp-custom-language-flag":["https:\/\/vapestornado.com\/wp-content\/uploads\/2025\/10\/UZY-Crystal-Twin-50000-Puffs-Wholesale-Disposable-Vape-12x12.webp",12,12,true],"woocommerce_thumbnail":["https:\/\/vapestornado.com\/wp-content\/uploads\/2025\/10\/UZY-Crystal-Twin-50000-Puffs-Wholesale-Disposable-Vape-300x300.webp",300,300,true],"woocommerce_single":["https:\/\/vapestornado.com\/wp-content\/uploads\/2025\/10\/UZY-Crystal-Twin-50000-Puffs-Wholesale-Disposable-Vape-600x600.webp",600,600,true],"woocommerce_gallery_thumbnail":["https:\/\/vapestornado.com\/wp-content\/uploads\/2025\/10\/UZY-Crystal-Twin-50000-Puffs-Wholesale-Disposable-Vape-100x100.webp",100,100,true]},"uagb_author_info":{"display_name":"ESAMY","author_link":"https:\/\/vapestornado.com\/lv\/author\/"},"uagb_comment_info":1,"uagb_excerpt":"UZY 50000 Puff (UZY 50K) 2-in-1 double flavour disposable vape with dual 20ml tanks, dual 0.9\u03a9 mesh coils, 850mAh Type-C rechargeable battery and LED smart screen. Crystal-body \u201cCrytal vape\u201d for vapers 50k seeking long runtime and strong value at vape cheap price. Add Amy's whatsapp to get right reply and discount price! WhatsApp: +86 17776015835","_links":{"self":[{"href":"https:\/\/vapestornado.com\/lv\/wp-json\/wp\/v2\/product\/4475","targetHints":{"allow":["GET"]}}],"collection":[{"href":"https:\/\/vapestornado.com\/lv\/wp-json\/wp\/v2\/product"}],"about":[{"href":"https:\/\/vapestornado.com\/lv\/wp-json\/wp\/v2\/types\/product"}],"replies":[{"embeddable":true,"href":"https:\/\/vapestornado.com\/lv\/wp-json\/wp\/v2\/comments?post=4475"}],"wp:featuredmedia":[{"embeddable":true,"href":"https:\/\/vapestornado.com\/lv\/wp-json\/wp\/v2\/media\/4474"}],"wp:attachment":[{"href":"https:\/\/vapestornado.com\/lv\/wp-json\/wp\/v2\/media?parent=4475"}],"wp:term":[{"taxonomy":"product_brand","embeddable":true,"href":"https:\/\/vapestornado.com\/lv\/wp-json\/wp\/v2\/product_brand?post=4475"},{"taxonomy":"product_cat","embeddable":true,"href":"https:\/\/vapestornado.com\/lv\/wp-json\/wp\/v2\/product_cat?post=4475"},{"taxonomy":"product_tag","embeddable":true,"href":"https:\/\/vapestornado.com\/lv\/wp-json\/wp\/v2\/product_tag?post=4475"}],"curies":[{"name":"wp","href":"https:\/\/api.w.org\/{rel}","templated":true}]}}