{"id":4468,"date":"2025-10-29T07:16:35","date_gmt":"2025-10-29T07:16:35","guid":{"rendered":"https:\/\/vapestornado.com\/?post_type=product&#038;p=4468"},"modified":"2025-12-12T09:30:35","modified_gmt":"2025-12-12T09:30:35","slug":"okso-60k-60000-puffs-dual-flavor-disposable-vape-digital-display","status":"publish","type":"product","link":"https:\/\/vapestornado.com\/lv\/product\/okso-60k-60000-puffs-dual-flavor-disposable-vape-digital-display\/","title":{"rendered":"OKSO 60k 60000 puffs dubult\u0101s gar\u0161as vienreiz\u0113j\u0101s vape ar digit\u0101lo displeju"},"content":{"rendered":"<h2 data-pm-slice=\"1 1 []\">OKSO 60k Puffs Dubult\u0101s Gar\u0161as Vienreiz\u0113jais Vape \u2014 60000 P\u016b\u0161ieni Vaper LED Gudrs Displejs<\/h2>\n<p data-start=\"936\" data-end=\"1368\"><strong data-start=\"102\" data-end=\"120\">OKSO 60k 60000 P\u016b\u0161ieni<\/strong> ir dubult\u0101s gar\u0161as vienreiz\u0113jais, izstr\u0101d\u0101ts ilgam lieto\u0161anai un \u0101trai gar\u0161as mai\u0146ai, nesaboj\u0101joties kabat\u0101. Tas nodro\u0161ina <strong data-start=\"254\" data-end=\"276\">l\u012bdz 60 000 p\u016b\u0161ieniem<\/strong>, ko darbina <strong data-start=\"289\" data-end=\"318\">divas 25ml gar\u0161as kameras<\/strong> (50ml kop\u0101). A <strong data-start=\"335\" data-end=\"348\">t\u012bkla spoli<\/strong> saglab\u0101 tvaiku gludu un gar\u0161u skaidru ilgsto\u0161\u0101s sesij\u0101s, kam\u0113r <strong data-start=\"421\" data-end=\"442\">LED viedais displejs<\/strong> r\u0101da akumulatora un e-\u0161\u0137idruma l\u012bme\u0146us re\u0101llaik\u0101. Tas <strong data-start=\"495\" data-end=\"526\">650mAh uzl\u0101d\u0113jams akumulators<\/strong> pal\u012bdz jums izlietot \u0161\u0137idrumu, nevis agr\u0101k izmetot ier\u012bci.<\/p>\n<h3 data-start=\"997\" data-end=\"1048\">Veiktsp\u0113jas galvenie punkti (SEO bag\u0101t\u012bgs, lietot\u0101jam draudz\u012bgs)<\/h3>\n<ul data-start=\"1050\" data-end=\"2596\">\n<li data-start=\"1050\" data-end=\"1416\">\n<p data-start=\"1052\" data-end=\"1416\"><strong data-start=\"1052\" data-end=\"1099\">Patiesa ilgtermi\u0146a ier\u012bce nopietnam ikdienas lieto\u0161anai.<\/strong> T\u0101 <strong data-start=\"1104\" data-end=\"1123\">OKSO 60000 P\u016b\u0161ieni<\/strong> ir veidota ap <strong data-start=\"1140\" data-end=\"1174\">50ml kop\u0113j\u0101 e-\u0161\u0137idruma (25ml \u00d7 2)<\/strong>, kas atbalsta t\u0101s 60K klases nov\u0113rt\u0113jumu. Regul\u0101riem lietot\u0101jiem <strong data-start=\"1234\" data-end=\"1279\">Latvij\u0101, Latvij\u0101 b\u0101z\u0113t\u0101 tirg\u016b<\/strong>, tas var noz\u012bm\u0113t maz\u0101k nomai\u0146u un impulsu pirkumu, pat ja viet\u0113jais tirgus virza \u201c<strong data-start=\"1373\" data-end=\"1398\">L\u0113t\u0101k\u0101s e-cigaret\u0113s<\/strong>\u201d kas neiztur ilgi.<\/p>\n<\/li>\n<li data-start=\"1418\" data-end=\"1776\">\n<p data-start=\"1420\" data-end=\"1776\"><strong data-start=\"1420\" data-end=\"1477\">Dubult\u0101s gar\u0161as mai\u0146a, kas paliek noder\u012bga ar\u012b p\u0113c ned\u0113\u013c\u0101m.<\/strong> Ilgnotur\u012bgs vienreizlietojams nepiecie\u0161 daudzveid\u012bbu vai tas tiks pamests mal\u0101. <strong data-start=\"1537\" data-end=\"1555\">OKSO 60k Puffs<\/strong> \u013cauj p\u0101rsl\u0113gt gar\u0161u kameras sekund\u0113s, kas uztur pieredzi svaigu, nesverot divas ier\u012bces. Tas sasniedz ide\u0101lo l\u012bdzsvaru starp vienk\u0101r\u0161u vienreizlietojamu un <strong data-start=\"1721\" data-end=\"1734\">Smok pods<\/strong> \/ pod sist\u0113m\u0101m, kas prasa past\u0101v\u012bgas deta\u013cas.<\/p>\n<\/li>\n<li data-start=\"1778\" data-end=\"2069\">\n<p data-start=\"1780\" data-end=\"2069\"><strong data-start=\"1780\" data-end=\"1837\">Mesh spoles vilk\u0161anas saj\u016bta paliek gluda un ar izteiktu gar\u0161u.<\/strong> Mesh spole vienm\u0113r\u012bgi izklied\u0113 siltumu, t\u0101p\u0113c tvaiks paliek konsekvents un gar\u0161a saglab\u0101jas dzi\u013c\u0101k iepild\u012bjum\u0101. Lielu p\u016b\u0161u ier\u012bc\u0113s \u0161is \u201cv\u0113l\u0101 posma skarbums\u201d parasti ir v\u0101j\u0101 vieta\u2014\u0161is dizaina izv\u0113le ir veikta, lai no t\u0101 izvair\u012btos.<\/p>\n<\/li>\n<li data-start=\"2071\" data-end=\"2350\">\n<p data-start=\"2073\" data-end=\"2350\"><strong data-start=\"2073\" data-end=\"2117\">LED gudrs displejs no\u0146em min\u0113\u0161anas nepiecie\u0161am\u012bbu.<\/strong> Baterijas un e-\u0161\u0137idruma l\u012bme\u0146i ir redzami uzreiz. Tas ir svar\u012bgi, kad esi \u0101r\u0101 visu dienu, ce\u013cojum\u0101 vai pa\u013caujies uz vienu ier\u012bci. T\u0101p\u0113c <strong data-start=\"2265\" data-end=\"2285\">vape veikals tie\u0161saist\u0113<\/strong> pirc\u0113ji bie\u017ei uzticas ier\u012bc\u0113m ar caursp\u012bd\u012bgiem statusa indikatoriem.<\/p>\n<\/li>\n<li data-start=\"2352\" data-end=\"2596\">\n<p data-start=\"2354\" data-end=\"2596\"><strong data-start=\"2354\" data-end=\"2432\">Uztverama akumulators \u013cauj ier\u012bcei darboties l\u012bdz \u0161\u0137idrums ir izsmelts.<\/strong> T\u0101 <strong data-start=\"2437\" data-end=\"2481\">650mAh uzl\u0101d\u0113jama OKSO 60000 Puffs vape<\/strong> ir paredz\u0113ta papildin\u0101\u0161anai p\u0113c vajadz\u012bbas, nov\u0113r\u0161ot klasisko probl\u0113mu, kad akumulators beidzas pirms tvertnes ir pilna.<\/p>\n<\/li>\n<\/ul>\n<p>\u0160\u0101da veida produkts ir piem\u0113rots gan galalietot\u0101jiem, gan <strong data-start=\"657\" data-end=\"677\">vape veikals tie\u0161saist\u0113<\/strong> katalogam: ar lielu jaudu, viegli paskaidrojams un veidots ap funkcij\u0101m, kuras cilv\u0113ki patie\u0161\u0101m izmanto.<\/p>\n<p><strong><span style=\"color: #ff0000;\">Pievienojiet Eimijas whatsapp, lai sa\u0146emtu pareizu atbildi un iztvaic\u0113t\u0101ja kuponu!<\/span><\/strong><\/p>\n<p><img fetchpriority=\"high\" decoding=\"async\" class=\"size-full wp-image-2932\" src=\"https:\/\/vapestornado.com\/wp-content\/uploads\/2024\/12\/Vape-Wholesale.jpg\" alt=\"Veipu Vairumtirdzniec\u012bba\" width=\"229\" height=\"300\" \/><\/p>\n<h3><a href=\"https:\/\/wa.me\/8617776015835\" target=\"_blank\" rel=\"noopener\"><span style=\"color: #ff0000;\"><strong>WhatsApp: +86 17776015835<\/strong><\/span><\/a><\/h3>\n<p>&nbsp;<\/p>\n<h2><strong>OKSO 60k 60000 p\u016b\u0161u produkta \u012bpa\u0161\u012bbas<\/strong><\/h2>\n<table>\n<thead>\n<tr>\n<th>\u012apa\u0161\u012bba<\/th>\n<th>specifik\u0101cija<\/th>\n<th>deta\u013cas<\/th>\n<\/tr>\n<\/thead>\n<tbody>\n<tr>\n<td>Produkts Nosaukums<\/td>\n<td>OKSO 60k Puffs \/ OKSO 60000 Puffs<\/td>\n<td>Dubultgar\u0161u vienreizlietojama vape ar displeju<\/td>\n<\/tr>\n<tr>\n<td>Pufiju ietilp\u012bba<\/td>\n<td>L\u012bdz 60 000 p\u016btieniem<\/td>\n<td>Augstas jaudas ier\u012bce paredz\u0113ta ilgsto\u0161ai lieto\u0161anai<\/td>\n<\/tr>\n<tr>\n<td>E-\u0161\u0137idruma sist\u0113ma<\/td>\n<td>25ml \u00d7 2 gar\u0161u kameras (kop\u0101 50ml)<\/td>\n<td>Atbalsta ilgu darb\u012bbas laiku un gar\u0161u p\u0101rsl\u0113g\u0161anu<\/td>\n<\/tr>\n<tr>\n<td>Spoles veids<\/td>\n<td>T\u012bkla spole<\/td>\n<td>Vienm\u0113r\u012bga sild\u012b\u0161ana gludai tvaika veido\u0161anai un stabilai gar\u0161ai<\/td>\n<\/tr>\n<tr>\n<td>Akumulators<\/td>\n<td>650mAh uzl\u0101d\u0113jams<\/td>\n<td>Uzl\u0101d\u0113jiet, lai izmantotu pilnu \u0161\u0137idruma ietilp\u012bbu<\/td>\n<\/tr>\n<tr>\n<td>Displejs<\/td>\n<td>LED gudrs ekr\u0101ns<\/td>\n<td>R\u0101da akumulatora un e-\u0161\u0137idruma l\u012bmeni re\u0101llaik\u0101<\/td>\n<\/tr>\n<tr>\n<td>Nikot\u012bna opcijas<\/td>\n<td>0% \/ 2% \/ 3% \/ 5%<\/td>\n<td>Piem\u0113rots nikot\u012bna br\u012bv\u0101m vai stipr\u0101k\u0101m v\u0113lm\u0113m<\/td>\n<\/tr>\n<tr>\n<td>Gar\u0161as opcijas<\/td>\n<td>Vair\u0101k nek\u0101 20 divu gar\u0161u kombin\u0101cijas<\/td>\n<td>Pla\u0161a rot\u0101cija ilgsto\u0161ai lieto\u0161anai<\/td>\n<\/tr>\n<tr>\n<td>Pozicion\u0113\u0161ana<\/td>\n<td>Mazumtirdzniec\u012bba + vairumtirdzniec\u012bba<\/td>\n<td>Stipri piem\u0113rots vape veikalu tie\u0161saistes sludin\u0101jumiem<\/td>\n<\/tr>\n<\/tbody>\n<\/table>\n<p>&nbsp;<\/p>\n<figure id=\"attachment_4464\" aria-describedby=\"caption-attachment-4464\" style=\"width: 800px\" class=\"wp-caption alignnone\"><img decoding=\"async\" class=\"wp-image-4464 size-full\" src=\"https:\/\/vapestornado.com\/wp-content\/uploads\/2025\/10\/OKSO-60000-Puff-Disposable-Vape-Bulk-Buy.webp\" alt=\"OKSO 60000 p\u016b\u0161u vienreizlietojamais vape vairumtirdzniec\u012bba\" width=\"800\" height=\"800\" srcset=\"https:\/\/vapestornado.com\/wp-content\/uploads\/2025\/10\/OKSO-60000-Puff-Disposable-Vape-Bulk-Buy.webp 800w, https:\/\/vapestornado.com\/wp-content\/uploads\/2025\/10\/OKSO-60000-Puff-Disposable-Vape-Bulk-Buy-300x300.webp 300w, https:\/\/vapestornado.com\/wp-content\/uploads\/2025\/10\/OKSO-60000-Puff-Disposable-Vape-Bulk-Buy-150x150.webp 150w, https:\/\/vapestornado.com\/wp-content\/uploads\/2025\/10\/OKSO-60000-Puff-Disposable-Vape-Bulk-Buy-768x768.webp 768w, https:\/\/vapestornado.com\/wp-content\/uploads\/2025\/10\/OKSO-60000-Puff-Disposable-Vape-Bulk-Buy-12x12.webp 12w, https:\/\/vapestornado.com\/wp-content\/uploads\/2025\/10\/OKSO-60000-Puff-Disposable-Vape-Bulk-Buy-600x600.webp 600w, https:\/\/vapestornado.com\/wp-content\/uploads\/2025\/10\/OKSO-60000-Puff-Disposable-Vape-Bulk-Buy-100x100.webp 100w\" sizes=\"(max-width: 800px) 100vw, 800px\" \/><figcaption id=\"caption-attachment-4464\" class=\"wp-caption-text\">OKSO 60000 p\u016b\u0161u vienreizlietojamais vape vairumtirdzniec\u012bba<\/figcaption><\/figure>\n<h2 class=\"product-title\"><strong>OKSO 60k 60000 p\u016b\u0161u vape gar\u0161u saraksts<\/strong><\/h2>\n<p>1. Zilais Razz &amp; Love 66<br \/>\n2. Avenes \u0137irsis &amp; Kiwis Pasijas aug\u013ci Guava<br \/>\n3. Arb\u016bza burbu\u013cgumija &amp; Sajaukts auglis<br \/>\n4. Zeme\u0146u ban\u0101ns &amp; \u0137ir\u0161u fests<br \/>\n5. Arb\u016bza ledus &amp; Persiku Mango<br \/>\n6. Zil\u0101 Razz Lemon\u0101de &amp; \u0100bolu Persiks<br \/>\n7. Sarkan\u0101 Ener\u0123ijas ledus &amp; V\u012bnogu ledus<br \/>\n8. Zeme\u0146u Arb\u016bzs &amp; Divi \u0100boli<br \/>\n9. Zil\u0101 Razz \u010cerri Cranberry &amp; Piparm\u0113tra<br \/>\n10. Melle\u0146u ledus &amp; Melno j\u0101\u0146u upe<br \/>\n11. Anan\u0101su ledus &amp; P\u016b\u0137a aug\u013cu ledus<br \/>\n12. Tr\u012bsk\u0101r\u0161ais Mango &amp; Zeme\u0146u Lielais Spr\u0101dziens<br \/>\n13. Ban\u0101nu Anan\u0101s &amp; Melle\u0146u Persiku ledus<br \/>\n14. V\u012bnogu iev\u0101r\u012bjums &amp; Melle\u0146u \u010cerri Melno j\u0101\u0146u upe<br \/>\n15. Ban\u0101nu ledus &amp; Mango Passion Fruit<br \/>\n16. Juicy Persiki &amp; D\u017eung\u013cu Sula<br \/>\n17. \u010cerri M\u012bkst\u0101s Konfektes &amp; Arb\u016bza Mojito<br \/>\n18. \u010cerri Kolas &amp; V\u012bnogu Citronu<br \/>\n19. Atsvaidzino\u0161s Piparm\u0113tru Mojito &amp; Citronu Laima<br \/>\n20. Zeme\u0146u Gran\u0101t\u0101bols &amp; \u0100bolu Bumbieri<\/p>\n<div class=\"flex-shrink-0 flex flex-col relative items-end\">\n<div class=\"pt-0\">\n<div class=\"gizmo-bot-avatar flex h-8 w-8 items-center justify-center overflow-hidden rounded-full\">\n<div class=\"relative p-1 rounded-sm flex items-center justify-center bg-token-main-surface-primary text-token-text-primary h-8 w-8\">\n<h2 data-start=\"1200\" data-end=\"1487\">Vapes Tornado \u2013 J\u016bsu vairumtirdzniec\u012bbas tie\u0161saistes vape veikals ar lab\u0101kaj\u0101m vape z\u012bmoliem<\/h2>\n<p data-start=\"1200\" data-end=\"1487\">Vapes Tornado tie\u0161saistes d\u016bmu veikals ir j\u016bsu uzticams galam\u0113r\u0137is <strong data-start=\"66\" data-end=\"94\">premium vienreiz\u0113j\u0101s lieto\u0161anas vape<\/strong> un <strong data-start=\"99\" data-end=\"125\">vairumtirdzniec\u012bbas e-cigaret\u0113s<\/strong> vis\u0101 Eirop\u0101. M\u0113s noliktav\u0101 ir popul\u0101ri vape z\u012bmoli, piem\u0113ram <a href=\"https:\/\/vapestornado.com\/lv\/product\/elf-bar-raya-d3-25000-puffs-best-disposable-vape-wholesale-in-uk\/\">Elf Bar Vape<\/a>, <strong data-start=\"175\" data-end=\"228\"><a href=\"https:\/\/vapestornado.com\/lv\/product\/fumot-randm-tornado-15000-puffs-rechargeable-disposable-vape-wholesale\/\">Fumot Vape<\/a>, <a href=\"https:\/\/vapestornado.com\/lv\/product\/waspe-150k-150000-puff-6-in-1-disposable-vape-pen-cartridge-best-wholesale-price-in-poland\/\">Waspe Vape<\/a>, Vozol Bar Vape, <a href=\"https:\/\/vapestornado.com\/lv\/product-category\/bang-vape\/\">Bang Vape<\/a><\/strong>, un daudzi citi \u2014 pied\u0101v\u0101jot izcilu kvalit\u0101ti, da\u017e\u0101das gar\u0161u iesp\u0113jas un inovat\u012bvus dizainus. Neatkar\u012bgi no t\u0101, vai j\u016bs esat person\u012bgais lietot\u0101js vai vairumtirdzniec\u012bbas pirc\u0113js, <strong data-start=\"372\" data-end=\"389\">Vapes Tornado<\/strong> nodro\u0161ina augstas veiktsp\u0113jas ier\u012bces, stil\u012bgus dizainus un neapstr\u012bdamas vairumtirdzniec\u012bbas cenas, lai apmierin\u0101tu j\u016bsu vaping vajadz\u012bbas.<\/p>\n<h2 data-start=\"2064\" data-end=\"2115\">BUJ par OKSO 60k 60000 Puffs Uzl\u0101d\u0113jamu Vape<\/h2>\n<h2 data-start=\"3458\" data-end=\"3494\"><\/h2>\n<ol data-start=\"3496\" data-end=\"4856\">\n<li data-start=\"3496\" data-end=\"3764\">\n<p data-start=\"3499\" data-end=\"3764\"><strong data-start=\"3499\" data-end=\"3609\">K\u0101 OKSO 60000 puffs divu gar\u0161u vienreizlietojamais ar 25ml \u00d7 2 kamer\u0101m atbalsta tik lielu p\u016b\u0161u skaitu?<\/strong><br data-start=\"3609\" data-end=\"3612\" \/>Divas atsevi\u0161\u0137as <strong data-start=\"3625\" data-end=\"3642\">25ml kameras<\/strong> nodro\u0161ina <strong data-start=\"3651\" data-end=\"3674\">50ml kop\u0113j\u0101 ietilp\u012bba<\/strong>, kas ir paredz\u0113ta ilgam kalpo\u0161anas laikam un pal\u012bdz ier\u012bcei saglab\u0101t konsekvenci ilgsto\u0161as lieto\u0161anas laik\u0101.<\/p>\n<\/li>\n<li data-start=\"3766\" data-end=\"4000\">\n<p data-start=\"3769\" data-end=\"4000\"><strong data-start=\"3769\" data-end=\"3865\">Vai OKSO 60k Puffs vienreizlietojam\u0101 vape t\u012bkla spir\u0101le pal\u012bdz izvair\u012bties no asi\u0146ainiem piesk\u0101rieniem pie beig\u0101m?<\/strong><br data-start=\"3865\" data-end=\"3868\" \/>T\u012bkla spir\u0101les silda vienm\u0113r\u012bg\u0101k nek\u0101 pamata vadu spir\u0101les, kas pal\u012bdz saglab\u0101t tvaiku glud\u0101ku un gar\u0161u skaidr\u0101ku dzi\u013c\u0101k \u0161\u0137idruma padev\u0113.<\/p>\n<\/li>\n<li data-start=\"4002\" data-end=\"4260\">\n<p data-start=\"4005\" data-end=\"4260\"><strong data-start=\"4005\" data-end=\"4096\">Vai OKSO 60000 puffs uzl\u0101d\u0113jama akumulators ir pietiekami jaud\u012bgs, lai pabeigtu abas gar\u0161u kameras?<\/strong><br data-start=\"4096\" data-end=\"4099\" \/>T\u0101 ir uzl\u0101des m\u0113r\u0137is. To <strong data-start=\"4142\" data-end=\"4160\">650 mAh akumulators<\/strong> var papildin\u0101t p\u0113c vajadz\u012bbas, uzl\u0101d\u0113jot, lai var\u0113tu pabeigt visu 50ml, neapst\u0101joties agr\u0101k.<\/p>\n<\/li>\n<li data-start=\"4262\" data-end=\"4508\">\n<p data-start=\"4265\" data-end=\"4508\"><strong data-start=\"4265\" data-end=\"4356\">Ko LED gudrais displejs pievieno OKSO 60k Puffs divu gar\u0161u vienreizlietojamajam vape?<\/strong><br data-start=\"4356\" data-end=\"4359\" \/>Tas r\u0101da akumulatora un e-\u0161\u0137idruma st\u0101vokli, padarot uzl\u0101di viegl\u0101ku un nov\u0113r\u0161ot negaid\u012btas p\u0101rtrauk\u0161anas\u2014\u012bpa\u0161i noder\u012bgi ce\u013cojumos vai gar\u0101s darba dien\u0101s.<\/p>\n<\/li>\n<li data-start=\"4510\" data-end=\"4856\">\n<p data-start=\"4513\" data-end=\"4856\"><strong data-start=\"4513\" data-end=\"4614\">K\u0101p\u0113c tie\u0161saistes vape veikals nor\u0101da OKSO 60k Puffs, nevis tikai reklam\u0113 l\u0113t\u0101k\u0101s e-cigaret\u0113s?<\/strong><br data-start=\"4614\" data-end=\"4617\" \/>\u201cL\u0113t\u0101k\u0101s e-cigaret\u0113s\u201d bie\u017ei uzvar cenu zi\u0146\u0101, bet zaud\u0113 ilgm\u016b\u017e\u012bb\u0101 un lietot\u0101ju apmierin\u0101t\u012bb\u0101. OKSO 60k Puffs p\u0101rdod ilgsto\u0161u v\u0113rt\u012bbu: augstas ietilp\u012bbas, dubultu gar\u0161u, displeja uzraudz\u012bbu un uzl\u0101d\u0113jamu lieto\u0161anu\u2014\u012bpa\u0161\u012bbas, kas veicina atk\u0101rtotus pirkumus.<\/p>\n<\/li>\n<\/ol>\n<\/div>\n<\/div>\n<\/div>\n<\/div>","protected":false},"excerpt":{"rendered":"<p>OKSO 60K Puff Vape \u2013 Dubultas Gar\u0161as LED Vienreiz\u0113j\u0101s lieto\u0161anas vape Eiropas Tirgum<br \/>\nOKSO 60000 Puffs Multy Gar\u0161as Uzl\u0101d\u0113jams Vape Vairumtirdzniec\u012bba Eiropa<br \/>\nPirkt OKSO 60K Dubultas Gar\u0161as Vienreiz\u0113j\u0101s lieto\u0161anas Vape \u2013 650mAh LED Ekr\u0101na Versija<\/p>\n<p><strong>Pievienojiet Eimijas WhatsApp, lai sa\u0146emtu prec\u012bzu atbildi un atlaidi!<\/strong><\/p>\n<p><img fetchpriority=\"high\" decoding=\"async\" class=\"size-full wp-image-2932\" src=\"https:\/\/vapestornado.com\/wp-content\/uploads\/2024\/12\/Vape-Wholesale.jpg\" alt=\"Veipu Vairumtirdzniec\u012bba\" width=\"229\" height=\"300\" \/><\/p>\n<h3><a href=\"https:\/\/wa.me\/8617776015835\"><span style=\"color: #ff0000;\"><strong>WhatsApp: +86 17776015835<\/strong><\/span><\/a><\/h3>","protected":false},"featured_media":4463,"comment_status":"open","ping_status":"closed","template":"","meta":{"_acf_changed":false,"_uag_custom_page_level_css":"","_lmt_disableupdate":"no","_lmt_disable":"","_monsterinsights_skip_tracking":false,"_monsterinsights_sitenote_active":false,"_monsterinsights_sitenote_note":"","_monsterinsights_sitenote_category":0,"site-sidebar-layout":"default","site-content-layout":"","ast-site-content-layout":"default","site-content-style":"default","site-sidebar-style":"default","ast-global-header-display":"","ast-banner-title-visibility":"","ast-main-header-display":"","ast-hfb-above-header-display":"","ast-hfb-below-header-display":"","ast-hfb-mobile-header-display":"","site-post-title":"","ast-breadcrumbs-content":"","ast-featured-img":"","footer-sml-layout":"","ast-disable-related-posts":"","theme-transparent-header-meta":"default","adv-header-id-meta":"","stick-header-meta":"","header-above-stick-meta":"","header-main-stick-meta":"","header-below-stick-meta":"","astra-migrate-meta-layouts":"set","ast-page-background-enabled":"default","ast-page-background-meta":{"desktop":{"background-color":"","background-image":"","background-repeat":"repeat","background-position":"center center","background-size":"auto","background-attachment":"scroll","background-type":"","background-media":"","overlay-type":"","overlay-color":"","overlay-opacity":"","overlay-gradient":""},"tablet":{"background-color":"","background-image":"","background-repeat":"repeat","background-position":"center center","background-size":"auto","background-attachment":"scroll","background-type":"","background-media":"","overlay-type":"","overlay-color":"","overlay-opacity":"","overlay-gradient":""},"mobile":{"background-color":"","background-image":"","background-repeat":"repeat","background-position":"center center","background-size":"auto","background-attachment":"scroll","background-type":"","background-media":"","overlay-type":"","overlay-color":"","overlay-opacity":"","overlay-gradient":""}},"ast-content-background-meta":{"desktop":{"background-color":"var(--ast-global-color-5)","background-image":"","background-repeat":"repeat","background-position":"center center","background-size":"auto","background-attachment":"scroll","background-type":"","background-media":"","overlay-type":"","overlay-color":"","overlay-opacity":"","overlay-gradient":""},"tablet":{"background-color":"var(--ast-global-color-5)","background-image":"","background-repeat":"repeat","background-position":"center center","background-size":"auto","background-attachment":"scroll","background-type":"","background-media":"","overlay-type":"","overlay-color":"","overlay-opacity":"","overlay-gradient":""},"mobile":{"background-color":"var(--ast-global-color-5)","background-image":"","background-repeat":"repeat","background-position":"center center","background-size":"auto","background-attachment":"scroll","background-type":"","background-media":"","overlay-type":"","overlay-color":"","overlay-opacity":"","overlay-gradient":""}},"_joinchat":[]},"product_brand":[],"product_cat":[343,149,151,157,143,357],"product_tag":[493,403,406,407,390,494,397],"class_list":{"0":"post-4468","1":"product","2":"type-product","3":"status-publish","4":"has-post-thumbnail","6":"product_cat-60000-puff","7":"product_cat-buy-disposable-vapes-in-austria","8":"product_cat-buy-disposable-vapes-in-france","9":"product_cat-buy-disposable-vapes-in-portugal","10":"product_cat-dual-mesh-disposable-vapes","11":"product_cat-flavor-adjustable-vape","12":"product_tag-cheapest-e-cigarettes","13":"product_tag-disposable-vape-box","14":"product_tag-disposable-vape-fast-shipping","15":"product_tag-okso-60k-60000-puff","16":"product_tag-online-vape-shop","17":"product_tag-smok-pods","18":"product_tag-vapor","19":"desktop-align-left","20":"tablet-align-left","21":"mobile-align-left","23":"first","24":"instock","25":"sale","26":"shipping-taxable","27":"purchasable","28":"product-type-simple"},"acf":[],"uagb_featured_image_src":{"full":["https:\/\/vapestornado.com\/wp-content\/uploads\/2025\/10\/OKSO-60k-Puffs-Dual-Flavor-Disposable-Vape-LED-Display.webp",800,800,false],"thumbnail":["https:\/\/vapestornado.com\/wp-content\/uploads\/2025\/10\/OKSO-60k-Puffs-Dual-Flavor-Disposable-Vape-LED-Display-150x150.webp",150,150,true],"medium":["https:\/\/vapestornado.com\/wp-content\/uploads\/2025\/10\/OKSO-60k-Puffs-Dual-Flavor-Disposable-Vape-LED-Display-300x300.webp",300,300,true],"medium_large":["https:\/\/vapestornado.com\/wp-content\/uploads\/2025\/10\/OKSO-60k-Puffs-Dual-Flavor-Disposable-Vape-LED-Display-768x768.webp",768,768,true],"large":["https:\/\/vapestornado.com\/wp-content\/uploads\/2025\/10\/OKSO-60k-Puffs-Dual-Flavor-Disposable-Vape-LED-Display.webp",800,800,false],"1536x1536":["https:\/\/vapestornado.com\/wp-content\/uploads\/2025\/10\/OKSO-60k-Puffs-Dual-Flavor-Disposable-Vape-LED-Display.webp",800,800,false],"2048x2048":["https:\/\/vapestornado.com\/wp-content\/uploads\/2025\/10\/OKSO-60k-Puffs-Dual-Flavor-Disposable-Vape-LED-Display.webp",800,800,false],"trp-custom-language-flag":["https:\/\/vapestornado.com\/wp-content\/uploads\/2025\/10\/OKSO-60k-Puffs-Dual-Flavor-Disposable-Vape-LED-Display-12x12.webp",12,12,true],"woocommerce_thumbnail":["https:\/\/vapestornado.com\/wp-content\/uploads\/2025\/10\/OKSO-60k-Puffs-Dual-Flavor-Disposable-Vape-LED-Display-300x300.webp",300,300,true],"woocommerce_single":["https:\/\/vapestornado.com\/wp-content\/uploads\/2025\/10\/OKSO-60k-Puffs-Dual-Flavor-Disposable-Vape-LED-Display-600x600.webp",600,600,true],"woocommerce_gallery_thumbnail":["https:\/\/vapestornado.com\/wp-content\/uploads\/2025\/10\/OKSO-60k-Puffs-Dual-Flavor-Disposable-Vape-LED-Display-100x100.webp",100,100,true]},"uagb_author_info":{"display_name":"ESAMY","author_link":"https:\/\/vapestornado.com\/lv\/author\/"},"uagb_comment_info":1,"uagb_excerpt":"OKSO 60K Puff Vape \u2013 Dual Flavor LED Disposable vape for EU Market OKSO 60000 Puffs Multy Flavor Rechargeable Vape Wholesale Europe Buy OKSO 60K Dual Flavor Disposable Vape \u2013 650mAh LED Screen Edition Add Amy's whatsapp to get right reply and discount price! WhatsApp: +86 17776015835","_links":{"self":[{"href":"https:\/\/vapestornado.com\/lv\/wp-json\/wp\/v2\/product\/4468","targetHints":{"allow":["GET"]}}],"collection":[{"href":"https:\/\/vapestornado.com\/lv\/wp-json\/wp\/v2\/product"}],"about":[{"href":"https:\/\/vapestornado.com\/lv\/wp-json\/wp\/v2\/types\/product"}],"replies":[{"embeddable":true,"href":"https:\/\/vapestornado.com\/lv\/wp-json\/wp\/v2\/comments?post=4468"}],"wp:featuredmedia":[{"embeddable":true,"href":"https:\/\/vapestornado.com\/lv\/wp-json\/wp\/v2\/media\/4463"}],"wp:attachment":[{"href":"https:\/\/vapestornado.com\/lv\/wp-json\/wp\/v2\/media?parent=4468"}],"wp:term":[{"taxonomy":"product_brand","embeddable":true,"href":"https:\/\/vapestornado.com\/lv\/wp-json\/wp\/v2\/product_brand?post=4468"},{"taxonomy":"product_cat","embeddable":true,"href":"https:\/\/vapestornado.com\/lv\/wp-json\/wp\/v2\/product_cat?post=4468"},{"taxonomy":"product_tag","embeddable":true,"href":"https:\/\/vapestornado.com\/lv\/wp-json\/wp\/v2\/product_tag?post=4468"}],"curies":[{"name":"wp","href":"https:\/\/api.w.org\/{rel}","templated":true}]}}