{"id":4462,"date":"2025-10-28T06:37:23","date_gmt":"2025-10-28T06:37:23","guid":{"rendered":"https:\/\/vapestornado.com\/?post_type=product&#038;p=4462"},"modified":"2025-10-28T07:04:10","modified_gmt":"2025-10-28T07:04:10","slug":"stagbar-nexus-60k-puffs-buy-disposable-vapes-online-wholesale-price","status":"publish","type":"product","link":"https:\/\/vapestornado.com\/lv\/product\/stagbar-nexus-60k-puffs-buy-disposable-vapes-online-wholesale-price\/","title":{"rendered":"STAGBAR NEXUS 60K Puffs P\u0113rkot Vienreiz\u0113j\u0101s lieto\u0161anas Vape Tie\u0161saist\u0113 Vairumtirdzniec\u012bbas Cena"},"content":{"rendered":"<h2 data-pm-slice=\"1 1 []\">STAGBAR NEXUS 60K Puffs P\u0113rkot Vienreiz\u0113j\u0101s lieto\u0161anas Vape Tie\u0161saist\u0113 Vairumtirdzniec\u012bbas Cena<\/h2>\n<p data-start=\"329\" data-end=\"654\"><strong data-start=\"329\" data-end=\"350\">STAGBAR NEXUS 60K<\/strong> ir jauna zvaigzne <strong data-start=\"369\" data-end=\"389\">Vienreiz\u0113j\u0101s lieto\u0161anas iztvaic\u0113t\u0101js<\/strong> rad\u012bts tvaic\u0113t\u0101jiem, kuri pieprasa ilgsto\u0161u veiktsp\u0113ju un modernu dizainu. Ar lielu <strong data-start=\"469\" data-end=\"493\">60000 uzp\u016btienu ietilp\u012bbu<\/strong>, \u0161\u012b ier\u012bce no jauna defin\u0113 v\u0113rt\u012bbu <strong data-start=\"530\" data-end=\"559\">vape vienreizlietojam\u0101 vairumtirdzniec\u012bba<\/strong> tirg\u016b \u2013 pied\u0101v\u0101jot ilgtermi\u0146a lieto\u0161anu, stabilu veiktsp\u0113ju un izcilu gar\u0161as kvalit\u0101ti katr\u0101 vilcien\u0101.<\/p>\n<p data-start=\"656\" data-end=\"1059\">Izstr\u0101d\u0101ts komfortam un \u0113rt\u012bbai, <strong data-start=\"698\" data-end=\"721\">STAGBAR NEXUS 60000<\/strong> ir apr\u012bkots ar <strong data-start=\"733\" data-end=\"751\">dubult\u0101 sieta spole<\/strong> , kas nodro\u0161ina bag\u0101t\u012bgu gar\u0161u un biezu tvaiku, savuk\u0101rt <strong data-start=\"803\" data-end=\"832\">regul\u0113jama gaisa pl\u016bsmas sist\u0113ma<\/strong> \u013cauj piel\u0101got katru uzp\u016btienu no cie\u0161a MTL l\u012bdz atv\u0113rtam DTL. A <strong data-start=\"892\" data-end=\"913\">gudrais LED displejs<\/strong> inform\u0113 par e-\u0161\u0137idruma un akumulatora l\u012bmeni, un <strong data-start=\"973\" data-end=\"1011\">850mAh Type-C uzl\u0101d\u0113jams akumulators<\/strong> nodro\u0161ina nemain\u012bgu jaudu ar \u0101tru uzl\u0101di.<\/p>\n<p data-start=\"1061\" data-end=\"1301\">Stagbar Vapes tagad p\u0101r\u0146em ES tirgu, \u012bpa\u0161i Sp\u0101nijas tirgu, un k\u013c\u016bst par popul\u0101r\u0101kajiem p\u0101rdo\u0161anas mode\u013ciem un popul\u0101r\u0101kajiem z\u012bmoliem tvaic\u0113t\u0101ju vid\u016b. Tvaic\u0113t\u0101jiem un izplat\u012bt\u0101jiem, kuri v\u0113las <strong data-start=\"1100\" data-end=\"1131\">pirkt vienreiz\u0113j\u0101s lieto\u0161anas vapes tie\u0161saist\u0113<\/strong> ar uzticamu kvalit\u0101ti, elegantu stilu un <strong data-start=\"1172\" data-end=\"1189\">\u0101tra pieg\u0101de<\/strong> vis\u0101 Eirop\u0101, <strong data-start=\"1205\" data-end=\"1226\">STAGBAR NEXUS 60K<\/strong> ir ide\u0101ls visaptvero\u0161s risin\u0101jums gan mazumtirdzniec\u012bbas, gan vairumtirdzniec\u012bbas pirc\u0113jiem.<\/p>\n<p data-start=\"1061\" data-end=\"1301\">Tagad STAGBAR NEXUS 60K Puffs vienreiz\u0113j\u0101s lieto\u0161anas vape podi ir pieejami Eiropas noliktav\u0101, tas aiz\u0146em tikai 3-7 darba dienas \u0101trai pieg\u0101dei!<\/p>\n<p><strong><span style=\"color: #ff0000;\">Pievienojiet Eimijas whatsapp, lai sa\u0146emtu pareizu atbildi un iztvaic\u0113t\u0101ja kuponu!<\/span><\/strong><\/p>\n<p><img fetchpriority=\"high\" decoding=\"async\" class=\"size-full wp-image-2932\" src=\"https:\/\/vapestornado.com\/wp-content\/uploads\/2024\/12\/Vape-Wholesale.jpg\" alt=\"Veipu Vairumtirdzniec\u012bba\" width=\"229\" height=\"300\" \/><\/p>\n<h3><a href=\"https:\/\/wa.me\/8617776015835\" target=\"_blank\" rel=\"noopener\"><span style=\"color: #ff0000;\"><strong>WhatsApp: +86 17776015835<\/strong><\/span><\/a><\/h3>\n<p>&nbsp;<\/p>\n<h2><strong>STAGBAR NEXUS 60K Puff Produkta \u012bpa\u0161\u012bbas<\/strong><\/h2>\n<ul>\n<li data-start=\"1329\" data-end=\"1383\">\n<p data-start=\"1331\" data-end=\"1383\"><strong data-start=\"1331\" data-end=\"1353\">L\u012bdz 60 000 pufiem<\/strong> ultra ilgam lieto\u0161anai.<\/p>\n<\/li>\n<li data-start=\"1384\" data-end=\"1452\">\n<p data-start=\"1386\" data-end=\"1452\"><strong data-start=\"1386\" data-end=\"1411\">Dubult\u0101 re\u017e\u0123a spir\u0101le (0.9\u03a9)<\/strong> uzlabotai gar\u0161ai un tvaika bl\u012bvumam.<\/p>\n<\/li>\n<li data-start=\"1453\" data-end=\"1514\">\n<p data-start=\"1455\" data-end=\"1514\"><strong data-start=\"1455\" data-end=\"1481\">50mL E-\u0161\u0137idruma ietilp\u012bba<\/strong> iepild\u012bts ar augstas kvalit\u0101tes mais\u012bjumiem.<\/p>\n<\/li>\n<li data-start=\"1515\" data-end=\"1577\">\n<p data-start=\"1517\" data-end=\"1577\"><strong data-start=\"1517\" data-end=\"1548\">850mAh uzl\u0101d\u0113jams akumulators<\/strong> ar Type-C \u0101tru uzl\u0101di.<\/p>\n<\/li>\n<li data-start=\"1578\" data-end=\"1643\">\n<p data-start=\"1580\" data-end=\"1643\"><strong data-start=\"1580\" data-end=\"1610\">Regul\u0113jama gaisa pl\u016bsmas kontrole<\/strong> person\u012bgai vaping stilam.<\/p>\n<\/li>\n<li data-start=\"1644\" data-end=\"1716\">\n<p data-start=\"1646\" data-end=\"1716\"><strong data-start=\"1646\" data-end=\"1668\">LED displeja ekr\u0101ns<\/strong> r\u0101da jaudu un e-\u0161\u0137idruma l\u012bmeni re\u0101llaik\u0101.<\/p>\n<\/li>\n<li data-start=\"1717\" data-end=\"1777\">\n<p data-start=\"1719\" data-end=\"1777\"><strong data-start=\"1719\" data-end=\"1742\">2% un 5% nikot\u012bna opcijas<\/strong> elast\u012bg\u0101m tirgus pras\u012bb\u0101m.<\/p>\n<\/li>\n<\/ul>\n<figure id=\"attachment_4456\" aria-describedby=\"caption-attachment-4456\" style=\"width: 800px\" class=\"wp-caption alignnone\"><img decoding=\"async\" class=\"wp-image-4456 size-full\" src=\"https:\/\/vapestornado.com\/wp-content\/uploads\/2025\/10\/Stagbar-Nexus-60000-60K-Puffs-Disposable-Vape-Box.webp\" alt=\"Stagbar Nexus 60000 60K Puffs vienreiz\u0113j\u0101s lieto\u0161anas vape kaste\" width=\"800\" height=\"800\" srcset=\"https:\/\/vapestornado.com\/wp-content\/uploads\/2025\/10\/Stagbar-Nexus-60000-60K-Puffs-Disposable-Vape-Box.webp 800w, https:\/\/vapestornado.com\/wp-content\/uploads\/2025\/10\/Stagbar-Nexus-60000-60K-Puffs-Disposable-Vape-Box-300x300.webp 300w, https:\/\/vapestornado.com\/wp-content\/uploads\/2025\/10\/Stagbar-Nexus-60000-60K-Puffs-Disposable-Vape-Box-150x150.webp 150w, https:\/\/vapestornado.com\/wp-content\/uploads\/2025\/10\/Stagbar-Nexus-60000-60K-Puffs-Disposable-Vape-Box-768x768.webp 768w, https:\/\/vapestornado.com\/wp-content\/uploads\/2025\/10\/Stagbar-Nexus-60000-60K-Puffs-Disposable-Vape-Box-12x12.webp 12w, https:\/\/vapestornado.com\/wp-content\/uploads\/2025\/10\/Stagbar-Nexus-60000-60K-Puffs-Disposable-Vape-Box-600x600.webp 600w, https:\/\/vapestornado.com\/wp-content\/uploads\/2025\/10\/Stagbar-Nexus-60000-60K-Puffs-Disposable-Vape-Box-100x100.webp 100w\" sizes=\"(max-width: 800px) 100vw, 800px\" \/><figcaption id=\"caption-attachment-4456\" class=\"wp-caption-text\">Stagbar Nexus 60000 60K Puffs vienreiz\u0113j\u0101s lieto\u0161anas vape kaste<\/figcaption><\/figure>\n<h2 class=\"product-title\"><strong>STAGBAR NEXUS 60K Puff Vape gar\u0161u saraksts<\/strong><\/h2>\n<ol data-start=\"1828\" data-end=\"2025\">\n<li data-start=\"1828\" data-end=\"1847\">\n<p data-start=\"1831\" data-end=\"1847\">Arb\u016bzu ledus<\/p>\n<\/li>\n<li data-start=\"1848\" data-end=\"1876\">\n<p data-start=\"1851\" data-end=\"1876\">Ogu melle\u0146u ledus<\/p>\n<\/li>\n<li data-start=\"1877\" data-end=\"1895\">\n<p data-start=\"1880\" data-end=\"1895\">Jauktas ogas<\/p>\n<\/li>\n<li data-start=\"1896\" data-end=\"1917\">\n<p data-start=\"1899\" data-end=\"1917\">Zeme\u0146u v\u012bnoga<\/p>\n<\/li>\n<li data-start=\"1918\" data-end=\"1938\">\n<p data-start=\"1921\" data-end=\"1938\">Zeme\u0146u kivi<\/p>\n<\/li>\n<li data-start=\"1939\" data-end=\"1951\">\n<p data-start=\"1942\" data-end=\"1951\">M\u012blest\u012bba 66<\/p>\n<\/li>\n<li data-start=\"1952\" data-end=\"1977\">\n<p data-start=\"1955\" data-end=\"1977\">Ave\u0146u arb\u016bzs<\/p>\n<\/li>\n<li data-start=\"1978\" data-end=\"1993\">\n<p data-start=\"1981\" data-end=\"1993\">Citronu Laims<\/p>\n<\/li>\n<li data-start=\"1994\" data-end=\"2010\">\n<p data-start=\"1997\" data-end=\"2010\">Persiku mango<\/p>\n<\/li>\n<li data-start=\"2011\" data-end=\"2025\">\n<p data-start=\"2015\" data-end=\"2025\">Sarkan\u0101 bumba<\/p>\n<\/li>\n<\/ol>\n<div class=\"flex-shrink-0 flex flex-col relative items-end\">\n<div class=\"pt-0\">\n<div class=\"gizmo-bot-avatar flex h-8 w-8 items-center justify-center overflow-hidden rounded-full\">\n<div class=\"relative p-1 rounded-sm flex items-center justify-center bg-token-main-surface-primary text-token-text-primary h-8 w-8\">\n<h2 data-start=\"1200\" data-end=\"1487\">Vapes Tornado \u2013 J\u016bsu vairumtirdzniec\u012bbas tie\u0161saistes vape veikals ar lab\u0101kaj\u0101m vape z\u012bmoliem<\/h2>\n<p data-start=\"1200\" data-end=\"1487\">Vapes Tornado tie\u0161saistes d\u016bmu veikals ir j\u016bsu uzticams galam\u0113r\u0137is <strong data-start=\"66\" data-end=\"94\">premium vienreiz\u0113j\u0101s lieto\u0161anas vape<\/strong> un <strong data-start=\"99\" data-end=\"125\">vairumtirdzniec\u012bbas e-cigaret\u0113s<\/strong> vis\u0101 Eirop\u0101. M\u0113s noliktav\u0101 ir popul\u0101ri vape z\u012bmoli, piem\u0113ram <a href=\"https:\/\/vapestornado.com\/lv\/product\/elf-bar-raya-d3-25000-puffs-best-disposable-vape-wholesale-in-uk\/\">Elf Bar Vape<\/a>, <strong data-start=\"175\" data-end=\"228\"><a href=\"https:\/\/vapestornado.com\/lv\/product\/fumot-randm-tornado-15000-puffs-rechargeable-disposable-vape-wholesale\/\">Fumot Vape<\/a>, <a href=\"https:\/\/vapestornado.com\/lv\/product\/waspe-150k-150000-puff-6-in-1-disposable-vape-pen-cartridge-best-wholesale-price-in-poland\/\">Waspe Vape<\/a>, Vozol Bar Vape, <a href=\"https:\/\/vapestornado.com\/lv\/product-category\/bang-vape\/\">Bang Vape<\/a><\/strong>, un daudzi citi \u2014 pied\u0101v\u0101jot izcilu kvalit\u0101ti, da\u017e\u0101das gar\u0161u iesp\u0113jas un inovat\u012bvus dizainus. Neatkar\u012bgi no t\u0101, vai j\u016bs esat person\u012bgais lietot\u0101js vai vairumtirdzniec\u012bbas pirc\u0113js, <strong data-start=\"372\" data-end=\"389\">Vapes Tornado<\/strong> nodro\u0161ina augstas veiktsp\u0113jas ier\u012bces, stil\u012bgus dizainus un neapstr\u012bdamas vairumtirdzniec\u012bbas cenas, lai apmierin\u0101tu j\u016bsu vaping vajadz\u012bbas.<\/p>\n<h2 data-start=\"2064\" data-end=\"2115\">BUJ par STAGBAR NEXUS 60K Puffs Uzl\u0101d\u0113jamu Vape<\/h2>\n<p data-start=\"2043\" data-end=\"2212\"><strong data-start=\"2043\" data-end=\"2094\">Q1: Cik ilgi kalpo STAGBAR NEXUS 60000?<\/strong><br data-start=\"2094\" data-end=\"2097\" \/>A1: Tas nodro\u0161ina l\u012bdz pat <strong data-start=\"2119\" data-end=\"2135\">60 000 puffs<\/strong>, kas paredz\u0113ts ilgsto\u0161ai lieto\u0161anai \u2014 daudz ilg\u0101k nek\u0101 tradicion\u0101l\u0101s vienreiz\u0113j\u0101s e-cigaretes.<\/p>\n<p data-start=\"2214\" data-end=\"2395\"><strong data-start=\"2214\" data-end=\"2275\">Q2: Vai es varu uzl\u0101d\u0113t STAGBAR NEXUS 60K vienreiz\u0113jo e-cigareti?<\/strong><br data-start=\"2275\" data-end=\"2278\" \/>A2: J\u0101. Tam ir <strong data-start=\"2304\" data-end=\"2342\">850mAh Type-C uzl\u0101d\u0113jams akumulators<\/strong>, nodro\u0161inot nep\u0101rtrauktu tvaic\u0113\u0161anu bez p\u0101rtraukumiem.<\/p>\n<p data-start=\"2397\" data-end=\"2579\"><strong data-start=\"2397\" data-end=\"2456\">Q3: Vai STAGBAR 60K ir regul\u0113jama gaisa pl\u016bsma?<\/strong><br data-start=\"2456\" data-end=\"2459\" \/>A3: Piln\u012bgi noteikti. J\u016bs varat regul\u0113t gaisa pl\u016bsmu, lai sasniegtu v\u0113lamo vilk\u0161anas stilu \u2014 no vienm\u0113r\u012bgiem MTL vilcieniem l\u012bdz liel\u0101kiem m\u0101ko\u0146iem.<\/p>\n<p data-start=\"2581\" data-end=\"2765\"><strong data-start=\"2581\" data-end=\"2644\">Q4: K\u0101 es varu zin\u0101t, kad e-\u0161\u0137idrums e-cigaret\u0113 tuvojas beig\u0101m?<\/strong><br data-start=\"2644\" data-end=\"2647\" \/>A4: <strong data-start=\"2655\" data-end=\"2670\">LED displejs<\/strong> skaidri nor\u0101da abus <strong data-start=\"2694\" data-end=\"2725\">akumulatora un e-\u0161\u0137idruma l\u012bme\u0146iem<\/strong>, t\u0101p\u0113c j\u016bs nekad netiksiet pie\u0137erts nesagatavots.<\/p>\n<p data-start=\"2767\" data-end=\"2979\"><strong data-start=\"2767\" data-end=\"2848\">Q5: Kur es varu ieg\u0101d\u0101ties STAGBAR NEXUS 60000 vienreiz\u0113j\u0101s e-cigaretes vairum\u0101 Eirop\u0101?<\/strong><br data-start=\"2848\" data-end=\"2851\" \/>A5: J\u016bs varat <strong data-start=\"2863\" data-end=\"2894\">pirkt vienreiz\u0113j\u0101s lieto\u0161anas vapes tie\u0161saist\u0113<\/strong> pie uzticamiem Latvij\u0101 b\u0101z\u0113tiem izplat\u012bt\u0101jiem, kas pied\u0101v\u0101 <strong data-start=\"2937\" data-end=\"2976\">\u0101tra pieg\u0101de un vairumtirdzniec\u012bbas cenas<\/strong>.<\/p>\n<\/div>\n<\/div>\n<\/div>\n<\/div>","protected":false},"excerpt":{"rendered":"<p>STAGBAR NEXUS 60K Vienreiz\u0113j\u0101s lieto\u0161anas vape vairumtirdzniec\u012bba \u2013 p\u0113rc tie\u0161saist\u0113 ar \u0101tru pieg\u0101di ES<\/p>\n<p>STAGBAR NEXUS 60000 Uzp\u016btienu Vape \u2013 Uzl\u0101d\u0113jams vienreiz\u0113j\u0101s lieto\u0161anas tvaic\u0113t\u0101js Eiropai<\/p>\n<p>P\u0113rc STAGBAR NEXUS 60K Uzp\u016btienu vienreiz\u0113j\u0101s lieto\u0161anas vape tie\u0161saist\u0113 \u2013 vairumtirdzniec\u012bbas cena un \u0101tra pieg\u0101de<\/p>\n<p><strong>Pievienojiet Eimijas WhatsApp, lai sa\u0146emtu prec\u012bzu atbildi un atlaidi!<\/strong><\/p>\n<p><img fetchpriority=\"high\" decoding=\"async\" class=\"size-full wp-image-2932\" src=\"https:\/\/vapestornado.com\/wp-content\/uploads\/2024\/12\/Vape-Wholesale.jpg\" alt=\"Veipu Vairumtirdzniec\u012bba\" width=\"229\" height=\"300\" \/><\/p>\n<h3><a href=\"https:\/\/wa.me\/8617776015835\"><span style=\"color: #ff0000;\"><strong>WhatsApp: +86 17776015835<\/strong><\/span><\/a><\/h3>","protected":false},"featured_media":4460,"comment_status":"open","ping_status":"closed","template":"","meta":{"_acf_changed":false,"_uag_custom_page_level_css":"","_lmt_disableupdate":"no","_lmt_disable":"","_monsterinsights_skip_tracking":false,"_monsterinsights_sitenote_active":false,"_monsterinsights_sitenote_note":"","_monsterinsights_sitenote_category":0,"site-sidebar-layout":"default","site-content-layout":"","ast-site-content-layout":"default","site-content-style":"default","site-sidebar-style":"default","ast-global-header-display":"","ast-banner-title-visibility":"","ast-main-header-display":"","ast-hfb-above-header-display":"","ast-hfb-below-header-display":"","ast-hfb-mobile-header-display":"","site-post-title":"","ast-breadcrumbs-content":"","ast-featured-img":"","footer-sml-layout":"","ast-disable-related-posts":"","theme-transparent-header-meta":"default","adv-header-id-meta":"","stick-header-meta":"","header-above-stick-meta":"","header-main-stick-meta":"","header-below-stick-meta":"","astra-migrate-meta-layouts":"set","ast-page-background-enabled":"default","ast-page-background-meta":{"desktop":{"background-color":"","background-image":"","background-repeat":"repeat","background-position":"center center","background-size":"auto","background-attachment":"scroll","background-type":"","background-media":"","overlay-type":"","overlay-color":"","overlay-opacity":"","overlay-gradient":""},"tablet":{"background-color":"","background-image":"","background-repeat":"repeat","background-position":"center center","background-size":"auto","background-attachment":"scroll","background-type":"","background-media":"","overlay-type":"","overlay-color":"","overlay-opacity":"","overlay-gradient":""},"mobile":{"background-color":"","background-image":"","background-repeat":"repeat","background-position":"center center","background-size":"auto","background-attachment":"scroll","background-type":"","background-media":"","overlay-type":"","overlay-color":"","overlay-opacity":"","overlay-gradient":""}},"ast-content-background-meta":{"desktop":{"background-color":"var(--ast-global-color-5)","background-image":"","background-repeat":"repeat","background-position":"center center","background-size":"auto","background-attachment":"scroll","background-type":"","background-media":"","overlay-type":"","overlay-color":"","overlay-opacity":"","overlay-gradient":""},"tablet":{"background-color":"var(--ast-global-color-5)","background-image":"","background-repeat":"repeat","background-position":"center center","background-size":"auto","background-attachment":"scroll","background-type":"","background-media":"","overlay-type":"","overlay-color":"","overlay-opacity":"","overlay-gradient":""},"mobile":{"background-color":"var(--ast-global-color-5)","background-image":"","background-repeat":"repeat","background-position":"center center","background-size":"auto","background-attachment":"scroll","background-type":"","background-media":"","overlay-type":"","overlay-color":"","overlay-opacity":"","overlay-gradient":""}},"_joinchat":[]},"product_brand":[],"product_cat":[343,152,156,158,143,357,146],"product_tag":[403,406,390,405,397,404],"class_list":{"0":"post-4462","1":"product","2":"type-product","3":"status-publish","4":"has-post-thumbnail","6":"product_cat-60000-puff","7":"product_cat-buy-disposable-vapes-in-cermany","8":"product_cat-buy-disposable-vapes-in-poland","9":"product_cat-buy-disposable-vapes-in-spain","10":"product_cat-dual-mesh-disposable-vapes","11":"product_cat-flavor-adjustable-vape","12":"product_cat-rechargeable-disposable-vapes","13":"product_tag-disposable-vape-box","14":"product_tag-disposable-vape-fast-shipping","15":"product_tag-online-vape-shop","16":"product_tag-stagbar-nexus-60k","17":"product_tag-vapor","18":"product_tag-wholesale-online-vape-store","19":"desktop-align-left","20":"tablet-align-left","21":"mobile-align-left","23":"first","24":"instock","25":"sale","26":"shipping-taxable","27":"purchasable","28":"product-type-simple"},"acf":[],"uagb_featured_image_src":{"full":["https:\/\/vapestornado.com\/wp-content\/uploads\/2025\/10\/Stagbar-Nexus-60000-60K-Puffs-Disposable-Vape-1.webp",800,800,false],"thumbnail":["https:\/\/vapestornado.com\/wp-content\/uploads\/2025\/10\/Stagbar-Nexus-60000-60K-Puffs-Disposable-Vape-1-150x150.webp",150,150,true],"medium":["https:\/\/vapestornado.com\/wp-content\/uploads\/2025\/10\/Stagbar-Nexus-60000-60K-Puffs-Disposable-Vape-1-300x300.webp",300,300,true],"medium_large":["https:\/\/vapestornado.com\/wp-content\/uploads\/2025\/10\/Stagbar-Nexus-60000-60K-Puffs-Disposable-Vape-1-768x768.webp",768,768,true],"large":["https:\/\/vapestornado.com\/wp-content\/uploads\/2025\/10\/Stagbar-Nexus-60000-60K-Puffs-Disposable-Vape-1.webp",800,800,false],"1536x1536":["https:\/\/vapestornado.com\/wp-content\/uploads\/2025\/10\/Stagbar-Nexus-60000-60K-Puffs-Disposable-Vape-1.webp",800,800,false],"2048x2048":["https:\/\/vapestornado.com\/wp-content\/uploads\/2025\/10\/Stagbar-Nexus-60000-60K-Puffs-Disposable-Vape-1.webp",800,800,false],"trp-custom-language-flag":["https:\/\/vapestornado.com\/wp-content\/uploads\/2025\/10\/Stagbar-Nexus-60000-60K-Puffs-Disposable-Vape-1-12x12.webp",12,12,true],"woocommerce_thumbnail":["https:\/\/vapestornado.com\/wp-content\/uploads\/2025\/10\/Stagbar-Nexus-60000-60K-Puffs-Disposable-Vape-1-300x300.webp",300,300,true],"woocommerce_single":["https:\/\/vapestornado.com\/wp-content\/uploads\/2025\/10\/Stagbar-Nexus-60000-60K-Puffs-Disposable-Vape-1-600x600.webp",600,600,true],"woocommerce_gallery_thumbnail":["https:\/\/vapestornado.com\/wp-content\/uploads\/2025\/10\/Stagbar-Nexus-60000-60K-Puffs-Disposable-Vape-1-100x100.webp",100,100,true]},"uagb_author_info":{"display_name":"ESAMY","author_link":"https:\/\/vapestornado.com\/lv\/author\/"},"uagb_comment_info":1,"uagb_excerpt":"STAGBAR NEXUS 60K Disposable Vape Wholesale \u2013 Buy Online with Fast EU Shipping STAGBAR NEXUS 60000 Puffs Vape \u2013 Rechargeable Disposable Vapor for Europe Buy STAGBAR NEXUS 60K Puffs Disposable Vape Online \u2013 Wholesale Price &amp; Fast Delivery Add Amy's whatsapp to get right reply and discount price! WhatsApp: +86 17776015835","_links":{"self":[{"href":"https:\/\/vapestornado.com\/lv\/wp-json\/wp\/v2\/product\/4462","targetHints":{"allow":["GET"]}}],"collection":[{"href":"https:\/\/vapestornado.com\/lv\/wp-json\/wp\/v2\/product"}],"about":[{"href":"https:\/\/vapestornado.com\/lv\/wp-json\/wp\/v2\/types\/product"}],"replies":[{"embeddable":true,"href":"https:\/\/vapestornado.com\/lv\/wp-json\/wp\/v2\/comments?post=4462"}],"wp:featuredmedia":[{"embeddable":true,"href":"https:\/\/vapestornado.com\/lv\/wp-json\/wp\/v2\/media\/4460"}],"wp:attachment":[{"href":"https:\/\/vapestornado.com\/lv\/wp-json\/wp\/v2\/media?parent=4462"}],"wp:term":[{"taxonomy":"product_brand","embeddable":true,"href":"https:\/\/vapestornado.com\/lv\/wp-json\/wp\/v2\/product_brand?post=4462"},{"taxonomy":"product_cat","embeddable":true,"href":"https:\/\/vapestornado.com\/lv\/wp-json\/wp\/v2\/product_cat?post=4462"},{"taxonomy":"product_tag","embeddable":true,"href":"https:\/\/vapestornado.com\/lv\/wp-json\/wp\/v2\/product_tag?post=4462"}],"curies":[{"name":"wp","href":"https:\/\/api.w.org\/{rel}","templated":true}]}}