{"id":4455,"date":"2025-10-23T09:32:05","date_gmt":"2025-10-23T09:32:05","guid":{"rendered":"https:\/\/vapestornado.com\/?post_type=product&#038;p=4455"},"modified":"2025-12-12T09:43:21","modified_gmt":"2025-12-12T09:43:21","slug":"vopk-btc-35000-puff-35k-disposable-vape-box-visible-oil-cup-wholesale","status":"publish","type":"product","link":"https:\/\/vapestornado.com\/lv\/product\/vopk-btc-35000-puff-35k-disposable-vape-box-visible-oil-cup-wholesale\/","title":{"rendered":"VOPK BTC 35000 Puff 35K Vienreiz\u0113j\u0101s lieto\u0161anas vape kast\u012bte ar redzamu e\u013c\u013cas trauku vairumtirdzniec\u012bba"},"content":{"rendered":"<h2 data-pm-slice=\"1 1 []\">VOPK BTC 35000 Puff vienreizlietojama vape kaste \u2014 Dubult\u0101 vaping re\u017e\u012bma Bitcoin 3D displejs<\/h2>\n<p data-start=\"946\" data-end=\"1145\"><strong data-start=\"97\" data-end=\"120\">VOPK BTC 35000 P\u016b\u0161<\/strong> ir ilgm\u016b\u017e\u012bga vienreizlietojama vape kaste, kas izstr\u0101d\u0101ta lietot\u0101jiem, kuri r\u016bp\u0113jas par div\u0101m liet\u0101m: konsekventu izvadi un skaidru ier\u012bces statusu. T\u0101 nodro\u0161ina <strong data-start=\"254\" data-end=\"289\">l\u012bdz 35 000 p\u012bp\u0113m Norm\u0101lais re\u017e\u012bms<\/strong> (vai <strong data-start=\"294\" data-end=\"325\">apm\u0113ram 25 000 Papildin\u0101tais re\u017e\u012bms<\/strong> stipr\u0101kam efektam), darbojas ar <strong data-start=\"357\" data-end=\"388\">20ml iepriek\u0161pild\u012btu redzamu tvertni<\/strong>, un izmanto <strong data-start=\"399\" data-end=\"423\">0.9\u03a9 dubult\u0101s re\u017e\u0123a spir\u0101les<\/strong> l\u012bdzsvarotai tvaika ra\u017eo\u0161anai un drosm\u012bgai gar\u0161ai. <strong data-start=\"464\" data-end=\"499\">Bitcoin stil\u0101 3D izliektais displejs<\/strong> par\u0101da e-\u0161\u0137idruma un akumulatora l\u012bme\u0146us, un <strong data-start=\"543\" data-end=\"581\">850mAh Type-C uzl\u0101d\u0113jams akumulators<\/strong> saglab\u0101 ier\u012bci darb\u012bb\u0101 l\u012bdz tvertne ir pilna.<\/p>\n<h3 data-start=\"871\" data-end=\"922\">K\u0101p\u0113c izv\u0113l\u0113ties VOPK BTC 35000 Puff n\u0101kamajai visu dienu vape?<\/h3>\n<ul data-start=\"924\" data-end=\"2546\">\n<li data-start=\"924\" data-end=\"1316\">\n<p data-start=\"926\" data-end=\"1316\"><strong data-start=\"926\" data-end=\"977\">Ilgm\u016b\u017e\u012bga veiktsp\u0113ja ar skaidru re\u017e\u012bma izv\u0113li.<\/strong> T\u0101 <strong data-start=\"982\" data-end=\"1005\">VOPK BTC 35000 P\u016b\u0161<\/strong> sniedz divas at\u0161\u0137ir\u012bgas pieredzes: <strong data-start=\"1038\" data-end=\"1071\">Norm\u0101lais re\u017e\u012bms l\u012bdz 35K p\u012bp\u0113m<\/strong> kad v\u0113laties stabilu visu dienu lieto\u0161anu, un <strong data-start=\"1110\" data-end=\"1137\">Papildin\u0101tais re\u017e\u012bms (~25K p\u012bp\u0113m)<\/strong> kad gar\u0161a un sp\u0113ks ir svar\u012bg\u0101ki. Tas ir praktisks risin\u0101jums v\u012brie\u0161iem, kuri izmanto vienu ier\u012bci gan darba dien\u0101s, gan vakara izklaid\u0113s <strong data-start=\"1260\" data-end=\"1315\">V\u0101cij\u0101, Sp\u0101nij\u0101, Polij\u0101, Francij\u0101 un N\u012bderland\u0113<\/strong>.<\/p>\n<\/li>\n<li data-start=\"1318\" data-end=\"1658\">\n<p data-start=\"1320\" data-end=\"1658\"><strong data-start=\"1320\" data-end=\"1390\">Redzams e\u013c\u013cas kr\u016bz\u012btes no\u0146em nezi\u0146u, kas nogalina liel\u0101ko da\u013cu vienreizlietojamo.<\/strong> Caursp\u012bd\u012bgs <strong data-start=\"1405\" data-end=\"1426\">20ml redzama tvertne<\/strong> padara viegli p\u0101rbaud\u012bt, kas palicis, kas ir tie\u0161i tas, ko cilv\u0113ki v\u0113las, sal\u012bdzinot <strong data-start=\"1512\" data-end=\"1543\">L\u0113tas e-cigaretes p\u0101rdo\u0161an\u0101<\/strong> pie <strong data-start=\"1549\" data-end=\"1563\">Vape veikals<\/strong>. J\u016bs redzat \u0161\u0137idruma l\u012bmeni uzreiz, nevis pa\u013caujoties uz \u201ctas gar\u0161o v\u0101ji\u201d k\u0101 vien\u012bgo r\u0101d\u012bt\u0101ju.<\/p>\n<\/li>\n<li data-start=\"1660\" data-end=\"1938\">\n<p data-start=\"1662\" data-end=\"1938\"><strong data-start=\"1662\" data-end=\"1718\">Dubult\u0101s sietu spir\u0101les uztur gar\u0161u stabilu intens\u012bvas lieto\u0161anas laik\u0101.<\/strong> T\u0101 <strong data-start=\"1723\" data-end=\"1747\">0.9\u03a9 dubult\u0101s re\u017e\u0123a spir\u0101les<\/strong> izklied\u0113 siltumu vienm\u0113r\u012bgi, nodro\u0161inot glud\u0101kas ieelpas un l\u0113n\u0101ku gar\u0161as zudumu. Tas ir svar\u012bgi, ja j\u016bs veicat daudz ieelpu\u2014pamata spir\u0101les var s\u0101kt justies raupji pirms tvertne ir pilna.<\/p>\n<\/li>\n<li data-start=\"1940\" data-end=\"2219\">\n<p data-start=\"1942\" data-end=\"2219\"><strong data-start=\"1942\" data-end=\"1995\">Regul\u0113jama gaisa pl\u016bsma \u013cauj piel\u0101got ieelpu j\u016bsu stilam.<\/strong> Aizsien to, lai b\u016btu stingr\u0101ka ieelpa, vai atver to, lai ieg\u016btu liel\u0101kas m\u0101ko\u0146us. \u0160\u012b elast\u012bba pal\u012bdz lietot\u0101jiem, kuri parasti maina starp <strong data-start=\"2124\" data-end=\"2144\">Cigare\u0161u z\u012bmoliem<\/strong> un vaping, atrast ieelpu, kas ir pareiza, bez nepiecie\u0161am\u012bbas p\u0113c sare\u017e\u0123\u012btiem iestat\u012bjumiem.<\/p>\n<\/li>\n<li data-start=\"2221\" data-end=\"2546\">\n<p data-start=\"2223\" data-end=\"2546\"><strong data-start=\"2223\" data-end=\"2269\">Atjaunojama jauda saglab\u0101 v\u0113rt\u012bbu god\u012bgu.<\/strong> T\u0101 <strong data-start=\"2274\" data-end=\"2299\">850mAh Type-C akumulators<\/strong> ir izstr\u0101d\u0101ts, lai to atk\u0101rtoti uzl\u0101d\u0113tu, t\u0101p\u0113c ier\u012bce nebeidz darbu agr\u0101k. Tas ir galvenais at\u0161\u0137ir\u012bbas punkts pret l\u0113taj\u0101m vienreizlietojamaj\u0101m, un iemesls, k\u0101p\u0113c da\u017ei lietot\u0101ji p\u0101riet no \u201cvaper 50k\u201d ieraduma uz ilg\u0101k kalpojo\u0161u, skaidru statusa uzraudz\u012bbu nodro\u0161ino\u0161u kast\u012bti.<\/p>\n<\/li>\n<\/ul>\n<p><strong><span style=\"color: #ff0000;\">Pievienojiet Eimijas whatsapp, lai sa\u0146emtu pareizu atbildi un iztvaic\u0113t\u0101ja kuponu!<\/span><\/strong><\/p>\n<p><img fetchpriority=\"high\" decoding=\"async\" class=\"size-full wp-image-2932\" src=\"https:\/\/vapestornado.com\/wp-content\/uploads\/2024\/12\/Vape-Wholesale.jpg\" alt=\"Veipu Vairumtirdzniec\u012bba\" width=\"229\" height=\"300\" \/><\/p>\n<h3><a href=\"https:\/\/wa.me\/8617776015835\" target=\"_blank\" rel=\"noopener\"><span style=\"color: #ff0000;\"><strong>WhatsApp: +86 17776015835<\/strong><\/span><\/a><\/h3>\n<p>&nbsp;<\/p>\n<h2><strong>VOPK BTC 35000 Puff Produkta \u012bpa\u0161\u012bbas<\/strong><\/h2>\n<table>\n<thead>\n<tr>\n<th>\u012apa\u0161\u012bba<\/th>\n<th>specifik\u0101cija<\/th>\n<th>deta\u013cas<\/th>\n<\/tr>\n<\/thead>\n<tbody>\n<tr>\n<td>Produkts Nosaukums<\/td>\n<td>VOPK BTC 35000 P\u016b\u0161<\/td>\n<td>Vienreizlietojama vape kaste ar redzamu tvertni un 3D ekr\u0101nu<\/td>\n<\/tr>\n<tr>\n<td>Pufiju ietilp\u012bba<\/td>\n<td>L\u012bdz 35 000 (Norm) \/ ~25 000 (Boost)<\/td>\n<td>Norm prioritiz\u0113 ilgm\u016b\u017e\u012bbu; Boost palielina intensit\u0101ti<\/td>\n<\/tr>\n<tr>\n<td>E-\u0161\u0137idruma tvertne<\/td>\n<td>20ml iepriek\u0161pild\u012bta redzama e\u013c\u013cas kr\u016bze<\/td>\n<td>Caursp\u012bd\u012bga tvertne \u013cauj tie\u0161i uzraudz\u012bt \u0161\u0137idrumu<\/td>\n<\/tr>\n<tr>\n<td>Spoles veids<\/td>\n<td>0.9\u03a9 dubult\u0101s re\u017e\u0123a spir\u0101les<\/td>\n<td>Vienm\u0113r\u012bga sild\u012b\u0161ana, lai nodro\u0161in\u0101tu gludu tvaiku un sp\u0113c\u012bgu gar\u0161u<\/td>\n<\/tr>\n<tr>\n<td>Akumulators<\/td>\n<td>850mAh uzl\u0101d\u0113jams<\/td>\n<td>Uzl\u0101d\u0113jama dizains atbalsta pilnu ier\u012bces kalpo\u0161anas laiku<\/td>\n<\/tr>\n<tr>\n<td>Uzl\u0101de<\/td>\n<td>C tipa<\/td>\n<td>\u0100tra, standarta kabelis Eirop\u0101<\/td>\n<\/tr>\n<tr>\n<td>Gaisa pl\u016bsma<\/td>\n<td>Regul\u0113jama gaisa pl\u016bsma<\/td>\n<td>Regul\u0113jiet gaisa pretest\u012bbu un m\u0101ko\u0146u apjomu<\/td>\n<\/tr>\n<tr>\n<td>Displejs<\/td>\n<td>Bitcoin stil\u0101 3D izliekts ekr\u0101ns<\/td>\n<td>Skaidri r\u0101da akumulatora un e-\u0161\u0137idruma l\u012bmeni<\/td>\n<\/tr>\n<tr>\n<td>Aktiviz\u0101cija<\/td>\n<td>Aktiviz\u0113jas ievelkot<\/td>\n<td>Nav pogu\u2014elpojiet, lai iep\u016bstu<\/td>\n<\/tr>\n<tr>\n<td>Nikot\u012bna l\u012bmenis<\/td>\n<td>5%<\/td>\n<td>Sp\u0113c\u012bga nikot\u012bna opcija pieredz\u0113ju\u0161iem lietot\u0101jiem<\/td>\n<\/tr>\n<\/tbody>\n<\/table>\n<h2 class=\"product-title\"><strong>VOPK BTC 35000 P\u012bpju Vape Gar\u0161u Saraksts<\/strong><\/h2>\n<ol data-start=\"1504\" data-end=\"1726\">\n<li data-start=\"1504\" data-end=\"1523\">\n<p data-start=\"1507\" data-end=\"1523\">Arb\u016bzu ledus<\/p>\n<\/li>\n<li data-start=\"1524\" data-end=\"1542\">\n<p data-start=\"1527\" data-end=\"1542\">Zils ave\u0146u ledus<\/p>\n<\/li>\n<li data-start=\"1543\" data-end=\"1564\">\n<p data-start=\"1546\" data-end=\"1564\">Avenes spr\u0101dziens<\/p>\n<\/li>\n<li data-start=\"1565\" data-end=\"1583\">\n<p data-start=\"1568\" data-end=\"1583\">D\u017eord\u017eijas persiks<\/p>\n<\/li>\n<li data-start=\"1584\" data-end=\"1601\">\n<p data-start=\"1587\" data-end=\"1601\">Kv\u0113sa kivi<\/p>\n<\/li>\n<li data-start=\"1602\" data-end=\"1632\">\n<p data-start=\"1605\" data-end=\"1632\">Sarkanais apels\u012bns ar dz\u0113rven\u0113m un laimu, ledus<\/p>\n<\/li>\n<li data-start=\"1633\" data-end=\"1647\">\n<p data-start=\"1636\" data-end=\"1647\">V\u0113ss Piparm\u0113tra<\/p>\n<\/li>\n<li data-start=\"1648\" data-end=\"1673\">\n<p data-start=\"1651\" data-end=\"1673\">Sk\u0101b\u0101 mango anan\u0101s<\/p>\n<\/li>\n<li data-start=\"1674\" data-end=\"1700\">\n<p data-start=\"1677\" data-end=\"1700\">Baltais persiks ar ave\u0146u<\/p>\n<\/li>\n<li data-start=\"1701\" data-end=\"1726\">\n<p data-start=\"1705\" data-end=\"1726\">Ban\u0101nu taffy sald\u0113jums<\/p>\n<\/li>\n<\/ol>\n<figure id=\"attachment_4451\" aria-describedby=\"caption-attachment-4451\" style=\"width: 800px\" class=\"wp-caption alignnone\"><img decoding=\"async\" class=\"wp-image-4451 size-full\" src=\"https:\/\/vapestornado.com\/wp-content\/uploads\/2025\/10\/VOPK-BTC-35K-35000-Puff-Disposable-Vape-Popular-Flavor.webp\" alt=\"VOPK BTC 35K 35000 P\u012bpju Vienreiz\u0113j\u0101s lieto\u0161anas Vape Popul\u0101ra Gar\u0161a\" width=\"800\" height=\"748\" srcset=\"https:\/\/vapestornado.com\/wp-content\/uploads\/2025\/10\/VOPK-BTC-35K-35000-Puff-Disposable-Vape-Popular-Flavor.webp 800w, https:\/\/vapestornado.com\/wp-content\/uploads\/2025\/10\/VOPK-BTC-35K-35000-Puff-Disposable-Vape-Popular-Flavor-300x281.webp 300w, https:\/\/vapestornado.com\/wp-content\/uploads\/2025\/10\/VOPK-BTC-35K-35000-Puff-Disposable-Vape-Popular-Flavor-768x718.webp 768w, https:\/\/vapestornado.com\/wp-content\/uploads\/2025\/10\/VOPK-BTC-35K-35000-Puff-Disposable-Vape-Popular-Flavor-13x12.webp 13w, https:\/\/vapestornado.com\/wp-content\/uploads\/2025\/10\/VOPK-BTC-35K-35000-Puff-Disposable-Vape-Popular-Flavor-600x561.webp 600w\" sizes=\"(max-width: 800px) 100vw, 800px\" \/><figcaption id=\"caption-attachment-4451\" class=\"wp-caption-text\">VOPK BTC 35K 35000 P\u012bpju Vienreiz\u0113j\u0101s lieto\u0161anas Vape Popul\u0101ra Gar\u0161a<\/figcaption><\/figure>\n<div class=\"flex-shrink-0 flex flex-col relative items-end\">\n<div class=\"pt-0\">\n<div class=\"gizmo-bot-avatar flex h-8 w-8 items-center justify-center overflow-hidden rounded-full\">\n<div class=\"relative p-1 rounded-sm flex items-center justify-center bg-token-main-surface-primary text-token-text-primary h-8 w-8\">\n<h2 data-start=\"1200\" data-end=\"1487\">Vapes Tornado \u2013 J\u016bsu vairumtirdzniec\u012bbas tie\u0161saistes vape veikals ar lab\u0101kaj\u0101m vape z\u012bmoliem<\/h2>\n<p data-start=\"1200\" data-end=\"1487\"><strong data-start=\"141\" data-end=\"177\">Vapes Tornado Tie\u0161saistes D\u016bmu Veikals<\/strong> ir j\u016bsu uzticams avots <strong data-start=\"205\" data-end=\"270\">premium vienreizlietojamie vape un vairumtirdzniec\u012bbas e-cigaretes Eirop\u0101<\/strong>. M\u0113s pied\u0101v\u0101jam popul\u0101r\u0101k\u0101s z\u012bmolus, piem\u0113ram <strong data-start=\"307\" data-end=\"362\"><a href=\"https:\/\/vapestornado.com\/lv\/product\/randm-12000-puffs-fumot-digital-disposable-vape-wholesale-price\/\">Fumot VAPE<\/a>, <a href=\"https:\/\/vapestornado.com\/lv\/product\/waspe-150k-150000-puff-6-in-1-disposable-vape-pen-cartridge-best-wholesale-price-in-poland\/\">WASPE VAPE<\/a>, <\/strong><strong data-start=\"307\" data-end=\"362\"><a href=\"https:\/\/vapestornado.com\/lv\/product\/vozol-gear-shisha-25k-25000-puffs-best-dtl-disposable-vape-hookah-cheap-price\/\">VOZOL BAR VAPE<\/a>, \u00a0 Bang Vape<\/strong>, un vair\u0101k, nodro\u0161inot kvalit\u0101ti un da\u017e\u0101d\u012bbu katram klientam. Neatkar\u012bgi no t\u0101, vai j\u016bs esat individu\u0101ls vapers vai vairumtirdzniec\u012bbas pirc\u0113js, m\u0113s pieg\u0101d\u0101jam <strong data-start=\"481\" data-end=\"550\">augstas veiktsp\u0113jas ier\u012bces, stil\u012bgus dizainus un konkur\u0113tsp\u0113j\u012bgas cenas<\/strong> lai apmierin\u0101tu j\u016bsu vajadz\u012bbas.<\/p>\n<h2 data-start=\"2064\" data-end=\"2115\">Bie\u017e\u0101k Uzdotie Jaut\u0101jumi par VOPK BTC 35000 P\u012bpju Vape<\/h2>\n<ol data-start=\"3516\" data-end=\"4878\">\n<li data-start=\"3516\" data-end=\"3792\">\n<p data-start=\"3519\" data-end=\"3792\"><strong data-start=\"3519\" data-end=\"3623\">K\u0101 Norm re\u017e\u012bms pret Boost re\u017e\u012bmu maina saj\u016btu VOPK BTC 35000 Puffs 35K vienreiz\u0113j\u0101s vape kast\u0113?<\/strong><br data-start=\"3623\" data-end=\"3626\" \/>Norm re\u017e\u012bms koncentr\u0113jas uz ilgm\u016b\u017e\u012bbu un stabil\u0101ku ieelpu l\u012bdz 35K puffs, kam\u0113r Boost re\u017e\u012bms palielina intensit\u0101ti, nodro\u0161inot stipr\u0101ku sitienu un bag\u0101t\u012bg\u0101ku gar\u0161u ar maz\u0101k puffs.<\/p>\n<\/li>\n<li data-start=\"3794\" data-end=\"4067\">\n<p data-start=\"3797\" data-end=\"4067\"><strong data-start=\"3797\" data-end=\"3906\">K\u0101p\u0113c redzam\u0101 e\u013c\u013cas kr\u016bze uz VOPK BTC 35000 Puffs ir svar\u012bga sal\u012bdzin\u0101jum\u0101 ar l\u0113t\u0101m e-cigaret\u0113m?<\/strong><br data-start=\"3906\" data-end=\"3909\" \/>Jo j\u016bs paties\u012bb\u0101 redzat, cik daudz \u0161\u0137idruma palicis. Tas samazina min\u0113jumus un pal\u012bdz nov\u0113rst \u201cnep\u0101rprotami tuk\u0161u\u201d pieredzi, kas ir bie\u017ei l\u0113t\u0101kos herm\u0113tiskos ier\u012bc\u0113s.<\/p>\n<\/li>\n<li data-start=\"4069\" data-end=\"4286\">\n<p data-start=\"4072\" data-end=\"4286\"><strong data-start=\"4072\" data-end=\"4162\">Vai 0.9\u03a9 dubult\u0101s re\u017e\u0123a spir\u0101les uz VOPK BTC 35K uzlabo gar\u0161as konsekvenci laika gait\u0101?<\/strong><br data-start=\"4162\" data-end=\"4165\" \/>J\u0101. Dubult\u0101s re\u017e\u0123a spir\u0101les sadala siltumu vienm\u0113r\u012bg\u0101k, kas padara tvaiku glud\u0101ku un gar\u0161u stabil\u0101ku dzi\u013ci tvertn\u0113.<\/p>\n<\/li>\n<li data-start=\"4288\" data-end=\"4575\">\n<p data-start=\"4291\" data-end=\"4575\"><strong data-start=\"4291\" data-end=\"4387\">Vai regul\u0113jama gaisa pl\u016bsma ir noder\u012bga lietot\u0101jiem, kas p\u0101riet no cigare\u0161u z\u012bmoliem uz vape kast\u012btes ier\u012bci?<\/strong><br data-start=\"4387\" data-end=\"4390\" \/>Tas \u013coti pal\u012bdz. Regul\u0113jama gaisa pl\u016bsma \u013cauj cie\u0161\u0101k saspiest ieelpu vai atv\u0113rt to liel\u0101k\u0101m m\u0101ko\u0146iem, t\u0101d\u0113j\u0101di ier\u012bce var piel\u0101goties da\u017e\u0101d\u0101m ieradumiem bez sare\u017e\u0123\u012btas iestat\u012b\u0161anas.<\/p>\n<\/li>\n<li data-start=\"4577\" data-end=\"4878\">\n<p data-start=\"4580\" data-end=\"4878\"><strong data-start=\"4580\" data-end=\"4681\">Kas padara VOPK BTC 35000 Puff par stipr\u0101ku izv\u0113li Vape veikal\u0101 nek\u0101 pamata vienreizlietojam\u0101s joslas?<\/strong><br data-start=\"4681\" data-end=\"4684\" \/>Tas apvieno ilgu p\u016b\u0161anas jaudu, uzl\u0101d\u0113jam\u012bbu, redzamu tvertni un re\u0101llaika ekr\u0101na inform\u0101ciju\u2014\u012bpa\u0161\u012bbas, kas samazina atgrie\u0161anas un uzlabo lietot\u0101ja apmierin\u0101t\u012bbu sal\u012bdzin\u0101jum\u0101 ar standarta zemas cenas vienreizlietojamajiem.<\/p>\n<\/li>\n<\/ol>\n<\/div>\n<\/div>\n<\/div>\n<\/div>","protected":false},"excerpt":{"rendered":"<p data-start=\"3023\" data-end=\"3092\">VOPK BTC 35000 Puff vienreizlietojama vape kaste ar redzamu 20ml e\u013c\u013cas kr\u016bzi, Bitcoin 3D izliekts displejs, 0.9\u03a9 dubult\u0101 re\u017e\u0123a spir\u0101les, regul\u0113jama gaisa pl\u016bsma un 850mAh Type-C uzl\u0101d\u0113jama akumulators. L\u012bdz 35 000 p\u012bp\u0113m (Norm\u0101lais re\u017e\u012bms) vai ~25 000 (Papildin\u0101tais re\u017e\u012bms) ar 5% nikot\u012bnu\u2014izstr\u0101d\u0101ts vape veikalu p\u0101rdo\u0161anai un ilgam, kontrol\u0113tam lieto\u0161anai.<\/p>\n<p><strong>Pievienojiet Eimijas WhatsApp, lai sa\u0146emtu prec\u012bzu atbildi un atlaidi!<\/strong><\/p>\n<p><img fetchpriority=\"high\" decoding=\"async\" class=\"size-full wp-image-2932\" src=\"https:\/\/vapestornado.com\/wp-content\/uploads\/2024\/12\/Vape-Wholesale.jpg\" alt=\"Veipu Vairumtirdzniec\u012bba\" width=\"229\" height=\"300\" \/><\/p>\n<h3><a href=\"https:\/\/wa.me\/8617776015835\"><span style=\"color: #ff0000;\"><strong>WhatsApp: +86 17776015835<\/strong><\/span><\/a><\/h3>","protected":false},"featured_media":4454,"comment_status":"open","ping_status":"closed","template":"","meta":{"_acf_changed":false,"_uag_custom_page_level_css":"","_lmt_disableupdate":"no","_lmt_disable":"","_monsterinsights_skip_tracking":false,"_monsterinsights_sitenote_active":false,"_monsterinsights_sitenote_note":"","_monsterinsights_sitenote_category":0,"site-sidebar-layout":"default","site-content-layout":"","ast-site-content-layout":"default","site-content-style":"default","site-sidebar-style":"default","ast-global-header-display":"","ast-banner-title-visibility":"","ast-main-header-display":"","ast-hfb-above-header-display":"","ast-hfb-below-header-display":"","ast-hfb-mobile-header-display":"","site-post-title":"","ast-breadcrumbs-content":"","ast-featured-img":"","footer-sml-layout":"","ast-disable-related-posts":"","theme-transparent-header-meta":"default","adv-header-id-meta":"","stick-header-meta":"","header-above-stick-meta":"","header-main-stick-meta":"","header-below-stick-meta":"","astra-migrate-meta-layouts":"set","ast-page-background-enabled":"default","ast-page-background-meta":{"desktop":{"background-color":"","background-image":"","background-repeat":"repeat","background-position":"center center","background-size":"auto","background-attachment":"scroll","background-type":"","background-media":"","overlay-type":"","overlay-color":"","overlay-opacity":"","overlay-gradient":""},"tablet":{"background-color":"","background-image":"","background-repeat":"repeat","background-position":"center center","background-size":"auto","background-attachment":"scroll","background-type":"","background-media":"","overlay-type":"","overlay-color":"","overlay-opacity":"","overlay-gradient":""},"mobile":{"background-color":"","background-image":"","background-repeat":"repeat","background-position":"center center","background-size":"auto","background-attachment":"scroll","background-type":"","background-media":"","overlay-type":"","overlay-color":"","overlay-opacity":"","overlay-gradient":""}},"ast-content-background-meta":{"desktop":{"background-color":"var(--ast-global-color-5)","background-image":"","background-repeat":"repeat","background-position":"center center","background-size":"auto","background-attachment":"scroll","background-type":"","background-media":"","overlay-type":"","overlay-color":"","overlay-opacity":"","overlay-gradient":""},"tablet":{"background-color":"var(--ast-global-color-5)","background-image":"","background-repeat":"repeat","background-position":"center center","background-size":"auto","background-attachment":"scroll","background-type":"","background-media":"","overlay-type":"","overlay-color":"","overlay-opacity":"","overlay-gradient":""},"mobile":{"background-color":"var(--ast-global-color-5)","background-image":"","background-repeat":"repeat","background-position":"center center","background-size":"auto","background-attachment":"scroll","background-type":"","background-media":"","overlay-type":"","overlay-color":"","overlay-opacity":"","overlay-gradient":""}},"_joinchat":[]},"product_brand":[],"product_cat":[175,152,156,142,357,146,290],"product_tag":[403,390,397,402,404],"class_list":{"0":"post-4455","1":"product","2":"type-product","3":"status-publish","4":"has-post-thumbnail","6":"product_cat-35000-puff","7":"product_cat-buy-disposable-vapes-in-cermany","8":"product_cat-buy-disposable-vapes-in-poland","9":"product_cat-digital-box-disposable-vapes","10":"product_cat-flavor-adjustable-vape","11":"product_cat-rechargeable-disposable-vapes","12":"product_cat-vopk-vape","13":"product_tag-disposable-vape-box","14":"product_tag-online-vape-shop","15":"product_tag-vapor","16":"product_tag-vopk-btc-35000","17":"product_tag-wholesale-online-vape-store","18":"desktop-align-left","19":"tablet-align-left","20":"mobile-align-left","22":"first","23":"instock","24":"sale","25":"shipping-taxable","26":"purchasable","27":"product-type-simple"},"acf":[],"uagb_featured_image_src":{"full":["https:\/\/vapestornado.com\/wp-content\/uploads\/2025\/10\/VOPK-BTC-35K-35000-Puff-Disposable-Vape.webp",800,800,false],"thumbnail":["https:\/\/vapestornado.com\/wp-content\/uploads\/2025\/10\/VOPK-BTC-35K-35000-Puff-Disposable-Vape-150x150.webp",150,150,true],"medium":["https:\/\/vapestornado.com\/wp-content\/uploads\/2025\/10\/VOPK-BTC-35K-35000-Puff-Disposable-Vape-300x300.webp",300,300,true],"medium_large":["https:\/\/vapestornado.com\/wp-content\/uploads\/2025\/10\/VOPK-BTC-35K-35000-Puff-Disposable-Vape-768x768.webp",768,768,true],"large":["https:\/\/vapestornado.com\/wp-content\/uploads\/2025\/10\/VOPK-BTC-35K-35000-Puff-Disposable-Vape.webp",800,800,false],"1536x1536":["https:\/\/vapestornado.com\/wp-content\/uploads\/2025\/10\/VOPK-BTC-35K-35000-Puff-Disposable-Vape.webp",800,800,false],"2048x2048":["https:\/\/vapestornado.com\/wp-content\/uploads\/2025\/10\/VOPK-BTC-35K-35000-Puff-Disposable-Vape.webp",800,800,false],"trp-custom-language-flag":["https:\/\/vapestornado.com\/wp-content\/uploads\/2025\/10\/VOPK-BTC-35K-35000-Puff-Disposable-Vape-12x12.webp",12,12,true],"woocommerce_thumbnail":["https:\/\/vapestornado.com\/wp-content\/uploads\/2025\/10\/VOPK-BTC-35K-35000-Puff-Disposable-Vape-300x300.webp",300,300,true],"woocommerce_single":["https:\/\/vapestornado.com\/wp-content\/uploads\/2025\/10\/VOPK-BTC-35K-35000-Puff-Disposable-Vape-600x600.webp",600,600,true],"woocommerce_gallery_thumbnail":["https:\/\/vapestornado.com\/wp-content\/uploads\/2025\/10\/VOPK-BTC-35K-35000-Puff-Disposable-Vape-100x100.webp",100,100,true]},"uagb_author_info":{"display_name":"ESAMY","author_link":"https:\/\/vapestornado.com\/lv\/author\/"},"uagb_comment_info":0,"uagb_excerpt":"VOPK BTC 35000 Puff disposable vape box with visible 20ml oil cup, Bitcoin 3D curved display, 0.9\u03a9 dual mesh coils, adjustable airflow and 850mAh Type-C rechargeable battery. Up to 35K puffs (Norm) or ~25K (Boost) with 5% nicotine\u2014built for vape store sales and long, controlled use. Add Amy's whatsapp to get right reply and discount&hellip;","_links":{"self":[{"href":"https:\/\/vapestornado.com\/lv\/wp-json\/wp\/v2\/product\/4455","targetHints":{"allow":["GET"]}}],"collection":[{"href":"https:\/\/vapestornado.com\/lv\/wp-json\/wp\/v2\/product"}],"about":[{"href":"https:\/\/vapestornado.com\/lv\/wp-json\/wp\/v2\/types\/product"}],"replies":[{"embeddable":true,"href":"https:\/\/vapestornado.com\/lv\/wp-json\/wp\/v2\/comments?post=4455"}],"wp:featuredmedia":[{"embeddable":true,"href":"https:\/\/vapestornado.com\/lv\/wp-json\/wp\/v2\/media\/4454"}],"wp:attachment":[{"href":"https:\/\/vapestornado.com\/lv\/wp-json\/wp\/v2\/media?parent=4455"}],"wp:term":[{"taxonomy":"product_brand","embeddable":true,"href":"https:\/\/vapestornado.com\/lv\/wp-json\/wp\/v2\/product_brand?post=4455"},{"taxonomy":"product_cat","embeddable":true,"href":"https:\/\/vapestornado.com\/lv\/wp-json\/wp\/v2\/product_cat?post=4455"},{"taxonomy":"product_tag","embeddable":true,"href":"https:\/\/vapestornado.com\/lv\/wp-json\/wp\/v2\/product_tag?post=4455"}],"curies":[{"name":"wp","href":"https:\/\/api.w.org\/{rel}","templated":true}]}}