{"id":4446,"date":"2025-10-22T08:01:53","date_gmt":"2025-10-22T08:01:53","guid":{"rendered":"https:\/\/vapestornado.com\/?post_type=product&#038;p=4446"},"modified":"2025-12-12T09:47:39","modified_gmt":"2025-12-12T09:47:39","slug":"stagbar-king-40000-40k-puff-rechargeable-disposable-vape-shop-online","status":"publish","type":"product","link":"https:\/\/vapestornado.com\/lv\/product\/stagbar-king-40000-40k-puff-rechargeable-disposable-vape-shop-online\/","title":{"rendered":"Stagbar King 40000 40K P\u016b\u013cu Uzl\u0101d\u0113jams Vienreizlietojams Vape Veikals Tie\u0161saist\u0113"},"content":{"rendered":"<h2 data-pm-slice=\"1 1 []\">Stagbar King 40000 Puff Uzl\u0101d\u0113jams Vienreiz\u0113j\u0101s Lieto\u0161anas Vape \u2013 Izveidots Ilgsto\u0161ai Jaudai un \u0100trai Pieg\u0101dei no ES Noliktavas<\/h2>\n<p data-start=\"1208\" data-end=\"1450\"><strong data-start=\"119\" data-end=\"141\">Stagbar King 40000<\/strong> ir izstr\u0101d\u0101ts ilgsto\u0161ai ikdienas lieto\u0161anai ar ieelpu, kuru faktiski vari noregul\u0113t. Tas nodro\u0161ina <strong data-start=\"217\" data-end=\"239\">l\u012bdz 40 000 p\u016b\u013cu<\/strong>, darbojas ar <strong data-start=\"248\" data-end=\"266\">1,0 \u03a9 sieta spole<\/strong> lai nodro\u0161in\u0101tu gludu gar\u0161u un stabilu tvaiku, un pievieno <strong data-start=\"314\" data-end=\"336\">regul\u0113jamu gaisa pl\u016bsmu<\/strong> lai tas pats ier\u012bces var\u0113tu justies stingri k\u0101 MTL vai va\u013c\u012bgi un gais\u012bgi liel\u0101kiem m\u0101ko\u0146iem. <strong data-start=\"416\" data-end=\"435\">C tipa uzl\u0101de<\/strong> samazina d\u012bkst\u0101ves laiku, kas ir at\u0161\u0137ir\u012bba starp ier\u012bces pabeig\u0161anu un t\u0101s agr\u012bnu izme\u0161anu. Pirc\u0113jiem, kas sal\u012bdzina <strong data-start=\"560\" data-end=\"586\">vaper uzpildes cenu<\/strong> vis\u0101 Eirop\u0101, Stagbar King 40K atrodas v\u0113rt\u012bbas zon\u0101, nejusties l\u0113ti rok\u0101.<\/p>\n<h3 data-start=\"905\" data-end=\"956\">K\u0101p\u0113c Stagbar King 40k vienreizlietojam\u0101 ir gudr\u0101ka ilgtermi\u0146a izv\u0113le?<\/h3>\n<ul data-start=\"958\" data-end=\"2345\">\n<li data-start=\"958\" data-end=\"1255\">\n<p data-start=\"960\" data-end=\"1255\"><strong data-start=\"960\" data-end=\"1010\">40K kalpo\u0161anas laiks, kas ir sapr\u0101t\u012bgs regul\u0101rai lieto\u0161anai.<\/strong> T\u0101 <strong data-start=\"1015\" data-end=\"1037\">Stagbar King 40000<\/strong> ir paredz\u0113ts smagai rut\u012bnai un ilg\u0101m ned\u0113\u013c\u0101m. T\u0101d\u0101s tirgos k\u0101 <strong data-start=\"1101\" data-end=\"1156\">V\u0101cij\u0101, Sp\u0101nij\u0101, Polij\u0101, Francij\u0101 un N\u012bderland\u0113<\/strong>, \u0161\u0101da augstas kapacit\u0101tes vien\u012bba samazina atk\u0101rtotu pirkumu un nov\u0113r\u0161 probl\u0113mu ar \u201cvienm\u0113r izsalku\u0161o vape\u201d.<\/p>\n<\/li>\n<li data-start=\"1257\" data-end=\"1554\">\n<p data-start=\"1259\" data-end=\"1554\"><strong data-start=\"1259\" data-end=\"1316\">Regul\u0113jama gaisa pl\u016bsma, kas maina ier\u012bces saj\u016btu.<\/strong> T\u0101 <strong data-start=\"1321\" data-end=\"1371\">Stagbar King 40K regul\u0113jama gaisa pl\u016bsma vienreizlietojams<\/strong> var darboties stingri k\u0101 cigaretes stila ieelpa vai va\u013c\u012bg\u0101k un ar liel\u0101kiem m\u0101ko\u0146iem. T\u0101 ir praktiska funkcija, nevis triks\u2014viena ier\u012bce sedz da\u017e\u0101das situ\u0101cijas dienas laik\u0101.<\/p>\n<\/li>\n<li data-start=\"1556\" data-end=\"1776\">\n<p data-start=\"1558\" data-end=\"1776\"><strong data-start=\"1558\" data-end=\"1597\">T\u012bkli\u0146a spir\u0101les sniegums paliek gluds.<\/strong> T\u0101 <strong data-start=\"1602\" data-end=\"1620\">1,0 \u03a9 sieta spole<\/strong> ir izstr\u0101d\u0101ts vienm\u0113r\u012bgai sild\u012b\u0161anai, kas pal\u012bdz uztur\u0113t gar\u0161u konsekventu ilgsto\u0161as lieto\u0161anas laik\u0101 un nov\u0113r\u0161 asu, sausu gala gar\u0161u, ko att\u012bsta daudzas augsta ieelpu ier\u012bces.<\/p>\n<\/li>\n<li data-start=\"1778\" data-end=\"2075\">\n<p data-start=\"1780\" data-end=\"2075\"><strong data-start=\"1780\" data-end=\"1829\">Uzl\u0101d\u0113jama \u0113rt\u012bba, kas aizsarg\u0101 v\u0113rt\u012bbu.<\/strong> Ar <strong data-start=\"1835\" data-end=\"1854\">C tipa uzl\u0101de<\/strong>, tad <strong data-start=\"1860\" data-end=\"1906\">Stagbar King 40000 uzl\u0101d\u0113jams vienreizlietojams<\/strong> var \u0101tri papildin\u0101t. Tas ir svar\u012bgi, ja piev\u0113r\u0161at uzman\u012bbu <strong data-start=\"1978\" data-end=\"2004\">vaper uzpildes cenu<\/strong>\u2014ier\u012bcei j\u0101iztur l\u012bdz br\u012bdim, kad t\u0101 ir izsm\u0113lusi, nevis l\u012bdz br\u012bdim, kad akumulators beidzas.<\/p>\n<\/li>\n<li data-start=\"2077\" data-end=\"2345\">\n<p data-start=\"2079\" data-end=\"2345\"><strong data-start=\"2079\" data-end=\"2126\">T\u012bra alternat\u012bva nep\u0101rtrauktajiem podu sist\u0113mu risin\u0101jumiem.<\/strong> Da\u017ei lietot\u0101ji dod priek\u0161roku <strong data-start=\"2145\" data-end=\"2161\">Stagbar podiem<\/strong> vai cit\u0101m pod platform\u0101m uzl\u0101des \u0113rt\u012bbai, bet nev\u0113las p\u0101rvald\u012bt uzpildes un deta\u013cu apkopi. Stagbar King 40K saglab\u0101 vienk\u0101r\u0161o \u201catv\u0113rt un d\u016bmot\u201d darba pl\u016bsmu, vienlaikus b\u016bdams uzl\u0101d\u0113jams.<\/p>\n<\/li>\n<\/ul>\n<p><strong><span style=\"color: #ff0000;\">Pievienojiet Eimijas whatsapp, lai sa\u0146emtu pareizu atbildi un iztvaic\u0113t\u0101ja kuponu!<\/span><\/strong><\/p>\n<p><img fetchpriority=\"high\" decoding=\"async\" class=\"size-full wp-image-2932\" src=\"https:\/\/vapestornado.com\/wp-content\/uploads\/2024\/12\/Vape-Wholesale.jpg\" alt=\"Veipu Vairumtirdzniec\u012bba\" width=\"229\" height=\"300\" \/><\/p>\n<h3><a href=\"https:\/\/wa.me\/8617776015835\" target=\"_blank\" rel=\"noopener\"><span style=\"color: #ff0000;\"><strong>WhatsApp: +86 17776015835<\/strong><\/span><\/a><\/h3>\n<p>&nbsp;<\/p>\n<h2><strong>Stagbar King 40000 Puff Produkta \u012apa\u0161\u012bbas<\/strong><\/h2>\n<table>\n<thead>\n<tr>\n<th>\u012apa\u0161\u012bba<\/th>\n<th>specifik\u0101cija<\/th>\n<th>deta\u013cas<\/th>\n<\/tr>\n<\/thead>\n<tbody>\n<tr>\n<td>Produkts Nosaukums<\/td>\n<td>Stagbar King 40000 \/ Stagbar King 40K<\/td>\n<td>Augstas kapacit\u0101tes uzl\u0101d\u0113jams vienreiz\u0113js vape<\/td>\n<\/tr>\n<tr>\n<td>Pufiju ietilp\u012bba<\/td>\n<td>L\u012bdz 40 000 p\u012bp\u0113m<\/td>\n<td>Izstr\u0101d\u0101ts ilgsto\u0161ai ikdienas lieto\u0161anai un maz\u0101k\u0101m nomai\u0146\u0101m<\/td>\n<\/tr>\n<tr>\n<td>Spoles veids<\/td>\n<td>1,0 \u03a9 sieta spole<\/td>\n<td>Vienm\u0113r\u012bga sild\u012b\u0161ana gludai tvaika veido\u0161anai un stabilai gar\u0161ai<\/td>\n<\/tr>\n<tr>\n<td>Gaisa pl\u016bsma<\/td>\n<td>Regul\u0113jama gaisa pl\u016bsmas sist\u0113ma<\/td>\n<td>P\u0101rsl\u0113dzieties starp cie\u0161\u0101ku MTL un gais\u012bg\u0101ku DTL ieelpo\u0161anu<\/td>\n<\/tr>\n<tr>\n<td>Uzl\u0101de<\/td>\n<td>Type-C uzl\u0101d\u0113jams<\/td>\n<td>\u0100tra uzl\u0101de, lai samazin\u0101tu d\u012bkst\u0101vi<\/td>\n<\/tr>\n<tr>\n<td>Gar\u0161u kl\u0101sts<\/td>\n<td>Vair\u0101k nek\u0101 10 gar\u0161as<\/td>\n<td>Ietver profilus k\u0101 Red Bull, Mixed Berries, Sex On The Beach, Blueberry Raspberry<\/td>\n<\/tr>\n<tr>\n<td>Pozicion\u0113\u0161ana<\/td>\n<td>Mazumtirdzniec\u012bba + vairumtirdzniec\u012bba<\/td>\n<td>Lieliski piem\u0113rots elektronisko cigare\u0161u veikaliem un tie\u0161saistes vairumtirdzniec\u012bbai<\/td>\n<\/tr>\n<tr>\n<td>Lietot\u0101ja profils<\/td>\n<td>Pieaugu\u0161o lietot\u0101ji<\/td>\n<td>Izstr\u0101d\u0101ts pieaugu\u0161o vaperiem, kuri v\u0113las ilgu kalpo\u0161anas laiku un kontroli<\/td>\n<\/tr>\n<\/tbody>\n<\/table>\n<h2 class=\"product-title\"><strong>Stagbar King 40000 p\u016btienu arom\u0101tu saraksts<\/strong><\/h2>\n<p>1. Coco loco<br \/>\n2. Seks uz pludmales<br \/>\n3. Lemon Lime<br \/>\n4. Red Bull<br \/>\n5. Arb\u016bzu ledus<br \/>\n6. Sajaukti ogu arom\u0101ti<br \/>\n7. Zeme\u0146u kivi<br \/>\n8. Ban\u0101nu ledus<br \/>\n9.Melle\u0146u ave\u0146u<br \/>\n10. Zeme\u0146u v\u012bnogas<\/p>\n<p>&nbsp;<\/p>\n<figure id=\"attachment_4442\" aria-describedby=\"caption-attachment-4442\" style=\"width: 300px\" class=\"wp-caption alignnone\"><img decoding=\"async\" class=\"size-medium wp-image-4442\" src=\"https:\/\/vapestornado.com\/wp-content\/uploads\/2025\/10\/Stagbar-King-40000-40K-Puff-Disposable-E-Vape-300x300.webp\" alt=\"Stagbar King 40000 40K p\u016btienu vienreiz\u0113j\u0101 e-vape\" width=\"300\" height=\"300\" srcset=\"https:\/\/vapestornado.com\/wp-content\/uploads\/2025\/10\/Stagbar-King-40000-40K-Puff-Disposable-E-Vape-300x300.webp 300w, https:\/\/vapestornado.com\/wp-content\/uploads\/2025\/10\/Stagbar-King-40000-40K-Puff-Disposable-E-Vape-150x150.webp 150w, https:\/\/vapestornado.com\/wp-content\/uploads\/2025\/10\/Stagbar-King-40000-40K-Puff-Disposable-E-Vape-768x768.webp 768w, https:\/\/vapestornado.com\/wp-content\/uploads\/2025\/10\/Stagbar-King-40000-40K-Puff-Disposable-E-Vape-12x12.webp 12w, https:\/\/vapestornado.com\/wp-content\/uploads\/2025\/10\/Stagbar-King-40000-40K-Puff-Disposable-E-Vape-600x600.webp 600w, https:\/\/vapestornado.com\/wp-content\/uploads\/2025\/10\/Stagbar-King-40000-40K-Puff-Disposable-E-Vape-100x100.webp 100w, https:\/\/vapestornado.com\/wp-content\/uploads\/2025\/10\/Stagbar-King-40000-40K-Puff-Disposable-E-Vape.webp 800w\" sizes=\"(max-width: 300px) 100vw, 300px\" \/><figcaption id=\"caption-attachment-4442\" class=\"wp-caption-text\">Stagbar King 40000 40K p\u016btienu vienreiz\u0113j\u0101 e-vape<\/figcaption><\/figure>\n<figure id=\"attachment_4441\" aria-describedby=\"caption-attachment-4441\" style=\"width: 300px\" class=\"wp-caption alignnone\"><img decoding=\"async\" class=\"size-medium wp-image-4441\" src=\"https:\/\/vapestornado.com\/wp-content\/uploads\/2025\/10\/Stagbar-King-40K-Puff-Disposable-Vape-Bulk-Buy-300x300.webp\" alt=\"Stagbar King 40K p\u016btienu vienreiz\u0113j\u0101 vape lielapjoma pirkums\" width=\"300\" height=\"300\" srcset=\"https:\/\/vapestornado.com\/wp-content\/uploads\/2025\/10\/Stagbar-King-40K-Puff-Disposable-Vape-Bulk-Buy-300x300.webp 300w, https:\/\/vapestornado.com\/wp-content\/uploads\/2025\/10\/Stagbar-King-40K-Puff-Disposable-Vape-Bulk-Buy-150x150.webp 150w, https:\/\/vapestornado.com\/wp-content\/uploads\/2025\/10\/Stagbar-King-40K-Puff-Disposable-Vape-Bulk-Buy-768x768.webp 768w, https:\/\/vapestornado.com\/wp-content\/uploads\/2025\/10\/Stagbar-King-40K-Puff-Disposable-Vape-Bulk-Buy-12x12.webp 12w, https:\/\/vapestornado.com\/wp-content\/uploads\/2025\/10\/Stagbar-King-40K-Puff-Disposable-Vape-Bulk-Buy-600x600.webp 600w, https:\/\/vapestornado.com\/wp-content\/uploads\/2025\/10\/Stagbar-King-40K-Puff-Disposable-Vape-Bulk-Buy-100x100.webp 100w, https:\/\/vapestornado.com\/wp-content\/uploads\/2025\/10\/Stagbar-King-40K-Puff-Disposable-Vape-Bulk-Buy.webp 800w\" sizes=\"(max-width: 300px) 100vw, 300px\" \/><figcaption id=\"caption-attachment-4441\" class=\"wp-caption-text\">Stagbar King 40K p\u016btienu vienreiz\u0113j\u0101 vape lielapjoma pirkums<\/figcaption><\/figure>\n<div class=\"flex-shrink-0 flex flex-col relative items-end\">\n<div class=\"pt-0\">\n<div class=\"gizmo-bot-avatar flex h-8 w-8 items-center justify-center overflow-hidden rounded-full\">\n<div class=\"relative p-1 rounded-sm flex items-center justify-center bg-token-main-surface-primary text-token-text-primary h-8 w-8\">\n<h2 data-start=\"1200\" data-end=\"1487\">Vapes Tornado \u2013 J\u016bsu vairumtirdzniec\u012bbas tie\u0161saistes vape veikals ar lab\u0101kaj\u0101m vape z\u012bmoliem<\/h2>\n<p data-start=\"1200\" data-end=\"1487\"><strong data-start=\"141\" data-end=\"177\">Vapes Tornado Tie\u0161saistes D\u016bmu Veikals<\/strong> ir j\u016bsu uzticams avots <strong data-start=\"205\" data-end=\"270\">premium vienreizlietojamie vape un vairumtirdzniec\u012bbas e-cigaretes Eirop\u0101<\/strong>. M\u0113s pied\u0101v\u0101jam popul\u0101r\u0101k\u0101s z\u012bmolus, piem\u0113ram <strong data-start=\"307\" data-end=\"362\"><a href=\"https:\/\/vapestornado.com\/lv\/product\/randm-12000-puffs-fumot-digital-disposable-vape-wholesale-price\/\">Fumot VAPE<\/a>, <a href=\"https:\/\/vapestornado.com\/lv\/product\/waspe-150k-150000-puff-6-in-1-disposable-vape-pen-cartridge-best-wholesale-price-in-poland\/\">WASPE VAPE<\/a>, <\/strong><strong data-start=\"307\" data-end=\"362\"><a href=\"https:\/\/vapestornado.com\/lv\/product\/vozol-gear-shisha-25k-25000-puffs-best-dtl-disposable-vape-hookah-cheap-price\/\">VOZOL BAR VAPE<\/a>, \u00a0 Bang Vape<\/strong>, un vair\u0101k, nodro\u0161inot kvalit\u0101ti un da\u017e\u0101d\u012bbu katram klientam. Neatkar\u012bgi no t\u0101, vai j\u016bs esat individu\u0101ls vapers vai vairumtirdzniec\u012bbas pirc\u0113js, m\u0113s pieg\u0101d\u0101jam <strong data-start=\"481\" data-end=\"550\">augstas veiktsp\u0113jas ier\u012bces, stil\u012bgus dizainus un konkur\u0113tsp\u0113j\u012bgas cenas<\/strong> lai apmierin\u0101tu j\u016bsu vajadz\u012bbas.<\/p>\n<h2 data-start=\"2064\" data-end=\"2115\">BUJ par Stagbar King 40k p\u016btienu regul\u0113jamu gaisa pl\u016bsmas vape<\/h2>\n<ol data-start=\"3233\" data-end=\"4438\">\n<li data-start=\"3233\" data-end=\"3479\">\n<p data-start=\"3236\" data-end=\"3479\"><strong data-start=\"3236\" data-end=\"3335\">K\u0101 Stagbar King 40000 40K Puff uzl\u0101d\u0113jams vienreizlietojamais ier\u012bces darb\u012bba smagiem ikdienas lietot\u0101jiem?<\/strong><br data-start=\"3335\" data-end=\"3338\" \/>T\u0101s augst\u0101 p\u016b\u0161u kapacit\u0101te ir veidota ilg\u0101m rut\u012bn\u0101, un Type-C uzl\u0101de \u013cauj to izmantot visu ier\u012bces kalpo\u0161anas laiku, nevis agr\u012bni beigt to.<\/p>\n<\/li>\n<li data-start=\"3481\" data-end=\"3705\">\n<p data-start=\"3484\" data-end=\"3705\"><strong data-start=\"3484\" data-end=\"3573\">K\u0101 regul\u0113jama gaisa pl\u016bsma ietekm\u0113 Stagbar King 40K vienreizlietojam\u0101s vape darb\u012bbu?<\/strong><br data-start=\"3573\" data-end=\"3576\" \/>Tas \u013cauj saspiest ieelpu MTL stil\u0101 vai atv\u0113rt to pla\u0161\u0101kai DTL saj\u016btai ar liel\u0101kiem d\u016bmiem, atkar\u012bb\u0101 no br\u012b\u017ea.<\/p>\n<\/li>\n<li data-start=\"3707\" data-end=\"3924\">\n<p data-start=\"3710\" data-end=\"3924\"><strong data-start=\"3710\" data-end=\"3793\">Vai 1.0\u03a9 t\u012bkli\u0146a siltummainis Stagbar King 40000 pal\u012bdz saglab\u0101t gar\u0161u konsekventu?<\/strong><br data-start=\"3793\" data-end=\"3796\" \/>J\u0101. T\u012bkla spir\u0101les uzkarst vienm\u0113r\u012bg\u0101k nek\u0101 pamata vadu spir\u0101les, pal\u012bdzot tvaikam saglab\u0101t glud\u0101ku konsistenci un gar\u0161u ilg\u0101k\u0101 lieto\u0161an\u0101.<\/p>\n<\/li>\n<li data-start=\"3926\" data-end=\"4147\">\n<p data-start=\"3929\" data-end=\"4147\"><strong data-start=\"3929\" data-end=\"4008\">K\u0101 Stagbar King 40000 sal\u012bdzin\u0101s ar stagbar podiem ikdienas \u0113rt\u012bbai?<\/strong><br data-start=\"4008\" data-end=\"4011\" \/>Stagbar King 40000 saglab\u0101 \u0113rt\u012bbas, kas pat\u012bk cilv\u0113kiem <strong data-start=\"4067\" data-end=\"4083\">Stagbar podiem<\/strong>\u2014uzl\u0101d\u0113jam\u012bba\u2014bez podu, uzpildes vai papildu da\u013cu p\u0101rvald\u012bbas.<\/p>\n<\/li>\n<li data-start=\"4149\" data-end=\"4438\">\n<p data-start=\"4152\" data-end=\"4438\"><strong data-start=\"4152\" data-end=\"4267\">Vai Stagbar King 40000 ir sapr\u0101t\u012bga izv\u0113le elektronisk\u0101s cigaretes veikal\u0101, kas koncentr\u0113jas uz vaperu uzl\u0101d\u0113jam\u0101s cenas?<\/strong><br data-start=\"4267\" data-end=\"4270\" \/>J\u0101. Tas pied\u0101v\u0101 lielu p\u016b\u0161u skaitu, gaisa pl\u016bsmas kontroli, t\u012bkla spir\u0101les veiktsp\u0113ju un Type-C uzl\u0101d\u0113jam\u012bbu\u2014\u012bpa\u0161\u012bbas, kas atbalsta v\u0113rt\u012bbu mekl\u0113jo\u0161os pirc\u0113jus, nepa\u013caujoties uz trikiem.<\/p>\n<\/li>\n<\/ol>\n<\/div>\n<\/div>\n<\/div>\n<\/div>","protected":false},"excerpt":{"rendered":"<div class=\"flex flex-col text-sm @w-xl\/main:pt-header-height pb-25\">\n<article class=\"text-token-text-primary w-full focus:outline-none [--shadow-height:45px] has-data-writing-block:pointer-events-none has-data-writing-block:-mt-(--shadow-height) has-data-writing-block:pt-(--shadow-height) [&amp;:has([data-writing-block])&gt;*]:pointer-events-auto scroll-mt-[calc(var(--header-height)+min(200px,max(70px,20svh)))]\" dir=\"auto\" tabindex=\"-1\" data-turn-id=\"a4553bcb-7aea-49d6-9fac-81ba76f7aa52\" data-testid=\"conversation-turn-52\" data-scroll-anchor=\"true\" data-turn=\"assistant\">\n<div class=\"text-base my-auto mx-auto pb-10 [--thread-content-margin:--spacing(4)] @w-sm\/main:[--thread-content-margin:--spacing(6)] @w-lg\/main:[--thread-content-margin:--spacing(16)] px-(--thread-content-margin)\">\n<div class=\"[--thread-content-max-width:40rem] @w-lg\/main:[--thread-content-max-width:48rem] mx-auto max-w-(--thread-content-max-width) flex-1 group\/turn-messages focus-visible:outline-hidden relative flex w-full min-w-0 flex-col agent-turn\" tabindex=\"-1\">\n<div class=\"flex max-w-full flex-col grow\">\n<div class=\"min-h-8 text-message relative flex w-full flex-col items-end gap-2 text-start break-words whitespace-normal [.text-message+&amp;]:mt-1\" dir=\"auto\" data-message-author-role=\"assistant\" data-message-id=\"337d04d0-1322-4696-922d-486732393dc5\" data-message-model-slug=\"gpt-5-2-thinking\">\n<div class=\"flex w-full flex-col gap-1 empty:hidden first:pt-[1px]\">\n<div class=\"markdown prose dark:prose-invert w-full break-words light markdown-new-styling\">\n<p data-start=\"4468\" data-end=\"4743\" data-is-last-node=\"\" data-is-only-node=\"\">Stagbar King 40000 (Stagbar King 40K) uzl\u0101d\u0113jams vienreizlietojams vape ar 40 000 ieelp\u0101m, 1.0\u03a9 t\u012bkli\u0146a spir\u0101le, regul\u0113jama gaisa pl\u016bsma un Type-C uzl\u0101de. Sp\u0113c\u012bga gar\u0161as konsekvence, liela m\u0101ko\u0146a kontrole un konkur\u0113tsp\u0113j\u012bga vaper uzpildes cena elektronisko cigare\u0161u veikal\u0101 un tie\u0161saistes p\u0101rdo\u0161an\u0101.<\/p>\n<\/div>\n<\/div>\n<\/div>\n<\/div>\n<div class=\"z-0 flex min-h-[46px] justify-start\"><\/div>\n<\/div>\n<\/div>\n<\/article>\n<\/div>\n<p><strong>Pievienojiet Eimijas WhatsApp, lai sa\u0146emtu prec\u012bzu atbildi un atlaidi!<\/strong><\/p>\n<p><img fetchpriority=\"high\" decoding=\"async\" class=\"size-full wp-image-2932\" src=\"https:\/\/vapestornado.com\/wp-content\/uploads\/2024\/12\/Vape-Wholesale.jpg\" alt=\"Veipu Vairumtirdzniec\u012bba\" width=\"229\" height=\"300\" \/><\/p>\n<h3><a href=\"https:\/\/wa.me\/8617776015835\"><span style=\"color: #ff0000;\"><strong>WhatsApp: +86 17776015835<\/strong><\/span><\/a><\/h3>","protected":false},"featured_media":4440,"comment_status":"open","ping_status":"closed","template":"","meta":{"_acf_changed":false,"_uag_custom_page_level_css":"","_lmt_disableupdate":"no","_lmt_disable":"","_monsterinsights_skip_tracking":false,"_monsterinsights_sitenote_active":false,"_monsterinsights_sitenote_note":"","_monsterinsights_sitenote_category":0,"site-sidebar-layout":"default","site-content-layout":"","ast-site-content-layout":"default","site-content-style":"default","site-sidebar-style":"default","ast-global-header-display":"","ast-banner-title-visibility":"","ast-main-header-display":"","ast-hfb-above-header-display":"","ast-hfb-below-header-display":"","ast-hfb-mobile-header-display":"","site-post-title":"","ast-breadcrumbs-content":"","ast-featured-img":"","footer-sml-layout":"","ast-disable-related-posts":"","theme-transparent-header-meta":"default","adv-header-id-meta":"","stick-header-meta":"","header-above-stick-meta":"","header-main-stick-meta":"","header-below-stick-meta":"","astra-migrate-meta-layouts":"set","ast-page-background-enabled":"default","ast-page-background-meta":{"desktop":{"background-color":"","background-image":"","background-repeat":"repeat","background-position":"center center","background-size":"auto","background-attachment":"scroll","background-type":"","background-media":"","overlay-type":"","overlay-color":"","overlay-opacity":"","overlay-gradient":""},"tablet":{"background-color":"","background-image":"","background-repeat":"repeat","background-position":"center center","background-size":"auto","background-attachment":"scroll","background-type":"","background-media":"","overlay-type":"","overlay-color":"","overlay-opacity":"","overlay-gradient":""},"mobile":{"background-color":"","background-image":"","background-repeat":"repeat","background-position":"center center","background-size":"auto","background-attachment":"scroll","background-type":"","background-media":"","overlay-type":"","overlay-color":"","overlay-opacity":"","overlay-gradient":""}},"ast-content-background-meta":{"desktop":{"background-color":"var(--ast-global-color-5)","background-image":"","background-repeat":"repeat","background-position":"center center","background-size":"auto","background-attachment":"scroll","background-type":"","background-media":"","overlay-type":"","overlay-color":"","overlay-opacity":"","overlay-gradient":""},"tablet":{"background-color":"var(--ast-global-color-5)","background-image":"","background-repeat":"repeat","background-position":"center center","background-size":"auto","background-attachment":"scroll","background-type":"","background-media":"","overlay-type":"","overlay-color":"","overlay-opacity":"","overlay-gradient":""},"mobile":{"background-color":"var(--ast-global-color-5)","background-image":"","background-repeat":"repeat","background-position":"center center","background-size":"auto","background-attachment":"scroll","background-type":"","background-media":"","overlay-type":"","overlay-color":"","overlay-opacity":"","overlay-gradient":""}},"_joinchat":[]},"product_brand":[],"product_cat":[65,152,156,142,492,357,146],"product_tag":[396,368,390,401,400,393,397],"class_list":{"0":"post-4446","1":"product","2":"type-product","3":"status-publish","4":"has-post-thumbnail","6":"product_cat-40000-puff","7":"product_cat-buy-disposable-vapes-in-cermany","8":"product_cat-buy-disposable-vapes-in-poland","9":"product_cat-digital-box-disposable-vapes","10":"product_cat-eu-warehouse","11":"product_cat-flavor-adjustable-vape","12":"product_cat-rechargeable-disposable-vapes","13":"product_tag-disposable-cigarette","14":"product_tag-disposable-vapor","15":"product_tag-online-vape-shop","16":"product_tag-stag-bar-king-40k","17":"product_tag-stagbar-king-40000","18":"product_tag-vape-cartridge","19":"product_tag-vapor","20":"desktop-align-left","21":"tablet-align-left","22":"mobile-align-left","24":"first","25":"instock","26":"sale","27":"shipping-taxable","28":"purchasable","29":"product-type-simple"},"acf":[],"uagb_featured_image_src":{"full":["https:\/\/vapestornado.com\/wp-content\/uploads\/2025\/10\/Stag-bar-King-40000-40K-Puffs-Disposable-Vape-Pod.webp",800,800,false],"thumbnail":["https:\/\/vapestornado.com\/wp-content\/uploads\/2025\/10\/Stag-bar-King-40000-40K-Puffs-Disposable-Vape-Pod-150x150.webp",150,150,true],"medium":["https:\/\/vapestornado.com\/wp-content\/uploads\/2025\/10\/Stag-bar-King-40000-40K-Puffs-Disposable-Vape-Pod-300x300.webp",300,300,true],"medium_large":["https:\/\/vapestornado.com\/wp-content\/uploads\/2025\/10\/Stag-bar-King-40000-40K-Puffs-Disposable-Vape-Pod-768x768.webp",768,768,true],"large":["https:\/\/vapestornado.com\/wp-content\/uploads\/2025\/10\/Stag-bar-King-40000-40K-Puffs-Disposable-Vape-Pod.webp",800,800,false],"1536x1536":["https:\/\/vapestornado.com\/wp-content\/uploads\/2025\/10\/Stag-bar-King-40000-40K-Puffs-Disposable-Vape-Pod.webp",800,800,false],"2048x2048":["https:\/\/vapestornado.com\/wp-content\/uploads\/2025\/10\/Stag-bar-King-40000-40K-Puffs-Disposable-Vape-Pod.webp",800,800,false],"trp-custom-language-flag":["https:\/\/vapestornado.com\/wp-content\/uploads\/2025\/10\/Stag-bar-King-40000-40K-Puffs-Disposable-Vape-Pod-12x12.webp",12,12,true],"woocommerce_thumbnail":["https:\/\/vapestornado.com\/wp-content\/uploads\/2025\/10\/Stag-bar-King-40000-40K-Puffs-Disposable-Vape-Pod-300x300.webp",300,300,true],"woocommerce_single":["https:\/\/vapestornado.com\/wp-content\/uploads\/2025\/10\/Stag-bar-King-40000-40K-Puffs-Disposable-Vape-Pod-600x600.webp",600,600,true],"woocommerce_gallery_thumbnail":["https:\/\/vapestornado.com\/wp-content\/uploads\/2025\/10\/Stag-bar-King-40000-40K-Puffs-Disposable-Vape-Pod-100x100.webp",100,100,true]},"uagb_author_info":{"display_name":"ESAMY","author_link":"https:\/\/vapestornado.com\/lv\/author\/"},"uagb_comment_info":1,"uagb_excerpt":"Stagbar King 40000 (Stagbar King 40K) rechargeable disposable vape with 40,000 puffs, 1.0\u03a9 mesh coil, adjustable airflow and Type-C charging. Strong flavour consistency, big cloud control, and competitive vaper recargable price for electronic cigarette shop and online sales. Add Amy's whatsapp to get right reply and discount price! WhatsApp: +86 17776015835","_links":{"self":[{"href":"https:\/\/vapestornado.com\/lv\/wp-json\/wp\/v2\/product\/4446","targetHints":{"allow":["GET"]}}],"collection":[{"href":"https:\/\/vapestornado.com\/lv\/wp-json\/wp\/v2\/product"}],"about":[{"href":"https:\/\/vapestornado.com\/lv\/wp-json\/wp\/v2\/types\/product"}],"replies":[{"embeddable":true,"href":"https:\/\/vapestornado.com\/lv\/wp-json\/wp\/v2\/comments?post=4446"}],"wp:featuredmedia":[{"embeddable":true,"href":"https:\/\/vapestornado.com\/lv\/wp-json\/wp\/v2\/media\/4440"}],"wp:attachment":[{"href":"https:\/\/vapestornado.com\/lv\/wp-json\/wp\/v2\/media?parent=4446"}],"wp:term":[{"taxonomy":"product_brand","embeddable":true,"href":"https:\/\/vapestornado.com\/lv\/wp-json\/wp\/v2\/product_brand?post=4446"},{"taxonomy":"product_cat","embeddable":true,"href":"https:\/\/vapestornado.com\/lv\/wp-json\/wp\/v2\/product_cat?post=4446"},{"taxonomy":"product_tag","embeddable":true,"href":"https:\/\/vapestornado.com\/lv\/wp-json\/wp\/v2\/product_tag?post=4446"}],"curies":[{"name":"wp","href":"https:\/\/api.w.org\/{rel}","templated":true}]}}