{"id":4430,"date":"2025-10-15T09:50:23","date_gmt":"2025-10-15T09:50:23","guid":{"rendered":"https:\/\/vapestornado.com\/?post_type=product&#038;p=4430"},"modified":"2025-10-31T09:51:16","modified_gmt":"2025-10-31T09:51:16","slug":"fihp-120k-6-in1-multi-flavors-120000-puff-disposable-vape-pen-cheap-price","status":"publish","type":"product","link":"https:\/\/vapestornado.com\/lv\/product\/fihp-120k-6-in1-multi-flavors-120000-puff-disposable-vape-pen-cheap-price\/","title":{"rendered":"FIHP 120K 6 in1 Daudzgar\u0161u 120000 malku vienreizlietojams vape pildspalva par l\u0113tu cenu"},"content":{"rendered":"<h2 data-pm-slice=\"1 1 []\">FIHP 120K 6-in-1 Daudzveid\u012bgas Gar\u0161as 120000 P\u016b\u013cu Vienreiz\u0113j\u0101s lieto\u0161anas Vape Pildspalva \u2014 Lab\u0101kie L\u0113ti Vape Eirop\u0101<\/h2>\n<p data-start=\"104\" data-end=\"592\">T\u0101 <strong data-start=\"108\" data-end=\"146\">FIHP 120K P\u016b\u013cu Vienreiz\u0113j\u0101s lieto\u0161anas Vape Pildspalva<\/strong> ir izstr\u0101d\u0101ts tiem, kas v\u0113las milz\u012bgu jaudu, bag\u0101t\u012bgu gar\u0161u un patiesu daudzveid\u012bbu vien\u0101 elegant\u0101 dizain\u0101. Sniedz neticamu <strong data-start=\"272\" data-end=\"288\">120000 p\u016b\u013cu<\/strong>, \u0161is <strong data-start=\"295\" data-end=\"315\">FIHP 120000 P\u016b\u013cu<\/strong> ier\u012bce ir iepriek\u0161pild\u012bta ar <strong data-start=\"344\" data-end=\"372\">64mL augstas kvalit\u0101tes e-\u0161\u0137idruma<\/strong> un <strong data-start=\"379\" data-end=\"416\">6-in-1 daudzveid\u012bgas gar\u0161as sl\u0113d\u017ea sist\u0113ma<\/strong>, dodot lietot\u0101jiem se\u0161as spilgtas gar\u0161as iesp\u0113jas vien\u0101 vape. T\u0101 ir ide\u0101la izv\u0113le Eiropas vairumtirdzniec\u012bbas uz\u0146\u0113mumiem un jaunajiem vaperiem, kas mekl\u0113 <strong data-start=\"543\" data-end=\"558\">l\u0113ti veipi<\/strong> kas nekad nesamazina kvalit\u0101ti.<\/p>\n<p data-start=\"594\" data-end=\"1161\">Darbojas ar <strong data-start=\"607\" data-end=\"638\">650mAh uzl\u0101d\u0113jams akumulators<\/strong> un apr\u012bkots ar <strong data-start=\"657\" data-end=\"681\">C tipa \u0101tr\u0101 uzl\u0101de<\/strong>, tad <strong data-start=\"687\" data-end=\"714\">FIHP 120k P\u016b\u013cu vape pildspalva<\/strong> nodro\u0161ina nep\u0101rtrauktu vaping visu dienu. T\u0101 <strong data-start=\"757\" data-end=\"775\">dubult\u0101 sieta spole<\/strong> sniedz bl\u012bvu tvaiku un sp\u0113c\u012bgu gar\u0161u no pirm\u0101s ieelpas l\u012bdz p\u0113d\u0113jai, kam\u0113r <strong data-start=\"860\" data-end=\"881\">gudrais LED displejs<\/strong> par\u0101da re\u0101llaika akumulatora un e-\u0161\u0137idruma l\u012bme\u0146us. Ar <strong data-start=\"932\" data-end=\"970\">2% un 5% nikot\u012bna stipruma opcij\u0101m<\/strong>, \u0161\u012b ier\u012bce perfekti l\u012bdzsvaro veiktsp\u0113ju, apmierin\u0101jumu un pieejam\u012bbu \u2014 padarot to par vienu no <strong data-start=\"1071\" data-end=\"1084\">lab\u0101kajiem vape<\/strong> izv\u0113les gan ikdienas lietot\u0101jiem, gan mazumtirgot\u0101jiem, kas v\u0113las palielin\u0101t pe\u013c\u0146as mar\u017eas.<\/p>\n<p data-start=\"1163\" data-end=\"1524\">Stil\u012bgs, iztur\u012bgs un pilns ar funkcij\u0101m, <strong data-start=\"1211\" data-end=\"1251\">FIHP 120K 6-in-1 Vienreiz\u0113j\u0101s lieto\u0161anas Vape pildspalva<\/strong> maina to, ko noz\u012bm\u0113 augstas jaudas vienreiz\u0113j\u0101 lieto\u0161ana. Neatkar\u012bgi no t\u0101, vai tas ir person\u012bgai baud\u012b\u0161anai vai vairumtirdzniec\u012bbai, \u0161is vape nodro\u0161ina jaudu, gar\u0161u un v\u0113rt\u012bbu, ko pieprasa Eiropas vape kopiena. Pieejams tagad par lab\u0101ko vairumtirdzniec\u012bbas cenu caur Vapestornado<strong data-start=\"1493\" data-end=\"1523\">\u00a0tie\u0161saistes tvaiku veikalu<\/strong>.<\/p>\n<p><strong><span style=\"color: #ff0000;\">Pievienojiet Eimijas whatsapp, lai sa\u0146emtu pareizu atbildi un iztvaic\u0113t\u0101ja kuponu!<\/span><\/strong><\/p>\n<p><img fetchpriority=\"high\" decoding=\"async\" class=\"size-full wp-image-2932\" src=\"https:\/\/vapestornado.com\/wp-content\/uploads\/2024\/12\/Vape-Wholesale.jpg\" alt=\"Veipu Vairumtirdzniec\u012bba\" width=\"229\" height=\"300\" \/><\/p>\n<h3><a href=\"https:\/\/wa.me\/8617776015835\" target=\"_blank\" rel=\"noopener\"><span style=\"color: #ff0000;\"><strong>WhatsApp: +86 17776015835<\/strong><\/span><\/a><\/h3>\n<p>&nbsp;<\/p>\n<h2><strong>FIHP 120K P\u016b\u0161 6 in 1 Produkta \u012bpa\u0161\u012bbas<\/strong><\/h2>\n<ul>\n<li data-start=\"1555\" data-end=\"1630\">\n<p data-start=\"1557\" data-end=\"1630\"><strong data-start=\"1557\" data-end=\"1574\">120000 Pufa:<\/strong> Ilgsto\u0161a veiktsp\u0113ja past\u0101v\u012bgai apmierin\u0101t\u012bbai.<\/p>\n<\/li>\n<li data-start=\"1631\" data-end=\"1728\">\n<p data-start=\"1633\" data-end=\"1728\"><strong data-start=\"1633\" data-end=\"1658\">6-in-1 Gar\u0161u Sist\u0113ma:<\/strong> P\u0101rsl\u0113dzieties uzreiz starp se\u0161\u0101m iepriek\u0161pild\u012bt\u0101m gar\u0161\u0101m bez p\u0101rtraukuma da\u017e\u0101d\u012bbai.<\/p>\n<\/li>\n<li data-start=\"1729\" data-end=\"1799\">\n<p data-start=\"1731\" data-end=\"1799\"><strong data-start=\"1731\" data-end=\"1758\">64mL E-\u0161\u0137idruma ietilp\u012bba:<\/strong> Papla\u0161in\u0101ts tanka izm\u0113rs nodro\u0161ina ned\u0113\u013cas ilgu lieto\u0161anu.<\/p>\n<\/li>\n<li data-start=\"1800\" data-end=\"1885\">\n<p data-start=\"1802\" data-end=\"1885\"><strong data-start=\"1802\" data-end=\"1834\">650mAh Uzl\u0101d\u0113jams akumulators:<\/strong> Kompakts un efekt\u012bvs ar Type-C \u0101tro uzl\u0101di.<\/p>\n<\/li>\n<li data-start=\"1886\" data-end=\"1974\">\n<p data-start=\"1888\" data-end=\"1974\"><strong data-start=\"1888\" data-end=\"1914\">Dubult\u0101 T\u012bkli\u0146a Spole Dizains:<\/strong> Uzlabota tvaika bl\u012bvums un patiesa gar\u0161as pieg\u0101de.<\/p>\n<\/li>\n<li data-start=\"1975\" data-end=\"2050\">\n<p data-start=\"1977\" data-end=\"2050\"><strong data-start=\"1977\" data-end=\"1999\">Gudrs LED displejs:<\/strong> Re\u0101llaika uzraudz\u012bba par jaudu un \u0161\u0137idruma l\u012bmeni.<\/p>\n<\/li>\n<li data-start=\"2051\" data-end=\"2125\">\n<p data-start=\"2053\" data-end=\"2125\"><strong data-start=\"2053\" data-end=\"2073\">Nikot\u012bna opcijas:<\/strong> Pieejamas 2% un 5%, lai nodro\u0161in\u0101tu elast\u012bgu vaping vajadz\u012bbu apmierin\u0101\u0161anu.<\/p>\n<\/li>\n<\/ul>\n<figure id=\"attachment_4429\" aria-describedby=\"caption-attachment-4429\" style=\"width: 300px\" class=\"wp-caption alignnone\"><img decoding=\"async\" class=\"size-medium wp-image-4429\" src=\"https:\/\/vapestornado.com\/wp-content\/uploads\/2025\/10\/Newest-FIHP-120000-120k-Puffs-Dispsable-Vape-Kit-300x300.webp\" alt=\"Jaun\u0101k\u0101 FIHP 120000 120k Pufa Vienreiz\u0113j\u0101s lieto\u0161anas Vape komplekts\" width=\"300\" height=\"300\" srcset=\"https:\/\/vapestornado.com\/wp-content\/uploads\/2025\/10\/Newest-FIHP-120000-120k-Puffs-Dispsable-Vape-Kit-300x300.webp 300w, https:\/\/vapestornado.com\/wp-content\/uploads\/2025\/10\/Newest-FIHP-120000-120k-Puffs-Dispsable-Vape-Kit-150x150.webp 150w, https:\/\/vapestornado.com\/wp-content\/uploads\/2025\/10\/Newest-FIHP-120000-120k-Puffs-Dispsable-Vape-Kit-768x768.webp 768w, https:\/\/vapestornado.com\/wp-content\/uploads\/2025\/10\/Newest-FIHP-120000-120k-Puffs-Dispsable-Vape-Kit-12x12.webp 12w, https:\/\/vapestornado.com\/wp-content\/uploads\/2025\/10\/Newest-FIHP-120000-120k-Puffs-Dispsable-Vape-Kit-600x600.webp 600w, https:\/\/vapestornado.com\/wp-content\/uploads\/2025\/10\/Newest-FIHP-120000-120k-Puffs-Dispsable-Vape-Kit-100x100.webp 100w, https:\/\/vapestornado.com\/wp-content\/uploads\/2025\/10\/Newest-FIHP-120000-120k-Puffs-Dispsable-Vape-Kit.webp 800w\" sizes=\"(max-width: 300px) 100vw, 300px\" \/><figcaption id=\"caption-attachment-4429\" class=\"wp-caption-text\">Jaun\u0101k\u0101 FIHP 120000 120k Pufa Vienreiz\u0113j\u0101s lieto\u0161anas Vape komplekts<\/figcaption><\/figure>\n<h2 class=\"product-title\"><strong>FIHP 120K 120000 Pufa 6-in-1 Gar\u0161u Saraksts<\/strong><\/h2>\n<p data-start=\"2550\" data-end=\"2736\">1. Arb\u016bza ledus&amp;Red Bull&amp;Zeme\u0146u Kivi&amp;Mellenes Ledus&amp;Citrona L\u012bme&amp;Zeme\u0146u Arb\u016bzs<br \/>\n2. Zeme\u0146u Ban\u0101ns&amp;Divas \u0100boli&amp;Rabarberu Arb\u016bzs&amp;Sk\u0101bena Mango Anan\u0101s&amp;Tropu Aug\u013ci&amp;Citrona Persiks<br \/>\n3. Anan\u0101ss Kokosrieksts&amp;Zilais Razz&amp;Miks\u0113ti ogu&amp;Mango Persiks&amp;Mellenes Riekstu Kolas<br \/>\n4. Persiku ogas&amp;Tr\u012bsk\u0101r\u0161ais Melons&amp;V\u012bnogu Ledus&amp;Melnais P\u016b\u0137a Ledus&amp;G\u0101z\u0113ta \u0137ir\u0161u ledus&amp;Gumijas l\u0101cis<br \/>\n5. Varav\u012bksnes Konfektes&amp;\u0136ir\u0161u Kolas Ledus&amp;M\u012blest\u012bba 666&amp;Mango Ledus&amp;Mellenes Koktei\u013ca Saldums&amp;Persiku Ledus<br \/>\n6. Aloe L\u012b\u010di Ledus&amp;Roz\u0101 Citronu&amp;Ledus G\u0101ze&amp;Prie\u017eu Zari\u0146\u0161 Piparm\u0113tra&amp;Melno j\u0101\u0146ogu ledus&amp;Arb\u016bza Citronu<\/p>\n<div class=\"flex-shrink-0 flex flex-col relative items-end\">\n<div class=\"pt-0\">\n<div class=\"gizmo-bot-avatar flex h-8 w-8 items-center justify-center overflow-hidden rounded-full\">\n<div class=\"relative p-1 rounded-sm flex items-center justify-center bg-token-main-surface-primary text-token-text-primary h-8 w-8\">\n<h2 data-start=\"1200\" data-end=\"1487\">Vapes Tornado \u2013 J\u016bsu vairumtirdzniec\u012bbas tie\u0161saistes vape veikals ar lab\u0101kaj\u0101m vape z\u012bmoliem<\/h2>\n<p data-start=\"1200\" data-end=\"1487\"><strong data-start=\"141\" data-end=\"177\">Vapes Tornado Tie\u0161saistes D\u016bmu Veikals<\/strong> ir j\u016bsu uzticams avots <strong data-start=\"205\" data-end=\"270\">premium vienreizlietojamie vape un vairumtirdzniec\u012bbas e-cigaretes Eirop\u0101<\/strong>. M\u0113s pied\u0101v\u0101jam popul\u0101r\u0101k\u0101s z\u012bmolus, piem\u0113ram <strong data-start=\"307\" data-end=\"362\"><a href=\"https:\/\/vapestornado.com\/lv\/product\/randm-12000-puffs-fumot-digital-disposable-vape-wholesale-price\/\">Fumot VAPE<\/a>, <a href=\"https:\/\/vapestornado.com\/lv\/product\/waspe-150k-150000-puff-6-in-1-disposable-vape-pen-cartridge-best-wholesale-price-in-poland\/\">WASPE VAPE<\/a>, <\/strong><strong data-start=\"307\" data-end=\"362\"><a href=\"https:\/\/vapestornado.com\/lv\/product\/vozol-gear-shisha-25k-25000-puffs-best-dtl-disposable-vape-hookah-cheap-price\/\">VOZOL BAR VAPE<\/a>, \u00a0 Bang Vape<\/strong>, un vair\u0101k, nodro\u0161inot kvalit\u0101ti un da\u017e\u0101d\u012bbu katram klientam. Neatkar\u012bgi no t\u0101, vai j\u016bs esat individu\u0101ls vapers vai vairumtirdzniec\u012bbas pirc\u0113js, m\u0113s pieg\u0101d\u0101jam <strong data-start=\"481\" data-end=\"550\">augstas veiktsp\u0113jas ier\u012bces, stil\u012bgus dizainus un konkur\u0113tsp\u0113j\u012bgas cenas<\/strong> lai apmierin\u0101tu j\u016bsu vajadz\u012bbas.<\/p>\n<h2 data-start=\"2064\" data-end=\"2115\">BUJ par FIHP 120K P\u016b\u0161amo Vape vienreiz\u0113jo<\/h2>\n<p data-start=\"2159\" data-end=\"2318\"><strong data-start=\"2159\" data-end=\"2233\">1. Cik gar\u0161as pied\u0101v\u0101 FIHP 120K P\u016b\u0161amais Vape pildspalva?<\/strong><br data-start=\"2233\" data-end=\"2236\" \/>Taj\u0101 ir 6-in-1 sist\u0113ma, \u013caujot lietot\u0101jiem baud\u012bt se\u0161as unik\u0101las gar\u0161as vien\u0101 ier\u012bc\u0113.<\/p>\n<p data-start=\"2320\" data-end=\"2445\"><strong data-start=\"2320\" data-end=\"2369\">2. Vai FIHP 120000 P\u016b\u0161amais vape ir uzl\u0101d\u0113jams?<\/strong><br data-start=\"2369\" data-end=\"2372\" \/>J\u0101, tas ietver 650mAh uzl\u0101d\u0113jamu akumulatoru ar \u0101tru Type-C uzl\u0101di.<\/p>\n<p data-start=\"2447\" data-end=\"2577\"><strong data-start=\"2447\" data-end=\"2511\">3. K\u0101di nikot\u012bna l\u012bme\u0146i ir pieejami FIHP 120k Puffs?<\/strong><br data-start=\"2511\" data-end=\"2514\" \/>J\u016bs varat izv\u0113l\u0113ties starp 2% un 5%, atkar\u012bb\u0101 no j\u016bsu v\u0113lm\u0113m.<\/p>\n<p data-start=\"2579\" data-end=\"2743\"><strong data-start=\"2579\" data-end=\"2646\">4. K\u0101p\u0113c FIHP 120K tiek uzskat\u012bts par vienu no lab\u0101kajiem l\u0113tajiem vape?<\/strong><br data-start=\"2646\" data-end=\"2649\" \/>Tas pied\u0101v\u0101 se\u0161as gar\u0161as, 120000 puffs un dubultu re\u017e\u0123a spir\u0101les kvalit\u0101ti par \u013coti konkur\u0113tsp\u0113j\u012bgu cenu.<\/p>\n<p data-start=\"2745\" data-end=\"2917\"><strong data-start=\"2745\" data-end=\"2813\">5. Kur es varu ieg\u0101d\u0101ties FIHP 120000 Puffs vienreiz\u0113j\u0101s lieto\u0161anas vape lielos daudzumos?<\/strong><br data-start=\"2813\" data-end=\"2816\" \/>Lab\u0101kie vairumtirdzniec\u012bbas pied\u0101v\u0101jumi ir pieejami vietn\u0113 <strong data-start=\"2858\" data-end=\"2888\">Vapes Tornado tie\u0161saistes vape veikals<\/strong>, uzticams Latvijas izplat\u012bt\u0101jiem.<\/p>\n<\/div>\n<\/div>\n<\/div>\n<\/div>","protected":false},"excerpt":{"rendered":"<p data-start=\"3204\" data-end=\"3282\">FIHP 120K 6-in-1 120000 P\u016b\u013cu Vienreiz\u0113j\u0101s lieto\u0161anas Vape Pildspalva | L\u0113ti Vape par vairumtirdzniec\u012bbu<\/p>\n<p data-start=\"3286\" data-end=\"3358\">Pirkt FIHP 120000 P\u016b\u013cu Vape Pildspalvu | Lab\u0101kie 6-in-1 Vienreiz\u0113j\u0101s lieto\u0161anas Vape Eirop\u0101<\/p>\n<p data-start=\"3362\" data-end=\"3446\">FIHP 120K P\u016b\u013cu Vienreiz\u0113j\u0101s lieto\u0161anas Vape \u2013 Liela jauda, daudzveid\u012bgas gar\u0161as, lab\u0101k\u0101 vairumtirdzniec\u012bbas cena<\/p>\n<p><strong>Pievienojiet Eimijas WhatsApp, lai sa\u0146emtu prec\u012bzu atbildi un atlaidi!<\/strong><\/p>\n<p><img fetchpriority=\"high\" decoding=\"async\" class=\"size-full wp-image-2932\" src=\"https:\/\/vapestornado.com\/wp-content\/uploads\/2024\/12\/Vape-Wholesale.jpg\" alt=\"Veipu Vairumtirdzniec\u012bba\" width=\"229\" height=\"300\" \/><\/p>\n<h3><a href=\"https:\/\/wa.me\/8617776015835\"><span style=\"color: #ff0000;\"><strong>WhatsApp: +86 17776015835<\/strong><\/span><\/a><\/h3>","protected":false},"featured_media":4428,"comment_status":"open","ping_status":"closed","template":"","meta":{"_acf_changed":false,"_uag_custom_page_level_css":"","_lmt_disableupdate":"no","_lmt_disable":"","_monsterinsights_skip_tracking":false,"_monsterinsights_sitenote_active":false,"_monsterinsights_sitenote_note":"","_monsterinsights_sitenote_category":0,"site-sidebar-layout":"default","site-content-layout":"","ast-site-content-layout":"default","site-content-style":"default","site-sidebar-style":"default","ast-global-header-display":"","ast-banner-title-visibility":"","ast-main-header-display":"","ast-hfb-above-header-display":"","ast-hfb-below-header-display":"","ast-hfb-mobile-header-display":"","site-post-title":"","ast-breadcrumbs-content":"","ast-featured-img":"","footer-sml-layout":"","ast-disable-related-posts":"","theme-transparent-header-meta":"default","adv-header-id-meta":"","stick-header-meta":"","header-above-stick-meta":"","header-main-stick-meta":"","header-below-stick-meta":"","astra-migrate-meta-layouts":"set","ast-page-background-enabled":"default","ast-page-background-meta":{"desktop":{"background-color":"","background-image":"","background-repeat":"repeat","background-position":"center center","background-size":"auto","background-attachment":"scroll","background-type":"","background-media":"","overlay-type":"","overlay-color":"","overlay-opacity":"","overlay-gradient":""},"tablet":{"background-color":"","background-image":"","background-repeat":"repeat","background-position":"center center","background-size":"auto","background-attachment":"scroll","background-type":"","background-media":"","overlay-type":"","overlay-color":"","overlay-opacity":"","overlay-gradient":""},"mobile":{"background-color":"","background-image":"","background-repeat":"repeat","background-position":"center center","background-size":"auto","background-attachment":"scroll","background-type":"","background-media":"","overlay-type":"","overlay-color":"","overlay-opacity":"","overlay-gradient":""}},"ast-content-background-meta":{"desktop":{"background-color":"var(--ast-global-color-5)","background-image":"","background-repeat":"repeat","background-position":"center center","background-size":"auto","background-attachment":"scroll","background-type":"","background-media":"","overlay-type":"","overlay-color":"","overlay-opacity":"","overlay-gradient":""},"tablet":{"background-color":"var(--ast-global-color-5)","background-image":"","background-repeat":"repeat","background-position":"center center","background-size":"auto","background-attachment":"scroll","background-type":"","background-media":"","overlay-type":"","overlay-color":"","overlay-opacity":"","overlay-gradient":""},"mobile":{"background-color":"var(--ast-global-color-5)","background-image":"","background-repeat":"repeat","background-position":"center center","background-size":"auto","background-attachment":"scroll","background-type":"","background-media":"","overlay-type":"","overlay-color":"","overlay-opacity":"","overlay-gradient":""}},"_joinchat":[]},"product_brand":[],"product_cat":[347,154,142,144,146,60],"product_tag":[387,287,368,388,395,390,393,386],"class_list":{"0":"post-4430","1":"product","2":"type-product","3":"status-publish","4":"has-post-thumbnail","6":"product_cat-120000-puff","7":"product_cat-buy-disposable-vapes-in-netherlands","8":"product_cat-digital-box-disposable-vapes","9":"product_cat-low-nicotine-disposable-vapes","10":"product_cat-rechargeable-disposable-vapes","11":"product_cat-waspe-fihp-vape","12":"product_tag-cigarette-vapor","13":"product_tag-disposable-vape-pen","14":"product_tag-disposable-vapor","15":"product_tag-e-vape","16":"product_tag-fihp-120k","17":"product_tag-online-vape-shop","18":"product_tag-vape-cartridge","19":"product_tag-vape-pen","20":"desktop-align-left","21":"tablet-align-left","22":"mobile-align-left","24":"first","25":"instock","26":"sale","27":"shipping-taxable","28":"purchasable","29":"product-type-simple"},"acf":[],"uagb_featured_image_src":{"full":["https:\/\/vapestornado.com\/wp-content\/uploads\/2025\/10\/FIHP-Multi-120000-puffs-Original-Disposable-Vape.webp",800,800,false],"thumbnail":["https:\/\/vapestornado.com\/wp-content\/uploads\/2025\/10\/FIHP-Multi-120000-puffs-Original-Disposable-Vape-150x150.webp",150,150,true],"medium":["https:\/\/vapestornado.com\/wp-content\/uploads\/2025\/10\/FIHP-Multi-120000-puffs-Original-Disposable-Vape-300x300.webp",300,300,true],"medium_large":["https:\/\/vapestornado.com\/wp-content\/uploads\/2025\/10\/FIHP-Multi-120000-puffs-Original-Disposable-Vape-768x768.webp",768,768,true],"large":["https:\/\/vapestornado.com\/wp-content\/uploads\/2025\/10\/FIHP-Multi-120000-puffs-Original-Disposable-Vape.webp",800,800,false],"1536x1536":["https:\/\/vapestornado.com\/wp-content\/uploads\/2025\/10\/FIHP-Multi-120000-puffs-Original-Disposable-Vape.webp",800,800,false],"2048x2048":["https:\/\/vapestornado.com\/wp-content\/uploads\/2025\/10\/FIHP-Multi-120000-puffs-Original-Disposable-Vape.webp",800,800,false],"trp-custom-language-flag":["https:\/\/vapestornado.com\/wp-content\/uploads\/2025\/10\/FIHP-Multi-120000-puffs-Original-Disposable-Vape-12x12.webp",12,12,true],"woocommerce_thumbnail":["https:\/\/vapestornado.com\/wp-content\/uploads\/2025\/10\/FIHP-Multi-120000-puffs-Original-Disposable-Vape-300x300.webp",300,300,true],"woocommerce_single":["https:\/\/vapestornado.com\/wp-content\/uploads\/2025\/10\/FIHP-Multi-120000-puffs-Original-Disposable-Vape-600x600.webp",600,600,true],"woocommerce_gallery_thumbnail":["https:\/\/vapestornado.com\/wp-content\/uploads\/2025\/10\/FIHP-Multi-120000-puffs-Original-Disposable-Vape-100x100.webp",100,100,true]},"uagb_author_info":{"display_name":"ESAMY","author_link":"https:\/\/vapestornado.com\/lv\/author\/"},"uagb_comment_info":1,"uagb_excerpt":"FIHP 120K 6-in-1 120000 Puff Disposable Vape Pen | Cheap Vapes for Wholesale Buy FIHP 120000 Puff Vape Pen | Best 6-in-1 Disposable Vapes in Europe FIHP 120K Puff Disposable Vape \u2013 Big Capacity, Multi Flavors, Best Wholesale Price Add Amy's whatsapp to get right reply and discount price! WhatsApp: +86 17776015835","_links":{"self":[{"href":"https:\/\/vapestornado.com\/lv\/wp-json\/wp\/v2\/product\/4430","targetHints":{"allow":["GET"]}}],"collection":[{"href":"https:\/\/vapestornado.com\/lv\/wp-json\/wp\/v2\/product"}],"about":[{"href":"https:\/\/vapestornado.com\/lv\/wp-json\/wp\/v2\/types\/product"}],"replies":[{"embeddable":true,"href":"https:\/\/vapestornado.com\/lv\/wp-json\/wp\/v2\/comments?post=4430"}],"wp:featuredmedia":[{"embeddable":true,"href":"https:\/\/vapestornado.com\/lv\/wp-json\/wp\/v2\/media\/4428"}],"wp:attachment":[{"href":"https:\/\/vapestornado.com\/lv\/wp-json\/wp\/v2\/media?parent=4430"}],"wp:term":[{"taxonomy":"product_brand","embeddable":true,"href":"https:\/\/vapestornado.com\/lv\/wp-json\/wp\/v2\/product_brand?post=4430"},{"taxonomy":"product_cat","embeddable":true,"href":"https:\/\/vapestornado.com\/lv\/wp-json\/wp\/v2\/product_cat?post=4430"},{"taxonomy":"product_tag","embeddable":true,"href":"https:\/\/vapestornado.com\/lv\/wp-json\/wp\/v2\/product_tag?post=4430"}],"curies":[{"name":"wp","href":"https:\/\/api.w.org\/{rel}","templated":true}]}}