{"id":4422,"date":"2025-10-14T09:29:02","date_gmt":"2025-10-14T09:29:02","guid":{"rendered":"https:\/\/vapestornado.com\/?post_type=product&#038;p=4422"},"modified":"2025-12-16T09:53:51","modified_gmt":"2025-12-16T09:53:51","slug":"waspe-150k-150000-puff-6-in-1-disposable-vape-pen-cartridge-best-wholesale-price-in-poland","status":"publish","type":"product","link":"https:\/\/vapestornado.com\/lv\/product\/waspe-150k-150000-puff-6-in-1-disposable-vape-pen-cartridge-best-wholesale-price-in-poland\/","title":{"rendered":"WASPE 150K 150000 P\u012bpju 6 in 1 Vienreiz\u0113j\u0101s lieto\u0161anas Vape pildspalvas kartrid\u017es Lab\u0101k\u0101 vairumtirdzniec\u012bbas cena Latvij\u0101"},"content":{"rendered":"<h2 data-pm-slice=\"1 1 []\">WASPE 150K 150000 P\u012bpju 6 in 1 Vienreiz\u0113j\u0101s lieto\u0161anas Vape pildspalvas kartrid\u017es Lab\u0101k\u0101 vairumtirdzniec\u012bbas cena Latvij\u0101<\/h2>\n<p data-start=\"112\" data-end=\"657\"><strong data-start=\"108\" data-end=\"134\">WASPE 150K 150000 P\u016b\u0161\u013ci<\/strong> ir veidots vienam m\u0113r\u0137im: <strong data-start=\"159\" data-end=\"204\">maksim\u0101lais darb\u012bbas laiks ar re\u0101lu gar\u0161u da\u017e\u0101d\u012bbu<\/strong> vien\u0101 vien\u012bb\u0101. Tas nodro\u0161ina l\u012bdz <strong data-start=\"236\" data-end=\"253\">150 000 p\u016btieniem<\/strong>, izmanto <strong data-start=\"262\" data-end=\"300\">6-in-1 main\u0101mu kartrid\u017eu sist\u0113mu<\/strong>, un ir apr\u012bkots ar <strong data-start=\"316\" data-end=\"350\">64ml iepriek\u0161pild\u012btu e-\u0161\u0137idruma padevi<\/strong>\u2014 t\u0101p\u0113c j\u016bs nemain\u0101t ier\u012bces katru ned\u0113\u013cu. A <strong data-start=\"397\" data-end=\"422\">1.0\u03a9 tr\u012bsk\u0101r\u0161\u0101 re\u017e\u0123a sild\u012bt\u0101js<\/strong> saglab\u0101 tvaiku bl\u012bvu un gar\u0161u t\u012bru p\u0101rmai\u0146u laik\u0101, kam\u0113r <strong data-start=\"494\" data-end=\"515\">LED viedais displejs<\/strong> par\u0101da akumulatora un e-\u0161\u0137idruma st\u0101vokli skaidri. Ar <strong data-start=\"566\" data-end=\"604\">650 mAh Type-C uzl\u0101d\u0113jams akumulators<\/strong> un nikot\u012bna opcij\u0101m <strong data-start=\"626\" data-end=\"640\">0%, 2%, 5%<\/strong>, tas ir piem\u0113rots gan person\u012bgajiem lietot\u0101jiem, gan vairumtirdzniec\u012bbas pirc\u0113jiem, kuri v\u0113las augstas piepras\u012bjuma produktu <strong data-start=\"726\" data-end=\"737\">Vape PL<\/strong> un pla\u0161\u0101kiem Eiropas Savien\u012bbas tirgiem.<\/p>\n<h3 data-start=\"996\" data-end=\"1043\">K\u0101p\u0113c WASPE 150K 150000 P\u016b\u0161\u013ci sniedz lab\u0101ku v\u0113rt\u012bbu par p\u016b\u0161\u013cu skaitu?<\/h3>\n<ul data-start=\"1045\" data-end=\"2676\">\n<li data-start=\"1045\" data-end=\"1422\">\n<p data-start=\"1047\" data-end=\"1422\"><strong data-start=\"1047\" data-end=\"1096\">150K iztur\u012bba, ko nodro\u0161ina liela 64ml padeve.<\/strong> T\u0101 <strong data-start=\"1101\" data-end=\"1123\">WASPE 150000 P\u016b\u0161\u013ci<\/strong> form\u0101ts ir izstr\u0101d\u0101ts, lai samazin\u0101tu past\u0101v\u012bgas nomai\u0146as nepiecie\u0161am\u012bbu, t\u0101p\u0113c tas ieg\u016bst uzman\u012bbu Latvij\u0101 un \u0101rpus t\u0101s. Daudziem lietot\u0101jiem, sal\u012bdzinot <strong data-start=\"1254\" data-end=\"1269\">Vapor cenu<\/strong> pret\u012b ilgm\u016b\u017e\u012bbai <strong data-start=\"1290\" data-end=\"1301\">Vape PL<\/strong>, ier\u012bce ar \u0161o jaudu var nodro\u0161in\u0101t daudz zem\u0101kas dienas izmaksas nek\u0101 maz\u0101kas \u201cLab\u0101k\u0101s vienreiz\u0113j\u0101s\u201d, kas \u0101tri iztuk\u0161ojas.<\/p>\n<\/li>\n<li data-start=\"1424\" data-end=\"1739\">\n<p data-start=\"1426\" data-end=\"1739\"><strong data-start=\"1426\" data-end=\"1482\">6-in-1 patronu mai\u0146a nov\u0113r\u0161 gar\u0161as izs\u012bkumu.<\/strong> Ilgdz\u012bves ier\u012bce darbojas tikai tad, ja to joproj\u0101m baud\u0101t p\u0113c div\u0101m ned\u0113\u013c\u0101m. T\u0101 <strong data-start=\"1556\" data-end=\"1598\">6-in-1 pod ecig stila patronu sist\u0113ma<\/strong> \u013cauj nekav\u0113joties main\u012bt gar\u0161as, padarot viegl\u0101ku palikt pie viena vien\u012bbas, nevis pirkt vair\u0101kus vape, lai chase jaunu <strong data-start=\"1722\" data-end=\"1738\">vape gar\u0161u<\/strong>.<\/p>\n<\/li>\n<li data-start=\"1741\" data-end=\"2061\">\n<p data-start=\"1743\" data-end=\"2061\"><strong data-start=\"1743\" data-end=\"1807\">Tr\u012bsk\u0101r\u0161\u0101 re\u017e\u0123a spir\u0101les izvade paliek gluda p\u0101rmai\u0146\u0101s gar\u0161\u0101s.<\/strong> T\u0101 <strong data-start=\"1812\" data-end=\"1837\">1.0\u03a9 tr\u012bsk\u0101r\u0161\u0101 re\u017e\u0123a sild\u012bt\u0101js<\/strong> izplat\u0101s siltumu vienm\u0113r\u012bgi un pal\u012bdz uztur\u0113t konsekventu tvaiku un gar\u0161u. Tas ir svar\u012bgi, mainot gar\u0161as\u2014l\u0113t\u0101s spir\u0101les var izpludin\u0101t gar\u0161u vai justies asi. WASPE spir\u0101les uzst\u0101d\u012bjums m\u0113r\u0137\u0113 uz t\u012br\u0101m p\u0101rej\u0101m un maz\u0101k saus\u0101m, skr\u0101p\u0113jo\u0161\u0101m vilk\u0161an\u0101m.<\/p>\n<\/li>\n<li data-start=\"2063\" data-end=\"2363\">\n<p data-start=\"2065\" data-end=\"2363\"><strong data-start=\"2065\" data-end=\"2111\">Atjaunojama jauda saglab\u0101 v\u0113rt\u012bbu god\u012bgu.<\/strong> Ar <strong data-start=\"2117\" data-end=\"2143\">650mAh Type-C uzl\u0101de<\/strong>, ier\u012bci var \u0101tri papildin\u0101t un izmantot t\u0101s ilga kalpo\u0161anas laik\u0101. Tas samazina \u201cbaterija beidz\u0101s pirm\u0101\u201d atkritumus\u2014viens no galvenajiem izaicin\u0101jumiem, ar ko saskaras cilv\u0113ki, p\u0113rkot <strong data-start=\"2306\" data-end=\"2328\">L\u0113tas e-cigaret\u0113s<\/strong> kas nav paredz\u0113tas ilgam lieto\u0161anai.<\/p>\n<\/li>\n<li data-start=\"2365\" data-end=\"2676\">\n<p data-start=\"2367\" data-end=\"2676\"><strong data-start=\"2367\" data-end=\"2422\">Izstr\u0101d\u0101ts gan person\u012bgai lieto\u0161anai, gan vairumtirdzniec\u012bbas apgroz\u012bjumam.<\/strong> Galvenie parametri (150 t\u016bksto\u0161i puffs, 6 gar\u0161as, 64 ml, LED ekr\u0101ns) ir viegli p\u0101rdot mazumtirdzniec\u012bb\u0101. Izplat\u012bt\u0101jiem tas ir vienk\u0101r\u0161s st\u0101sts, kas labi darbojas Latvij\u0101, kur augstas jaudas ier\u012bces var \u0101tri p\u0101rdot\u2014tirgos, kur\u0101s ir liela piepras\u012bjuma jaud\u012bgas ier\u012bces.<\/p>\n<\/li>\n<\/ul>\n<p><strong><span style=\"color: #ff0000;\">Pievienojiet Eimijas whatsapp, lai sa\u0146emtu pareizu atbildi un iztvaic\u0113t\u0101ja kuponu!<\/span><\/strong><\/p>\n<p><img fetchpriority=\"high\" decoding=\"async\" class=\"size-full wp-image-2932\" src=\"https:\/\/vapestornado.com\/wp-content\/uploads\/2024\/12\/Vape-Wholesale.jpg\" alt=\"Veipu Vairumtirdzniec\u012bba\" width=\"229\" height=\"300\" \/><\/p>\n<h3><a href=\"https:\/\/wa.me\/8617776015835\" target=\"_blank\" rel=\"noopener\"><span style=\"color: #ff0000;\"><strong>WhatsApp: +86 17776015835<\/strong><\/span><\/a><\/h3>\n<p>&nbsp;<\/p>\n<h2><strong>WASPE 150K 150000 P\u016b\u0161u Produkta \u012bpa\u0161\u012bbas<\/strong><\/h2>\n<table>\n<thead>\n<tr>\n<th>\u012apa\u0161\u012bba<\/th>\n<th>specifik\u0101cija<\/th>\n<th>k\u0101 tas darbojas<\/th>\n<\/tr>\n<\/thead>\n<tbody>\n<tr>\n<td>Produkts Nosaukums<\/td>\n<td>WASPE 150K 150000 P\u016b\u0161\u013ci<\/td>\n<td>Ultra-augstas jaudas vienreiz\u0113j\u0101 vape ar gar\u0161as mai\u0146u<\/td>\n<\/tr>\n<tr>\n<td>Dvesienu skaits<\/td>\n<td>L\u012bdz 150 000 puffs<\/td>\n<td>Izstr\u0101d\u0101ts, lai samazin\u0101tu nomai\u0146as bie\u017eumu intens\u012bv\u0101s rut\u012bn\u0101s<\/td>\n<\/tr>\n<tr>\n<td>Gar\u0161as sist\u0113ma<\/td>\n<td>6-in-1 main\u0101mu kartrid\u017eu sist\u0113mu<\/td>\n<td>Nekav\u0113joties main\u012bt gar\u0161as vien\u0101 ier\u012bc\u0113<\/td>\n<\/tr>\n<tr>\n<td>E-\u0161\u0137idruma ietilp\u012bba<\/td>\n<td>64 ml iepriek\u0161pild\u012bts<\/td>\n<td>Liela apjoma nodro\u0161ina ilg\u0101kas sesijas un augstu puffs skaitu<\/td>\n<\/tr>\n<tr>\n<td>Spole<\/td>\n<td>1.0\u03a9 tr\u012bsk\u0101r\u0161\u0101 re\u017e\u0123a sild\u012bt\u0101js<\/td>\n<td>Vienm\u0113r\u012bga sild\u012b\u0161ana bl\u012bvi tvaiki un konsekventa gar\u0161as skaidr\u012bba<\/td>\n<\/tr>\n<tr>\n<td>Akumulators<\/td>\n<td>650mAh uzl\u0101d\u0113jams<\/td>\n<td>Pildiet p\u0113c nepiecie\u0161am\u012bbas, lai turpin\u0101tu izmantot pilnu \u0161\u0137idruma padevi<\/td>\n<\/tr>\n<tr>\n<td>Uzl\u0101de<\/td>\n<td>C tipa \u0101tr\u0101 uzl\u0101de<\/td>\n<td>\u0100tri papildin\u0101jumi ar bie\u017e\u0101k izmantotajiem ES kabe\u013ciem<\/td>\n<\/tr>\n<tr>\n<td>Displejs<\/td>\n<td>LED viedais displejs<\/td>\n<td>R\u0101da akumulatora un e-\u0161\u0137idruma l\u012bmeni priek\u0161 paredzamas ikdienas lieto\u0161anas<\/td>\n<\/tr>\n<tr>\n<td>Nikot\u012bna opcijas<\/td>\n<td>0% \/ 2% \/ 5%<\/td>\n<td>Atbalsta nikot\u012bna br\u012bvas, zemas un stipras preferences<\/td>\n<\/tr>\n<\/tbody>\n<\/table>\n<figure id=\"attachment_4416\" aria-describedby=\"caption-attachment-4416\" style=\"width: 300px\" class=\"wp-caption alignnone\"><img decoding=\"async\" class=\"size-medium wp-image-4416\" src=\"https:\/\/vapestornado.com\/wp-content\/uploads\/2025\/10\/WASPE-150K-150000-Puff-Disposable-Vape-Wholesale-Factory-Price-300x300.webp\" alt=\"WASPE 150K 150000 P\u016b\u0161\u013co\u0161anas vienreizlietojams vape vairumtirdzniec\u012bbas r\u016bpn\u012bca cena\" width=\"300\" height=\"300\" srcset=\"https:\/\/vapestornado.com\/wp-content\/uploads\/2025\/10\/WASPE-150K-150000-Puff-Disposable-Vape-Wholesale-Factory-Price-300x300.webp 300w, https:\/\/vapestornado.com\/wp-content\/uploads\/2025\/10\/WASPE-150K-150000-Puff-Disposable-Vape-Wholesale-Factory-Price-150x150.webp 150w, https:\/\/vapestornado.com\/wp-content\/uploads\/2025\/10\/WASPE-150K-150000-Puff-Disposable-Vape-Wholesale-Factory-Price-768x768.webp 768w, https:\/\/vapestornado.com\/wp-content\/uploads\/2025\/10\/WASPE-150K-150000-Puff-Disposable-Vape-Wholesale-Factory-Price-12x12.webp 12w, https:\/\/vapestornado.com\/wp-content\/uploads\/2025\/10\/WASPE-150K-150000-Puff-Disposable-Vape-Wholesale-Factory-Price-600x600.webp 600w, https:\/\/vapestornado.com\/wp-content\/uploads\/2025\/10\/WASPE-150K-150000-Puff-Disposable-Vape-Wholesale-Factory-Price-100x100.webp 100w, https:\/\/vapestornado.com\/wp-content\/uploads\/2025\/10\/WASPE-150K-150000-Puff-Disposable-Vape-Wholesale-Factory-Price.webp 800w\" sizes=\"(max-width: 300px) 100vw, 300px\" \/><figcaption id=\"caption-attachment-4416\" class=\"wp-caption-text\">WASPE 150K 150000 P\u016b\u0161\u013co\u0161anas vienreizlietojams vape vairumtirdzniec\u012bbas r\u016bpn\u012bca cena<\/figcaption><\/figure>\n<h2 class=\"product-title\"><strong>WASPE 150K 150000 P\u016b\u0161\u013co\u0161anas gar\u0161u saraksts<\/strong><\/h2>\n<p data-start=\"2550\" data-end=\"2736\">1. Arb\u016bza ledus &amp; Citronu laima &amp; Citrona persiks<br \/>\n2. Mellenes ledus &amp; Zeme\u0146u kiwi &amp; \u0137ir\u0161u zeme\u0146u ledus<br \/>\n3. Sarkan\u0101 bulta ledus &amp; Raspberija Pomp &amp; Sk\u0101ba mango zeme\u0146u<br \/>\n4. Zeme\u0146u arb\u016bzs &amp; Juicy persiks ledus &amp; Tr\u012bsk\u0101r\u0161\u0101s ogu ledus<br \/>\n5. \u0136ir\u0161u kola ledus &amp; Zeme\u0146u Sarkan\u0101 bulta ledus &amp; Arb\u016bza Raspberija<br \/>\n6. V\u012bnogu ledus &amp; Zil\u0101 Razz \u0137ir\u0161u &amp; Zeme\u0146u ledus<br \/>\n7. Sajaukt\u0101s ogas &amp; Melnais p\u016b\u0137is ledus &amp; Zeme\u0146u \u0137ir\u0161u kola<br \/>\n8. G\u0101z\u0113t\u0101 kola ledus &amp; Ener\u0123ijas dz\u0113riens &amp; \u0136ir\u0161u ledus<br \/>\n9. Zeme\u0146u ban\u0101nu un kivi arb\u016bzs un kokosriekstu zeme\u0146u<br \/>\n10. Red Bull Cola Ice &amp; Zeme\u0146u melle\u0146u \u0137ir\u0161u &amp; Blackberries Dragon Fruit<br \/>\n11. Zeme\u0146u arb\u016bza burbu\u013cgumija &amp; Sk\u0101b\u0101 mango Ice &amp; Zeme\u0146u v\u012bnogu Ice<br \/>\n12. Melones passions aug\u013ci &amp; Blackberries Ice &amp; \u0100bols Kivi<\/p>\n<div class=\"flex-shrink-0 flex flex-col relative items-end\">\n<div class=\"pt-0\">\n<div class=\"gizmo-bot-avatar flex h-8 w-8 items-center justify-center overflow-hidden rounded-full\">\n<div class=\"relative p-1 rounded-sm flex items-center justify-center bg-token-main-surface-primary text-token-text-primary h-8 w-8\">\n<h2 data-start=\"1200\" data-end=\"1487\">Vapes Tornado \u2013 J\u016bsu vairumtirdzniec\u012bbas tie\u0161saistes vape veikals ar lab\u0101kaj\u0101m vape z\u012bmoliem<\/h2>\n<p data-start=\"1200\" data-end=\"1487\"><strong data-start=\"141\" data-end=\"177\">Vapes Tornado Tie\u0161saistes D\u016bmu Veikals<\/strong> ir j\u016bsu uzticams avots <strong data-start=\"205\" data-end=\"270\">premium vienreizlietojamie vape un vairumtirdzniec\u012bbas e-cigaretes Eirop\u0101<\/strong>. M\u0113s pied\u0101v\u0101jam popul\u0101r\u0101k\u0101s z\u012bmolus, piem\u0113ram <strong data-start=\"307\" data-end=\"362\"><a href=\"https:\/\/vapestornado.com\/lv\/product\/randm-12000-puffs-fumot-digital-disposable-vape-wholesale-price\/\">Fumot VAPE<\/a>, <a href=\"https:\/\/vapestornado.com\/lv\/product\/original-wga-ultra-35k-35000-puff-rechargeable-crystal-disposable-nicotine-vape-best-discount-price\/\">WGA VAPE<\/a>, <\/strong><strong data-start=\"307\" data-end=\"362\"><a href=\"https:\/\/vapestornado.com\/lv\/product\/vozol-gear-shisha-25k-25000-puffs-best-dtl-disposable-vape-hookah-cheap-price\/\">VOZOL BAR VAPE<\/a>, \u00a0 Bang Vape<\/strong>, un vair\u0101k, nodro\u0161inot kvalit\u0101ti un da\u017e\u0101d\u012bbu katram klientam. Neatkar\u012bgi no t\u0101, vai j\u016bs esat individu\u0101ls vapers vai vairumtirdzniec\u012bbas pirc\u0113js, m\u0113s pieg\u0101d\u0101jam <strong data-start=\"481\" data-end=\"550\">augstas veiktsp\u0113jas ier\u012bces, stil\u012bgus dizainus un konkur\u0113tsp\u0113j\u012bgas cenas<\/strong> lai apmierin\u0101tu j\u016bsu vajadz\u012bbas.<\/p>\n<h2 data-start=\"2064\" data-end=\"2115\">BUJ par WASPE 150K 150000 p\u016b\u013cu vienreizlietojamo vape<\/h2>\n<ol data-start=\"3648\" data-end=\"4929\">\n<li data-start=\"3648\" data-end=\"3906\">\n<p data-start=\"3651\" data-end=\"3906\"><strong data-start=\"3651\" data-end=\"3759\">K\u0101 WASPE 150K 150000 puffs 64ml vienreiz\u0113j\u0101 vape ilgtermi\u0146\u0101 tiek gal\u0101 ar ikdienas lieto\u0161anu bez \u0101tras izzu\u0161anas?<\/strong><br data-start=\"3759\" data-end=\"3762\" \/>64ml ietilp\u012bba atbalsta ilgsto\u0161u lieto\u0161anu, un Type-C uzl\u0101de \u013cauj to uztur\u0113t darb\u012bb\u0101, lai j\u016bs patie\u0161\u0101m var\u0113tu sasniegt ier\u012bces ilgm\u016b\u017e\u012bbas potenci\u0101lu.<\/p>\n<\/li>\n<li data-start=\"3908\" data-end=\"4121\">\n<p data-start=\"3911\" data-end=\"4121\"><strong data-start=\"3911\" data-end=\"3997\">Vai WASPE 150000 Puffs 6-in-1 patronu sist\u0113ma saglab\u0101 gar\u0161u svaigu vair\u0101kas ned\u0113\u013cas?<\/strong><br data-start=\"3997\" data-end=\"4000\" \/>J\u0101. Mainot gar\u0161as, samazin\u0101s \u201cgar\u0161as nogurums\u201d, kas ir galvenais iemesls, k\u0101p\u0113c daudzi lietot\u0101ji agri pamet augstas ietilp\u012bbas ier\u012bces.<\/p>\n<\/li>\n<li data-start=\"4123\" data-end=\"4389\">\n<p data-start=\"4126\" data-end=\"4389\"><strong data-start=\"4126\" data-end=\"4227\">K\u0101da ir 1.0\u03a9 triple mesh siltummai\u0146a ietekme uz pod ecig stila vienreiz\u0113jo ier\u012bci k\u0101 WASPE 150K?<\/strong><br data-start=\"4227\" data-end=\"4230\" \/>Triple mesh sild\u012b\u0161ana vienm\u0113r\u012bg\u0101k izplata siltumu, uzlabojot tvaika gludumu un pal\u012bdzot gar\u0161\u0101m saglab\u0101t skaidr\u012bbu\u2014\u012bpa\u0161i svar\u012bgi, rot\u0113jot vair\u0101kas gar\u0161as.<\/p>\n<\/li>\n<li data-start=\"4391\" data-end=\"4632\">\n<p data-start=\"4394\" data-end=\"4632\"><strong data-start=\"4394\" data-end=\"4493\">Vai WASPE 150K ir lab\u0101ka v\u0113rt\u012bba nek\u0101 l\u0113tas e-cigaret\u0113s, sal\u012bdzinot Vapor cenu Vape PL?<\/strong><br data-start=\"4493\" data-end=\"4496\" \/>Bie\u017ei vien j\u0101. Pat ja s\u0101kotn\u0113j\u0101 cena ir augst\u0101ka, dienas izmaksas var b\u016bt zem\u0101kas, pateicoties daudz maz\u0101k\u0101m nomai\u0146\u0101m un uzl\u0101d\u0113jamai lieto\u0161anai.<\/p>\n<\/li>\n<li data-start=\"4634\" data-end=\"4929\">\n<p data-start=\"4637\" data-end=\"4929\"><strong data-start=\"4637\" data-end=\"4746\">Kam ir vislab\u0101k piem\u0113rots WASPE 150K 150000 puffs\u2014vieglajiem lietot\u0101jiem vai smagajiem lietot\u0101jiem, kas mekl\u0113 stipru vaper gar\u0161u?<\/strong><br data-start=\"4746\" data-end=\"4749\" \/>Tas galvenok\u0101rt ir paredz\u0113ts smag\u0101k\u0101m rut\u012bn\u0101m un lietot\u0101jiem, kuri v\u0113las da\u017e\u0101d\u012bbu bez vair\u0101k\u0101m ier\u012bc\u0113m. Nikot\u012bna opcijas (0%, 2%, 5%) \u013cauj tam piel\u0101goties gan viegl\u0101k\u0101m, gan stipr\u0101k\u0101m v\u0113lm\u0113m.<\/p>\n<\/li>\n<\/ol>\n<\/div>\n<\/div>\n<\/div>\n<\/div>","protected":false},"excerpt":{"rendered":"<p data-start=\"3411\" data-end=\"3490\">WASPE 150K 150000 pufa vienreizlietojama vape ar 6-in-1 arom\u0101tu kartrid\u017ea sist\u0113mu, 64ml iepriek\u0161pild\u012bta e-\u0161\u0137idruma, 1.0\u03a9 tr\u012bsk\u0101r\u0161\u0101 re\u017e\u0123a spir\u0101le, LED gudrs displejs un 650mAh Type-C uzl\u0101de. Sp\u0113c\u012bga ilgm\u016b\u017e\u012bga v\u0113rt\u012bba Vape PL pirc\u0113jiem, sal\u012bdzinot ar Vapor cenu, lab\u0101k\u0101s vienreiz\u0113j\u0101s lieto\u0161anas un l\u0113t\u0101s e-cigaret\u0113s, ar pod ecig stila arom\u0101tu mai\u0146u.<\/p>\n<p><strong>Pievienojiet Eimijas WhatsApp, lai sa\u0146emtu prec\u012bzu atbildi un atlaidi!<\/strong><\/p>\n<p><img fetchpriority=\"high\" decoding=\"async\" class=\"size-full wp-image-2932\" src=\"https:\/\/vapestornado.com\/wp-content\/uploads\/2024\/12\/Vape-Wholesale.jpg\" alt=\"Veipu Vairumtirdzniec\u012bba\" width=\"229\" height=\"300\" \/><\/p>\n<h3><a href=\"https:\/\/wa.me\/8617776015835\"><span style=\"color: #ff0000;\"><strong>WhatsApp: +86 17776015835<\/strong><\/span><\/a><\/h3>","protected":false},"featured_media":4421,"comment_status":"open","ping_status":"closed","template":"","meta":{"_acf_changed":false,"_uag_custom_page_level_css":"","_lmt_disableupdate":"no","_lmt_disable":"","_monsterinsights_skip_tracking":false,"_monsterinsights_sitenote_active":false,"_monsterinsights_sitenote_note":"","_monsterinsights_sitenote_category":0,"site-sidebar-layout":"default","site-content-layout":"","ast-site-content-layout":"default","site-content-style":"default","site-sidebar-style":"default","ast-global-header-display":"","ast-banner-title-visibility":"","ast-main-header-display":"","ast-hfb-above-header-display":"","ast-hfb-below-header-display":"","ast-hfb-mobile-header-display":"","site-post-title":"","ast-breadcrumbs-content":"","ast-featured-img":"","footer-sml-layout":"","ast-disable-related-posts":"","theme-transparent-header-meta":"default","adv-header-id-meta":"","stick-header-meta":"","header-above-stick-meta":"","header-main-stick-meta":"","header-below-stick-meta":"","astra-migrate-meta-layouts":"set","ast-page-background-enabled":"default","ast-page-background-meta":{"desktop":{"background-color":"","background-image":"","background-repeat":"repeat","background-position":"center center","background-size":"auto","background-attachment":"scroll","background-type":"","background-media":"","overlay-type":"","overlay-color":"","overlay-opacity":"","overlay-gradient":""},"tablet":{"background-color":"","background-image":"","background-repeat":"repeat","background-position":"center center","background-size":"auto","background-attachment":"scroll","background-type":"","background-media":"","overlay-type":"","overlay-color":"","overlay-opacity":"","overlay-gradient":""},"mobile":{"background-color":"","background-image":"","background-repeat":"repeat","background-position":"center center","background-size":"auto","background-attachment":"scroll","background-type":"","background-media":"","overlay-type":"","overlay-color":"","overlay-opacity":"","overlay-gradient":""}},"ast-content-background-meta":{"desktop":{"background-color":"var(--ast-global-color-5)","background-image":"","background-repeat":"repeat","background-position":"center center","background-size":"auto","background-attachment":"scroll","background-type":"","background-media":"","overlay-type":"","overlay-color":"","overlay-opacity":"","overlay-gradient":""},"tablet":{"background-color":"var(--ast-global-color-5)","background-image":"","background-repeat":"repeat","background-position":"center center","background-size":"auto","background-attachment":"scroll","background-type":"","background-media":"","overlay-type":"","overlay-color":"","overlay-opacity":"","overlay-gradient":""},"mobile":{"background-color":"var(--ast-global-color-5)","background-image":"","background-repeat":"repeat","background-position":"center center","background-size":"auto","background-attachment":"scroll","background-type":"","background-media":"","overlay-type":"","overlay-color":"","overlay-opacity":"","overlay-gradient":""}},"_joinchat":[]},"product_brand":[],"product_cat":[394,154,142,144,146,60],"product_tag":[387,287,388,390,393,386,392,391],"class_list":{"0":"post-4422","1":"product","2":"type-product","3":"status-publish","4":"has-post-thumbnail","6":"product_cat-150000-puff","7":"product_cat-buy-disposable-vapes-in-netherlands","8":"product_cat-digital-box-disposable-vapes","9":"product_cat-low-nicotine-disposable-vapes","10":"product_cat-rechargeable-disposable-vapes","11":"product_cat-waspe-fihp-vape","12":"product_tag-cigarette-vapor","13":"product_tag-disposable-vape-pen","14":"product_tag-e-vape","15":"product_tag-online-vape-shop","16":"product_tag-vape-cartridge","17":"product_tag-vape-pen","18":"product_tag-waspe-150000-puff","19":"product_tag-waspe-150k","20":"desktop-align-left","21":"tablet-align-left","22":"mobile-align-left","24":"first","25":"instock","26":"sale","27":"shipping-taxable","28":"purchasable","29":"product-type-simple"},"acf":[],"uagb_featured_image_src":{"full":["https:\/\/vapestornado.com\/wp-content\/uploads\/2025\/10\/WASPE-AIVIOU-150K-Disposable-Vape-Wholesale-Price.webp",800,800,false],"thumbnail":["https:\/\/vapestornado.com\/wp-content\/uploads\/2025\/10\/WASPE-AIVIOU-150K-Disposable-Vape-Wholesale-Price-150x150.webp",150,150,true],"medium":["https:\/\/vapestornado.com\/wp-content\/uploads\/2025\/10\/WASPE-AIVIOU-150K-Disposable-Vape-Wholesale-Price-300x300.webp",300,300,true],"medium_large":["https:\/\/vapestornado.com\/wp-content\/uploads\/2025\/10\/WASPE-AIVIOU-150K-Disposable-Vape-Wholesale-Price-768x768.webp",768,768,true],"large":["https:\/\/vapestornado.com\/wp-content\/uploads\/2025\/10\/WASPE-AIVIOU-150K-Disposable-Vape-Wholesale-Price.webp",800,800,false],"1536x1536":["https:\/\/vapestornado.com\/wp-content\/uploads\/2025\/10\/WASPE-AIVIOU-150K-Disposable-Vape-Wholesale-Price.webp",800,800,false],"2048x2048":["https:\/\/vapestornado.com\/wp-content\/uploads\/2025\/10\/WASPE-AIVIOU-150K-Disposable-Vape-Wholesale-Price.webp",800,800,false],"trp-custom-language-flag":["https:\/\/vapestornado.com\/wp-content\/uploads\/2025\/10\/WASPE-AIVIOU-150K-Disposable-Vape-Wholesale-Price-12x12.webp",12,12,true],"woocommerce_thumbnail":["https:\/\/vapestornado.com\/wp-content\/uploads\/2025\/10\/WASPE-AIVIOU-150K-Disposable-Vape-Wholesale-Price-300x300.webp",300,300,true],"woocommerce_single":["https:\/\/vapestornado.com\/wp-content\/uploads\/2025\/10\/WASPE-AIVIOU-150K-Disposable-Vape-Wholesale-Price-600x600.webp",600,600,true],"woocommerce_gallery_thumbnail":["https:\/\/vapestornado.com\/wp-content\/uploads\/2025\/10\/WASPE-AIVIOU-150K-Disposable-Vape-Wholesale-Price-100x100.webp",100,100,true]},"uagb_author_info":{"display_name":"ESAMY","author_link":"https:\/\/vapestornado.com\/lv\/author\/"},"uagb_comment_info":1,"uagb_excerpt":"WASPE 150K 150000 Puff disposable vape with 6-in-1 flavour cartridge system, 64ml prefilled e-liquid, 1.0\u03a9 triple mesh coil, LED smart display and 650mAh Type-C recharge. Strong long-life value for Vape PL buyers comparing Vapor price, Best disposables and Cheap e-cigarettes, with pod ecig style flavour switching. Add Amy's whatsapp to get right reply and discount&hellip;","_links":{"self":[{"href":"https:\/\/vapestornado.com\/lv\/wp-json\/wp\/v2\/product\/4422","targetHints":{"allow":["GET"]}}],"collection":[{"href":"https:\/\/vapestornado.com\/lv\/wp-json\/wp\/v2\/product"}],"about":[{"href":"https:\/\/vapestornado.com\/lv\/wp-json\/wp\/v2\/types\/product"}],"replies":[{"embeddable":true,"href":"https:\/\/vapestornado.com\/lv\/wp-json\/wp\/v2\/comments?post=4422"}],"wp:featuredmedia":[{"embeddable":true,"href":"https:\/\/vapestornado.com\/lv\/wp-json\/wp\/v2\/media\/4421"}],"wp:attachment":[{"href":"https:\/\/vapestornado.com\/lv\/wp-json\/wp\/v2\/media?parent=4422"}],"wp:term":[{"taxonomy":"product_brand","embeddable":true,"href":"https:\/\/vapestornado.com\/lv\/wp-json\/wp\/v2\/product_brand?post=4422"},{"taxonomy":"product_cat","embeddable":true,"href":"https:\/\/vapestornado.com\/lv\/wp-json\/wp\/v2\/product_cat?post=4422"},{"taxonomy":"product_tag","embeddable":true,"href":"https:\/\/vapestornado.com\/lv\/wp-json\/wp\/v2\/product_tag?post=4422"}],"curies":[{"name":"wp","href":"https:\/\/api.w.org\/{rel}","templated":true}]}}