{"id":4410,"date":"2025-10-02T03:56:17","date_gmt":"2025-10-02T03:56:17","guid":{"rendered":"https:\/\/vapestornado.com\/?post_type=product&#038;p=4410"},"modified":"2025-09-30T08:04:32","modified_gmt":"2025-09-30T08:04:32","slug":"aivono-fatmax-50k-puff-smart-screen-disposable-e-shisha-hookah-bar","status":"publish","type":"product","link":"https:\/\/vapestornado.com\/lv\/product\/aivono-fatmax-50k-puff-smart-screen-disposable-e-shisha-hookah-bar\/","title":{"rendered":"AIVONO FATMAX 50K P\u016b\u0161\u013ca Gudr\u0101 Ekr\u0101na Vienreiz\u0113j\u0101s lieto\u0161anas E \u0160i\u0161a Haka Bar"},"content":{"rendered":"<h2 data-pm-slice=\"1 1 []\">AIVONO FATMAX 50K Vienreiz\u0113j\u0101 \u0160i\u0161a Ha\u0161i\u0161a B\u0101rs \u2013 Gudrs Ekr\u0101na E \u0160i\u0161a<\/h2>\n<p data-start=\"242\" data-end=\"546\">T\u0101 <strong data-start=\"246\" data-end=\"267\">AIVONO FATMAX 50K<\/strong> ir n\u0101kam\u0101s paaudzes <strong data-start=\"284\" data-end=\"309\">elektronisk\u0101 \u0161i\u0161a b\u0101rs<\/strong> izstr\u0101d\u0101ts ilgm\u016b\u017e\u012bgai darb\u012bbai un drosm\u012bgai gar\u0161ai. Katrs ier\u012bces ir iepild\u012bts ar <strong data-start=\"679\" data-end=\"707\">30 ml augstas kvalit\u0101tes e-\u0161\u0137idruma<\/strong>, nodro\u0161inot l\u012bdz pat <strong data-start=\"726\" data-end=\"749\">50 000 glud\u0101m p\u016b\u0161\u013ciem<\/strong>\u2014 ide\u0101li piem\u0113rots ilgtermi\u0146a lieto\u0161anai bez bie\u017eas nomai\u0146as. Izgatavots ar prec\u012bzi in\u017eeniertehnisku re\u017e\u0123a spir\u0101les tehnolo\u0123iju,, \u00a0\u0161is <strong data-start=\"452\" data-end=\"480\">vienreiz\u0113jais \u0161i\u0161a ha\u0161i\u0161a<\/strong> nodro\u0161ina gludu tvaiku, bag\u0101t\u012bgu gar\u0161u un konsekventu apmierin\u0101jumu.<\/p>\n<p data-start=\"548\" data-end=\"851\">T\u0101 <strong data-start=\"552\" data-end=\"609\">800mAh uzl\u0101d\u0113jama akumulators ar Type-C \u0101tr\u0101s uzl\u0101des funkciju<\/strong> nodro\u0161ina uzticamas sesijas. At\u0161\u0137ir\u012bb\u0101 no parastajiem vienreiz\u0113jiem vadiem, FATMAX 50K ir ar <strong data-start=\"1144\" data-end=\"1169\">skaidru digit\u0101lo displeju<\/strong> kas r\u0101da <strong data-start=\"1181\" data-end=\"1233\">re\u0101llaika e-\u0161\u0137idruma l\u012bmeni un akumulatora procentu\u0101lo daudzumu<\/strong>, nov\u0113r\u0161ot sausu hitu un min\u0113\u0161anas nepiecie\u0161am\u012bbu. \u00a0Pieejams <strong data-start=\"744\" data-end=\"785\">0%, 2%, 3% un 5% nikot\u012bna stiprumos<\/strong>, FATMAX 50K ir piem\u0113rots pla\u0161am lietot\u0101ju lokam \u2014 no tiem, kas dod priek\u0161roku <strong data-start=\"1673\" data-end=\"1703\">nikot\u012bna br\u012bvai \u0161\u012b\u0161as pieredzei<\/strong> l\u012bdz vaperiem, kuri v\u0113las <strong data-start=\"1725\" data-end=\"1746\">sp\u0113c\u012bgu r\u012bkles sitienu<\/strong>.<\/p>\n<p data-start=\"853\" data-end=\"1034\">Kompakts, bet jaud\u012bgs, <strong data-start=\"879\" data-end=\"909\">AIVONO FATMAX 50K e \u0161\u012b\u0161a<\/strong> ir <strong data-start=\"917\" data-end=\"947\">lab\u0101k\u0101 vienreiz\u0113j\u0101 \u0161\u012b\u0161as b\u0101ra<\/strong> wholesaleriem un jaunie\u0161u pat\u0113r\u0113t\u0101jiem, kas mekl\u0113 stilu, iztur\u012bbu un \u0113rt\u012bbas.<\/p>\n<p><strong><span style=\"color: #ff0000;\">Pievienojiet Eimijas whatsapp, lai sa\u0146emtu pareizu atbildi un iztvaic\u0113t\u0101ja kuponu!<\/span><\/strong><\/p>\n<p><img fetchpriority=\"high\" decoding=\"async\" class=\"size-full wp-image-2932\" src=\"https:\/\/vapestornado.com\/wp-content\/uploads\/2024\/12\/Vape-Wholesale.jpg\" alt=\"Veipu Vairumtirdzniec\u012bba\" width=\"229\" height=\"300\" \/><\/p>\n<h3><a href=\"https:\/\/wa.me\/8617776015835\" target=\"_blank\" rel=\"noopener\"><span style=\"color: #ff0000;\"><strong>WhatsApp: +86 17776015835<\/strong><\/span><\/a><\/h3>\n<p>&nbsp;<\/p>\n<h2><strong>AIVONO FATMAX 50K p\u016b\u0161u produkta \u012bpa\u0161\u012bbas<\/strong><\/h2>\n<ul>\n<li data-start=\"1069\" data-end=\"1112\">\n<p data-start=\"1071\" data-end=\"1112\">L\u012bdz <strong data-start=\"1077\" data-end=\"1093\">50 000 dvesmu<\/strong> ar 30 ml tvertni<\/p>\n<\/li>\n<li data-start=\"1113\" data-end=\"1169\">\n<p data-start=\"1115\" data-end=\"1169\"><strong data-start=\"1115\" data-end=\"1133\">0,6 \u03a9 acs spole<\/strong> par glud\u0101m m\u0101ko\u0146iem un pilnu gar\u0161u<\/p>\n<\/li>\n<li data-start=\"1170\" data-end=\"1229\">\n<p data-start=\"1172\" data-end=\"1229\"><strong data-start=\"1172\" data-end=\"1193\">Inteli\u0123enta LED displejs<\/strong> baterijas un e-\u0161\u0137idruma uzraudz\u012bbai<\/p>\n<\/li>\n<li data-start=\"1230\" data-end=\"1287\">\n<p data-start=\"1232\" data-end=\"1287\"><strong data-start=\"1232\" data-end=\"1270\">800mAh Type-C uzl\u0101d\u0113jama akumulators<\/strong> ilg\u0101kai lieto\u0161anai<\/p>\n<\/li>\n<li data-start=\"1288\" data-end=\"1340\">\n<p data-start=\"1290\" data-end=\"1340\">Nikot\u012bna elast\u012bba: <strong data-start=\"1312\" data-end=\"1330\">0%, 2%, 3%, 5%<\/strong> iesp\u0113jas<\/p>\n<\/li>\n<li data-start=\"1341\" data-end=\"1405\">\n<p data-start=\"1343\" data-end=\"1405\">Tie\u0161a ieelpo\u0161ana caur plau\u0161\u0101m (DTL) \u0161\u012b\u0161as l\u012bdz\u012bgai pieredzei<\/p>\n<\/li>\n<\/ul>\n<figure id=\"attachment_4400\" aria-describedby=\"caption-attachment-4400\" style=\"width: 800px\" class=\"wp-caption alignnone\"><img decoding=\"async\" class=\"wp-image-4400 size-full\" src=\"https:\/\/vapestornado.com\/wp-content\/uploads\/2025\/09\/Aivono-50000-Puff-50k-Disposable-E-Shisha-Hookah.webp\" alt=\"Aivono 50000 p\u016b\u0161u vienreiz\u0113j\u0101 e \u0161\u012b\u0161a \u0161\u012b\u0161as caurule\" width=\"800\" height=\"800\" srcset=\"https:\/\/vapestornado.com\/wp-content\/uploads\/2025\/09\/Aivono-50000-Puff-50k-Disposable-E-Shisha-Hookah.webp 800w, https:\/\/vapestornado.com\/wp-content\/uploads\/2025\/09\/Aivono-50000-Puff-50k-Disposable-E-Shisha-Hookah-300x300.webp 300w, https:\/\/vapestornado.com\/wp-content\/uploads\/2025\/09\/Aivono-50000-Puff-50k-Disposable-E-Shisha-Hookah-150x150.webp 150w, https:\/\/vapestornado.com\/wp-content\/uploads\/2025\/09\/Aivono-50000-Puff-50k-Disposable-E-Shisha-Hookah-768x768.webp 768w, https:\/\/vapestornado.com\/wp-content\/uploads\/2025\/09\/Aivono-50000-Puff-50k-Disposable-E-Shisha-Hookah-12x12.webp 12w, https:\/\/vapestornado.com\/wp-content\/uploads\/2025\/09\/Aivono-50000-Puff-50k-Disposable-E-Shisha-Hookah-600x600.webp 600w, https:\/\/vapestornado.com\/wp-content\/uploads\/2025\/09\/Aivono-50000-Puff-50k-Disposable-E-Shisha-Hookah-100x100.webp 100w\" sizes=\"(max-width: 800px) 100vw, 800px\" \/><figcaption id=\"caption-attachment-4400\" class=\"wp-caption-text\">Aivono 50000 p\u016b\u0161u vienreiz\u0113j\u0101 e \u0161\u012b\u0161a \u0161\u012b\u0161as caurule<\/figcaption><\/figure>\n<h2 class=\"product-title\"><strong>AIVONO FATMAX 50000 p\u016b\u0161u gar\u0161u saraksts<\/strong><\/h2>\n<p data-start=\"2550\" data-end=\"2736\">1. \u010cerri \u0136ir\u0161i<\/p>\n<p data-start=\"2550\" data-end=\"2736\">2. Divi \u0100boli<\/p>\n<p data-start=\"2550\" data-end=\"2736\">3. V\u012bnogu Piparm\u0113tra<\/p>\n<p data-start=\"2550\" data-end=\"2736\">4. Mellenes Gumija<\/p>\n<p data-start=\"2550\" data-end=\"2736\">5. M\u012blest\u012bba 66<\/p>\n<p data-start=\"2550\" data-end=\"2736\">6. Skaidrs Sapnis<\/p>\n<p data-start=\"2550\" data-end=\"2736\">7. Za\u013c\u0101 Ledus<\/p>\n<p data-start=\"2550\" data-end=\"2736\">8. Persiku Ledus<\/p>\n<p data-start=\"2550\" data-end=\"2736\">9. Ogu Ledus<\/p>\n<p data-start=\"2550\" data-end=\"2736\">10. Zeme\u0146u Punch<\/p>\n<div class=\"flex-shrink-0 flex flex-col relative items-end\">\n<div class=\"pt-0\">\n<div class=\"gizmo-bot-avatar flex h-8 w-8 items-center justify-center overflow-hidden rounded-full\">\n<div class=\"relative p-1 rounded-sm flex items-center justify-center bg-token-main-surface-primary text-token-text-primary h-8 w-8\">\n<h2 data-start=\"1200\" data-end=\"1487\">Vapes Tornado \u2013 J\u016bsu vairumtirdzniec\u012bbas tie\u0161saistes vape veikals lab\u0101ko vape z\u012bmolu ieg\u0101dei<\/h2>\n<p data-start=\"1200\" data-end=\"1487\"><strong data-start=\"141\" data-end=\"177\">Vapes Tornado Tie\u0161saistes D\u016bmu Veikals<\/strong> ir j\u016bsu uzticams avots <strong data-start=\"205\" data-end=\"270\">premium vienreizlietojamie vape un vairumtirdzniec\u012bbas e-cigaretes Eirop\u0101<\/strong>. M\u0113s pied\u0101v\u0101jam popul\u0101r\u0101k\u0101s z\u012bmolus, piem\u0113ram <strong data-start=\"307\" data-end=\"362\"><a href=\"https:\/\/vapestornado.com\/lv\/product\/vozol-gear-shisha-25k-25000-puffs-best-dtl-disposable-vape-hookah-cheap-price\/\">VOZOL BAR VAPE<\/a>, <a href=\"https:\/\/vapestornado.com\/lv\/product\/randm-12000-puffs-fumot-digital-disposable-vape-wholesale-price\/\">Fumot VAPE<\/a>, <a href=\"https:\/\/vapestornado.com\/lv\/product\/original-wga-ultra-35k-35000-puff-rechargeable-crystal-disposable-nicotine-vape-best-discount-price\/\">WGA VAPE<\/a>, Bang Vape<\/strong>, un vair\u0101k, nodro\u0161inot kvalit\u0101ti un da\u017e\u0101d\u012bbu katram klientam. Neatkar\u012bgi no t\u0101, vai j\u016bs esat individu\u0101ls vapers vai vairumtirdzniec\u012bbas pirc\u0113js, m\u0113s pieg\u0101d\u0101jam <strong data-start=\"481\" data-end=\"550\">augstas veiktsp\u0113jas ier\u012bces, stil\u012bgus dizainus un konkur\u0113tsp\u0113j\u012bgas cenas<\/strong> lai apmierin\u0101tu j\u016bsu vajadz\u012bbas.<\/p>\n<h2 data-start=\"2064\" data-end=\"2115\">BUJ par AIVONO FATMAX 50K Puff Vienreizlietojamu Vape<\/h2>\n<p data-start=\"1456\" data-end=\"1582\"><strong data-start=\"1456\" data-end=\"1504\">1. Cik ilgi kalpo AIVONO 50K?<\/strong><br data-start=\"1504\" data-end=\"1507\" \/>Tas nodro\u0161ina l\u012bdz <strong data-start=\"1525\" data-end=\"1541\">50 000 dvesmu<\/strong>, padarot to ide\u0101lu ilgtermi\u0146a vapingam.<\/p>\n<p data-start=\"1584\" data-end=\"1703\"><strong data-start=\"1584\" data-end=\"1622\">2. Vai FATMAX 50000 p\u016btieni ir uzl\u0101d\u0113jami?<\/strong><br data-start=\"1622\" data-end=\"1625\" \/>J\u0101, tas ietver <strong data-start=\"1645\" data-end=\"1683\">800mAh Type-C uzl\u0101d\u0113jama akumulators<\/strong> pagarin\u0101tai lieto\u0161anai.<\/p>\n<p data-start=\"1705\" data-end=\"1837\"><strong data-start=\"1705\" data-end=\"1750\">3. K\u0101di nikot\u012bna stiprumi ir pieejami?<\/strong><br data-start=\"1750\" data-end=\"1753\" \/>Ier\u012bce atbalsta <strong data-start=\"1773\" data-end=\"1803\">0%, 2%, 3% un 5% nikot\u012bnu<\/strong> lai atbilstu da\u017e\u0101d\u0101m v\u0113lm\u0113m.<\/p>\n<p data-start=\"1839\" data-end=\"1956\"><strong data-start=\"1839\" data-end=\"1868\">4. Vai tam ir ekr\u0101ns?<\/strong><br data-start=\"1868\" data-end=\"1871\" \/>J\u0101, <strong data-start=\"1880\" data-end=\"1901\">gudrais LED displejs<\/strong> r\u0101da gan akumulatora, gan e-\u0161\u0137idruma l\u012bmeni re\u0101llaik\u0101.<\/p>\n<p data-start=\"1958\" data-end=\"2195\"><strong data-start=\"1958\" data-end=\"2017\">5. Vai \u0161is \u0161\u012b\u0161as b\u0101rs ir piem\u0113rots vairumtirdzniec\u012bbai Eirop\u0101?<\/strong><br data-start=\"2017\" data-end=\"2020\" \/>Noteikti. The <strong data-start=\"2036\" data-end=\"2057\">AIVONO FATMAX 50K<\/strong> apvieno lielu p\u016btienu skaitu, modernu dizainu un elast\u012bgas nikot\u012bna iesp\u0113jas, padarot to par perfektu <strong data-start=\"2151\" data-end=\"2192\">ES vienreizlietojam\u0101s \u0161\u012b\u0161as vairumtirdzniec\u012bbas tirgum<\/strong>.<\/p>\n<\/div>\n<\/div>\n<\/div>\n<\/div>","protected":false},"excerpt":{"rendered":"<p data-start=\"2473\" data-end=\"2550\">AIVONO FATMAX 50K P\u016b\u0161\u013ca E \u0160i\u0161a \u2013 Gudrs Ekr\u0101na Vienreiz\u0113j\u0101 \u0160i\u0161a Ha\u0161i\u0161a B\u0101rs<\/p>\n<p data-start=\"2554\" data-end=\"2633\">Lab\u0101k\u0101 Vairumtirdzniec\u012bbas Vienreiz\u0113j\u0101 \u0160i\u0161a Ha\u0161i\u0161a B\u0101rs \u2013 AIVONO FATMAX 50K Elektronisk\u0101 \u0160i\u0161a<\/p>\n<p data-start=\"2637\" data-end=\"2714\">AIVONO FATMAX 50K Gudrs Ekr\u0101na E \u0160i\u0161a B\u0101rs \u2013 50 000 P\u016b\u0161\u013cu Vienreiz\u0113j\u0101 Ha\u0161i\u0161a<\/p>\n<p><strong>Pievienojiet Eimijas WhatsApp, lai sa\u0146emtu prec\u012bzu atbildi un atlaidi!<\/strong><\/p>\n<p><img fetchpriority=\"high\" decoding=\"async\" class=\"size-full wp-image-2932\" src=\"https:\/\/vapestornado.com\/wp-content\/uploads\/2024\/12\/Vape-Wholesale.jpg\" alt=\"Veipu Vairumtirdzniec\u012bba\" width=\"229\" height=\"300\" \/><\/p>\n<h3><a href=\"https:\/\/wa.me\/8617776015835\"><span style=\"color: #ff0000;\"><strong>WhatsApp: +86 17776015835<\/strong><\/span><\/a><\/h3>","protected":false},"featured_media":4404,"comment_status":"open","ping_status":"closed","template":"","meta":{"_acf_changed":false,"_uag_custom_page_level_css":"","_lmt_disableupdate":"no","_lmt_disable":"","_monsterinsights_skip_tracking":false,"_monsterinsights_sitenote_active":false,"_monsterinsights_sitenote_note":"","_monsterinsights_sitenote_category":0,"site-sidebar-layout":"default","site-content-layout":"","ast-site-content-layout":"default","site-content-style":"default","site-sidebar-style":"default","ast-global-header-display":"","ast-banner-title-visibility":"","ast-main-header-display":"","ast-hfb-above-header-display":"","ast-hfb-below-header-display":"","ast-hfb-mobile-header-display":"","site-post-title":"","ast-breadcrumbs-content":"","ast-featured-img":"","footer-sml-layout":"","ast-disable-related-posts":"","theme-transparent-header-meta":"default","adv-header-id-meta":"","stick-header-meta":"","header-above-stick-meta":"","header-main-stick-meta":"","header-below-stick-meta":"","astra-migrate-meta-layouts":"set","ast-page-background-enabled":"default","ast-page-background-meta":{"desktop":{"background-color":"","background-image":"","background-repeat":"repeat","background-position":"center center","background-size":"auto","background-attachment":"scroll","background-type":"","background-media":"","overlay-type":"","overlay-color":"","overlay-opacity":"","overlay-gradient":""},"tablet":{"background-color":"","background-image":"","background-repeat":"repeat","background-position":"center center","background-size":"auto","background-attachment":"scroll","background-type":"","background-media":"","overlay-type":"","overlay-color":"","overlay-opacity":"","overlay-gradient":""},"mobile":{"background-color":"","background-image":"","background-repeat":"repeat","background-position":"center center","background-size":"auto","background-attachment":"scroll","background-type":"","background-media":"","overlay-type":"","overlay-color":"","overlay-opacity":"","overlay-gradient":""}},"ast-content-background-meta":{"desktop":{"background-color":"var(--ast-global-color-5)","background-image":"","background-repeat":"repeat","background-position":"center center","background-size":"auto","background-attachment":"scroll","background-type":"","background-media":"","overlay-type":"","overlay-color":"","overlay-opacity":"","overlay-gradient":""},"tablet":{"background-color":"var(--ast-global-color-5)","background-image":"","background-repeat":"repeat","background-position":"center center","background-size":"auto","background-attachment":"scroll","background-type":"","background-media":"","overlay-type":"","overlay-color":"","overlay-opacity":"","overlay-gradient":""},"mobile":{"background-color":"var(--ast-global-color-5)","background-image":"","background-repeat":"repeat","background-position":"center center","background-size":"auto","background-attachment":"scroll","background-type":"","background-media":"","overlay-type":"","overlay-color":"","overlay-opacity":"","overlay-gradient":""}},"_joinchat":[]},"product_brand":[],"product_cat":[344,176,149,153,156,158,142,143,144,146],"product_tag":[385,355,380,368,381],"class_list":{"0":"post-4410","1":"product","2":"type-product","3":"status-publish","4":"has-post-thumbnail","6":"product_cat-80000-puff","7":"product_cat-aivono-vape","8":"product_cat-buy-disposable-vapes-in-austria","9":"product_cat-buy-disposable-vapes-in-italy","10":"product_cat-buy-disposable-vapes-in-poland","11":"product_cat-buy-disposable-vapes-in-spain","12":"product_cat-digital-box-disposable-vapes","13":"product_cat-dual-mesh-disposable-vapes","14":"product_cat-low-nicotine-disposable-vapes","15":"product_cat-rechargeable-disposable-vapes","16":"product_tag-aivono-fatbear-80k","17":"product_tag-big-puff-vape","18":"product_tag-disposable-vapes-online","19":"product_tag-disposable-vapor","20":"product_tag-vapes-online-wholesale","21":"desktop-align-left","22":"tablet-align-left","23":"mobile-align-left","25":"first","26":"instock","27":"sale","28":"shipping-taxable","29":"purchasable","30":"product-type-simple"},"acf":[],"uagb_featured_image_src":{"full":["https:\/\/vapestornado.com\/wp-content\/uploads\/2025\/09\/Big-Puff-50k-Disposable-E-Shisha-Hookah-Wholesale.webp",800,800,false],"thumbnail":["https:\/\/vapestornado.com\/wp-content\/uploads\/2025\/09\/Big-Puff-50k-Disposable-E-Shisha-Hookah-Wholesale-150x150.webp",150,150,true],"medium":["https:\/\/vapestornado.com\/wp-content\/uploads\/2025\/09\/Big-Puff-50k-Disposable-E-Shisha-Hookah-Wholesale-300x300.webp",300,300,true],"medium_large":["https:\/\/vapestornado.com\/wp-content\/uploads\/2025\/09\/Big-Puff-50k-Disposable-E-Shisha-Hookah-Wholesale-768x768.webp",768,768,true],"large":["https:\/\/vapestornado.com\/wp-content\/uploads\/2025\/09\/Big-Puff-50k-Disposable-E-Shisha-Hookah-Wholesale.webp",800,800,false],"1536x1536":["https:\/\/vapestornado.com\/wp-content\/uploads\/2025\/09\/Big-Puff-50k-Disposable-E-Shisha-Hookah-Wholesale.webp",800,800,false],"2048x2048":["https:\/\/vapestornado.com\/wp-content\/uploads\/2025\/09\/Big-Puff-50k-Disposable-E-Shisha-Hookah-Wholesale.webp",800,800,false],"trp-custom-language-flag":["https:\/\/vapestornado.com\/wp-content\/uploads\/2025\/09\/Big-Puff-50k-Disposable-E-Shisha-Hookah-Wholesale-12x12.webp",12,12,true],"woocommerce_thumbnail":["https:\/\/vapestornado.com\/wp-content\/uploads\/2025\/09\/Big-Puff-50k-Disposable-E-Shisha-Hookah-Wholesale-300x300.webp",300,300,true],"woocommerce_single":["https:\/\/vapestornado.com\/wp-content\/uploads\/2025\/09\/Big-Puff-50k-Disposable-E-Shisha-Hookah-Wholesale-600x600.webp",600,600,true],"woocommerce_gallery_thumbnail":["https:\/\/vapestornado.com\/wp-content\/uploads\/2025\/09\/Big-Puff-50k-Disposable-E-Shisha-Hookah-Wholesale-100x100.webp",100,100,true]},"uagb_author_info":{"display_name":"ESAMY","author_link":"https:\/\/vapestornado.com\/lv\/author\/"},"uagb_comment_info":0,"uagb_excerpt":"AIVONO FATMAX 50K Puff E Shisha \u2013 Smart Screen Disposable Shisha Hookah Bar Best Wholesale Disposable Shisha Hookah \u2013 AIVONO FATMAX 50K Electronic Shisha AIVONO FATMAX 50K Smart Screen E Shisha Bar \u2013 50,000 Puff Disposable Hookah Add Amy's whatsapp to get right reply and discount price! WhatsApp: +86 17776015835","_links":{"self":[{"href":"https:\/\/vapestornado.com\/lv\/wp-json\/wp\/v2\/product\/4410","targetHints":{"allow":["GET"]}}],"collection":[{"href":"https:\/\/vapestornado.com\/lv\/wp-json\/wp\/v2\/product"}],"about":[{"href":"https:\/\/vapestornado.com\/lv\/wp-json\/wp\/v2\/types\/product"}],"replies":[{"embeddable":true,"href":"https:\/\/vapestornado.com\/lv\/wp-json\/wp\/v2\/comments?post=4410"}],"wp:featuredmedia":[{"embeddable":true,"href":"https:\/\/vapestornado.com\/lv\/wp-json\/wp\/v2\/media\/4404"}],"wp:attachment":[{"href":"https:\/\/vapestornado.com\/lv\/wp-json\/wp\/v2\/media?parent=4410"}],"wp:term":[{"taxonomy":"product_brand","embeddable":true,"href":"https:\/\/vapestornado.com\/lv\/wp-json\/wp\/v2\/product_brand?post=4410"},{"taxonomy":"product_cat","embeddable":true,"href":"https:\/\/vapestornado.com\/lv\/wp-json\/wp\/v2\/product_cat?post=4410"},{"taxonomy":"product_tag","embeddable":true,"href":"https:\/\/vapestornado.com\/lv\/wp-json\/wp\/v2\/product_tag?post=4410"}],"curies":[{"name":"wp","href":"https:\/\/api.w.org\/{rel}","templated":true}]}}