{"id":4387,"date":"2025-09-26T07:55:26","date_gmt":"2025-09-26T07:55:26","guid":{"rendered":"https:\/\/vapestornado.com\/?post_type=product&#038;p=4387"},"modified":"2025-11-29T08:57:46","modified_gmt":"2025-11-29T08:57:46","slug":"vopk-triple-60k-60000-puffs-3-in-1-flavor-best-vape-to-buy","status":"publish","type":"product","link":"https:\/\/vapestornado.com\/lv\/product\/vopk-triple-60k-60000-puffs-3-in-1-flavor-best-vape-to-buy\/","title":{"rendered":"Vopk Triple 60K 60000 vilcieni 3 vien\u0101 gar\u0161a Lab\u0101kais vape pirk\u0161anai"},"content":{"rendered":"<h2 data-pm-slice=\"1 1 []\">Vopk Triple 60K 60000 vilcieni 3 vien\u0101 gar\u0161a Lab\u0101kais vape pirk\u0161anai<\/h2>\n<p data-start=\"192\" data-end=\"640\">T\u0101 <strong data-start=\"196\" data-end=\"215\">Vopk Triple 60K<\/strong> ir paredz\u0113ts jaunajiem Eiropas vaperiem, kuri pieprasa ilgu darb\u012bbas laiku, drosm\u012bgas gar\u0161as un modern\u0101s funkcijas. Pild\u012bts ar <strong data-start=\"338\" data-end=\"354\">60 000 puffs<\/strong>, a <strong data-start=\"358\" data-end=\"380\">54 ml e-\u0161\u0137idruma tvertne<\/strong>, un <strong data-start=\"386\" data-end=\"412\">triple 0.9\u03a9 re\u017e\u0123a spir\u0101les<\/strong>, tas nodro\u0161ina gludu tvaiku un konsekventu gar\u0161u katr\u0101 ieelpojum\u0101. T\u0101 <strong data-start=\"479\" data-end=\"512\">3-in-1 gar\u0161u rot\u0101cijas sist\u0113ma<\/strong> nodro\u0161ina da\u017e\u0101d\u012bbu bez ier\u012bces mai\u0146as, padarot to par <strong data-start=\"570\" data-end=\"590\">lab\u0101ko vape pirk\u0161anai<\/strong> tiem, kas nov\u0113rt\u0113 gan jaudu, gan \u0113rt\u012bbas.<\/p>\n<p data-start=\"642\" data-end=\"1022\">Apr\u012bkots ar <strong data-start=\"658\" data-end=\"689\">650mAh uzl\u0101d\u0113jams akumulators<\/strong>, <strong data-start=\"691\" data-end=\"715\">C tipa \u0101tr\u0101 uzl\u0101de<\/strong>un <strong data-start=\"723\" data-end=\"744\">gudrais LED displejs<\/strong>, tad <strong data-start=\"750\" data-end=\"771\">Vopk Triple 60000<\/strong> nodro\u0161ina nep\u0101rtrauktu darb\u012bbu ar re\u0101llaika uzraudz\u012bbu par akumulatora un e-\u0161\u0137idruma l\u012bmeni. Neatkar\u012bgi no t\u0101, vai j\u016bs mekl\u0113jat sp\u0113c\u012bgu apmierin\u0101jumu ar <strong data-start=\"907\" data-end=\"921\">5% nikot\u012bna<\/strong> vai zemu nikot\u012bna <strong data-start=\"935\" data-end=\"948\">2% opciju<\/strong>, \u0161is <strong data-start=\"955\" data-end=\"987\">Uzl\u0101d\u0113jams vienreiz\u0113j\u0101s lieto\u0161anas iztvaic\u0113t\u0101js<\/strong> t\u0101 ir piel\u0101gota j\u016bsu v\u0113lm\u0113m.<\/p>\n<p><strong><span style=\"color: #ff0000;\">Pievienojiet Eimijas whatsapp, lai sa\u0146emtu pareizu atbildi un iztvaic\u0113t\u0101ja kuponu!<\/span><\/strong><\/p>\n<p><img fetchpriority=\"high\" decoding=\"async\" class=\"size-full wp-image-2932\" src=\"https:\/\/vapestornado.com\/wp-content\/uploads\/2024\/12\/Vape-Wholesale.jpg\" alt=\"Veipu Vairumtirdzniec\u012bba\" width=\"229\" height=\"300\" \/><\/p>\n<h3><a href=\"https:\/\/wa.me\/8617776015835\" target=\"_blank\" rel=\"noopener\"><span style=\"color: #ff0000;\"><strong>WhatsApp: +86 17776015835<\/strong><\/span><\/a><\/h3>\n<p>&nbsp;<\/p>\n<h2><strong>Vopk Triple 60K P\u016b\u0161\u013cu Produkta Funkcijas<\/strong><\/h2>\n<ul>\n<li data-start=\"1069\" data-end=\"1137\">\n<p data-start=\"1071\" data-end=\"1137\">Milz\u012bgs <strong data-start=\"1079\" data-end=\"1095\">60 000 puffs<\/strong> \u2013 ilgsto\u0161a vaping bez nomai\u0146as<\/p>\n<\/li>\n<li data-start=\"1138\" data-end=\"1176\">\n<p data-start=\"1140\" data-end=\"1176\"><strong data-start=\"1140\" data-end=\"1157\">54mL e-\u0161\u0137idruma<\/strong> ilgsto\u0161ai lieto\u0161anai<\/p>\n<\/li>\n<li data-start=\"1177\" data-end=\"1247\">\n<p data-start=\"1179\" data-end=\"1247\"><strong data-start=\"1179\" data-end=\"1203\">3-in-1 arom\u0101tu p\u0101rsl\u0113dz\u0113js<\/strong> \u2013 p\u0101rsl\u0113dzieties starp 3 profiliem vien\u0101 ier\u012bc\u0113<\/p>\n<\/li>\n<li data-start=\"1248\" data-end=\"1301\">\n<p data-start=\"1250\" data-end=\"1301\"><strong data-start=\"1250\" data-end=\"1277\">Triple re\u017e\u0123a spir\u0101le (0.9\u03a9)<\/strong> lai bag\u0101t\u012bgu, bl\u012bvu tvaiku<\/p>\n<\/li>\n<li data-start=\"1302\" data-end=\"1367\">\n<p data-start=\"1304\" data-end=\"1367\"><strong data-start=\"1304\" data-end=\"1335\">650mAh uzl\u0101d\u0113jams akumulators<\/strong> ar <strong data-start=\"1341\" data-end=\"1365\">C tipa \u0101tr\u0101 uzl\u0101de<\/strong><\/p>\n<\/li>\n<li data-start=\"1368\" data-end=\"1428\">\n<p data-start=\"1370\" data-end=\"1428\"><strong data-start=\"1370\" data-end=\"1390\">Gudrs LED ekr\u0101ns<\/strong> r\u0101da e-\u0161\u0137idruma un akumulatora l\u012bmeni<\/p>\n<\/li>\n<li data-start=\"1429\" data-end=\"1470\">\n<p data-start=\"1431\" data-end=\"1470\">Elast\u012bgs <strong data-start=\"1440\" data-end=\"1468\">Nikot\u012bna opcijas: 2% &amp; 5%<\/strong><\/p>\n<\/li>\n<li data-start=\"1471\" data-end=\"1533\">\n<p data-start=\"1473\" data-end=\"1533\">10 unik\u0101li <strong data-start=\"1483\" data-end=\"1506\">tr\u012bsk\u0101r\u0161u arom\u0101tu mais\u012bjumi<\/strong> visas dienas apmierin\u0101\u0161anai<\/p>\n<\/li>\n<\/ul>\n<figure id=\"attachment_4380\" aria-describedby=\"caption-attachment-4380\" style=\"width: 300px\" class=\"wp-caption alignnone\"><img decoding=\"async\" class=\"size-medium wp-image-4380\" src=\"https:\/\/vapestornado.com\/wp-content\/uploads\/2025\/09\/VOPK-Tripe-60k-Puffs-Vape-Cartridge-300x300.webp\" alt=\"VOPK Triple 60k P\u016b\u0161\u013cu Vape Kartrid\u017es\" width=\"300\" height=\"300\" srcset=\"https:\/\/vapestornado.com\/wp-content\/uploads\/2025\/09\/VOPK-Tripe-60k-Puffs-Vape-Cartridge-300x300.webp 300w, https:\/\/vapestornado.com\/wp-content\/uploads\/2025\/09\/VOPK-Tripe-60k-Puffs-Vape-Cartridge-150x150.webp 150w, https:\/\/vapestornado.com\/wp-content\/uploads\/2025\/09\/VOPK-Tripe-60k-Puffs-Vape-Cartridge-768x768.webp 768w, https:\/\/vapestornado.com\/wp-content\/uploads\/2025\/09\/VOPK-Tripe-60k-Puffs-Vape-Cartridge-12x12.webp 12w, https:\/\/vapestornado.com\/wp-content\/uploads\/2025\/09\/VOPK-Tripe-60k-Puffs-Vape-Cartridge-600x600.webp 600w, https:\/\/vapestornado.com\/wp-content\/uploads\/2025\/09\/VOPK-Tripe-60k-Puffs-Vape-Cartridge-100x100.webp 100w, https:\/\/vapestornado.com\/wp-content\/uploads\/2025\/09\/VOPK-Tripe-60k-Puffs-Vape-Cartridge.webp 800w\" sizes=\"(max-width: 300px) 100vw, 300px\" \/><figcaption id=\"caption-attachment-4380\" class=\"wp-caption-text\">VOPK Triple 60k P\u016b\u0161\u013cu Vape Kartrid\u017es<\/figcaption><\/figure>\n<h2 class=\"product-title\"><strong>Vopk Triple 60K P\u016b\u0161\u013cu 3-in-1 Arom\u0101tu Saraksts<\/strong><\/h2>\n<p data-start=\"2550\" data-end=\"2736\">1. Arb\u016bza ledus \/ Tr\u012bsk\u0101r\u0161s arb\u016bza ledus \/ Zeme\u0146u sald\u0113jums<br \/>\n2. Zeme\u0146u ban\u0101ns \/ R\u016bgtenes arb\u016bzs \/ Anan\u0101ss kokosrieksts<br \/>\n3.peoniju ogu \/Zilais razz ledus\/ Arb\u016bza persiku mango<br \/>\n4.Sk\u0101bais mango anan\u0101sis \/Sarkanais bullis zeme\u0146u \/Melno j\u0101\u0146ogu ledus<br \/>\n5.Kiwi passions fruits \/Zeme\u0146u \u0137ir\u0161i \/M\u012blest\u012bba 66<br \/>\n6.Dubult\u0101 \u0101bolu ledus \/Tropu aug\u013ci \/Zeme\u0146u arb\u016bza gumija<br \/>\n7.V\u012bnogu ledus \/Zeme\u0146u kiwi \/Arb\u016bza sarkanais bullis<br \/>\n8.Zeme\u0146u arb\u016bzs \/Mellenes zemenes \/ Citrons laims<br \/>\n9.Ban\u0101ns anan\u0101sis \/Sarkanais bullis ledus \/Zeme\u0146u mango<br \/>\n10.Gumijas l\u0101cis \/Zeme\u0146u vani\u013cas Kolas \/Mellenes p\u016bkains cukurs<\/p>\n<div class=\"flex-shrink-0 flex flex-col relative items-end\">\n<div class=\"pt-0\">\n<div class=\"gizmo-bot-avatar flex h-8 w-8 items-center justify-center overflow-hidden rounded-full\">\n<div class=\"relative p-1 rounded-sm flex items-center justify-center bg-token-main-surface-primary text-token-text-primary h-8 w-8\">\n<h2 data-start=\"1200\" data-end=\"1487\">Vapes Tornado \u2013 J\u016bsu vairumtirdzniec\u012bbas tie\u0161saistes vape veikals lab\u0101ko vape z\u012bmolu ieg\u0101dei<\/h2>\n<p data-start=\"1200\" data-end=\"1487\"><strong data-start=\"141\" data-end=\"177\">Vapes Tornado Tie\u0161saistes D\u016bmu Veikals<\/strong> ir j\u016bsu uzticams avots <strong data-start=\"205\" data-end=\"270\">premium vienreizlietojamie vape un vairumtirdzniec\u012bbas e-cigaretes Eirop\u0101<\/strong>. M\u0113s pied\u0101v\u0101jam popul\u0101r\u0101k\u0101s z\u012bmolus, piem\u0113ram <strong data-start=\"307\" data-end=\"362\"><a href=\"https:\/\/vapestornado.com\/lv\/product\/elf-bar-raya-d3-25000-puffs-best-disposable-vape-wholesale-in-uk\/\">ELF BAR VAPE<\/a>, <a href=\"https:\/\/vapestornado.com\/lv\/product\/randm-tornado-15000-disposable-vape-wholesale-price\/\">Fumot VAPE<\/a>, <a href=\"https:\/\/vapestornado.com\/lv\/product\/original-vozol-star-40000-puff-40k-best-disposable-vape-2025-wholesale-cheap-price\/\">VOZOL Elektronisk\u0101 sm\u0113\u0137\u0113\u0161ana<\/a>, Bang Vape<\/strong>, un vair\u0101k, nodro\u0161inot kvalit\u0101ti un da\u017e\u0101d\u012bbu katram klientam. Neatkar\u012bgi no t\u0101, vai j\u016bs esat individu\u0101ls vapers vai vairumtirdzniec\u012bbas pirc\u0113js, m\u0113s pieg\u0101d\u0101jam <strong data-start=\"481\" data-end=\"550\">augstas veiktsp\u0113jas ier\u012bces, stil\u012bgus dizainus un konkur\u0113tsp\u0113j\u012bgas cenas<\/strong> lai apmierin\u0101tu j\u016bsu vajadz\u012bbas.<\/p>\n<h2 data-start=\"2064\" data-end=\"2115\">BUJ par Vopk Triple 60K Vienreizlietojamo Vape<\/h2>\n<p data-start=\"1587\" data-end=\"1707\"><strong data-start=\"1587\" data-end=\"1642\">1. Cik p\u016btienu nodro\u0161ina Vopk Triple 60K?<\/strong><br data-start=\"1642\" data-end=\"1645\" \/>Tas sniedz l\u012bdz <strong data-start=\"1663\" data-end=\"1679\">60 000 puffs<\/strong>, ide\u0101li piem\u0113rots ilgtermi\u0146a lieto\u0161anai.<\/p>\n<p data-start=\"1709\" data-end=\"1840\"><strong data-start=\"1709\" data-end=\"1754\">2. Vai Vopk Triple 60000 ir uzl\u0101d\u0113jams?<\/strong><br data-start=\"1754\" data-end=\"1757\" \/>J\u0101, tam ir <strong data-start=\"1776\" data-end=\"1807\">650mAh uzl\u0101d\u0113jams akumulators<\/strong> ar <strong data-start=\"1813\" data-end=\"1837\">C tipa \u0101tr\u0101 uzl\u0101de<\/strong>.<\/p>\n<p data-start=\"1842\" data-end=\"2021\"><strong data-start=\"1842\" data-end=\"1901\">3. Kas padara Vopk Triple 60K par lab\u0101ko vape pirk\u0161anai?<\/strong><br data-start=\"1901\" data-end=\"1904\" \/>T\u0101 <strong data-start=\"1908\" data-end=\"1977\">3-in-1 arom\u0101tu sist\u0113ma, milz\u012bgs p\u016btienu skaits un uzl\u0101d\u0113jama dizaina<\/strong> padara to izce\u013camu Eiropas tirg\u016b.<\/p>\n<p data-start=\"2023\" data-end=\"2142\"><strong data-start=\"2023\" data-end=\"2068\">4. K\u0101das nikot\u012bna stipr\u012bbas ir pieejamas?<\/strong><br data-start=\"2068\" data-end=\"2071\" \/>J\u016bs varat izv\u0113l\u0113ties starp <strong data-start=\"2094\" data-end=\"2114\">2% vai 5% nikot\u012bns<\/strong> lai atbilstu j\u016bsu v\u0113lm\u0113m.<\/p>\n<p data-start=\"2144\" data-end=\"2282\"><strong data-start=\"2144\" data-end=\"2193\">5. Vai Vopk Triple 60000 ir ar displeju?<\/strong><br data-start=\"2193\" data-end=\"2196\" \/>J\u0101, <strong data-start=\"2205\" data-end=\"2226\">gudrais LED displejs<\/strong> seko gan akumulatora, gan e-\u0161\u0137idruma l\u012bme\u0146iem re\u0101llaik\u0101.<\/p>\n<\/div>\n<\/div>\n<\/div>\n<\/div>","protected":false},"excerpt":{"rendered":"<p data-start=\"2563\" data-end=\"2634\">Vopk Triple 60K 60000 Puffs Vienreiz\u0113j\u0101s lieto\u0161anas Vape \u2013 Lab\u0101kais Vape pirk\u0161anai Eirop\u0101<\/p>\n<p data-start=\"2638\" data-end=\"2711\">Vopk Triple 60000 Puffs Uzl\u0101d\u0113jams Vienreiz\u0113j\u0101s lieto\u0161anas Vape ar 3-in-1 Gar\u0161u<\/p>\n<p data-start=\"2715\" data-end=\"2788\">Lab\u0101kais Vape pirk\u0161anai \u2013 Vopk Triple 60K 60000 Puffs ar LED ekr\u0101nu un Type-C<\/p>\n<p><strong>Pievienojiet Eimijas WhatsApp, lai sa\u0146emtu prec\u012bzu atbildi un atlaidi!<\/strong><\/p>\n<p><img fetchpriority=\"high\" decoding=\"async\" class=\"size-full wp-image-2932\" src=\"https:\/\/vapestornado.com\/wp-content\/uploads\/2024\/12\/Vape-Wholesale.jpg\" alt=\"Veipu Vairumtirdzniec\u012bba\" width=\"229\" height=\"300\" \/><\/p>\n<h3><a href=\"https:\/\/wa.me\/8617776015835\"><span style=\"color: #ff0000;\"><strong>WhatsApp: +86 17776015835<\/strong><\/span><\/a><\/h3>","protected":false},"featured_media":4385,"comment_status":"open","ping_status":"closed","template":"","meta":{"_acf_changed":false,"_uag_custom_page_level_css":"","_lmt_disableupdate":"no","_lmt_disable":"","_monsterinsights_skip_tracking":false,"_monsterinsights_sitenote_active":false,"_monsterinsights_sitenote_note":"","_monsterinsights_sitenote_category":0,"site-sidebar-layout":"default","site-content-layout":"","ast-site-content-layout":"default","site-content-style":"default","site-sidebar-style":"default","ast-global-header-display":"","ast-banner-title-visibility":"","ast-main-header-display":"","ast-hfb-above-header-display":"","ast-hfb-below-header-display":"","ast-hfb-mobile-header-display":"","site-post-title":"","ast-breadcrumbs-content":"","ast-featured-img":"","footer-sml-layout":"","ast-disable-related-posts":"","theme-transparent-header-meta":"default","adv-header-id-meta":"","stick-header-meta":"","header-above-stick-meta":"","header-main-stick-meta":"","header-below-stick-meta":"","astra-migrate-meta-layouts":"set","ast-page-background-enabled":"default","ast-page-background-meta":{"desktop":{"background-color":"","background-image":"","background-repeat":"repeat","background-position":"center center","background-size":"auto","background-attachment":"scroll","background-type":"","background-media":"","overlay-type":"","overlay-color":"","overlay-opacity":"","overlay-gradient":""},"tablet":{"background-color":"","background-image":"","background-repeat":"repeat","background-position":"center center","background-size":"auto","background-attachment":"scroll","background-type":"","background-media":"","overlay-type":"","overlay-color":"","overlay-opacity":"","overlay-gradient":""},"mobile":{"background-color":"","background-image":"","background-repeat":"repeat","background-position":"center center","background-size":"auto","background-attachment":"scroll","background-type":"","background-media":"","overlay-type":"","overlay-color":"","overlay-opacity":"","overlay-gradient":""}},"ast-content-background-meta":{"desktop":{"background-color":"var(--ast-global-color-5)","background-image":"","background-repeat":"repeat","background-position":"center center","background-size":"auto","background-attachment":"scroll","background-type":"","background-media":"","overlay-type":"","overlay-color":"","overlay-opacity":"","overlay-gradient":""},"tablet":{"background-color":"var(--ast-global-color-5)","background-image":"","background-repeat":"repeat","background-position":"center center","background-size":"auto","background-attachment":"scroll","background-type":"","background-media":"","overlay-type":"","overlay-color":"","overlay-opacity":"","overlay-gradient":""},"mobile":{"background-color":"var(--ast-global-color-5)","background-image":"","background-repeat":"repeat","background-position":"center center","background-size":"auto","background-attachment":"scroll","background-type":"","background-media":"","overlay-type":"","overlay-color":"","overlay-opacity":"","overlay-gradient":""}},"_joinchat":[]},"product_brand":[],"product_cat":[343,149,153,156,157,159,142,146,290],"product_tag":[384,380,368,381,383,382],"class_list":{"0":"post-4387","1":"product","2":"type-product","3":"status-publish","4":"has-post-thumbnail","6":"product_cat-60000-puff","7":"product_cat-buy-disposable-vapes-in-austria","8":"product_cat-buy-disposable-vapes-in-italy","9":"product_cat-buy-disposable-vapes-in-poland","10":"product_cat-buy-disposable-vapes-in-portugal","11":"product_cat-buy-disposable-vapes-in-sweden","12":"product_cat-digital-box-disposable-vapes","13":"product_cat-rechargeable-disposable-vapes","14":"product_cat-vopk-vape","15":"product_tag-3-in-1-disposable-vape","16":"product_tag-disposable-vapes-online","17":"product_tag-disposable-vapor","18":"product_tag-vapes-online-wholesale","19":"product_tag-vopk-60000-puff","20":"product_tag-vopk-triple-60k","21":"desktop-align-left","22":"tablet-align-left","23":"mobile-align-left","25":"first","26":"instock","27":"sale","28":"shipping-taxable","29":"purchasable","30":"product-type-simple"},"acf":[],"uagb_featured_image_src":{"full":["https:\/\/vapestornado.com\/wp-content\/uploads\/2025\/09\/VOPK-Tripe-60000-Puffs-Pen-Cartridge-Wholesale.webp",800,800,false],"thumbnail":["https:\/\/vapestornado.com\/wp-content\/uploads\/2025\/09\/VOPK-Tripe-60000-Puffs-Pen-Cartridge-Wholesale-150x150.webp",150,150,true],"medium":["https:\/\/vapestornado.com\/wp-content\/uploads\/2025\/09\/VOPK-Tripe-60000-Puffs-Pen-Cartridge-Wholesale-300x300.webp",300,300,true],"medium_large":["https:\/\/vapestornado.com\/wp-content\/uploads\/2025\/09\/VOPK-Tripe-60000-Puffs-Pen-Cartridge-Wholesale-768x768.webp",768,768,true],"large":["https:\/\/vapestornado.com\/wp-content\/uploads\/2025\/09\/VOPK-Tripe-60000-Puffs-Pen-Cartridge-Wholesale.webp",800,800,false],"1536x1536":["https:\/\/vapestornado.com\/wp-content\/uploads\/2025\/09\/VOPK-Tripe-60000-Puffs-Pen-Cartridge-Wholesale.webp",800,800,false],"2048x2048":["https:\/\/vapestornado.com\/wp-content\/uploads\/2025\/09\/VOPK-Tripe-60000-Puffs-Pen-Cartridge-Wholesale.webp",800,800,false],"trp-custom-language-flag":["https:\/\/vapestornado.com\/wp-content\/uploads\/2025\/09\/VOPK-Tripe-60000-Puffs-Pen-Cartridge-Wholesale-12x12.webp",12,12,true],"woocommerce_thumbnail":["https:\/\/vapestornado.com\/wp-content\/uploads\/2025\/09\/VOPK-Tripe-60000-Puffs-Pen-Cartridge-Wholesale-300x300.webp",300,300,true],"woocommerce_single":["https:\/\/vapestornado.com\/wp-content\/uploads\/2025\/09\/VOPK-Tripe-60000-Puffs-Pen-Cartridge-Wholesale-600x600.webp",600,600,true],"woocommerce_gallery_thumbnail":["https:\/\/vapestornado.com\/wp-content\/uploads\/2025\/09\/VOPK-Tripe-60000-Puffs-Pen-Cartridge-Wholesale-100x100.webp",100,100,true]},"uagb_author_info":{"display_name":"ESAMY","author_link":"https:\/\/vapestornado.com\/lv\/author\/"},"uagb_comment_info":1,"uagb_excerpt":"Vopk Triple 60K 60000 Puffs Disposable Vape \u2013 Best Vape to Buy Europe Vopk Triple 60000 Puffs Rechargeable Disposable Vape with 3-in-1 Flavor Best Vape to Buy \u2013 Vopk Triple 60K 60000 Puffs with LED Screen &amp; Type-C Add Amy's whatsapp to get right reply and discount price! WhatsApp: +86 17776015835","_links":{"self":[{"href":"https:\/\/vapestornado.com\/lv\/wp-json\/wp\/v2\/product\/4387","targetHints":{"allow":["GET"]}}],"collection":[{"href":"https:\/\/vapestornado.com\/lv\/wp-json\/wp\/v2\/product"}],"about":[{"href":"https:\/\/vapestornado.com\/lv\/wp-json\/wp\/v2\/types\/product"}],"replies":[{"embeddable":true,"href":"https:\/\/vapestornado.com\/lv\/wp-json\/wp\/v2\/comments?post=4387"}],"wp:featuredmedia":[{"embeddable":true,"href":"https:\/\/vapestornado.com\/lv\/wp-json\/wp\/v2\/media\/4385"}],"wp:attachment":[{"href":"https:\/\/vapestornado.com\/lv\/wp-json\/wp\/v2\/media?parent=4387"}],"wp:term":[{"taxonomy":"product_brand","embeddable":true,"href":"https:\/\/vapestornado.com\/lv\/wp-json\/wp\/v2\/product_brand?post=4387"},{"taxonomy":"product_cat","embeddable":true,"href":"https:\/\/vapestornado.com\/lv\/wp-json\/wp\/v2\/product_cat?post=4387"},{"taxonomy":"product_tag","embeddable":true,"href":"https:\/\/vapestornado.com\/lv\/wp-json\/wp\/v2\/product_tag?post=4387"}],"curies":[{"name":"wp","href":"https:\/\/api.w.org\/{rel}","templated":true}]}}