{"id":4386,"date":"2025-09-25T07:52:37","date_gmt":"2025-09-25T07:52:37","guid":{"rendered":"https:\/\/vapestornado.com\/?post_type=product&#038;p=4386"},"modified":"2025-09-29T09:40:45","modified_gmt":"2025-09-29T09:40:45","slug":"aivono-fatbear-80k-best-3-in-1-vape-led-display-disposable-vape-pen","status":"publish","type":"product","link":"https:\/\/vapestornado.com\/lv\/product\/aivono-fatbear-80k-best-3-in-1-vape-led-display-disposable-vape-pen\/","title":{"rendered":"AIVONO FATBEAR 80K Lab\u0101kais 3 in 1 Vape LED Displejs Vienreiz\u0113j\u0101s lieto\u0161anas Vape Pildspalva"},"content":{"rendered":"<h2 data-pm-slice=\"1 1 []\">AIVONO FATBEAR 80K 3-in-1 LED displeja vienreizlietojams vape pildspalva \u2013 Lab\u0101kais Vairumtirdzniec\u012bbas Vienreizlietojams vape<\/h2>\n<p data-start=\"305\" data-end=\"593\">T\u0101 <strong data-start=\"309\" data-end=\"331\">AIVONO FATBEAR 80K<\/strong> ir gal\u012bgais <strong data-start=\"348\" data-end=\"365\">liels p\u016b\u0161amo vape<\/strong> izstr\u0101d\u0101ts jaudai, arom\u0101tam un \u0113rt\u012bbai. Pied\u0101v\u0101 l\u012bdz pat <strong data-start=\"423\" data-end=\"439\">80000 p\u016b\u0161ieniem<\/strong> ar milz\u012bgu <strong data-start=\"455\" data-end=\"481\">58ml e-\u0161\u0137idruma ietilp\u012bbu<\/strong>, \u0161is <strong data-start=\"488\" data-end=\"523\">LED displeja vienreizlietojams vape pildspalva<\/strong> ir izstr\u0101d\u0101ts ilgsto\u0161ai darb\u012bbai un gludai apmierin\u0101t\u012bbai.<\/p>\n<p data-start=\"595\" data-end=\"945\">Pied\u0101v\u0101jot <strong data-start=\"607\" data-end=\"638\">3-in-1 arom\u0101tu p\u0101rsl\u0113g\u0161anas sist\u0113ma<\/strong>, tad <strong data-start=\"644\" data-end=\"668\">AIVONO FATBEAR 80000<\/strong> \u013cauj nekav\u0113joties p\u0101rsl\u0113gties starp trim arom\u0101tiem vien\u0101 ier\u012bc\u0113, nodro\u0161inot nep\u0101rtrauktu da\u017e\u0101d\u012bbu bez podu mai\u0146as. Tas <strong data-start=\"786\" data-end=\"804\">1,0 \u03a9 sieta spole<\/strong> nodro\u0161ina bl\u012bvu tvaiku un bag\u0101tu gar\u0161u, kam\u0113r tas <strong data-start=\"852\" data-end=\"883\">650mAh uzl\u0101d\u0113jams akumulators<\/strong> ar <strong data-start=\"889\" data-end=\"913\">C tipa \u0101tr\u0101 uzl\u0101de<\/strong> nodro\u0161ina uzticamu visu dienu lieto\u0161anu.<\/p>\n<p data-start=\"947\" data-end=\"1325\">Saglab\u0101jiet kontroli ar <strong data-start=\"972\" data-end=\"993\">gudrais LED displejs<\/strong>, r\u0101dot re\u0101llaika e-\u0161\u0137idruma un akumulatora l\u012bmeni. Ar elast\u012bgiem nikot\u012bna variantiem (0%, 2%, 3%, 5%), \u0161\u012b ier\u012bce ir ide\u0101la gan ikdienas, gan intens\u012bvai vaper\u0113\u0161anai. Stil\u012bga, jaud\u012bga un izstr\u0101d\u0101ta iztur\u012bbai, tas <strong data-start=\"1191\" data-end=\"1213\">AIVONO 80K<\/strong> ir <strong data-start=\"1221\" data-end=\"1255\">lab\u0101kais vairumtirdzniec\u012bbas vienreizlietojamais vape<\/strong> Eiropas mazumtirgot\u0101jiem un galven\u0101 izv\u0113le vaperiem.<\/p>\n<p><strong><span style=\"color: #ff0000;\">Pievienojiet Eimijas whatsapp, lai sa\u0146emtu pareizu atbildi un iztvaic\u0113t\u0101ja kuponu!<\/span><\/strong><\/p>\n<p><img fetchpriority=\"high\" decoding=\"async\" class=\"size-full wp-image-2932\" src=\"https:\/\/vapestornado.com\/wp-content\/uploads\/2024\/12\/Vape-Wholesale.jpg\" alt=\"Veipu Vairumtirdzniec\u012bba\" width=\"229\" height=\"300\" \/><\/p>\n<h3><a href=\"https:\/\/wa.me\/8617776015835\" target=\"_blank\" rel=\"noopener\"><span style=\"color: #ff0000;\"><strong>WhatsApp: +86 17776015835<\/strong><\/span><\/a><\/h3>\n<p>&nbsp;<\/p>\n<h2><strong>AIVONO AIM FATBEAR 80K p\u016b\u0161u produkta \u012bpa\u0161\u012bbas<\/strong><\/h2>\n<ul>\n<li data-start=\"1357\" data-end=\"1402\">\n<p data-start=\"1359\" data-end=\"1402\">L\u012bdz <strong data-start=\"1365\" data-end=\"1381\">80 000 p\u016b\u0161\u013ciem<\/strong> ar 58 ml ietilp\u012bbu<\/p>\n<\/li>\n<li data-start=\"1403\" data-end=\"1453\">\n<p data-start=\"1405\" data-end=\"1453\"><strong data-start=\"1405\" data-end=\"1431\">3-in-1 arom\u0101tu rot\u0101cija<\/strong> nep\u0101rtraukta da\u017e\u0101d\u012bba<\/p>\n<\/li>\n<li data-start=\"1454\" data-end=\"1515\">\n<p data-start=\"1456\" data-end=\"1515\"><strong data-start=\"1456\" data-end=\"1487\">650mAh uzl\u0101d\u0113jams akumulators<\/strong> ar C tipa \u0101tro uzl\u0101di<\/p>\n<\/li>\n<li data-start=\"1516\" data-end=\"1568\">\n<p data-start=\"1518\" data-end=\"1568\"><strong data-start=\"1518\" data-end=\"1533\">LED displejs<\/strong> seko e-\u0161\u0137idruma un akumulatora l\u012bme\u0146iem<\/p>\n<\/li>\n<li data-start=\"1569\" data-end=\"1629\">\n<p data-start=\"1571\" data-end=\"1629\"><strong data-start=\"1571\" data-end=\"1589\">1,0 \u03a9 sieta spole<\/strong> lai nodro\u0161in\u0101tu vienm\u0113r\u012bgas m\u0101ko\u0146us un bag\u0101t\u012bgu gar\u0161u<\/p>\n<\/li>\n<li data-start=\"1630\" data-end=\"1665\">\n<p data-start=\"1632\" data-end=\"1665\">Nikot\u012bna opcijas: 0%, 2%, 3%, 5%<\/p>\n<\/li>\n<\/ul>\n<h2 class=\"product-title\"><strong>AIVONO AIM FATBEAR 80K 3-in-1 arom\u0101tu saraksts<\/strong><\/h2>\n<p data-start=\"2550\" data-end=\"2736\">1. Mellenes Rabarberi \/ Citronu ledus \/ Anan\u0101sa ledus<br \/>\n2. Zeme\u0146u ledus \/ Arb\u016bza ledus \/ Burbul\u012b\u0161u gumija<br \/>\n3. Mango ledus \/ Anan\u0101sa kokosrieksts \/ Persiku ledus<br \/>\n4. \u010cerri soda ledus \/ Kolas ledus \/ Medus melone<br \/>\n5. V\u012bnogas \/ Piparm\u0113tra \/ Cranberry sald\u0113jums<br \/>\n6. Sk\u0101b\u0101 \u0101bols \/ Zeme\u0146u ban\u0101ns \/ Sk\u0101bais mango anan\u0101s<br \/>\n7. Sajaukts ogu \/ Zeme\u0146u kivi \/ Zeme\u0146u arb\u016bzs<br \/>\n8. Kivi Passion Fruit \/ Love66 \/ Mango ledus<br \/>\n9. Arb\u016bza ledus \/ Persiku ogas \/ \u010cerri kolas<br \/>\n10. Red Bull \/ Zeme\u0146u arb\u016bzs \/ Rabarberu konfekte<\/p>\n<figure id=\"attachment_4397\" aria-describedby=\"caption-attachment-4397\" style=\"width: 300px\" class=\"wp-caption alignnone\"><img decoding=\"async\" class=\"size-medium wp-image-4397\" src=\"https:\/\/vapestornado.com\/wp-content\/uploads\/2025\/09\/Aivono-Aim-Fatbear-Triple-3-in-1-Disposable-Vape-Wholesale-Cheap-Price-300x300.webp\" alt=\"Aivono Aim Fatbear Triple 3 in 1 Vienreiz\u0113j\u0101s lieto\u0161anas Vape vairumtirdzniec\u012bba L\u0113ta Cena\" width=\"300\" height=\"300\" srcset=\"https:\/\/vapestornado.com\/wp-content\/uploads\/2025\/09\/Aivono-Aim-Fatbear-Triple-3-in-1-Disposable-Vape-Wholesale-Cheap-Price-300x300.webp 300w, https:\/\/vapestornado.com\/wp-content\/uploads\/2025\/09\/Aivono-Aim-Fatbear-Triple-3-in-1-Disposable-Vape-Wholesale-Cheap-Price-150x150.webp 150w, https:\/\/vapestornado.com\/wp-content\/uploads\/2025\/09\/Aivono-Aim-Fatbear-Triple-3-in-1-Disposable-Vape-Wholesale-Cheap-Price-768x768.webp 768w, https:\/\/vapestornado.com\/wp-content\/uploads\/2025\/09\/Aivono-Aim-Fatbear-Triple-3-in-1-Disposable-Vape-Wholesale-Cheap-Price-12x12.webp 12w, https:\/\/vapestornado.com\/wp-content\/uploads\/2025\/09\/Aivono-Aim-Fatbear-Triple-3-in-1-Disposable-Vape-Wholesale-Cheap-Price-600x600.webp 600w, https:\/\/vapestornado.com\/wp-content\/uploads\/2025\/09\/Aivono-Aim-Fatbear-Triple-3-in-1-Disposable-Vape-Wholesale-Cheap-Price-100x100.webp 100w, https:\/\/vapestornado.com\/wp-content\/uploads\/2025\/09\/Aivono-Aim-Fatbear-Triple-3-in-1-Disposable-Vape-Wholesale-Cheap-Price.webp 800w\" sizes=\"(max-width: 300px) 100vw, 300px\" \/><figcaption id=\"caption-attachment-4397\" class=\"wp-caption-text\">Aivono Aim Fatbear Triple 3 in 1 Vienreiz\u0113j\u0101s lieto\u0161anas Vape vairumtirdzniec\u012bba L\u0113ta Cena<\/figcaption><\/figure>\n<div class=\"flex-shrink-0 flex flex-col relative items-end\">\n<div class=\"pt-0\">\n<div class=\"gizmo-bot-avatar flex h-8 w-8 items-center justify-center overflow-hidden rounded-full\">\n<div class=\"relative p-1 rounded-sm flex items-center justify-center bg-token-main-surface-primary text-token-text-primary h-8 w-8\">\n<h2 data-start=\"1200\" data-end=\"1487\">Vapes Tornado \u2013 J\u016bsu vairumtirdzniec\u012bbas tie\u0161saistes vape veikals lab\u0101ko vape z\u012bmolu ieg\u0101dei<\/h2>\n<p data-start=\"1200\" data-end=\"1487\"><strong data-start=\"141\" data-end=\"177\">Vapes Tornado Tie\u0161saistes D\u016bmu Veikals<\/strong> ir j\u016bsu uzticams avots <strong data-start=\"205\" data-end=\"270\">premium vienreizlietojamie vape un vairumtirdzniec\u012bbas e-cigaretes Eirop\u0101<\/strong>. M\u0113s pied\u0101v\u0101jam popul\u0101r\u0101k\u0101s z\u012bmolus, piem\u0113ram <strong data-start=\"307\" data-end=\"362\"><a href=\"https:\/\/vapestornado.com\/lv\/product\/vozol-gear-shisha-25k-25000-puffs-best-dtl-disposable-vape-hookah-cheap-price\/\">VOZOL BAR VAPE<\/a>, <a href=\"https:\/\/vapestornado.com\/lv\/product\/randm-12000-puffs-fumot-digital-disposable-vape-wholesale-price\/\">Fumot VAPE<\/a>, <a href=\"https:\/\/vapestornado.com\/lv\/product\/original-wga-ultra-35k-35000-puff-rechargeable-crystal-disposable-nicotine-vape-best-discount-price\/\">WGA VAPE<\/a>, Bang Vape<\/strong>, un vair\u0101k, nodro\u0161inot kvalit\u0101ti un da\u017e\u0101d\u012bbu katram klientam. Neatkar\u012bgi no t\u0101, vai j\u016bs esat individu\u0101ls vapers vai vairumtirdzniec\u012bbas pirc\u0113js, m\u0113s pieg\u0101d\u0101jam <strong data-start=\"481\" data-end=\"550\">augstas veiktsp\u0113jas ier\u012bces, stil\u012bgus dizainus un konkur\u0113tsp\u0113j\u012bgas cenas<\/strong> lai apmierin\u0101tu j\u016bsu vajadz\u012bbas.<\/p>\n<h2 data-start=\"2064\" data-end=\"2115\">BUJ par AIVONO AIM FATBEAR 80K Vienreiz\u0113j\u0101s lieto\u0161anas Vape<\/h2>\n<p data-start=\"1722\" data-end=\"1875\"><strong data-start=\"1722\" data-end=\"1782\">1. Cik p\u016btienus nodro\u0161ina AIVONO FATBEAR 80000?<\/strong><br data-start=\"1782\" data-end=\"1785\" \/>Tas sniedz l\u012bdz <strong data-start=\"1803\" data-end=\"1819\">80 000 p\u016b\u0161\u013ciem<\/strong>, padarot to par vienu no ilg\u0101k darbojo\u0161ajiem lielajiem p\u016btienu vape.<\/p>\n<p data-start=\"1877\" data-end=\"2004\"><strong data-start=\"1877\" data-end=\"1922\">2. Vai es varu uzl\u0101d\u0113t AIVONO FATBEAR 80K?<\/strong><br data-start=\"1922\" data-end=\"1925\" \/>J\u0101, tas ir komplekt\u0101 ar <strong data-start=\"1946\" data-end=\"1984\">650 mAh Type-C uzl\u0101d\u0113jams akumulators<\/strong> pagarin\u0101tai lieto\u0161anai.<\/p>\n<p data-start=\"2006\" data-end=\"2196\"><strong data-start=\"2006\" data-end=\"2064\">3. Kas padara \u0161o par lab\u0101ko vairumtirdzniec\u012bbas vienreiz\u0113j\u0101s lieto\u0161anas vape?<\/strong><br data-start=\"2064\" data-end=\"2067\" \/>T\u0101 <strong data-start=\"2071\" data-end=\"2129\">3-in-1 gar\u0161as sist\u0113ma, milz\u012bgs p\u016b\u0161u skaits un LED displejs<\/strong> padara to \u013coti pievilc\u012bgu gan pat\u0113r\u0113t\u0101jiem, gan Eiropas Savien\u012bbas vairumtirdzniec\u012bbas tirgot\u0101jiem.<\/p>\n<p data-start=\"2198\" data-end=\"2331\"><strong data-start=\"2198\" data-end=\"2243\">4. K\u0101das nikot\u012bna stipruma iesp\u0113jas ir pieejamas?<\/strong><br data-start=\"2243\" data-end=\"2246\" \/>J\u016bs varat izv\u0113l\u0113ties starp <strong data-start=\"2269\" data-end=\"2298\">0%, 2%, 3% vai 5% nikot\u012bna<\/strong>, atkar\u012bb\u0101 no j\u016bsu v\u0113lm\u0113m.<\/p>\n<p data-start=\"2333\" data-end=\"2487\"><strong data-start=\"2333\" data-end=\"2388\">5. Vai AIVONO FATBEAR 80K ir gar\u0161as opcijas?<\/strong><br data-start=\"2388\" data-end=\"2391\" \/>J\u0101, tas ir pieejams <strong data-start=\"2408\" data-end=\"2448\">10 unik\u0101las tr\u012bsk\u0101r\u0161as gar\u0161as kombin\u0101cijas<\/strong>, pied\u0101v\u0101jot kaut ko ikviena gaumei.<\/p>\n<\/div>\n<\/div>\n<\/div>\n<\/div>","protected":false},"excerpt":{"rendered":"<p data-start=\"2774\" data-end=\"2854\">AIVONO FATBEAR 80K Liels p\u016b\u0161amo e-cigare\u0161u vape \u2013 Lab\u0101kais 3-in-1 LED displeja vienreizlietojams vape pildspalva<\/p>\n<p data-start=\"2858\" data-end=\"2937\">AIVONO FATBEAR 80000 P\u016b\u0161ieni Rechargeable Vienreizlietojams vape \u2013 Vairumtirdzniec\u012bba Eirop\u0101<\/p>\n<p data-start=\"2941\" data-end=\"3026\">Lab\u0101kais Vairumtirdzniec\u012bbas Vienreizlietojams vape \u2013 AIVONO FATBEAR 80K ar LED ekr\u0101nu un 3-in-1 arom\u0101tu<\/p>\n<p data-start=\"2159\" data-end=\"2246\">\n<p><strong>Pievienojiet Eimijas WhatsApp, lai sa\u0146emtu prec\u012bzu atbildi un atlaidi!<\/strong><\/p>\n<p><img fetchpriority=\"high\" decoding=\"async\" class=\"size-full wp-image-2932\" src=\"https:\/\/vapestornado.com\/wp-content\/uploads\/2024\/12\/Vape-Wholesale.jpg\" alt=\"Veipu Vairumtirdzniec\u012bba\" width=\"229\" height=\"300\" \/><\/p>\n<h3><a href=\"https:\/\/wa.me\/8617776015835\"><span style=\"color: #ff0000;\"><strong>WhatsApp: +86 17776015835<\/strong><\/span><\/a><\/h3>","protected":false},"featured_media":4396,"comment_status":"open","ping_status":"closed","template":"","meta":{"_acf_changed":false,"_uag_custom_page_level_css":"","_lmt_disableupdate":"no","_lmt_disable":"","_monsterinsights_skip_tracking":false,"_monsterinsights_sitenote_active":false,"_monsterinsights_sitenote_note":"","_monsterinsights_sitenote_category":0,"site-sidebar-layout":"default","site-content-layout":"","ast-site-content-layout":"default","site-content-style":"default","site-sidebar-style":"default","ast-global-header-display":"","ast-banner-title-visibility":"","ast-main-header-display":"","ast-hfb-above-header-display":"","ast-hfb-below-header-display":"","ast-hfb-mobile-header-display":"","site-post-title":"","ast-breadcrumbs-content":"","ast-featured-img":"","footer-sml-layout":"","ast-disable-related-posts":"","theme-transparent-header-meta":"default","adv-header-id-meta":"","stick-header-meta":"","header-above-stick-meta":"","header-main-stick-meta":"","header-below-stick-meta":"","astra-migrate-meta-layouts":"set","ast-page-background-enabled":"default","ast-page-background-meta":{"desktop":{"background-color":"","background-image":"","background-repeat":"repeat","background-position":"center center","background-size":"auto","background-attachment":"scroll","background-type":"","background-media":"","overlay-type":"","overlay-color":"","overlay-opacity":"","overlay-gradient":""},"tablet":{"background-color":"","background-image":"","background-repeat":"repeat","background-position":"center center","background-size":"auto","background-attachment":"scroll","background-type":"","background-media":"","overlay-type":"","overlay-color":"","overlay-opacity":"","overlay-gradient":""},"mobile":{"background-color":"","background-image":"","background-repeat":"repeat","background-position":"center center","background-size":"auto","background-attachment":"scroll","background-type":"","background-media":"","overlay-type":"","overlay-color":"","overlay-opacity":"","overlay-gradient":""}},"ast-content-background-meta":{"desktop":{"background-color":"var(--ast-global-color-5)","background-image":"","background-repeat":"repeat","background-position":"center center","background-size":"auto","background-attachment":"scroll","background-type":"","background-media":"","overlay-type":"","overlay-color":"","overlay-opacity":"","overlay-gradient":""},"tablet":{"background-color":"var(--ast-global-color-5)","background-image":"","background-repeat":"repeat","background-position":"center center","background-size":"auto","background-attachment":"scroll","background-type":"","background-media":"","overlay-type":"","overlay-color":"","overlay-opacity":"","overlay-gradient":""},"mobile":{"background-color":"var(--ast-global-color-5)","background-image":"","background-repeat":"repeat","background-position":"center center","background-size":"auto","background-attachment":"scroll","background-type":"","background-media":"","overlay-type":"","overlay-color":"","overlay-opacity":"","overlay-gradient":""}},"_joinchat":[]},"product_brand":[],"product_cat":[344,176,149,153,156,158,142,143,144,146],"product_tag":[385,355,380,368,381],"class_list":{"0":"post-4386","1":"product","2":"type-product","3":"status-publish","4":"has-post-thumbnail","6":"product_cat-80000-puff","7":"product_cat-aivono-vape","8":"product_cat-buy-disposable-vapes-in-austria","9":"product_cat-buy-disposable-vapes-in-italy","10":"product_cat-buy-disposable-vapes-in-poland","11":"product_cat-buy-disposable-vapes-in-spain","12":"product_cat-digital-box-disposable-vapes","13":"product_cat-dual-mesh-disposable-vapes","14":"product_cat-low-nicotine-disposable-vapes","15":"product_cat-rechargeable-disposable-vapes","16":"product_tag-aivono-fatbear-80k","17":"product_tag-big-puff-vape","18":"product_tag-disposable-vapes-online","19":"product_tag-disposable-vapor","20":"product_tag-vapes-online-wholesale","21":"desktop-align-left","22":"tablet-align-left","23":"mobile-align-left","25":"first","26":"instock","27":"sale","28":"shipping-taxable","29":"purchasable","30":"product-type-simple"},"acf":[],"uagb_featured_image_src":{"full":["https:\/\/vapestornado.com\/wp-content\/uploads\/2025\/09\/Aivono-Aim-Fatbear-80000-Puffs-Disposable-Vape-Flavor-Adjustable.webp",800,800,false],"thumbnail":["https:\/\/vapestornado.com\/wp-content\/uploads\/2025\/09\/Aivono-Aim-Fatbear-80000-Puffs-Disposable-Vape-Flavor-Adjustable-150x150.webp",150,150,true],"medium":["https:\/\/vapestornado.com\/wp-content\/uploads\/2025\/09\/Aivono-Aim-Fatbear-80000-Puffs-Disposable-Vape-Flavor-Adjustable-300x300.webp",300,300,true],"medium_large":["https:\/\/vapestornado.com\/wp-content\/uploads\/2025\/09\/Aivono-Aim-Fatbear-80000-Puffs-Disposable-Vape-Flavor-Adjustable-768x768.webp",768,768,true],"large":["https:\/\/vapestornado.com\/wp-content\/uploads\/2025\/09\/Aivono-Aim-Fatbear-80000-Puffs-Disposable-Vape-Flavor-Adjustable.webp",800,800,false],"1536x1536":["https:\/\/vapestornado.com\/wp-content\/uploads\/2025\/09\/Aivono-Aim-Fatbear-80000-Puffs-Disposable-Vape-Flavor-Adjustable.webp",800,800,false],"2048x2048":["https:\/\/vapestornado.com\/wp-content\/uploads\/2025\/09\/Aivono-Aim-Fatbear-80000-Puffs-Disposable-Vape-Flavor-Adjustable.webp",800,800,false],"trp-custom-language-flag":["https:\/\/vapestornado.com\/wp-content\/uploads\/2025\/09\/Aivono-Aim-Fatbear-80000-Puffs-Disposable-Vape-Flavor-Adjustable-12x12.webp",12,12,true],"woocommerce_thumbnail":["https:\/\/vapestornado.com\/wp-content\/uploads\/2025\/09\/Aivono-Aim-Fatbear-80000-Puffs-Disposable-Vape-Flavor-Adjustable-300x300.webp",300,300,true],"woocommerce_single":["https:\/\/vapestornado.com\/wp-content\/uploads\/2025\/09\/Aivono-Aim-Fatbear-80000-Puffs-Disposable-Vape-Flavor-Adjustable-600x600.webp",600,600,true],"woocommerce_gallery_thumbnail":["https:\/\/vapestornado.com\/wp-content\/uploads\/2025\/09\/Aivono-Aim-Fatbear-80000-Puffs-Disposable-Vape-Flavor-Adjustable-100x100.webp",100,100,true]},"uagb_author_info":{"display_name":"ESAMY","author_link":"https:\/\/vapestornado.com\/lv\/author\/"},"uagb_comment_info":1,"uagb_excerpt":"AIVONO FATBEAR 80K Big Puff Vape \u2013 Best 3-in-1 LED Display Disposable Vape Pen AIVONO FATBEAR 80000 Puffs Rechargeable Disposable Vape \u2013 Wholesale in Europe Best Wholesale Disposable Vape \u2013 AIVONO FATBEAR 80K with LED Screen &amp; 3-in-1 Flavor Add Amy's whatsapp to get right reply and discount price! WhatsApp: +86 17776015835","_links":{"self":[{"href":"https:\/\/vapestornado.com\/lv\/wp-json\/wp\/v2\/product\/4386","targetHints":{"allow":["GET"]}}],"collection":[{"href":"https:\/\/vapestornado.com\/lv\/wp-json\/wp\/v2\/product"}],"about":[{"href":"https:\/\/vapestornado.com\/lv\/wp-json\/wp\/v2\/types\/product"}],"replies":[{"embeddable":true,"href":"https:\/\/vapestornado.com\/lv\/wp-json\/wp\/v2\/comments?post=4386"}],"wp:featuredmedia":[{"embeddable":true,"href":"https:\/\/vapestornado.com\/lv\/wp-json\/wp\/v2\/media\/4396"}],"wp:attachment":[{"href":"https:\/\/vapestornado.com\/lv\/wp-json\/wp\/v2\/media?parent=4386"}],"wp:term":[{"taxonomy":"product_brand","embeddable":true,"href":"https:\/\/vapestornado.com\/lv\/wp-json\/wp\/v2\/product_brand?post=4386"},{"taxonomy":"product_cat","embeddable":true,"href":"https:\/\/vapestornado.com\/lv\/wp-json\/wp\/v2\/product_cat?post=4386"},{"taxonomy":"product_tag","embeddable":true,"href":"https:\/\/vapestornado.com\/lv\/wp-json\/wp\/v2\/product_tag?post=4386"}],"curies":[{"name":"wp","href":"https:\/\/api.w.org\/{rel}","templated":true}]}}