{"id":4379,"date":"2025-09-25T02:51:29","date_gmt":"2025-09-25T02:51:29","guid":{"rendered":"https:\/\/vapestornado.com\/?post_type=product&#038;p=4379"},"modified":"2025-09-25T03:40:09","modified_gmt":"2025-09-25T03:40:09","slug":"vopk-80000-puff-80k-4-in-1-four-flavors-disposable-vapes-online-wholesale","status":"publish","type":"product","link":"https:\/\/vapestornado.com\/lv\/product\/vopk-80000-puff-80k-4-in-1-four-flavors-disposable-vapes-online-wholesale\/","title":{"rendered":"VOPK 80000 P\u016b\u0161\u013ci 80k 4 in 1 \u010cetri Gar\u0161as Vienreiz\u0113j\u0101s Vape Ier\u012bces Tie\u0161saistes Vairumtirdzniec\u012bba"},"content":{"rendered":"<h2 data-pm-slice=\"1 1 []\">VOPK 80000 P\u016b\u0161\u013ci 80k 4 in 1 \u010cetri Gar\u0161as Vienreiz\u0113j\u0101s Vape Ier\u012bces Tie\u0161saistes Vairumtirdzniec\u012bba<\/h2>\n<p data-start=\"175\" data-end=\"532\">T\u0101 <strong data-start=\"179\" data-end=\"214\">VOPK 80000 uzvilkumu vienreiz\u0113j\u0101s lieto\u0161anas iztvaic\u0113t\u0101js<\/strong> ir paredz\u0113ts veipot\u0101jiem, kuri v\u0113las <strong data-start=\"244\" data-end=\"293\">jauda, daudzveid\u012bba un \u0113rt\u012bbas vien\u0101 ier\u012bc\u0113<\/strong>. Ar <strong data-start=\"300\" data-end=\"328\">4-in-1 gar\u0161as tehnolo\u0123ija<\/strong>, lietot\u0101ji var uzreiz p\u0101rsl\u0113gties starp \u010detr\u0101m premium klases gar\u0161\u0101m, nen\u0113s\u0101jot vair\u0101kus podus. Pied\u0101v\u0101jot l\u012bdz pat <strong data-start=\"433\" data-end=\"457\">80 t\u016bksto\u0161iem uzvilkumu vien\u0101 ier\u012bc\u0113<\/strong>, \u0161is modelis ir <strong data-start=\"475\" data-end=\"515\">popul\u0101r\u0101k\u0101 izv\u0113le iztvaic\u0113t\u0101ju vairumtirdzniec\u012bb\u0101 tie\u0161saist\u0113<\/strong> vis\u0101 Eirop\u0101.<\/p>\n<p data-start=\"534\" data-end=\"1007\">Apr\u012bkots ar <strong data-start=\"550\" data-end=\"568\">0,9 \u03a9 sieti\u0146a spole<\/strong>, <strong data-start=\"570\" data-end=\"608\">650 mAh Type-C uzl\u0101d\u0113jams akumulators<\/strong>un <strong data-start=\"616\" data-end=\"642\">digit\u0101lais displeja ekr\u0101ns<\/strong>, tad <strong data-start=\"648\" data-end=\"660\">VOPK 80k<\/strong> nodro\u0161ina bag\u0101t\u012bgu gar\u0161u, bl\u012bvus tvaikus un piln\u012bgu kontroli p\u0101r e\u013c\u013cas un akumulatora l\u012bmeni. Ar nikot\u012bna opcij\u0101m pie <strong data-start=\"764\" data-end=\"782\">0%, 2% un 5%<\/strong>, tas ir piem\u0113rots gan ikdienas lietot\u0101jiem, gan pieredz\u0113ju\u0161iem iztvaic\u0113t\u0101jiem. Kompakts, bet jaud\u012bgs, tas ir ide\u0101ls <strong data-start=\"878\" data-end=\"905\">vienreiz\u0113j\u0101s lieto\u0161anas iztvaic\u0113t\u0101ju modu\u013cu komplekts<\/strong> priek\u0161 <b>lietot\u0101jiem<\/b>, nodro\u0161inot modernu dizainu un uzticamu veiktsp\u0113ju.<\/p>\n<p><strong><span style=\"color: #ff0000;\">Pievienojiet Eimijas whatsapp, lai sa\u0146emtu pareizu atbildi un iztvaic\u0113t\u0101ja kuponu!<\/span><\/strong><\/p>\n<p><img fetchpriority=\"high\" decoding=\"async\" class=\"size-full wp-image-2932\" src=\"https:\/\/vapestornado.com\/wp-content\/uploads\/2024\/12\/Vape-Wholesale.jpg\" alt=\"Veipu Vairumtirdzniec\u012bba\" width=\"229\" height=\"300\" \/><\/p>\n<h3><a href=\"https:\/\/wa.me\/8617776015835\" target=\"_blank\" rel=\"noopener\"><span style=\"color: #ff0000;\"><strong>WhatsApp: +86 17776015835<\/strong><\/span><\/a><\/h3>\n<p>&nbsp;<\/p>\n<h2><strong>VOPK 80000 uzvilkumu produkta \u012bpa\u0161\u012bbas<\/strong><\/h2>\n<h2 data-start=\"201\" data-end=\"249\"><\/h2>\n<ul data-start=\"251\" data-end=\"944\">\n<li data-start=\"251\" data-end=\"343\">\n<p data-start=\"253\" data-end=\"343\"><strong data-start=\"253\" data-end=\"277\">Milz\u012bgi 80 000 uzvilkumu<\/strong> \u2013 izstr\u0101d\u0101ts ilgtermi\u0146a lieto\u0161anai, ide\u0101li piem\u0113rots vairumtirdzniec\u012bbas un lielapjoma piepras\u012bjumam.<\/p>\n<\/li>\n<li data-start=\"344\" data-end=\"438\">\n<p data-start=\"346\" data-end=\"438\"><strong data-start=\"346\" data-end=\"370\">4 vien\u0101 gar\u0161as sist\u0113ma<\/strong> \u2013 izbaudi \u010detras gar\u0161as vien\u0101 ier\u012bc\u0113, nav nepiecie\u0161ams main\u012bt kapsulas.<\/p>\n<\/li>\n<li data-start=\"439\" data-end=\"518\">\n<p data-start=\"441\" data-end=\"518\"><strong data-start=\"441\" data-end=\"459\">0.9\u03a9 t\u012bkli\u0146a spir\u0101le<\/strong> \u2013 nodro\u0161ina vienm\u0113r\u012bgu tvaika bl\u012bvumu un uzlabotu gar\u0161u.<\/p>\n<\/li>\n<li data-start=\"519\" data-end=\"606\">\n<p data-start=\"521\" data-end=\"606\"><strong data-start=\"521\" data-end=\"552\">650mAh uzl\u0101d\u0113jams akumulators<\/strong> \u2013 Type-C \u0101tr\u0101 uzl\u0101de \u013cauj b\u016bt ener\u0123ijas pilnam ce\u013c\u0101.<\/p>\n<\/li>\n<li data-start=\"607\" data-end=\"693\">\n<p data-start=\"609\" data-end=\"693\"><strong data-start=\"609\" data-end=\"634\">Viedais digit\u0101lais displejs<\/strong> \u2013 re\u0101llaik\u0101 uzraugi akumulatora darb\u012bbas laiku un e-\u0161\u0137idruma l\u012bmeni.<\/p>\n<\/li>\n<li data-start=\"694\" data-end=\"776\">\n<p data-start=\"696\" data-end=\"776\"><strong data-start=\"696\" data-end=\"727\">Nikot\u012bna opcijas: 0%, 2%, 5%<\/strong> \u2013 elast\u012bba, lai piel\u0101gotos da\u017e\u0101d\u0101m vape vajadz\u012bb\u0101m.<\/p>\n<\/li>\n<li data-start=\"777\" data-end=\"862\">\n<p data-start=\"779\" data-end=\"862\"><strong data-start=\"779\" data-end=\"807\">Portat\u012bvs un lietot\u0101jam draudz\u012bgs<\/strong> \u2013 ergonomisks liels mutes gabals un viegls dizains.<\/p>\n<\/li>\n<li data-start=\"863\" data-end=\"944\">\n<p data-start=\"865\" data-end=\"944\"><strong data-start=\"865\" data-end=\"885\">10 gar\u0161u kombin\u0101cijas<\/strong> \u2013 pla\u0161s kl\u0101sts, lai apmierin\u0101tu da\u017e\u0101das gar\u0161as preferences.<\/p>\n<\/li>\n<\/ul>\n<figure id=\"attachment_4374\" aria-describedby=\"caption-attachment-4374\" style=\"width: 300px\" class=\"wp-caption alignnone\"><img decoding=\"async\" class=\"size-medium wp-image-4374\" src=\"https:\/\/vapestornado.com\/wp-content\/uploads\/2025\/09\/VOPK-80000-Puffs-Nicotine-Free-Disposable-Vape-300x300.webp\" alt=\"VOPK 80000 p\u016btieni bez nikot\u012bna vienreiz\u0113j\u0101s lieto\u0161anas vape\" width=\"300\" height=\"300\" srcset=\"https:\/\/vapestornado.com\/wp-content\/uploads\/2025\/09\/VOPK-80000-Puffs-Nicotine-Free-Disposable-Vape-300x300.webp 300w, https:\/\/vapestornado.com\/wp-content\/uploads\/2025\/09\/VOPK-80000-Puffs-Nicotine-Free-Disposable-Vape-150x150.webp 150w, https:\/\/vapestornado.com\/wp-content\/uploads\/2025\/09\/VOPK-80000-Puffs-Nicotine-Free-Disposable-Vape-768x768.webp 768w, https:\/\/vapestornado.com\/wp-content\/uploads\/2025\/09\/VOPK-80000-Puffs-Nicotine-Free-Disposable-Vape-12x12.webp 12w, https:\/\/vapestornado.com\/wp-content\/uploads\/2025\/09\/VOPK-80000-Puffs-Nicotine-Free-Disposable-Vape-600x600.webp 600w, https:\/\/vapestornado.com\/wp-content\/uploads\/2025\/09\/VOPK-80000-Puffs-Nicotine-Free-Disposable-Vape-100x100.webp 100w, https:\/\/vapestornado.com\/wp-content\/uploads\/2025\/09\/VOPK-80000-Puffs-Nicotine-Free-Disposable-Vape.webp 800w\" sizes=\"(max-width: 300px) 100vw, 300px\" \/><figcaption id=\"caption-attachment-4374\" class=\"wp-caption-text\">VOPK 80000 p\u016btieni bez nikot\u012bna vienreiz\u0113j\u0101s lieto\u0161anas vape<\/figcaption><\/figure>\n<h2 class=\"product-title\"><strong>VOPK 80000 p\u016btieni 80k 4 vien\u0101 gar\u0161u saraksts<\/strong><\/h2>\n<p data-start=\"2550\" data-end=\"2736\">1. arb\u016bzs ledus\/ Tr\u012bsk\u0101r\u0161s melones ledus\/ Zilais ave\u0146u ledus\/ Zeme\u0146u sald\u0113jums<br \/>\n2. Mellenes avenes\/ Fuji ledus\/ Sajaukto ogu\/ Melle\u0146u kokosriekstu konfekte<br \/>\n3. Zeme\u0146u arb\u016bzs\/ Dz\u0113rve\u0146u v\u012bnogas\/ Mango ledus\/ Zeme\u0146u ave\u0146u konfekte<br \/>\n4. Red bull ledus\/ Kivi laima pasifloras auglis\/ Sk\u0101bais \u0101bols ave\u0146u zeme\u0146u\/ Arb\u016bza ko\u0161\u013c\u0101jam\u0101 gumija<br \/>\n5. Melle\u0146u ledus\/ Persiku mango arb\u016bzs\/ Melone \u0101bols\/ G\u0101z\u0113ts \u0137ir\u0161u ledus<br \/>\n6. Zeme\u0146u mango \/ Zeme\u0146u kiwi \/ Arb\u016bza drakona auglis \/ Gumi\u0146\u0161 l\u0101cis<br \/>\n7. M\u012blest\u012bba 66 \/ Raspberri arb\u016bzs \/ Zeme\u0146u Raspberri \u0137irsis \/ \u0136ir\u0161u konfek\u0161u ledus<br \/>\n8. Zeme\u0146u ban\u0101ns \/ Anan\u0101su kokosriekstu ledus \/ Mango persiks aprikoze \/ Aloe mango melone<br \/>\n9. Varav\u012bksnes konfektes \/ Persiku ledus \/ Citrons sk\u0101b\u0101 apels\u012bns \/ Br\u016bkle\u0146u citrons<br \/>\n10. Kiwi pasijas aug\u013ci guava \/ Zeme\u0146u \u0137irsis \/ V\u012bnogu ledus \/ Zeme\u0146u konfektes<\/p>\n<div class=\"flex-shrink-0 flex flex-col relative items-end\">\n<div class=\"pt-0\">\n<div class=\"gizmo-bot-avatar flex h-8 w-8 items-center justify-center overflow-hidden rounded-full\">\n<div class=\"relative p-1 rounded-sm flex items-center justify-center bg-token-main-surface-primary text-token-text-primary h-8 w-8\">\n<h2 data-start=\"1200\" data-end=\"1487\">Vapes Tornado \u2013 J\u016bsu vairumtirdzniec\u012bbas tie\u0161saistes vape veikals lab\u0101ko vape z\u012bmolu ieg\u0101dei<\/h2>\n<p data-start=\"1200\" data-end=\"1487\"><strong data-start=\"141\" data-end=\"177\">Vapes Tornado Tie\u0161saistes D\u016bmu Veikals<\/strong> ir j\u016bsu uzticams avots <strong data-start=\"205\" data-end=\"270\">premium vienreizlietojamie vape un vairumtirdzniec\u012bbas e-cigaretes Eirop\u0101<\/strong>. M\u0113s pied\u0101v\u0101jam popul\u0101r\u0101k\u0101s z\u012bmolus, piem\u0113ram <strong data-start=\"307\" data-end=\"362\"><a href=\"https:\/\/vapestornado.com\/lv\/product\/elf-bar-raya-d3-25000-puffs-best-disposable-vape-wholesale-in-uk\/\">ELF BAR VAPE<\/a>, <a href=\"https:\/\/vapestornado.com\/lv\/product\/randm-tornado-15000-disposable-vape-wholesale-price\/\">Fumot VAPE<\/a>, <a href=\"https:\/\/vapestornado.com\/lv\/product\/original-vozol-star-40000-puff-40k-best-disposable-vape-2025-wholesale-cheap-price\/\">VOZOL Elektronisk\u0101 sm\u0113\u0137\u0113\u0161ana<\/a>, Bang Vape<\/strong>, un vair\u0101k, nodro\u0161inot kvalit\u0101ti un da\u017e\u0101d\u012bbu katram klientam. Neatkar\u012bgi no t\u0101, vai j\u016bs esat individu\u0101ls vapers vai vairumtirdzniec\u012bbas pirc\u0113js, m\u0113s pieg\u0101d\u0101jam <strong data-start=\"481\" data-end=\"550\">augstas veiktsp\u0113jas ier\u012bces, stil\u012bgus dizainus un konkur\u0113tsp\u0113j\u012bgas cenas<\/strong> lai apmierin\u0101tu j\u016bsu vajadz\u012bbas.<\/p>\n<h2 data-start=\"2064\" data-end=\"2115\">BUJ par VOPK 80000 P\u016b\u0161\u013ci 80k 4 in 1 Vienreiz\u0113j\u0101s lieto\u0161anas Vape<\/h2>\n<p data-start=\"1035\" data-end=\"1198\"><strong data-start=\"1035\" data-end=\"1107\">Q1: Cik p\u016b\u0161\u013cus nodro\u0161ina VOPK 80000 P\u016b\u0161\u013ci Vienreiz\u0113j\u0101s lieto\u0161anas Vape?<\/strong><br data-start=\"1107\" data-end=\"1110\" \/>A1: Katrs ier\u012bces sniedz l\u012bdz <strong data-start=\"1141\" data-end=\"1157\">80 000 p\u016b\u0161\u013ciem<\/strong>, padarot to ide\u0101lu ilgam lieto\u0161anai.<\/p>\n<p data-start=\"1200\" data-end=\"1379\"><strong data-start=\"1200\" data-end=\"1281\">Q2: Kas padara VOPK 80k unik\u0101lu sal\u012bdzin\u0101jum\u0101 ar cit\u0101m vienreiz\u0113j\u0101m vape ier\u012bc\u0113m tie\u0161saist\u0113?<\/strong><br data-start=\"1281\" data-end=\"1284\" \/>A2: T\u0101 ir apr\u012bkota ar <strong data-start=\"1302\" data-end=\"1326\">4-in-1 arom\u0101tu sist\u0113ma<\/strong>, \u013caujot jums izbaud\u012bt \u010detrus arom\u0101tus vien\u0101 ier\u012bc\u0113.<\/p>\n<p data-start=\"1381\" data-end=\"1530\"><strong data-start=\"1381\" data-end=\"1433\">Q3: Vai VOPK 80000 p\u016btienu vienreiz\u0113j\u0101 vape atbalsta uzl\u0101di?<\/strong><br data-start=\"1433\" data-end=\"1436\" \/>A3: J\u0101, tas n\u0101k ar <strong data-start=\"1461\" data-end=\"1499\">650 mAh Type-C uzl\u0101d\u0113jams akumulators<\/strong> efekt\u012bvai \u0101trai uzl\u0101dei.<\/p>\n<p data-start=\"1532\" data-end=\"1693\"><strong data-start=\"1532\" data-end=\"1610\">Q4: K\u0101das nikot\u012bna stipruma iesp\u0113jas ir pieejamas VOPK 80k vienreiz\u0113jai vape?<\/strong><br data-start=\"1610\" data-end=\"1613\" \/>A4: Opcijas ietver <strong data-start=\"1633\" data-end=\"1651\">0%, 2% un 5%<\/strong>, apmierinot da\u017e\u0101du vaperu vajadz\u012bbas.<\/p>\n<p data-start=\"1695\" data-end=\"1910\"><strong data-start=\"1695\" data-end=\"1762\">Q5: K\u0101p\u0113c VOPK 80k ir popul\u0101rs vairumtirdzniec\u012bbas tirgos Latvij\u0101?<\/strong><br data-start=\"1762\" data-end=\"1765\" \/>A5: T\u0101 <strong data-start=\"1773\" data-end=\"1840\">augsta p\u016btienu kapacit\u0101te, ekr\u0101na displejs un vair\u0101ku arom\u0101tu izv\u0113les<\/strong> padara to \u013coti pievilc\u012bgu vairumtirdzniec\u012bbas pirc\u0113jiem un jaunajiem pat\u0113r\u0113t\u0101jiem.<\/p>\n<\/div>\n<\/div>\n<\/div>\n<\/div>","protected":false},"excerpt":{"rendered":"<p data-start=\"2159\" data-end=\"2246\"><strong data-start=\"2159\" data-end=\"2244\">VOPK 80000 uzvilkumu vienreiz\u0113j\u0101s lieto\u0161anas iztvaic\u0113t\u0101ji \u2013 4-in-1 gar\u0161a, 80 t\u016bksto\u0161i uzvilkumu, lab\u0101k\u0101 vairumtirdzniec\u012bbas cena<\/strong><\/p>\n<p data-start=\"2250\" data-end=\"2331\"><strong data-start=\"2250\" data-end=\"2329\">Vairumtirdzniec\u012bbas VOPK 80k vienreiz\u0113j\u0101s lieto\u0161anas iztvaic\u0113t\u0101ju modu\u013cu komplekti \u2013 ekr\u0101na displejs un uzl\u0101d\u0113jams<\/strong><\/p>\n<p data-start=\"2335\" data-end=\"2416\"><strong data-start=\"2335\" data-end=\"2414\">VOPK 80000 uzvilkumu 4-in-1 vienreiz\u0113j\u0101s lieto\u0161anas iztvaic\u0113t\u0101ju komplekts \u2013 Premium klases iztvaic\u0113t\u0101ji tie\u0161saist\u0113 ES tirgum<\/strong><\/p>\n<p><strong>Pievienojiet Eimijas WhatsApp, lai sa\u0146emtu prec\u012bzu atbildi un atlaidi!<\/strong><\/p>\n<p><img fetchpriority=\"high\" decoding=\"async\" class=\"size-full wp-image-2932\" src=\"https:\/\/vapestornado.com\/wp-content\/uploads\/2024\/12\/Vape-Wholesale.jpg\" alt=\"Veipu Vairumtirdzniec\u012bba\" width=\"229\" height=\"300\" \/><\/p>\n<h3><a href=\"https:\/\/wa.me\/8617776015835\"><span style=\"color: #ff0000;\"><strong>WhatsApp: +86 17776015835<\/strong><\/span><\/a><\/h3>","protected":false},"featured_media":4373,"comment_status":"open","ping_status":"closed","template":"","meta":{"_acf_changed":false,"_uag_custom_page_level_css":"","_lmt_disableupdate":"no","_lmt_disable":"","_monsterinsights_skip_tracking":false,"_monsterinsights_sitenote_active":false,"_monsterinsights_sitenote_note":"","_monsterinsights_sitenote_category":0,"site-sidebar-layout":"default","site-content-layout":"","ast-site-content-layout":"default","site-content-style":"default","site-sidebar-style":"default","ast-global-header-display":"","ast-banner-title-visibility":"","ast-main-header-display":"","ast-hfb-above-header-display":"","ast-hfb-below-header-display":"","ast-hfb-mobile-header-display":"","site-post-title":"","ast-breadcrumbs-content":"","ast-featured-img":"","footer-sml-layout":"","ast-disable-related-posts":"","theme-transparent-header-meta":"default","adv-header-id-meta":"","stick-header-meta":"","header-above-stick-meta":"","header-main-stick-meta":"","header-below-stick-meta":"","astra-migrate-meta-layouts":"set","ast-page-background-enabled":"default","ast-page-background-meta":{"desktop":{"background-color":"","background-image":"","background-repeat":"repeat","background-position":"center center","background-size":"auto","background-attachment":"scroll","background-type":"","background-media":"","overlay-type":"","overlay-color":"","overlay-opacity":"","overlay-gradient":""},"tablet":{"background-color":"","background-image":"","background-repeat":"repeat","background-position":"center center","background-size":"auto","background-attachment":"scroll","background-type":"","background-media":"","overlay-type":"","overlay-color":"","overlay-opacity":"","overlay-gradient":""},"mobile":{"background-color":"","background-image":"","background-repeat":"repeat","background-position":"center center","background-size":"auto","background-attachment":"scroll","background-type":"","background-media":"","overlay-type":"","overlay-color":"","overlay-opacity":"","overlay-gradient":""}},"ast-content-background-meta":{"desktop":{"background-color":"var(--ast-global-color-5)","background-image":"","background-repeat":"repeat","background-position":"center center","background-size":"auto","background-attachment":"scroll","background-type":"","background-media":"","overlay-type":"","overlay-color":"","overlay-opacity":"","overlay-gradient":""},"tablet":{"background-color":"var(--ast-global-color-5)","background-image":"","background-repeat":"repeat","background-position":"center center","background-size":"auto","background-attachment":"scroll","background-type":"","background-media":"","overlay-type":"","overlay-color":"","overlay-opacity":"","overlay-gradient":""},"mobile":{"background-color":"var(--ast-global-color-5)","background-image":"","background-repeat":"repeat","background-position":"center center","background-size":"auto","background-attachment":"scroll","background-type":"","background-media":"","overlay-type":"","overlay-color":"","overlay-opacity":"","overlay-gradient":""}},"_joinchat":[]},"product_brand":[],"product_cat":[344,149,153,156,158,142,143,144,146,290],"product_tag":[378,380,368,381,377,379],"class_list":{"0":"post-4379","1":"product","2":"type-product","3":"status-publish","4":"has-post-thumbnail","6":"product_cat-80000-puff","7":"product_cat-buy-disposable-vapes-in-austria","8":"product_cat-buy-disposable-vapes-in-italy","9":"product_cat-buy-disposable-vapes-in-poland","10":"product_cat-buy-disposable-vapes-in-spain","11":"product_cat-digital-box-disposable-vapes","12":"product_cat-dual-mesh-disposable-vapes","13":"product_cat-low-nicotine-disposable-vapes","14":"product_cat-rechargeable-disposable-vapes","15":"product_cat-vopk-vape","16":"product_tag-4-in-1-vape","17":"product_tag-disposable-vapes-online","18":"product_tag-disposable-vapor","19":"product_tag-vapes-online-wholesale","20":"product_tag-vopk-80000-puff","21":"product_tag-vopk-80k","22":"desktop-align-left","23":"tablet-align-left","24":"mobile-align-left","26":"first","27":"instock","28":"sale","29":"shipping-taxable","30":"purchasable","31":"product-type-simple"},"acf":[],"uagb_featured_image_src":{"full":["https:\/\/vapestornado.com\/wp-content\/uploads\/2025\/09\/VOPK-80k-80000-Puffs-Disposable-Vape-Mod-Kits.webp",800,800,false],"thumbnail":["https:\/\/vapestornado.com\/wp-content\/uploads\/2025\/09\/VOPK-80k-80000-Puffs-Disposable-Vape-Mod-Kits-150x150.webp",150,150,true],"medium":["https:\/\/vapestornado.com\/wp-content\/uploads\/2025\/09\/VOPK-80k-80000-Puffs-Disposable-Vape-Mod-Kits-300x300.webp",300,300,true],"medium_large":["https:\/\/vapestornado.com\/wp-content\/uploads\/2025\/09\/VOPK-80k-80000-Puffs-Disposable-Vape-Mod-Kits-768x768.webp",768,768,true],"large":["https:\/\/vapestornado.com\/wp-content\/uploads\/2025\/09\/VOPK-80k-80000-Puffs-Disposable-Vape-Mod-Kits.webp",800,800,false],"1536x1536":["https:\/\/vapestornado.com\/wp-content\/uploads\/2025\/09\/VOPK-80k-80000-Puffs-Disposable-Vape-Mod-Kits.webp",800,800,false],"2048x2048":["https:\/\/vapestornado.com\/wp-content\/uploads\/2025\/09\/VOPK-80k-80000-Puffs-Disposable-Vape-Mod-Kits.webp",800,800,false],"trp-custom-language-flag":["https:\/\/vapestornado.com\/wp-content\/uploads\/2025\/09\/VOPK-80k-80000-Puffs-Disposable-Vape-Mod-Kits-12x12.webp",12,12,true],"woocommerce_thumbnail":["https:\/\/vapestornado.com\/wp-content\/uploads\/2025\/09\/VOPK-80k-80000-Puffs-Disposable-Vape-Mod-Kits-300x300.webp",300,300,true],"woocommerce_single":["https:\/\/vapestornado.com\/wp-content\/uploads\/2025\/09\/VOPK-80k-80000-Puffs-Disposable-Vape-Mod-Kits-600x600.webp",600,600,true],"woocommerce_gallery_thumbnail":["https:\/\/vapestornado.com\/wp-content\/uploads\/2025\/09\/VOPK-80k-80000-Puffs-Disposable-Vape-Mod-Kits-100x100.webp",100,100,true]},"uagb_author_info":{"display_name":"ESAMY","author_link":"https:\/\/vapestornado.com\/lv\/author\/"},"uagb_comment_info":1,"uagb_excerpt":"VOPK 80000 Puff Disposable Vapes \u2013 4-in-1 Flavor, 80k Puffs, Best Wholesale Price Wholesale VOPK 80k Disposable Vape Mod Kits \u2013 Screen Display &amp; Rechargeable VOPK 80000 Puff 4-in-1 Disposable Vape Kit\u2013 Premium Vapes Online for EU Market Add Amy's whatsapp to get right reply and discount price! WhatsApp: +86 17776015835","_links":{"self":[{"href":"https:\/\/vapestornado.com\/lv\/wp-json\/wp\/v2\/product\/4379","targetHints":{"allow":["GET"]}}],"collection":[{"href":"https:\/\/vapestornado.com\/lv\/wp-json\/wp\/v2\/product"}],"about":[{"href":"https:\/\/vapestornado.com\/lv\/wp-json\/wp\/v2\/types\/product"}],"replies":[{"embeddable":true,"href":"https:\/\/vapestornado.com\/lv\/wp-json\/wp\/v2\/comments?post=4379"}],"wp:featuredmedia":[{"embeddable":true,"href":"https:\/\/vapestornado.com\/lv\/wp-json\/wp\/v2\/media\/4373"}],"wp:attachment":[{"href":"https:\/\/vapestornado.com\/lv\/wp-json\/wp\/v2\/media?parent=4379"}],"wp:term":[{"taxonomy":"product_brand","embeddable":true,"href":"https:\/\/vapestornado.com\/lv\/wp-json\/wp\/v2\/product_brand?post=4379"},{"taxonomy":"product_cat","embeddable":true,"href":"https:\/\/vapestornado.com\/lv\/wp-json\/wp\/v2\/product_cat?post=4379"},{"taxonomy":"product_tag","embeddable":true,"href":"https:\/\/vapestornado.com\/lv\/wp-json\/wp\/v2\/product_tag?post=4379"}],"curies":[{"name":"wp","href":"https:\/\/api.w.org\/{rel}","templated":true}]}}