{"id":4369,"date":"2025-09-20T09:23:19","date_gmt":"2025-09-20T09:23:19","guid":{"rendered":"https:\/\/vapestornado.com\/?post_type=product&#038;p=4369"},"modified":"2025-09-23T08:18:09","modified_gmt":"2025-09-23T08:18:09","slug":"okso-70000-puff-3-in-1-flavor-adjustable-disposable-vape-pod","status":"publish","type":"product","link":"https:\/\/vapestornado.com\/lv\/product\/okso-70000-puff-3-in-1-flavor-adjustable-disposable-vape-pod\/","title":{"rendered":"OKSO 70000 Puff 3 vien\u0101 gar\u0161as regul\u0113jams vienreizlietojams vape pods"},"content":{"rendered":"<h2 data-pm-slice=\"1 1 []\">OKSO 70000 Puff 3 vien\u0101 gar\u0161as regul\u0113jams vienreizlietojams vape pods<\/h2>\n<p data-start=\"204\" data-end=\"627\">T\u0101 <strong data-start=\"208\" data-end=\"247\">OKSO 70000 Puff vienreizlietojamais Vape Pod<\/strong> ir rad\u012bts vape lietot\u0101jiem, kuri v\u0113las maksim\u0101lu veiktsp\u0113ju un da\u017e\u0101d\u012bbu vien\u0101 stil\u012bg\u0101 ier\u012bc\u0113. Ar <strong data-start=\"338\" data-end=\"367\">iespaid\u012bgu 70k malku skaitu<\/strong>, a <strong data-start=\"371\" data-end=\"395\">3-in-1 gar\u0161u sist\u0113mu<\/strong>, un <strong data-start=\"401\" data-end=\"423\">regul\u0113jamu gaisa pl\u016bsmu<\/strong>tas nosaka jaunu standartu ilgm\u016b\u017e\u012bgiem vienreizlietojamiem vape. Katrs pods satur <strong data-start=\"498\" data-end=\"526\">48mL e-\u0161\u0137idruma (16mL \u00d7 3)<\/strong>nodro\u0161inot tr\u012bs drosm\u012bgas gar\u0161u izv\u0113les vien\u0101 ier\u012bc\u0113 \u2014 br\u012bvi p\u0101rsl\u0113dzieties un izbaudiet svaigu gar\u0161u jebkur\u0101 laik\u0101.<\/p>\n<p data-start=\"629\" data-end=\"1100\">T\u0101 <strong data-start=\"633\" data-end=\"650\">OKSO 70k P\u016b\u0161\u013ci<\/strong> ir apr\u012bkots ar <strong data-start=\"671\" data-end=\"702\">tr\u012bsk\u0101r\u0161a sieta spoles tehnolo\u0123ija<\/strong> gludai, bl\u012bvai tvaika pl\u016bsmai un vienm\u0113r\u012bgai gar\u0161ai no s\u0101kuma l\u012bdz beig\u0101m. T\u0101 <strong data-start=\"774\" data-end=\"812\">650 mAh Type-C uzl\u0101d\u0113jams akumulators<\/strong> un <strong data-start=\"817\" data-end=\"839\">LED ekr\u0101na displejs<\/strong> inform\u0113 par e-\u0161\u0137idruma un ener\u0123ijas l\u012bmeni, nodro\u0161inot nek\u0101das p\u0101rsteigumus. Izstr\u0101d\u0101ts, dom\u0101jot par Latvijas vape lietot\u0101jiem, \u0161is pods apvieno <strong data-start=\"959\" data-end=\"976\">milz\u012bgu ietilp\u012bbu<\/strong>, <strong data-start=\"978\" data-end=\"1000\">gar\u0161u elast\u012bbu<\/strong>, un <strong data-start=\"1006\" data-end=\"1023\">m\u016bsdien\u012bgu dizainu<\/strong>, padarot to par vienu no <strong data-start=\"1046\" data-end=\"1097\">lab\u0101kie regul\u0113jamie vienreizlietojamie vape ar gar\u0161u 2025. gad\u0101<\/strong>.<\/p>\n<p data-start=\"1102\" data-end=\"1247\">Neatkar\u012bgi no t\u0101, vai <strong data-start=\"1114\" data-end=\"1134\">vairumtirdzniec\u012bbas pirc\u0113jiem<\/strong> or <strong data-start=\"1138\" data-end=\"1158\">individu\u0101lie lietot\u0101ji<\/strong>, tad <strong data-start=\"1164\" data-end=\"1183\">OKSO 70000 P\u016b\u0161\u013ci<\/strong> ir galven\u0101 izv\u0113le vienreiz\u0113j\u0101s lieto\u0161anas vape tirg\u016b.<\/p>\n<p><strong><span style=\"color: #ff0000;\">Pievienojiet Eimijas whatsapp, lai sa\u0146emtu pareizu atbildi un iztvaic\u0113t\u0101ja kuponu!<\/span><\/strong><\/p>\n<p><img fetchpriority=\"high\" decoding=\"async\" class=\"size-full wp-image-2932\" src=\"https:\/\/vapestornado.com\/wp-content\/uploads\/2024\/12\/Vape-Wholesale.jpg\" alt=\"Veipu Vairumtirdzniec\u012bba\" width=\"229\" height=\"300\" \/><\/p>\n<h3><a href=\"https:\/\/wa.me\/8617776015835\" target=\"_blank\" rel=\"noopener\"><span style=\"color: #ff0000;\"><strong>WhatsApp: +86 17776015835<\/strong><\/span><\/a><\/h3>\n<p>&nbsp;<\/p>\n<h2><strong>OKSO 70000 Puff produkta \u012bpa\u0161\u012bbas<\/strong><\/h2>\n<p>P\u016b\u0161\u013ci: 70000 p\u016b\u0161\u013ci<br \/>\nSerdes: T\u012bkla spole *3<br \/>\nE-sula: 48ml (16ml*3)<br \/>\nNikot\u012bns: 0%\/2%\/3%\/5%<br \/>\nAkumulators: 650mah, Type C uzl\u0101d\u0113jams<br \/>\nLED ekr\u0101ns e\u013c\u013cas un akumulatora r\u0101d\u012b\u0161anai<br \/>\nProdukta svars: 134.5g\/gab<br \/>\nProdukta izm\u0113rs: 45*44*127mm<\/p>\n<figure id=\"attachment_4365\" aria-describedby=\"caption-attachment-4365\" style=\"width: 300px\" class=\"wp-caption alignnone\"><img decoding=\"async\" class=\"size-medium wp-image-4365\" src=\"https:\/\/vapestornado.com\/wp-content\/uploads\/2025\/09\/OKSO-3in1-70000-Puffs-Disposable-Vape-300x300.webp\" alt=\"OKSO 3 vien\u0101 70000 p\u016b\u0161\u013cu vienreiz\u0113j\u0101s lieto\u0161anas vape\" width=\"300\" height=\"300\" srcset=\"https:\/\/vapestornado.com\/wp-content\/uploads\/2025\/09\/OKSO-3in1-70000-Puffs-Disposable-Vape-300x300.webp 300w, https:\/\/vapestornado.com\/wp-content\/uploads\/2025\/09\/OKSO-3in1-70000-Puffs-Disposable-Vape-150x150.webp 150w, https:\/\/vapestornado.com\/wp-content\/uploads\/2025\/09\/OKSO-3in1-70000-Puffs-Disposable-Vape-768x768.webp 768w, https:\/\/vapestornado.com\/wp-content\/uploads\/2025\/09\/OKSO-3in1-70000-Puffs-Disposable-Vape-12x12.webp 12w, https:\/\/vapestornado.com\/wp-content\/uploads\/2025\/09\/OKSO-3in1-70000-Puffs-Disposable-Vape-600x600.webp 600w, https:\/\/vapestornado.com\/wp-content\/uploads\/2025\/09\/OKSO-3in1-70000-Puffs-Disposable-Vape-100x100.webp 100w, https:\/\/vapestornado.com\/wp-content\/uploads\/2025\/09\/OKSO-3in1-70000-Puffs-Disposable-Vape.webp 800w\" sizes=\"(max-width: 300px) 100vw, 300px\" \/><figcaption id=\"caption-attachment-4365\" class=\"wp-caption-text\">OKSO 3 vien\u0101 70000 p\u016b\u0161\u013cu vienreiz\u0113j\u0101s lieto\u0161anas vape<\/figcaption><\/figure>\n<h2 class=\"product-title\"><strong>OKSO 70000 Puff gar\u0161u saraksts<\/strong><\/h2>\n<p data-start=\"2550\" data-end=\"2736\">1. Mellenes Avenes\\Jaukts ogu mais\u012bjums\\\u0100bols Persiks<br \/>\n2. Arb\u016bzs ledus\\Mr Blue\\Za\u013cais v\u012bnogu arb\u016bzs<br \/>\n3. Zeme\u0146u ledus\\D\u017eung\u013cu sula\\P\u016b\u0137a melone<br \/>\n4. V\u012bnogu ledus\\Melno j\u0101\u0146ogu ledus\\Ogu iev\u0101r\u012bjums<br \/>\n5. \u0136ir\u0161u ledus\\Divi \u0101boli\\Zeme\u0146u ave\u0146u \u0137ir\u0161u ledus<br \/>\n6. Sul\u012bgs persiks\\\u0136ir\u0161u kola\\\u0136ir\u0161u m\u012bkst\u0101s konfektes<br \/>\n7. Zeme\u0146u kivi\\Arb\u016bza gumija burbu\u013cgumija\\Tr\u012bsk\u0101r\u0161s mango ledus<br \/>\n8.Kivi Passion Fruit Guava\\Cola ledus\\Passion Fruit Mango ledus<br \/>\n9.Anan\u0101ss ledus\\Zemenes Arb\u016bzs\\Zemenes V\u012bnogas<br \/>\n10.\u012asta piparm\u0113tra\\ Citronslaika\\ Arb\u016bza Mojito<\/p>\n<div class=\"flex-shrink-0 flex flex-col relative items-end\">\n<div class=\"pt-0\">\n<div class=\"gizmo-bot-avatar flex h-8 w-8 items-center justify-center overflow-hidden rounded-full\">\n<div class=\"relative p-1 rounded-sm flex items-center justify-center bg-token-main-surface-primary text-token-text-primary h-8 w-8\">\n<h2 data-start=\"1200\" data-end=\"1487\">Vapes Tornado \u2013 J\u016bsu vairumtirdzniec\u012bbas tie\u0161saistes veikals Eiropas popul\u0101r\u0101kajiem vape z\u012bmoliem<\/h2>\n<p data-start=\"1200\" data-end=\"1487\"><strong data-start=\"213\" data-end=\"248\">Vapes Tornado Tie\u0161saistes D\u016bmu Veikals<\/strong> Vapes Tornado \u2013 j\u016bsu vairumtirdzniec\u012bbas centrs Eiropas popul\u0101r\u0101kajiem vape z\u012bmoliem<strong data-start=\"403\" data-end=\"431\">\u00a0popul\u0101riem e-cigare\u0161u z\u012bmoliem<\/strong>, ieskaitot <strong data-start=\"443\" data-end=\"502\"><a href=\"https:\/\/vapestornado.com\/lv\/product-category\/elf-bar-vape\/\">ELF BAR VAPE<\/a>, Vapme VAPE, <a href=\"https:\/\/vapestornado.com\/lv\/product\/vozol-gear-power-20k-20000-puffs-vape-rechargeable-disposable-box-bulk-buy-cheap-price\/\">VOZOL Elektronisk\u0101 sm\u0113\u0137\u0113\u0161ana<\/a><\/strong><strong data-start=\"443\" data-end=\"502\">, un <a href=\"https:\/\/vapestornado.com\/lv\/product-category\/bang-vape\/\">Bang Vape<\/a><\/strong>. M\u016bsu veikals ir izveidots, lai apkalpotu gan individu\u0101los klientus, gan vairumtirdzniec\u012bbas pirc\u0113jus, nodro\u0161inot uzticamus produktus, kas apvieno sp\u0113c\u012bgu veiktsp\u0113ju, stil\u012bgu dizainu un konkur\u0113tsp\u0113j\u012bgas cenas.<\/p>\n<h2 data-start=\"2064\" data-end=\"2115\">BUJ par OKSO 70000 P\u016b\u013cu Vienreizlietojamo Vape<\/h2>\n<p data-start=\"1275\" data-end=\"1451\"><strong data-start=\"1275\" data-end=\"1351\">Q1: Cik p\u016b\u013cu sniedz OKSO 70000 P\u016b\u013cu Vienreizlietojam\u0101 Vape pods?<\/strong><br data-start=\"1351\" data-end=\"1354\" \/>A1: L\u012bdz <strong data-start=\"1364\" data-end=\"1380\">70 000 p\u016b\u013cu<\/strong> pateicoties t\u0101s lielajai 48 ml e-\u0161\u0137idruma ietilp\u012bbai un efekt\u012bv\u0101m re\u017e\u0123a spir\u0101l\u0113m.<\/p>\n<p data-start=\"1453\" data-end=\"1655\"><strong data-start=\"1453\" data-end=\"1528\">Q2: Kas padara OKSO 70k Puff at\u0161\u0137ir\u012bgu no cit\u0101m vienreiz\u0113j\u0101m vape?<\/strong><br data-start=\"1528\" data-end=\"1531\" \/>A2: T\u0101 ir apr\u012bkota ar <strong data-start=\"1549\" data-end=\"1573\">3-in-1 gar\u0161u sist\u0113mu<\/strong> ar regul\u0113jamu gaisa pl\u016bsmu, \u013caujot jums izbaud\u012bt tr\u012bs augstas kvalit\u0101tes gar\u0161as vien\u0101 ier\u012bc\u0113.<\/p>\n<p data-start=\"1657\" data-end=\"1813\"><strong data-start=\"1657\" data-end=\"1701\">Q3: Vai OKSO 70000 Puff ir uzl\u0101d\u0113jams?<\/strong><br data-start=\"1701\" data-end=\"1704\" \/>A3: J\u0101, tas ir apr\u012bkots ar <strong data-start=\"1722\" data-end=\"1760\">650 mAh Type-C uzl\u0101d\u0113jams akumulators<\/strong> ar LED ekr\u0101nu, kas r\u0101da e\u013c\u013cas un akumulatora statusu.<\/p>\n<p data-start=\"1815\" data-end=\"1979\"><strong data-start=\"1815\" data-end=\"1893\">Q4: K\u0101das nikot\u012bna stipruma iesp\u0113jas ir pieejamas OKSO 70k Vienreiz\u0113jai Vape?<\/strong><br data-start=\"1893\" data-end=\"1896\" \/>A4: Opcijas ietver <strong data-start=\"1916\" data-end=\"1946\">0%, 2%, 3% un 5% nikot\u012bnu<\/strong> lai apmierin\u0101tu da\u017e\u0101das preferences.<\/p>\n<p data-start=\"1981\" data-end=\"2177\"><strong data-start=\"1981\" data-end=\"2047\">Q5: Kam ir paredz\u0113ts OKSO 70k Puff Vienreiz\u0113j\u0101s Vape Pod?<\/strong><br data-start=\"2047\" data-end=\"2050\" \/>A5: Tas ir ide\u0101li piem\u0113rots <strong data-start=\"2069\" data-end=\"2119\">v\u012brie\u0161u pat\u0113r\u0113t\u0101jiem vecum\u0101 no 25 l\u012bdz 35 gadiem Eiropas Savien\u012bbas tirg\u016b<\/strong> kas v\u0113las ilgtsp\u0113j\u012bgu, ar bag\u0101t\u012bgu gar\u0161u vape pieredzi.<\/p>\n<\/div>\n<\/div>\n<\/div>\n<\/div>","protected":false},"excerpt":{"rendered":"<p data-start=\"2514\" data-end=\"2583\"><strong data-start=\"2514\" data-end=\"2581\">OKSO 70K Puff 3-in-1 vienreizlietojamais vape \u2013 Lieli malki, liel\u0101ka gar\u0161a<\/strong><\/p>\n<p data-start=\"2587\" data-end=\"2663\"><strong data-start=\"2587\" data-end=\"2661\">Vairumtirdzniec\u012bba OKSO 70000 Puff Vape Pod \u2013 Tr\u012bsk\u0101r\u0161a gar\u0161a, regul\u0113jams gaisa pl\u016bsmas daudzums<\/strong><\/p>\n<p data-start=\"2667\" data-end=\"2739\"><strong data-start=\"2667\" data-end=\"2737\">OKSO 70000 vienreizlietojamais Vape Pod \u2013 Lab\u0101kais 70K Puff vape 2025. gada Latvijas tirgum<\/strong><\/p>\n<p><strong>Pievienojiet Eimijas WhatsApp, lai sa\u0146emtu prec\u012bzu atbildi un atlaidi!<\/strong><\/p>\n<p><img fetchpriority=\"high\" decoding=\"async\" class=\"size-full wp-image-2932\" src=\"https:\/\/vapestornado.com\/wp-content\/uploads\/2024\/12\/Vape-Wholesale.jpg\" alt=\"Veipu Vairumtirdzniec\u012bba\" width=\"229\" height=\"300\" \/><\/p>\n<h3><a href=\"https:\/\/wa.me\/8617776015835\"><span style=\"color: #ff0000;\"><strong>WhatsApp: +86 17776015835<\/strong><\/span><\/a><\/h3>","protected":false},"featured_media":4364,"comment_status":"open","ping_status":"closed","template":"","meta":{"_acf_changed":false,"_uag_custom_page_level_css":"","_lmt_disableupdate":"no","_lmt_disable":"","_monsterinsights_skip_tracking":false,"_monsterinsights_sitenote_active":false,"_monsterinsights_sitenote_note":"","_monsterinsights_sitenote_category":0,"site-sidebar-layout":"default","site-content-layout":"","ast-site-content-layout":"default","site-content-style":"default","site-sidebar-style":"default","ast-global-header-display":"","ast-banner-title-visibility":"","ast-main-header-display":"","ast-hfb-above-header-display":"","ast-hfb-below-header-display":"","ast-hfb-mobile-header-display":"","site-post-title":"","ast-breadcrumbs-content":"","ast-featured-img":"","footer-sml-layout":"","ast-disable-related-posts":"","theme-transparent-header-meta":"default","adv-header-id-meta":"","stick-header-meta":"","header-above-stick-meta":"","header-main-stick-meta":"","header-below-stick-meta":"","astra-migrate-meta-layouts":"set","ast-page-background-enabled":"default","ast-page-background-meta":{"desktop":{"background-color":"","background-image":"","background-repeat":"repeat","background-position":"center center","background-size":"auto","background-attachment":"scroll","background-type":"","background-media":"","overlay-type":"","overlay-color":"","overlay-opacity":"","overlay-gradient":""},"tablet":{"background-color":"","background-image":"","background-repeat":"repeat","background-position":"center center","background-size":"auto","background-attachment":"scroll","background-type":"","background-media":"","overlay-type":"","overlay-color":"","overlay-opacity":"","overlay-gradient":""},"mobile":{"background-color":"","background-image":"","background-repeat":"repeat","background-position":"center center","background-size":"auto","background-attachment":"scroll","background-type":"","background-media":"","overlay-type":"","overlay-color":"","overlay-opacity":"","overlay-gradient":""}},"ast-content-background-meta":{"desktop":{"background-color":"var(--ast-global-color-5)","background-image":"","background-repeat":"repeat","background-position":"center center","background-size":"auto","background-attachment":"scroll","background-type":"","background-media":"","overlay-type":"","overlay-color":"","overlay-opacity":"","overlay-gradient":""},"tablet":{"background-color":"var(--ast-global-color-5)","background-image":"","background-repeat":"repeat","background-position":"center center","background-size":"auto","background-attachment":"scroll","background-type":"","background-media":"","overlay-type":"","overlay-color":"","overlay-opacity":"","overlay-gradient":""},"mobile":{"background-color":"var(--ast-global-color-5)","background-image":"","background-repeat":"repeat","background-position":"center center","background-size":"auto","background-attachment":"scroll","background-type":"","background-media":"","overlay-type":"","overlay-color":"","overlay-opacity":"","overlay-gradient":""}},"_joinchat":[]},"product_brand":[],"product_cat":[149,153,156,158,142,143,144,146],"product_tag":[368,374,375,376],"class_list":{"0":"post-4369","1":"product","2":"type-product","3":"status-publish","4":"has-post-thumbnail","6":"product_cat-buy-disposable-vapes-in-austria","7":"product_cat-buy-disposable-vapes-in-italy","8":"product_cat-buy-disposable-vapes-in-poland","9":"product_cat-buy-disposable-vapes-in-spain","10":"product_cat-digital-box-disposable-vapes","11":"product_cat-dual-mesh-disposable-vapes","12":"product_cat-low-nicotine-disposable-vapes","13":"product_cat-rechargeable-disposable-vapes","14":"product_tag-disposable-vapor","15":"product_tag-okso-70000-puff","16":"product_tag-okso-70k-puff","17":"product_tag-okso-vape","18":"desktop-align-left","19":"tablet-align-left","20":"mobile-align-left","22":"first","23":"instock","24":"sale","25":"shipping-taxable","26":"purchasable","27":"product-type-simple"},"acf":[],"uagb_featured_image_src":{"full":["https:\/\/vapestornado.com\/wp-content\/uploads\/2025\/09\/OKSO-3-IN-1-70000-PUFF-Disposable-Vape-Wholesale-Price.webp",800,800,false],"thumbnail":["https:\/\/vapestornado.com\/wp-content\/uploads\/2025\/09\/OKSO-3-IN-1-70000-PUFF-Disposable-Vape-Wholesale-Price-150x150.webp",150,150,true],"medium":["https:\/\/vapestornado.com\/wp-content\/uploads\/2025\/09\/OKSO-3-IN-1-70000-PUFF-Disposable-Vape-Wholesale-Price-300x300.webp",300,300,true],"medium_large":["https:\/\/vapestornado.com\/wp-content\/uploads\/2025\/09\/OKSO-3-IN-1-70000-PUFF-Disposable-Vape-Wholesale-Price-768x768.webp",768,768,true],"large":["https:\/\/vapestornado.com\/wp-content\/uploads\/2025\/09\/OKSO-3-IN-1-70000-PUFF-Disposable-Vape-Wholesale-Price.webp",800,800,false],"1536x1536":["https:\/\/vapestornado.com\/wp-content\/uploads\/2025\/09\/OKSO-3-IN-1-70000-PUFF-Disposable-Vape-Wholesale-Price.webp",800,800,false],"2048x2048":["https:\/\/vapestornado.com\/wp-content\/uploads\/2025\/09\/OKSO-3-IN-1-70000-PUFF-Disposable-Vape-Wholesale-Price.webp",800,800,false],"trp-custom-language-flag":["https:\/\/vapestornado.com\/wp-content\/uploads\/2025\/09\/OKSO-3-IN-1-70000-PUFF-Disposable-Vape-Wholesale-Price-12x12.webp",12,12,true],"woocommerce_thumbnail":["https:\/\/vapestornado.com\/wp-content\/uploads\/2025\/09\/OKSO-3-IN-1-70000-PUFF-Disposable-Vape-Wholesale-Price-300x300.webp",300,300,true],"woocommerce_single":["https:\/\/vapestornado.com\/wp-content\/uploads\/2025\/09\/OKSO-3-IN-1-70000-PUFF-Disposable-Vape-Wholesale-Price-600x600.webp",600,600,true],"woocommerce_gallery_thumbnail":["https:\/\/vapestornado.com\/wp-content\/uploads\/2025\/09\/OKSO-3-IN-1-70000-PUFF-Disposable-Vape-Wholesale-Price-100x100.webp",100,100,true]},"uagb_author_info":{"display_name":"ESAMY","author_link":"https:\/\/vapestornado.com\/lv\/author\/"},"uagb_comment_info":1,"uagb_excerpt":"OKSO 70K Puff 3-in-1 Disposable Vape \u2013 Big Puffs, Bigger Flavor Wholesale OKSO 70000 Puff Vape Pod \u2013 Triple Flavor, Adjustable Airflow OKSO 70000 Disposable Vape Pod \u2013 Best 70K Puff Vape 2025 EU Market Add Amy's whatsapp to get right reply and discount price! WhatsApp: +86 17776015835","_links":{"self":[{"href":"https:\/\/vapestornado.com\/lv\/wp-json\/wp\/v2\/product\/4369","targetHints":{"allow":["GET"]}}],"collection":[{"href":"https:\/\/vapestornado.com\/lv\/wp-json\/wp\/v2\/product"}],"about":[{"href":"https:\/\/vapestornado.com\/lv\/wp-json\/wp\/v2\/types\/product"}],"replies":[{"embeddable":true,"href":"https:\/\/vapestornado.com\/lv\/wp-json\/wp\/v2\/comments?post=4369"}],"wp:featuredmedia":[{"embeddable":true,"href":"https:\/\/vapestornado.com\/lv\/wp-json\/wp\/v2\/media\/4364"}],"wp:attachment":[{"href":"https:\/\/vapestornado.com\/lv\/wp-json\/wp\/v2\/media?parent=4369"}],"wp:term":[{"taxonomy":"product_brand","embeddable":true,"href":"https:\/\/vapestornado.com\/lv\/wp-json\/wp\/v2\/product_brand?post=4369"},{"taxonomy":"product_cat","embeddable":true,"href":"https:\/\/vapestornado.com\/lv\/wp-json\/wp\/v2\/product_cat?post=4369"},{"taxonomy":"product_tag","embeddable":true,"href":"https:\/\/vapestornado.com\/lv\/wp-json\/wp\/v2\/product_tag?post=4369"}],"curies":[{"name":"wp","href":"https:\/\/api.w.org\/{rel}","templated":true}]}}