{"id":4363,"date":"2025-09-20T03:33:56","date_gmt":"2025-09-20T03:33:56","guid":{"rendered":"https:\/\/vapestornado.com\/?post_type=product&#038;p=4363"},"modified":"2025-09-20T06:28:53","modified_gmt":"2025-09-20T06:28:53","slug":"bang-box-turbo-42000-puff-dual-vaping-mode-touch-screen-disposable-vape","status":"publish","type":"product","link":"https:\/\/vapestornado.com\/lv\/product\/bang-box-turbo-42000-puff-dual-vaping-mode-touch-screen-disposable-vape\/","title":{"rendered":"Bang Box Turbo 42000 uzp\u016btienu div\u0113j\u0101da re\u017e\u012bma sk\u0101rienekr\u0101na vienreiz\u0113j\u0101s lieto\u0161anas vape"},"content":{"rendered":"<h2 data-pm-slice=\"1 1 []\">Bang Box Turbo 42000 P\u016b\u013cu \u2013 Touchekr\u0101na vienreiz\u0113j\u0101 vape ar divk\u0101r\u0161u vaping re\u017e\u012bmu<\/h2>\n<p data-start=\"272\" data-end=\"659\">T\u0101 <strong data-start=\"276\" data-end=\"300\">Bang Box Turbo 42000<\/strong> ir izstr\u0101d\u0101ts vaperiem, kuri v\u0113las jaudu, stilu un kontroli vien\u0101 ier\u012bc\u0113. Ar t\u0101s <strong data-start=\"380\" data-end=\"400\">divk\u0101r\u0161s vaping re\u017e\u012bms<\/strong>, j\u016bs varat p\u0101rsl\u0113gties starp <strong data-start=\"425\" data-end=\"462\">regul\u0101ro re\u017e\u012bmu (l\u012bdz 42 000 p\u016b\u013cu)<\/strong> or <strong data-start=\"466\" data-end=\"495\">impulsa re\u017e\u012bmu (30 000 p\u016b\u013cu)<\/strong> stipr\u0101kam efektam. \u0160\u012b elast\u012bba padara to par ide\u0101lu izv\u0113li <b>da\u017e\u0101diem vaperiem<\/b> kas mekl\u0113 vienreiz\u0113j\u0101s vape, kas piel\u0101gojas vi\u0146u dz\u012bvesveidam.<\/p>\n<p data-start=\"661\" data-end=\"989\">Apr\u012bkots ar <strong data-start=\"677\" data-end=\"703\">3D izliekts sk\u0101rienekr\u0101ns<\/strong>, tad <strong data-start=\"709\" data-end=\"741\">Bang Box 42k Vienreiz\u0113j\u0101 vape pods<\/strong>\u00a0uztur j\u016bs inform\u0113tu par akumulatora darb\u012bbas laiku un e-\u0161\u0137idruma l\u012bmeni re\u0101llaik\u0101. Nav nepiecie\u0161ams min\u0113t\u2014tikai skaidra, uzticama inform\u0101cija uzreiz. \u0160is <strong data-start=\"878\" data-end=\"902\">28mL iepriek\u0161pild\u012bts tvertne<\/strong> apvienots ar <strong data-start=\"917\" data-end=\"935\">t\u012bkla spoli<\/strong> nodro\u0161ina drosm\u012bgas, gludas gar\u0161as no s\u0101kuma l\u012bdz beig\u0101m.<\/p>\n<p data-start=\"991\" data-end=\"1263\">Darbojas ar <strong data-start=\"1004\" data-end=\"1042\">750mAh Type-C uzl\u0101d\u0113jama akumulators<\/strong>, Bang Box Turbo 42000 garant\u0113 ilgas sesijas bez p\u0101rtraukumiem. Izv\u0113lies savu v\u0113lamo stiprumu ar <strong data-start=\"1161\" data-end=\"1201\">nikot\u012bna opcij\u0101m 0%, 2%, 3% vai 5%<\/strong>, padarot to piem\u0113rotu gan ikdienas, gan pieredz\u0113ju\u0161iem vaperiem.<\/p>\n<p data-start=\"1265\" data-end=\"1583\">Gar\u0161as izv\u0113les ietver <strong data-start=\"1288\" data-end=\"1362\">Zeme\u0146u arb\u016bzs, Meksikas mango, Miamas piparm\u0113tra, V\u012bnogu B Pop un vair\u0101k<\/strong>, dodot tev pla\u0161u aug\u013cu, ledus un saldu mais\u012bjumu kl\u0101stu, lai katra p\u012bp\u0113\u0161ana b\u016btu aizraujo\u0161a. Ar t\u0101s kompakt\u0101, bet augstv\u0113rt\u012bg\u0101 dizaina, \u0161is <strong data-start=\"1493\" data-end=\"1525\">Sk\u0101rienj\u016bt\u012bgs vienreizlietojams vape<\/strong> nav tikai ier\u012bce \u2014 tas ir modern\u0101s vaping izteiksmes veids.<\/p>\n<h3 data-start=\"1585\" data-end=\"1624\">K\u0101p\u0113c ieg\u0101d\u0101ties Bang Box Turbo 42000?<\/h3>\n<ul data-start=\"1625\" data-end=\"1935\">\n<li data-start=\"1625\" data-end=\"1693\">\n<p data-start=\"1627\" data-end=\"1693\"><strong data-start=\"1627\" data-end=\"1647\">Dubult\u0101 vaping re\u017e\u012bms<\/strong>: Parasts vai Puls\u0113jo\u0161s, lai piel\u0101gotu apmierin\u0101jumu<\/p>\n<\/li>\n<li data-start=\"1694\" data-end=\"1760\">\n<p data-start=\"1696\" data-end=\"1760\"><strong data-start=\"1696\" data-end=\"1720\">T\u0101lvad\u012bbas sk\u0101rienekr\u0101na displejs<\/strong>: Re\u0101llaika e\u013c\u013cas un akumulatora uzraudz\u012bba<\/p>\n<\/li>\n<li data-start=\"1761\" data-end=\"1815\">\n<p data-start=\"1763\" data-end=\"1815\"><strong data-start=\"1763\" data-end=\"1780\">Liels ietilp\u012bba<\/strong>: 42 000 p\u012bp\u0113\u0161anu ar 28 ml e-\u0161\u0137idruma<\/p>\n<\/li>\n<li data-start=\"1816\" data-end=\"1875\">\n<p data-start=\"1818\" data-end=\"1875\"><strong data-start=\"1818\" data-end=\"1831\">Sieta spole<\/strong>: Gludas m\u0101ko\u0146i un pilna gar\u0161a katru reizi<\/p>\n<\/li>\n<li data-start=\"1876\" data-end=\"1935\">\n<p data-start=\"1878\" data-end=\"1935\"><strong data-start=\"1878\" data-end=\"1894\">Uzl\u0101d\u0113jams<\/strong>: 750mAh Type-C akumulators \u0113rt\u012bbai<\/p>\n<\/li>\n<\/ul>\n<p><strong><span style=\"color: #ff0000;\">Pievienojiet Eimijas whatsapp, lai sa\u0146emtu pareizu atbildi un iztvaic\u0113t\u0101ja kuponu!<\/span><\/strong><\/p>\n<p><img fetchpriority=\"high\" decoding=\"async\" class=\"size-full wp-image-2932\" src=\"https:\/\/vapestornado.com\/wp-content\/uploads\/2024\/12\/Vape-Wholesale.jpg\" alt=\"Veipu Vairumtirdzniec\u012bba\" width=\"229\" height=\"300\" \/><\/p>\n<h3><a href=\"https:\/\/wa.me\/8617776015835\" target=\"_blank\" rel=\"noopener\"><span style=\"color: #ff0000;\"><strong>WhatsApp: +86 17776015835<\/strong><\/span><\/a><\/h3>\n<p>&nbsp;<\/p>\n<h2><strong>Bang Box Turbo 42000 P\u012bp\u0113\u0161anas produkta \u012bpa\u0161\u012bbas<\/strong><\/h2>\n<p>Puffs: 42000 puffs (regul\u0101rs re\u017e\u012bms)<br \/>\n30000 puffs (Pulse re\u017e\u012bms)<br \/>\nDubult\u0101 re\u017e\u012bma vapes<br \/>\nLietot\u0101js: 28 mL iepriek\u0161pild\u012bts<br \/>\nNikot\u012bns: 0% 2% 3% 5%<br \/>\nKodols: T\u012bkla spir\u0101le 1.0 \u03a9<br \/>\nAkumulators: 750 mAh ar Type-C uzl\u0101di<br \/>\n3D izliekts ekr\u0101ns displejs e\u013c\u013cai un akumulatoram<\/p>\n<figure id=\"attachment_4359\" aria-describedby=\"caption-attachment-4359\" style=\"width: 300px\" class=\"wp-caption alignnone\"><img decoding=\"async\" class=\"size-medium wp-image-4359\" src=\"https:\/\/vapestornado.com\/wp-content\/uploads\/2025\/09\/Bang-Box-Turbo-42000-Puff-Dispsoable-Vape-Mod-Kits-300x300.webp\" alt=\"Bang Box Turbo 42000 Puffs Vienreiz\u0113j\u0101s lieto\u0161anas Vape Mod Komplekti\" width=\"300\" height=\"300\" srcset=\"https:\/\/vapestornado.com\/wp-content\/uploads\/2025\/09\/Bang-Box-Turbo-42000-Puff-Dispsoable-Vape-Mod-Kits-300x300.webp 300w, https:\/\/vapestornado.com\/wp-content\/uploads\/2025\/09\/Bang-Box-Turbo-42000-Puff-Dispsoable-Vape-Mod-Kits-1024x1024.webp 1024w, https:\/\/vapestornado.com\/wp-content\/uploads\/2025\/09\/Bang-Box-Turbo-42000-Puff-Dispsoable-Vape-Mod-Kits-150x150.webp 150w, https:\/\/vapestornado.com\/wp-content\/uploads\/2025\/09\/Bang-Box-Turbo-42000-Puff-Dispsoable-Vape-Mod-Kits-768x768.webp 768w, https:\/\/vapestornado.com\/wp-content\/uploads\/2025\/09\/Bang-Box-Turbo-42000-Puff-Dispsoable-Vape-Mod-Kits-12x12.webp 12w, https:\/\/vapestornado.com\/wp-content\/uploads\/2025\/09\/Bang-Box-Turbo-42000-Puff-Dispsoable-Vape-Mod-Kits-600x600.webp 600w, https:\/\/vapestornado.com\/wp-content\/uploads\/2025\/09\/Bang-Box-Turbo-42000-Puff-Dispsoable-Vape-Mod-Kits-100x100.webp 100w, https:\/\/vapestornado.com\/wp-content\/uploads\/2025\/09\/Bang-Box-Turbo-42000-Puff-Dispsoable-Vape-Mod-Kits.webp 1500w\" sizes=\"(max-width: 300px) 100vw, 300px\" \/><figcaption id=\"caption-attachment-4359\" class=\"wp-caption-text\">Bang Box Turbo 42000 Puffs Vienreiz\u0113j\u0101s lieto\u0161anas Vape Mod Komplekti<\/figcaption><\/figure>\n<h2 class=\"product-title\"><strong>Bang Box Turbo 42000 Puffs Gar\u0161u Saraksts<\/strong><\/h2>\n<p data-start=\"2550\" data-end=\"2736\">1. Zeme\u0146u arb\u016bzs<br \/>\n2. Viltotas ogas<br \/>\n3.Zil\u0101 ave\u0146u ledus<br \/>\n4.Mellenes Arb\u016bzs<br \/>\n5.Sk\u0101bja \u0101bolu ledus<br \/>\n6.Limenes ogu apels\u012bns<br \/>\n7.Meksikas mango<br \/>\n8.Miami piparm\u0113tra<br \/>\n9.Arb\u016bzu ledus<br \/>\n10.Salds \u0137irsis<br \/>\n11.V\u012bnogu B Pop<br \/>\n12.Ab\u012b\u0161u B Pop<\/p>\n<div class=\"flex-shrink-0 flex flex-col relative items-end\">\n<div class=\"pt-0\">\n<div class=\"gizmo-bot-avatar flex h-8 w-8 items-center justify-center overflow-hidden rounded-full\">\n<div class=\"relative p-1 rounded-sm flex items-center justify-center bg-token-main-surface-primary text-token-text-primary h-8 w-8\">\n<h2 data-start=\"1200\" data-end=\"1487\">Vapes Tornado \u2013 J\u016bsu vairumtirdzniec\u012bbas tie\u0161saistes veikals Eiropas popul\u0101r\u0101kajiem vape z\u012bmoliem<\/h2>\n<p data-start=\"1200\" data-end=\"1487\"><strong data-start=\"213\" data-end=\"248\">Vapes Tornado Tie\u0161saistes D\u016bmu Veikals<\/strong> Vapes Tornado \u2013 j\u016bsu vairumtirdzniec\u012bbas centrs Eiropas popul\u0101r\u0101kajiem vape z\u012bmoliem<strong data-start=\"403\" data-end=\"431\">\u00a0popul\u0101riem e-cigare\u0161u z\u012bmoliem<\/strong>, ieskaitot <strong data-start=\"443\" data-end=\"502\"><a href=\"https:\/\/vapestornado.com\/lv\/product-category\/elf-bar-vape\/\">ELF BAR VAPE<\/a>, Vapme VAPE, <a href=\"https:\/\/vapestornado.com\/lv\/product\/vozol-gear-power-20k-20000-puffs-vape-rechargeable-disposable-box-bulk-buy-cheap-price\/\">VOZOL Elektronisk\u0101 sm\u0113\u0137\u0113\u0161ana<\/a><\/strong><strong data-start=\"443\" data-end=\"502\">, un <a href=\"https:\/\/vapestornado.com\/lv\/product-category\/bang-vape\/\">Bang Vape<\/a><\/strong>. M\u016bsu veikals ir izveidots, lai apkalpotu gan individu\u0101los klientus, gan vairumtirdzniec\u012bbas pirc\u0113jus, nodro\u0161inot uzticamus produktus, kas apvieno sp\u0113c\u012bgu veiktsp\u0113ju, stil\u012bgu dizainu un konkur\u0113tsp\u0113j\u012bgas cenas.<\/p>\n<h2 data-start=\"2064\" data-end=\"2115\">BUJ par Bang Box 42k p\u016b\u0161amo vienreizlietojamo vape<\/h2>\n<p data-start=\"1990\" data-end=\"2128\"><strong data-start=\"1990\" data-end=\"2049\">1. Cik p\u016btienus var nodro\u0161in\u0101t Bang Box Turbo 42000?<\/strong><br data-start=\"2049\" data-end=\"2052\" \/>L\u012bdz <strong data-start=\"2058\" data-end=\"2090\">42 000 p\u016btienu regul\u0101raj\u0101 re\u017e\u012bm\u0101<\/strong> un <strong data-start=\"2095\" data-end=\"2125\">30 000 p\u016btienu impulsu re\u017e\u012bm\u0101<\/strong>.<\/p>\n<p data-start=\"2130\" data-end=\"2311\"><strong data-start=\"2130\" data-end=\"2202\">2. Kas padara Bang Box 42k unik\u0101lu sal\u012bdzin\u0101jum\u0101 ar citiem vienreizlietojamiem?<\/strong><br data-start=\"2202\" data-end=\"2205\" \/>Tas pied\u0101v\u0101 <strong data-start=\"2217\" data-end=\"2237\">divk\u0101r\u0161s vaping re\u017e\u012bms<\/strong> un <strong data-start=\"2244\" data-end=\"2263\">3D sk\u0101rienekr\u0101nu<\/strong>, dodot lietot\u0101jiem gan kontroli, gan piel\u0101go\u0161anu.<\/p>\n<p data-start=\"2313\" data-end=\"2441\"><strong data-start=\"2313\" data-end=\"2361\">3. Vai Bang Box Turbo 42000 ir uzl\u0101d\u0113jams?<\/strong><br data-start=\"2361\" data-end=\"2364\" \/>J\u0101, tas ietver <strong data-start=\"2383\" data-end=\"2421\">750mAh Type-C uzl\u0101d\u0113jama akumulators<\/strong> pagarin\u0101tai lieto\u0161anai.<\/p>\n<p data-start=\"2443\" data-end=\"2548\"><strong data-start=\"2443\" data-end=\"2484\">4. K\u0101di nikot\u012bna l\u012bme\u0146i ir pieejami?<\/strong><br data-start=\"2484\" data-end=\"2487\" \/>J\u016bs varat izv\u0113l\u0113ties no <strong data-start=\"2507\" data-end=\"2545\">0%, 2%, 3% vai 5% nikot\u012bna stiprums<\/strong>.<\/p>\n<p data-start=\"2550\" data-end=\"2736\"><strong data-start=\"2550\" data-end=\"2611\">5. K\u0101di ir popul\u0101rie Bang Box Turbo 42000 arom\u0101ti?<\/strong><br data-start=\"2611\" data-end=\"2614\" \/>Izv\u0113les ir <strong data-start=\"2630\" data-end=\"2723\">Zeme\u0146u arb\u016bzs, Zilais Razz Ice, Meksikas Mango, Miami piparm\u0113tra, Salds \u0137irsis, V\u012bnogu B Pop<\/strong>, un citi.<\/p>\n<\/div>\n<\/div>\n<\/div>\n<\/div>","protected":false},"excerpt":{"rendered":"<p>T\u0101 <strong data-start=\"2783\" data-end=\"2812\">Bang Box Turbo 42000 P\u016b\u013cu<\/strong> apvieno <strong data-start=\"2822\" data-end=\"2842\">divk\u0101r\u0161s vaping re\u017e\u012bms<\/strong>, a <strong data-start=\"2846\" data-end=\"2870\">sk\u0101rienjut\u012bgs ekr\u0101ns<\/strong>, un <strong data-start=\"2876\" data-end=\"2892\">42000 p\u016b\u013cu<\/strong> uz drosm\u012bgu gar\u0161u. Ar <strong data-start=\"2916\" data-end=\"2947\">750mAh uzl\u0101d\u0113jamu akumulatoru<\/strong> un <strong data-start=\"2952\" data-end=\"2969\">28mL ietilp\u012bbu<\/strong>, tas ir gudrs izv\u0113le lielapjoma vairumtirdzniec\u012bbas pirc\u0113jiem vis\u0101 Eirop\u0101.<\/p>\n<p><strong>Pievienojiet Eimijas WhatsApp, lai sa\u0146emtu prec\u012bzu atbildi un atlaidi!<\/strong><\/p>\n<p><img fetchpriority=\"high\" decoding=\"async\" class=\"size-full wp-image-2932\" src=\"https:\/\/vapestornado.com\/wp-content\/uploads\/2024\/12\/Vape-Wholesale.jpg\" alt=\"Veipu Vairumtirdzniec\u012bba\" width=\"229\" height=\"300\" \/><\/p>\n<h3><a href=\"https:\/\/wa.me\/8617776015835\"><span style=\"color: #ff0000;\"><strong>WhatsApp: +86 17776015835<\/strong><\/span><\/a><\/h3>","protected":false},"featured_media":4360,"comment_status":"open","ping_status":"closed","template":"","meta":{"_acf_changed":false,"_uag_custom_page_level_css":"","_lmt_disableupdate":"no","_lmt_disable":"","_monsterinsights_skip_tracking":false,"_monsterinsights_sitenote_active":false,"_monsterinsights_sitenote_note":"","_monsterinsights_sitenote_category":0,"site-sidebar-layout":"default","site-content-layout":"","ast-site-content-layout":"default","site-content-style":"default","site-sidebar-style":"default","ast-global-header-display":"","ast-banner-title-visibility":"","ast-main-header-display":"","ast-hfb-above-header-display":"","ast-hfb-below-header-display":"","ast-hfb-mobile-header-display":"","site-post-title":"","ast-breadcrumbs-content":"","ast-featured-img":"","footer-sml-layout":"","ast-disable-related-posts":"","theme-transparent-header-meta":"default","adv-header-id-meta":"","stick-header-meta":"","header-above-stick-meta":"","header-main-stick-meta":"","header-below-stick-meta":"","astra-migrate-meta-layouts":"set","ast-page-background-enabled":"default","ast-page-background-meta":{"desktop":{"background-color":"","background-image":"","background-repeat":"repeat","background-position":"center center","background-size":"auto","background-attachment":"scroll","background-type":"","background-media":"","overlay-type":"","overlay-color":"","overlay-opacity":"","overlay-gradient":""},"tablet":{"background-color":"","background-image":"","background-repeat":"repeat","background-position":"center center","background-size":"auto","background-attachment":"scroll","background-type":"","background-media":"","overlay-type":"","overlay-color":"","overlay-opacity":"","overlay-gradient":""},"mobile":{"background-color":"","background-image":"","background-repeat":"repeat","background-position":"center center","background-size":"auto","background-attachment":"scroll","background-type":"","background-media":"","overlay-type":"","overlay-color":"","overlay-opacity":"","overlay-gradient":""}},"ast-content-background-meta":{"desktop":{"background-color":"var(--ast-global-color-5)","background-image":"","background-repeat":"repeat","background-position":"center center","background-size":"auto","background-attachment":"scroll","background-type":"","background-media":"","overlay-type":"","overlay-color":"","overlay-opacity":"","overlay-gradient":""},"tablet":{"background-color":"var(--ast-global-color-5)","background-image":"","background-repeat":"repeat","background-position":"center center","background-size":"auto","background-attachment":"scroll","background-type":"","background-media":"","overlay-type":"","overlay-color":"","overlay-opacity":"","overlay-gradient":""},"mobile":{"background-color":"var(--ast-global-color-5)","background-image":"","background-repeat":"repeat","background-position":"center center","background-size":"auto","background-attachment":"scroll","background-type":"","background-media":"","overlay-type":"","overlay-color":"","overlay-opacity":"","overlay-gradient":""}},"_joinchat":{"telephone":"17776015835"}},"product_brand":[],"product_cat":[62,64,151,153,156,158,142,143,144,146],"product_tag":[372,371,369,370,368,373],"class_list":{"0":"post-4363","1":"product","2":"type-product","3":"status-publish","4":"has-post-thumbnail","6":"product_cat-bang-vape","7":"product_cat-bangbox-vape","8":"product_cat-buy-disposable-vapes-in-france","9":"product_cat-buy-disposable-vapes-in-italy","10":"product_cat-buy-disposable-vapes-in-poland","11":"product_cat-buy-disposable-vapes-in-spain","12":"product_cat-digital-box-disposable-vapes","13":"product_cat-dual-mesh-disposable-vapes","14":"product_cat-low-nicotine-disposable-vapes","15":"product_cat-rechargeable-disposable-vapes","16":"product_tag-bang-box-42k","17":"product_tag-bang-box-turbo-42000","18":"product_tag-buy-disposable-vape-online","19":"product_tag-disposable-vape-bulk-buy","20":"product_tag-disposable-vapor","21":"product_tag-touch-screen-disposable-vape","22":"desktop-align-left","23":"tablet-align-left","24":"mobile-align-left","26":"first","27":"instock","28":"sale","29":"shipping-taxable","30":"purchasable","31":"product-type-simple"},"acf":[],"uagb_featured_image_src":{"full":["https:\/\/vapestornado.com\/wp-content\/uploads\/2025\/09\/Bang-Box-Turbo-42000-Puff-Touch-Screen-Vape.webp",1000,1000,false],"thumbnail":["https:\/\/vapestornado.com\/wp-content\/uploads\/2025\/09\/Bang-Box-Turbo-42000-Puff-Touch-Screen-Vape-150x150.webp",150,150,true],"medium":["https:\/\/vapestornado.com\/wp-content\/uploads\/2025\/09\/Bang-Box-Turbo-42000-Puff-Touch-Screen-Vape-300x300.webp",300,300,true],"medium_large":["https:\/\/vapestornado.com\/wp-content\/uploads\/2025\/09\/Bang-Box-Turbo-42000-Puff-Touch-Screen-Vape-768x768.webp",768,768,true],"large":["https:\/\/vapestornado.com\/wp-content\/uploads\/2025\/09\/Bang-Box-Turbo-42000-Puff-Touch-Screen-Vape.webp",1000,1000,false],"1536x1536":["https:\/\/vapestornado.com\/wp-content\/uploads\/2025\/09\/Bang-Box-Turbo-42000-Puff-Touch-Screen-Vape.webp",1000,1000,false],"2048x2048":["https:\/\/vapestornado.com\/wp-content\/uploads\/2025\/09\/Bang-Box-Turbo-42000-Puff-Touch-Screen-Vape.webp",1000,1000,false],"trp-custom-language-flag":["https:\/\/vapestornado.com\/wp-content\/uploads\/2025\/09\/Bang-Box-Turbo-42000-Puff-Touch-Screen-Vape-12x12.webp",12,12,true],"woocommerce_thumbnail":["https:\/\/vapestornado.com\/wp-content\/uploads\/2025\/09\/Bang-Box-Turbo-42000-Puff-Touch-Screen-Vape-300x300.webp",300,300,true],"woocommerce_single":["https:\/\/vapestornado.com\/wp-content\/uploads\/2025\/09\/Bang-Box-Turbo-42000-Puff-Touch-Screen-Vape-600x600.webp",600,600,true],"woocommerce_gallery_thumbnail":["https:\/\/vapestornado.com\/wp-content\/uploads\/2025\/09\/Bang-Box-Turbo-42000-Puff-Touch-Screen-Vape-100x100.webp",100,100,true]},"uagb_author_info":{"display_name":"ESAMY","author_link":"https:\/\/vapestornado.com\/lv\/author\/"},"uagb_comment_info":1,"uagb_excerpt":"The Bang Box Turbo 42000 Puff combines dual vaping mode, a touch screen display, and 42000 puffs of bold flavor. With a 750mAh rechargeable battery and 28mL capacity, it\u2019s the smart choice for bulk wholesale buyers across Europe. Add Amy's whatsapp to get right reply and discount price! WhatsApp: +86 17776015835","_links":{"self":[{"href":"https:\/\/vapestornado.com\/lv\/wp-json\/wp\/v2\/product\/4363","targetHints":{"allow":["GET"]}}],"collection":[{"href":"https:\/\/vapestornado.com\/lv\/wp-json\/wp\/v2\/product"}],"about":[{"href":"https:\/\/vapestornado.com\/lv\/wp-json\/wp\/v2\/types\/product"}],"replies":[{"embeddable":true,"href":"https:\/\/vapestornado.com\/lv\/wp-json\/wp\/v2\/comments?post=4363"}],"wp:featuredmedia":[{"embeddable":true,"href":"https:\/\/vapestornado.com\/lv\/wp-json\/wp\/v2\/media\/4360"}],"wp:attachment":[{"href":"https:\/\/vapestornado.com\/lv\/wp-json\/wp\/v2\/media?parent=4363"}],"wp:term":[{"taxonomy":"product_brand","embeddable":true,"href":"https:\/\/vapestornado.com\/lv\/wp-json\/wp\/v2\/product_brand?post=4363"},{"taxonomy":"product_cat","embeddable":true,"href":"https:\/\/vapestornado.com\/lv\/wp-json\/wp\/v2\/product_cat?post=4363"},{"taxonomy":"product_tag","embeddable":true,"href":"https:\/\/vapestornado.com\/lv\/wp-json\/wp\/v2\/product_tag?post=4363"}],"curies":[{"name":"wp","href":"https:\/\/api.w.org\/{rel}","templated":true}]}}