{"id":4355,"date":"2025-09-19T03:35:21","date_gmt":"2025-09-19T03:35:21","guid":{"rendered":"https:\/\/vapestornado.com\/?post_type=product&#038;p=4355"},"modified":"2025-09-19T06:51:26","modified_gmt":"2025-09-19T06:51:26","slug":"uzy-60000-puff-60k-disposable-vapor-3-in-1-triple-flavor-bulk-buy-online","status":"publish","type":"product","link":"https:\/\/vapestornado.com\/lv\/product\/uzy-60000-puff-60k-disposable-vapor-3-in-1-triple-flavor-bulk-buy-online\/","title":{"rendered":"UZY 60000 uzp\u016btienu 60k vienreiz\u0113j\u0101s lieto\u0161anas tvaic\u0113t\u0101js 3 vien\u0101 tr\u012bsk\u0101r\u0161s arom\u0101ts vairumtirdzniec\u012bba tie\u0161saist\u0113"},"content":{"rendered":"<h2 data-pm-slice=\"1 1 []\">UZY 60000 UZP\u016aTIENU 3-in-1 Tr\u012bsk\u0101r\u0161u arom\u0101tu vienreiz\u0113j\u0101s lieto\u0161anas iztvaic\u0113t\u0101js \u2013 p\u0113rciet vairum\u0101 tie\u0161saist\u0113 par lab\u0101ko cenu<\/h2>\n<p data-start=\"312\" data-end=\"738\">T\u0101 <strong data-start=\"316\" data-end=\"351\">UZY 60000 UZP\u016aTIENU Vienreiz\u0113j\u0101s lieto\u0161anas iztvaic\u0113t\u0101js<\/strong> ir paredz\u0113ts tvaic\u0113t\u0101jiem, kuri v\u0113las daudzveid\u012bbu, jaudu un uzticam\u012bbu vien\u0101 ier\u012bc\u0113. Ar iespaid\u012bgu <strong data-start=\"447\" data-end=\"468\">60 t\u016bksto\u0161u uzp\u016btienu ietilp\u012bbu<\/strong> un unik\u0101lu <strong data-start=\"482\" data-end=\"513\">3-in-1 tr\u012bsk\u0101r\u0161u arom\u0101tu sist\u0113mu<\/strong>, katra podier\u012bce pieg\u0101d\u0101 <strong data-start=\"536\" data-end=\"556\">54 ml e-\u0161\u0137idruma<\/strong> sadal\u012bts tr\u012bs atsevi\u0161\u0137\u0101s kamer\u0101s, saglab\u0101jot katru gar\u0161u svaigu un at\u0161\u0137ir\u012bgu. UZY 60000 p\u016btienu vape ir ide\u0101la izv\u0113le<strong data-start=\"662\" data-end=\"702\"> tvaic\u0113t\u0101jiem <\/strong>kas pieprasa veiktsp\u0113ju un stilu.<\/p>\n<p data-start=\"740\" data-end=\"1112\">Apr\u012bkots ar <strong data-start=\"754\" data-end=\"785\">tr\u012bsk\u0101r\u0161a sieta spoles tehnolo\u0123ija<\/strong>, UZY 60k nodro\u0161ina vienm\u0113r\u012bgu tvaiku un bag\u0101t\u012bgu gar\u0161u katr\u0101 vilcien\u0101. The <strong data-start=\"854\" data-end=\"875\">gudrais LED displejs<\/strong> inform\u0113 j\u016bs par akumulatora un e-\u0161\u0137idruma l\u012bmeni, lai j\u016bs nekad negaid\u012bti neiztuk\u0161otos. Darbina sp\u0113c\u012bgs <strong data-start=\"984\" data-end=\"1041\">850 mAh uzl\u0101d\u0113jams akumulators ar C tipa \u0101tro uzl\u0101di<\/strong>, d\u012bkst\u0101ve ir minim\u0101la, padarot \u0161o par uzticamu ier\u012bci ikdienas lieto\u0161anai.<\/p>\n<p data-start=\"1114\" data-end=\"1403\">Pieejams <strong data-start=\"1127\" data-end=\"1167\">0%, 2%, 3% un 5% nikot\u012bna stiprumos<\/strong>, tas apmierina visas preferences \u2014 no vieglas, ikdieni\u0161\u0137as tvaic\u0113\u0161anas l\u012bdz sp\u0113c\u012bg\u0101kam tr\u0101p\u012bjumam. The <strong data-start=\"1248\" data-end=\"1282\">krist\u0101la iedvesmots moderns dizains<\/strong> ne tikai rada augst\u0101k\u0101s klases saj\u016btu rok\u0101, bet ar\u012b izskat\u0101s eleganti, piesaistot jaunie\u0161iem, kuri nov\u0113rt\u0113 gan funkcijas, gan est\u0113tiku.<\/p>\n<p data-start=\"1405\" data-end=\"1739\">Lai veiktu <strong data-start=\"1409\" data-end=\"1434\">vairumtirdzniec\u012bbas pirc\u0113jiem<\/strong>, UZY 60000 Puff izce\u013cas k\u0101 <strong data-start=\"1471\" data-end=\"1518\">vislab\u0101k p\u0101rdotais vienreiz\u0113j\u0101s lieto\u0161anas vape kategorij\u0101<\/strong>, apvienojot <strong data-start=\"1530\" data-end=\"1612\">ilgsto\u0161u veiktsp\u0113ju, autentiskas gar\u0161as un konkur\u0113tsp\u0113j\u012bgas vairumtirdzniec\u012bbas cenas<\/strong> kas nodro\u0161ina sp\u0113c\u012bgu pe\u013c\u0146as normu. Ja v\u0113laties <strong data-start=\"1664\" data-end=\"1694\">ieg\u0101d\u0101ties vienreiz\u0113j\u0101s lieto\u0161anas vape tie\u0161saist\u0113<\/strong> savam veikalam UZY 60k ir dro\u0161a izv\u0113le.<\/p>\n<p><strong><span style=\"color: #ff0000;\">Pievienojiet Eimijas whatsapp, lai sa\u0146emtu pareizu atbildi un iztvaic\u0113t\u0101ja kuponu!<\/span><\/strong><\/p>\n<p><img fetchpriority=\"high\" decoding=\"async\" class=\"size-full wp-image-2932\" src=\"https:\/\/vapestornado.com\/wp-content\/uploads\/2024\/12\/Vape-Wholesale.jpg\" alt=\"Veipu Vairumtirdzniec\u012bba\" width=\"229\" height=\"300\" \/><\/p>\n<h3><a href=\"https:\/\/wa.me\/8617776015835\" target=\"_blank\" rel=\"noopener\"><span style=\"color: #ff0000;\"><strong>WhatsApp: +86 17776015835<\/strong><\/span><\/a><\/h3>\n<p>&nbsp;<\/p>\n<h2><strong>UZY 60000 Puff produkta \u012bpa\u0161\u012bbas<\/strong><\/h2>\n<p>Dvesieni: 60000 dvesieni<br \/>\n3 vien\u0101 tr\u012bsk\u0101r\u0161\u0101s gar\u0161as<br \/>\nDubult\u0101 sieta spole<br \/>\nE-\u0161\u0137idrums: 54 ml (18 ml + 18 ml + 18 ml)<br \/>\nNikot\u012bns: 0%\/2%\/3%\/5%<br \/>\nAkumulators: 850mah<br \/>\nUzl\u0101d\u0113jams: C tipa uzl\u0101des ports<br \/>\nLED displejs (viedais ekr\u0101ns) nor\u0101da akumulatora un e-\u0161\u0137idruma l\u012bmeni<br \/>\nJaudas regul\u0113\u0161ana: Pro un Max versijas<br \/>\nProdukta svars: 120g\/gab.<\/p>\n<figure id=\"attachment_4354\" aria-describedby=\"caption-attachment-4354\" style=\"width: 800px\" class=\"wp-caption alignnone\"><img decoding=\"async\" class=\"wp-image-4354 size-full\" src=\"https:\/\/vapestornado.com\/wp-content\/uploads\/2025\/09\/UZY-Triple-Flavor-60000-60K-Puffs-Disposable-Vape.webp\" alt=\"UZY Triple Flavor 60000 60K Puff vienreiz\u0113j\u0101s lieto\u0161anas vape\" width=\"800\" height=\"800\" srcset=\"https:\/\/vapestornado.com\/wp-content\/uploads\/2025\/09\/UZY-Triple-Flavor-60000-60K-Puffs-Disposable-Vape.webp 800w, https:\/\/vapestornado.com\/wp-content\/uploads\/2025\/09\/UZY-Triple-Flavor-60000-60K-Puffs-Disposable-Vape-300x300.webp 300w, https:\/\/vapestornado.com\/wp-content\/uploads\/2025\/09\/UZY-Triple-Flavor-60000-60K-Puffs-Disposable-Vape-150x150.webp 150w, https:\/\/vapestornado.com\/wp-content\/uploads\/2025\/09\/UZY-Triple-Flavor-60000-60K-Puffs-Disposable-Vape-768x768.webp 768w, https:\/\/vapestornado.com\/wp-content\/uploads\/2025\/09\/UZY-Triple-Flavor-60000-60K-Puffs-Disposable-Vape-12x12.webp 12w, https:\/\/vapestornado.com\/wp-content\/uploads\/2025\/09\/UZY-Triple-Flavor-60000-60K-Puffs-Disposable-Vape-600x600.webp 600w, https:\/\/vapestornado.com\/wp-content\/uploads\/2025\/09\/UZY-Triple-Flavor-60000-60K-Puffs-Disposable-Vape-100x100.webp 100w\" sizes=\"(max-width: 800px) 100vw, 800px\" \/><figcaption id=\"caption-attachment-4354\" class=\"wp-caption-text\">UZY Triple Flavor 60000 60K Puff vienreiz\u0113j\u0101s lieto\u0161anas vape<\/figcaption><\/figure>\n<h2 class=\"product-title\"><strong> UZY 60000 Puff gar\u0161u saraksts<\/strong><\/h2>\n<p>1.Melle\u0146u ave\u0146u \/Zeme\u0146u kivi \/Citronu laims<br \/>\n2.Kivi pasifloras aug\u013cu gvajava \/Melle\u0146u ledus \/Persiku mango<br \/>\n3.Zeme\u0146u arb\u016bzs \/Kolas ledus \/\u0136ir\u0161u kola<br \/>\n4.Persiku ledus \/Zeme\u0146u ave\u0146u \u0137ir\u0161u ledus \/Divu \u0101bolu ledus<br \/>\n5. V\u012bnogu ledus \/ Love 666 (Marakujas melone) \/ Zeme\u0146u Red Bull<br \/>\n6. Mr Blue \/ L\u0101\u010du \u017eelejas \/ Red Bull ledus<br \/>\n7. Persiku mango anan\u0101ss \/ Zilo ave\u0146u ledus \/ Ave\u0146u arb\u016bzs<br \/>\n8. Arb\u016bzu ledus \/ Tr\u012bsk\u0101r\u0161s melo\u0146u ledus \/ Zeme\u0146u ban\u0101ns<br \/>\n9. Vasaras persiku ledus \/ Zeme\u0146u ledus \/ Zilo ave\u0146u ledus<br \/>\n10. \u0136ir\u0161u ledus \/ Jaukti ogu \/ Meln\u0101 p\u016b\u0137a ledus<\/p>\n<div class=\"flex-shrink-0 flex flex-col relative items-end\">\n<div class=\"pt-0\">\n<div class=\"gizmo-bot-avatar flex h-8 w-8 items-center justify-center overflow-hidden rounded-full\">\n<div class=\"relative p-1 rounded-sm flex items-center justify-center bg-token-main-surface-primary text-token-text-primary h-8 w-8\">\n<h2 data-start=\"1200\" data-end=\"1487\">Vapes Tornado \u2013 J\u016bsu vairumtirdzniec\u012bbas tie\u0161saistes veikals Eiropas popul\u0101r\u0101kajiem vape z\u012bmoliem<\/h2>\n<p data-start=\"1200\" data-end=\"1487\"><strong data-start=\"213\" data-end=\"248\">Vapes Tornado Tie\u0161saistes D\u016bmu Veikals<\/strong> Vapes Tornado \u2013 j\u016bsu vairumtirdzniec\u012bbas centrs Eiropas popul\u0101r\u0101kajiem vape z\u012bmoliem<strong data-start=\"403\" data-end=\"431\">\u00a0popul\u0101riem e-cigare\u0161u z\u012bmoliem<\/strong>, ieskaitot <strong data-start=\"443\" data-end=\"502\"><a href=\"https:\/\/vapestornado.com\/lv\/product\/waspe-aiviou-3-in-1-60000-puffs-disposable-vape-kit-best-price\/\">WASPE VAPE<\/a>, Vapme VAPE, <a href=\"https:\/\/vapestornado.com\/lv\/product\/vozol-gear-power-20k-20000-puffs-vape-rechargeable-disposable-box-bulk-buy-cheap-price\/\">VOZOL Elektronisk\u0101 sm\u0113\u0137\u0113\u0161ana<\/a><\/strong><strong data-start=\"443\" data-end=\"502\">, un <a href=\"https:\/\/vapestornado.com\/lv\/product-category\/fumot-vape\/\">FUMOT Elektronisk\u0101 sm\u0113\u0137\u0113\u0161ana<\/a><\/strong>. M\u016bsu veikals ir izveidots, lai apkalpotu gan individu\u0101los klientus, gan vairumtirdzniec\u012bbas pirc\u0113jus, nodro\u0161inot uzticamus produktus, kas apvieno sp\u0113c\u012bgu veiktsp\u0113ju, stil\u012bgu dizainu un konkur\u0113tsp\u0113j\u012bgas cenas.<\/p>\n<h2 data-start=\"2064\" data-end=\"2115\">BUJ par UZY 60000 uzp\u016btienu vienreiz\u0113j\u0101s lieto\u0161anas vape<\/h2>\n<p data-start=\"152\" data-end=\"362\"><strong data-start=\"152\" data-end=\"223\">1. Cik gar\u0161u pied\u0101v\u0101 UZY 60000 uzp\u016btienu vienreiz\u0113j\u0101s lieto\u0161anas tvaic\u0113t\u0101js?<\/strong><br data-start=\"223\" data-end=\"226\" \/>Katr\u0101 ier\u012bc\u0113 ir <strong data-start=\"249\" data-end=\"280\">3-in-1 tr\u012bsk\u0101r\u0161u arom\u0101tu sist\u0113mu<\/strong>, nodro\u0161inot tr\u012bs at\u0161\u0137ir\u012bgas e-\u0161\u0137idruma kameras ar kop\u0113jo <strong data-start=\"342\" data-end=\"359\">54 ml tilpumu<\/strong>.<\/p>\n<p data-start=\"364\" data-end=\"530\"><strong data-start=\"364\" data-end=\"404\">2. Vai UZY 60k uzp\u016btienu var uzl\u0101d\u0113t?<\/strong><br data-start=\"404\" data-end=\"407\" \/>J\u0101. Tam ir <strong data-start=\"429\" data-end=\"447\">850mAh akumulators<\/strong> un atbalsta <strong data-start=\"461\" data-end=\"485\">C tipa \u0101tr\u0101 uzl\u0101de<\/strong>, nodro\u0161inot ilg\u0101ku lieto\u0161anu un minim\u0101lu d\u012bkst\u0101vi.<\/p>\n<p data-start=\"532\" data-end=\"731\"><strong data-start=\"532\" data-end=\"599\">3. K\u0101di nikot\u012bna stiprumi ir pieejami UZY 60000 uzp\u016btienam?<\/strong><br data-start=\"599\" data-end=\"602\" \/>UZY 60k uzp\u016btiens ir pieejams <strong data-start=\"635\" data-end=\"675\">0%, 2%, 3% un 5% nikot\u012bna stiprumos<\/strong>, padarot to piem\u0113rotu da\u017e\u0101d\u0101m tvaic\u0113\u0161anas v\u0113lm\u0113m.<\/p>\n<p data-start=\"733\" data-end=\"913\"><strong data-start=\"733\" data-end=\"776\">4. K\u0101 darbojas LED viedais displejs?<\/strong><br data-start=\"776\" data-end=\"779\" \/>Ieb\u016bv\u0113tais <strong data-start=\"792\" data-end=\"806\">LED ekr\u0101ns<\/strong> par\u0101da <strong data-start=\"813\" data-end=\"855\">akumulatora procentu\u0101lo daudzumu un e-\u0161\u0137idruma l\u012bmeni<\/strong>, lai j\u016bs vienm\u0113r zin\u0101tu, kad uzl\u0101d\u0113t vai main\u012bt gar\u0161as.<\/p>\n<p data-start=\"915\" data-end=\"1149\"><strong data-start=\"915\" data-end=\"989\">5. K\u0101p\u0113c UZY 60000 uzp\u016btienu ier\u012bce ir popul\u0101ra vairumtirdzniec\u012bbas pirkumiem Eirop\u0101?<\/strong><br data-start=\"989\" data-end=\"992\" \/>T\u0101 <strong data-start=\"996\" data-end=\"1086\">liels uzp\u016btienu skaits, tr\u012bsk\u0101r\u0161a gar\u0161as sist\u0113ma, sp\u0113c\u012bgs akumulators un konkur\u0113tsp\u0113j\u012bga vairumtirdzniec\u012bbas cena<\/strong> padara to par vispiepras\u012bt\u0101ko izv\u0113li izplat\u012bt\u0101jiem un mazumtirgot\u0101jiem.<\/p>\n<\/div>\n<\/div>\n<\/div>\n<\/div>","protected":false},"excerpt":{"rendered":"<p><strong data-start=\"114\" data-end=\"149\">UZY 60000 UZP\u016aTIENU Vienreiz\u0113j\u0101s lieto\u0161anas iztvaic\u0113t\u0101js<\/strong> nodro\u0161ina <strong data-start=\"159\" data-end=\"184\">3-in-1 tr\u012bsk\u0101r\u0161i arom\u0101ti<\/strong>, l\u012bdz pat <strong data-start=\"192\" data-end=\"205\">60 t\u016bksto\u0161iem uzp\u016btienu<\/strong>un <strong data-start=\"213\" data-end=\"234\">gudrais LED displejs<\/strong> ar <strong data-start=\"240\" data-end=\"278\" data-is-only-node=\"\">850mAh Type-C uzl\u0101d\u0113jams akumulators<\/strong>. Ide\u0101li piem\u0113rots tiem, <strong data-start=\"290\" data-end=\"325\">vairumtirdzniec\u012bbas pirc\u0113jiem Eirop\u0101<\/strong> kas mekl\u0113 ilgsto\u0161u veiktsp\u0113ju par <strong data-start=\"370\" data-end=\"384\">lab\u0101ko cenu<\/strong>.<\/p>\n<p><strong>Pievienojiet Eimijas WhatsApp, lai sa\u0146emtu prec\u012bzu atbildi un atlaidi!<\/strong><\/p>\n<p><img fetchpriority=\"high\" decoding=\"async\" class=\"size-full wp-image-2932\" src=\"https:\/\/vapestornado.com\/wp-content\/uploads\/2024\/12\/Vape-Wholesale.jpg\" alt=\"Veipu Vairumtirdzniec\u012bba\" width=\"229\" height=\"300\" \/><\/p>\n<h3><a href=\"https:\/\/wa.me\/8617776015835\"><span style=\"color: #ff0000;\"><strong>WhatsApp: +86 17776015835<\/strong><\/span><\/a><\/h3>","protected":false},"featured_media":4353,"comment_status":"open","ping_status":"closed","template":"","meta":{"_acf_changed":false,"_uag_custom_page_level_css":"","_lmt_disableupdate":"no","_lmt_disable":"","_monsterinsights_skip_tracking":false,"_monsterinsights_sitenote_active":false,"_monsterinsights_sitenote_note":"","_monsterinsights_sitenote_category":0,"site-sidebar-layout":"default","site-content-layout":"","ast-site-content-layout":"default","site-content-style":"default","site-sidebar-style":"default","ast-global-header-display":"","ast-banner-title-visibility":"","ast-main-header-display":"","ast-hfb-above-header-display":"","ast-hfb-below-header-display":"","ast-hfb-mobile-header-display":"","site-post-title":"","ast-breadcrumbs-content":"","ast-featured-img":"","footer-sml-layout":"","ast-disable-related-posts":"","theme-transparent-header-meta":"default","adv-header-id-meta":"","stick-header-meta":"","header-above-stick-meta":"","header-main-stick-meta":"","header-below-stick-meta":"","astra-migrate-meta-layouts":"set","ast-page-background-enabled":"default","ast-page-background-meta":{"desktop":{"background-color":"","background-image":"","background-repeat":"repeat","background-position":"center center","background-size":"auto","background-attachment":"scroll","background-type":"","background-media":"","overlay-type":"","overlay-color":"","overlay-opacity":"","overlay-gradient":""},"tablet":{"background-color":"","background-image":"","background-repeat":"repeat","background-position":"center center","background-size":"auto","background-attachment":"scroll","background-type":"","background-media":"","overlay-type":"","overlay-color":"","overlay-opacity":"","overlay-gradient":""},"mobile":{"background-color":"","background-image":"","background-repeat":"repeat","background-position":"center center","background-size":"auto","background-attachment":"scroll","background-type":"","background-media":"","overlay-type":"","overlay-color":"","overlay-opacity":"","overlay-gradient":""}},"ast-content-background-meta":{"desktop":{"background-color":"var(--ast-global-color-5)","background-image":"","background-repeat":"repeat","background-position":"center center","background-size":"auto","background-attachment":"scroll","background-type":"","background-media":"","overlay-type":"","overlay-color":"","overlay-opacity":"","overlay-gradient":""},"tablet":{"background-color":"var(--ast-global-color-5)","background-image":"","background-repeat":"repeat","background-position":"center center","background-size":"auto","background-attachment":"scroll","background-type":"","background-media":"","overlay-type":"","overlay-color":"","overlay-opacity":"","overlay-gradient":""},"mobile":{"background-color":"var(--ast-global-color-5)","background-image":"","background-repeat":"repeat","background-position":"center center","background-size":"auto","background-attachment":"scroll","background-type":"","background-media":"","overlay-type":"","overlay-color":"","overlay-opacity":"","overlay-gradient":""}},"_joinchat":{"telephone":"17776015835"}},"product_brand":[],"product_cat":[343,152,156,158,142,357,144,146,356],"product_tag":[369,370,368,366,367,364],"class_list":{"0":"post-4355","1":"product","2":"type-product","3":"status-publish","4":"has-post-thumbnail","6":"product_cat-60000-puff","7":"product_cat-buy-disposable-vapes-in-cermany","8":"product_cat-buy-disposable-vapes-in-poland","9":"product_cat-buy-disposable-vapes-in-spain","10":"product_cat-digital-box-disposable-vapes","11":"product_cat-flavor-adjustable-vape","12":"product_cat-low-nicotine-disposable-vapes","13":"product_cat-rechargeable-disposable-vapes","14":"product_cat-uzy-vape","15":"product_tag-buy-disposable-vape-online","16":"product_tag-disposable-vape-bulk-buy","17":"product_tag-disposable-vapor","18":"product_tag-uzy-60000-puff","19":"product_tag-uzy-60k-puff","20":"product_tag-wholesale-cheap-price","21":"desktop-align-left","22":"tablet-align-left","23":"mobile-align-left","25":"first","26":"instock","27":"sale","28":"shipping-taxable","29":"purchasable","30":"product-type-simple"},"acf":[],"uagb_featured_image_src":{"full":["https:\/\/vapestornado.com\/wp-content\/uploads\/2025\/09\/UZY-Triple-Flavor-60000-60K-Puffs-Disposable-Vape-BOx.webp",800,800,false],"thumbnail":["https:\/\/vapestornado.com\/wp-content\/uploads\/2025\/09\/UZY-Triple-Flavor-60000-60K-Puffs-Disposable-Vape-BOx-150x150.webp",150,150,true],"medium":["https:\/\/vapestornado.com\/wp-content\/uploads\/2025\/09\/UZY-Triple-Flavor-60000-60K-Puffs-Disposable-Vape-BOx-300x300.webp",300,300,true],"medium_large":["https:\/\/vapestornado.com\/wp-content\/uploads\/2025\/09\/UZY-Triple-Flavor-60000-60K-Puffs-Disposable-Vape-BOx-768x768.webp",768,768,true],"large":["https:\/\/vapestornado.com\/wp-content\/uploads\/2025\/09\/UZY-Triple-Flavor-60000-60K-Puffs-Disposable-Vape-BOx.webp",800,800,false],"1536x1536":["https:\/\/vapestornado.com\/wp-content\/uploads\/2025\/09\/UZY-Triple-Flavor-60000-60K-Puffs-Disposable-Vape-BOx.webp",800,800,false],"2048x2048":["https:\/\/vapestornado.com\/wp-content\/uploads\/2025\/09\/UZY-Triple-Flavor-60000-60K-Puffs-Disposable-Vape-BOx.webp",800,800,false],"trp-custom-language-flag":["https:\/\/vapestornado.com\/wp-content\/uploads\/2025\/09\/UZY-Triple-Flavor-60000-60K-Puffs-Disposable-Vape-BOx-12x12.webp",12,12,true],"woocommerce_thumbnail":["https:\/\/vapestornado.com\/wp-content\/uploads\/2025\/09\/UZY-Triple-Flavor-60000-60K-Puffs-Disposable-Vape-BOx-300x300.webp",300,300,true],"woocommerce_single":["https:\/\/vapestornado.com\/wp-content\/uploads\/2025\/09\/UZY-Triple-Flavor-60000-60K-Puffs-Disposable-Vape-BOx-600x600.webp",600,600,true],"woocommerce_gallery_thumbnail":["https:\/\/vapestornado.com\/wp-content\/uploads\/2025\/09\/UZY-Triple-Flavor-60000-60K-Puffs-Disposable-Vape-BOx-100x100.webp",100,100,true]},"uagb_author_info":{"display_name":"ESAMY","author_link":"https:\/\/vapestornado.com\/lv\/author\/"},"uagb_comment_info":1,"uagb_excerpt":"UZY 60000 Puff Disposable Vapor delivers 3-in-1 triple flavors, up to 60k puffs, and a smart LED display with 850mAh Type-C rechargeable battery. Ideal for bulk wholesale buyers in Europe looking for long-lasting performance at the best price. Add Amy's whatsapp to get right reply and discount price! WhatsApp: +86 17776015835","_links":{"self":[{"href":"https:\/\/vapestornado.com\/lv\/wp-json\/wp\/v2\/product\/4355","targetHints":{"allow":["GET"]}}],"collection":[{"href":"https:\/\/vapestornado.com\/lv\/wp-json\/wp\/v2\/product"}],"about":[{"href":"https:\/\/vapestornado.com\/lv\/wp-json\/wp\/v2\/types\/product"}],"replies":[{"embeddable":true,"href":"https:\/\/vapestornado.com\/lv\/wp-json\/wp\/v2\/comments?post=4355"}],"wp:featuredmedia":[{"embeddable":true,"href":"https:\/\/vapestornado.com\/lv\/wp-json\/wp\/v2\/media\/4353"}],"wp:attachment":[{"href":"https:\/\/vapestornado.com\/lv\/wp-json\/wp\/v2\/media?parent=4355"}],"wp:term":[{"taxonomy":"product_brand","embeddable":true,"href":"https:\/\/vapestornado.com\/lv\/wp-json\/wp\/v2\/product_brand?post=4355"},{"taxonomy":"product_cat","embeddable":true,"href":"https:\/\/vapestornado.com\/lv\/wp-json\/wp\/v2\/product_cat?post=4355"},{"taxonomy":"product_tag","embeddable":true,"href":"https:\/\/vapestornado.com\/lv\/wp-json\/wp\/v2\/product_tag?post=4355"}],"curies":[{"name":"wp","href":"https:\/\/api.w.org\/{rel}","templated":true}]}}