{"id":4348,"date":"2025-09-17T08:20:08","date_gmt":"2025-09-17T08:20:08","guid":{"rendered":"https:\/\/vapestornado.com\/?post_type=product&#038;p=4348"},"modified":"2025-09-17T08:44:49","modified_gmt":"2025-09-17T08:44:49","slug":"original-vozol-star-40000-puff-40k-best-disposable-vape-2025-wholesale-cheap-price","status":"publish","type":"product","link":"https:\/\/vapestornado.com\/lv\/product\/original-vozol-star-40000-puff-40k-best-disposable-vape-2025-wholesale-cheap-price\/","title":{"rendered":"Ori\u0123in\u0101ls Vozol Star 40000 uzp\u016btienu 40k lab\u0101kais vienreiz\u0113j\u0101s lieto\u0161anas vape 2025 vairumtirdzniec\u012bbas l\u0113t\u0101 cena"},"content":{"rendered":"<h2 data-pm-slice=\"1 1 []\">Vozol Star 40000 vienreiz\u0113j\u0101s lieto\u0161anas vape \u2013 vairumtirdzniec\u012bbas lab\u0101k\u0101 cena 2025<\/h2>\n<p data-start=\"292\" data-end=\"656\">T\u0101 <strong data-start=\"296\" data-end=\"349\">Vozol Star 40000 uzp\u016btienu (Vozol Star 40K vienreiz\u0113j\u0101s lieto\u0161anas vape)<\/strong> nosaka jaunu etalonu ilgsto\u0161\u0101m vienreiz\u0113j\u0101s lieto\u0161anas ier\u012bc\u0113m. Nodro\u0161ina l\u012bdz pat <strong data-start=\"424\" data-end=\"440\">40 000 uzp\u016btienu<\/strong>, tas ir paredz\u0113ts lietot\u0101jiem, kuri v\u0113las jaudu, daudzveid\u012bbu un v\u0113rt\u012bbu vien\u0101 kompakt\u0101 dizain\u0101. Darbojas ar <strong data-start=\"534\" data-end=\"592\">1000mAh uzl\u0101d\u0113jamu akumulatoru ar Type-C \u0101tro uzl\u0101di<\/strong>, Star 40K ir lieliski piem\u0113rots ned\u0113\u013c\u0101m ilgas konsekventas darb\u012bbas nodro\u0161in\u0101\u0161anai.<\/p>\n<p data-start=\"658\" data-end=\"996\">Izstr\u0101d\u0101ts ar <strong data-start=\"674\" data-end=\"693\">dubultas sieta spoles<\/strong> un <strong data-start=\"700\" data-end=\"739\">divu re\u017e\u012bmu sist\u0113ma (Eco<\/strong>, katrs dvesiens ir maigs, gar\u0161\u012bgs un piel\u0101gojams j\u016bsu stilam \u2014 neatkar\u012bgi no t\u0101, vai jums pat\u012bk cie\u0161\u0101ki MTL vilkumi vai gais\u012bgi DL tr\u0101p\u012bjumi. The <strong data-start=\"862\" data-end=\"884\">regul\u0113jamu gaisa pl\u016bsmu<\/strong> pievieno papildu kontroli, sniedzot Eiropas veipot\u0101jiem tie\u0161i to, ko vi\u0146i sagaida no <strong data-start=\"964\" data-end=\"993\">lab\u0101kais vienreiz\u0113j\u0101s lieto\u0161anas vape 2025<\/strong>.<\/p>\n<p data-start=\"998\" data-end=\"1352\">Vozol Star 40K ir pieejams <strong data-start=\"1026\" data-end=\"1048\">25 izsmalcin\u0101tas gar\u0161as<\/strong>, no <strong data-start=\"1055\" data-end=\"1079\">ledainiem mentola klasikas<\/strong> to <strong data-start=\"1083\" data-end=\"1099\">aug\u013cu mais\u012bjumiem<\/strong> piem\u0113ram, zeme\u0146u kivi, mango persiku un zilo ave\u0146u ledus. Apvienojum\u0101 ar <strong data-start=\"1170\" data-end=\"1190\">herm\u0113tiskumu<\/strong> un <strong data-start=\"1195\" data-end=\"1219\">gludu krist\u0101la apdari<\/strong>, \u0161\u012b ier\u012bce ir ne tikai iztur\u012bga, bet ar\u012b stil\u012bga, padarot to \u013coti pievilc\u012bgu vairumtirdzniec\u012bbas pirc\u0113jiem, kas paredz\u0113ti jaunie\u0161u tirgiem.<\/p>\n<p data-start=\"1354\" data-end=\"1631\">Izplat\u012bt\u0101jiem <strong data-start=\"1376\" data-end=\"1396\">Vozol Star 40000<\/strong> dvesiens pied\u0101v\u0101 sp\u0113c\u012bgas t\u0101l\u0101kp\u0101rdo\u0161anas pe\u013c\u0146as, lielu pat\u0113r\u0113t\u0101ju piepras\u012bjumu un vado\u0161\u0101 z\u012bmola uzticam\u012bbu Eirop\u0101. Tas padara to par oblig\u0101tu ier\u012bci jebkuram vape mazumtirgot\u0101jam, kur\u0161 mekl\u0113 <strong data-start=\"1569\" data-end=\"1600\">vairumtirdzniec\u012bbas l\u0113tu cenu pied\u0101v\u0101jumus<\/strong> nezaud\u0113jot kvalit\u0101ti.<\/p>\n<p><strong><span style=\"color: #ff0000;\">Pievienojiet Eimijas whatsapp, lai sa\u0146emtu pareizu atbildi un iztvaic\u0113t\u0101ja kuponu!<\/span><\/strong><\/p>\n<p><img fetchpriority=\"high\" decoding=\"async\" class=\"size-full wp-image-2932\" src=\"https:\/\/vapestornado.com\/wp-content\/uploads\/2024\/12\/Vape-Wholesale.jpg\" alt=\"Veipu Vairumtirdzniec\u012bba\" width=\"229\" height=\"300\" \/><\/p>\n<h3><a href=\"https:\/\/wa.me\/8617776015835\" target=\"_blank\" rel=\"noopener\"><span style=\"color: #ff0000;\"><strong>WhatsApp: +86 17776015835<\/strong><\/span><\/a><\/h3>\n<p>&nbsp;<\/p>\n<h2><strong>Vozol Star 40000 Puff produkta \u012bpa\u0161\u012bbas<\/strong><\/h2>\n<ul data-start=\"1659\" data-end=\"2057\">\n<li data-start=\"1659\" data-end=\"1707\">\n<p data-start=\"1661\" data-end=\"1707\"><strong data-start=\"1661\" data-end=\"1677\">40 000 uzp\u016btienu<\/strong> uz ier\u012bci ilgsto\u0161ai lieto\u0161anai<\/p>\n<\/li>\n<li data-start=\"1708\" data-end=\"1773\">\n<p data-start=\"1710\" data-end=\"1773\"><strong data-start=\"1710\" data-end=\"1730\">Divu re\u017e\u012bmu sist\u0113ma<\/strong> (Eco\/Power) piel\u0101gojamai veiktsp\u0113jai<\/p>\n<\/li>\n<li data-start=\"1774\" data-end=\"1831\">\n<p data-start=\"1776\" data-end=\"1831\"><strong data-start=\"1776\" data-end=\"1795\">Dubultas sieta spoles<\/strong> lai ieg\u016btu drosm\u012bgu gar\u0161u un tvaika bl\u012bvumu<\/p>\n<\/li>\n<li data-start=\"1832\" data-end=\"1894\">\n<p data-start=\"1834\" data-end=\"1894\"><strong data-start=\"1834\" data-end=\"1866\">1000mAh uzl\u0101d\u0113jams akumulators<\/strong> ar C tipa \u0101tro uzl\u0101di<\/p>\n<\/li>\n<li data-start=\"1895\" data-end=\"1953\">\n<p data-start=\"1897\" data-end=\"1953\"><strong data-start=\"1897\" data-end=\"1918\">24 gar\u0161u izv\u0113les iesp\u0113jas<\/strong> izstr\u0101d\u0101ts Eiropas tirgum<\/p>\n<\/li>\n<li data-start=\"1954\" data-end=\"2005\">\n<p data-start=\"1956\" data-end=\"2005\"><strong data-start=\"1956\" data-end=\"1978\">Regul\u0113jama gaisa pl\u016bsma<\/strong> MTL<\/p>\n<\/li>\n<li data-start=\"2006\" data-end=\"2057\">\n<p data-start=\"2008\" data-end=\"2057\"><strong data-start=\"2008\" data-end=\"2029\">Herm\u0113tisks dizains<\/strong> ar stil\u012bgu krist\u0101la korpusu<\/p>\n<\/li>\n<\/ul>\n<h2 class=\"product-title\"><strong>\u00a0Vozol Star 40000 uzp\u016btienu gar\u0161u saraksts<\/strong><\/h2>\n<p>1. Zilo ave\u0146u ledus<br \/>\n2. Melle\u0146u Ledus<br \/>\n3. Melle\u0146u piparm\u0113tra<br \/>\n4. Melle\u0146u arb\u016bzs<br \/>\n5. \u0136irimoja greipfr\u016btu ogas<br \/>\n6. \u0136ir\u0161u kola<br \/>\n7. V\u0113ss piparm\u0113tra<br \/>\n8. V\u012bnogu Ledus<br \/>\n9. Mango ledus<br \/>\n10. Mango persiks<br \/>\n11. Melones gumija<br \/>\n12. Melones ledus<br \/>\n13. Persiku ledus<br \/>\n14. Sk\u0101bo \u0101bolu ledus<br \/>\n15. Zeme\u0146u ledus<br \/>\n16. Zeme\u0146u kivi<br \/>\n17. Zeme\u0146u arb\u016bzs<br \/>\n18. Zeme\u0146u-arb\u016bzu persiks<br \/>\n20. Vzbull<br \/>\n21. Arb\u016bzu ko\u0161\u013c\u0101jam\u0101 gumija<br \/>\n22. Arb\u016bzu v\u012bnogu Boysenberry<br \/>\n23. Arb\u016bzu ledus<br \/>\n24. Arb\u016bzu sk\u0101bais persiks<br \/>\n25. Baltais persiku ave\u0146u<\/p>\n<figure id=\"attachment_4346\" aria-describedby=\"caption-attachment-4346\" style=\"width: 300px\" class=\"wp-caption alignnone\"><img decoding=\"async\" class=\"size-medium wp-image-4346\" src=\"https:\/\/vapestornado.com\/wp-content\/uploads\/2025\/09\/VOZOL-STAR-40K-Puffs-Vozol-Vapes-300x177.webp\" alt=\"VOZOL STAR 40K Puffs Vozol Vapes Karst\u0101kie gar\u0161u p\u0101rdev\u0113ji\" width=\"300\" height=\"177\" srcset=\"https:\/\/vapestornado.com\/wp-content\/uploads\/2025\/09\/VOZOL-STAR-40K-Puffs-Vozol-Vapes-300x177.webp 300w, https:\/\/vapestornado.com\/wp-content\/uploads\/2025\/09\/VOZOL-STAR-40K-Puffs-Vozol-Vapes-768x454.webp 768w, https:\/\/vapestornado.com\/wp-content\/uploads\/2025\/09\/VOZOL-STAR-40K-Puffs-Vozol-Vapes-18x12.webp 18w, https:\/\/vapestornado.com\/wp-content\/uploads\/2025\/09\/VOZOL-STAR-40K-Puffs-Vozol-Vapes-600x355.webp 600w, https:\/\/vapestornado.com\/wp-content\/uploads\/2025\/09\/VOZOL-STAR-40K-Puffs-Vozol-Vapes.webp 800w\" sizes=\"(max-width: 300px) 100vw, 300px\" \/><figcaption id=\"caption-attachment-4346\" class=\"wp-caption-text\">VOZOL STAR 40K Puffs Vozol Vapes Karst\u0101kie gar\u0161u p\u0101rdev\u0113ji<\/figcaption><\/figure>\n<div class=\"flex-shrink-0 flex flex-col relative items-end\">\n<div class=\"pt-0\">\n<div class=\"gizmo-bot-avatar flex h-8 w-8 items-center justify-center overflow-hidden rounded-full\">\n<div class=\"relative p-1 rounded-sm flex items-center justify-center bg-token-main-surface-primary text-token-text-primary h-8 w-8\">\n<h2 data-start=\"1200\" data-end=\"1487\">Vapes Tornado \u2013 J\u016bsu vairumtirdzniec\u012bbas tie\u0161saistes veikals Eiropas popul\u0101r\u0101kajiem vape z\u012bmoliem<\/h2>\n<p data-start=\"1200\" data-end=\"1487\"><strong data-start=\"213\" data-end=\"248\">nodro\u0161ina lielisku v\u0113rt\u012bbu, padarot to par uzticamu izv\u0113li mazumtirgot\u0101jiem, kas m\u0113r\u0137\u0113 uz 25\u201335 gadu vecuma grupu.<\/strong> Vapes Tornado \u2013 j\u016bsu vairumtirdzniec\u012bbas centrs Eiropas popul\u0101r\u0101kajiem vape z\u012bmoliem <strong data-start=\"403\" data-end=\"431\">popul\u0101r\u0101kie vape z\u012bmoli<\/strong>, ieskaitot <strong data-start=\"443\" data-end=\"502\"><a href=\"https:\/\/vapestornado.com\/lv\/product\/buy-authentic-waspe-100000-puffs-low-nicotine-disposable-vape-pen-at-wholesale-price\/\">WASPE VAPE<\/a>BANGBOX VAPE <a href=\"https:\/\/vapestornado.com\/lv\/product\/vozol-gear-power-20k-20000-puffs-vape-rechargeable-disposable-box-bulk-buy-cheap-price\/\">VOZOL Elektronisk\u0101 sm\u0113\u0137\u0113\u0161ana<\/a><\/strong><strong data-start=\"443\" data-end=\"502\">, un <a href=\"https:\/\/vapestornado.com\/lv\/product-category\/fumot-vape\/\">FUMOT Elektronisk\u0101 sm\u0113\u0137\u0113\u0161ana<\/a><\/strong>. M\u016bsu veikals ir izveidots, lai apkalpotu gan individu\u0101los klientus, gan vairumtirdzniec\u012bbas pirc\u0113jus, nodro\u0161inot uzticamus produktus, kas apvieno sp\u0113c\u012bgu veiktsp\u0113ju, stil\u012bgu dizainu un konkur\u0113tsp\u0113j\u012bgas cenas.<\/p>\n<h2 data-start=\"2064\" data-end=\"2115\">BUJ par Vozol Star 40000 Puff vienreiz\u0113j\u0101s lieto\u0161anas vape<\/h2>\n<p data-start=\"2117\" data-end=\"2283\"><strong data-start=\"2117\" data-end=\"2171\">1. Cik daudz uzp\u016b\u0161u nodro\u0161ina Vozol Star 40K?<\/strong><br data-start=\"2171\" data-end=\"2174\" \/>Katrs ier\u012bce pied\u0101v\u0101 l\u012bdz pat <strong data-start=\"2199\" data-end=\"2215\">40 000 uzp\u016btienu<\/strong>, padarot to par vienu no ilg\u0101k lietojamajiem vienreiz\u0113j\u0101s lieto\u0161anas iztvaic\u0113t\u0101jiem Eirop\u0101.<\/p>\n<p data-start=\"2285\" data-end=\"2429\"><strong data-start=\"2285\" data-end=\"2327\">2. Vai Vozol Star 40K ir uzl\u0101d\u0113jams?<\/strong><br data-start=\"2327\" data-end=\"2330\" \/>J\u0101, tam ir <strong data-start=\"2349\" data-end=\"2402\">1000mAh uzl\u0101d\u0113jams akumulators ar Type-C uzl\u0101di<\/strong>, nodro\u0161inot ilgsto\u0161u lieto\u0161anu.<\/p>\n<p data-start=\"2431\" data-end=\"2632\"><strong data-start=\"2431\" data-end=\"2503\">3. Ar ko Vozol Star 40000 at\u0161\u0137iras no citiem vienreiz\u0113j\u0101s lieto\u0161anas iztvaic\u0113t\u0101jiem?<\/strong><br data-start=\"2503\" data-end=\"2506\" \/>Tas apvieno <strong data-start=\"2518\" data-end=\"2537\">dubultas sieta spoles<\/strong>, <strong data-start=\"2539\" data-end=\"2560\">diviem tvaic\u0113\u0161anas re\u017e\u012bmiem<\/strong>, un <strong data-start=\"2566\" data-end=\"2588\">regul\u0113jamu gaisa pl\u016bsmu<\/strong>, pied\u0101v\u0101jot elast\u012bbu un izcilu gar\u0161u.<\/p>\n<p data-start=\"2634\" data-end=\"2841\"><strong data-start=\"2634\" data-end=\"2668\">4. K\u0101das gar\u0161as ir pieejamas?<\/strong><br data-start=\"2668\" data-end=\"2671\" \/>Ir pieejamas <strong data-start=\"2681\" data-end=\"2695\">24 gar\u0161as<\/strong> ieskaitot aug\u013cu mais\u012bjumus, piem\u0113ram, <strong data-start=\"2725\" data-end=\"2740\">Mango Persiks<\/strong>, atsvaidzino\u0161as izv\u0113les, piem\u0113ram, <strong data-start=\"2766\" data-end=\"2779\">V\u0113ss Piparm\u0113tra<\/strong>, un unik\u0101lus mais\u012bjumus, piem\u0113ram, <strong data-start=\"2806\" data-end=\"2838\">Cherimoya Greipfr\u016btu ogas<\/strong>.<\/p>\n<p data-start=\"2843\" data-end=\"3067\"><strong data-start=\"2843\" data-end=\"2905\">5. K\u0101p\u0113c Vozol Star 40K ir popul\u0101rs vairumtirgot\u0101jiem?<\/strong><br data-start=\"2905\" data-end=\"2908\" \/>Tam ir <strong data-start=\"2915\" data-end=\"2980\">liels piepras\u012bjums, augst\u0101k\u0101s kvalit\u0101tes konstrukcija un pagarin\u0101ts uzp\u016b\u0161u skaits<\/strong>, \u013caujot vairumtirgot\u0101jiem baud\u012bt lab\u0101kas pe\u013c\u0146as normas par <strong data-start=\"3039\" data-end=\"3064\">vairumtirdzniec\u012bbas l\u0113tu cenu<\/strong>.<\/p>\n<\/div>\n<\/div>\n<\/div>\n<\/div>","protected":false},"excerpt":{"rendered":"<p><strong data-start=\"108\" data-end=\"144\">Vozol Star 40000 vienreiz\u0113j\u0101s lieto\u0161anas vape<\/strong> nodro\u0161ina l\u012bdz pat <strong data-start=\"160\" data-end=\"173\">40K uzp\u016btienu<\/strong> ar <strong data-start=\"179\" data-end=\"198\">dubultas sieta spoles<\/strong>, a <strong data-start=\"202\" data-end=\"241\">1000mAh Type-C uzl\u0101d\u0113jams akumulators<\/strong>, un <strong data-start=\"247\" data-end=\"266\" data-is-only-node=\"\">25 drosm\u012bgas gar\u0161as<\/strong>. Izstr\u0101d\u0101ts ar divu re\u017e\u012bmu sist\u0113mu un regul\u0113jamu gaisa pl\u016bsmu, tas ir <strong data-start=\"334\" data-end=\"363\">lab\u0101kais vienreiz\u0113j\u0101s lieto\u0161anas vape 2025<\/strong> lai nodro\u0161in\u0101tu vienm\u0113r\u012bgu gar\u0161u un ilgsto\u0161u veiktsp\u0113ju par <strong data-start=\"415\" data-end=\"440\">vairumtirdzniec\u012bbas l\u0113tu cenu<\/strong>.<\/p>\n<p><strong>Pievienojiet Eimijas WhatsApp, lai sa\u0146emtu prec\u012bzu atbildi un atlaidi!<\/strong><\/p>\n<p><img fetchpriority=\"high\" decoding=\"async\" class=\"size-full wp-image-2932\" src=\"https:\/\/vapestornado.com\/wp-content\/uploads\/2024\/12\/Vape-Wholesale.jpg\" alt=\"Veipu Vairumtirdzniec\u012bba\" width=\"229\" height=\"300\" \/><\/p>\n<h3><a href=\"https:\/\/wa.me\/8617776015835\"><span style=\"color: #ff0000;\"><strong>WhatsApp: +86 17776015835<\/strong><\/span><\/a><\/h3>","protected":false},"featured_media":4344,"comment_status":"open","ping_status":"closed","template":"","meta":{"_acf_changed":false,"_uag_custom_page_level_css":"","_lmt_disableupdate":"no","_lmt_disable":"","_monsterinsights_skip_tracking":false,"_monsterinsights_sitenote_active":false,"_monsterinsights_sitenote_note":"","_monsterinsights_sitenote_category":0,"site-sidebar-layout":"default","site-content-layout":"","ast-site-content-layout":"default","site-content-style":"default","site-sidebar-style":"default","ast-global-header-display":"","ast-banner-title-visibility":"","ast-main-header-display":"","ast-hfb-above-header-display":"","ast-hfb-below-header-display":"","ast-hfb-mobile-header-display":"","site-post-title":"","ast-breadcrumbs-content":"","ast-featured-img":"","footer-sml-layout":"","ast-disable-related-posts":"","theme-transparent-header-meta":"default","adv-header-id-meta":"","stick-header-meta":"","header-above-stick-meta":"","header-main-stick-meta":"","header-below-stick-meta":"","astra-migrate-meta-layouts":"set","ast-page-background-enabled":"default","ast-page-background-meta":{"desktop":{"background-color":"","background-image":"","background-repeat":"repeat","background-position":"center center","background-size":"auto","background-attachment":"scroll","background-type":"","background-media":"","overlay-type":"","overlay-color":"","overlay-opacity":"","overlay-gradient":""},"tablet":{"background-color":"","background-image":"","background-repeat":"repeat","background-position":"center center","background-size":"auto","background-attachment":"scroll","background-type":"","background-media":"","overlay-type":"","overlay-color":"","overlay-opacity":"","overlay-gradient":""},"mobile":{"background-color":"","background-image":"","background-repeat":"repeat","background-position":"center center","background-size":"auto","background-attachment":"scroll","background-type":"","background-media":"","overlay-type":"","overlay-color":"","overlay-opacity":"","overlay-gradient":""}},"ast-content-background-meta":{"desktop":{"background-color":"var(--ast-global-color-5)","background-image":"","background-repeat":"repeat","background-position":"center center","background-size":"auto","background-attachment":"scroll","background-type":"","background-media":"","overlay-type":"","overlay-color":"","overlay-opacity":"","overlay-gradient":""},"tablet":{"background-color":"var(--ast-global-color-5)","background-image":"","background-repeat":"repeat","background-position":"center center","background-size":"auto","background-attachment":"scroll","background-type":"","background-media":"","overlay-type":"","overlay-color":"","overlay-opacity":"","overlay-gradient":""},"mobile":{"background-color":"var(--ast-global-color-5)","background-image":"","background-repeat":"repeat","background-position":"center center","background-size":"auto","background-attachment":"scroll","background-type":"","background-media":"","overlay-type":"","overlay-color":"","overlay-opacity":"","overlay-gradient":""}},"_joinchat":{"telephone":"17776015835"}},"product_brand":[],"product_cat":[65,152,156,158,142,357,144,146,57],"product_tag":[363,365,361,362,220,364],"class_list":{"0":"post-4348","1":"product","2":"type-product","3":"status-publish","4":"has-post-thumbnail","6":"product_cat-40000-puff","7":"product_cat-buy-disposable-vapes-in-cermany","8":"product_cat-buy-disposable-vapes-in-poland","9":"product_cat-buy-disposable-vapes-in-spain","10":"product_cat-digital-box-disposable-vapes","11":"product_cat-flavor-adjustable-vape","12":"product_cat-low-nicotine-disposable-vapes","13":"product_cat-rechargeable-disposable-vapes","14":"product_cat-vozol-vape","15":"product_tag-best-disposable-vape-2025","16":"product_tag-original-vozol-vape","17":"product_tag-vozol-star-40000","18":"product_tag-vozol-star-40k-disposable-vape","19":"product_tag-vozol-vape","20":"product_tag-wholesale-cheap-price","21":"desktop-align-left","22":"tablet-align-left","23":"mobile-align-left","25":"first","26":"instock","27":"sale","28":"shipping-taxable","29":"purchasable","30":"product-type-simple"},"acf":[],"uagb_featured_image_src":{"full":["https:\/\/vapestornado.com\/wp-content\/uploads\/2025\/09\/VOZOL-STAR-40K-Puffs-Best-Vape-Brands.webp",800,800,false],"thumbnail":["https:\/\/vapestornado.com\/wp-content\/uploads\/2025\/09\/VOZOL-STAR-40K-Puffs-Best-Vape-Brands-150x150.webp",150,150,true],"medium":["https:\/\/vapestornado.com\/wp-content\/uploads\/2025\/09\/VOZOL-STAR-40K-Puffs-Best-Vape-Brands-300x300.webp",300,300,true],"medium_large":["https:\/\/vapestornado.com\/wp-content\/uploads\/2025\/09\/VOZOL-STAR-40K-Puffs-Best-Vape-Brands-768x768.webp",768,768,true],"large":["https:\/\/vapestornado.com\/wp-content\/uploads\/2025\/09\/VOZOL-STAR-40K-Puffs-Best-Vape-Brands.webp",800,800,false],"1536x1536":["https:\/\/vapestornado.com\/wp-content\/uploads\/2025\/09\/VOZOL-STAR-40K-Puffs-Best-Vape-Brands.webp",800,800,false],"2048x2048":["https:\/\/vapestornado.com\/wp-content\/uploads\/2025\/09\/VOZOL-STAR-40K-Puffs-Best-Vape-Brands.webp",800,800,false],"trp-custom-language-flag":["https:\/\/vapestornado.com\/wp-content\/uploads\/2025\/09\/VOZOL-STAR-40K-Puffs-Best-Vape-Brands-12x12.webp",12,12,true],"woocommerce_thumbnail":["https:\/\/vapestornado.com\/wp-content\/uploads\/2025\/09\/VOZOL-STAR-40K-Puffs-Best-Vape-Brands-300x300.webp",300,300,true],"woocommerce_single":["https:\/\/vapestornado.com\/wp-content\/uploads\/2025\/09\/VOZOL-STAR-40K-Puffs-Best-Vape-Brands-600x600.webp",600,600,true],"woocommerce_gallery_thumbnail":["https:\/\/vapestornado.com\/wp-content\/uploads\/2025\/09\/VOZOL-STAR-40K-Puffs-Best-Vape-Brands-100x100.webp",100,100,true]},"uagb_author_info":{"display_name":"ESAMY","author_link":"https:\/\/vapestornado.com\/lv\/author\/"},"uagb_comment_info":1,"uagb_excerpt":"Vozol Star 40000 Disposable Vape delivers up to 40K puffs with dual mesh coils, a 1000mAh Type-C rechargeable battery, and 25 bold flavors. Designed with a dual-mode system and adjustable airflow, it\u2019s the best disposable vape 2025 for smooth taste and long-lasting performance at a wholesale cheap price. Add Amy's whatsapp to get right reply&hellip;","_links":{"self":[{"href":"https:\/\/vapestornado.com\/lv\/wp-json\/wp\/v2\/product\/4348","targetHints":{"allow":["GET"]}}],"collection":[{"href":"https:\/\/vapestornado.com\/lv\/wp-json\/wp\/v2\/product"}],"about":[{"href":"https:\/\/vapestornado.com\/lv\/wp-json\/wp\/v2\/types\/product"}],"replies":[{"embeddable":true,"href":"https:\/\/vapestornado.com\/lv\/wp-json\/wp\/v2\/comments?post=4348"}],"wp:featuredmedia":[{"embeddable":true,"href":"https:\/\/vapestornado.com\/lv\/wp-json\/wp\/v2\/media\/4344"}],"wp:attachment":[{"href":"https:\/\/vapestornado.com\/lv\/wp-json\/wp\/v2\/media?parent=4348"}],"wp:term":[{"taxonomy":"product_brand","embeddable":true,"href":"https:\/\/vapestornado.com\/lv\/wp-json\/wp\/v2\/product_brand?post=4348"},{"taxonomy":"product_cat","embeddable":true,"href":"https:\/\/vapestornado.com\/lv\/wp-json\/wp\/v2\/product_cat?post=4348"},{"taxonomy":"product_tag","embeddable":true,"href":"https:\/\/vapestornado.com\/lv\/wp-json\/wp\/v2\/product_tag?post=4348"}],"curies":[{"name":"wp","href":"https:\/\/api.w.org\/{rel}","templated":true}]}}