{"id":4339,"date":"2025-09-16T08:10:51","date_gmt":"2025-09-16T08:10:51","guid":{"rendered":"https:\/\/vapestornado.com\/?post_type=product&#038;p=4339"},"modified":"2025-09-16T09:18:02","modified_gmt":"2025-09-16T09:18:02","slug":"bang-leader-110k-110000-puffs-6-in-1-flavors-2-nicotine-disposable-vape-wholesale-price","status":"publish","type":"product","link":"https:\/\/vapestornado.com\/lv\/product\/bang-leader-110k-110000-puffs-6-in-1-flavors-2-nicotine-disposable-vape-wholesale-price\/","title":{"rendered":"Bang Leader 110k 110000 Uzp\u016btieni 6 vien\u0101 Gar\u0161as 2% Nikot\u012bna Vienreiz\u0113j\u0101s lieto\u0161anas Vape Vairumtirdzniec\u012bbas Cena"},"content":{"rendered":"<h2 data-pm-slice=\"1 1 []\">Bang Leader 110k 110000 Uzp\u016btieni 6 vien\u0101 Gar\u0161as 2% Nikot\u012bna Vienreiz\u0113j\u0101s lieto\u0161anas Vape Vairumtirdzniec\u012bbas Cena<\/h2>\n<p data-start=\"229\" data-end=\"623\"><strong data-start=\"273\" data-end=\"293\">Bang Leader 110K ir<\/strong>\u00a0sp\u0113kstacija <strong data-start=\"308\" data-end=\"331\">vienreiz\u0113j\u0101s lieto\u0161anas vape pildspalva<\/strong> kas izstr\u0101d\u0101ta veiktsp\u0113jai un vairumtirdzniec\u012bbas v\u0113rt\u012bbai. Izstr\u0101d\u0101ta, \u0146emot v\u0113r\u0101 Eiropas tirgu, \u0161\u012b ier\u012bce nodro\u0161ina mas\u012bvu <strong data-start=\"454\" data-end=\"471\">110 000 uzp\u016btienu<\/strong>, ko darbina <strong data-start=\"486\" data-end=\"524\">650 mAh Type-C uzl\u0101d\u0113jams akumulators<\/strong> un to atbalsta <strong data-start=\"544\" data-end=\"563\">digit\u0101lais displejs<\/strong> kas seko l\u012bdzi gan e\u013c\u013cas, gan akumulatora l\u012bmenim, lai nodro\u0161in\u0101tu piln\u012bgu kontroli.<\/p>\n<p data-start=\"625\" data-end=\"1060\">Ar <strong data-start=\"630\" data-end=\"656\">6-in-1 gar\u0161as rot\u0101cija<\/strong>, lietot\u0101ji izbauda augst\u0101k\u0101s kvalit\u0101tes tvaic\u0113\u0161anas pieredzi \u2014 p\u0101rsl\u0113dzoties starp spilgtiem aug\u013cu mais\u012bjumiem un ledaini v\u0113siem tr\u0101p\u012bjumiem bez gar\u0161as sajauk\u0161anas. Atbalsta <strong data-start=\"789\" data-end=\"818\">quad mesh coil tehnolo\u0123ija<\/strong>, katrs vilkums ir vienm\u0113r\u012bgs, konsekvents un apmierino\u0161s. The <strong data-start=\"873\" data-end=\"902\">2% un 5% nikot\u012bna opcijas<\/strong> padara to piem\u0113rotu gan ikdienas, gan sp\u0113c\u012bgiem lietot\u0101jiem, tie\u0161i uzrun\u0101jot tvaic\u0113t\u0101jus, kuri pieprasa stilu, sp\u0113ku un iztur\u012bbu.<\/p>\n<p data-start=\"1062\" data-end=\"1408\">Vairumtirdzniec\u012bbas pirc\u0113jiem, tas <strong data-start=\"1083\" data-end=\"1110\">Bang Leader 110000 uzp\u016btienu<\/strong> nav tikai vienreiz lietojams tvaic\u0113t\u0101js \u2014 tas ir vislab\u0101k p\u0101rdotais produkts ar lielu atk\u0101rtotu piepras\u012bjumu. T\u0101 <strong data-start=\"1185\" data-end=\"1203\">premium dizains<\/strong>, liels uzp\u016btienu skaits un sabalans\u0113tas gar\u0161as rada sp\u0113c\u012bgas mazumtirdzniec\u012bbas pe\u013c\u0146as un samazina klientu s\u016bdz\u012bbas, padarot to par ide\u0101lu izv\u0113li vairumtirgot\u0101jiem, kas mekl\u0113 <strong data-start=\"1355\" data-end=\"1395\">vienreiz\u0113j\u0101s lieto\u0161anas vape lab\u0101ko vairumtirdzniec\u012bbas cenu<\/strong> Eirop\u0101.<\/p>\n<p><strong><span style=\"color: #ff0000;\">Pievienojiet Eimijas whatsapp, lai sa\u0146emtu pareizu atbildi un iztvaic\u0113t\u0101ja kuponu!<\/span><\/strong><\/p>\n<p><img fetchpriority=\"high\" decoding=\"async\" class=\"size-full wp-image-2932\" src=\"https:\/\/vapestornado.com\/wp-content\/uploads\/2024\/12\/Vape-Wholesale.jpg\" alt=\"Veipu Vairumtirdzniec\u012bba\" width=\"229\" height=\"300\" \/><\/p>\n<h3><a href=\"https:\/\/wa.me\/8617776015835\" target=\"_blank\" rel=\"noopener\"><span style=\"color: #ff0000;\"><strong>WhatsApp: +86 17776015835<\/strong><\/span><\/a><\/h3>\n<p>&nbsp;<\/p>\n<h2><strong>Bang Leader 110k 110000 uzp\u016btienu produkta \u012bpa\u0161\u012bbas<\/strong><\/h2>\n<p>Uzp\u016btieni: 110000 uzp\u016btieni<br \/>\n6 vien\u0101 \u010detras gar\u0161as<br \/>\nNikot\u012bna stiprums: 2%\/5%<br \/>\nBaterija: 650mah<br \/>\nUzl\u0101d\u0113jams: C tips<br \/>\nLED displejs (gudrs ekr\u0101ns) e\u013c\u013cai un akumulatoram<\/p>\n<h2 class=\"product-title\"><strong>Bang Leader 110k uzp\u016btienu gar\u0161u saraksts<\/strong><\/h2>\n<ol data-start=\"232\" data-end=\"874\">\n<li data-start=\"232\" data-end=\"298\">\n<p data-start=\"235\" data-end=\"298\"><strong data-start=\"235\" data-end=\"296\">Arb\u016bzu ledus \/ Zeme\u0146u mamba \/ Zeme\u0146u arb\u016bzs<\/strong><\/p>\n<\/li>\n<li data-start=\"299\" data-end=\"351\">\n<p data-start=\"302\" data-end=\"351\"><strong data-start=\"302\" data-end=\"349\">Fuji ledus \/ \u0100bolu v\u012bnogas \/ \u0136ir\u0161u gran\u0101t\u0101bols<\/strong><\/p>\n<\/li>\n<li data-start=\"352\" data-end=\"415\">\n<p data-start=\"355\" data-end=\"415\"><strong data-start=\"355\" data-end=\"413\">Melle\u0146u ledus \/ Ave\u0146u citrons \/ Arb\u016bzu ko\u0161\u013c\u0101jam\u0101 gumija<\/strong><\/p>\n<\/li>\n<li data-start=\"416\" data-end=\"500\">\n<p data-start=\"419\" data-end=\"500\"><strong data-start=\"419\" data-end=\"498\">Mellenes avenes \/ Sk\u0101bi anan\u0101si apels\u012bni \/ Avenes arb\u016bzi<\/strong><\/p>\n<\/li>\n<li data-start=\"501\" data-end=\"556\">\n<p data-start=\"504\" data-end=\"556\"><strong data-start=\"504\" data-end=\"554\">V\u012bnogu ledus \/ Mango persiks \/ Melle\u0146u arb\u016bzs<\/strong><\/p>\n<\/li>\n<li data-start=\"557\" data-end=\"621\">\n<p data-start=\"560\" data-end=\"621\"><strong data-start=\"560\" data-end=\"619\">Zeme\u0146u ledus \/ Persiku citrons \/ Kivi pasifloru aug\u013cu gvajava<\/strong><\/p>\n<\/li>\n<li data-start=\"622\" data-end=\"686\">\n<p data-start=\"625\" data-end=\"686\"><strong data-start=\"625\" data-end=\"684\">Anan\u0101su kokosrieksts \/ Melle\u0146u Red Bull \/ Arb\u016bzu ledus<\/strong><\/p>\n<\/li>\n<li data-start=\"687\" data-end=\"745\">\n<p data-start=\"690\" data-end=\"745\"><strong data-start=\"690\" data-end=\"743\">Zeme\u0146u kivi \/ Melle\u0146u kokosrieksts \/ Jaukti ogas<\/strong><\/p>\n<\/li>\n<li data-start=\"746\" data-end=\"806\">\n<p data-start=\"749\" data-end=\"806\"><strong data-start=\"749\" data-end=\"804\">Citronu romance \/ Melle\u0146u avenes \/ Persiku mentols<\/strong><\/p>\n<\/li>\n<li data-start=\"807\" data-end=\"874\">\n<p data-start=\"811\" data-end=\"874\"><strong data-start=\"811\" data-end=\"872\">Persiku ledus \/ Upe\u0146u anan\u0101su ledus \/ Za\u013co \u0101bolu kivi<\/strong><\/p>\n<\/li>\n<\/ol>\n<div class=\"flex-shrink-0 flex flex-col relative items-end\">\n<div class=\"pt-0\">\n<div class=\"gizmo-bot-avatar flex h-8 w-8 items-center justify-center overflow-hidden rounded-full\">\n<div class=\"relative p-1 rounded-sm flex items-center justify-center bg-token-main-surface-primary text-token-text-primary h-8 w-8\">\n<figure id=\"attachment_4333\" aria-describedby=\"caption-attachment-4333\" style=\"width: 300px\" class=\"wp-caption alignnone\"><img decoding=\"async\" class=\"size-medium wp-image-4333\" src=\"https:\/\/vapestornado.com\/wp-content\/uploads\/2025\/09\/Bang-110k-110000-Puffs-Disposable-Vape-300x300.webp\" alt=\"Bang 110k 110000 uzp\u016btienu vienreiz lietojamais tvaic\u0113t\u0101js\" width=\"300\" height=\"300\" srcset=\"https:\/\/vapestornado.com\/wp-content\/uploads\/2025\/09\/Bang-110k-110000-Puffs-Disposable-Vape-300x300.webp 300w, https:\/\/vapestornado.com\/wp-content\/uploads\/2025\/09\/Bang-110k-110000-Puffs-Disposable-Vape-150x150.webp 150w, https:\/\/vapestornado.com\/wp-content\/uploads\/2025\/09\/Bang-110k-110000-Puffs-Disposable-Vape-768x768.webp 768w, https:\/\/vapestornado.com\/wp-content\/uploads\/2025\/09\/Bang-110k-110000-Puffs-Disposable-Vape-12x12.webp 12w, https:\/\/vapestornado.com\/wp-content\/uploads\/2025\/09\/Bang-110k-110000-Puffs-Disposable-Vape-600x600.webp 600w, https:\/\/vapestornado.com\/wp-content\/uploads\/2025\/09\/Bang-110k-110000-Puffs-Disposable-Vape-100x100.webp 100w, https:\/\/vapestornado.com\/wp-content\/uploads\/2025\/09\/Bang-110k-110000-Puffs-Disposable-Vape.webp 800w\" sizes=\"(max-width: 300px) 100vw, 300px\" \/><figcaption id=\"caption-attachment-4333\" class=\"wp-caption-text\">Bang 110k 110000 uzp\u016btienu vienreiz lietojamais tvaic\u0113t\u0101js<\/figcaption><\/figure>\n<h2 data-start=\"435\" data-end=\"491\"><strong data-start=\"439\" data-end=\"489\">K\u0101p\u0113c izv\u0113l\u0113ties Bang Leader 110k vienreiz lietojamo tvaic\u0113\u0161anas pildspalvu?<\/strong><\/h2>\n<\/div>\n<ul data-start=\"276\" data-end=\"737\">\n<li data-start=\"276\" data-end=\"341\">\n<p data-start=\"278\" data-end=\"341\"><strong data-start=\"281\" data-end=\"298\">110 000 uzp\u016btienu<\/strong> \u2013 \u012bpa\u0161i ilgsto\u0161a vienreiz\u0113j\u0101s lieto\u0161anas vape pildspalva<\/p>\n<\/li>\n<li data-start=\"342\" data-end=\"424\">\n<p data-start=\"344\" data-end=\"424\"><strong data-start=\"347\" data-end=\"385\">650 mAh Type-C uzl\u0101d\u0113jams akumulators<\/strong> \u2013 efekt\u012bva jauda ar \u0101tru uzl\u0101di<\/p>\n<\/li>\n<li data-start=\"425\" data-end=\"499\">\n<p data-start=\"427\" data-end=\"499\"><strong data-start=\"430\" data-end=\"455\">Viedais digit\u0101lais displejs<\/strong> \u2013 par\u0101da e\u013c\u013cu<\/p>\n<\/li>\n<li data-start=\"500\" data-end=\"578\">\n<p data-start=\"502\" data-end=\"578\"><strong data-start=\"505\" data-end=\"529\">6-in-1 gar\u0161as dizains<\/strong> \u2013 p\u0101rsl\u0113dzieties starp se\u0161iem augst\u0101k\u0101s kvalit\u0101tes mais\u012bjumiem, bez sajauk\u0161anas<\/p>\n<\/li>\n<li data-start=\"579\" data-end=\"655\">\n<p data-start=\"581\" data-end=\"655\"><strong data-start=\"584\" data-end=\"611\">2% \/ 5% nikot\u012bna opcijas<\/strong> \u2013 piel\u0101gots Eiropas 25\u201335 gadus veciem v\u012brie\u0161iem<\/p>\n<\/li>\n<li data-start=\"656\" data-end=\"737\">\n<p data-start=\"658\" data-end=\"737\"><strong data-start=\"660\" data-end=\"683\">Vairumtirdzniec\u012bbas priek\u0161roc\u012bbas<\/strong> \u2013 augsta pe\u013c\u0146a, atk\u0101rtots piepras\u012bjums, zems s\u016bdz\u012bbu l\u012bmenis<\/p>\n<\/li>\n<\/ul>\n<\/div>\n<\/div>\n<\/div>\n<div class=\"flex-shrink-0 flex flex-col relative items-end\">\n<div class=\"pt-0\">\n<div class=\"gizmo-bot-avatar flex h-8 w-8 items-center justify-center overflow-hidden rounded-full\">\n<div class=\"relative p-1 rounded-sm flex items-center justify-center bg-token-main-surface-primary text-token-text-primary h-8 w-8\">\n<h2 data-start=\"1200\" data-end=\"1487\">100K uzp\u016btienu ietilp\u012bba, uzl\u0101d\u0113jams dizains, vair\u0101kas gar\u0161as un augst\u0101k\u0101s kvalit\u0101tes spoles sist\u0113ma<\/h2>\n<p data-start=\"1200\" data-end=\"1487\"><strong data-start=\"213\" data-end=\"248\">nodro\u0161ina lielisku v\u0113rt\u012bbu, padarot to par uzticamu izv\u0113li mazumtirgot\u0101jiem, kas m\u0113r\u0137\u0113 uz 25\u201335 gadu vecuma grupu.<\/strong> Vapes Tornado \u2013 j\u016bsu vairumtirdzniec\u012bbas centrs Eiropas popul\u0101r\u0101kajiem vape z\u012bmoliem <strong data-start=\"403\" data-end=\"431\">popul\u0101r\u0101kie vape z\u012bmoli<\/strong>, ieskaitot <strong data-start=\"443\" data-end=\"502\"><a href=\"https:\/\/vapestornado.com\/lv\/product\/buy-authentic-waspe-100000-puffs-low-nicotine-disposable-vape-pen-at-wholesale-price\/\">WASPE VAPE<\/a>BANGBOX VAPE <a href=\"https:\/\/vapestornado.com\/lv\/product\/vozol-gear-power-20k-20000-puffs-vape-rechargeable-disposable-box-bulk-buy-cheap-price\/\">VOZOL Elektronisk\u0101 sm\u0113\u0137\u0113\u0161ana<\/a><\/strong><strong data-start=\"443\" data-end=\"502\">, un <a href=\"https:\/\/vapestornado.com\/lv\/product-category\/fumot-vape\/\">FUMOT Elektronisk\u0101 sm\u0113\u0137\u0113\u0161ana<\/a><\/strong>. M\u016bsu veikals ir izveidots, lai apkalpotu gan individu\u0101los klientus, gan vairumtirdzniec\u012bbas pirc\u0113jus, nodro\u0161inot uzticamus produktus, kas apvieno sp\u0113c\u012bgu veiktsp\u0113ju, stil\u012bgu dizainu un konkur\u0113tsp\u0113j\u012bgas cenas.<\/p>\n<\/div>\n<\/div>\n<\/div>\n<\/div>","protected":false},"excerpt":{"rendered":"<p><strong data-start=\"108\" data-end=\"148\">Bang Leader 110K vienreiz\u0113j\u0101s lieto\u0161anas vape pildspalva<\/strong> nodro\u0161ina mas\u012bvu <strong data-start=\"168\" data-end=\"185\">110 000 uzp\u016btienu<\/strong> ar <strong data-start=\"193\" data-end=\"217\">6-in-1 gar\u0161as sist\u0113mu<\/strong>, nodro\u0161inot lietot\u0101jiem ilgsto\u0161u da\u017e\u0101d\u012bbu katr\u0101 ier\u012bc\u0113. Apr\u012bkots ar <strong data-start=\"286\" data-end=\"324\">650 mAh Type-C uzl\u0101d\u0113jams akumulators<\/strong>, <strong data-start=\"326\" data-end=\"345\" data-is-only-node=\"\">digit\u0101lais displejs<\/strong>, un <strong data-start=\"351\" data-end=\"379\">2% vai 5% nikot\u012bna opcij\u0101m<\/strong>, tas ir paredz\u0113ts vienm\u0113r\u012bgai gar\u0161ai, uzticamai veiktsp\u0113jai un maksim\u0101lai v\u0113rt\u012bbai. Lieliski piem\u0113rots vairumtirdzniec\u012bbas pirc\u0113jiem, kuri mekl\u0113 <strong data-start=\"497\" data-end=\"537\">vienreiz\u0113j\u0101s lieto\u0161anas vape lab\u0101ko vairumtirdzniec\u012bbas cenu<\/strong>.<\/p>\n<p><strong>Pievienojiet Eimijas WhatsApp, lai sa\u0146emtu prec\u012bzu atbildi un atlaidi!<\/strong><\/p>\n<p><img fetchpriority=\"high\" decoding=\"async\" class=\"size-full wp-image-2932\" src=\"https:\/\/vapestornado.com\/wp-content\/uploads\/2024\/12\/Vape-Wholesale.jpg\" alt=\"Veipu Vairumtirdzniec\u012bba\" width=\"229\" height=\"300\" \/><\/p>\n<h3><a href=\"https:\/\/wa.me\/8617776015835\"><span style=\"color: #ff0000;\"><strong>WhatsApp: +86 17776015835<\/strong><\/span><\/a><\/h3>","protected":false},"featured_media":4338,"comment_status":"open","ping_status":"closed","template":"","meta":{"_acf_changed":false,"_uag_custom_page_level_css":"","_lmt_disableupdate":"no","_lmt_disable":"","_monsterinsights_skip_tracking":false,"_monsterinsights_sitenote_active":false,"_monsterinsights_sitenote_note":"","_monsterinsights_sitenote_category":0,"site-sidebar-layout":"default","site-content-layout":"","ast-site-content-layout":"default","site-content-style":"default","site-sidebar-style":"default","ast-global-header-display":"","ast-banner-title-visibility":"","ast-main-header-display":"","ast-hfb-above-header-display":"","ast-hfb-below-header-display":"","ast-hfb-mobile-header-display":"","site-post-title":"","ast-breadcrumbs-content":"","ast-featured-img":"","footer-sml-layout":"","ast-disable-related-posts":"","theme-transparent-header-meta":"default","adv-header-id-meta":"","stick-header-meta":"","header-above-stick-meta":"","header-main-stick-meta":"","header-below-stick-meta":"","astra-migrate-meta-layouts":"set","ast-page-background-enabled":"default","ast-page-background-meta":{"desktop":{"background-color":"","background-image":"","background-repeat":"repeat","background-position":"center center","background-size":"auto","background-attachment":"scroll","background-type":"","background-media":"","overlay-type":"","overlay-color":"","overlay-opacity":"","overlay-gradient":""},"tablet":{"background-color":"","background-image":"","background-repeat":"repeat","background-position":"center center","background-size":"auto","background-attachment":"scroll","background-type":"","background-media":"","overlay-type":"","overlay-color":"","overlay-opacity":"","overlay-gradient":""},"mobile":{"background-color":"","background-image":"","background-repeat":"repeat","background-position":"center center","background-size":"auto","background-attachment":"scroll","background-type":"","background-media":"","overlay-type":"","overlay-color":"","overlay-opacity":"","overlay-gradient":""}},"ast-content-background-meta":{"desktop":{"background-color":"var(--ast-global-color-5)","background-image":"","background-repeat":"repeat","background-position":"center center","background-size":"auto","background-attachment":"scroll","background-type":"","background-media":"","overlay-type":"","overlay-color":"","overlay-opacity":"","overlay-gradient":""},"tablet":{"background-color":"var(--ast-global-color-5)","background-image":"","background-repeat":"repeat","background-position":"center center","background-size":"auto","background-attachment":"scroll","background-type":"","background-media":"","overlay-type":"","overlay-color":"","overlay-opacity":"","overlay-gradient":""},"mobile":{"background-color":"var(--ast-global-color-5)","background-image":"","background-repeat":"repeat","background-position":"center center","background-size":"auto","background-attachment":"scroll","background-type":"","background-media":"","overlay-type":"","overlay-color":"","overlay-opacity":"","overlay-gradient":""}},"_joinchat":{"telephone":"17776015835"}},"product_brand":[],"product_cat":[62,152,156,158,142,357,144,146],"product_tag":[360,358,196,355,359,354],"class_list":{"0":"post-4339","1":"product","2":"type-product","3":"status-publish","4":"has-post-thumbnail","6":"product_cat-bang-vape","7":"product_cat-buy-disposable-vapes-in-cermany","8":"product_cat-buy-disposable-vapes-in-poland","9":"product_cat-buy-disposable-vapes-in-spain","10":"product_cat-digital-box-disposable-vapes","11":"product_cat-flavor-adjustable-vape","12":"product_cat-low-nicotine-disposable-vapes","13":"product_cat-rechargeable-disposable-vapes","14":"product_tag-bang-leader-110000-puff","15":"product_tag-bang-leader-110k","16":"product_tag-bang-vape","17":"product_tag-big-puff-vape","18":"product_tag-cheapest-vape","19":"product_tag-flavor-adjustable-vape","20":"desktop-align-left","21":"tablet-align-left","22":"mobile-align-left","24":"first","25":"instock","26":"sale","27":"shipping-taxable","28":"purchasable","29":"product-type-simple"},"acf":[],"uagb_featured_image_src":{"full":["https:\/\/vapestornado.com\/wp-content\/uploads\/2025\/09\/Bang-Leader-110000-Puffs-110K-6-in-1-Flavors-Vape-Pen.webp",800,800,false],"thumbnail":["https:\/\/vapestornado.com\/wp-content\/uploads\/2025\/09\/Bang-Leader-110000-Puffs-110K-6-in-1-Flavors-Vape-Pen-150x150.webp",150,150,true],"medium":["https:\/\/vapestornado.com\/wp-content\/uploads\/2025\/09\/Bang-Leader-110000-Puffs-110K-6-in-1-Flavors-Vape-Pen-300x300.webp",300,300,true],"medium_large":["https:\/\/vapestornado.com\/wp-content\/uploads\/2025\/09\/Bang-Leader-110000-Puffs-110K-6-in-1-Flavors-Vape-Pen-768x768.webp",768,768,true],"large":["https:\/\/vapestornado.com\/wp-content\/uploads\/2025\/09\/Bang-Leader-110000-Puffs-110K-6-in-1-Flavors-Vape-Pen.webp",800,800,false],"1536x1536":["https:\/\/vapestornado.com\/wp-content\/uploads\/2025\/09\/Bang-Leader-110000-Puffs-110K-6-in-1-Flavors-Vape-Pen.webp",800,800,false],"2048x2048":["https:\/\/vapestornado.com\/wp-content\/uploads\/2025\/09\/Bang-Leader-110000-Puffs-110K-6-in-1-Flavors-Vape-Pen.webp",800,800,false],"trp-custom-language-flag":["https:\/\/vapestornado.com\/wp-content\/uploads\/2025\/09\/Bang-Leader-110000-Puffs-110K-6-in-1-Flavors-Vape-Pen-12x12.webp",12,12,true],"woocommerce_thumbnail":["https:\/\/vapestornado.com\/wp-content\/uploads\/2025\/09\/Bang-Leader-110000-Puffs-110K-6-in-1-Flavors-Vape-Pen-300x300.webp",300,300,true],"woocommerce_single":["https:\/\/vapestornado.com\/wp-content\/uploads\/2025\/09\/Bang-Leader-110000-Puffs-110K-6-in-1-Flavors-Vape-Pen-600x600.webp",600,600,true],"woocommerce_gallery_thumbnail":["https:\/\/vapestornado.com\/wp-content\/uploads\/2025\/09\/Bang-Leader-110000-Puffs-110K-6-in-1-Flavors-Vape-Pen-100x100.webp",100,100,true]},"uagb_author_info":{"display_name":"ESAMY","author_link":"https:\/\/vapestornado.com\/lv\/author\/"},"uagb_comment_info":0,"uagb_excerpt":"Bang Leader 110K Disposable Vape Pen delivers a massive 110,000 puffs with a 6-in-1 flavor system, giving users long-lasting variety in every device. Equipped with a 650mAh Type-C rechargeable battery, digital display, and 2% or 5% nicotin options, it\u2019s designed for smooth taste, reliable performance, and maximum value. Perfect for wholesale buyers looking for a&hellip;","_links":{"self":[{"href":"https:\/\/vapestornado.com\/lv\/wp-json\/wp\/v2\/product\/4339","targetHints":{"allow":["GET"]}}],"collection":[{"href":"https:\/\/vapestornado.com\/lv\/wp-json\/wp\/v2\/product"}],"about":[{"href":"https:\/\/vapestornado.com\/lv\/wp-json\/wp\/v2\/types\/product"}],"replies":[{"embeddable":true,"href":"https:\/\/vapestornado.com\/lv\/wp-json\/wp\/v2\/comments?post=4339"}],"wp:featuredmedia":[{"embeddable":true,"href":"https:\/\/vapestornado.com\/lv\/wp-json\/wp\/v2\/media\/4338"}],"wp:attachment":[{"href":"https:\/\/vapestornado.com\/lv\/wp-json\/wp\/v2\/media?parent=4339"}],"wp:term":[{"taxonomy":"product_brand","embeddable":true,"href":"https:\/\/vapestornado.com\/lv\/wp-json\/wp\/v2\/product_brand?post=4339"},{"taxonomy":"product_cat","embeddable":true,"href":"https:\/\/vapestornado.com\/lv\/wp-json\/wp\/v2\/product_cat?post=4339"},{"taxonomy":"product_tag","embeddable":true,"href":"https:\/\/vapestornado.com\/lv\/wp-json\/wp\/v2\/product_tag?post=4339"}],"curies":[{"name":"wp","href":"https:\/\/api.w.org\/{rel}","templated":true}]}}