{"id":4319,"date":"2025-08-29T08:39:13","date_gmt":"2025-08-29T08:39:13","guid":{"rendered":"https:\/\/vapestornado.com\/?post_type=product&#038;p=4319"},"modified":"2025-08-29T09:18:04","modified_gmt":"2025-08-29T09:18:04","slug":"buy-authentic-waspe-100000-puffs-low-nicotine-disposable-vape-pen-at-wholesale-price","status":"publish","type":"product","link":"https:\/\/vapestornado.com\/lv\/product\/buy-authentic-waspe-100000-puffs-low-nicotine-disposable-vape-pen-at-wholesale-price\/","title":{"rendered":"Ieg\u0101d\u0101jieties autentisku WASPE 100000 dvesienu zema nikot\u012bna vienreiz\u0113j\u0101s lieto\u0161anas vape pildspalvu par vairumtirdzniec\u012bbas cenu"},"content":{"rendered":"<h2 data-pm-slice=\"1 1 []\">Ieg\u0101d\u0101jieties autentisku WASPE 100000 dvesienu zema nikot\u012bna vienreiz\u0113j\u0101s lieto\u0161anas vape pildspalvu par vairumtirdzniec\u012bbas cenu<\/h2>\n<p data-start=\"375\" data-end=\"654\">T\u0101 <strong data-start=\"379\" data-end=\"421\">WASPE 100000 Puffs vienreiz\u0113j\u0101s lieto\u0161anas vape pildspalva<\/strong> ir paredz\u0113ta tiem, kas pieprasa lielu veiktsp\u0113ju kompakt\u0101 dizain\u0101. Ar neticamu <strong data-start=\"508\" data-end=\"530\">100K uzp\u016btes ietilp\u012bbu<\/strong> un <strong data-start=\"537\" data-end=\"559\">56 ml e-\u0161\u0137idruma tvertni<\/strong>, tas nodro\u0161ina nep\u0101rsp\u0113jamu v\u0113rt\u012bbu gan person\u012bgai lieto\u0161anai, gan vairumtirdzniec\u012bbai vis\u0101 Eirop\u0101.<\/p>\n<p data-start=\"656\" data-end=\"909\">Izstr\u0101d\u0101ts ar <strong data-start=\"672\" data-end=\"698\">\u010detrk\u0101r\u0161\u0101m sieta spol\u0113m (1,0 \u03a9)<\/strong>, katrs vilkums ir gluds, drosm\u012bgs un konsekvents. The <strong data-start=\"748\" data-end=\"782\">4-in-1 main\u0101ma gar\u0161as sist\u0113ma<\/strong> nodro\u0161ina j\u016bsu tvaic\u0113\u0161anu svaigu un aizraujo\u0161u, lieliski piem\u0113rots jaun\u0101kiem tvaic\u0113t\u0101jiem, kuri v\u0113las da\u017e\u0101d\u012bbu, nen\u0113s\u0101jot vair\u0101kas ier\u012bces.<\/p>\n<p data-start=\"911\" data-end=\"1248\">T\u0101 <strong data-start=\"915\" data-end=\"953\">650 mAh uzl\u0101d\u0113jams C tipa akumulators<\/strong> nodro\u0161ina ilgsto\u0161as sesijas, savuk\u0101rt <strong data-start=\"995\" data-end=\"1010\">LED displejs<\/strong> sniedz t\u016bl\u012bt\u0113jus atjaunin\u0101jumus par akumulatora un sulas l\u012bmeni, nov\u0113r\u0161ot min\u0113jumus un pievienojot piln\u012bgu kontroli. Pieejams <strong data-start=\"1118\" data-end=\"1149\">2% un 5% nikot\u012bna stiprum\u0101<\/strong>, tad <strong data-start=\"1155\" data-end=\"1189\">WASPE 100K vienreiz\u0113j\u0101s lieto\u0161anas vape pildspalva<\/strong> pan\u0101k pareizu l\u012bdzsvaru starp jaudu un \u0113rt\u012bb\u0101m.<\/p>\n<p><strong><span style=\"color: #ff0000;\">Pievienojiet Eimijas whatsapp, lai sa\u0146emtu pareizu atbildi un iztvaic\u0113t\u0101ja kuponu!<\/span><\/strong><\/p>\n<p><img fetchpriority=\"high\" decoding=\"async\" class=\"size-full wp-image-2932\" src=\"https:\/\/vapestornado.com\/wp-content\/uploads\/2024\/12\/Vape-Wholesale.jpg\" alt=\"Veipu Vairumtirdzniec\u012bba\" width=\"229\" height=\"300\" \/><\/p>\n<h3><a href=\"https:\/\/wa.me\/8617776015835\" target=\"_blank\" rel=\"noopener\"><span style=\"color: #ff0000;\"><strong>WhatsApp: +86 17776015835<\/strong><\/span><\/a><\/h3>\n<p>&nbsp;<\/p>\n<h2><strong>WASPE 100000 Puffs produkta \u012bpa\u0161\u012bbas<\/strong><\/h2>\n<p><strong data-start=\"1252\" data-end=\"1280\">100 000 uzp\u016btes vien\u0101 ier\u012bc\u0113<\/strong><br data-start=\"1280\" data-end=\"1283\" \/><strong data-start=\"1285\" data-end=\"1316\">4-in-1 gar\u0161as p\u0101rsl\u0113g\u0161anas sist\u0113ma<\/strong><br data-start=\"1316\" data-end=\"1319\" \/><strong data-start=\"1321\" data-end=\"1354\">\u010cetrk\u0101r\u0161a sieta spole bag\u0101t\u012bgai tvaikam<\/strong><br data-start=\"1354\" data-end=\"1357\" \/><strong data-start=\"1359\" data-end=\"1403\">56 ml e-\u0161\u0137idruma ietilp\u012bba | 2% \/ 5% nikot\u012bns<\/strong><br data-start=\"1403\" data-end=\"1406\" \/><strong data-start=\"1408\" data-end=\"1446\">650 mAh Type-C uzl\u0101d\u0113jams akumulators<\/strong><br data-start=\"1446\" data-end=\"1449\" \/><strong data-start=\"1451\" data-end=\"1495\">LED ekr\u0101ns akumulatoram<\/strong><\/p>\n<h2 class=\"product-title\"><strong>WASPE 100000 uzp\u016btienu gar\u0161u saraksts<\/strong><\/h2>\n<p>1. Arb\u016bzu ledus<br \/>\n2. Zeme\u0146u arb\u016bzs<br \/>\n3. Red Bull ledus<br \/>\n4. Zeme\u0146u ave\u0146u \u0137irsis<br \/>\n5. Zeme\u0146u ban\u0101ns<br \/>\n6. Melle\u0146u ledus<br \/>\n7. \u0136ir\u0161u kolas ledus<br \/>\nArb\u016bzu ko\u0161\u013c\u0101jam\u0101 gumija<br \/>\n8. Sul\u012bgs persiku ledus<br \/>\n9. V\u012bnogu ledus<br \/>\n10. Jaukti ogas<br \/>\n11. Zeme\u0146u Red Bull<br \/>\n\u0136ir\u0161u Kolas Ledus<br \/>\n12. Melle\u0146u avenes<\/p>\n<figure id=\"attachment_4314\" aria-describedby=\"caption-attachment-4314\" style=\"width: 300px\" class=\"wp-caption alignnone\"><img decoding=\"async\" class=\"size-medium wp-image-4314\" src=\"https:\/\/vapestornado.com\/wp-content\/uploads\/2025\/08\/WASPE-100000-Puff-100k-Online-Vape-Shop-300x300.webp\" alt=\"WASPE 100000 Puff 100k tie\u0161saistes vape veikals\" width=\"300\" height=\"300\" srcset=\"https:\/\/vapestornado.com\/wp-content\/uploads\/2025\/08\/WASPE-100000-Puff-100k-Online-Vape-Shop-300x300.webp 300w, https:\/\/vapestornado.com\/wp-content\/uploads\/2025\/08\/WASPE-100000-Puff-100k-Online-Vape-Shop-150x150.webp 150w, https:\/\/vapestornado.com\/wp-content\/uploads\/2025\/08\/WASPE-100000-Puff-100k-Online-Vape-Shop-768x768.webp 768w, https:\/\/vapestornado.com\/wp-content\/uploads\/2025\/08\/WASPE-100000-Puff-100k-Online-Vape-Shop-12x12.webp 12w, https:\/\/vapestornado.com\/wp-content\/uploads\/2025\/08\/WASPE-100000-Puff-100k-Online-Vape-Shop-600x600.webp 600w, https:\/\/vapestornado.com\/wp-content\/uploads\/2025\/08\/WASPE-100000-Puff-100k-Online-Vape-Shop-100x100.webp 100w, https:\/\/vapestornado.com\/wp-content\/uploads\/2025\/08\/WASPE-100000-Puff-100k-Online-Vape-Shop.webp 800w\" sizes=\"(max-width: 300px) 100vw, 300px\" \/><figcaption id=\"caption-attachment-4314\" class=\"wp-caption-text\">WASPE 100000 Puff 100k tie\u0161saistes vape veikals<\/figcaption><\/figure>\n<div class=\"flex-shrink-0 flex flex-col relative items-end\">\n<div class=\"pt-0\">\n<div class=\"gizmo-bot-avatar flex h-8 w-8 items-center justify-center overflow-hidden rounded-full\">\n<div class=\"relative p-1 rounded-sm flex items-center justify-center bg-token-main-surface-primary text-token-text-primary h-8 w-8\">\n<h2 data-start=\"435\" data-end=\"491\"><strong data-start=\"439\" data-end=\"489\">K\u0101p\u0113c izv\u0113l\u0113ties WASPE 100K vienreiz\u0113j\u0101s lieto\u0161anas vape pildspalvu?<\/strong><\/h2>\n<p data-start=\"492\" data-end=\"586\">Izceliet 100 000 uzp\u016btienu ietilp\u012bbu, ilgsto\u0161u dizainu un jaunie\u0161u tirgus pievilc\u012bbu Latvij\u0101.<\/p>\n<h3 data-start=\"588\" data-end=\"639\"><strong data-start=\"592\" data-end=\"637\">4-in-1 gar\u0161as sist\u0113ma nep\u0101rtrauktai da\u017e\u0101d\u012bbai<\/strong><\/h3>\n<p data-start=\"640\" data-end=\"708\">Paskaidrojiet main\u0101m\u0101s gar\u0161as, kas liek vienai ier\u012bcei justies k\u0101 \u010detr\u0101m.<\/p>\n<h3 data-start=\"710\" data-end=\"757\"><strong data-start=\"714\" data-end=\"755\">Liela ietilp\u012bba ar Premium in\u017eenieriju<\/strong><\/h3>\n<p data-start=\"758\" data-end=\"835\">Uzsveriet 56 ml e-\u0161\u0137idrumu, \u010detras sieta spoles (1,0 \u03a9) un konsekventu, izteiksm\u012bgu gar\u0161u.<\/p>\n<h3 data-start=\"837\" data-end=\"888\"><strong data-start=\"841\" data-end=\"886\">Vied\u0101 jauda, kas paredz\u0113ta Eiropas tirgum<\/strong><\/h3>\n<p data-start=\"889\" data-end=\"987\">Par\u0101diet 650 mAh Type-C uzl\u0101d\u0113jamu akumulatoru un LED displeju akumulatoram<\/p>\n<h3 data-start=\"989\" data-end=\"1035\"><strong data-start=\"993\" data-end=\"1033\">Ide\u0101ls nikot\u012bna stipruma l\u012bdzsvars<\/strong><\/h3>\n<p data-start=\"1036\" data-end=\"1112\">Pied\u0101v\u0101jiet inform\u0101ciju par 2% un 5% nikot\u012bna opcij\u0101m, lai t\u0101s atbilstu da\u017e\u0101d\u0101m v\u0113lm\u0113m.<\/p>\n<h3 data-start=\"1114\" data-end=\"1171\"><strong data-start=\"1118\" data-end=\"1169\">WASPE 100000 uzp\u016btienu \u2013 izveidots vairumtirdzniec\u012bbas piepras\u012bjumam<\/strong><\/h3>\n<p data-start=\"1172\" data-end=\"1260\">Pastipriniet sp\u0113c\u012bgo v\u0113rt\u012bbu, uzticam\u012bbu un pievilc\u012bbu izplat\u012bt\u0101jiem visos ES tirgos.<\/p>\n<\/div>\n<h3><\/h3>\n<div class=\"relative p-1 rounded-sm flex items-center justify-center bg-token-main-surface-primary text-token-text-primary h-8 w-8\">\n<h2>BUJ par WASPE 100000 uzp\u016btienu vienreiz\u0113j\u0101s lieto\u0161anas e-cigareti<\/h2>\n<\/div>\n<\/div>\n<\/div>\n<\/div>\n<div class=\"flex-shrink-0 flex flex-col relative items-end\">\n<div class=\"pt-0\">\n<div class=\"gizmo-bot-avatar flex h-8 w-8 items-center justify-center overflow-hidden rounded-full\">\n<div class=\"relative p-1 rounded-sm flex items-center justify-center bg-token-main-surface-primary text-token-text-primary h-8 w-8\">\n<div class=\"mb-2 flex gap-3 empty:hidden -ml-2\">\n<p data-start=\"308\" data-end=\"562\"><strong data-start=\"308\" data-end=\"364\">1. Cik ilgi kalpo viena WASPE 100000 Puffs ier\u012bce?<\/strong><br data-start=\"364\" data-end=\"367\" \/>WASPE 100K pied\u0101v\u0101 l\u012bdz pat <strong data-start=\"395\" data-end=\"412\">100 000 uzp\u016btieniem<\/strong>, kas parasti ilgst vair\u0101kas ned\u0113\u013cas atkar\u012bb\u0101 no lieto\u0161anas bie\u017euma. Vairumtirgot\u0101ji bie\u017ei uzsver t\u0101 pagarin\u0101to kalpo\u0161anas laiku k\u0101 galveno p\u0101rdo\u0161anas argumentu.<\/p>\n<p data-start=\"564\" data-end=\"753\"><strong data-start=\"564\" data-end=\"614\">2. Vai es varu uzl\u0101d\u0113t WASPE 100000 Puffs vape?<\/strong><br data-start=\"614\" data-end=\"617\" \/>J\u0101. Tam ir <strong data-start=\"638\" data-end=\"676\">650 mAh Type-C uzl\u0101d\u0113jams akumulators<\/strong>uzl\u0101d\u0113jams dizains<\/p>\n<p data-start=\"755\" data-end=\"1019\"><strong data-start=\"755\" data-end=\"830\">, nodro\u0161inot, ka j\u016bs piln\u012bb\u0101 izmantojat 56 ml e-\u0161\u0137idrumu bez p\u0101rtraukumiem.<\/strong><br data-start=\"830\" data-end=\"833\" \/>3. Ar ko WASPE 100K at\u0161\u0137iras no citiem vienreiz\u0113j\u0101s lieto\u0161anas vape pildspalv\u0101m? <strong data-start=\"894\" data-end=\"964\">At\u0161\u0137ir\u012bb\u0101 no standarta vienreiz\u0113j\u0101s lieto\u0161anas ier\u012bc\u0113m, WASPE 100000 Puffs apvieno<\/strong>4-in-1 main\u0101mas gar\u0161as, \u010detrk\u0101r\u0161as sieta spoles un viedu LED displeju<\/p>\n<p data-start=\"1021\" data-end=\"1198\"><strong data-start=\"1021\" data-end=\"1081\">, padarot to gan daudzpus\u012bgu, gan iztur\u012bgu ikdienas lieto\u0161anai.<\/strong><br data-start=\"1081\" data-end=\"1084\" \/>4. Vai WASPE 100K ir pieejams ar zemu nikot\u012bna stiprumu? <strong data-start=\"1105\" data-end=\"1133\">2% un 5% nikot\u012bna l\u012bme\u0146i<\/strong>J\u0101. Tas tiek pied\u0101v\u0101ts<\/p>\n<p data-start=\"1200\" data-end=\"1487\"><strong data-start=\"1200\" data-end=\"1278\">0%, 2%, 3% un 5% nikot\u012bna stiprum\u0101<\/strong><br data-start=\"1278\" data-end=\"1281\" \/>T\u0101 kombin\u0101cija no <strong data-start=\"1300\" data-end=\"1386\">, apmierinot da\u017e\u0101das v\u0113lmes Eiropas tirg\u016b.<\/strong> 5. K\u0101p\u0113c WASPE 100000 Puffs ir popul\u0101rs vairumtirgot\u0101ju vid\u016b ES?<\/p>\n<\/div>\n<h2 data-start=\"1200\" data-end=\"1487\">100K uzp\u016btienu ietilp\u012bba, uzl\u0101d\u0113jams dizains, vair\u0101kas gar\u0161as un augst\u0101k\u0101s kvalit\u0101tes spoles sist\u0113ma<\/h2>\n<p data-start=\"1200\" data-end=\"1487\"><strong data-start=\"213\" data-end=\"248\">nodro\u0161ina lielisku v\u0113rt\u012bbu, padarot to par uzticamu izv\u0113li mazumtirgot\u0101jiem, kas m\u0113r\u0137\u0113 uz 25\u201335 gadu vecuma grupu.<\/strong> Vapes Tornado \u2013 j\u016bsu vairumtirdzniec\u012bbas centrs Eiropas popul\u0101r\u0101kajiem vape z\u012bmoliem <strong data-start=\"403\" data-end=\"431\">popul\u0101r\u0101kie vape z\u012bmoli<\/strong>, ieskaitot <strong data-start=\"443\" data-end=\"502\"><a href=\"https:\/\/vapestornado.com\/lv\/product-category\/aivono-vape\/\">AIVONO Fatpro 22000 dvesienu Shisha Hookah digit\u0101l\u0101 ekr\u0101na vairumtirdzniec\u012bba<\/a>BANGBOX VAPE <a href=\"https:\/\/vapestornado.com\/lv\/product-category\/elf-bar-vape\/\">ELF BAR Vape<\/a>, un <a href=\"https:\/\/vapestornado.com\/lv\/product-category\/fumot-vape\/\">FUMOT Elektronisk\u0101 sm\u0113\u0137\u0113\u0161ana<\/a><\/strong>. M\u016bsu veikals ir izveidots, lai apkalpotu gan individu\u0101los klientus, gan vairumtirdzniec\u012bbas pirc\u0113jus, nodro\u0161inot uzticamus produktus, kas apvieno sp\u0113c\u012bgu veiktsp\u0113ju, stil\u012bgu dizainu un konkur\u0113tsp\u0113j\u012bgas cenas.<\/p>\n<\/div>\n<\/div>\n<\/div>\n<\/div>","protected":false},"excerpt":{"rendered":"<p>WASPE 100K \u2013 100 000 uzvilkumi, 4 gar\u0161as, viens jaud\u012bgs vienreiz\u0113j\u0101s lieto\u0161anas vape pildspalva.<\/p>\n<p>Mainiet gar\u0161as, saglab\u0101jiet jaudu \u2013 WASPE 100000 uzvilkumi ar Type-C uzl\u0101di.<\/p>\n<p>Vienreiz\u0113j\u0101s lieto\u0161anas vape pildspalva, kas ra\u017eota Eiropai \u2013 WASPE 100K, lieli m\u0101ko\u0146i, liel\u0101ka v\u0113rt\u012bba.<\/p>\n<p><strong>Pievienojiet Eimijas WhatsApp, lai sa\u0146emtu prec\u012bzu atbildi un atlaidi!<\/strong><\/p>\n<p><img fetchpriority=\"high\" decoding=\"async\" class=\"size-full wp-image-2932\" src=\"https:\/\/vapestornado.com\/wp-content\/uploads\/2024\/12\/Vape-Wholesale.jpg\" alt=\"Veipu Vairumtirdzniec\u012bba\" width=\"229\" height=\"300\" \/><\/p>\n<h3><a href=\"https:\/\/wa.me\/8617776015835\"><span style=\"color: #ff0000;\"><strong>WhatsApp: +86 17776015835<\/strong><\/span><\/a><\/h3>\n<p>&nbsp;<\/p>","protected":false},"featured_media":4318,"comment_status":"open","ping_status":"closed","template":"","meta":{"_acf_changed":false,"_uag_custom_page_level_css":"","_lmt_disableupdate":"no","_lmt_disable":"","_monsterinsights_skip_tracking":false,"_monsterinsights_sitenote_active":false,"_monsterinsights_sitenote_note":"","_monsterinsights_sitenote_category":0,"site-sidebar-layout":"default","site-content-layout":"","ast-site-content-layout":"default","site-content-style":"default","site-sidebar-style":"default","ast-global-header-display":"","ast-banner-title-visibility":"","ast-main-header-display":"","ast-hfb-above-header-display":"","ast-hfb-below-header-display":"","ast-hfb-mobile-header-display":"","site-post-title":"","ast-breadcrumbs-content":"","ast-featured-img":"","footer-sml-layout":"","ast-disable-related-posts":"","theme-transparent-header-meta":"default","adv-header-id-meta":"","stick-header-meta":"","header-above-stick-meta":"","header-main-stick-meta":"","header-below-stick-meta":"","astra-migrate-meta-layouts":"set","ast-page-background-enabled":"default","ast-page-background-meta":{"desktop":{"background-color":"","background-image":"","background-repeat":"repeat","background-position":"center center","background-size":"auto","background-attachment":"scroll","background-type":"","background-media":"","overlay-type":"","overlay-color":"","overlay-opacity":"","overlay-gradient":""},"tablet":{"background-color":"","background-image":"","background-repeat":"repeat","background-position":"center center","background-size":"auto","background-attachment":"scroll","background-type":"","background-media":"","overlay-type":"","overlay-color":"","overlay-opacity":"","overlay-gradient":""},"mobile":{"background-color":"","background-image":"","background-repeat":"repeat","background-position":"center center","background-size":"auto","background-attachment":"scroll","background-type":"","background-media":"","overlay-type":"","overlay-color":"","overlay-opacity":"","overlay-gradient":""}},"ast-content-background-meta":{"desktop":{"background-color":"var(--ast-global-color-5)","background-image":"","background-repeat":"repeat","background-position":"center center","background-size":"auto","background-attachment":"scroll","background-type":"","background-media":"","overlay-type":"","overlay-color":"","overlay-opacity":"","overlay-gradient":""},"tablet":{"background-color":"var(--ast-global-color-5)","background-image":"","background-repeat":"repeat","background-position":"center center","background-size":"auto","background-attachment":"scroll","background-type":"","background-media":"","overlay-type":"","overlay-color":"","overlay-opacity":"","overlay-gradient":""},"mobile":{"background-color":"var(--ast-global-color-5)","background-image":"","background-repeat":"repeat","background-position":"center center","background-size":"auto","background-attachment":"scroll","background-type":"","background-media":"","overlay-type":"","overlay-color":"","overlay-opacity":"","overlay-gradient":""}},"_joinchat":{"telephone":"17776015835"}},"product_brand":[],"product_cat":[346,150,151,152,156,158,142,146,171,60],"product_tag":[350,348,349,163],"class_list":{"0":"post-4319","1":"product","2":"type-product","3":"status-publish","4":"has-post-thumbnail","6":"product_cat-100000-puff","7":"product_cat-buy-disposable-vapes-in-belgium","8":"product_cat-buy-disposable-vapes-in-france","9":"product_cat-buy-disposable-vapes-in-cermany","10":"product_cat-buy-disposable-vapes-in-poland","11":"product_cat-buy-disposable-vapes-in-spain","12":"product_cat-digital-box-disposable-vapes","13":"product_cat-rechargeable-disposable-vapes","14":"product_cat-vapsolo-disposable-vapes","15":"product_cat-waspe-fihp-vape","16":"product_tag-four-flavor-disposable-vape","17":"product_tag-waspe-100000-puffs","18":"product_tag-waspe-100k-4-in-1","19":"product_tag-waspe-vape","20":"desktop-align-left","21":"tablet-align-left","22":"mobile-align-left","24":"first","25":"instock","26":"sale","27":"shipping-taxable","28":"purchasable","29":"product-type-simple"},"acf":[],"uagb_featured_image_src":{"full":["https:\/\/vapestornado.com\/wp-content\/uploads\/2025\/08\/WASPE-100000-Puffs-4-Flavors-No-Nicotine-Vape.webp",800,800,false],"thumbnail":["https:\/\/vapestornado.com\/wp-content\/uploads\/2025\/08\/WASPE-100000-Puffs-4-Flavors-No-Nicotine-Vape-150x150.webp",150,150,true],"medium":["https:\/\/vapestornado.com\/wp-content\/uploads\/2025\/08\/WASPE-100000-Puffs-4-Flavors-No-Nicotine-Vape-300x300.webp",300,300,true],"medium_large":["https:\/\/vapestornado.com\/wp-content\/uploads\/2025\/08\/WASPE-100000-Puffs-4-Flavors-No-Nicotine-Vape-768x768.webp",768,768,true],"large":["https:\/\/vapestornado.com\/wp-content\/uploads\/2025\/08\/WASPE-100000-Puffs-4-Flavors-No-Nicotine-Vape.webp",800,800,false],"1536x1536":["https:\/\/vapestornado.com\/wp-content\/uploads\/2025\/08\/WASPE-100000-Puffs-4-Flavors-No-Nicotine-Vape.webp",800,800,false],"2048x2048":["https:\/\/vapestornado.com\/wp-content\/uploads\/2025\/08\/WASPE-100000-Puffs-4-Flavors-No-Nicotine-Vape.webp",800,800,false],"trp-custom-language-flag":["https:\/\/vapestornado.com\/wp-content\/uploads\/2025\/08\/WASPE-100000-Puffs-4-Flavors-No-Nicotine-Vape-12x12.webp",12,12,true],"woocommerce_thumbnail":["https:\/\/vapestornado.com\/wp-content\/uploads\/2025\/08\/WASPE-100000-Puffs-4-Flavors-No-Nicotine-Vape-300x300.webp",300,300,true],"woocommerce_single":["https:\/\/vapestornado.com\/wp-content\/uploads\/2025\/08\/WASPE-100000-Puffs-4-Flavors-No-Nicotine-Vape-600x600.webp",600,600,true],"woocommerce_gallery_thumbnail":["https:\/\/vapestornado.com\/wp-content\/uploads\/2025\/08\/WASPE-100000-Puffs-4-Flavors-No-Nicotine-Vape-100x100.webp",100,100,true]},"uagb_author_info":{"display_name":"ESAMY","author_link":"https:\/\/vapestornado.com\/lv\/author\/"},"uagb_comment_info":2,"uagb_excerpt":"WASPE 100K \u2013 100,000 Puffs, 4 Flavors, One Powerful Disposable Vape Pen. Switch Flavors, Stay Powered \u2013 WASPE 100000 Puffs with Type-C Recharge. The Disposable Vape Pen Built for Europe \u2013 WASPE 100K, Big Clouds, Bigger Value. Add Amy's whatsapp to get right reply and discount price! WhatsApp: +86 17776015835 &nbsp;","_links":{"self":[{"href":"https:\/\/vapestornado.com\/lv\/wp-json\/wp\/v2\/product\/4319","targetHints":{"allow":["GET"]}}],"collection":[{"href":"https:\/\/vapestornado.com\/lv\/wp-json\/wp\/v2\/product"}],"about":[{"href":"https:\/\/vapestornado.com\/lv\/wp-json\/wp\/v2\/types\/product"}],"replies":[{"embeddable":true,"href":"https:\/\/vapestornado.com\/lv\/wp-json\/wp\/v2\/comments?post=4319"}],"wp:featuredmedia":[{"embeddable":true,"href":"https:\/\/vapestornado.com\/lv\/wp-json\/wp\/v2\/media\/4318"}],"wp:attachment":[{"href":"https:\/\/vapestornado.com\/lv\/wp-json\/wp\/v2\/media?parent=4319"}],"wp:term":[{"taxonomy":"product_brand","embeddable":true,"href":"https:\/\/vapestornado.com\/lv\/wp-json\/wp\/v2\/product_brand?post=4319"},{"taxonomy":"product_cat","embeddable":true,"href":"https:\/\/vapestornado.com\/lv\/wp-json\/wp\/v2\/product_cat?post=4319"},{"taxonomy":"product_tag","embeddable":true,"href":"https:\/\/vapestornado.com\/lv\/wp-json\/wp\/v2\/product_tag?post=4319"}],"curies":[{"name":"wp","href":"https:\/\/api.w.org\/{rel}","templated":true}]}}