{"id":4312,"date":"2025-08-28T08:42:28","date_gmt":"2025-08-28T08:42:28","guid":{"rendered":"https:\/\/vapestornado.com\/?post_type=product&#038;p=4312"},"modified":"2025-08-28T09:33:49","modified_gmt":"2025-08-28T09:33:49","slug":"original-wga-ultra-35k-35000-puff-rechargeable-crystal-disposable-nicotine-vape-best-discount-price","status":"publish","type":"product","link":"https:\/\/vapestornado.com\/lv\/product\/original-wga-ultra-35k-35000-puff-rechargeable-crystal-disposable-nicotine-vape-best-discount-price\/","title":{"rendered":"Ori\u0123in\u0101lais WGA ULTRA 35k 35000 uzp\u016btienu uzl\u0101d\u0113jams krist\u0101la vienreiz\u0113j\u0101s lieto\u0161anas nikot\u012bna vape lab\u0101k\u0101 atlai\u017eu cena"},"content":{"rendered":"<h1 data-pm-slice=\"1 1 []\">Ori\u0123in\u0101lais WGA ULTRA 35k 35000 uzp\u016btienu uzl\u0101d\u0113jams krist\u0101la vienreiz\u0113j\u0101s lieto\u0161anas nikot\u012bna vape lab\u0101k\u0101 atlai\u017eu cena<\/h1>\n<p data-start=\"361\" data-end=\"697\">T\u0101 <strong data-start=\"425\" data-end=\"466\">WGA Ultra 35k Vienreiz\u0113j\u0101s lieto\u0161anas vape<\/strong> nosaka jaunu standartu ilgsto\u0161ai veiktsp\u0113jai un vienm\u0113r\u012bgai gar\u0161ai iztvaic\u0113\u0161anas nozar\u0113. \u0160is sp\u0113kstacija nodro\u0161ina l\u012bdz pat <strong data-start=\"519\" data-end=\"535\">35 000 dvesieniem<\/strong>, padarot to par vienu no iztur\u012bg\u0101kajiem vienreiz\u0113j\u0101s lieto\u0161anas vape sav\u0101 kategorij\u0101. T\u0101 lieliski izm\u0113ri ir 108*48*23,6 mm, un tas apvieno stilu un praktiskumu ikdienas lieto\u0161anai.<\/p>\n<h3 data-start=\"699\" data-end=\"741\">35 000 uzp\u016btienu, ko nodro\u0161ina 35 ml e-\u0161\u0137idrums<\/h3>\n<p data-start=\"742\" data-end=\"1051\">At\u0161\u0137ir\u012bb\u0101 no maz\u0101kiem vienreiz\u0113j\u0101s lieto\u0161anas izstr\u0101d\u0101jumiem, WGA 35k Vienreiz\u0113j\u0101s lieto\u0161anas vape ir ar d\u0101snu <strong data-start=\"817\" data-end=\"847\">35 ml iepriek\u0161 uzpild\u012bta e-\u0161\u0137idruma<\/strong>, nodro\u0161inot, ka katra sesija ir pilna ar gar\u0161u. Neatkar\u012bgi no t\u0101, vai v\u0113laties sp\u0113c\u012bgu nikot\u012bna triecienu vai vienm\u0113r\u012bg\u0101ku vilkmi, tas ir pieejams <strong data-start=\"969\" data-end=\"998\">2% un 5% nikot\u012bna opcij\u0101s<\/strong>, \u013caujot jums izv\u0113l\u0113ties to, kas atbilst j\u016bsu dz\u012bvesveidam.<\/p>\n<h3 data-start=\"1053\" data-end=\"1089\">Uzl\u0101d\u0113jams baro\u0161anas avots ar C tipa savienot\u0101ju<\/h3>\n<p data-start=\"1090\" data-end=\"1396\">\u0160aj\u0101 kompaktaj\u0101 dizain\u0101 ir <strong data-start=\"1122\" data-end=\"1153\">550 mAh uzl\u0101d\u0113jams akumulators<\/strong> ko atbalsta <strong data-start=\"1167\" data-end=\"1186\">C tipa uzl\u0101de<\/strong>, nodro\u0161inot \u0101tru uzl\u0101di ar minim\u0101lu d\u012bkst\u0101vi. At\u0161\u0137ir\u012bb\u0101 no tipiskiem vienreiz\u0113j\u0101s lieto\u0161anas izstr\u0101d\u0101jumiem, kas beidzas, kad akumulators izl\u0101d\u0113jas, \u0161\u012b ier\u012bce sniedz jums lab\u0101ko no ab\u0101m pasaul\u0113m: vienreiz\u0113j\u0101s lieto\u0161anas \u0113rt\u012bbas ar uzl\u0101d\u0113jamu efektivit\u0101ti.<\/p>\n<h3 data-start=\"1398\" data-end=\"1425\">Viedais digit\u0101lais displejs<\/h3>\n<p data-start=\"1426\" data-end=\"1715\">Vairs nav j\u0101min. The <strong data-start=\"1448\" data-end=\"1467\">digit\u0101lais displejs<\/strong> skaidri par\u0101da j\u016bsu <strong data-start=\"1487\" data-end=\"1529\">akumulatora procentu\u0101lo daudzumu un e-\u0161\u0137idruma l\u012bmeni<\/strong>, lai j\u016bs vienm\u0113r kontrol\u0113tu situ\u0101ciju. Tas padara WGA Ultra 35k \u012bpa\u0161i pievilc\u012bgu v\u012brie\u0161iem, kuri v\u0113las uzticamu, vienk\u0101r\u0161u ier\u012bci bez nezi\u0146as.<\/p>\n<h3 data-start=\"1717\" data-end=\"1756\">Dubult\u0101 sieta spole maksim\u0101lai gar\u0161ai<\/h3>\n<p data-start=\"1757\" data-end=\"1990\">Ieb\u016bv\u0113tais <strong data-start=\"1770\" data-end=\"1788\">dubult\u0101 sieta spole<\/strong> uzlabo katru dvesmu, radot biezus tvaiku m\u0101ko\u0146us un sp\u0113c\u012bgu, notur\u012bgu gar\u0161u. Neatkar\u012bgi no t\u0101, vai j\u016bs baud\u0101t aug\u013cu mais\u012bjumus vai ledainus klasiskos arom\u0101tus, spole nodro\u0161ina vienm\u0113r\u012bgu darb\u012bbu bez skarbiem vai piedegu\u0161iem tr\u0101p\u012bjumiem.<\/p>\n<h3 data-start=\"1992\" data-end=\"2019\">30 gar\u0161as, ko izp\u0113t\u012bt<\/h3>\n<p data-start=\"2020\" data-end=\"2342\">Ar <strong data-start=\"2025\" data-end=\"2048\">30 aizraujo\u0161as gar\u0161as<\/strong>, WGA Crystal Ultra 35k ir kaut kas katrai gaumei. Popul\u0101r\u0101kie izv\u0113les varianti ir <strong data-start=\"2130\" data-end=\"2206\">Melle\u0146u ave\u0146u, Kolas ledus, Red Bull, Mojito, Kaktusa ledus, Persiku sk\u016bpsts,<\/strong> un <strong data-start=\"2211\" data-end=\"2231\">P\u016b\u0137a aug\u013cu ledus<\/strong>. No atsvaidzino\u0161as piparm\u0113tras l\u012bdz izteiksm\u012bgiem sodas mais\u012bjumiem, \u0161is tvaic\u0113t\u0101js ir paredz\u0113ts, lai apmierin\u0101tu pla\u0161u Latvijas gaumi.<\/p>\n<p><strong><span style=\"color: #ff0000;\">Pievienojiet Eimijas whatsapp, lai sa\u0146emtu pareizu atbildi un iztvaic\u0113t\u0101ja kuponu!<\/span><\/strong><\/p>\n<p><img fetchpriority=\"high\" decoding=\"async\" class=\"size-full wp-image-2932\" src=\"https:\/\/vapestornado.com\/wp-content\/uploads\/2024\/12\/Vape-Wholesale.jpg\" alt=\"Veipu Vairumtirdzniec\u012bba\" width=\"229\" height=\"300\" \/><\/p>\n<h3><a href=\"https:\/\/wa.me\/8617776015835\" target=\"_blank\" rel=\"noopener\"><span style=\"color: #ff0000;\"><strong>WhatsApp: +86 17776015835<\/strong><\/span><\/a><\/h3>\n<p>&nbsp;<\/p>\n<h2><strong>WGA ULTRA 35k produkta \u012bpa\u0161\u012bbas<\/strong><\/h2>\n<p>&nbsp;<\/p>\n<p>Dvesieni: 35000 dvesieni<br \/>\nE-\u0161\u0137idrums: 35 ml<br \/>\nNikot\u012bna stiprums: 2%\/5%<br \/>\nAkumulators: 550 mAh ar C tipa uzl\u0101di<br \/>\nDigit\u0101lais displejs e\u013c\u013cai un e-\u0161\u0137idrumam<br \/>\nDubult\u0101 sieta spole<br \/>\nProdukta izm\u0113rs: 108*48*23,6 mm<\/p>\n<figure id=\"attachment_4307\" aria-describedby=\"caption-attachment-4307\" style=\"width: 300px\" class=\"wp-caption alignnone\"><img decoding=\"async\" class=\"size-medium wp-image-4307\" src=\"https:\/\/vapestornado.com\/wp-content\/uploads\/2025\/08\/WGA-35K-Ultra-35000-Puffs-Rechargeable-Disposable-Vape-300x300.webp\" alt=\"WGA Ultra 35K 35000 dvesienu uzl\u0101d\u0113jams vienreiz\u0113j\u0101s lieto\u0161anas tvaic\u0113t\u0101js\" width=\"300\" height=\"300\" srcset=\"https:\/\/vapestornado.com\/wp-content\/uploads\/2025\/08\/WGA-35K-Ultra-35000-Puffs-Rechargeable-Disposable-Vape-300x300.webp 300w, https:\/\/vapestornado.com\/wp-content\/uploads\/2025\/08\/WGA-35K-Ultra-35000-Puffs-Rechargeable-Disposable-Vape-150x150.webp 150w, https:\/\/vapestornado.com\/wp-content\/uploads\/2025\/08\/WGA-35K-Ultra-35000-Puffs-Rechargeable-Disposable-Vape-768x768.webp 768w, https:\/\/vapestornado.com\/wp-content\/uploads\/2025\/08\/WGA-35K-Ultra-35000-Puffs-Rechargeable-Disposable-Vape-12x12.webp 12w, https:\/\/vapestornado.com\/wp-content\/uploads\/2025\/08\/WGA-35K-Ultra-35000-Puffs-Rechargeable-Disposable-Vape-600x600.webp 600w, https:\/\/vapestornado.com\/wp-content\/uploads\/2025\/08\/WGA-35K-Ultra-35000-Puffs-Rechargeable-Disposable-Vape-100x100.webp 100w, https:\/\/vapestornado.com\/wp-content\/uploads\/2025\/08\/WGA-35K-Ultra-35000-Puffs-Rechargeable-Disposable-Vape.webp 800w\" sizes=\"(max-width: 300px) 100vw, 300px\" \/><figcaption id=\"caption-attachment-4307\" class=\"wp-caption-text\">WGA Ultra 35K 35000 dvesienu uzl\u0101d\u0113jams vienreiz\u0113j\u0101s lieto\u0161anas tvaic\u0113t\u0101js<\/figcaption><\/figure>\n<h2 class=\"product-title\"><strong>WGA Crystal ULTRA 35k gar\u0161u saraksts<\/strong><\/h2>\n<p>1. Melle\u0146u ave\u0146u<br \/>\n2. Kolas ledus<br \/>\n3. Dubult\u0101 \u0101bols<br \/>\n4. Fanta<br \/>\n5. Red Bull<br \/>\n6. Zeme\u0146u ledus<br \/>\n7. V\u012bnogu ledus<br \/>\n8. Citronlaims<br \/>\n9. Arb\u016bzu ledus<br \/>\n10. Svaiga piparm\u0113tra<br \/>\n11. Zeme\u0146u kivi<br \/>\n12. Kivi pasifloras gvajava<br \/>\n13. Misters Zils<br \/>\n14. Roz\u0101 limon\u0101de<br \/>\n15. WGA t\u0113ja (Aukst\u0101 meln\u0101 t\u0113ja)<br \/>\n16. Persiku sk\u016bpsts<br \/>\n17. Li\u010d\u012b piparm\u0113tra<br \/>\n18. Upe\u0146u soda<br \/>\n19. Sk\u0101bs \u0101bolu citrons<br \/>\n20. Jauktas ogas<br \/>\n21. Kaktusa kivi<br \/>\n22. Kaktusa ledus<br \/>\n23. P\u016b\u0137a aug\u013cu ledus<br \/>\n24. \u0136ir\u0161u kola<br \/>\n25. Zeme\u0146u Redbull<br \/>\n26. Zeme\u0146u arb\u016bzs<br \/>\n27. Jager Red Energy<br \/>\n28. Mohito<br \/>\n29. Za\u013cais \u0101bols<br \/>\n30. Mad Blue Ice<\/p>\n<p>&nbsp;<\/p>\n<article class=\"w-full text-token-text-primary focus-visible:outline-2 focus-visible:outline-offset-[-4px]\" dir=\"auto\" data-testid=\"conversation-turn-32\" data-scroll-anchor=\"false\">\n<div class=\"m-auto text-base py-[18px] px-6\">\n<div class=\"mx-auto flex flex-1 text-base gap-4 md:gap-5 lg:gap-6 md:max-w-3xl lg:max-w-[40rem] xl:max-w-[48rem]\">\n<div class=\"group\/conversation-turn relative flex w-full min-w-0 flex-col @xs\/thread:px-0 @sm\/thread:px-1.5 @md\/thread:px-4\">\n<div class=\"flex-col gap-1 md:gap-3\">\n<div class=\"flex max-w-full flex-col flex-grow\">\n<div class=\"min-h-8 text-message flex w-full flex-col items-end gap-2 whitespace-normal break-words text-start [.text-message+&amp;]:mt-5\" dir=\"auto\" data-message-author-role=\"user\" data-message-id=\"ffac41ca-1db4-431b-873a-32c4052956f1\">\n<div class=\"flex w-full flex-col gap-1 empty:hidden items-end rtl:items-start\">\n<div class=\"relative max-w-[var(--user-chat-width,70%)] rounded-3xl bg-token-message-surface px-5 py-2.5\">\n<div class=\"absolute bottom-0 right-full top-0 -mr-3.5 hidden pr-5 pt-2 [.group\/conversation-turn:hover_&amp;]:flex\">\n<div class=\"flex\">\n<article class=\"w-full text-token-text-primary focus-visible:outline-2 focus-visible:outline-offset-[-4px]\" dir=\"auto\" data-testid=\"conversation-turn-39\" data-scroll-anchor=\"true\">\n<div class=\"m-auto text-base py-[18px] px-6\">\n<div class=\"mx-auto flex flex-1 text-base gap-4 md:gap-5 lg:gap-6 md:max-w-3xl lg:max-w-[40rem] xl:max-w-[48rem]\">\n<div class=\"group\/conversation-turn relative flex w-full min-w-0 flex-col agent-turn @xs\/thread:px-0 @sm\/thread:px-1.5 @md\/thread:px-4\">\n<div class=\"flex-col gap-1 md:gap-3\">\n<div class=\"flex max-w-full flex-col flex-grow\">\n<div class=\"min-h-8 text-message flex w-full flex-col items-end gap-2 whitespace-normal break-words text-start [.text-message+&amp;]:mt-5\" dir=\"auto\" data-message-author-role=\"assistant\" data-message-id=\"55a23854-ec57-48dd-bd4f-6118f43d6241\" data-message-model-slug=\"gpt-4o\">\n<div class=\"flex w-full flex-col gap-1 empty:hidden first:pt-[3px]\">\n<div class=\"markdown prose w-full break-words dark:prose-invert light\"><\/div>\n<\/div>\n<\/div>\n<\/div>\n<\/div>\n<\/div>\n<\/div>\n<\/div>\n<\/article>\n<\/div>\n<\/div>\n<\/div>\n<\/div>\n<\/div>\n<\/div>\n<\/div>\n<\/div>\n<\/div>\n<\/div>\n<\/article>\n<h2>K\u0101p\u0113c izv\u0113l\u0113ties WGA ULTRA 35k Vape?<\/h2>\n<div class=\"flex-shrink-0 flex flex-col relative items-end\">\n<div class=\"pt-0\">\n<div class=\"gizmo-bot-avatar flex h-8 w-8 items-center justify-center overflow-hidden rounded-full\">\n<div class=\"relative p-1 rounded-sm flex items-center justify-center bg-token-main-surface-primary text-token-text-primary h-8 w-8\">\n<p data-start=\"313\" data-end=\"860\">T\u0101 <strong data-start=\"317\" data-end=\"358\">WGA Crystal Ultra 35k vienreiz\u0113j\u0101s lieto\u0161anas vape<\/strong> ir paredz\u0113ts veipot\u0101jiem, kuri v\u0113las <strong data-start=\"388\" data-end=\"417\">jaudu, gar\u0161u un kontroli<\/strong> vien\u0101 elegant\u0101 ier\u012bc\u0113. Ar l\u012bdz pat <strong data-start=\"450\" data-end=\"466\">35 000 dvesieniem<\/strong>, a <strong data-start=\"470\" data-end=\"493\">35 ml iepriek\u0161 uzpild\u012btu tvertni<\/strong>un <strong data-start=\"501\" data-end=\"519\">dubult\u0101 sieta spole<\/strong>, tas nodro\u0161ina izteiksm\u012bgu gar\u0161u ar katru vilkumu. The <strong data-start=\"566\" data-end=\"591\">vieds digit\u0101lais displejs<\/strong> inform\u0113 j\u016bs par e-\u0161\u0137idruma un akumulatora l\u012bmeni, savuk\u0101rt <strong data-start=\"652\" data-end=\"689\">USB-C uzl\u0101d\u0113jams 550mAh akumulators<\/strong> nodro\u0161ina, ka j\u016bs nekad nepalaid\u012bsiet gar\u0101m nevienu mirkli. Pieejams <strong data-start=\"734\" data-end=\"757\">30 aizraujo\u0161as gar\u0161as<\/strong> un <strong data-start=\"762\" data-end=\"792\">2% vai 5% nikot\u012bna stiprum\u0101<\/strong>, t\u0101 ir lab\u0101k\u0101 vairumtirdzniec\u012bbas izv\u0113le Eiropas vado\u0161ajam vape tirgum.<\/p>\n<p data-start=\"313\" data-end=\"860\">Sal\u012bdzin\u0101t ar <a href=\"https:\/\/vapestornado.com\/lv\/product\/wga-crystal-plus-20000-puff-vape-2-in-1-rechargeable-disposable-vape-wholesale-bulk-buy\/\">WGA 20K<\/a>, WGA 30K ir uzlabots ar augst\u0101ku veipo\u0161anas pieredzi.<\/p>\n<\/div>\n<h3><\/h3>\n<div class=\"relative p-1 rounded-sm flex items-center justify-center bg-token-main-surface-primary text-token-text-primary h-8 w-8\">\n<h2>BUJ par WGA Crystal ULTRA 35000 vienreiz\u0113j\u0101s lieto\u0161anas e-cigareti<\/h2>\n<\/div>\n<\/div>\n<\/div>\n<\/div>\n<div class=\"flex-shrink-0 flex flex-col relative items-end\">\n<div class=\"pt-0\">\n<div class=\"gizmo-bot-avatar flex h-8 w-8 items-center justify-center overflow-hidden rounded-full\">\n<div class=\"relative p-1 rounded-sm flex items-center justify-center bg-token-main-surface-primary text-token-text-primary h-8 w-8\">\n<div class=\"mb-2 flex gap-3 empty:hidden -ml-2\">\n<p data-start=\"2405\" data-end=\"2541\"><strong data-start=\"2405\" data-end=\"2466\">1. Cik daudz uzp\u016btienu nodro\u0161ina WGA Crystal Ultra 35k?<\/strong><br data-start=\"2466\" data-end=\"2469\" \/>Tas pied\u0101v\u0101 l\u012bdz pat <strong data-start=\"2485\" data-end=\"2501\">35 000 dvesieniem<\/strong>, atkar\u012bb\u0101 no person\u012bgajiem veipo\u0161anas paradumiem.<\/p>\n<p data-start=\"2543\" data-end=\"2713\"><strong data-start=\"2543\" data-end=\"2594\">2. Vai WGA 35k vienreiz\u0113j\u0101s lieto\u0161anas vape ir uzl\u0101d\u0113jams?<\/strong><br data-start=\"2594\" data-end=\"2597\" \/>J\u0101, tas ir komplekt\u0101 ar <strong data-start=\"2618\" data-end=\"2656\">550mAh Type-C uzl\u0101d\u0113jams akumulators<\/strong>, kas \u013cauj uzl\u0101d\u0113t, vienlaikus izmantojot to pa\u0161u ier\u012bci.<\/p>\n<p data-start=\"2715\" data-end=\"2825\"><strong data-start=\"2715\" data-end=\"2759\">3. K\u0101di nikot\u012bna stiprumi ir pieejami?<\/strong><br data-start=\"2759\" data-end=\"2762\" \/>Ier\u012bce ir pieejama gan <strong data-start=\"2794\" data-end=\"2822\">2% un 5% nikot\u012bna l\u012bme\u0146i<\/strong>.<\/p>\n<p data-start=\"2827\" data-end=\"3023\"><strong data-start=\"2827\" data-end=\"2896\">4. Ar ko WGA Ultra 35k at\u0161\u0137iras no citiem vienreizlietojamiem izstr\u0101d\u0101jumiem?<\/strong><br data-start=\"2896\" data-end=\"2899\" \/>T\u0101 <strong data-start=\"2903\" data-end=\"2966\">dubult\u0101 sieta spole, digit\u0101lais displejs un 35 ml e-\u0161\u0137idruma ietilp\u012bba<\/strong> izce\u013c to, sniedzot gan veiktsp\u0113ju, gan kontroli.<\/p>\n<p data-start=\"3025\" data-end=\"3207\"><strong data-start=\"3025\" data-end=\"3088\">5. Cik daudz gar\u0161u pied\u0101v\u0101 WGA 35k vienreizlietojamais vape?<\/strong><br data-start=\"3088\" data-end=\"3091\" \/>Tas ir pieejams <strong data-start=\"3103\" data-end=\"3117\">30 gar\u0161as<\/strong>, s\u0101kot no aug\u013cu mais\u012bjumiem, piem\u0113ram, zeme\u0146u kivi, l\u012bdz izteiksm\u012bg\u0101m iesp\u0113j\u0101m, piem\u0113ram, Jager Red Energy.<\/p>\n<\/div>\n<\/div>\n<\/div>\n<\/div>\n<\/div>","protected":false},"excerpt":{"rendered":"<p data-start=\"274\" data-end=\"349\"><strong data-start=\"274\" data-end=\"347\">WGA Crystal Ultra 35k Vienreiz\u0113j\u0101s lieto\u0161anas vape 35000 uzp\u016btienu vairumtirdzniec\u012bba Eirop\u0101<\/strong><\/p>\n<p data-start=\"274\" data-end=\"349\"><strong data-start=\"353\" data-end=\"424\">WGA 35k Vienreiz\u0113j\u0101s lieto\u0161anas vape ar digit\u0101lo displeju<\/strong><\/p>\n<p data-start=\"430\" data-end=\"494\"><strong data-start=\"430\" data-end=\"492\">P\u0113rciet WGA Ultra 35000 Puff Vape tie\u0161saist\u0113 \u2013 lab\u0101k\u0101 atlaides cena<\/strong><\/p>\n<p><strong>Pievienojiet Eimijas WhatsApp, lai sa\u0146emtu prec\u012bzu atbildi un atlaidi!<\/strong><\/p>\n<p><img fetchpriority=\"high\" decoding=\"async\" class=\"size-full wp-image-2932\" src=\"https:\/\/vapestornado.com\/wp-content\/uploads\/2024\/12\/Vape-Wholesale.jpg\" alt=\"Veipu Vairumtirdzniec\u012bba\" width=\"229\" height=\"300\" \/><\/p>\n<h3><a href=\"https:\/\/wa.me\/8617776015835\"><span style=\"color: #ff0000;\"><strong>WhatsApp: +86 17776015835<\/strong><\/span><\/a><\/h3>\n<p>&nbsp;<\/p>","protected":false},"featured_media":4311,"comment_status":"open","ping_status":"closed","template":"","meta":{"_acf_changed":false,"_uag_custom_page_level_css":"","_lmt_disableupdate":"no","_lmt_disable":"","_monsterinsights_skip_tracking":false,"_monsterinsights_sitenote_active":false,"_monsterinsights_sitenote_note":"","_monsterinsights_sitenote_category":0,"site-sidebar-layout":"default","site-content-layout":"","ast-site-content-layout":"default","site-content-style":"default","site-sidebar-style":"default","ast-global-header-display":"","ast-banner-title-visibility":"","ast-main-header-display":"","ast-hfb-above-header-display":"","ast-hfb-below-header-display":"","ast-hfb-mobile-header-display":"","site-post-title":"","ast-breadcrumbs-content":"","ast-featured-img":"","footer-sml-layout":"","ast-disable-related-posts":"","theme-transparent-header-meta":"default","adv-header-id-meta":"","stick-header-meta":"","header-above-stick-meta":"","header-main-stick-meta":"","header-below-stick-meta":"","astra-migrate-meta-layouts":"set","ast-page-background-enabled":"default","ast-page-background-meta":{"desktop":{"background-color":"","background-image":"","background-repeat":"repeat","background-position":"center center","background-size":"auto","background-attachment":"scroll","background-type":"","background-media":"","overlay-type":"","overlay-color":"","overlay-opacity":"","overlay-gradient":""},"tablet":{"background-color":"","background-image":"","background-repeat":"repeat","background-position":"center center","background-size":"auto","background-attachment":"scroll","background-type":"","background-media":"","overlay-type":"","overlay-color":"","overlay-opacity":"","overlay-gradient":""},"mobile":{"background-color":"","background-image":"","background-repeat":"repeat","background-position":"center center","background-size":"auto","background-attachment":"scroll","background-type":"","background-media":"","overlay-type":"","overlay-color":"","overlay-opacity":"","overlay-gradient":""}},"ast-content-background-meta":{"desktop":{"background-color":"var(--ast-global-color-5)","background-image":"","background-repeat":"repeat","background-position":"center center","background-size":"auto","background-attachment":"scroll","background-type":"","background-media":"","overlay-type":"","overlay-color":"","overlay-opacity":"","overlay-gradient":""},"tablet":{"background-color":"var(--ast-global-color-5)","background-image":"","background-repeat":"repeat","background-position":"center center","background-size":"auto","background-attachment":"scroll","background-type":"","background-media":"","overlay-type":"","overlay-color":"","overlay-opacity":"","overlay-gradient":""},"mobile":{"background-color":"var(--ast-global-color-5)","background-image":"","background-repeat":"repeat","background-position":"center center","background-size":"auto","background-attachment":"scroll","background-type":"","background-media":"","overlay-type":"","overlay-color":"","overlay-opacity":"","overlay-gradient":""}},"_joinchat":{"telephone":"17776015835"}},"product_brand":[],"product_cat":[19,175,149,158,143,146,171],"product_tag":[342,340,339,341],"class_list":{"0":"post-4312","1":"product","2":"type-product","3":"status-publish","4":"has-post-thumbnail","6":"product_cat-vapes","7":"product_cat-35000-puff","8":"product_cat-buy-disposable-vapes-in-austria","9":"product_cat-buy-disposable-vapes-in-spain","10":"product_cat-dual-mesh-disposable-vapes","11":"product_cat-rechargeable-disposable-vapes","12":"product_cat-vapsolo-disposable-vapes","13":"product_tag-wga-35000-puff","14":"product_tag-wga-35k","15":"product_tag-wga-crystal-ultra-35k","16":"product_tag-wga-crystal-vape","17":"desktop-align-left","18":"tablet-align-left","19":"mobile-align-left","21":"first","22":"instock","23":"sale","24":"shipping-taxable","25":"purchasable","26":"product-type-simple"},"acf":[],"uagb_featured_image_src":{"full":["https:\/\/vapestornado.com\/wp-content\/uploads\/2025\/08\/Wholesale-WGA-Ultra-35000-Puffs-Disposable-Vape.webp",800,800,false],"thumbnail":["https:\/\/vapestornado.com\/wp-content\/uploads\/2025\/08\/Wholesale-WGA-Ultra-35000-Puffs-Disposable-Vape-150x150.webp",150,150,true],"medium":["https:\/\/vapestornado.com\/wp-content\/uploads\/2025\/08\/Wholesale-WGA-Ultra-35000-Puffs-Disposable-Vape-300x300.webp",300,300,true],"medium_large":["https:\/\/vapestornado.com\/wp-content\/uploads\/2025\/08\/Wholesale-WGA-Ultra-35000-Puffs-Disposable-Vape-768x768.webp",768,768,true],"large":["https:\/\/vapestornado.com\/wp-content\/uploads\/2025\/08\/Wholesale-WGA-Ultra-35000-Puffs-Disposable-Vape.webp",800,800,false],"1536x1536":["https:\/\/vapestornado.com\/wp-content\/uploads\/2025\/08\/Wholesale-WGA-Ultra-35000-Puffs-Disposable-Vape.webp",800,800,false],"2048x2048":["https:\/\/vapestornado.com\/wp-content\/uploads\/2025\/08\/Wholesale-WGA-Ultra-35000-Puffs-Disposable-Vape.webp",800,800,false],"trp-custom-language-flag":["https:\/\/vapestornado.com\/wp-content\/uploads\/2025\/08\/Wholesale-WGA-Ultra-35000-Puffs-Disposable-Vape-12x12.webp",12,12,true],"woocommerce_thumbnail":["https:\/\/vapestornado.com\/wp-content\/uploads\/2025\/08\/Wholesale-WGA-Ultra-35000-Puffs-Disposable-Vape-300x300.webp",300,300,true],"woocommerce_single":["https:\/\/vapestornado.com\/wp-content\/uploads\/2025\/08\/Wholesale-WGA-Ultra-35000-Puffs-Disposable-Vape-600x600.webp",600,600,true],"woocommerce_gallery_thumbnail":["https:\/\/vapestornado.com\/wp-content\/uploads\/2025\/08\/Wholesale-WGA-Ultra-35000-Puffs-Disposable-Vape-100x100.webp",100,100,true]},"uagb_author_info":{"display_name":"ESAMY","author_link":"https:\/\/vapestornado.com\/lv\/author\/"},"uagb_comment_info":1,"uagb_excerpt":"WGA Crystal Ultra 35k Disposable Vape 35000 Puffs Wholesale in Europe WGA 35k Disposable Vape with Digital Display &amp; Rechargeable Battery Buy WGA Ultra 35000 Puff Vape Online \u2013 Best Discount Price Add Amy's whatsapp to get right reply and discount price! WhatsApp: +86 17776015835 &nbsp;","_links":{"self":[{"href":"https:\/\/vapestornado.com\/lv\/wp-json\/wp\/v2\/product\/4312","targetHints":{"allow":["GET"]}}],"collection":[{"href":"https:\/\/vapestornado.com\/lv\/wp-json\/wp\/v2\/product"}],"about":[{"href":"https:\/\/vapestornado.com\/lv\/wp-json\/wp\/v2\/types\/product"}],"replies":[{"embeddable":true,"href":"https:\/\/vapestornado.com\/lv\/wp-json\/wp\/v2\/comments?post=4312"}],"wp:featuredmedia":[{"embeddable":true,"href":"https:\/\/vapestornado.com\/lv\/wp-json\/wp\/v2\/media\/4311"}],"wp:attachment":[{"href":"https:\/\/vapestornado.com\/lv\/wp-json\/wp\/v2\/media?parent=4312"}],"wp:term":[{"taxonomy":"product_brand","embeddable":true,"href":"https:\/\/vapestornado.com\/lv\/wp-json\/wp\/v2\/product_brand?post=4312"},{"taxonomy":"product_cat","embeddable":true,"href":"https:\/\/vapestornado.com\/lv\/wp-json\/wp\/v2\/product_cat?post=4312"},{"taxonomy":"product_tag","embeddable":true,"href":"https:\/\/vapestornado.com\/lv\/wp-json\/wp\/v2\/product_tag?post=4312"}],"curies":[{"name":"wp","href":"https:\/\/api.w.org\/{rel}","templated":true}]}}