{"id":4126,"date":"2025-04-14T03:07:08","date_gmt":"2025-04-14T03:07:08","guid":{"rendered":"https:\/\/vapestornado.com\/?post_type=product&#038;p=4126"},"modified":"2025-12-05T06:58:11","modified_gmt":"2025-12-05T06:58:11","slug":"bang-box-50000-puff-50k-disposables-vape-pod-double-flavour","status":"publish","type":"product","link":"https:\/\/vapestornado.com\/lv\/product\/bang-box-50000-puff-50k-disposables-vape-pod-double-flavour\/","title":{"rendered":"Bang Box 50000 Puff 50k Vienreiz\u0113j\u0101s Lieto\u0161anas Veipa Kapsula Dubulta Gar\u0161a"},"content":{"rendered":"<h2 data-pm-slice=\"1 1 []\">Bang Box 50000 Puff 50k Vienreiz\u0113j\u0101s Lieto\u0161anas Veipa Kapsula Dubulta Gar\u0161a<\/h2>\n<p data-start=\"1203\" data-end=\"1522\">Bang Box 50000 p\u016b\u013cu ier\u012bce apvieno 45ml dubultgar\u0161u tvertni, 850mAh Type-C uzl\u0101d\u0113jamu akumulatoru, re\u017e\u0123a spir\u0101li un viedu ekr\u0101nu, lai nodro\u0161in\u0101tu l\u012bdz pat 50 000 p\u016b\u013cu bez bie\u017eas nomai\u0146as.<\/p>\n<p data-start=\"568\" data-end=\"863\"><strong data-start=\"568\" data-end=\"608\">L\u012bdz 50 000 p\u016b\u013cu ar 45ml tvertni:<\/strong><br data-start=\"608\" data-end=\"611\" \/>Bang Box 50k ir paredz\u0113ts ilgam ikdienas lieto\u0161anai. T <strong data-start=\"656\" data-end=\"684\">45ml iepriek\u0161pild\u012bta ietilp\u012bba<\/strong> atbalsta <strong data-start=\"698\" data-end=\"720\">50 000 p\u016b\u013cu nov\u0113rt\u0113jumu<\/strong>, t\u0101p\u0113c lietot\u0101ji parasti var izmantot daudz ilg\u0101k starp ier\u012b\u010du nomai\u0146u, sal\u012bdzinot ar 10k\u201320k vienreiz\u0113j\u0101m ier\u012bc\u0113m. Tas ar\u012b padara izmaksas par p\u016bli stabil\u0101kas laika gait\u0101.<\/p>\n<p data-start=\"865\" data-end=\"1176\"><strong data-start=\"865\" data-end=\"916\">Dubultgar\u0161u vape sist\u0113ma \u0101trai p\u0101rsl\u0113g\u0161anai:<\/strong><br data-start=\"916\" data-end=\"919\" \/>Divi gar\u0161u profili ir iek\u013cauti vien\u0101 ier\u012bc\u0113. T <strong data-start=\"970\" data-end=\"991\">dubultgar\u0161u uzst\u0101d\u012bjums<\/strong> \u013cauj lietot\u0101jiem main\u012bt gar\u0161as jebkur\u0101 laik\u0101, nemainot ier\u012bci vai gaidot papildin\u0101jumu. Tas ir praktiski cilv\u0113kiem, kuri dienas laik\u0101 rot\u0113 starp sald\u0101m un aukst\u0101m gar\u0161\u0101m.<\/p>\n<p data-start=\"1178\" data-end=\"1456\"><strong data-start=\"1178\" data-end=\"1220\">Re\u017e\u0123a spir\u0101le stabilai tvaika un gar\u0161as att\u0113lo\u0161anai:<\/strong><br data-start=\"1220\" data-end=\"1223\" \/>Bang Box 50000 p\u016b\u013cu baro\u0161anas ier\u012bce izmanto <strong data-start=\"1237\" data-end=\"1261\">acu spoles tehnolo\u0123ija<\/strong> lai vienm\u0113r\u012bgi uzsild\u012btu e-\u0161\u0137idrumu. Tas pal\u012bdz izvair\u012bties no as\u0101m saus\u0101m uzbrukumiem un nodro\u0161ina gludu tvaika izpl\u016bdi liel\u0101 tvertn\u0113\u2014\u012bpa\u0161i svar\u012bgi augstas ietilp\u012bbas ier\u012bc\u0113s, kur gar\u0161as zudums var par\u0101d\u012bties v\u0113l\u0101k lieto\u0161anas laik\u0101.<\/p>\n<p data-start=\"1458\" data-end=\"1707\"><strong data-start=\"1458\" data-end=\"1507\">Viedais digit\u0101lais displejs re\u0101llaika uzraudz\u012bbai:<\/strong><br data-start=\"1507\" data-end=\"1510\" \/>T\u0101 <strong data-start=\"1514\" data-end=\"1530\">viedais ekr\u0101ns<\/strong> par\u0101da <strong data-start=\"1537\" data-end=\"1573\">akumulatora l\u012bmenis un e-\u0161\u0137idruma l\u012bmenis<\/strong> k\u0101 j\u016bs vape. Tas no\u0146em min\u0113jumus, t\u0101p\u0113c lietot\u0101ji var uzl\u0101d\u0113t pirms jaudas samazin\u0101\u0161an\u0101s un izvair\u012bties no neparedz\u0113tiem sausiem uzliesmojumiem tuvu tvertnes beig\u0101m.<\/p>\n<p data-start=\"1709\" data-end=\"1964\"><strong data-start=\"1709\" data-end=\"1748\">850mAh Type-C uzl\u0101d\u0113jama akumulators:<\/strong><br data-start=\"1748\" data-end=\"1751\" \/>T\u0101 <strong data-start=\"1755\" data-end=\"1773\">850mAh akumulators<\/strong> ir paredz\u0113ts lielai tvertnei un augstam p\u016b\u0161u skaitam. Ar <strong data-start=\"1824\" data-end=\"1852\">USB Type-C \u0101tro uzl\u0101di<\/strong>, p\u0101rtraukumi paliek \u012bsi, un lietot\u0101ji var pabeigt visu \u0161\u0137idruma daudzumu, neizmetot to agr\u0101k zemas jaudas d\u0113\u013c.<\/p>\n<p data-start=\"666\" data-end=\"1235\"><strong style=\"font-size: 16px;\"><span style=\"color: #ff0000;\">Pievienojiet Amy WhatsApp, lai sa\u0146emtu t\u016bl\u012bt\u0113ju atbildi un atlai\u017eu cenu!<\/span><\/strong><\/p>\n<p><img fetchpriority=\"high\" decoding=\"async\" class=\"size-full wp-image-2932\" src=\"https:\/\/vapestornado.com\/wp-content\/uploads\/2024\/12\/Vape-Wholesale.jpg\" alt=\"Veipu Vairumtirdzniec\u012bba\" width=\"229\" height=\"300\" \/><\/p>\n<h3><a href=\"https:\/\/wa.me\/8617776015835\" target=\"_blank\" rel=\"noopener\"><span style=\"color: #ff0000;\"><strong>WhatsApp: +86 17776015835<\/strong><\/span><\/a><\/h3>\n<h2><\/h2>\n<h2 data-start=\"1258\" data-end=\"1303\"><strong data-start=\"1265\" data-end=\"1303\">K\u0101p\u0113c Bang Box 50k ir oblig\u0101ti j\u0101izm\u0113\u0123ina<\/strong><\/h2>\n<table>\n<thead>\n<tr>\n<th>Funkcija \/ Parametrs<\/th>\n<th align=\"right\">Spec<\/th>\n<th>Skaidrojums<\/th>\n<\/tr>\n<\/thead>\n<tbody>\n<tr>\n<td>Produkts Nosaukums<\/td>\n<td align=\"right\">Bang Box 50000 Vienreiz\u0113j\u0101s lieto\u0161anas veips<\/td>\n<td>Skaidrs mode\u013ca nosaukums atk\u0101rtot\u0101m pas\u016bt\u012bjumiem un mekl\u0113\u0161anai.<\/td>\n<\/tr>\n<tr>\n<td>Pufiju ietilp\u012bba<\/td>\n<td align=\"right\">L\u012bdz 50 000 p\u016b\u0161iem<\/td>\n<td>Augstas darb\u012bbas vienreizlietojams; maz\u0101k nomai\u0146u.<\/td>\n<\/tr>\n<tr>\n<td>E-\u0161\u0137idruma tilpums<\/td>\n<td align=\"right\">45ml iepriek\u0161pild\u012bts<\/td>\n<td>Liels tvertne atbalsta ilg\u0101kas sesijas bez papildin\u0101\u0161anas.<\/td>\n<\/tr>\n<tr>\n<td>Gar\u0161as sist\u0113ma<\/td>\n<td align=\"right\">Divu Gar\u0161u Vape<\/td>\n<td>Divas gar\u0161as vien\u0101 ier\u012bc\u0113; p\u0101rsl\u0113dzieties jebkur\u0101 laik\u0101.<\/td>\n<\/tr>\n<tr>\n<td>Spoles veids<\/td>\n<td align=\"right\">T\u012bkla spole<\/td>\n<td>Vienm\u0113r\u012bga uzsilde = glud\u0101ki ieelpas un stabil\u0101ka gar\u0161a.<\/td>\n<\/tr>\n<tr>\n<td>Akumulators<\/td>\n<td align=\"right\">850mAh uzl\u0101d\u0113jams<\/td>\n<td>Uzl\u0101d\u0113jiet, lai izmantotu visu e-\u0161\u0137idrumu, nevis iz\u0161\u0137\u0113rd\u0113tu p\u016b\u0161us.<\/td>\n<\/tr>\n<tr>\n<td>Uzl\u0101de<\/td>\n<td align=\"right\">USB Type-C<\/td>\n<td>Popul\u0101rs \u0101tr\u0101s uzl\u0101des standarts; viegli piek\u013c\u016bt kabelim.<\/td>\n<\/tr>\n<tr>\n<td>Displejs<\/td>\n<td align=\"right\">Gudra digit\u0101l\u0101 ekr\u0101na displejs<\/td>\n<td>R\u0101da akumulatora + e-\u0161\u0137idruma l\u012bmeni re\u0101llaik\u0101.<\/td>\n<\/tr>\n<tr>\n<td>M\u0113r\u0137a lietot\u0101ji<\/td>\n<td align=\"right\">Neform\u0101li l\u012bdz intens\u012bvi vapers<\/td>\n<td>Ilgsto\u0161a jauda ar vienk\u0101r\u0161u darb\u012bbu der ab\u0101m grup\u0101m.<\/td>\n<\/tr>\n<tr>\n<td>Tirgus piem\u0113rot\u012bba<\/td>\n<td align=\"right\">ES mazumtirdzniec\u012bba un vairumtirdzniec\u012bba<\/td>\n<td>Augsts p\u016b\u0161u skaits + dubult\u0101 gar\u0161a veicina atk\u0101rtotu pirkumu.<\/td>\n<\/tr>\n<\/tbody>\n<\/table>\n<h2 class=\"product-title\"><strong>Bang Box 50000 dvesienu vienreiz\u0113j\u0101s lieto\u0161anas ier\u012b\u010du gar\u0161u apskats<\/strong><\/h2>\n<article class=\"w-full text-token-text-primary focus-visible:outline-2 focus-visible:outline-offset-[-4px]\" dir=\"auto\" data-testid=\"conversation-turn-32\" data-scroll-anchor=\"false\">\n<div class=\"m-auto text-base py-[18px] px-6\">\n<div class=\"mx-auto flex flex-1 text-base gap-4 md:gap-5 lg:gap-6 md:max-w-3xl lg:max-w-[40rem] xl:max-w-[48rem]\">\n<div class=\"group\/conversation-turn relative flex w-full min-w-0 flex-col @xs\/thread:px-0 @sm\/thread:px-1.5 @md\/thread:px-4\">\n<div class=\"flex-col gap-1 md:gap-3\">\n<div class=\"flex max-w-full flex-col flex-grow\">\n<div class=\"min-h-8 text-message flex w-full flex-col items-end gap-2 whitespace-normal break-words text-start [.text-message+&amp;]:mt-5\" dir=\"auto\" data-message-author-role=\"user\" data-message-id=\"ffac41ca-1db4-431b-873a-32c4052956f1\">\n<div class=\"flex w-full flex-col gap-1 empty:hidden items-end rtl:items-start\">\n<div class=\"relative max-w-[var(--user-chat-width,70%)] rounded-3xl bg-token-message-surface px-5 py-2.5\">\n<div class=\"absolute bottom-0 right-full top-0 -mr-3.5 hidden pr-5 pt-2 [.group\/conversation-turn:hover_&amp;]:flex\">\n<div class=\"flex\">\n<article class=\"w-full text-token-text-primary focus-visible:outline-2 focus-visible:outline-offset-[-4px]\" dir=\"auto\" data-testid=\"conversation-turn-39\" data-scroll-anchor=\"true\">\n<div class=\"m-auto text-base py-[18px] px-6\">\n<div class=\"mx-auto flex flex-1 text-base gap-4 md:gap-5 lg:gap-6 md:max-w-3xl lg:max-w-[40rem] xl:max-w-[48rem]\">\n<div class=\"group\/conversation-turn relative flex w-full min-w-0 flex-col agent-turn @xs\/thread:px-0 @sm\/thread:px-1.5 @md\/thread:px-4\">\n<div class=\"flex-col gap-1 md:gap-3\">\n<div class=\"flex max-w-full flex-col flex-grow\">\n<div class=\"min-h-8 text-message flex w-full flex-col items-end gap-2 whitespace-normal break-words text-start [.text-message+&amp;]:mt-5\" dir=\"auto\" data-message-author-role=\"assistant\" data-message-id=\"55a23854-ec57-48dd-bd4f-6118f43d6241\" data-message-model-slug=\"gpt-4o\">\n<div class=\"flex w-full flex-col gap-1 empty:hidden first:pt-[3px]\">\n<div class=\"markdown prose w-full break-words dark:prose-invert light\">\n<p class=\"\" data-start=\"2451\" data-end=\"2502\">1. Zeme\u0146u kivi<br \/>\n2. Arb\u016bzu ko\u0161\u013c\u0101jam\u0101 gumija<br \/>\n3. Anan\u0101su mango persiks<br \/>\n4. Red Bull<br \/>\n5. Persiku sula<br \/>\n6. \u0100bolu bumbieris<br \/>\n7. Melle\u0146u ledus<br \/>\n8. Meln\u0101 p\u016b\u0137a ledus<br \/>\n9. Melle\u0146u sk\u0101bo ave\u0146u ledus<br \/>\n10. Zeme\u0146u ave\u0146u konfektes<br \/>\n11. Zilo ave\u0146u ledus<br \/>\n12. Zeme\u0146u ledus<\/p>\n<figure id=\"attachment_4121\" aria-describedby=\"caption-attachment-4121\" style=\"width: 851px\" class=\"wp-caption alignnone\"><img decoding=\"async\" class=\"wp-image-4121 size-full\" src=\"https:\/\/vapestornado.com\/wp-content\/uploads\/2025\/04\/Bang-Box-50000-Puff-50k-Vape.webp\" alt=\"Bang Box 50000 Dvesienu 50k Vape\" width=\"851\" height=\"851\" srcset=\"https:\/\/vapestornado.com\/wp-content\/uploads\/2025\/04\/Bang-Box-50000-Puff-50k-Vape.webp 851w, https:\/\/vapestornado.com\/wp-content\/uploads\/2025\/04\/Bang-Box-50000-Puff-50k-Vape-300x300.webp 300w, https:\/\/vapestornado.com\/wp-content\/uploads\/2025\/04\/Bang-Box-50000-Puff-50k-Vape-150x150.webp 150w, https:\/\/vapestornado.com\/wp-content\/uploads\/2025\/04\/Bang-Box-50000-Puff-50k-Vape-768x768.webp 768w, https:\/\/vapestornado.com\/wp-content\/uploads\/2025\/04\/Bang-Box-50000-Puff-50k-Vape-600x600.webp 600w, https:\/\/vapestornado.com\/wp-content\/uploads\/2025\/04\/Bang-Box-50000-Puff-50k-Vape-100x100.webp 100w\" sizes=\"(max-width: 851px) 100vw, 851px\" \/><figcaption id=\"caption-attachment-4121\" class=\"wp-caption-text\">Bang Box 50000 Dvesienu 50k Vape<\/figcaption><\/figure>\n<\/div>\n<\/div>\n<\/div>\n<\/div>\n<\/div>\n<\/div>\n<\/div>\n<\/div>\n<\/article>\n<\/div>\n<\/div>\n<\/div>\n<\/div>\n<\/div>\n<\/div>\n<\/div>\n<\/div>\n<\/div>\n<\/div>\n<\/article>\n<h2>K\u0101p\u0113c izv\u0113l\u0113ties Vapestornado Bang Box 50000 Dvesienu vairumtirdzniec\u012bbai?<\/h2>\n<div class=\"flex-shrink-0 flex flex-col relative items-end\">\n<div class=\"pt-0\">\n<div class=\"gizmo-bot-avatar flex h-8 w-8 items-center justify-center overflow-hidden rounded-full\">\n<div class=\"relative p-1 rounded-sm flex items-center justify-center bg-token-main-surface-primary text-token-text-primary h-8 w-8\">\n<p>Vapestornado m\u0113s ne tikai p\u0101rdodam veipus \u2014 m\u0113s nodro\u0161in\u0101m v\u0113rt\u012bbu, kvalit\u0101ti un servisu, uz ko varat pa\u013cauties. K\u0101 uzticams vairumtirdzniec\u012bbas pieg\u0101d\u0101t\u0101js <strong data-start=\"410\" data-end=\"449\">Bang Box 50000 Vienreiz\u0113j\u0101s lieto\u0161anas veips<\/strong>, m\u0113s pied\u0101v\u0101jam <strong data-start=\"460\" data-end=\"488\">konkur\u0113tsp\u0113j\u012bgas vairumtirdzniec\u012bbas cenas<\/strong>, nodro\u0161inot, ka j\u016bs sa\u0146emat <strong data-start=\"511\" data-end=\"537\">zem\u0101k\u0101s vairumtirdzniec\u012bbas likmes<\/strong> nezaud\u0113jot produkta autentiskumu. M\u016bsu komanda atlasa tikai <strong data-start=\"608\" data-end=\"634\">100% ori\u0123in\u0101lus produktus<\/strong> ar garant\u0113tu veiktsp\u0113ju un gar\u0161as konsekvenci. Ar <strong data-start=\"692\" data-end=\"716\">\u0101tra glob\u0101la pieg\u0101de<\/strong>, \u012bpa\u0161u <strong data-start=\"730\" data-end=\"766\">kontu p\u0101rvaldnieks klientiem, kas ieg\u0101d\u0101jas vairum\u0101<\/strong>, un re\u0101llaika kr\u0101jumu atjaunin\u0101jumi, j\u016bsu bizness paliek tirgus priek\u0161gal\u0101. Neatkar\u012bgi no t\u0101, vai esat iztvaic\u0113t\u0101ju veikals, izplat\u012bt\u0101js vai tie\u0161saistes p\u0101rdev\u0113js, <strong data-start=\"901\" data-end=\"917\">Vapestornado<\/strong> ir j\u016bsu uzticams partneris <strong data-start=\"947\" data-end=\"994\">piepras\u012bti produkti, piem\u0113ram, Bang Box 50k Puff<\/strong>\u2014 ko atbalsta profesion\u0101ls serviss un nep\u0101rsp\u0113jami pied\u0101v\u0101jumi.<\/p>\n<p data-start=\"559\" data-end=\"933\" data-is-last-node=\"\" data-is-only-node=\"\">Mums ir ar\u012b citi popul\u0101ri veipi ar ekr\u0101nu, piem\u0113ram <a href=\"https:\/\/vapestornado.com\/lv\/product\/solaris-25000-puff-solar-charging-dispsoable-vape-kit-usa\/\">SAUL\u0112T\u0100JS 25000 PUFF<\/a>, <a href=\"https:\/\/vapestornado.com\/lv\/product\/elfbar-planet-25000-wholesale-disposable-vape-kit-with-digital-screen\/\">ELF BAR Planet 25000<\/a>, <a href=\"https:\/\/vapestornado.com\/lv\/product\/elfworld-ai22000-22k-puff-disposable-vape-pen-kit-best-seller-in-poland\/\">E\u0146\u0123e\u013ca PASAULE AI 22000<\/a>, un citi.<\/p>\n<\/div>\n<div class=\"relative p-1 rounded-sm flex items-center justify-center bg-token-main-surface-primary text-token-text-primary h-8 w-8\">\n<h2>BUJ<\/h2>\n<p data-start=\"3043\" data-end=\"3258\"><strong data-start=\"3043\" data-end=\"3118\">1. Vai vienreizlietojamajiem ir nepiecie\u0161ama \u012bpa\u0161a l\u0101d\u0113t\u0101js Bang Box 50000 P\u016b\u0161iem?<\/strong><br data-start=\"3118\" data-end=\"3121\" \/>N\u0113. The <strong data-start=\"3129\" data-end=\"3168\">Bang Box 50000 Vienreiz\u0113j\u0101s lieto\u0161anas veips<\/strong> izmanto <strong data-start=\"3174\" data-end=\"3188\">USB Type-C<\/strong>, t\u0101p\u0113c jebkur\u0161 standarta Type-C kabelis un dro\u0161s USB baro\u0161anas adapters darbosies.<\/p>\n<p data-start=\"3260\" data-end=\"3561\"><strong data-start=\"3260\" data-end=\"3350\">2. Kur\u0161 vienreizlietojamais ilg\u0101k kalpo: Bang Box 50000 P\u016b\u0161i vai Bang box 30k ier\u012bce?<\/strong><br data-start=\"3350\" data-end=\"3353\" \/>Ikdienas lieto\u0161an\u0101, tas <strong data-start=\"3374\" data-end=\"3397\">Bang Box 50000 Dvesienu<\/strong> parasti kalpo ilg\u0101k, jo tas apvieno <strong data-start=\"3441\" data-end=\"3500\">50 000 p\u016b\u0161u, 45ml e-\u0161\u0137idruma un uzl\u0101d\u0113jama akumulatora<\/strong>, kam\u0113r liel\u0101k\u0101 da\u013ca 30k mode\u013cu nesatur tik daudz \u0161\u0137idruma un \u0101tr\u0101k izbeidzas.<\/p>\n<p data-start=\"3563\" data-end=\"3814\"><strong data-start=\"3563\" data-end=\"3627\">3. Vai Bang Box 50000 P\u016b\u0161iem dubult\u0101s gar\u0161as sist\u0113ma ir t\u0101 v\u0113rta?<\/strong><br data-start=\"3627\" data-end=\"3630\" \/>J\u0101, ja gar\u0161as daudzveid\u012bba ir svar\u012bga. The <strong data-start=\"3665\" data-end=\"3705\">Bang Box 50000 P\u016b\u0161iem dubult\u0101s gar\u0161as vape<\/strong> form\u0101ts dod divus profilus vien\u0101 korpus\u0101, t\u0101p\u0113c gar\u0161as mai\u0146a ir t\u016bl\u012bt\u0113ja un nav nepiecie\u0161ams otrais ier\u012bces.<\/p>\n<p data-start=\"3816\" data-end=\"4050\"><strong data-start=\"3816\" data-end=\"3886\">4. Vai Bang Box 50000 P\u016b\u0161iem saglab\u0101 gar\u0161u stipru tuvu beig\u0101m?<\/strong><br data-start=\"3886\" data-end=\"3889\" \/>T\u0101 <strong data-start=\"3893\" data-end=\"3906\">t\u012bkla spoli<\/strong> pal\u012bdz nodro\u0161in\u0101t vienm\u0113r\u012bgu siltuma sadali liel\u0101 tvertn\u0113, samazinot v\u0113l\u012bn\u0101 posma arom\u0101ta zudumu un sausu ieelpu, kas var notikt ar lielas jaudas vienreizlietojamajiem.<\/p>\n<p data-start=\"4052\" data-end=\"4308\"><strong data-start=\"4052\" data-end=\"4122\">5. Vai es varu \u0146emt l\u012bdzi Bang Box 50000 P\u016b\u013cu vienreizlietojamu vape lidma\u0161\u012bn\u0101?<\/strong><br data-start=\"4122\" data-end=\"4125\" \/>Liel\u0101k\u0101 da\u013ca aviokomp\u0101niju at\u013cauj vienreizlietojam\u0101s ier\u012bces <strong data-start=\"4157\" data-end=\"4185\">tikai rokas bag\u0101\u017e\u0101<\/strong>, ne p\u0101rbaud\u012bt\u0101s bag\u0101\u017eas, jo t\u0101s satur akumulatorus. Saglab\u0101jiet <strong data-start=\"4246\" data-end=\"4269\">Bang Box 50000 Dvesienu<\/strong> nosl\u0113gtu un iev\u0113rojiet aviokomp\u0101nijas\/lok\u0101los noteikumus.<\/p>\n<\/div>\n<\/div>\n<\/div>\n<\/div>","protected":false},"excerpt":{"rendered":"<p class=\"LC20lb MBeuO DKV0Md\">Bang Box 50000 p\u016b\u013cu vienreiz\u0113j\u0101 vape ar 45ml dubultgar\u0161u tvertni<br \/>\nBang Box 50000 p\u016b\u013cu dubultgar\u0161u vape ar viedu digit\u0101lo displeju<br \/>\nBang Box 50k p\u016b\u013cu Type-C uzl\u0101d\u0113jama re\u017e\u0123a spir\u0101les vienreiz\u0113j\u0101 ier\u012bce<\/p>\n<p><strong>Pievienojiet Eimijas WhatsApp, lai sa\u0146emtu prec\u012bzu atbildi un atlaidi!<\/strong><\/p>\n<p><img fetchpriority=\"high\" decoding=\"async\" class=\"size-full wp-image-2932\" src=\"https:\/\/vapestornado.com\/wp-content\/uploads\/2024\/12\/Vape-Wholesale.jpg\" alt=\"Veipu Vairumtirdzniec\u012bba\" width=\"229\" height=\"300\" \/><\/p>\n<h3><a href=\"https:\/\/wa.me\/8617776015835\"><span style=\"color: #ff0000;\"><strong>WhatsApp: +86 17776015835<\/strong><\/span><\/a><\/h3>\n<p>&nbsp;<\/p>","protected":false},"featured_media":4122,"comment_status":"open","ping_status":"closed","template":"","meta":{"_acf_changed":false,"_uag_custom_page_level_css":"","_lmt_disableupdate":"no","_lmt_disable":"","_monsterinsights_skip_tracking":false,"_monsterinsights_sitenote_active":false,"_monsterinsights_sitenote_note":"","_monsterinsights_sitenote_category":0,"site-sidebar-layout":"default","site-content-layout":"","ast-site-content-layout":"default","site-content-style":"default","site-sidebar-style":"default","ast-global-header-display":"","ast-banner-title-visibility":"","ast-main-header-display":"","ast-hfb-above-header-display":"","ast-hfb-below-header-display":"","ast-hfb-mobile-header-display":"","site-post-title":"","ast-breadcrumbs-content":"","ast-featured-img":"","footer-sml-layout":"","ast-disable-related-posts":"","theme-transparent-header-meta":"default","adv-header-id-meta":"","stick-header-meta":"","header-above-stick-meta":"","header-main-stick-meta":"","header-below-stick-meta":"","astra-migrate-meta-layouts":"set","ast-page-background-enabled":"default","ast-page-background-meta":{"desktop":{"background-color":"","background-image":"","background-repeat":"repeat","background-position":"center center","background-size":"auto","background-attachment":"scroll","background-type":"","background-media":"","overlay-type":"","overlay-color":"","overlay-opacity":"","overlay-gradient":""},"tablet":{"background-color":"","background-image":"","background-repeat":"repeat","background-position":"center center","background-size":"auto","background-attachment":"scroll","background-type":"","background-media":"","overlay-type":"","overlay-color":"","overlay-opacity":"","overlay-gradient":""},"mobile":{"background-color":"","background-image":"","background-repeat":"repeat","background-position":"center center","background-size":"auto","background-attachment":"scroll","background-type":"","background-media":"","overlay-type":"","overlay-color":"","overlay-opacity":"","overlay-gradient":""}},"ast-content-background-meta":{"desktop":{"background-color":"var(--ast-global-color-5)","background-image":"","background-repeat":"repeat","background-position":"center center","background-size":"auto","background-attachment":"scroll","background-type":"","background-media":"","overlay-type":"","overlay-color":"","overlay-opacity":"","overlay-gradient":""},"tablet":{"background-color":"var(--ast-global-color-5)","background-image":"","background-repeat":"repeat","background-position":"center center","background-size":"auto","background-attachment":"scroll","background-type":"","background-media":"","overlay-type":"","overlay-color":"","overlay-opacity":"","overlay-gradient":""},"mobile":{"background-color":"var(--ast-global-color-5)","background-image":"","background-repeat":"repeat","background-position":"center center","background-size":"auto","background-attachment":"scroll","background-type":"","background-media":"","overlay-type":"","overlay-color":"","overlay-opacity":"","overlay-gradient":""}},"_joinchat":{"telephone":"17776015835"}},"product_brand":[],"product_cat":[192,64,150,151,142,146],"product_tag":[332,333,474,105,195,189],"class_list":{"0":"post-4126","1":"product","2":"type-product","3":"status-publish","4":"has-post-thumbnail","6":"product_cat-50000-puff","7":"product_cat-bangbox-vape","8":"product_cat-buy-disposable-vapes-in-belgium","9":"product_cat-buy-disposable-vapes-in-france","10":"product_cat-digital-box-disposable-vapes","11":"product_cat-rechargeable-disposable-vapes","12":"product_tag-bang-box-50000","13":"product_tag-bang-box-50k","14":"product_tag-bang-hot-sale-vape","15":"product_tag-digital-disposable-vape","16":"product_tag-dual-flavor-disposable-vape","17":"product_tag-puff-50k","18":"desktop-align-left","19":"tablet-align-left","20":"mobile-align-left","22":"first","23":"instock","24":"sale","25":"shipping-taxable","26":"purchasable","27":"product-type-simple"},"acf":[],"uagb_featured_image_src":{"full":["https:\/\/vapestornado.com\/wp-content\/uploads\/2025\/04\/Bang-Box-50000-Puff-Best-Double-Flavor-Vape-scaled.webp",2560,2560,false],"thumbnail":["https:\/\/vapestornado.com\/wp-content\/uploads\/2025\/04\/Bang-Box-50000-Puff-Best-Double-Flavor-Vape-150x150.webp",150,150,true],"medium":["https:\/\/vapestornado.com\/wp-content\/uploads\/2025\/04\/Bang-Box-50000-Puff-Best-Double-Flavor-Vape-300x300.webp",300,300,true],"medium_large":["https:\/\/vapestornado.com\/wp-content\/uploads\/2025\/04\/Bang-Box-50000-Puff-Best-Double-Flavor-Vape-768x768.webp",768,768,true],"large":["https:\/\/vapestornado.com\/wp-content\/uploads\/2025\/04\/Bang-Box-50000-Puff-Best-Double-Flavor-Vape-1024x1024.webp",1024,1024,true],"1536x1536":["https:\/\/vapestornado.com\/wp-content\/uploads\/2025\/04\/Bang-Box-50000-Puff-Best-Double-Flavor-Vape-1536x1536.webp",1536,1536,true],"2048x2048":["https:\/\/vapestornado.com\/wp-content\/uploads\/2025\/04\/Bang-Box-50000-Puff-Best-Double-Flavor-Vape-2048x2048.webp",2048,2048,true],"trp-custom-language-flag":["https:\/\/vapestornado.com\/wp-content\/uploads\/2025\/04\/Bang-Box-50000-Puff-Best-Double-Flavor-Vape-scaled.webp",12,12,false],"woocommerce_thumbnail":["https:\/\/vapestornado.com\/wp-content\/uploads\/2025\/04\/Bang-Box-50000-Puff-Best-Double-Flavor-Vape-300x300.webp",300,300,true],"woocommerce_single":["https:\/\/vapestornado.com\/wp-content\/uploads\/2025\/04\/Bang-Box-50000-Puff-Best-Double-Flavor-Vape-600x600.webp",600,600,true],"woocommerce_gallery_thumbnail":["https:\/\/vapestornado.com\/wp-content\/uploads\/2025\/04\/Bang-Box-50000-Puff-Best-Double-Flavor-Vape-100x100.webp",100,100,true]},"uagb_author_info":{"display_name":"ESAMY","author_link":"https:\/\/vapestornado.com\/lv\/author\/"},"uagb_comment_info":0,"uagb_excerpt":"Bang Box 50000 Puff Disposable Vape with 45ml Dual-Flavor Tank Bang Box 50000 Puff Dual Flavour Vape with Smart Digital Display Bang Box 50k Puff Type-C Rechargeable Mesh Coil Disposable Device Add Amy's whatsapp to get right reply and discount price! WhatsApp: +86 17776015835 &nbsp;","_links":{"self":[{"href":"https:\/\/vapestornado.com\/lv\/wp-json\/wp\/v2\/product\/4126","targetHints":{"allow":["GET"]}}],"collection":[{"href":"https:\/\/vapestornado.com\/lv\/wp-json\/wp\/v2\/product"}],"about":[{"href":"https:\/\/vapestornado.com\/lv\/wp-json\/wp\/v2\/types\/product"}],"replies":[{"embeddable":true,"href":"https:\/\/vapestornado.com\/lv\/wp-json\/wp\/v2\/comments?post=4126"}],"wp:featuredmedia":[{"embeddable":true,"href":"https:\/\/vapestornado.com\/lv\/wp-json\/wp\/v2\/media\/4122"}],"wp:attachment":[{"href":"https:\/\/vapestornado.com\/lv\/wp-json\/wp\/v2\/media?parent=4126"}],"wp:term":[{"taxonomy":"product_brand","embeddable":true,"href":"https:\/\/vapestornado.com\/lv\/wp-json\/wp\/v2\/product_brand?post=4126"},{"taxonomy":"product_cat","embeddable":true,"href":"https:\/\/vapestornado.com\/lv\/wp-json\/wp\/v2\/product_cat?post=4126"},{"taxonomy":"product_tag","embeddable":true,"href":"https:\/\/vapestornado.com\/lv\/wp-json\/wp\/v2\/product_tag?post=4126"}],"curies":[{"name":"wp","href":"https:\/\/api.w.org\/{rel}","templated":true}]}}