{"id":4118,"date":"2025-04-13T08:12:11","date_gmt":"2025-04-13T08:12:11","guid":{"rendered":"https:\/\/vapestornado.com\/?post_type=product&#038;p=4118"},"modified":"2025-08-21T12:11:56","modified_gmt":"2025-08-21T12:11:56","slug":"solaris-25000-puff-solar-charging-dispsoable-vape-kit-usa","status":"publish","type":"product","link":"https:\/\/vapestornado.com\/lv\/product\/solaris-25000-puff-solar-charging-dispsoable-vape-kit-usa\/","title":{"rendered":"Solaris 25000 dvesmu saules uzl\u0101des vienreiz\u0113j\u0101s lieto\u0161anas veipu komplekts Latvija"},"content":{"rendered":"<h1 data-pm-slice=\"1 1 []\">Solaris 25000 dvesmu saules uzl\u0101des vienreiz\u0113j\u0101s lieto\u0161anas veipu komplekts Latvija<\/h1>\n<p data-start=\"309\" data-end=\"774\">T\u0101 <strong data-start=\"313\" data-end=\"361\">Solaris 25000 Saules ener\u0123ijas uzl\u0101des vienreiz\u0113j\u0101s lieto\u0161anas Vape<\/strong> ievie\u0161 jaunu ilgtsp\u0113jas un veiktsp\u0113jas standartu. K\u0101 pirmais <strong data-start=\"436\" data-end=\"468\">25 000 uzp\u016btienu vienreiz\u0113j\u0101s lieto\u0161anas e-cigarete<\/strong> ar ieb\u016bv\u0113tu saules paneli, t\u0101 apvieno videi draudz\u012bgu uzl\u0101di ar augstu iztur\u012bbu, padarot to par praktisku risin\u0101jumu ilgsto\u0161ai lieto\u0161anai. Apr\u012bkots ar 18 ml iepriek\u0161 uzpild\u012btu e-\u0161\u0137idruma tvertni un uzl\u0101d\u0113jamu akumulatoru, Solaris nodro\u0161ina nemain\u012bgu tvaika izvadi, kas paredz\u0113ta uzticam\u012bbai jebkur\u0101 vid\u0113.<\/p>\n<p data-start=\"776\" data-end=\"1047\">Uzl\u0101dei lietot\u0101ji g\u016bst labumu no div\u0101m iesp\u0113j\u0101m: saules pane\u013ca nep\u0101rtrauktai lieto\u0161anai \u0101rpus telp\u0101m vai USB Type-C \u0101trai un efekt\u012bvai uzl\u0101dei (kabelis nav iek\u013cauts). \u0160\u012b elast\u012bba padara Solaris par uzticamu pavadoni ce\u013cojot, p\u0101rg\u0101jienos vai ikdienas aktivit\u0101t\u0113s.<\/p>\n<p data-start=\"1049\" data-end=\"1276\">Divi tvaic\u0113\u0161anas re\u017e\u012bmi \u2014 <strong data-start=\"1069\" data-end=\"1089\">Norm\u0101ls un Pastiprin\u0101ts<\/strong> \u2014 savienoti ar div\u0101m sieta spol\u0113m nodro\u0161ina vienm\u0113r\u012bgu gaisa pl\u016bsmu un pilnu gar\u0161as intensit\u0101ti. Regul\u0113jama gaisa pl\u016bsma \u013cauj piel\u0101got izvilkumu, nodro\u0161inot gan MTL apmierin\u0101t\u012bbu, gan uzlabotu m\u0101ko\u0146u veido\u0161anos.<\/p>\n<p data-start=\"1278\" data-end=\"1637\">HD displeja ekr\u0101ns par\u0101da re\u0101llaika uzp\u016btienu un akumulatora statusu ar interakt\u012bv\u0101m anim\u0101cij\u0101m, kas pie\u0161\u0137ir modernu piesk\u0101rienu. Starlight Embedded Glow apdare paaugstina t\u0101 dizainu, pied\u0101v\u0101jot augst\u0101k\u0101s kvalit\u0101tes izskatu, kas pat\u012bk gados jauniem pieaugu\u0161ajiem pat\u0113r\u0113t\u0101jiem. Aktiviz\u0113ts ar izvilkumu un bez pog\u0101m, Solaris ir vienk\u0101r\u0161i lietojams, apvienojot progres\u012bvas tehnolo\u0123ijas ar lieto\u0161anas \u0113rtumu.<\/p>\n<p data-start=\"1639\" data-end=\"1865\">Vairumtirgot\u0101jiem un mazumtirgot\u0101jiem Latvij\u0101, \u0161is produkts <strong data-start=\"1684\" data-end=\"1732\">Solaris 25000 Saules ener\u0123ijas uzl\u0101des vienreiz\u0113j\u0101s lieto\u0161anas Vape<\/strong> pied\u0101v\u0101 at\u0161\u0137ir\u012bgu produktu, kas atbilst pieaugo\u0161ajam piepras\u012bjumam p\u0113c ilgtsp\u0113j\u012bg\u0101m, liela ietilp\u012bbas ier\u012bc\u0113m, vienlaikus nodro\u0161inot sp\u0113c\u012bgu t\u0101l\u0101kp\u0101rdo\u0161anas v\u0113rt\u012bbu.<\/p>\n<p data-start=\"666\" data-end=\"1235\"><strong style=\"font-size: 16px;\"><span style=\"color: #ff0000;\">Pievienojiet Amy WhatsApp, lai sa\u0146emtu t\u016bl\u012bt\u0113ju atbildi un atlai\u017eu cenu!<\/span><\/strong><\/p>\n<p><img fetchpriority=\"high\" decoding=\"async\" class=\"size-full wp-image-2932\" src=\"https:\/\/vapestornado.com\/wp-content\/uploads\/2024\/12\/Vape-Wholesale.jpg\" alt=\"Veipu Vairumtirdzniec\u012bba\" width=\"229\" height=\"300\" \/><\/p>\n<h3><a href=\"https:\/\/wa.me\/8617776015835\" target=\"_blank\" rel=\"noopener\"><span style=\"color: #ff0000;\"><strong>WhatsApp: +86 17776015835<\/strong><\/span><\/a><\/h3>\n<p>&nbsp;<\/p>\n<h2><strong>Solaris 25000 uzp\u016btienu galven\u0101s produkta \u012bpa\u0161\u012bbas<\/strong><\/h2>\n<ul>\n<li class=\"\" data-start=\"1597\" data-end=\"1621\">\n<p class=\"\" data-start=\"1599\" data-end=\"1621\">L\u012bdz <strong data-start=\"1605\" data-end=\"1621\">25 000 uzp\u016btieniem<\/strong><\/p>\n<\/li>\n<li class=\"\" data-start=\"1622\" data-end=\"1684\">\n<p class=\"\" data-start=\"1624\" data-end=\"1684\"><strong data-start=\"1624\" data-end=\"1652\">Saules panelis + USB Type-C<\/strong> uzl\u0101de (kabelis nav iek\u013cauts)<\/p>\n<\/li>\n<li class=\"\" data-start=\"1685\" data-end=\"1714\">\n<p class=\"\" data-start=\"1687\" data-end=\"1714\"><strong data-start=\"1687\" data-end=\"1714\">18 ml iepriek\u0161 uzpild\u012bts e-\u0161\u0137idrums<\/strong><\/p>\n<\/li>\n<li class=\"\" data-start=\"1715\" data-end=\"1748\">\n<p class=\"\" data-start=\"1717\" data-end=\"1748\"><strong data-start=\"1717\" data-end=\"1748\">5% (50mg) nikot\u012bna stiprums<\/strong><\/p>\n<\/li>\n<li class=\"\" data-start=\"1749\" data-end=\"1773\">\n<p class=\"\" data-start=\"1751\" data-end=\"1773\"><strong data-start=\"1751\" data-end=\"1773\">Regul\u0113jama gaisa pl\u016bsma<\/strong><\/p>\n<\/li>\n<li class=\"\" data-start=\"1774\" data-end=\"1805\">\n<p class=\"\" data-start=\"1776\" data-end=\"1805\"><strong data-start=\"1776\" data-end=\"1789\">Divi re\u017e\u012bmi<\/strong>: Norm\u0101ls<\/p>\n<\/li>\n<li class=\"\" data-start=\"1806\" data-end=\"1847\">\n<p class=\"\" data-start=\"1808\" data-end=\"1847\"><strong data-start=\"1808\" data-end=\"1827\">Dubultas sieta spoles<\/strong> pastiprin\u0101tai gar\u0161ai<\/p>\n<\/li>\n<li class=\"\" data-start=\"1848\" data-end=\"1872\">\n<p class=\"\" data-start=\"1850\" data-end=\"1872\"><strong data-start=\"1850\" data-end=\"1872\">HD anim\u0113ts ekr\u0101ns<\/strong><\/p>\n<\/li>\n<li class=\"\" data-start=\"1873\" data-end=\"1900\">\n<p class=\"\" data-start=\"1875\" data-end=\"1900\"><strong data-start=\"1875\" data-end=\"1900\">Zvaig\u017e\u0146u gaismas efekts<\/strong><\/p>\n<\/li>\n<li class=\"\" data-start=\"1901\" data-end=\"1932\">\n<p class=\"\" data-start=\"1903\" data-end=\"1932\"><strong data-start=\"1903\" data-end=\"1921\">Aktiviz\u0113jas ievelkot<\/strong> MTL tvaic\u0113\u0161ana<\/p>\n<\/li>\n<li class=\"\" data-start=\"1933\" data-end=\"1977\">\n<p class=\"\" data-start=\"1935\" data-end=\"1977\"><strong data-start=\"1935\" data-end=\"1977\">Videi draudz\u012bgs un lietot\u0101jam \u0113rts dizains<\/strong><\/p>\n<\/li>\n<\/ul>\n<h2 class=\"product-title\"><strong>Solaris 25000 uzp\u016btienu vienreiz\u0113j\u0101s lieto\u0161anas ier\u012b\u010du gar\u0161u apskats<\/strong><\/h2>\n<article class=\"w-full text-token-text-primary focus-visible:outline-2 focus-visible:outline-offset-[-4px]\" dir=\"auto\" data-testid=\"conversation-turn-32\" data-scroll-anchor=\"false\">\n<div class=\"m-auto text-base py-[18px] px-6\">\n<div class=\"mx-auto flex flex-1 text-base gap-4 md:gap-5 lg:gap-6 md:max-w-3xl lg:max-w-[40rem] xl:max-w-[48rem]\">\n<div class=\"group\/conversation-turn relative flex w-full min-w-0 flex-col @xs\/thread:px-0 @sm\/thread:px-1.5 @md\/thread:px-4\">\n<div class=\"flex-col gap-1 md:gap-3\">\n<div class=\"flex max-w-full flex-col flex-grow\">\n<div class=\"min-h-8 text-message flex w-full flex-col items-end gap-2 whitespace-normal break-words text-start [.text-message+&amp;]:mt-5\" dir=\"auto\" data-message-author-role=\"user\" data-message-id=\"ffac41ca-1db4-431b-873a-32c4052956f1\">\n<div class=\"flex w-full flex-col gap-1 empty:hidden items-end rtl:items-start\">\n<div class=\"relative max-w-[var(--user-chat-width,70%)] rounded-3xl bg-token-message-surface px-5 py-2.5\">\n<div class=\"absolute bottom-0 right-full top-0 -mr-3.5 hidden pr-5 pt-2 [.group\/conversation-turn:hover_&amp;]:flex\">\n<div class=\"flex\">\n<article class=\"w-full text-token-text-primary focus-visible:outline-2 focus-visible:outline-offset-[-4px]\" dir=\"auto\" data-testid=\"conversation-turn-39\" data-scroll-anchor=\"true\">\n<div class=\"m-auto text-base py-[18px] px-6\">\n<div class=\"mx-auto flex flex-1 text-base gap-4 md:gap-5 lg:gap-6 md:max-w-3xl lg:max-w-[40rem] xl:max-w-[48rem]\">\n<div class=\"group\/conversation-turn relative flex w-full min-w-0 flex-col agent-turn @xs\/thread:px-0 @sm\/thread:px-1.5 @md\/thread:px-4\">\n<div class=\"flex-col gap-1 md:gap-3\">\n<div class=\"flex max-w-full flex-col flex-grow\">\n<div class=\"min-h-8 text-message flex w-full flex-col items-end gap-2 whitespace-normal break-words text-start [.text-message+&amp;]:mt-5\" dir=\"auto\" data-message-author-role=\"assistant\" data-message-id=\"55a23854-ec57-48dd-bd4f-6118f43d6241\" data-message-model-slug=\"gpt-4o\">\n<div class=\"flex w-full flex-col gap-1 empty:hidden first:pt-[3px]\">\n<div class=\"markdown prose w-full break-words dark:prose-invert light\">\n<ul>\n<li class=\"\" data-start=\"2002\" data-end=\"2063\">\n<p class=\"\" data-start=\"2004\" data-end=\"2063\"><strong data-start=\"2004\" data-end=\"2017\">Zil\u0101 Avene<\/strong> \u2013 Salds un pikants melle\u0146u ave\u0146u mais\u012bjums<\/p>\n<\/li>\n<li class=\"\" data-start=\"2064\" data-end=\"2128\">\n<p class=\"\" data-start=\"2066\" data-end=\"2128\"><strong data-start=\"2066\" data-end=\"2082\">Zils Slurpie<\/strong> \u2013 Ledaini zils \u0161\u013cura, lai ieg\u016btu v\u0113su, nostal\u0123isku saj\u016btu<\/p>\n<\/li>\n<li class=\"\" data-start=\"2129\" data-end=\"2179\">\n<p class=\"\" data-start=\"2131\" data-end=\"2179\"><strong data-start=\"2131\" data-end=\"2146\">\u0136ir\u0161u Bumba<\/strong> \u2013 Sp\u0113c\u012bgs \u0137ir\u0161u gar\u0161as spr\u0101dziens<\/p>\n<\/li>\n<li class=\"\" data-start=\"2180\" data-end=\"2241\">\n<p class=\"\" data-start=\"2182\" data-end=\"2241\"><strong data-start=\"2182\" data-end=\"2195\">V\u0113ss Piparm\u0113tra<\/strong> \u2013 Krauk\u0161\u0137\u012bga, atsvaidzino\u0161a piparm\u0113tra t\u012brai nosl\u0113guma notij<\/p>\n<\/li>\n<li class=\"\" data-start=\"2242\" data-end=\"2325\">\n<p class=\"\" data-start=\"2244\" data-end=\"2325\"><strong data-start=\"2244\" data-end=\"2274\">Mango P\u016b\u0137a Aug\u013cu Lemon\u0101de<\/strong> \u2013 Tropisks mango, p\u016b\u0137a aug\u013cu un citrusu apvienojums<\/p>\n<\/li>\n<li class=\"\" data-start=\"2326\" data-end=\"2378\">\n<p class=\"\" data-start=\"2328\" data-end=\"2378\"><strong data-start=\"2328\" data-end=\"2342\">Maiami Piparm\u0113tra<\/strong> \u2013 Maiga piparm\u0113tra ar piekrastes noska\u0146u<\/p>\n<\/li>\n<li class=\"\" data-start=\"2379\" data-end=\"2448\">\n<p class=\"\" data-start=\"2381\" data-end=\"2448\"><strong data-start=\"2381\" data-end=\"2406\">Zeme\u0146u Arb\u016bzs<\/strong> \u2013 Sul\u012bgs zeme\u0146u un arb\u016bzu apvienojums<\/p>\n<\/li>\n<li class=\"\" data-start=\"2449\" data-end=\"2502\">\n<p class=\"\" data-start=\"2451\" data-end=\"2502\"><strong data-start=\"2451\" data-end=\"2467\">Vasaras spr\u0101dziens<\/strong> \u2013 Jaukts vasaras aug\u013cu spr\u0101dziens<\/p>\n<\/li>\n<li class=\"\" data-start=\"2449\" data-end=\"2502\">\n<p class=\"\" data-start=\"2451\" data-end=\"2502\"><strong style=\"font-size: 16px;\" data-start=\"2505\" data-end=\"2525\">Arb\u016bzu atv\u0113sin\u0101jums<\/strong><span style=\"font-size: 16px;\"> \u2013 Atsvaidzino\u0161a atv\u0113sin\u0101ta arb\u016bza gar\u0161a<\/span><\/p>\n<p>&nbsp;<\/p>\n<p>&nbsp;<\/p>\n<p>&nbsp;<\/p>\n<div class=\"mceTemp\">\n<p>&nbsp;<\/p>\n<p><img decoding=\"async\" class=\"wp-image-4112 size-full\" src=\"https:\/\/vapestornado.com\/wp-content\/uploads\/2025\/04\/Solaris-25K-Disposable-Wholesale.png\" alt=\"Solaris 25K Vienreiz\u0113j\u0101s lieto\u0161anas vairumtirdzniec\u012bba\" width=\"800\" height=\"800\" srcset=\"https:\/\/vapestornado.com\/wp-content\/uploads\/2025\/04\/Solaris-25K-Disposable-Wholesale.png 800w, https:\/\/vapestornado.com\/wp-content\/uploads\/2025\/04\/Solaris-25K-Disposable-Wholesale-300x300.png 300w, https:\/\/vapestornado.com\/wp-content\/uploads\/2025\/04\/Solaris-25K-Disposable-Wholesale-150x150.png 150w, https:\/\/vapestornado.com\/wp-content\/uploads\/2025\/04\/Solaris-25K-Disposable-Wholesale-768x768.png 768w, https:\/\/vapestornado.com\/wp-content\/uploads\/2025\/04\/Solaris-25K-Disposable-Wholesale-600x600.png 600w, https:\/\/vapestornado.com\/wp-content\/uploads\/2025\/04\/Solaris-25K-Disposable-Wholesale-100x100.png 100w\" sizes=\"(max-width: 800px) 100vw, 800px\" \/><\/p>\n<\/div>\n<\/li>\n<\/ul>\n<\/div>\n<\/div>\n<\/div>\n<\/div>\n<\/div>\n<\/div>\n<\/div>\n<\/div>\n<\/article>\n<\/div>\n<\/div>\n<\/div>\n<\/div>\n<\/div>\n<\/div>\n<\/div>\n<\/div>\n<\/div>\n<\/div>\n<\/article>\n<h2>K\u0101p\u0113c izv\u0113l\u0113ties Vapestornado Solaris 25000 Puff Puff vairumtirdzniec\u012bbai?<\/h2>\n<div class=\"flex-shrink-0 flex flex-col relative items-end\">\n<div class=\"pt-0\">\n<div class=\"gizmo-bot-avatar flex h-8 w-8 items-center justify-center overflow-hidden rounded-full\">\n<div class=\"relative p-1 rounded-sm flex items-center justify-center bg-token-main-surface-primary text-token-text-primary h-8 w-8\">\n<p>At\u00a0<strong>VapeTornado<\/strong>, m\u0113s lepojamies ar to, ka pied\u0101v\u0101jam\u00a0<strong>augst\u0101k\u0101s kvalit\u0101tes tvaic\u0113\u0161anas produktus par nep\u0101rsp\u0113jam\u0101m cen\u0101m<\/strong>\u2014un Elf Box Crystal Bar 600 nav iz\u0146\u0113mums! L\u016bk, k\u0101p\u0113c jums vajadz\u0113tu ieg\u0101d\u0101ties no mums:<\/p>\n<p class=\"\" data-start=\"49\" data-end=\"193\"><strong data-start=\"49\" data-end=\"81\">Nep\u0101rsp\u0113jamas vairumtirdzniec\u012bbas cenas<\/strong> \u2013 Izbaudiet lab\u0101kos vairumtirdzniec\u012bbas pied\u0101v\u0101jumus tirg\u016b, padarot m\u016bs par iecien\u012bt\u0101ko pieg\u0101d\u0101t\u0101ju vape veikaliem un t\u0101l\u0101kp\u0101rdev\u0113jiem vis\u0101 pasaul\u0113.<\/p>\n<p class=\"\" data-start=\"195\" data-end=\"340\"><strong data-start=\"195\" data-end=\"228\">\u0100trs<\/strong> \u2013 M\u0113s pieg\u0101d\u0101jam j\u016bsu pas\u016bt\u012bjumus \u0101tri un dro\u0161i, ar uzticam\u0101m pieg\u0101des iesp\u0113j\u0101m vis\u0101 pasaul\u0113, kas piel\u0101gotas j\u016bsu vajadz\u012bb\u0101m.<\/p>\n<p class=\"\" data-start=\"342\" data-end=\"487\"><strong data-start=\"342\" data-end=\"367\">100% Ori\u0123in\u0101li produkti<\/strong> \u2013 Sakiet ardievas viltojumiem! M\u0113s garant\u0113jam tikai ori\u0123in\u0101las Solaris 25000 vienreizlietojam\u0101s e-cigaretes ar p\u0101rbaud\u012btu kvalit\u0101ti un veiktsp\u0113ju.<\/p>\n<p class=\"\" data-start=\"489\" data-end=\"627\"><strong data-start=\"489\" data-end=\"516\">Ekspertu klientu atbalsts<\/strong> \u2013 Vai jums ir jaut\u0101jumi? M\u016bsu zino\u0161\u0101 vape komanda ir \u0161eit, lai pal\u012bdz\u0113tu jums jebkur\u0101 laik\u0101, nodro\u0161inot vienm\u0113r\u012bgu un bezr\u016bp\u012bgu apkalpo\u0161anu.<\/p>\n<p data-start=\"559\" data-end=\"933\" data-is-last-node=\"\" data-is-only-node=\"\">Mums ir ar\u012b citi popul\u0101ri veipi ar ekr\u0101nu, piem\u0113ram <a href=\"https:\/\/vapestornado.com\/lv\/product\/bang-king-vape-36000-puff-dual-vaping-mode-disposables-pod-best-price\/\">BANG KING 36000 \u0160i\u0161a<\/a>, <a href=\"https:\/\/vapestornado.com\/lv\/product\/waspe-aiviou-3-in-1-60000-puffs-disposable-vape-kit-best-price\/\">WASPE 60000 3 vien\u0101<\/a>, <a href=\"https:\/\/vapestornado.com\/lv\/product\/alfakh-crown-bar-20000-puffs-disposable-shisha-hookah-wholesale-vape-pen\/\">ALFAKH 20000<\/a>, un citi.<\/p>\n<\/div>\n<div class=\"relative p-1 rounded-sm flex items-center justify-center bg-token-main-surface-primary text-token-text-primary h-8 w-8\">\n<h2>BUJ par Solaris 25000 Puff<\/h2>\n<p class=\"\" data-start=\"155\" data-end=\"385\"><strong data-start=\"155\" data-end=\"212\">1. K\u0101 es varu uzl\u0101d\u0113t Solaris 25000 vienreiz\u0113j\u0101s lieto\u0161anas vape?<\/strong><br data-start=\"212\" data-end=\"215\" \/>Solaris 25000 ir apr\u012bkots ar div\u0101m uzl\u0101des metod\u0113m: ieb\u016bv\u0113tu <strong data-start=\"276\" data-end=\"291\">saules paneli<\/strong> videi draudz\u012bgai uzl\u0101dei un <strong data-start=\"324\" data-end=\"343\">USB Type-C portu<\/strong> (kabelis nav iek\u013cauts) \u0101trai uzl\u0101dei.<\/p>\n<p class=\"\" data-start=\"387\" data-end=\"576\"><strong data-start=\"387\" data-end=\"438\">2. Cik daudz uzp\u016btienu pied\u0101v\u0101 Solaris 25000?<\/strong><br data-start=\"438\" data-end=\"441\" \/>Katra ier\u012bce nodro\u0161ina aptuveni <strong data-start=\"476\" data-end=\"492\">25 000 uzp\u016btieniem<\/strong>, pateicoties t\u0101 lielas ietilp\u012bbas <strong data-start=\"522\" data-end=\"550\">18 ml iepriek\u0161 uzpild\u012bta e-\u0161\u0137idruma<\/strong> un uzl\u0101d\u0113jamu akumulatoru.<\/p>\n<p class=\"\" data-start=\"578\" data-end=\"805\"><strong data-start=\"578\" data-end=\"637\">3. K\u0101da ir at\u0161\u0137ir\u012bba starp norm\u0101lo un Boost re\u017e\u012bmu?<\/strong><br data-start=\"637\" data-end=\"640\" \/>Norm\u0101lais re\u017e\u012bms pied\u0101v\u0101 vienm\u0113r\u012bg\u0101ku, standarta vape pieredzi, savuk\u0101rt Boost re\u017e\u012bms pastiprina tvaika ra\u017eo\u0161anu un triecienu kakl\u0101 \u2014 ide\u0101li piem\u0113rots lietot\u0101jiem, kuri mekl\u0113 sp\u0113c\u012bg\u0101ku veiktsp\u0113ju.<\/p>\n<p class=\"\" data-start=\"807\" data-end=\"1031\"><strong data-start=\"807\" data-end=\"860\">4. Vai Solaris 25000 ir atk\u0101rtoti uzpild\u0101ms vai vienreiz\u0113jas lieto\u0161anas?<\/strong><br data-start=\"860\" data-end=\"863\" \/>Solaris 25000 ir <strong data-start=\"882\" data-end=\"901\">vienreizlietojams iztvaic\u0113t\u0101js<\/strong>. Lai gan tas ir <strong data-start=\"915\" data-end=\"931\">uzl\u0101d\u0113jams<\/strong>, tas ir <strong data-start=\"942\" data-end=\"975\">iepriek\u0161 piepild\u012bts un nav atk\u0101rtoti uzpild\u0101ms<\/strong>, pied\u0101v\u0101jot \u0113rt\u012bbas bez nepiecie\u0161am\u012bbas veikt apkopi.<\/p>\n<p class=\"\" data-start=\"1033\" data-end=\"1232\"><strong data-start=\"1033\" data-end=\"1094\">5. K\u0101ds ir nikot\u012bna stiprums Solaris 25000?<\/strong><br data-start=\"1094\" data-end=\"1097\" \/>Katr\u0101 vien\u012bb\u0101 ir <strong data-start=\"1116\" data-end=\"1138\">5% (50mg) nikot\u012bna<\/strong>, nodro\u0161inot apmierino\u0161u triecienu, kas piem\u0113rots pieaugu\u0161ajiem lietot\u0101jiem, kuri mekl\u0113 sp\u0113c\u012bg\u0101ku nikot\u012bna pieredzi.<\/p>\n<\/div>\n<\/div>\n<\/div>\n<\/div>","protected":false},"excerpt":{"rendered":"<p class=\"LC20lb MBeuO DKV0Md\">Solaris 25000 uzp\u016btienu Lab\u0101kais tie\u0161saistes Vape veikals Latvij\u0101<br \/>\nSolaris 25000 uzp\u016btienu vape Vairumtirdzniec\u012bba L\u0113ta cena<br \/>\nKarsti p\u0101rdodamie Solaris 25000 uzp\u016btienu vienreiz\u0113j\u0101s lieto\u0161anas iztvaic\u0113t\u0101ji<\/p>\n<p><strong>Pievienojiet Eimijas WhatsApp, lai sa\u0146emtu prec\u012bzu atbildi un atlaidi!<\/strong><\/p>\n<p><img fetchpriority=\"high\" decoding=\"async\" class=\"size-full wp-image-2932\" src=\"https:\/\/vapestornado.com\/wp-content\/uploads\/2024\/12\/Vape-Wholesale.jpg\" alt=\"Veipu Vairumtirdzniec\u012bba\" width=\"229\" height=\"300\" \/><\/p>\n<h3><a href=\"https:\/\/wa.me\/8617776015835\"><span style=\"color: #ff0000;\"><strong>WhatsApp: +86 17776015835<\/strong><\/span><\/a><\/h3>\n<p>&nbsp;<\/p>","protected":false},"featured_media":4114,"comment_status":"open","ping_status":"closed","template":"","meta":{"_acf_changed":false,"_uag_custom_page_level_css":"","_lmt_disableupdate":"no","_lmt_disable":"","_monsterinsights_skip_tracking":false,"_monsterinsights_sitenote_active":false,"_monsterinsights_sitenote_note":"","_monsterinsights_sitenote_category":0,"site-sidebar-layout":"default","site-content-layout":"","ast-site-content-layout":"default","site-content-style":"default","site-sidebar-style":"default","ast-global-header-display":"","ast-banner-title-visibility":"","ast-main-header-display":"","ast-hfb-above-header-display":"","ast-hfb-below-header-display":"","ast-hfb-mobile-header-display":"","site-post-title":"","ast-breadcrumbs-content":"","ast-featured-img":"","footer-sml-layout":"","ast-disable-related-posts":"","theme-transparent-header-meta":"default","adv-header-id-meta":"","stick-header-meta":"","header-above-stick-meta":"","header-main-stick-meta":"","header-below-stick-meta":"","astra-migrate-meta-layouts":"set","ast-page-background-enabled":"default","ast-page-background-meta":{"desktop":{"background-color":"","background-image":"","background-repeat":"repeat","background-position":"center center","background-size":"auto","background-attachment":"scroll","background-type":"","background-media":"","overlay-type":"","overlay-color":"","overlay-opacity":"","overlay-gradient":""},"tablet":{"background-color":"","background-image":"","background-repeat":"repeat","background-position":"center center","background-size":"auto","background-attachment":"scroll","background-type":"","background-media":"","overlay-type":"","overlay-color":"","overlay-opacity":"","overlay-gradient":""},"mobile":{"background-color":"","background-image":"","background-repeat":"repeat","background-position":"center center","background-size":"auto","background-attachment":"scroll","background-type":"","background-media":"","overlay-type":"","overlay-color":"","overlay-opacity":"","overlay-gradient":""}},"ast-content-background-meta":{"desktop":{"background-color":"var(--ast-global-color-5)","background-image":"","background-repeat":"repeat","background-position":"center center","background-size":"auto","background-attachment":"scroll","background-type":"","background-media":"","overlay-type":"","overlay-color":"","overlay-opacity":"","overlay-gradient":""},"tablet":{"background-color":"var(--ast-global-color-5)","background-image":"","background-repeat":"repeat","background-position":"center center","background-size":"auto","background-attachment":"scroll","background-type":"","background-media":"","overlay-type":"","overlay-color":"","overlay-opacity":"","overlay-gradient":""},"mobile":{"background-color":"var(--ast-global-color-5)","background-image":"","background-repeat":"repeat","background-position":"center center","background-size":"auto","background-attachment":"scroll","background-type":"","background-media":"","overlay-type":"","overlay-color":"","overlay-opacity":"","overlay-gradient":""}},"_joinchat":{"telephone":"17776015835"}},"product_brand":[],"product_cat":[68,149,156,142,146],"product_tag":[105,331,330],"class_list":{"0":"post-4118","1":"product","2":"type-product","3":"status-publish","4":"has-post-thumbnail","6":"product_cat-25000-puff","7":"product_cat-buy-disposable-vapes-in-austria","8":"product_cat-buy-disposable-vapes-in-poland","9":"product_cat-digital-box-disposable-vapes","10":"product_cat-rechargeable-disposable-vapes","11":"product_tag-digital-disposable-vape","12":"product_tag-dispsoable-vape-kit-usa","13":"product_tag-solaris-25000-puff","14":"desktop-align-left","15":"tablet-align-left","16":"mobile-align-left","18":"first","19":"instock","20":"sale","21":"shipping-taxable","22":"purchasable","23":"product-type-simple"},"acf":[],"uagb_featured_image_src":{"full":["https:\/\/vapestornado.com\/wp-content\/uploads\/2025\/04\/Solaris-25000-Puffs-Rechargeable-Disposable.png",800,800,false],"thumbnail":["https:\/\/vapestornado.com\/wp-content\/uploads\/2025\/04\/Solaris-25000-Puffs-Rechargeable-Disposable-150x150.png",150,150,true],"medium":["https:\/\/vapestornado.com\/wp-content\/uploads\/2025\/04\/Solaris-25000-Puffs-Rechargeable-Disposable-300x300.png",300,300,true],"medium_large":["https:\/\/vapestornado.com\/wp-content\/uploads\/2025\/04\/Solaris-25000-Puffs-Rechargeable-Disposable-768x768.png",768,768,true],"large":["https:\/\/vapestornado.com\/wp-content\/uploads\/2025\/04\/Solaris-25000-Puffs-Rechargeable-Disposable.png",800,800,false],"1536x1536":["https:\/\/vapestornado.com\/wp-content\/uploads\/2025\/04\/Solaris-25000-Puffs-Rechargeable-Disposable.png",800,800,false],"2048x2048":["https:\/\/vapestornado.com\/wp-content\/uploads\/2025\/04\/Solaris-25000-Puffs-Rechargeable-Disposable.png",800,800,false],"trp-custom-language-flag":["https:\/\/vapestornado.com\/wp-content\/uploads\/2025\/04\/Solaris-25000-Puffs-Rechargeable-Disposable.png",12,12,false],"woocommerce_thumbnail":["https:\/\/vapestornado.com\/wp-content\/uploads\/2025\/04\/Solaris-25000-Puffs-Rechargeable-Disposable-300x300.png",300,300,true],"woocommerce_single":["https:\/\/vapestornado.com\/wp-content\/uploads\/2025\/04\/Solaris-25000-Puffs-Rechargeable-Disposable-600x600.png",600,600,true],"woocommerce_gallery_thumbnail":["https:\/\/vapestornado.com\/wp-content\/uploads\/2025\/04\/Solaris-25000-Puffs-Rechargeable-Disposable-100x100.png",100,100,true]},"uagb_author_info":{"display_name":"ESAMY","author_link":"https:\/\/vapestornado.com\/lv\/author\/"},"uagb_comment_info":0,"uagb_excerpt":"Solaris 25000 Puff\u00a0 Best online Vape store USA Solaris 25000 Puff vape Wholesale Cheap Price Hot Selling Solaris 25000 Puff Disposables Vapor Add Amy's whatsapp to get right reply and discount price! WhatsApp: +86 17776015835 &nbsp;","_links":{"self":[{"href":"https:\/\/vapestornado.com\/lv\/wp-json\/wp\/v2\/product\/4118","targetHints":{"allow":["GET"]}}],"collection":[{"href":"https:\/\/vapestornado.com\/lv\/wp-json\/wp\/v2\/product"}],"about":[{"href":"https:\/\/vapestornado.com\/lv\/wp-json\/wp\/v2\/types\/product"}],"replies":[{"embeddable":true,"href":"https:\/\/vapestornado.com\/lv\/wp-json\/wp\/v2\/comments?post=4118"}],"wp:featuredmedia":[{"embeddable":true,"href":"https:\/\/vapestornado.com\/lv\/wp-json\/wp\/v2\/media\/4114"}],"wp:attachment":[{"href":"https:\/\/vapestornado.com\/lv\/wp-json\/wp\/v2\/media?parent=4118"}],"wp:term":[{"taxonomy":"product_brand","embeddable":true,"href":"https:\/\/vapestornado.com\/lv\/wp-json\/wp\/v2\/product_brand?post=4118"},{"taxonomy":"product_cat","embeddable":true,"href":"https:\/\/vapestornado.com\/lv\/wp-json\/wp\/v2\/product_cat?post=4118"},{"taxonomy":"product_tag","embeddable":true,"href":"https:\/\/vapestornado.com\/lv\/wp-json\/wp\/v2\/product_tag?post=4118"}],"curies":[{"name":"wp","href":"https:\/\/api.w.org\/{rel}","templated":true}]}}