{"id":4111,"date":"2025-04-11T09:55:33","date_gmt":"2025-04-11T09:55:33","guid":{"rendered":"https:\/\/vapestornado.com\/?post_type=product&#038;p=4111"},"modified":"2025-12-04T03:58:48","modified_gmt":"2025-12-04T03:58:48","slug":"high-quality-bang-leader-30000-puffs-disposable-box-pod-vaporizer","status":"publish","type":"product","link":"https:\/\/vapestornado.com\/lv\/product\/high-quality-bang-leader-30000-puffs-disposable-box-pod-vaporizer\/","title":{"rendered":"Augstas kvalit\u0101tes Bang Leader 30000 uzp\u016b\u0161u vienreiz\u0113j\u0101s lieto\u0161anas k\u0101rbas p\u0101ksts iztvaic\u0113t\u0101js"},"content":{"rendered":"<h1 data-pm-slice=\"1 1 []\">Augstas kvalit\u0101tes Bang Leader 30000 uzp\u016b\u0161u vienreiz\u0113j\u0101s lieto\u0161anas k\u0101rbas p\u0101ksts iztvaic\u0113t\u0101js<\/h1>\n<p data-start=\"1148\" data-end=\"1548\">Ja v\u0113laties vienreiz\u0113ju ier\u012bci, kas kalpo daudz ilg\u0101k nek\u0101 standarta ier\u012bces, \u013cauj p\u0101rsl\u0113gties starp diviem arom\u0101tiem uzreiz un inform\u0113 ar viedu ekr\u0101nu, Bang Leader 30000 P\u016b\u0161\u013ci nodro\u0161ina l\u012bdz pat 30 000 p\u016b\u0161\u013ciem ar dubultu re\u017e\u0123a spir\u0101\u013cu, divu arom\u0101tu rot\u0101ciju un Type-C uzl\u0101di kompakt\u0101 dizain\u0101.<\/p>\n<ul>\n<li data-start=\"759\" data-end=\"922\">\n<p data-start=\"761\" data-end=\"922\"><strong data-start=\"761\" data-end=\"779\">Veidots, lai kalpotu:<\/strong> Ar <strong data-start=\"785\" data-end=\"807\">l\u012bdz 30 000 p\u016b\u0161\u013ciem<\/strong>, tas ir <strong data-start=\"819\" data-end=\"854\">visilg\u0101k kalpojo\u0161ais vienreizlietojamais veips<\/strong> izv\u0113le sav\u0101 klas\u0113, samazinot nomai\u0146u un izmaksas uz p\u016b\u0161\u013cu.<\/p>\n<\/li>\n<li data-start=\"923\" data-end=\"1082\">\n<p data-start=\"925\" data-end=\"1082\"><strong data-start=\"925\" data-end=\"953\">Divi arom\u0101ti, viena ier\u012bce:<\/strong> T\u0101 <strong data-start=\"958\" data-end=\"1001\">Bang Leader 30000 P\u016b\u0161\u013cu divu arom\u0101tu vape<\/strong> \u013cauj p\u0101rsl\u0113gties starp diviem profiliem uzreiz\u2014nav nepiecie\u0161ama papildu vape.<\/p>\n<\/li>\n<li data-start=\"1083\" data-end=\"1235\">\n<p data-start=\"1085\" data-end=\"1235\"><strong data-start=\"1085\" data-end=\"1107\">Re\u0101llaika kontrole:<\/strong> K\u0101 <strong data-start=\"1113\" data-end=\"1148\">vienreiz\u0113ja vape ar LED ekr\u0101nu<\/strong>, tas skaidri r\u0101da akumulatora un e-\u0161\u0137idruma l\u012bmeni, t\u0101p\u0113c nekad nav j\u0101min, cik ilgi v\u0113l paliek.<\/p>\n<\/li>\n<li data-start=\"1236\" data-end=\"1377\">\n<p data-start=\"1238\" data-end=\"1377\"><strong data-start=\"1238\" data-end=\"1267\">Uzticama arom\u0101ta pieg\u0101de:<\/strong> <strong data-start=\"1268\" data-end=\"1287\">Dubultas sieta spoles<\/strong> saglab\u0101 tvaiku bl\u012bvu un arom\u0101tu gludu no pirm\u0101 l\u012bdz p\u0113d\u0113jam ieelpojumam, pat ilgsto\u0161as lieto\u0161anas laik\u0101.<\/p>\n<\/li>\n<li data-start=\"1378\" data-end=\"1517\">\n<p data-start=\"1380\" data-end=\"1517\"><strong data-start=\"1380\" data-end=\"1411\">\u0112rta uz vietas uzl\u0101de:<\/strong> <strong data-start=\"1412\" data-end=\"1450\">550mAh Type-C uzl\u0101d\u0113jams akumulators<\/strong> \u013cauj pabeigt pilnu tvertni, neizsl\u0113dzoties ier\u012bcei agr\u0101k.<\/p>\n<\/li>\n<\/ul>\n<h2 class=\"\" data-start=\"1229\" data-end=\"1282\"><strong data-start=\"1235\" data-end=\"1282\">Bang Leader 30000 P\u016b\u0161\u013cu Vape specifik\u0101cija<\/strong><\/h2>\n<table>\n<thead>\n<tr>\n<th>Parametrs<\/th>\n<th align=\"right\">Spec<\/th>\n<th>Cilv\u0113ka paskaidrojums<\/th>\n<\/tr>\n<\/thead>\n<tbody>\n<tr>\n<td>Pufiju ietilp\u012bba<\/td>\n<td align=\"right\">L\u012bdz 30 000 p\u016b\u0161\u013ciem<\/td>\n<td>Ilg\u0101k kalpojo\u0161a vienreiz\u0113ja vape sav\u0101 klas\u0113; maz\u0101k atk\u0101rtotu pirkumu.<\/td>\n<\/tr>\n<tr>\n<td>Gar\u0161as sist\u0113ma<\/td>\n<td align=\"right\">Divk\u0101r\u0161a gar\u0161as rot\u0101cija<\/td>\n<td>Divas gar\u0161as vien\u0101 ier\u012bc\u0113; pagrieziet, lai p\u0101rsl\u0113gtos uzreiz.<\/td>\n<\/tr>\n<tr>\n<td>Spoles veids<\/td>\n<td align=\"right\">Dubultas sieta spoles<\/td>\n<td>Vienm\u0113r\u012bga siltuma padeve = stipr\u0101ka gar\u0161a, glud\u0101ks tvaiks, maz\u0101ka izbal\u0113\u0161ana.<\/td>\n<\/tr>\n<tr>\n<td>Akumulators<\/td>\n<td align=\"right\">550mAh uzl\u0101d\u0113jama akumulators<\/td>\n<td>Pietiekama jauda ilgam lieto\u0161anai; uzl\u0101d\u0113jiet, nevis zaud\u0113jiet p\u012bp\u0113\u0161anas iesp\u0113jas.<\/td>\n<\/tr>\n<tr>\n<td>Uzl\u0101de<\/td>\n<td align=\"right\">USB Type-C<\/td>\n<td>\u0100trs, univers\u0101ls uzl\u0101des kabelis.<\/td>\n<\/tr>\n<tr>\n<td>Displejs<\/td>\n<td align=\"right\">LED gudrs ekr\u0101ns<\/td>\n<td>R\u0101da akumulatora un e-\u0161\u0137idruma l\u012bmeni, lai j\u016bs b\u016btu kontrol\u0113.<\/td>\n<\/tr>\n<tr>\n<td>Aktiviz\u0101cija<\/td>\n<td align=\"right\">Aktiviz\u0113jas ievelkot<\/td>\n<td>Bez pog\u0101m; ieelpojiet, lai p\u012bp\u0113tu\u2014draudz\u012bgs ies\u0101c\u0113jiem.<\/td>\n<\/tr>\n<tr>\n<td>Korpusa stils<\/td>\n<td align=\"right\">Kompakta kastes dizains<\/td>\n<td>Viegli n\u0113s\u0101t, iztur\u012bgs kabat\u0101s vai som\u0101s.<\/td>\n<\/tr>\n<tr>\n<td>M\u0113r\u0137a lietojums<\/td>\n<td align=\"right\">Ikdienas + intens\u012bvas sesijas<\/td>\n<td>Der ikdienas lietot\u0101jiem un bie\u017ei p\u012bp\u0113t\u0101jiem.<\/td>\n<\/tr>\n<\/tbody>\n<\/table>\n<p data-start=\"666\" data-end=\"1235\"><strong style=\"font-size: 16px;\"><span style=\"color: #ff0000;\">Pievienojiet Amy WhatsApp, lai sa\u0146emtu t\u016bl\u012bt\u0113ju atbildi un atlai\u017eu cenu!<\/span><\/strong><\/p>\n<p><img fetchpriority=\"high\" decoding=\"async\" class=\"size-full wp-image-2932\" src=\"https:\/\/vapestornado.com\/wp-content\/uploads\/2024\/12\/Vape-Wholesale.jpg\" alt=\"Veipu Vairumtirdzniec\u012bba\" width=\"229\" height=\"300\" \/><\/p>\n<h3><a href=\"https:\/\/wa.me\/8617776015835\" target=\"_blank\" rel=\"noopener\"><span style=\"color: #ff0000;\"><strong>WhatsApp: +86 17776015835<\/strong><\/span><\/a><\/h3>\n<p>&nbsp;<\/p>\n<h2 class=\"product-title\"><strong>Bang Leader 30k Vienreiz\u0113j\u0101s Lieto\u0161anas E Cigare\u0161u Gar\u0161u P\u0101rskats<\/strong><\/h2>\n<article class=\"w-full text-token-text-primary focus-visible:outline-2 focus-visible:outline-offset-[-4px]\" dir=\"auto\" data-testid=\"conversation-turn-32\" data-scroll-anchor=\"false\">\n<div class=\"m-auto text-base py-[18px] px-6\">\n<div class=\"mx-auto flex flex-1 text-base gap-4 md:gap-5 lg:gap-6 md:max-w-3xl lg:max-w-[40rem] xl:max-w-[48rem]\">\n<div class=\"group\/conversation-turn relative flex w-full min-w-0 flex-col @xs\/thread:px-0 @sm\/thread:px-1.5 @md\/thread:px-4\">\n<div class=\"flex-col gap-1 md:gap-3\">\n<div class=\"flex max-w-full flex-col flex-grow\">\n<div class=\"min-h-8 text-message flex w-full flex-col items-end gap-2 whitespace-normal break-words text-start [.text-message+&amp;]:mt-5\" dir=\"auto\" data-message-author-role=\"user\" data-message-id=\"ffac41ca-1db4-431b-873a-32c4052956f1\">\n<div class=\"flex w-full flex-col gap-1 empty:hidden items-end rtl:items-start\">\n<div class=\"relative max-w-[var(--user-chat-width,70%)] rounded-3xl bg-token-message-surface px-5 py-2.5\">\n<div class=\"absolute bottom-0 right-full top-0 -mr-3.5 hidden pr-5 pt-2 [.group\/conversation-turn:hover_&amp;]:flex\">\n<div class=\"flex\">\n<article class=\"w-full text-token-text-primary focus-visible:outline-2 focus-visible:outline-offset-[-4px]\" dir=\"auto\" data-testid=\"conversation-turn-39\" data-scroll-anchor=\"true\">\n<div class=\"m-auto text-base py-[18px] px-6\">\n<div class=\"mx-auto flex flex-1 text-base gap-4 md:gap-5 lg:gap-6 md:max-w-3xl lg:max-w-[40rem] xl:max-w-[48rem]\">\n<div class=\"group\/conversation-turn relative flex w-full min-w-0 flex-col agent-turn @xs\/thread:px-0 @sm\/thread:px-1.5 @md\/thread:px-4\">\n<div class=\"flex-col gap-1 md:gap-3\">\n<div class=\"flex max-w-full flex-col flex-grow\">\n<div class=\"min-h-8 text-message flex w-full flex-col items-end gap-2 whitespace-normal break-words text-start [.text-message+&amp;]:mt-5\" dir=\"auto\" data-message-author-role=\"assistant\" data-message-id=\"55a23854-ec57-48dd-bd4f-6118f43d6241\" data-message-model-slug=\"gpt-4o\">\n<div class=\"flex w-full flex-col gap-1 empty:hidden first:pt-[3px]\">\n<div class=\"markdown prose w-full break-words dark:prose-invert light\">\n<p>1.Arb\u016bzu Ledus<br \/>\n2.Arb\u016bzu Ledus<br \/>\n6. Zeme\u0146u arb\u016bzu<br \/>\n4.Zeme\u0146u un Arb\u016bzu<br \/>\n5.Melle\u0146u Ave\u0146u<br \/>\n6.Melle\u0146u Ave\u0146u<br \/>\n7. Melle\u0146u ledus<br \/>\n8. Melle\u0146u ledus<br \/>\n9. Red Bull<br \/>\n10. Red Bull<br \/>\n11. Zeme\u0146u kivi<br \/>\n12. Zeme\u0146u kivi<\/p>\n<figure id=\"attachment_4109\" aria-describedby=\"caption-attachment-4109\" style=\"width: 800px\" class=\"wp-caption alignnone\"><img decoding=\"async\" class=\"wp-image-4109 size-full\" src=\"https:\/\/vapestornado.com\/wp-content\/uploads\/2025\/04\/High-Quality-Bang-Leader-30000-Puffs-Pen-Pod.webp\" alt=\"Augstas kvalit\u0101tes Bang Leader 30000 uzp\u016btienu pildspalvas pods\" width=\"800\" height=\"800\" srcset=\"https:\/\/vapestornado.com\/wp-content\/uploads\/2025\/04\/High-Quality-Bang-Leader-30000-Puffs-Pen-Pod.webp 800w, https:\/\/vapestornado.com\/wp-content\/uploads\/2025\/04\/High-Quality-Bang-Leader-30000-Puffs-Pen-Pod-300x300.webp 300w, https:\/\/vapestornado.com\/wp-content\/uploads\/2025\/04\/High-Quality-Bang-Leader-30000-Puffs-Pen-Pod-150x150.webp 150w, https:\/\/vapestornado.com\/wp-content\/uploads\/2025\/04\/High-Quality-Bang-Leader-30000-Puffs-Pen-Pod-768x768.webp 768w, https:\/\/vapestornado.com\/wp-content\/uploads\/2025\/04\/High-Quality-Bang-Leader-30000-Puffs-Pen-Pod-600x600.webp 600w, https:\/\/vapestornado.com\/wp-content\/uploads\/2025\/04\/High-Quality-Bang-Leader-30000-Puffs-Pen-Pod-100x100.webp 100w\" sizes=\"(max-width: 800px) 100vw, 800px\" \/><figcaption id=\"caption-attachment-4109\" class=\"wp-caption-text\">Augstas kvalit\u0101tes Bang Leader 30000 uzp\u016btienu pildspalvas pods<\/figcaption><\/figure>\n<\/div>\n<\/div>\n<\/div>\n<\/div>\n<\/div>\n<\/div>\n<\/div>\n<\/div>\n<\/article>\n<\/div>\n<\/div>\n<\/div>\n<\/div>\n<\/div>\n<\/div>\n<\/div>\n<\/div>\n<\/div>\n<\/div>\n<\/article>\n<h2>K\u0101p\u0113c izv\u0113l\u0113ties Vapestornado ir lab\u0101k\u0101 vieta, kur ieg\u0101d\u0101ties e-cigaretes?<\/h2>\n<div class=\"flex-shrink-0 flex flex-col relative items-end\">\n<div class=\"pt-0\">\n<div class=\"gizmo-bot-avatar flex h-8 w-8 items-center justify-center overflow-hidden rounded-full\">\n<div class=\"relative p-1 rounded-sm flex items-center justify-center bg-token-main-surface-primary text-token-text-primary h-8 w-8\">\n<p>At\u00a0<strong>VapeTornado<\/strong>, m\u0113s lepojamies ar to, ka pied\u0101v\u0101jam\u00a0<strong>augst\u0101k\u0101s kvalit\u0101tes tvaic\u0113\u0161anas produktus par nep\u0101rsp\u0113jam\u0101m cen\u0101m<\/strong>\u2014un Bang Leader 30000 Puff 30k nav iz\u0146\u0113mums! L\u016bk, k\u0101p\u0113c jums vajadz\u0113tu ieg\u0101d\u0101ties no mums:<\/p>\n<p class=\"\" data-start=\"49\" data-end=\"193\"><strong data-start=\"49\" data-end=\"81\">Nep\u0101rsp\u0113jamas vairumtirdzniec\u012bbas cenas<\/strong> \u2013 Izbaudiet lab\u0101kos vairumtirdzniec\u012bbas pied\u0101v\u0101jumus tirg\u016b, padarot m\u016bs par iecien\u012bt\u0101ko pieg\u0101d\u0101t\u0101ju vape veikaliem un t\u0101l\u0101kp\u0101rdev\u0113jiem vis\u0101 pasaul\u0113.<\/p>\n<p class=\"\" data-start=\"195\" data-end=\"340\"><strong data-start=\"195\" data-end=\"228\">\u0100trs<\/strong> \u2013 M\u0113s pieg\u0101d\u0101jam j\u016bsu pas\u016bt\u012bjumus \u0101tri un dro\u0161i, ar uzticam\u0101m pieg\u0101des iesp\u0113j\u0101m vis\u0101 pasaul\u0113, kas piel\u0101gotas j\u016bsu vajadz\u012bb\u0101m.<\/p>\n<p class=\"\" data-start=\"342\" data-end=\"487\"><strong data-start=\"342\" data-end=\"367\">100% Ori\u0123in\u0101li produkti<\/strong> \u2013 Atvadieties no viltojumiem! M\u0113s garant\u0113jam tikai ori\u0123in\u0101lus Bang Leader 30000 Puffs vapes ar p\u0101rbaud\u012btu kvalit\u0101ti un veiktsp\u0113ju.<\/p>\n<p class=\"\" data-start=\"489\" data-end=\"627\"><strong data-start=\"489\" data-end=\"516\">Ekspertu klientu atbalsts<\/strong> \u2013 Vai jums ir jaut\u0101jumi? M\u016bsu zino\u0161\u0101 vape komanda ir \u0161eit, lai pal\u012bdz\u0113tu jums jebkur\u0101 laik\u0101, nodro\u0161inot vienm\u0113r\u012bgu un bezr\u016bp\u012bgu apkalpo\u0161anu.<\/p>\n<p data-start=\"559\" data-end=\"933\" data-is-last-node=\"\" data-is-only-node=\"\">Mums ir ar\u012b citi popul\u0101ri veipi ar ekr\u0101nu, piem\u0113ram <a href=\"https:\/\/vapestornado.com\/lv\/product\/wga-legend-ultra-30k-30000-puffs-rechargeable-vape-pod-twins-flavor\/\">WGA Crystal 30000 uzp\u016btienu<\/a>, <a href=\"https:\/\/vapestornado.com\/lv\/product\/waspe-aiviou-3-in-1-60000-puffs-disposable-vape-kit-best-price\/\">WASPE 60000 3 vien\u0101<\/a>, <a href=\"https:\/\/vapestornado.com\/lv\/product\/uzy-crystal-50000-puff-twin-flavor-bulk-vapes-for-cheap\/\">UZY Krist\u0101ls 50000<\/a>, un citi.<\/p>\n<\/div>\n<div class=\"relative p-1 rounded-sm flex items-center justify-center bg-token-main-surface-primary text-token-text-primary h-8 w-8\">\n<h2>BUJ (Bie\u017e\u0101k uzdotie jaut\u0101jumi) par Bang Leader 30000 uzp\u016btieniem, kas jums var\u0113tu b\u016bt noder\u012bgi<\/h2>\n<p data-start=\"1588\" data-end=\"1913\"><strong data-start=\"1588\" data-end=\"1678\">J: \u201cEs esmu noguris no vienreizlietojamiem, kas izbeidzas da\u017e\u0101s dien\u0101s. Vai \u0161is patie\u0161\u0101m ilgs?\u201d<\/strong><br data-start=\"1678\" data-end=\"1681\" \/><strong data-start=\"1681\" data-end=\"1687\">A:<\/strong> J\u0101. Bang Leader nodro\u0161ina <strong data-start=\"1718\" data-end=\"1740\">l\u012bdz 30 000 p\u016b\u0161\u013ciem<\/strong>, t\u0101p\u0113c liel\u0101k\u0101 da\u013ca lietot\u0101ju ieg\u016bst <strong data-start=\"1760\" data-end=\"1776\">ned\u0113\u013cas ilgu lieto\u0161anu<\/strong>, ne dienas. T\u0101 ir paredz\u0113ta smagiem vaperiem, kuri v\u0113las maz\u0101k nomai\u0146u, un ikdienas lietot\u0101jiem, kuri v\u0113las ier\u012bci, kas paliek uzticama ilg\u0101k.<\/p>\n<p data-start=\"1915\" data-end=\"2197\"><strong data-start=\"1915\" data-end=\"1980\">J: \u201cVai augsta iepakojuma vienreiz\u0113jais l\u012bdzeklis zaud\u0113 gar\u0161u pusce\u013c\u0101?\u201d<\/strong><br data-start=\"1980\" data-end=\"1983\" \/><strong data-start=\"1983\" data-end=\"1989\">A:<\/strong> Tas ir bie\u017ei sastopams ar standarta spol\u0113m. Bang Leader to risina, izmantojot <strong data-start=\"2061\" data-end=\"2090\">dubultu sieta spoles tehnolo\u0123iju<\/strong>, kas vienm\u0113r\u012bgi uzsilda e-\u0161\u0137idrumu un uztur stabilu gar\u0161as profilu un tvaika bl\u012bvumu ilgsto\u0161\u0101s sesij\u0101s.<\/p>\n<p data-start=\"2199\" data-end=\"2470\"><strong data-start=\"2199\" data-end=\"2261\">J: \u201cMan pat\u012bk main\u012bt gar\u0161as. Vai man ir j\u0101ieg\u0101d\u0101jas divas vape ier\u012bces?\u201d<\/strong><br data-start=\"2261\" data-end=\"2264\" \/><strong data-start=\"2264\" data-end=\"2270\">A:<\/strong> N\u0113. \u0160\u012b ir patiesa <strong data-start=\"2290\" data-end=\"2333\">Bang Leader 30000 P\u016b\u0161\u013cu divu arom\u0101tu vape<\/strong>. Dubultgar\u0161u rot\u0101cijas sist\u0113ma \u013cauj <strong data-start=\"2376\" data-end=\"2415\">p\u0101rsl\u0113gties starp div\u0101m gar\u0161\u0101m uzreiz<\/strong> ar pagriezienu, nodro\u0161inot da\u017e\u0101d\u012bbu bez rezerves ier\u012bc\u0113m.<\/p>\n<p data-start=\"2472\" data-end=\"2734\"><strong data-start=\"2472\" data-end=\"2524\">J: \u201cK\u0101 es zinu, kad akumulators vai \u0161\u0137idrums ir beidzies?\u201d<\/strong><br data-start=\"2524\" data-end=\"2527\" \/><strong data-start=\"2527\" data-end=\"2533\">A:<\/strong> Ieb\u016bv\u0113tais gudrais ekr\u0101ns padara to par <strong data-start=\"2573\" data-end=\"2608\">vienreiz\u0113ja vape ar LED ekr\u0101nu<\/strong> kas r\u0101da <strong data-start=\"2620\" data-end=\"2663\">akumulatora un e-\u0161\u0137idruma l\u012bme\u0146a re\u0101llaik\u0101<\/strong>. J\u016bs prec\u012bzi zin\u0101siet, kad ir j\u0101uzl\u0101d\u0113 vai j\u0101maina\u2014bez p\u0101rsteiguma sausiem uzliesmojumiem.<\/p>\n<p data-start=\"2954\" data-end=\"3124\"><strong data-start=\"2954\" data-end=\"3001\">J: \u201cVai t\u0101 ir pietiekami p\u0101rn\u0113s\u0101jama ikdienas lieto\u0161anai?\u201d<\/strong><br data-start=\"3001\" data-end=\"3004\" \/><strong data-start=\"3004\" data-end=\"3010\">A:<\/strong> J\u0101. Kompaktais, kast\u012btes stila korpuss ir <strong data-start=\"3047\" data-end=\"3078\">kabatas draudz\u012bgs un iztur\u012bgs<\/strong>, paredz\u0113ts braucieniem, ce\u013cojumiem un nakts izie\u0161an\u0101m.<\/p>\n<p data-start=\"3126\" data-end=\"3428\"><strong data-start=\"3126\" data-end=\"3170\">J: \u201cVai gar\u0161as ir sp\u0113c\u012bgas un popul\u0101ras?\u201d<\/strong><br data-start=\"3170\" data-end=\"3173\" \/><strong data-start=\"3173\" data-end=\"3179\">A:<\/strong> Sast\u0101vs koncentr\u0113jas uz gar\u0161u p\u0101riem, kas ilgsto\u0161i saglab\u0101jas pat\u012bkami\u2014k\u0101 <strong data-start=\"3254\" data-end=\"3292\">Red Bull<\/strong>, <strong data-start=\"3294\" data-end=\"3325\">Zeme\u0146u kivi<\/strong>, un <strong data-start=\"3331\" data-end=\"3368\">Melle\u0146u ledus<\/strong>. Dubult\u0161\u0113mas uzsild\u012b\u0161ana uztur katru profilu t\u012bru un konsekventu.<\/p>\n<\/div>\n<\/div>\n<\/div>\n<\/div>","protected":false},"excerpt":{"rendered":"<p class=\"LC20lb MBeuO DKV0Md\">Bang Leader 30000 Puffs L\u0113ti E Cigs Smoke Shop Vairumtirdzniec\u012bba Polija<br \/>\nBang Leader 30000 Puffs 2 vien\u0101 Dubult\u0101s gar\u0161as Vape Box Vairumtirdzniec\u012bbas cena<br \/>\nBang Leader 30000 Puffs L\u0113ti ECigs P\u0113rc vairum\u0101<\/p>\n<p><strong>Pievienojiet Eimijas WhatsApp, lai sa\u0146emtu prec\u012bzu atbildi un atlaidi!<\/strong><\/p>\n<p><img fetchpriority=\"high\" decoding=\"async\" class=\"size-full wp-image-2932\" src=\"https:\/\/vapestornado.com\/wp-content\/uploads\/2024\/12\/Vape-Wholesale.jpg\" alt=\"Veipu Vairumtirdzniec\u012bba\" width=\"229\" height=\"300\" \/><\/p>\n<h3><a href=\"https:\/\/wa.me\/8617776015835\"><span style=\"color: #ff0000;\"><strong>WhatsApp: +86 17776015835<\/strong><\/span><\/a><\/h3>\n<p>&nbsp;<\/p>","protected":false},"featured_media":4105,"comment_status":"open","ping_status":"closed","template":"","meta":{"_acf_changed":false,"_uag_custom_page_level_css":"","_lmt_disableupdate":"no","_lmt_disable":"","_monsterinsights_skip_tracking":false,"_monsterinsights_sitenote_active":false,"_monsterinsights_sitenote_note":"","_monsterinsights_sitenote_category":0,"site-sidebar-layout":"default","site-content-layout":"","ast-site-content-layout":"default","site-content-style":"default","site-sidebar-style":"default","ast-global-header-display":"","ast-banner-title-visibility":"","ast-main-header-display":"","ast-hfb-above-header-display":"","ast-hfb-below-header-display":"","ast-hfb-mobile-header-display":"","site-post-title":"","ast-breadcrumbs-content":"","ast-featured-img":"","footer-sml-layout":"","ast-disable-related-posts":"","theme-transparent-header-meta":"default","adv-header-id-meta":"","stick-header-meta":"","header-above-stick-meta":"","header-main-stick-meta":"","header-below-stick-meta":"","astra-migrate-meta-layouts":"set","ast-page-background-enabled":"default","ast-page-background-meta":{"desktop":{"background-color":"","background-image":"","background-repeat":"repeat","background-position":"center center","background-size":"auto","background-attachment":"scroll","background-type":"","background-media":"","overlay-type":"","overlay-color":"","overlay-opacity":"","overlay-gradient":""},"tablet":{"background-color":"","background-image":"","background-repeat":"repeat","background-position":"center center","background-size":"auto","background-attachment":"scroll","background-type":"","background-media":"","overlay-type":"","overlay-color":"","overlay-opacity":"","overlay-gradient":""},"mobile":{"background-color":"","background-image":"","background-repeat":"repeat","background-position":"center center","background-size":"auto","background-attachment":"scroll","background-type":"","background-media":"","overlay-type":"","overlay-color":"","overlay-opacity":"","overlay-gradient":""}},"ast-content-background-meta":{"desktop":{"background-color":"var(--ast-global-color-5)","background-image":"","background-repeat":"repeat","background-position":"center center","background-size":"auto","background-attachment":"scroll","background-type":"","background-media":"","overlay-type":"","overlay-color":"","overlay-opacity":"","overlay-gradient":""},"tablet":{"background-color":"var(--ast-global-color-5)","background-image":"","background-repeat":"repeat","background-position":"center center","background-size":"auto","background-attachment":"scroll","background-type":"","background-media":"","overlay-type":"","overlay-color":"","overlay-opacity":"","overlay-gradient":""},"mobile":{"background-color":"var(--ast-global-color-5)","background-image":"","background-repeat":"repeat","background-position":"center center","background-size":"auto","background-attachment":"scroll","background-type":"","background-media":"","overlay-type":"","overlay-color":"","overlay-opacity":"","overlay-gradient":""}},"_joinchat":{"telephone":"17776015835"}},"product_brand":[],"product_cat":[67,278,154,156,142],"product_tag":[470,469,328,105,198],"class_list":{"0":"post-4111","1":"product","2":"type-product","3":"status-publish","4":"has-post-thumbnail","6":"product_cat-30000-puff","7":"product_cat-bang-leader-vape","8":"product_cat-buy-disposable-vapes-in-netherlands","9":"product_cat-buy-disposable-vapes-in-poland","10":"product_cat-digital-box-disposable-vapes","11":"product_tag-30k-puff-vape","12":"product_tag-bang-leader-30k","13":"product_tag-cheap-e-cigs","14":"product_tag-digital-disposable-vape","15":"product_tag-double-flavor-disposable-vape","16":"desktop-align-left","17":"tablet-align-left","18":"mobile-align-left","20":"first","21":"instock","22":"sale","23":"shipping-taxable","24":"purchasable","25":"product-type-simple"},"acf":[],"uagb_featured_image_src":{"full":["https:\/\/vapestornado.com\/wp-content\/uploads\/2025\/04\/Bang-30000-Puffs-Pro-Big-Screen-Double-Flavors-Disposable.webp",800,800,false],"thumbnail":["https:\/\/vapestornado.com\/wp-content\/uploads\/2025\/04\/Bang-30000-Puffs-Pro-Big-Screen-Double-Flavors-Disposable-150x150.webp",150,150,true],"medium":["https:\/\/vapestornado.com\/wp-content\/uploads\/2025\/04\/Bang-30000-Puffs-Pro-Big-Screen-Double-Flavors-Disposable-300x300.webp",300,300,true],"medium_large":["https:\/\/vapestornado.com\/wp-content\/uploads\/2025\/04\/Bang-30000-Puffs-Pro-Big-Screen-Double-Flavors-Disposable-768x768.webp",768,768,true],"large":["https:\/\/vapestornado.com\/wp-content\/uploads\/2025\/04\/Bang-30000-Puffs-Pro-Big-Screen-Double-Flavors-Disposable.webp",800,800,false],"1536x1536":["https:\/\/vapestornado.com\/wp-content\/uploads\/2025\/04\/Bang-30000-Puffs-Pro-Big-Screen-Double-Flavors-Disposable.webp",800,800,false],"2048x2048":["https:\/\/vapestornado.com\/wp-content\/uploads\/2025\/04\/Bang-30000-Puffs-Pro-Big-Screen-Double-Flavors-Disposable.webp",800,800,false],"trp-custom-language-flag":["https:\/\/vapestornado.com\/wp-content\/uploads\/2025\/04\/Bang-30000-Puffs-Pro-Big-Screen-Double-Flavors-Disposable.webp",12,12,false],"woocommerce_thumbnail":["https:\/\/vapestornado.com\/wp-content\/uploads\/2025\/04\/Bang-30000-Puffs-Pro-Big-Screen-Double-Flavors-Disposable-300x300.webp",300,300,true],"woocommerce_single":["https:\/\/vapestornado.com\/wp-content\/uploads\/2025\/04\/Bang-30000-Puffs-Pro-Big-Screen-Double-Flavors-Disposable-600x600.webp",600,600,true],"woocommerce_gallery_thumbnail":["https:\/\/vapestornado.com\/wp-content\/uploads\/2025\/04\/Bang-30000-Puffs-Pro-Big-Screen-Double-Flavors-Disposable-100x100.webp",100,100,true]},"uagb_author_info":{"display_name":"ESAMY","author_link":"https:\/\/vapestornado.com\/lv\/author\/"},"uagb_comment_info":0,"uagb_excerpt":"Bang Leader 30000 Puffs Cheap E Cigs Smoke Shop Wholesale Poland Bang Leader 30000 Puffs 2 in 1 Double Flavor Vape Box Wholesale Price Bang Leader 30000 Puffs\u00a0 Cheap ECigs Buy In Bulk Add Amy's whatsapp to get right reply and discount price! WhatsApp: +86 17776015835 &nbsp;","_links":{"self":[{"href":"https:\/\/vapestornado.com\/lv\/wp-json\/wp\/v2\/product\/4111","targetHints":{"allow":["GET"]}}],"collection":[{"href":"https:\/\/vapestornado.com\/lv\/wp-json\/wp\/v2\/product"}],"about":[{"href":"https:\/\/vapestornado.com\/lv\/wp-json\/wp\/v2\/types\/product"}],"replies":[{"embeddable":true,"href":"https:\/\/vapestornado.com\/lv\/wp-json\/wp\/v2\/comments?post=4111"}],"wp:featuredmedia":[{"embeddable":true,"href":"https:\/\/vapestornado.com\/lv\/wp-json\/wp\/v2\/media\/4105"}],"wp:attachment":[{"href":"https:\/\/vapestornado.com\/lv\/wp-json\/wp\/v2\/media?parent=4111"}],"wp:term":[{"taxonomy":"product_brand","embeddable":true,"href":"https:\/\/vapestornado.com\/lv\/wp-json\/wp\/v2\/product_brand?post=4111"},{"taxonomy":"product_cat","embeddable":true,"href":"https:\/\/vapestornado.com\/lv\/wp-json\/wp\/v2\/product_cat?post=4111"},{"taxonomy":"product_tag","embeddable":true,"href":"https:\/\/vapestornado.com\/lv\/wp-json\/wp\/v2\/product_tag?post=4111"}],"curies":[{"name":"wp","href":"https:\/\/api.w.org\/{rel}","templated":true}]}}