{"id":4087,"date":"2025-04-07T09:49:27","date_gmt":"2025-04-07T09:49:27","guid":{"rendered":"https:\/\/vapestornado.com\/?post_type=product&#038;p=4087"},"modified":"2025-12-11T03:45:55","modified_gmt":"2025-12-11T03:45:55","slug":"elfworld-ai22000-22k-puff-disposable-vape-pen-kit-best-seller-in-poland","status":"publish","type":"product","link":"https:\/\/vapestornado.com\/lv\/product\/elfworld-ai22000-22k-puff-disposable-vape-pen-kit-best-seller-in-poland\/","title":{"rendered":"ELFWORLD AI22000 22k Puff vienreiz\u0113j\u0101s lieto\u0161anas vape pildspalvu komplekts, vislab\u0101k p\u0101rdotais Latvij\u0101"},"content":{"rendered":"<h1 data-pm-slice=\"1 1 []\">ELFWORLD AI22000 22k Puff vienreiz\u0113j\u0101s lieto\u0161anas vape pildspalvu komplekts, vislab\u0101k p\u0101rdotais Latvij\u0101<\/h1>\n<p class=\"\" data-start=\"623\" data-end=\"1038\"><strong data-start=\"97\" data-end=\"118\">ELFWORLD AI 22000<\/strong> ir augstas jaudas vienreizlietojams vape, kas izstr\u0101d\u0101ts vaperiem, kuri v\u0113las stipru gar\u0161u, lielu p\u016b\u0161u skaitu un ier\u012bci, kas patie\u0161\u0101m sp\u0113j sekot l\u012bdzi aiz\u0146emt\u0101m dien\u0101m.<\/p>\n<h3 data-start=\"786\" data-end=\"858\">K\u0101p\u0113c \u0161is ELFWORLD AI22000 ir piem\u0113rots tie\u0161i jums<\/h3>\n<ul data-start=\"860\" data-end=\"2341\">\n<li data-start=\"860\" data-end=\"1208\">\n<p data-start=\"862\" data-end=\"1208\"><strong data-start=\"862\" data-end=\"896\">Re\u0101la jauda, kas patie\u0161\u0101m ilgst.<\/strong> T\u0101 <strong data-start=\"901\" data-end=\"951\">ELFWORLD AI 22000 22k p\u016b\u0161u vienreizlietojams vape pildspalva<\/strong> apvieno 22K p\u016b\u0161u v\u0113rt\u0113jumu ar <strong data-start=\"983\" data-end=\"996\">26ml tvertni<\/strong>, t\u0101p\u0113c liel\u0101k\u0101 da\u013ca regul\u0101ro lietot\u0101ju Latvij\u0101, V\u0101cij\u0101, Sp\u0101nij\u0101 vai It\u0101lij\u0101 sa\u0146ems <strong data-start=\"1064\" data-end=\"1091\">ned\u0113\u013cas lieto\u0161anas katr\u0101 ier\u012bc\u0113<\/strong>, nevis dienas. Tas noz\u012bm\u0113 maz\u0101k \u0101rk\u0101rtas braucienu p\u0113c \u201ccigaretes pie manis\u201d un maz\u0101k naudas t\u0113r\u0113\u0161anas uz past\u0101v\u012bg\u0101m nomai\u0146\u0101m.<\/p>\n<\/li>\n<li data-start=\"1210\" data-end=\"1501\">\n<p data-start=\"1212\" data-end=\"1501\"><strong data-start=\"1212\" data-end=\"1251\">Stabila 5% iedarb\u012bba un drosm\u012bga gar\u0161a.<\/strong> Ar <strong data-start=\"1257\" data-end=\"1272\">5% nikot\u012bna<\/strong> un gar\u0161u diapazons no Mango \u0100bols Bumbieris l\u012bdz Blue Razz Ice, <strong data-start=\"1337\" data-end=\"1371\">ELFWORLD 22000 vienreizlietojamais vape<\/strong> uztur katru ieelpu stabilu un apmierino\u0161u. Aug\u013cu m\u012b\u013cot\u0101ji, piparm\u0113tru fani un ledus mais\u012bjumi visi sa\u0146em piem\u0113rotas iesp\u0113jas, nevis vienu vien\u012bgu mais\u012bjumu.<\/p>\n<\/li>\n<li data-start=\"1503\" data-end=\"1800\">\n<p data-start=\"1505\" data-end=\"1800\"><strong data-start=\"1505\" data-end=\"1559\">Uzl\u0101d\u0113jama \u0113rt\u012bba viet\u0101 iz\u0161\u0137\u0113rd\u0113tai \u0161\u0137idrumam.<\/strong> T\u0101 <strong data-start=\"1564\" data-end=\"1612\">650mAh Type-C uzl\u0101d\u0113jams ELF WORLD AI 22000<\/strong> \u013cauj jums papildin\u0101t ener\u0123iju jebkur\u0101 br\u012bd\u012b, kad tas nepiecie\u0161ams. \u0100tra uzl\u0101de pie galda, automa\u0161\u012bn\u0101 vai m\u0101j\u0101s noz\u012bm\u0113, ka ier\u012bce patie\u0161\u0101m var sasniegt pilnu 22 000 p\u016btienu potenci\u0101lu bez p\u0101rtraukuma.<\/p>\n<\/li>\n<li data-start=\"1802\" data-end=\"2070\">\n<p data-start=\"1804\" data-end=\"2070\"><strong data-start=\"1804\" data-end=\"1844\">Tehnolo\u0123ija, kas past\u0101sta, kas notiek.<\/strong> T\u0101 <strong data-start=\"1849\" data-end=\"1898\">digit\u0101lais displejs uz ELFWORLD AI 22000 vape<\/strong> sniedz skaidru skat\u012bjumu uz akumulatora un e-\u0161\u0137idruma l\u012bmeni, t\u0101d\u0113j\u0101di zin\u0101t, vai t\u0101 var iztur\u0113t nakts izie\u0161anu vai garu mai\u0146u. Nav j\u0101min, nav p\u0101rsteiguma ar izs\u012bksto\u0161u ier\u012bci vid\u016b dienas.<\/p>\n<\/li>\n<li data-start=\"2072\" data-end=\"2341\">\n<p data-start=\"2074\" data-end=\"2341\"><strong data-start=\"2074\" data-end=\"2105\">Viegli ieg\u0101d\u0101ties, viegli n\u0113s\u0101t l\u012bdzi.<\/strong> Pas\u016btiet no vapes tornado <strong data-start=\"2131\" data-end=\"2180\">vape veikals tie\u0161saist\u0113<\/strong>\u00a0vai pa\u0146emiet to viet\u0113j\u0101 veikal\u0101, slaid\u0101 korpusa dizains viegli iekr\u012bt kabat\u0101. Nav nepiecie\u0161ams m\u0101c\u012bties iestat\u012bjumus, nav atsevi\u0161\u0137u <strong data-start=\"2292\" data-end=\"2313\">podi uzl\u0101d\u0113jami<\/strong>, tikai uzl\u0101d\u0113t, ieelpot un doties.<\/p>\n<\/li>\n<\/ul>\n<p data-start=\"666\" data-end=\"1235\"><strong style=\"font-size: 16px;\"><span style=\"color: #ff0000;\">Pievienojiet Amy WhatsApp, lai sa\u0146emtu t\u016bl\u012bt\u0113ju atbildi un atlai\u017eu cenu!<\/span><\/strong><\/p>\n<p><img fetchpriority=\"high\" decoding=\"async\" class=\"size-full wp-image-2932\" src=\"https:\/\/vapestornado.com\/wp-content\/uploads\/2024\/12\/Vape-Wholesale.jpg\" alt=\"Veipu Vairumtirdzniec\u012bba\" width=\"229\" height=\"300\" \/><\/p>\n<h3><a href=\"https:\/\/wa.me\/8617776015835\" target=\"_blank\" rel=\"noopener\"><span style=\"color: #ff0000;\"><strong>WhatsApp: +86 17776015835<\/strong><\/span><\/a><\/h3>\n<p>&nbsp;<\/p>\n<h2><strong>ELFWORLD AI22000 Galven\u0101s produkta iez\u012bmes<\/strong><\/h2>\n<table>\n<thead>\n<tr>\n<th>\u012apa\u0161\u012bba<\/th>\n<th>specifik\u0101cija<\/th>\n<th>deta\u013cas<\/th>\n<\/tr>\n<\/thead>\n<tbody>\n<tr>\n<td>Z\u012bmols<\/td>\n<td>ELFWORLD<\/td>\n<td>P\u0101rdot\u0101k\u0101 ELFWORLD AI s\u0113rija Latvij\u0101.<\/td>\n<\/tr>\n<tr>\n<td>Modelis<\/td>\n<td>ELFWORLD AI 22000<\/td>\n<td>22K p\u016btienu uzl\u0101de vienreizlietojama vape pildspalvas komplekts.<\/td>\n<\/tr>\n<tr>\n<td>Pufiju ietilp\u012bba<\/td>\n<td>L\u012bdz 22 000 p\u016btieniem<\/td>\n<td>Izstr\u0101d\u0101ts vair\u0101kas ned\u0113\u013cas ilgam lieto\u0161anai liel\u0101kajai da\u013cai regul\u0101ru vaperu.<\/td>\n<\/tr>\n<tr>\n<td>E-\u0161\u0137idruma tilpums<\/td>\n<td>26ml iepild\u012bts iepriek\u0161<\/td>\n<td>Liels tanka nodro\u0161ina pilnu 22K p\u016btienu jaudu.<\/td>\n<\/tr>\n<tr>\n<td>Nikot\u012bna stiprums<\/td>\n<td>5% (50mg)<\/td>\n<td>Sp\u0113c\u012bga, konsekventa r\u012bkles saj\u016bta un apmierin\u0101jums.<\/td>\n<\/tr>\n<tr>\n<td>Akumulators<\/td>\n<td>650mAh uzl\u0101d\u0113jams<\/td>\n<td>Izstr\u0101d\u0101ts vair\u0101kas reizes uzl\u0101d\u0113jams visa ier\u012bces darb\u012bbas laik\u0101.<\/td>\n<\/tr>\n<tr>\n<td>Uzl\u0101des piesl\u0113gvieta<\/td>\n<td>C tipa<\/td>\n<td>\u0100trs, m\u016bsdien\u012bgs uzl\u0101des ar kop\u012bgiem ES kabe\u013ciem.<\/td>\n<\/tr>\n<tr>\n<td>Displejs<\/td>\n<td>Digit\u0101lais ekr\u0101ns<\/td>\n<td>R\u0101da e-\u0161\u0137idruma un akumulatora statusu re\u0101llaik\u0101.<\/td>\n<\/tr>\n<tr>\n<td>Ier\u012bces tips<\/td>\n<td>Vienreizlietojams vape pildspalva<\/td>\n<td>Nav nepiecie\u0161ama uzpilde vai spoles mai\u0146a; lieto un p\u0101rstr\u0101d\u0101.<\/td>\n<\/tr>\n<tr>\n<td>Gar\u0161as opcijas<\/td>\n<td>15 gar\u0161as<\/td>\n<td>Aug\u013cu, ledus un jauktu mais\u012bjumu gar\u0161as da\u017e\u0101d\u0101m gaum\u0113m.<\/td>\n<\/tr>\n<\/tbody>\n<\/table>\n<p>&nbsp;<\/p>\n<figure id=\"attachment_4081\" aria-describedby=\"caption-attachment-4081\" style=\"width: 800px\" class=\"wp-caption alignnone\"><img decoding=\"async\" class=\"wp-image-4081 size-full\" src=\"https:\/\/vapestornado.com\/wp-content\/uploads\/2025\/04\/ELF-WORLD-Ai-22k-Disposable-Vape.webp\" alt=\"ELF WORLD Ai 22k Vienreizlietojamais Veips\" width=\"800\" height=\"800\" srcset=\"https:\/\/vapestornado.com\/wp-content\/uploads\/2025\/04\/ELF-WORLD-Ai-22k-Disposable-Vape.webp 800w, https:\/\/vapestornado.com\/wp-content\/uploads\/2025\/04\/ELF-WORLD-Ai-22k-Disposable-Vape-300x300.webp 300w, https:\/\/vapestornado.com\/wp-content\/uploads\/2025\/04\/ELF-WORLD-Ai-22k-Disposable-Vape-150x150.webp 150w, https:\/\/vapestornado.com\/wp-content\/uploads\/2025\/04\/ELF-WORLD-Ai-22k-Disposable-Vape-768x768.webp 768w, https:\/\/vapestornado.com\/wp-content\/uploads\/2025\/04\/ELF-WORLD-Ai-22k-Disposable-Vape-600x600.webp 600w, https:\/\/vapestornado.com\/wp-content\/uploads\/2025\/04\/ELF-WORLD-Ai-22k-Disposable-Vape-100x100.webp 100w\" sizes=\"(max-width: 800px) 100vw, 800px\" \/><figcaption id=\"caption-attachment-4081\" class=\"wp-caption-text\">ELF WORLD Ai 22k Vienreizlietojamais Veips<\/figcaption><\/figure>\n<h2 class=\"product-title\"><strong>ELFWORLD AI22000 Vienreizlietojamie Gar\u0161u Saraksts<\/strong><\/h2>\n<article class=\"w-full text-token-text-primary focus-visible:outline-2 focus-visible:outline-offset-[-4px]\" dir=\"auto\" data-testid=\"conversation-turn-32\" data-scroll-anchor=\"false\">\n<div class=\"m-auto text-base py-[18px] px-6\">\n<div class=\"mx-auto flex flex-1 text-base gap-4 md:gap-5 lg:gap-6 md:max-w-3xl lg:max-w-[40rem] xl:max-w-[48rem]\">\n<div class=\"group\/conversation-turn relative flex w-full min-w-0 flex-col @xs\/thread:px-0 @sm\/thread:px-1.5 @md\/thread:px-4\">\n<div class=\"flex-col gap-1 md:gap-3\">\n<div class=\"flex max-w-full flex-col flex-grow\">\n<div class=\"min-h-8 text-message flex w-full flex-col items-end gap-2 whitespace-normal break-words text-start [.text-message+&amp;]:mt-5\" dir=\"auto\" data-message-author-role=\"user\" data-message-id=\"ffac41ca-1db4-431b-873a-32c4052956f1\">\n<div class=\"flex w-full flex-col gap-1 empty:hidden items-end rtl:items-start\">\n<div class=\"relative max-w-[var(--user-chat-width,70%)] rounded-3xl bg-token-message-surface px-5 py-2.5\">\n<div class=\"absolute bottom-0 right-full top-0 -mr-3.5 hidden pr-5 pt-2 [.group\/conversation-turn:hover_&amp;]:flex\">\n<div class=\"flex\">\n<article class=\"w-full text-token-text-primary focus-visible:outline-2 focus-visible:outline-offset-[-4px]\" dir=\"auto\" data-testid=\"conversation-turn-39\" data-scroll-anchor=\"true\">\n<div class=\"m-auto text-base py-[18px] px-6\">\n<div class=\"mx-auto flex flex-1 text-base gap-4 md:gap-5 lg:gap-6 md:max-w-3xl lg:max-w-[40rem] xl:max-w-[48rem]\">\n<div class=\"group\/conversation-turn relative flex w-full min-w-0 flex-col agent-turn @xs\/thread:px-0 @sm\/thread:px-1.5 @md\/thread:px-4\">\n<div class=\"flex-col gap-1 md:gap-3\">\n<div class=\"flex max-w-full flex-col flex-grow\">\n<div class=\"min-h-8 text-message flex w-full flex-col items-end gap-2 whitespace-normal break-words text-start [.text-message+&amp;]:mt-5\" dir=\"auto\" data-message-author-role=\"assistant\" data-message-id=\"55a23854-ec57-48dd-bd4f-6118f43d6241\" data-message-model-slug=\"gpt-4o\">\n<div class=\"flex w-full flex-col gap-1 empty:hidden first:pt-[3px]\">\n<div class=\"markdown prose w-full break-words dark:prose-invert light\">\n<p>1. Mango \u0100bolu Bumbieris<br \/>\n2. V\u0113sais Mango<br \/>\n3. Za\u013cais \u0100bols<br \/>\n4. T\u012b\u0123era Asinis<br \/>\n5.Melle\u0146u ledus<br \/>\n6.Piparm\u0113tra<br \/>\n7.Ogu mais\u012bjums<br \/>\n8.V\u012bnogu ledus<br \/>\n9.Arb\u016bzu ledus<br \/>\n10.Melle\u0146u piparm\u0113tra<br \/>\n11.Zeme\u0146u ledus<br \/>\n12.Sul\u012bgs persiku ledus<br \/>\n13.Zilais Razz ledus<br \/>\n14.\u0136ir\u0161u citrons<br \/>\n15.Zeme\u0146u arb\u016bzs<\/p>\n<\/div>\n<\/div>\n<\/div>\n<\/div>\n<\/div>\n<\/div>\n<\/div>\n<\/div>\n<\/article>\n<\/div>\n<\/div>\n<\/div>\n<\/div>\n<\/div>\n<\/div>\n<\/div>\n<\/div>\n<\/div>\n<\/div>\n<\/article>\n<h2>K\u0101p\u0113c izv\u0113l\u0113ties Vapestornado, lai ieg\u0101d\u0101tos ELFWORLD AI22000 Puff?<\/h2>\n<div class=\"flex-shrink-0 flex flex-col relative items-end\">\n<div class=\"pt-0\">\n<div class=\"gizmo-bot-avatar flex h-8 w-8 items-center justify-center overflow-hidden rounded-full\">\n<div class=\"relative p-1 rounded-sm flex items-center justify-center bg-token-main-surface-primary text-token-text-primary h-8 w-8\">\n<p>At\u00a0<strong>VapeTornado<\/strong>, m\u0113s lepojamies ar to, ka pied\u0101v\u0101jam\u00a0<strong>augst\u0101k\u0101s kvalit\u0101tes tvaic\u0113\u0161anas produktus par nep\u0101rsp\u0113jam\u0101m cen\u0101m<\/strong>\u2014 un ELFWORLD AI22000 nav iz\u0146\u0113mums! L\u016bk, k\u0101p\u0113c jums vajadz\u0113tu ieg\u0101d\u0101ties no mums:<\/p>\n<p><strong>Lab\u0101k\u0101s vairumtirdzniec\u012bbas cenas<\/strong>\u00a0\u2013 M\u0113s pied\u0101v\u0101jam\u00a0<strong>konkur\u0113tsp\u0113j\u012bgas vairumtirdzniec\u012bbas cenas<\/strong><span style=\"font-size: 16px;\">, padarot m\u016bs par lab\u0101ko izv\u0113li t\u0101l\u0101kp\u0101rdev\u0113jiem un vape veikaliem.<\/span><\/p>\n<p><strong>\u0100tri<\/strong>\u00a0\u2013 Sa\u0146emiet pas\u016bt\u012bjumu pieg\u0101d\u0101tu\u00a0<strong>\u0101tri un dro\u0161i<\/strong>, ar pieg\u0101des iesp\u0113j\u0101m vis\u0101 pasaul\u0113.<br \/>\n<strong>100% Autentiski produkti<\/strong>\u00a0\u2013 Nav viltotu izstr\u0101d\u0101jumu\u2014tikai\u00a0<strong>ori\u0123in\u0101lie WASPE Triple vienreiz\u0113jie lieto\u0161anas piederumi<\/strong>\u00a0ar p\u0101rbaud\u012btu kvalit\u0101ti.<br \/>\n<strong>Lielisks klientu atbalsts<\/strong>\u00a0\u2013 Vai jums ir jaut\u0101jumi? M\u016bsu\u00a0<strong>vape eksperti<\/strong> ir gatavi jums pal\u012bdz\u0113t visu laiku.<\/p>\n<p data-start=\"559\" data-end=\"933\" data-is-last-node=\"\" data-is-only-node=\"\">Mums ir ar\u012b citi popul\u0101ri veipi ar ekr\u0101nu, piem\u0113ram <a href=\"https:\/\/vapestornado.com\/lv\/product\/bang-king-vape-36000-puff-dual-vaping-mode-disposables-pod-best-price\/\">BANG KING 36000 \u0160i\u0161a<\/a>, <a href=\"https:\/\/vapestornado.com\/lv\/product\/waspe-aiviou-3-in-1-60000-puffs-disposable-vape-kit-best-price\/\">WASPE 60000 3 vien\u0101<\/a>, <a href=\"https:\/\/vapestornado.com\/lv\/product\/alfakh-crown-bar-20000-puffs-disposable-shisha-hookah-wholesale-vape-pen\/\">ALFAKH 20000<\/a>, un citi.<\/p>\n<\/div>\n<div class=\"relative p-1 rounded-sm flex items-center justify-center bg-token-main-surface-primary text-token-text-primary h-8 w-8\">\n<h2>BUJ par ELFWORLD AI22000 p\u016b\u0161amo vape<\/h2>\n<p>&nbsp;<\/p>\n<h3 data-start=\"3596\" data-end=\"3698\">1. Cik ilgi re\u0101li ilgst ELFWORLD AI 22000 22k p\u016b\u0161am\u0101 vienreiz\u0113j\u0101 vape ikdienas lieto\u0161an\u0101?<\/h3>\n<p data-start=\"3699\" data-end=\"4013\">Da\u017eiem lietot\u0101jiem Latvij\u0101, Polij\u0101, V\u0101cij\u0101 vai Sp\u0101nij\u0101 <strong data-start=\"3748\" data-end=\"3785\">ELFWORLD AI 22000 22k p\u016b\u0161am\u0101 ier\u012bce<\/strong> ar <strong data-start=\"3791\" data-end=\"3811\">26 ml e-\u0161\u0137idruma<\/strong> var segt <strong data-start=\"3822\" data-end=\"3839\">vair\u0101ku ned\u0113\u013cu<\/strong> regul\u0101ras lieto\u0161anas laiku. Patiesais laiks ir atkar\u012bgs no t\u0101, cik bie\u017ei un cik dzi\u013ci ieelpojat, bet 22 t\u016bksto\u0161u p\u016b\u0161u un uzl\u0101des iesp\u0113ja ir paredz\u0113ta ilgam darbam, ne tikai da\u017e\u0101m dien\u0101m.<\/p>\n<h3 data-start=\"4020\" data-end=\"4138\">2. Vai digit\u0101lais ekr\u0101ns uz ELFWORLD 22000 vienreiz\u0113j\u0101s lieto\u0161anas vape patie\u0161\u0101m pal\u012bdz ar akumulatora un \u0161\u0137idruma p\u0101rvald\u012bbu?<\/h3>\n<p data-start=\"4139\" data-end=\"4419\">J\u0101. The <strong data-start=\"4148\" data-end=\"4198\">ELFWORLD 22000 digit\u0101lais displejs vienreiz\u0113j\u0101s lieto\u0161anas vape<\/strong> r\u0101da akumulatora un e-\u0161\u0137idruma l\u012bmeni, t\u0101p\u0113c j\u016bs zin\u0101t, vai vajadz\u0113tu uzl\u0101d\u0113t pirms do\u0161an\u0101s \u0101r\u0101 vai ja tvertn\u0113 ir gandr\u012bz beigas. Tas ir liels uzlabojums sal\u012bdzin\u0101jum\u0101 ar min\u0113jumiem, \u012bpa\u0161i, ja j\u016bs pa\u013caujaties uz vienu ier\u012bci darbam un vakara izklaid\u0113m.<\/p>\n<h3 data-start=\"4426\" data-end=\"4539\">3. K\u0101 ELFWORLD AI 22000 sal\u012bdzina ar tradicion\u0101lo cigare\u0161u ieg\u0101di tuvum\u0101 attiec\u012bb\u0101 uz \u0113rt\u012bb\u0101m?<\/h3>\n<p data-start=\"4540\" data-end=\"4826\">T\u0101 <strong data-start=\"4544\" data-end=\"4579\">ELFWORLD AI 22000 22k p\u016b\u0161amu vape<\/strong> ir izstr\u0101d\u0101ts, lai samazin\u0101tu past\u0101v\u012bgas veikalu apmekl\u0113jumu nepiecie\u0161am\u012bbu. T\u0101 viet\u0101, lai katru dienu \u0146emtu \u201c<strong data-start=\"4645\" data-end=\"4667\">cigaretes pie manis<\/strong>\u201d ikdien\u0101, piln\u012bb\u0101 uzl\u0101d\u0113ts un piepild\u012bts ier\u012bces var ilgi tur\u0113t kabat\u0101, ar digit\u0101lo ekr\u0101nu un Type-C uzl\u0101di, kas pal\u012bdz pl\u0101not iepriek\u0161.<\/p>\n<h3 data-start=\"4833\" data-end=\"4924\">4. Vai ELFWORLD AI 22000 ir l\u012bdz\u012bgs podu atk\u0101rtoti uzpild\u0101mo sist\u0113mu vai ir at\u0161\u0137ir\u012bgs?<\/h3>\n<p data-start=\"4925\" data-end=\"5195\">Funkcion\u0101li, <strong data-start=\"4943\" data-end=\"4975\">ELFWORLD AI 22000 vienreizlietojamais<\/strong> sniedz to pa\u0161u \u201cuzl\u0101d\u0113t un vape\u201d vienk\u0101r\u0161\u012bbu, kas pat\u012bk cilv\u0113kiem ar <strong data-start=\"5035\" data-end=\"5056\">podi uzl\u0101d\u0113jami<\/strong> ier\u012bc\u0113m, bet bez podu mai\u0146as vai tvertnes uzpildes. Viss ir nosl\u0113gts un iepriek\u0161 m\u0113r\u012bts: j\u016bs uzl\u0101d\u0113jat akumulatoru, nevis nomain\u0101t deta\u013cas.<\/p>\n<h3 data-start=\"5202\" data-end=\"5286\">5. Vai es varu ieg\u0101d\u0101ties ELFWORLD AI 22000 22k P\u016b\u0161amu no vape veikala tie\u0161saist\u0113 Latvij\u0101?<\/h3>\n<p data-start=\"5287\" data-end=\"5566\">Daudzi lietot\u0101ji Latvij\u0101 un vis\u0101 Eirop\u0101 ieg\u016bst <strong data-start=\"5330\" data-end=\"5351\">ELFWORLD AI 22000<\/strong> caur <strong data-start=\"5362\" data-end=\"5382\">vape veikals tie\u0161saist\u0113<\/strong> nevis viet\u0113jiem veikaliem. Mazumtirgot\u0101ji nov\u0113rt\u0113 22K p\u016b\u0161us, 26ml tvertni un digit\u0101lo ekr\u0101nu k\u0101 sp\u0113c\u012bgus p\u0101rdo\u0161anas punktus, t\u0101p\u0113c tas bie\u017ei par\u0101d\u0101s \u201clab\u0101ko p\u0101rdo\u0161an\u0101\u201d vai \u201caugstas kapacit\u0101tes\u201d kategorij\u0101s.<\/p>\n<\/div>\n<\/div>\n<\/div>\n<\/div>","protected":false},"excerpt":{"rendered":"<p class=\"LC20lb MBeuO DKV0Md\">ELF WORLD AI 22000 vienreizlietojamais veips. Zema cena<br \/>\nELFWORLD AI22000 22000 dvesmas. Lab\u0101kais vienreizlietojamo veipu vairumtirdzniec\u012bbas pied\u0101v\u0101jums<br \/>\nDigit\u0101lie vienreizlietojamie veipi ELFWORLD AI 22000 dvesmas. R\u016bpn\u012bcas tie\u0161\u0101 p\u0101rdo\u0161ana<\/p>\n<p><strong>Pievienojiet Eimijas WhatsApp, lai sa\u0146emtu prec\u012bzu atbildi un atlaidi!<\/strong><\/p>\n<p><img fetchpriority=\"high\" decoding=\"async\" class=\"size-full wp-image-2932\" src=\"https:\/\/vapestornado.com\/wp-content\/uploads\/2024\/12\/Vape-Wholesale.jpg\" alt=\"Veipu Vairumtirdzniec\u012bba\" width=\"229\" height=\"300\" \/><\/p>\n<h3><a href=\"https:\/\/wa.me\/8617776015835\"><span style=\"color: #ff0000;\"><strong>WhatsApp: +86 17776015835<\/strong><\/span><\/a><\/h3>\n<p>&nbsp;<\/p>","protected":false},"featured_media":4082,"comment_status":"open","ping_status":"closed","template":"","meta":{"_acf_changed":false,"_uag_custom_page_level_css":"","_lmt_disableupdate":"no","_lmt_disable":"","_monsterinsights_skip_tracking":false,"_monsterinsights_sitenote_active":false,"_monsterinsights_sitenote_note":"","_monsterinsights_sitenote_category":0,"site-sidebar-layout":"default","site-content-layout":"","ast-site-content-layout":"default","site-content-style":"default","site-sidebar-style":"default","ast-global-header-display":"","ast-banner-title-visibility":"","ast-main-header-display":"","ast-hfb-above-header-display":"","ast-hfb-below-header-display":"","ast-hfb-mobile-header-display":"","site-post-title":"","ast-breadcrumbs-content":"","ast-featured-img":"","footer-sml-layout":"","ast-disable-related-posts":"","theme-transparent-header-meta":"default","adv-header-id-meta":"","stick-header-meta":"","header-above-stick-meta":"","header-main-stick-meta":"","header-below-stick-meta":"","astra-migrate-meta-layouts":"set","ast-page-background-enabled":"default","ast-page-background-meta":{"desktop":{"background-color":"","background-image":"","background-repeat":"repeat","background-position":"center center","background-size":"auto","background-attachment":"scroll","background-type":"","background-media":"","overlay-type":"","overlay-color":"","overlay-opacity":"","overlay-gradient":""},"tablet":{"background-color":"","background-image":"","background-repeat":"repeat","background-position":"center center","background-size":"auto","background-attachment":"scroll","background-type":"","background-media":"","overlay-type":"","overlay-color":"","overlay-opacity":"","overlay-gradient":""},"mobile":{"background-color":"","background-image":"","background-repeat":"repeat","background-position":"center center","background-size":"auto","background-attachment":"scroll","background-type":"","background-media":"","overlay-type":"","overlay-color":"","overlay-opacity":"","overlay-gradient":""}},"ast-content-background-meta":{"desktop":{"background-color":"var(--ast-global-color-5)","background-image":"","background-repeat":"repeat","background-position":"center center","background-size":"auto","background-attachment":"scroll","background-type":"","background-media":"","overlay-type":"","overlay-color":"","overlay-opacity":"","overlay-gradient":""},"tablet":{"background-color":"var(--ast-global-color-5)","background-image":"","background-repeat":"repeat","background-position":"center center","background-size":"auto","background-attachment":"scroll","background-type":"","background-media":"","overlay-type":"","overlay-color":"","overlay-opacity":"","overlay-gradient":""},"mobile":{"background-color":"var(--ast-global-color-5)","background-image":"","background-repeat":"repeat","background-position":"center center","background-size":"auto","background-attachment":"scroll","background-type":"","background-media":"","overlay-type":"","overlay-color":"","overlay-opacity":"","overlay-gradient":""}},"_joinchat":{"telephone":"17776015835"}},"product_brand":[],"product_cat":[156,142,146],"product_tag":[488,105,320,486,319,487,489],"class_list":{"0":"post-4087","1":"product","2":"type-product","3":"status-publish","4":"has-post-thumbnail","6":"product_cat-buy-disposable-vapes-in-poland","7":"product_cat-digital-box-disposable-vapes","8":"product_cat-rechargeable-disposable-vapes","9":"product_tag-cigarettes-near-me","10":"product_tag-digital-disposable-vape","11":"product_tag-disposables-bar","12":"product_tag-elf-world","13":"product_tag-elfworld-ai22000","14":"product_tag-pods-recargablese","15":"product_tag-vape-shop-online","16":"desktop-align-left","17":"tablet-align-left","18":"mobile-align-left","20":"first","21":"instock","22":"sale","23":"shipping-taxable","24":"purchasable","25":"product-type-simple"},"acf":[],"uagb_featured_image_src":{"full":["https:\/\/vapestornado.com\/wp-content\/uploads\/2025\/04\/ELF-WORLD-Ai-22000-PUFF-Disposable-Vape-Box.webp",800,800,false],"thumbnail":["https:\/\/vapestornado.com\/wp-content\/uploads\/2025\/04\/ELF-WORLD-Ai-22000-PUFF-Disposable-Vape-Box-150x150.webp",150,150,true],"medium":["https:\/\/vapestornado.com\/wp-content\/uploads\/2025\/04\/ELF-WORLD-Ai-22000-PUFF-Disposable-Vape-Box-300x300.webp",300,300,true],"medium_large":["https:\/\/vapestornado.com\/wp-content\/uploads\/2025\/04\/ELF-WORLD-Ai-22000-PUFF-Disposable-Vape-Box-768x768.webp",768,768,true],"large":["https:\/\/vapestornado.com\/wp-content\/uploads\/2025\/04\/ELF-WORLD-Ai-22000-PUFF-Disposable-Vape-Box.webp",800,800,false],"1536x1536":["https:\/\/vapestornado.com\/wp-content\/uploads\/2025\/04\/ELF-WORLD-Ai-22000-PUFF-Disposable-Vape-Box.webp",800,800,false],"2048x2048":["https:\/\/vapestornado.com\/wp-content\/uploads\/2025\/04\/ELF-WORLD-Ai-22000-PUFF-Disposable-Vape-Box.webp",800,800,false],"trp-custom-language-flag":["https:\/\/vapestornado.com\/wp-content\/uploads\/2025\/04\/ELF-WORLD-Ai-22000-PUFF-Disposable-Vape-Box.webp",12,12,false],"woocommerce_thumbnail":["https:\/\/vapestornado.com\/wp-content\/uploads\/2025\/04\/ELF-WORLD-Ai-22000-PUFF-Disposable-Vape-Box-300x300.webp",300,300,true],"woocommerce_single":["https:\/\/vapestornado.com\/wp-content\/uploads\/2025\/04\/ELF-WORLD-Ai-22000-PUFF-Disposable-Vape-Box-600x600.webp",600,600,true],"woocommerce_gallery_thumbnail":["https:\/\/vapestornado.com\/wp-content\/uploads\/2025\/04\/ELF-WORLD-Ai-22000-PUFF-Disposable-Vape-Box-100x100.webp",100,100,true]},"uagb_author_info":{"display_name":"ESAMY","author_link":"https:\/\/vapestornado.com\/lv\/author\/"},"uagb_comment_info":0,"uagb_excerpt":"ELF WORLD AI 22000 Disposable Vape Bar Cheap Price ELFWORLD AI22000 22000 Puffs Best Wholesale Disposables Vape Box Digital Disposables Bar ELFWORLD AI 22000 Puffs Factory Direct Sale Add Amy's whatsapp to get right reply and discount price! WhatsApp: +86 17776015835 &nbsp;","_links":{"self":[{"href":"https:\/\/vapestornado.com\/lv\/wp-json\/wp\/v2\/product\/4087","targetHints":{"allow":["GET"]}}],"collection":[{"href":"https:\/\/vapestornado.com\/lv\/wp-json\/wp\/v2\/product"}],"about":[{"href":"https:\/\/vapestornado.com\/lv\/wp-json\/wp\/v2\/types\/product"}],"replies":[{"embeddable":true,"href":"https:\/\/vapestornado.com\/lv\/wp-json\/wp\/v2\/comments?post=4087"}],"wp:featuredmedia":[{"embeddable":true,"href":"https:\/\/vapestornado.com\/lv\/wp-json\/wp\/v2\/media\/4082"}],"wp:attachment":[{"href":"https:\/\/vapestornado.com\/lv\/wp-json\/wp\/v2\/media?parent=4087"}],"wp:term":[{"taxonomy":"product_brand","embeddable":true,"href":"https:\/\/vapestornado.com\/lv\/wp-json\/wp\/v2\/product_brand?post=4087"},{"taxonomy":"product_cat","embeddable":true,"href":"https:\/\/vapestornado.com\/lv\/wp-json\/wp\/v2\/product_cat?post=4087"},{"taxonomy":"product_tag","embeddable":true,"href":"https:\/\/vapestornado.com\/lv\/wp-json\/wp\/v2\/product_tag?post=4087"}],"curies":[{"name":"wp","href":"https:\/\/api.w.org\/{rel}","templated":true}]}}