{"id":4067,"date":"2025-04-04T09:13:16","date_gmt":"2025-04-04T09:13:16","guid":{"rendered":"https:\/\/vapestornado.com\/?post_type=product&#038;p=4067"},"modified":"2025-08-23T12:29:51","modified_gmt":"2025-08-23T12:29:51","slug":"bang-king-vape-36000-puff-dual-vaping-mode-disposables-pod-best-price","status":"publish","type":"product","link":"https:\/\/vapestornado.com\/lv\/product\/bang-king-vape-36000-puff-dual-vaping-mode-disposables-pod-best-price\/","title":{"rendered":"Bang King Vape 36000 uzp\u016btienu div\u0113j\u0101da iztvaic\u0113\u0161anas re\u017e\u012bma vienreiz\u0113j\u0101s lieto\u0161anas podi par lab\u0101ko cenu"},"content":{"rendered":"<h1 data-pm-slice=\"1 1 []\">Bang King Vape 36000 uzp\u016btienu div\u0113j\u0101da iztvaic\u0113\u0161anas re\u017e\u012bma vienreiz\u0113j\u0101s lieto\u0161anas podi par lab\u0101ko cenu<\/h1>\n<p class=\"\" data-start=\"100\" data-end=\"629\">T\u0101 <strong data-start=\"104\" data-end=\"128\">Bang King tvaic\u0113t\u0101js 36000<\/strong> ir rad\u012bts tvaic\u0113t\u0101jiem, kuri v\u0113las daudzpus\u012bbu un veiktsp\u0113ju. Ar <strong data-start=\"202\" data-end=\"223\">diviem tvaic\u0113\u0161anas re\u017e\u012bmiem<\/strong>, j\u016bs varat p\u0101rsl\u0113gties starp <strong data-start=\"248\" data-end=\"279\">ekonomisko re\u017e\u012bmu ilg\u0101kiem tvaika d\u016bmiem<\/strong> un <strong data-start=\"284\" data-end=\"316\">sp\u0113c\u012bgo re\u017e\u012bmu liel\u0101kiem m\u0101ko\u0146iem<\/strong>\u2014sniedzot jums piln\u012bgu kontroli p\u0101r j\u016bsu tvaic\u0113\u0161anas pieredzi. The <strong data-start=\"378\" data-end=\"411\">dubult\u0101 ekr\u0101na digit\u0101lais displejs<\/strong> nodro\u0161ina, ka j\u016bs vienm\u0113r esat inform\u0113ts par savu <strong data-start=\"448\" data-end=\"484\">akumulatora darb\u012bbas laiku un e-\u0161\u0137idruma l\u012bmeni<\/strong>, nov\u0113r\u0161ot jebk\u0101dus p\u0101rsteigumus. Turkl\u0101t, <strong data-start=\"523\" data-end=\"552\">regul\u0113jama gaisa pl\u016bsmas sist\u0113ma<\/strong> \u013cauj piel\u0101got ieelpu, s\u0101kot no viegla vilkuma l\u012bdz jaud\u012bg\u0101kam d\u016bmam.<\/p>\n<p class=\"\" data-start=\"631\" data-end=\"1085\">Darbojas ar <strong data-start=\"644\" data-end=\"675\">650mAh uzl\u0101d\u0113jams akumulators<\/strong> un apr\u012bkots ar <strong data-start=\"696\" data-end=\"714\">dubult\u0101 sieta spole<\/strong>, \u0161is tvaic\u0113t\u0101js nodro\u0161ina <strong data-start=\"735\" data-end=\"778\">izcilu gar\u0161u un tvaika ra\u017eo\u0161anu<\/strong>. Ar <strong data-start=\"785\" data-end=\"805\">30 ml e-\u0161\u0137idruma<\/strong> un <strong data-start=\"810\" data-end=\"831\">l\u012bdz 36000 d\u016bmiem<\/strong>, tas nodro\u0161ina <strong data-start=\"844\" data-end=\"870\">ilgsto\u0161ai baud\u012b\u0161anai<\/strong> bez bie\u017eas nomai\u0146as. Pieejams <strong data-start=\"915\" data-end=\"934\">12 spilgt\u0101s gar\u0161\u0101s<\/strong>, tad <strong data-start=\"940\" data-end=\"964\">Bang King tvaic\u0113t\u0101js 36000<\/strong> apvieno <strong data-start=\"974\" data-end=\"1032\">moderns dizains, izcila gar\u0161a un augst\u0101k\u0101 l\u012bme\u0146a veiktsp\u0113ja<\/strong>, padarot to par oblig\u0101tu priek\u0161metu vienreiz\u0113j\u0101s lieto\u0161anas vape m\u012b\u013cot\u0101jiem.<\/p>\n<p data-start=\"666\" data-end=\"1235\"><strong style=\"font-size: 16px;\"><span style=\"color: #ff0000;\">Pievienojiet Amy WhatsApp, lai sa\u0146emtu t\u016bl\u012bt\u0113ju atbildi un atlai\u017eu cenu!<\/span><\/strong><\/p>\n<p><img fetchpriority=\"high\" decoding=\"async\" class=\"size-full wp-image-2932\" src=\"https:\/\/vapestornado.com\/wp-content\/uploads\/2024\/12\/Vape-Wholesale.jpg\" alt=\"Veipu Vairumtirdzniec\u012bba\" width=\"229\" height=\"300\" \/><\/p>\n<h3><a href=\"https:\/\/wa.me\/8617776015835\" target=\"_blank\" rel=\"noopener\"><span style=\"color: #ff0000;\"><strong>WhatsApp: +86 17776015835<\/strong><\/span><\/a><\/h3>\n<p>&nbsp;<\/p>\n<h2><strong>Bang King Vape 36000 Puff galven\u0101s produkta \u012bpa\u0161\u012bbas<\/strong><\/h2>\n<p>Z\u012bmols: Bang King<br \/>\nModelis: Bang King 36000<br \/>\nDvesmas: 36000<br \/>\nNikot\u012bns: 0% 2% 3% 5%<br \/>\nTilpums: 30ml<br \/>\nPieejami 12 arom\u0101ti<br \/>\n0.6ohm dubult\u0101 sieta spole<br \/>\nAkumulators: 650mah, Type-C uzl\u0101d\u0113jams<br \/>\nDivk\u0101r\u0161s ekr\u0101ns: akumulatora ietilp\u012bba\/e-\u0161\u0137idruma ietilp\u012bba<br \/>\nBlo\u0137\u0113\u0161anas ekr\u0101na pirkstu nospiedums<br \/>\nDubults re\u017e\u012bms<br \/>\nSk\u0101rienjut\u012bga gaisa pl\u016bsma<\/p>\n<figure id=\"attachment_4062\" aria-describedby=\"caption-attachment-4062\" style=\"width: 800px\" class=\"wp-caption alignnone\"><img decoding=\"async\" class=\"wp-image-4062 size-full\" src=\"https:\/\/vapestornado.com\/wp-content\/uploads\/2025\/04\/Bang-36000-Disposable-Vape-with-Screen.webp\" alt=\"Bang 36000 vienreiz\u0113j\u0101s lieto\u0161anas vape ar ekr\u0101nu\" width=\"800\" height=\"800\" srcset=\"https:\/\/vapestornado.com\/wp-content\/uploads\/2025\/04\/Bang-36000-Disposable-Vape-with-Screen.webp 800w, https:\/\/vapestornado.com\/wp-content\/uploads\/2025\/04\/Bang-36000-Disposable-Vape-with-Screen-300x300.webp 300w, https:\/\/vapestornado.com\/wp-content\/uploads\/2025\/04\/Bang-36000-Disposable-Vape-with-Screen-150x150.webp 150w, https:\/\/vapestornado.com\/wp-content\/uploads\/2025\/04\/Bang-36000-Disposable-Vape-with-Screen-768x768.webp 768w, https:\/\/vapestornado.com\/wp-content\/uploads\/2025\/04\/Bang-36000-Disposable-Vape-with-Screen-600x600.webp 600w, https:\/\/vapestornado.com\/wp-content\/uploads\/2025\/04\/Bang-36000-Disposable-Vape-with-Screen-100x100.webp 100w\" sizes=\"(max-width: 800px) 100vw, 800px\" \/><figcaption id=\"caption-attachment-4062\" class=\"wp-caption-text\">Bang 36000 vienreiz\u0113j\u0101s lieto\u0161anas vape ar ekr\u0101nu<\/figcaption><\/figure>\n<h2 class=\"product-title\"><strong>Bang King 36000 Puff vienreiz\u0113j\u0101s lieto\u0161anas gar\u0161u saraksts<\/strong><\/h2>\n<article class=\"w-full text-token-text-primary focus-visible:outline-2 focus-visible:outline-offset-[-4px]\" dir=\"auto\" data-testid=\"conversation-turn-32\" data-scroll-anchor=\"false\">\n<div class=\"m-auto text-base py-[18px] px-6\">\n<div class=\"mx-auto flex flex-1 text-base gap-4 md:gap-5 lg:gap-6 md:max-w-3xl lg:max-w-[40rem] xl:max-w-[48rem]\">\n<div class=\"group\/conversation-turn relative flex w-full min-w-0 flex-col @xs\/thread:px-0 @sm\/thread:px-1.5 @md\/thread:px-4\">\n<div class=\"flex-col gap-1 md:gap-3\">\n<div class=\"flex max-w-full flex-col flex-grow\">\n<div class=\"min-h-8 text-message flex w-full flex-col items-end gap-2 whitespace-normal break-words text-start [.text-message+&amp;]:mt-5\" dir=\"auto\" data-message-author-role=\"user\" data-message-id=\"ffac41ca-1db4-431b-873a-32c4052956f1\">\n<div class=\"flex w-full flex-col gap-1 empty:hidden items-end rtl:items-start\">\n<div class=\"relative max-w-[var(--user-chat-width,70%)] rounded-3xl bg-token-message-surface px-5 py-2.5\">\n<div class=\"absolute bottom-0 right-full top-0 -mr-3.5 hidden pr-5 pt-2 [.group\/conversation-turn:hover_&amp;]:flex\">\n<div class=\"flex\">\n<article class=\"w-full text-token-text-primary focus-visible:outline-2 focus-visible:outline-offset-[-4px]\" dir=\"auto\" data-testid=\"conversation-turn-39\" data-scroll-anchor=\"true\">\n<div class=\"m-auto text-base py-[18px] px-6\">\n<div class=\"mx-auto flex flex-1 text-base gap-4 md:gap-5 lg:gap-6 md:max-w-3xl lg:max-w-[40rem] xl:max-w-[48rem]\">\n<div class=\"group\/conversation-turn relative flex w-full min-w-0 flex-col agent-turn @xs\/thread:px-0 @sm\/thread:px-1.5 @md\/thread:px-4\">\n<div class=\"flex-col gap-1 md:gap-3\">\n<div class=\"flex max-w-full flex-col flex-grow\">\n<div class=\"min-h-8 text-message flex w-full flex-col items-end gap-2 whitespace-normal break-words text-start [.text-message+&amp;]:mt-5\" dir=\"auto\" data-message-author-role=\"assistant\" data-message-id=\"55a23854-ec57-48dd-bd4f-6118f43d6241\" data-message-model-slug=\"gpt-4o\">\n<div class=\"flex w-full flex-col gap-1 empty:hidden first:pt-[3px]\">\n<div class=\"markdown prose w-full break-words dark:prose-invert light\">\n<p>1. Melle\u0146u ave\u0146u ledus<br \/>\n2. Zeme\u0146u arb\u016bzs<br \/>\n3.Arb\u016bzu ledus<br \/>\n4. Zeme\u0146u ban\u0101ns<br \/>\n5. Tropu aug\u013ci<br \/>\n6. Tr\u012bsk\u0101r\u0161ais ogu ledus<br \/>\n7. Sul\u012bgs persiku ledus<br \/>\n8.Zeme\u0146u Kivi<br \/>\n9.Persiku Mango Arb\u016bzs<br \/>\n10.Kivi Pasifloru aug\u013cu Gvava<br \/>\n11.V\u012bnogu \u0100bols<br \/>\n12. Kungs Zilais<\/p>\n<\/div>\n<\/div>\n<\/div>\n<\/div>\n<\/div>\n<\/div>\n<\/div>\n<\/div>\n<\/article>\n<\/div>\n<\/div>\n<\/div>\n<\/div>\n<\/div>\n<\/div>\n<\/div>\n<\/div>\n<\/div>\n<\/div>\n<\/article>\n<h2>K\u0101p\u0113c izv\u0113l\u0113ties Vapestornado, lai ieg\u0101d\u0101tos Bang King Vape 36000 Puff?<\/h2>\n<div class=\"flex-shrink-0 flex flex-col relative items-end\">\n<div class=\"pt-0\">\n<div class=\"gizmo-bot-avatar flex h-8 w-8 items-center justify-center overflow-hidden rounded-full\">\n<div class=\"relative p-1 rounded-sm flex items-center justify-center bg-token-main-surface-primary text-token-text-primary h-8 w-8\">\n<p>At\u00a0<strong>VapeTornado<\/strong>, m\u0113s lepojamies ar to, ka pied\u0101v\u0101jam\u00a0<strong>augst\u0101k\u0101s kvalit\u0101tes tvaic\u0113\u0161anas produktus par nep\u0101rsp\u0113jam\u0101m cen\u0101m<\/strong>\u2014un Bang King Vape 36000 Puff nav iz\u0146\u0113mums! L\u016bk, k\u0101p\u0113c jums vajadz\u0113tu pirkt no mums:<\/p>\n<p><strong>Lab\u0101k\u0101s vairumtirdzniec\u012bbas cenas<\/strong>\u00a0\u2013 M\u0113s pied\u0101v\u0101jam\u00a0<strong>konkur\u0113tsp\u0113j\u012bgas vairumtirdzniec\u012bbas cenas<\/strong><span style=\"font-size: 16px;\">, padarot m\u016bs par lab\u0101ko izv\u0113li t\u0101l\u0101kp\u0101rdev\u0113jiem un vape veikaliem.<\/span><\/p>\n<p><strong>\u0100tri<\/strong>\u00a0\u2013 Sa\u0146emiet pas\u016bt\u012bjumu pieg\u0101d\u0101tu\u00a0<strong>\u0101tri un dro\u0161i<\/strong>, ar pieg\u0101des iesp\u0113j\u0101m vis\u0101 pasaul\u0113.<br \/>\n<strong>100% Autentiski produkti<\/strong>\u00a0\u2013 Nav viltotu izstr\u0101d\u0101jumu\u2014tikai\u00a0<strong>ori\u0123in\u0101lie WASPE Triple vienreiz\u0113jie lieto\u0161anas piederumi<\/strong>\u00a0ar p\u0101rbaud\u012btu kvalit\u0101ti.<br \/>\n<strong>Lielisks klientu atbalsts<\/strong>\u00a0\u2013 Vai jums ir jaut\u0101jumi? M\u016bsu\u00a0<strong>vape eksperti<\/strong> ir gatavi jums pal\u012bdz\u0113t 24\/7.<\/p>\n<p data-start=\"559\" data-end=\"933\" data-is-last-node=\"\" data-is-only-node=\"\">Mums ir ar\u012b citi popul\u0101ri veipi ar ekr\u0101nu, piem\u0113ram <a href=\"https:\/\/vapestornado.com\/lv\/product\/vapme-goat-40000-puff-40k-hookah-shisha-pen-price-wholesale-e-cigarette\/\">Vapme Goat 40000 \u0160e\u0161kr\u0113js<\/a>, <a href=\"https:\/\/vapestornado.com\/lv\/product\/waspe-aiviou-3-in-1-60000-puffs-disposable-vape-kit-best-price\/\">WASPE 60000 3 vien\u0101<\/a>, <a href=\"https:\/\/vapestornado.com\/lv\/product\/bang-king-30000-pro-puff-30k-disposable-device-wholesale-price\/\">Bang King Pro 30000<\/a>, un citi.<\/p>\n<\/div>\n<div class=\"relative p-1 rounded-sm flex items-center justify-center bg-token-main-surface-primary text-token-text-primary h-8 w-8\">\n<h2>BUJ<\/h2>\n<ol data-start=\"1108\" data-end=\"2038\">\n<li class=\"\" data-start=\"1108\" data-end=\"1372\">\n<p class=\"\" data-start=\"1111\" data-end=\"1372\"><strong data-start=\"1111\" data-end=\"1178\">K\u0101 darbojas div\u0113jais tvaic\u0113\u0161anas re\u017e\u012bms uz Bang King Vape 36000?<\/strong><br data-start=\"1178\" data-end=\"1181\" \/>Ier\u012bce pied\u0101v\u0101 <strong data-start=\"1202\" data-end=\"1215\">divi re\u017e\u012bmi<\/strong>: <strong data-start=\"1217\" data-end=\"1229\">Eko re\u017e\u012bms<\/strong> priek\u0161 <strong data-start=\"1234\" data-end=\"1251\">maksim\u0101lais dvesmu skaits<\/strong> un <strong data-start=\"1256\" data-end=\"1270\">Jaudas re\u017e\u012bms<\/strong> priek\u0161 <strong data-start=\"1275\" data-end=\"1308\">stipr\u0101ki, intens\u012bv\u0101ki m\u0101ko\u0146i<\/strong>. Vienk\u0101r\u0161i p\u0101rsl\u0113dziet tos, lai ieg\u016btu piel\u0101gotu tvaic\u0113\u0161anas pieredzi.<\/p>\n<\/li>\n<li class=\"\" data-start=\"1374\" data-end=\"1614\">\n<p class=\"\" data-start=\"1377\" data-end=\"1614\"><strong data-start=\"1377\" data-end=\"1437\">K\u0101 es varu piel\u0101got gaisa pl\u016bsmu Bang King Vape 36000?<\/strong><br data-start=\"1437\" data-end=\"1440\" \/>T\u0101 <strong data-start=\"1447\" data-end=\"1486\">piesk\u0101rienu regul\u0113jama gaisa pl\u016bsmas sist\u0113ma<\/strong> \u013cauj jums piel\u0101got ieelpu, regul\u0113jot gaisa iepl\u016bdi \u2014 ide\u0101li piem\u0113rots tiem, kas dod priek\u0161roku <strong data-start=\"1580\" data-end=\"1611\">vai nu cie\u0161ai, vai gais\u012bgai vilkmei<\/strong>.<\/p>\n<\/li>\n<li class=\"\" data-start=\"1616\" data-end=\"1807\">\n<p class=\"\" data-start=\"1619\" data-end=\"1807\"><strong data-start=\"1619\" data-end=\"1663\">Vai es varu uzl\u0101d\u0113t Bang King Vape 36000?<\/strong><br data-start=\"1663\" data-end=\"1666\" \/>J\u0101! Tam ir <strong data-start=\"1688\" data-end=\"1717\">C tipa \u0101tr\u0101s uzl\u0101des piesl\u0113gvietu<\/strong>, nodro\u0161inot <strong data-start=\"1728\" data-end=\"1762\">\u0101tra un efekt\u012bva uzl\u0101de<\/strong> lai j\u016bs var\u0113tu turpin\u0101t tvaic\u0113\u0161anu bez ilgas gaid\u012b\u0161anas.<\/p>\n<\/li>\n<li class=\"\" data-start=\"1809\" data-end=\"2038\">\n<p class=\"\" data-start=\"1812\" data-end=\"2038\"><strong data-start=\"1812\" data-end=\"1874\">K\u0101 es varu uzzin\u0101t, kad mana Bang King Vape 36000 ir iztuk\u0161ojas?<\/strong><br data-start=\"1874\" data-end=\"1877\" \/>T\u0101 <strong data-start=\"1884\" data-end=\"1915\">dubult\u0101 ekr\u0101na digit\u0101lais displejs<\/strong> par\u0101da <strong data-start=\"1922\" data-end=\"1963\">re\u0101llaika akumulatora un e-\u0161\u0137idruma l\u012bme\u0146i<\/strong>, lai j\u016bs vienm\u0113r zin\u0101tu, kad ir pien\u0101cis laiks uzl\u0101d\u0113t vai nomain\u012bt ier\u012bci.<\/p>\n<\/li>\n<\/ol>\n<\/div>\n<\/div>\n<\/div>\n<\/div>","protected":false},"excerpt":{"rendered":"<p class=\"LC20lb MBeuO DKV0Md\">Bang 36000 36k Power Vienreizlietojamais tvaic\u0113t\u0101js ar uzl\u0101di, l\u0113ts<br \/>\nBang Puff 36k Power Vienreizlietojamais tvaic\u0113t\u0101js, vienreizlietojamu tvaic\u0113t\u0101ju komplekts vairumtirdzniec\u012bb\u0101<br \/>\nDigit\u0101lais vienreizlietojamais tvaic\u0113t\u0101js Bang 36000, tie\u0161\u0101 p\u0101rdo\u0161ana no r\u016bpn\u012bcas<\/p>\n<p><strong>Pievienojiet Eimijas WhatsApp, lai sa\u0146emtu prec\u012bzu atbildi un atlaidi!<\/strong><\/p>\n<p><img fetchpriority=\"high\" decoding=\"async\" class=\"size-full wp-image-2932\" src=\"https:\/\/vapestornado.com\/wp-content\/uploads\/2024\/12\/Vape-Wholesale.jpg\" alt=\"Veipu Vairumtirdzniec\u012bba\" width=\"229\" height=\"300\" \/><\/p>\n<h3><a href=\"https:\/\/wa.me\/8617776015835\"><span style=\"color: #ff0000;\"><strong>WhatsApp: +86 17776015835<\/strong><\/span><\/a><\/h3>\n<p>&nbsp;<\/p>","protected":false},"featured_media":4066,"comment_status":"open","ping_status":"closed","template":"","meta":{"_acf_changed":false,"_uag_custom_page_level_css":"","_lmt_disableupdate":"no","_lmt_disable":"","_monsterinsights_skip_tracking":false,"_monsterinsights_sitenote_active":false,"_monsterinsights_sitenote_note":"","_monsterinsights_sitenote_category":0,"site-sidebar-layout":"default","site-content-layout":"","ast-site-content-layout":"default","site-content-style":"default","site-sidebar-style":"default","ast-global-header-display":"","ast-banner-title-visibility":"","ast-main-header-display":"","ast-hfb-above-header-display":"","ast-hfb-below-header-display":"","ast-hfb-mobile-header-display":"","site-post-title":"","ast-breadcrumbs-content":"","ast-featured-img":"","footer-sml-layout":"","ast-disable-related-posts":"","theme-transparent-header-meta":"default","adv-header-id-meta":"","stick-header-meta":"","header-above-stick-meta":"","header-main-stick-meta":"","header-below-stick-meta":"","astra-migrate-meta-layouts":"set","ast-page-background-enabled":"default","ast-page-background-meta":{"desktop":{"background-color":"","background-image":"","background-repeat":"repeat","background-position":"center center","background-size":"auto","background-attachment":"scroll","background-type":"","background-media":"","overlay-type":"","overlay-color":"","overlay-opacity":"","overlay-gradient":""},"tablet":{"background-color":"","background-image":"","background-repeat":"repeat","background-position":"center center","background-size":"auto","background-attachment":"scroll","background-type":"","background-media":"","overlay-type":"","overlay-color":"","overlay-opacity":"","overlay-gradient":""},"mobile":{"background-color":"","background-image":"","background-repeat":"repeat","background-position":"center center","background-size":"auto","background-attachment":"scroll","background-type":"","background-media":"","overlay-type":"","overlay-color":"","overlay-opacity":"","overlay-gradient":""}},"ast-content-background-meta":{"desktop":{"background-color":"var(--ast-global-color-5)","background-image":"","background-repeat":"repeat","background-position":"center center","background-size":"auto","background-attachment":"scroll","background-type":"","background-media":"","overlay-type":"","overlay-color":"","overlay-opacity":"","overlay-gradient":""},"tablet":{"background-color":"var(--ast-global-color-5)","background-image":"","background-repeat":"repeat","background-position":"center center","background-size":"auto","background-attachment":"scroll","background-type":"","background-media":"","overlay-type":"","overlay-color":"","overlay-opacity":"","overlay-gradient":""},"mobile":{"background-color":"var(--ast-global-color-5)","background-image":"","background-repeat":"repeat","background-position":"center center","background-size":"auto","background-attachment":"scroll","background-type":"","background-media":"","overlay-type":"","overlay-color":"","overlay-opacity":"","overlay-gradient":""}},"_joinchat":{"telephone":"17776015835"}},"product_brand":[],"product_cat":[66,63,151,158,142,146],"product_tag":[315,314,105,313],"class_list":{"0":"post-4067","1":"product","2":"type-product","3":"status-publish","4":"has-post-thumbnail","6":"product_cat-36000-puff","7":"product_cat-bangking","8":"product_cat-buy-disposable-vapes-in-france","9":"product_cat-buy-disposable-vapes-in-spain","10":"product_cat-digital-box-disposable-vapes","11":"product_cat-rechargeable-disposable-vapes","12":"product_tag-bang-king-36000","13":"product_tag-bang-king-vape","14":"product_tag-digital-disposable-vape","15":"product_tag-vape-with-digital-screen","16":"desktop-align-left","17":"tablet-align-left","18":"mobile-align-left","20":"first","21":"instock","22":"sale","23":"shipping-taxable","24":"purchasable","25":"product-type-simple"},"acf":[],"uagb_featured_image_src":{"full":["https:\/\/vapestornado.com\/wp-content\/uploads\/2025\/04\/Bang-King-Constellation-36000-Puffs-Disposable-Vape.webp",800,800,false],"thumbnail":["https:\/\/vapestornado.com\/wp-content\/uploads\/2025\/04\/Bang-King-Constellation-36000-Puffs-Disposable-Vape-150x150.webp",150,150,true],"medium":["https:\/\/vapestornado.com\/wp-content\/uploads\/2025\/04\/Bang-King-Constellation-36000-Puffs-Disposable-Vape-300x300.webp",300,300,true],"medium_large":["https:\/\/vapestornado.com\/wp-content\/uploads\/2025\/04\/Bang-King-Constellation-36000-Puffs-Disposable-Vape-768x768.webp",768,768,true],"large":["https:\/\/vapestornado.com\/wp-content\/uploads\/2025\/04\/Bang-King-Constellation-36000-Puffs-Disposable-Vape.webp",800,800,false],"1536x1536":["https:\/\/vapestornado.com\/wp-content\/uploads\/2025\/04\/Bang-King-Constellation-36000-Puffs-Disposable-Vape.webp",800,800,false],"2048x2048":["https:\/\/vapestornado.com\/wp-content\/uploads\/2025\/04\/Bang-King-Constellation-36000-Puffs-Disposable-Vape.webp",800,800,false],"trp-custom-language-flag":["https:\/\/vapestornado.com\/wp-content\/uploads\/2025\/04\/Bang-King-Constellation-36000-Puffs-Disposable-Vape.webp",12,12,false],"woocommerce_thumbnail":["https:\/\/vapestornado.com\/wp-content\/uploads\/2025\/04\/Bang-King-Constellation-36000-Puffs-Disposable-Vape-300x300.webp",300,300,true],"woocommerce_single":["https:\/\/vapestornado.com\/wp-content\/uploads\/2025\/04\/Bang-King-Constellation-36000-Puffs-Disposable-Vape-600x600.webp",600,600,true],"woocommerce_gallery_thumbnail":["https:\/\/vapestornado.com\/wp-content\/uploads\/2025\/04\/Bang-King-Constellation-36000-Puffs-Disposable-Vape-100x100.webp",100,100,true]},"uagb_author_info":{"display_name":"ESAMY","author_link":"https:\/\/vapestornado.com\/lv\/author\/"},"uagb_comment_info":0,"uagb_excerpt":"Bang 36000 36k Power Disposable Vape Rechargeable Puff Cheap Bang Puff 36k Power Disposable Vape Disposable Vape Kit Wholesale Digital Disposable Vape Bang 36000 Factory Direct Sale Add Amy's whatsapp to get right reply and discount price! WhatsApp: +86 17776015835 &nbsp;","_links":{"self":[{"href":"https:\/\/vapestornado.com\/lv\/wp-json\/wp\/v2\/product\/4067","targetHints":{"allow":["GET"]}}],"collection":[{"href":"https:\/\/vapestornado.com\/lv\/wp-json\/wp\/v2\/product"}],"about":[{"href":"https:\/\/vapestornado.com\/lv\/wp-json\/wp\/v2\/types\/product"}],"replies":[{"embeddable":true,"href":"https:\/\/vapestornado.com\/lv\/wp-json\/wp\/v2\/comments?post=4067"}],"wp:featuredmedia":[{"embeddable":true,"href":"https:\/\/vapestornado.com\/lv\/wp-json\/wp\/v2\/media\/4066"}],"wp:attachment":[{"href":"https:\/\/vapestornado.com\/lv\/wp-json\/wp\/v2\/media?parent=4067"}],"wp:term":[{"taxonomy":"product_brand","embeddable":true,"href":"https:\/\/vapestornado.com\/lv\/wp-json\/wp\/v2\/product_brand?post=4067"},{"taxonomy":"product_cat","embeddable":true,"href":"https:\/\/vapestornado.com\/lv\/wp-json\/wp\/v2\/product_cat?post=4067"},{"taxonomy":"product_tag","embeddable":true,"href":"https:\/\/vapestornado.com\/lv\/wp-json\/wp\/v2\/product_tag?post=4067"}],"curies":[{"name":"wp","href":"https:\/\/api.w.org\/{rel}","templated":true}]}}