{"id":4056,"date":"2025-04-02T09:32:30","date_gmt":"2025-04-02T09:32:30","guid":{"rendered":"https:\/\/vapestornado.com\/?post_type=product&#038;p=4056"},"modified":"2025-08-23T12:03:58","modified_gmt":"2025-08-23T12:03:58","slug":"elfbar-planet-25000-wholesale-disposable-vape-kit-with-digital-screen","status":"publish","type":"product","link":"https:\/\/vapestornado.com\/lv\/product\/elfbar-planet-25000-wholesale-disposable-vape-kit-with-digital-screen\/","title":{"rendered":"ELFBAR Planet 25000 Vairumtirdzniec\u012bbas vienreiz\u0113j\u0101s lieto\u0161anas vape komplekts ar digit\u0101lo ekr\u0101nu"},"content":{"rendered":"<h1 data-pm-slice=\"1 1 []\">ELFBAR Planet 25000 Vairumtirdzniec\u012bbas vienreiz\u0113j\u0101s lieto\u0161anas vape komplekts ar digit\u0101lo ekr\u0101nu<\/h1>\n<p class=\"\" data-start=\"105\" data-end=\"610\">T\u0101 <strong data-start=\"303\" data-end=\"342\">ELFBAR Planet 25000 vienreiz\u0113j\u0101s lieto\u0161anas vape<\/strong> ir paredz\u0113ts vairumtirgot\u0101jiem un mazumtirgot\u0101jiem, kuri mekl\u0113 augst\u0101k\u0101s kvalit\u0101tes, ilgsto\u0161u ier\u012bci ar modern\u0101m funkcij\u0101m. Nodro\u0161ina l\u012bdz pat <strong data-start=\"460\" data-end=\"476\">25 000 uzp\u016btieniem<\/strong>, tas ir iepriek\u0161 piepild\u012bts ar <strong data-start=\"503\" data-end=\"523\">18 ml e-\u0161\u0137idruma<\/strong> ar 5% nikot\u012bna stiprumu, nodro\u0161inot vienm\u0113r\u012bgu un izteiksm\u012bgu tvaic\u0113\u0161anas pieredzi.<\/p>\n<p>T\u0101 <strong data-start=\"608\" data-end=\"631\">digit\u0101lais LED displejs<\/strong> nodro\u0161ina lietot\u0101jiem re\u0101llaika atjaunin\u0101jumus par akumulatora un e-\u0161\u0137idruma l\u012bmeni, savuk\u0101rt <strong data-start=\"700\" data-end=\"739\">regul\u0113jami jaudas iestat\u012bjumi (13W\u201325W)<\/strong> nodro\u0161ina elast\u012bbu gan gar\u0161as intensit\u0101tei, gan m\u0101ko\u0146u veido\u0161anai. Darbojas ar <strong data-start=\"822\" data-end=\"853\">800mAh uzl\u0101d\u0113jams akumulators<\/strong> ar \u0101tru <strong data-start=\"864\" data-end=\"883\">C tipa uzl\u0101de<\/strong>, ELFBAR Planet garant\u0113 uzticamu darb\u012bbu.<\/p>\n<p>Ar savu gludo dizainu, <strong data-start=\"968\" data-end=\"993\">dubultu sieti\u0146a spoles sist\u0113mu<\/strong>, un konkur\u0113tsp\u0113j\u012bgu <strong data-start=\"1011\" data-end=\"1032\">vairumtirdzniec\u012bbas cen\u0101m<\/strong>, \u0161\u012b ier\u012bce ir ienes\u012bgs papildin\u0101jums vape izplat\u012bt\u0101jiem un veikalu \u012bpa\u0161niekiem, kuri v\u0113las pied\u0101v\u0101t lielas ietilp\u012bbas vienreiz\u0113j\u0101s lieto\u0161anas ier\u012bci ar stilu un saturu.<\/p>\n<p data-start=\"666\" data-end=\"1235\"><strong style=\"font-size: 16px;\"><span style=\"color: #ff0000;\">Pievienojiet Amy WhatsApp, lai sa\u0146emtu t\u016bl\u012bt\u0113ju atbildi un atlai\u017eu cenu!<\/span><\/strong><\/p>\n<p><img fetchpriority=\"high\" decoding=\"async\" class=\"size-full wp-image-2932\" src=\"https:\/\/vapestornado.com\/wp-content\/uploads\/2024\/12\/Vape-Wholesale.jpg\" alt=\"Veipu Vairumtirdzniec\u012bba\" width=\"229\" height=\"300\" \/><\/p>\n<h3><a href=\"https:\/\/wa.me\/8617776015835\" target=\"_blank\" rel=\"noopener\"><span style=\"color: #ff0000;\"><strong>WhatsApp: +86 17776015835<\/strong><\/span><\/a><\/h3>\n<p>&nbsp;<\/p>\n<h2><strong>ELFBAR Planet 25000 galven\u0101s produkta \u012bpa\u0161\u012bbas<\/strong><\/h2>\n<p>Z\u012bmols: Elf Bar<br \/>\nModelis: PLANET 25000<br \/>\nP\u016btes: 25000<br \/>\nNikot\u012bna stiprums: 5% (50 mg)<br \/>\n\u0160\u0137idruma tilpums: 18 ml<br \/>\nAkumulators<br \/>\nAkumulatora ietilp\u012bba: 800mAh<br \/>\nM\u016bsdien\u012bga USB-C uzl\u0101de<br \/>\nRegul\u0113jama jauda<\/p>\n<h2 class=\"product-title\"><strong>ELF BAR Planet 25000 vienreiz\u0113j\u0101s lieto\u0161anas ier\u012b\u010du gar\u0161u saraksts<\/strong><\/h2>\n<article class=\"w-full text-token-text-primary focus-visible:outline-2 focus-visible:outline-offset-[-4px]\" dir=\"auto\" data-testid=\"conversation-turn-32\" data-scroll-anchor=\"false\">\n<div class=\"m-auto text-base py-[18px] px-6\">\n<div class=\"mx-auto flex flex-1 text-base gap-4 md:gap-5 lg:gap-6 md:max-w-3xl lg:max-w-[40rem] xl:max-w-[48rem]\">\n<div class=\"group\/conversation-turn relative flex w-full min-w-0 flex-col @xs\/thread:px-0 @sm\/thread:px-1.5 @md\/thread:px-4\">\n<div class=\"flex-col gap-1 md:gap-3\">\n<div class=\"flex max-w-full flex-col flex-grow\">\n<div class=\"min-h-8 text-message flex w-full flex-col items-end gap-2 whitespace-normal break-words text-start [.text-message+&amp;]:mt-5\" dir=\"auto\" data-message-author-role=\"user\" data-message-id=\"ffac41ca-1db4-431b-873a-32c4052956f1\">\n<div class=\"flex w-full flex-col gap-1 empty:hidden items-end rtl:items-start\">\n<div class=\"relative max-w-[var(--user-chat-width,70%)] rounded-3xl bg-token-message-surface px-5 py-2.5\">\n<div class=\"absolute bottom-0 right-full top-0 -mr-3.5 hidden pr-5 pt-2 [.group\/conversation-turn:hover_&amp;]:flex\">\n<div class=\"flex\">\n<article class=\"w-full text-token-text-primary focus-visible:outline-2 focus-visible:outline-offset-[-4px]\" dir=\"auto\" data-testid=\"conversation-turn-39\" data-scroll-anchor=\"true\">\n<div class=\"m-auto text-base py-[18px] px-6\">\n<div class=\"mx-auto flex flex-1 text-base gap-4 md:gap-5 lg:gap-6 md:max-w-3xl lg:max-w-[40rem] xl:max-w-[48rem]\">\n<div class=\"group\/conversation-turn relative flex w-full min-w-0 flex-col agent-turn @xs\/thread:px-0 @sm\/thread:px-1.5 @md\/thread:px-4\">\n<div class=\"flex-col gap-1 md:gap-3\">\n<div class=\"flex max-w-full flex-col flex-grow\">\n<div class=\"min-h-8 text-message flex w-full flex-col items-end gap-2 whitespace-normal break-words text-start [.text-message+&amp;]:mt-5\" dir=\"auto\" data-message-author-role=\"assistant\" data-message-id=\"55a23854-ec57-48dd-bd4f-6118f43d6241\" data-message-model-slug=\"gpt-4o\">\n<div class=\"flex w-full flex-col gap-1 empty:hidden first:pt-[3px]\">\n<div class=\"markdown prose w-full break-words dark:prose-invert light\">\n<p>1 Arb\u016bzs<br \/>\n2 V\u012bnogas<br \/>\n3 Dubult\u0101 \u0101bols<br \/>\n4 Zilo ave\u0146u ledus<br \/>\n5 Greipfr\u016btu za\u013c\u0101 t\u0113ja<br \/>\n6 Jasm\u012bnu ave\u0146u<br \/>\n7 Baltais persiku Baja \u0161\u013caksts<br \/>\n8 Arb\u016bzu \u0137irsis<br \/>\n9 Sk\u0101bs kaze\u0146u melle\u0146u<br \/>\n10 \u0136ir\u0161u laims<br \/>\n11 Anan\u0101su arb\u016bzs<br \/>\n12 Anan\u0101su pasifloras aug\u013cu Baja<br \/>\n13 Zeme\u0146u persiku+<br \/>\n14 Dz\u0113rve\u0146u apels\u012bnu Baja \u0161\u013caksts<br \/>\n15 Dubultpersiku laims<br \/>\n16 Tropu varav\u012bksnes spr\u0101dziens<\/p>\n<figure id=\"attachment_4055\" aria-describedby=\"caption-attachment-4055\" style=\"width: 800px\" class=\"wp-caption alignnone\"><img decoding=\"async\" class=\"wp-image-4055 size-full\" src=\"https:\/\/vapestornado.com\/wp-content\/uploads\/2025\/04\/ELFBAR-Planet-25000-Wholesale-Price.webp\" alt=\"ELFBAR Planet 25000 vairumtirdzniec\u012bbas cena\" width=\"800\" height=\"800\" srcset=\"https:\/\/vapestornado.com\/wp-content\/uploads\/2025\/04\/ELFBAR-Planet-25000-Wholesale-Price.webp 800w, https:\/\/vapestornado.com\/wp-content\/uploads\/2025\/04\/ELFBAR-Planet-25000-Wholesale-Price-300x300.webp 300w, https:\/\/vapestornado.com\/wp-content\/uploads\/2025\/04\/ELFBAR-Planet-25000-Wholesale-Price-150x150.webp 150w, https:\/\/vapestornado.com\/wp-content\/uploads\/2025\/04\/ELFBAR-Planet-25000-Wholesale-Price-768x768.webp 768w, https:\/\/vapestornado.com\/wp-content\/uploads\/2025\/04\/ELFBAR-Planet-25000-Wholesale-Price-600x600.webp 600w, https:\/\/vapestornado.com\/wp-content\/uploads\/2025\/04\/ELFBAR-Planet-25000-Wholesale-Price-100x100.webp 100w\" sizes=\"(max-width: 800px) 100vw, 800px\" \/><figcaption id=\"caption-attachment-4055\" class=\"wp-caption-text\">ELFBAR Planet 25000 vairumtirdzniec\u012bbas cena<\/figcaption><\/figure>\n<\/div>\n<\/div>\n<\/div>\n<\/div>\n<\/div>\n<\/div>\n<\/div>\n<\/div>\n<\/article>\n<\/div>\n<\/div>\n<\/div>\n<\/div>\n<\/div>\n<\/div>\n<\/div>\n<\/div>\n<\/div>\n<\/div>\n<\/article>\n<h2>K\u0101p\u0113c izv\u0113l\u0113ties Vapestornado, lai ieg\u0101d\u0101tos ELFBAR Planet 25000?<\/h2>\n<div class=\"flex-shrink-0 flex flex-col relative items-end\">\n<div class=\"pt-0\">\n<div class=\"gizmo-bot-avatar flex h-8 w-8 items-center justify-center overflow-hidden rounded-full\">\n<div class=\"relative p-1 rounded-sm flex items-center justify-center bg-token-main-surface-primary text-token-text-primary h-8 w-8\">\n<p>At\u00a0<strong>VapeTornado<\/strong>, m\u0113s lepojamies ar to, ka pied\u0101v\u0101jam\u00a0<strong>augst\u0101k\u0101s kvalit\u0101tes tvaic\u0113\u0161anas produktus par nep\u0101rsp\u0113jam\u0101m cen\u0101m<\/strong>\u2014un ELFBAR Planet 25000 nav iz\u0146\u0113mums! L\u016bk, k\u0101p\u0113c jums vajadz\u0113tu ieg\u0101d\u0101ties no mums:<\/p>\n<p><strong>Lab\u0101k\u0101s vairumtirdzniec\u012bbas cenas<\/strong>\u00a0\u2013 M\u0113s pied\u0101v\u0101jam\u00a0<strong>konkur\u0113tsp\u0113j\u012bgas vairumtirdzniec\u012bbas cenas<\/strong><span style=\"font-size: 16px;\">, padarot m\u016bs par lab\u0101ko izv\u0113li t\u0101l\u0101kp\u0101rdev\u0113jiem un vape veikaliem.<\/span><\/p>\n<p><strong>\u0100tri<\/strong>\u00a0\u2013 Sa\u0146emiet pas\u016bt\u012bjumu pieg\u0101d\u0101tu\u00a0<strong>\u0101tri un dro\u0161i<\/strong>, ar pieg\u0101des iesp\u0113j\u0101m vis\u0101 pasaul\u0113.<br \/>\n<strong>100% Autentiski produkti<\/strong>\u00a0\u2013 Nav viltotu izstr\u0101d\u0101jumu\u2014tikai\u00a0<strong>ori\u0123in\u0101lie WASPE Triple vienreiz\u0113jie lieto\u0161anas piederumi<\/strong>\u00a0ar p\u0101rbaud\u012btu kvalit\u0101ti.<br \/>\n<strong>Lielisks klientu atbalsts<\/strong>\u00a0\u2013 Vai jums ir jaut\u0101jumi? M\u016bsu\u00a0<strong>vape eksperti<\/strong> ir gatavi jums pal\u012bdz\u0113t 24\/7.<\/p>\n<p data-start=\"559\" data-end=\"933\" data-is-last-node=\"\" data-is-only-node=\"\">Mums ir ar\u012b citi popul\u0101ri veipi ar ekr\u0101nu, piem\u0113ram <a href=\"https:\/\/vapestornado.com\/lv\/product\/vapme-goat-40000-puff-40k-hookah-shisha-pen-price-wholesale-e-cigarette\/\">Vapme Goat 40000 \u0160e\u0161kr\u0113js<\/a>, <a href=\"https:\/\/vapestornado.com\/lv\/product\/2025-new-vopk-ultra-40000-puffs-double-flavor-disposable-vape-factory-suppliers\/\">VOPK 40000 2 vien\u0101 vienreiz\u0113j\u0101s lieto\u0161anas vape<\/a>, <a href=\"https:\/\/vapestornado.com\/lv\/product\/bang-beach-22000-20k-puff-disposable-vape-pen-with-screen-reddit-hot\/\">Bang pludmale 22000<\/a>, un citi.<\/p>\n<\/div>\n<div class=\"relative p-1 rounded-sm flex items-center justify-center bg-token-main-surface-primary text-token-text-primary h-8 w-8\">\n<h2>BUJ<\/h2>\n<h3 class=\"\" data-start=\"2124\" data-end=\"2138\"><\/h3>\n<ol data-start=\"2140\" data-end=\"3057\">\n<li class=\"\" data-start=\"2140\" data-end=\"2390\">\n<p class=\"\" data-start=\"2143\" data-end=\"2390\"><strong data-start=\"2143\" data-end=\"2209\">K\u0101 es varu piel\u0101got ELFBAR Planet 25000 jaudas iestat\u012bjumus?<\/strong><br data-start=\"2209\" data-end=\"2212\" \/>Ier\u012bcei ir <strong data-start=\"2235\" data-end=\"2273\">regul\u0113jama jauda no 13 W l\u012bdz 25 W<\/strong>. J\u016bs varat piel\u0101got jaudas iestat\u012bjumus, izmantojot <strong data-start=\"2320\" data-end=\"2352\">vad\u012bbas poga apak\u0161\u0101<\/strong> piel\u0101gotai tvaic\u0113\u0161anas pieredzei.<\/p>\n<\/li>\n<li class=\"\" data-start=\"2392\" data-end=\"2607\">\n<p class=\"\" data-start=\"2395\" data-end=\"2607\"><strong data-start=\"2395\" data-end=\"2450\">Cik ilgi darbojas ELFBAR Planet 25000 akumulators?<\/strong><br data-start=\"2450\" data-end=\"2453\" \/>T\u0101 <strong data-start=\"2460\" data-end=\"2491\">800mAh uzl\u0101d\u0113jams akumulators<\/strong> nodro\u0161ina ilgsto\u0161u lieto\u0161anu un to var viegli <strong data-start=\"2532\" data-end=\"2555\">uzl\u0101d\u0113t, izmantojot USB-C<\/strong>, nodro\u0161inot, ka jums ir ener\u0123ija visas dienas garum\u0101.<\/p>\n<\/li>\n<li class=\"\" data-start=\"2609\" data-end=\"2842\">\n<p class=\"\" data-start=\"2612\" data-end=\"2842\"><strong data-start=\"2612\" data-end=\"2666\">Vai ELFBAR Planet 25000 ir piem\u0113rots gar\u0161as cien\u012bt\u0101jiem?<\/strong><br data-start=\"2666\" data-end=\"2669\" \/>Protams! Ar <strong data-start=\"2689\" data-end=\"2708\">dubultas sieta spoles<\/strong> un <strong data-start=\"2713\" data-end=\"2735\">regul\u0113jamu gaisa pl\u016bsmu<\/strong>, tas nodro\u0161ina <strong data-start=\"2749\" data-end=\"2776\">intens\u012bvas, maigas gar\u0161as<\/strong> un <strong data-start=\"2781\" data-end=\"2806\">bag\u0101t\u012bgu tvaiku veido\u0161anos<\/strong> izcilai tvaic\u0113\u0161anas pieredzei.<\/p>\n<\/li>\n<li class=\"\" data-start=\"2844\" data-end=\"3057\">\n<p class=\"\" data-start=\"2847\" data-end=\"3057\"><strong data-start=\"2847\" data-end=\"2898\">Vai es varu \u0146emt ELFBAR Planet 25000 lidojum\u0101?<\/strong><br data-start=\"2898\" data-end=\"2901\" \/>J\u0101, bet jums ir <strong data-start=\"2922\" data-end=\"2955\">j\u0101glab\u0101 to rokas bag\u0101\u017e\u0101<\/strong> saska\u0146\u0101 ar aviokomp\u0101nijas noteikumiem. <strong data-start=\"2984\" data-end=\"3054\">Neievietojiet to re\u0123istr\u0113taj\u0101 bag\u0101\u017e\u0101 akumulatora dro\u0161\u012bbas apsv\u0113rumu d\u0113\u013c<\/strong>.<\/p>\n<\/li>\n<\/ol>\n<\/div>\n<\/div>\n<\/div>\n<\/div>","protected":false},"excerpt":{"rendered":"<p class=\"LC20lb MBeuO DKV0Md\">T\u0101 <strong data-start=\"1185\" data-end=\"1211\">ELFBAR Planet 25K Vape<\/strong> nodro\u0161ina 25 000 uzp\u016btienu, digit\u0101lo ekr\u0101nu un regul\u0113jamu jaudu \u2014 ide\u0101li piem\u0113rots <strong data-start=\"1284\" data-end=\"1309\">vairumtirdzniec\u012bbas pas\u016bt\u012bjumos<\/strong> Eirop\u0101.<br \/>\nDigit\u0101l\u0101 vienreiz\u0113j\u0101s lieto\u0161anas Vape ELF BAR Planet 25000 r\u016bpn\u012bcas tie\u0161\u0101 cena<\/p>\n<p><strong>Pievienojiet Eimijas WhatsApp, lai sa\u0146emtu prec\u012bzu atbildi un atlaidi!<\/strong><\/p>\n<p><img fetchpriority=\"high\" decoding=\"async\" class=\"size-full wp-image-2932\" src=\"https:\/\/vapestornado.com\/wp-content\/uploads\/2024\/12\/Vape-Wholesale.jpg\" alt=\"Veipu Vairumtirdzniec\u012bba\" width=\"229\" height=\"300\" \/><\/p>\n<h3><a href=\"https:\/\/wa.me\/8617776015835\"><span style=\"color: #ff0000;\"><strong>WhatsApp: +86 17776015835<\/strong><\/span><\/a><\/h3>\n<p>&nbsp;<\/p>","protected":false},"featured_media":4050,"comment_status":"open","ping_status":"closed","template":"","meta":{"_acf_changed":false,"_uag_custom_page_level_css":"","_lmt_disableupdate":"no","_lmt_disable":"","_monsterinsights_skip_tracking":false,"_monsterinsights_sitenote_active":false,"_monsterinsights_sitenote_note":"","_monsterinsights_sitenote_category":0,"site-sidebar-layout":"default","site-content-layout":"","ast-site-content-layout":"default","site-content-style":"default","site-sidebar-style":"default","ast-global-header-display":"","ast-banner-title-visibility":"","ast-main-header-display":"","ast-hfb-above-header-display":"","ast-hfb-below-header-display":"","ast-hfb-mobile-header-display":"","site-post-title":"","ast-breadcrumbs-content":"","ast-featured-img":"","footer-sml-layout":"","ast-disable-related-posts":"","theme-transparent-header-meta":"default","adv-header-id-meta":"","stick-header-meta":"","header-above-stick-meta":"","header-main-stick-meta":"","header-below-stick-meta":"","astra-migrate-meta-layouts":"set","ast-page-background-enabled":"default","ast-page-background-meta":{"desktop":{"background-color":"","background-image":"","background-repeat":"repeat","background-position":"center center","background-size":"auto","background-attachment":"scroll","background-type":"","background-media":"","overlay-type":"","overlay-color":"","overlay-opacity":"","overlay-gradient":""},"tablet":{"background-color":"","background-image":"","background-repeat":"repeat","background-position":"center center","background-size":"auto","background-attachment":"scroll","background-type":"","background-media":"","overlay-type":"","overlay-color":"","overlay-opacity":"","overlay-gradient":""},"mobile":{"background-color":"","background-image":"","background-repeat":"repeat","background-position":"center center","background-size":"auto","background-attachment":"scroll","background-type":"","background-media":"","overlay-type":"","overlay-color":"","overlay-opacity":"","overlay-gradient":""}},"ast-content-background-meta":{"desktop":{"background-color":"var(--ast-global-color-5)","background-image":"","background-repeat":"repeat","background-position":"center center","background-size":"auto","background-attachment":"scroll","background-type":"","background-media":"","overlay-type":"","overlay-color":"","overlay-opacity":"","overlay-gradient":""},"tablet":{"background-color":"var(--ast-global-color-5)","background-image":"","background-repeat":"repeat","background-position":"center center","background-size":"auto","background-attachment":"scroll","background-type":"","background-media":"","overlay-type":"","overlay-color":"","overlay-opacity":"","overlay-gradient":""},"mobile":{"background-color":"var(--ast-global-color-5)","background-image":"","background-repeat":"repeat","background-position":"center center","background-size":"auto","background-attachment":"scroll","background-type":"","background-media":"","overlay-type":"","overlay-color":"","overlay-opacity":"","overlay-gradient":""}},"_joinchat":{"telephone":"17776015835"}},"product_brand":[],"product_cat":[68,156,254,146],"product_tag":[105,252,311,313,312],"class_list":{"0":"post-4056","1":"product","2":"type-product","3":"status-publish","4":"has-post-thumbnail","6":"product_cat-25000-puff","7":"product_cat-buy-disposable-vapes-in-poland","8":"product_cat-elf-bar-vape","9":"product_cat-rechargeable-disposable-vapes","10":"product_tag-digital-disposable-vape","11":"product_tag-elf-bar","12":"product_tag-elf-bar-planet-25000","13":"product_tag-vape-with-digital-screen","14":"product_tag-wholesale-disposable-vape-kit","15":"desktop-align-left","16":"tablet-align-left","17":"mobile-align-left","19":"first","20":"instock","21":"sale","22":"shipping-taxable","23":"purchasable","24":"product-type-simple"},"acf":[],"uagb_featured_image_src":{"full":["https:\/\/vapestornado.com\/wp-content\/uploads\/2025\/04\/ELF-BAR-Planet-25000-Disposable-Vape-Pen.webp",800,800,false],"thumbnail":["https:\/\/vapestornado.com\/wp-content\/uploads\/2025\/04\/ELF-BAR-Planet-25000-Disposable-Vape-Pen-150x150.webp",150,150,true],"medium":["https:\/\/vapestornado.com\/wp-content\/uploads\/2025\/04\/ELF-BAR-Planet-25000-Disposable-Vape-Pen-300x300.webp",300,300,true],"medium_large":["https:\/\/vapestornado.com\/wp-content\/uploads\/2025\/04\/ELF-BAR-Planet-25000-Disposable-Vape-Pen-768x768.webp",768,768,true],"large":["https:\/\/vapestornado.com\/wp-content\/uploads\/2025\/04\/ELF-BAR-Planet-25000-Disposable-Vape-Pen.webp",800,800,false],"1536x1536":["https:\/\/vapestornado.com\/wp-content\/uploads\/2025\/04\/ELF-BAR-Planet-25000-Disposable-Vape-Pen.webp",800,800,false],"2048x2048":["https:\/\/vapestornado.com\/wp-content\/uploads\/2025\/04\/ELF-BAR-Planet-25000-Disposable-Vape-Pen.webp",800,800,false],"trp-custom-language-flag":["https:\/\/vapestornado.com\/wp-content\/uploads\/2025\/04\/ELF-BAR-Planet-25000-Disposable-Vape-Pen.webp",12,12,false],"woocommerce_thumbnail":["https:\/\/vapestornado.com\/wp-content\/uploads\/2025\/04\/ELF-BAR-Planet-25000-Disposable-Vape-Pen-300x300.webp",300,300,true],"woocommerce_single":["https:\/\/vapestornado.com\/wp-content\/uploads\/2025\/04\/ELF-BAR-Planet-25000-Disposable-Vape-Pen-600x600.webp",600,600,true],"woocommerce_gallery_thumbnail":["https:\/\/vapestornado.com\/wp-content\/uploads\/2025\/04\/ELF-BAR-Planet-25000-Disposable-Vape-Pen-100x100.webp",100,100,true]},"uagb_author_info":{"display_name":"ESAMY","author_link":"https:\/\/vapestornado.com\/lv\/author\/"},"uagb_comment_info":0,"uagb_excerpt":"The ELFBAR Planet 25K Vape delivers 25,000 puffs, digital screen, and adjustable wattage\u2014ideal for wholesale bulk orders in Europe. Digital Disposable Vape ELF BAR Planet 25000 Factory Direct Price Add Amy's whatsapp to get right reply and discount price! WhatsApp: +86 17776015835 &nbsp;","_links":{"self":[{"href":"https:\/\/vapestornado.com\/lv\/wp-json\/wp\/v2\/product\/4056","targetHints":{"allow":["GET"]}}],"collection":[{"href":"https:\/\/vapestornado.com\/lv\/wp-json\/wp\/v2\/product"}],"about":[{"href":"https:\/\/vapestornado.com\/lv\/wp-json\/wp\/v2\/types\/product"}],"replies":[{"embeddable":true,"href":"https:\/\/vapestornado.com\/lv\/wp-json\/wp\/v2\/comments?post=4056"}],"wp:featuredmedia":[{"embeddable":true,"href":"https:\/\/vapestornado.com\/lv\/wp-json\/wp\/v2\/media\/4050"}],"wp:attachment":[{"href":"https:\/\/vapestornado.com\/lv\/wp-json\/wp\/v2\/media?parent=4056"}],"wp:term":[{"taxonomy":"product_brand","embeddable":true,"href":"https:\/\/vapestornado.com\/lv\/wp-json\/wp\/v2\/product_brand?post=4056"},{"taxonomy":"product_cat","embeddable":true,"href":"https:\/\/vapestornado.com\/lv\/wp-json\/wp\/v2\/product_cat?post=4056"},{"taxonomy":"product_tag","embeddable":true,"href":"https:\/\/vapestornado.com\/lv\/wp-json\/wp\/v2\/product_tag?post=4056"}],"curies":[{"name":"wp","href":"https:\/\/api.w.org\/{rel}","templated":true}]}}